{"id":49,"date":"2015-06-15T21:50:47","date_gmt":"2015-06-15T19:50:47","guid":{"rendered":"http:\/\/www.fancyplants.de\/de\/?page_id=49"},"modified":"2019-07-21T18:37:46","modified_gmt":"2019-07-21T16:37:46","slug":"service","status":"publish","type":"page","link":"http:\/\/www.fancyplants.de\/en\/service\/","title":{"rendered":"Service"},"content":{"rendered":"<div class=\"fusion-fullwidth fullwidth-box fusion-builder-row-1 hundred-percent-fullwidth non-hundred-percent-height-scrolling\" style=\"--awb-border-radius-top-left:0px;--awb-border-radius-top-right:0px;--awb-border-radius-bottom-right:0px;--awb-border-radius-bottom-left:0px;--awb-overflow:visible;--awb-flex-wrap:wrap;\" ><div class=\"fusion-builder-row fusion-row\"><div class=\"fusion-layout-column fusion_builder_column fusion-builder-column-0 fusion_builder_column_1_1 1_1 fusion-one-full fusion-column-first fusion-column-last\" style=\"--awb-bg-size:cover;\"><div class=\"fusion-column-wrapper fusion-flex-column-wrapper-legacy\"><div class=\"fusion-title title fusion-title-1 fusion-title-text fusion-title-size-one\"><h1 class=\"fusion-title-heading title-heading-left\" style=\"margin:0;\">Mein Service f\u00fcr Sie<\/h1><span class=\"awb-title-spacer\"><\/span><div class=\"title-sep-container\"><div class=\"title-sep sep-single sep-solid\" style=\"border-color:#3e3e3e;\"><\/div><\/div><\/div><ul style=\"--awb-size:16px;--awb-line-height:27.2px;--awb-icon-width:27.2px;--awb-icon-height:27.2px;--awb-icon-margin:11.2px;--awb-content-margin:38.4px;--awb-circlecolor:#a0ce4e;--awb-circle-yes-font-size:14.08px;\" class=\"fusion-checklist fusion-checklist-1 fusion-checklist-default type-icons\"><li class=\"fusion-li-item\" style=\"\"><span class=\"icon-wrapper circle-yes\"><i class=\"fusion-li-icon fa fa-bolt\" aria-hidden=\"true\"><\/i><\/span><div class=\"fusion-li-item-content\"><a href=\".\/news\">News.<\/a> Die letzten \u00c4nderungen und Erg\u00e4nzungen auf meinen Seiten erfahren Sie hier mit Datum.<\/div><\/li><li class=\"fusion-li-item\" style=\"\"><span class=\"icon-wrapper circle-yes\"><i class=\"fusion-li-icon fa fa-lightbulb-o\" aria-hidden=\"true\"><\/i><\/span><div class=\"fusion-li-item-content\"><a href=\".\/bibliothek\">Bibliothek.<\/a> Hier finden Sie die Erkl\u00e4rungen zu den von mir verwendeten Fachbegriffen.<\/div><\/li><li class=\"fusion-li-item\" style=\"\"><span class=\"icon-wrapper circle-yes\"><i class=\"fusion-li-icon fa fa-cutlery\" aria-hidden=\"true\"><\/i><\/span><div class=\"fusion-li-item-content\"><a href=\".\/rezepte\">Rezepte.<\/a> Wildfr\u00fcchte verarbeitet zu Konfit\u00fcren, Sirup, Lik\u00f6ren &#8230;<\/div><\/li><li class=\"fusion-li-item\" style=\"\"><span class=\"icon-wrapper circle-yes\"><i class=\"fusion-li-icon fa fa-pencil-square-o\" aria-hidden=\"true\"><\/i><\/span><div class=\"fusion-li-item-content\"><a href=\".\/guestbook\">G\u00e4stebuch.<\/a> \u00dcber einen Eintrag in meinem G\u00e4stebuch w\u00fcrde ich mich freuen.<\/div><\/li><li class=\"fusion-li-item\" style=\"\"><span class=\"icon-wrapper circle-yes\"><i class=\"fusion-li-icon fa fa-link\" aria-hidden=\"true\"><\/i><\/span><div class=\"fusion-li-item-content\"><a href=\".\/links\">Links.<\/a> Weitere interessante Seiten im Internet, besonders zu dem Thema wildwachsende europ\u00e4ische Orchideen und fleischfressende Pflanzen.<\/div><\/li><li class=\"fusion-li-item\" style=\"\"><span class=\"icon-wrapper circle-yes\"><i class=\"fusion-li-icon fa fa-shopping-cart\" aria-hidden=\"true\"><\/i><\/span><div class=\"fusion-li-item-content\"><a href=\".\/bezugsquellen\">Bezugsquellen.<\/a> Links zu Anbieter von Karnivoren, Erdorchideen und sonstigen Gartenartikeln.<\/div><\/li><li class=\"fusion-li-item\" style=\"\"><span class=\"icon-wrapper circle-yes\"><i class=\"fusion-li-icon fa fa-book\" aria-hidden=\"true\"><\/i><\/span><div class=\"fusion-li-item-content\"><a href=\".\/literatur\">Literatur.<\/a> Einige Buchempfehlungen: Gartenb\u00fccher, Bestimmungsb\u00fccher &#8230;<\/div><\/li><li class=\"fusion-li-item\" style=\"\"><span class=\"icon-wrapper circle-yes\"><i class=\"fusion-li-icon fa fa-info-circle\" aria-hidden=\"true\"><\/i><\/span><div class=\"fusion-li-item-content\"><a href=\".\/contact\">Kontakt\/Impressum.<\/a> Sie wollen sich mit mir in Verbindung setzen? Hier sind Sie richtig.<\/div><\/li><li class=\"fusion-li-item\" style=\"\"><span class=\"icon-wrapper circle-yes\"><i class=\"fusion-li-icon fa fa-gavel\" aria-hidden=\"true\"><\/i><\/span><div class=\"fusion-li-item-content\"><a href=\".\/haftungsauschluss\">Haftungsauschluss.<\/a> Einige juristische Anmerkungen zu meinem Internetauftritt.<\/div><\/li><li class=\"fusion-li-item\" style=\"\"><span class=\"icon-wrapper circle-yes\"><i class=\"fusion-li-icon fa fa-list\" aria-hidden=\"true\"><\/i><\/span><div class=\"fusion-li-item-content\"><a href=\".\/sitemap\">Sitemap.<\/a> Die komplette Homepage &#8211; dargestellt als Verzeichnisbaum.<\/div><\/li><li class=\"fusion-li-item\" style=\"\"><span class=\"icon-wrapper circle-yes\"><i class=\"fusion-li-icon fa fa-sort-alpha-asc\" aria-hidden=\"true\"><\/i><\/span><div class=\"fusion-li-item-content\"><a href=\".\/abisz\">Von A bis Z.<\/a> Meine Homepage von A bis Z &#8211; in alphabetischer Sortierung nach Schl\u00fcsselw\u00f6rter.<\/div><\/li><\/ul><div class=\"fusion-clearfix\"><\/div><\/div><\/div><\/div><\/div>","protected":false},"excerpt":{"rendered":"","protected":false},"author":1,"featured_media":0,"parent":0,"menu_order":0,"comment_status":"open","ping_status":"open","template":"","meta":{"footnotes":""},"class_list":["post-49","page","type-page","status-publish","hentry"],"yoast_head":"<!-- This site is optimized with the Yoast SEO plugin v24.0 - https:\/\/yoast.com\/wordpress\/plugins\/seo\/ -->\n<title>Service - Fancy Plants - Englisch<\/title>\n<meta name=\"description\" content=\"Mein Service f\u00fcr Sie.\" \/>\n<meta name=\"robots\" content=\"index, follow, max-snippet:-1, max-image-preview:large, max-video-preview:-1\" \/>\n<link rel=\"canonical\" href=\"http:\/\/www.fancyplants.de\/en\/service\/\" \/>\n<meta property=\"og:locale\" content=\"de_DE\" \/>\n<meta property=\"og:type\" content=\"article\" \/>\n<meta property=\"og:title\" content=\"Service - Fancy Plants - Englisch\" \/>\n<meta property=\"og:description\" content=\"Mein Service f\u00fcr Sie.\" \/>\n<meta property=\"og:url\" content=\"http:\/\/www.fancyplants.de\/en\/service\/\" \/>\n<meta property=\"og:site_name\" content=\"Fancy Plants - Englisch\" \/>\n<meta property=\"article:modified_time\" content=\"2019-07-21T16:37:46+00:00\" \/>\n<meta name=\"twitter:card\" content=\"summary_large_image\" \/>\n<meta name=\"twitter:label1\" content=\"Gesch\u00e4tzte Lesezeit\" \/>\n\t<meta name=\"twitter:data1\" content=\"2\u00a0Minuten\" \/>\n<script type=\"application\/ld+json\" class=\"yoast-schema-graph\">{\"@context\":\"https:\/\/schema.org\",\"@graph\":[{\"@type\":\"WebPage\",\"@id\":\"http:\/\/www.fancyplants.de\/en\/service\/\",\"url\":\"http:\/\/www.fancyplants.de\/en\/service\/\",\"name\":\"Service - Fancy Plants - Englisch\",\"isPartOf\":{\"@id\":\"http:\/\/www.fancyplants.de\/en\/#website\"},\"datePublished\":\"2015-06-15T19:50:47+00:00\",\"dateModified\":\"2019-07-21T16:37:46+00:00\",\"description\":\"Mein Service f\u00fcr Sie.\",\"breadcrumb\":{\"@id\":\"http:\/\/www.fancyplants.de\/en\/service\/#breadcrumb\"},\"inLanguage\":\"de\",\"potentialAction\":[{\"@type\":\"ReadAction\",\"target\":[\"http:\/\/www.fancyplants.de\/en\/service\/\"]}]},{\"@type\":\"BreadcrumbList\",\"@id\":\"http:\/\/www.fancyplants.de\/en\/service\/#breadcrumb\",\"itemListElement\":[{\"@type\":\"ListItem\",\"position\":1,\"name\":\"Home\",\"item\":\"http:\/\/www.fancyplants.de\/en\/\"},{\"@type\":\"ListItem\",\"position\":2,\"name\":\"Service\"}]},{\"@type\":\"WebSite\",\"@id\":\"http:\/\/www.fancyplants.de\/en\/#website\",\"url\":\"http:\/\/www.fancyplants.de\/en\/\",\"name\":\"Fancy Plants - Englisch\",\"description\":\"Eine weitere WordPress-Seite\",\"publisher\":{\"@id\":\"http:\/\/www.fancyplants.de\/en\/#\/schema\/person\/0118cc34f447a176255889de08bd52ba\"},\"potentialAction\":[{\"@type\":\"SearchAction\",\"target\":{\"@type\":\"EntryPoint\",\"urlTemplate\":\"http:\/\/www.fancyplants.de\/en\/?s={search_term_string}\"},\"query-input\":{\"@type\":\"PropertyValueSpecification\",\"valueRequired\":true,\"valueName\":\"search_term_string\"}}],\"inLanguage\":\"de\"},{\"@type\":[\"Person\",\"Organization\"],\"@id\":\"http:\/\/www.fancyplants.de\/en\/#\/schema\/person\/0118cc34f447a176255889de08bd52ba\",\"name\":\"fancyplants\",\"image\":{\"@type\":\"ImageObject\",\"inLanguage\":\"de\",\"@id\":\"http:\/\/www.fancyplants.de\/en\/#\/schema\/person\/image\/\",\"url\":\"https:\/\/secure.gravatar.com\/avatar\/e127c2f0188b4f658c15d32be6c53b41966c04b1885511d70fce62129556bfd9?s=96&d=mm&r=g\",\"contentUrl\":\"https:\/\/secure.gravatar.com\/avatar\/e127c2f0188b4f658c15d32be6c53b41966c04b1885511d70fce62129556bfd9?s=96&d=mm&r=g\",\"caption\":\"fancyplants\"},\"logo\":{\"@id\":\"http:\/\/www.fancyplants.de\/en\/#\/schema\/person\/image\/\"}}]}<\/script>\n<!-- \/ Yoast SEO plugin. -->","yoast_head_json":{"title":"Service - Fancy Plants - Englisch","description":"Mein Service f\u00fcr Sie.","robots":{"index":"index","follow":"follow","max-snippet":"max-snippet:-1","max-image-preview":"max-image-preview:large","max-video-preview":"max-video-preview:-1"},"canonical":"http:\/\/www.fancyplants.de\/en\/service\/","og_locale":"de_DE","og_type":"article","og_title":"Service - Fancy Plants - Englisch","og_description":"Mein Service f\u00fcr Sie.","og_url":"http:\/\/www.fancyplants.de\/en\/service\/","og_site_name":"Fancy Plants - Englisch","article_modified_time":"2019-07-21T16:37:46+00:00","twitter_card":"summary_large_image","twitter_misc":{"Gesch\u00e4tzte Lesezeit":"2\u00a0Minuten"},"schema":{"@context":"https:\/\/schema.org","@graph":[{"@type":"WebPage","@id":"http:\/\/www.fancyplants.de\/en\/service\/","url":"http:\/\/www.fancyplants.de\/en\/service\/","name":"Service - Fancy Plants - Englisch","isPartOf":{"@id":"http:\/\/www.fancyplants.de\/en\/#website"},"datePublished":"2015-06-15T19:50:47+00:00","dateModified":"2019-07-21T16:37:46+00:00","description":"Mein Service f\u00fcr Sie.","breadcrumb":{"@id":"http:\/\/www.fancyplants.de\/en\/service\/#breadcrumb"},"inLanguage":"de","potentialAction":[{"@type":"ReadAction","target":["http:\/\/www.fancyplants.de\/en\/service\/"]}]},{"@type":"BreadcrumbList","@id":"http:\/\/www.fancyplants.de\/en\/service\/#breadcrumb","itemListElement":[{"@type":"ListItem","position":1,"name":"Home","item":"http:\/\/www.fancyplants.de\/en\/"},{"@type":"ListItem","position":2,"name":"Service"}]},{"@type":"WebSite","@id":"http:\/\/www.fancyplants.de\/en\/#website","url":"http:\/\/www.fancyplants.de\/en\/","name":"Fancy Plants - Englisch","description":"Eine weitere WordPress-Seite","publisher":{"@id":"http:\/\/www.fancyplants.de\/en\/#\/schema\/person\/0118cc34f447a176255889de08bd52ba"},"potentialAction":[{"@type":"SearchAction","target":{"@type":"EntryPoint","urlTemplate":"http:\/\/www.fancyplants.de\/en\/?s={search_term_string}"},"query-input":{"@type":"PropertyValueSpecification","valueRequired":true,"valueName":"search_term_string"}}],"inLanguage":"de"},{"@type":["Person","Organization"],"@id":"http:\/\/www.fancyplants.de\/en\/#\/schema\/person\/0118cc34f447a176255889de08bd52ba","name":"fancyplants","image":{"@type":"ImageObject","inLanguage":"de","@id":"http:\/\/www.fancyplants.de\/en\/#\/schema\/person\/image\/","url":"https:\/\/secure.gravatar.com\/avatar\/e127c2f0188b4f658c15d32be6c53b41966c04b1885511d70fce62129556bfd9?s=96&d=mm&r=g","contentUrl":"https:\/\/secure.gravatar.com\/avatar\/e127c2f0188b4f658c15d32be6c53b41966c04b1885511d70fce62129556bfd9?s=96&d=mm&r=g","caption":"fancyplants"},"logo":{"@id":"http:\/\/www.fancyplants.de\/en\/#\/schema\/person\/image\/"}}]}},"_links":{"self":[{"href":"http:\/\/www.fancyplants.de\/en\/wp-json\/wp\/v2\/pages\/49","targetHints":{"allow":["GET"]}}],"collection":[{"href":"http:\/\/www.fancyplants.de\/en\/wp-json\/wp\/v2\/pages"}],"about":[{"href":"http:\/\/www.fancyplants.de\/en\/wp-json\/wp\/v2\/types\/page"}],"author":[{"embeddable":true,"href":"http:\/\/www.fancyplants.de\/en\/wp-json\/wp\/v2\/users\/1"}],"replies":[{"embeddable":true,"href":"http:\/\/www.fancyplants.de\/en\/wp-json\/wp\/v2\/comments?post=49"}],"version-history":[{"count":1,"href":"http:\/\/www.fancyplants.de\/en\/wp-json\/wp\/v2\/pages\/49\/revisions"}],"predecessor-version":[{"id":3800,"href":"http:\/\/www.fancyplants.de\/en\/wp-json\/wp\/v2\/pages\/49\/revisions\/3800"}],"wp:attachment":[{"href":"http:\/\/www.fancyplants.de\/en\/wp-json\/wp\/v2\/media?parent=49"}],"curies":[{"name":"wp","href":"https:\/\/api.w.org\/{rel}","templated":true}]}}