{"id":998,"date":"2015-07-06T08:16:12","date_gmt":"2015-07-06T06:16:12","guid":{"rendered":"http:\/\/www.fancyplants.de\/de\/?page_id=998"},"modified":"2019-10-15T08:50:35","modified_gmt":"2019-10-15T06:50:35","slug":"mispel","status":"publish","type":"page","link":"http:\/\/www.fancyplants.de\/de\/exotichome\/whspec\/mispel\/","title":{"rendered":"Mispel"},"content":{"rendered":"<div class=\"fusion-fullwidth fullwidth-box fusion-builder-row-1 hundred-percent-fullwidth non-hundred-percent-height-scrolling\" style=\"--awb-border-radius-top-left:0px;--awb-border-radius-top-right:0px;--awb-border-radius-bottom-right:0px;--awb-border-radius-bottom-left:0px;--awb-overflow:visible;--awb-flex-wrap:wrap;\" ><div class=\"fusion-builder-row fusion-row\"><div class=\"fusion-layout-column fusion_builder_column fusion-builder-column-0 fusion_builder_column_1_1 1_1 fusion-one-full fusion-column-first fusion-column-last\" style=\"--awb-bg-size:cover;\"><div class=\"fusion-column-wrapper fusion-flex-column-wrapper-legacy\"><div class=\"fusion-title title fusion-title-1 fusion-title-text fusion-title-size-one\"><h1 class=\"fusion-title-heading title-heading-left\" style=\"margin:0;\">Echte Mispel (<i>Mespilus germanica<\/i>)<\/h1><span class=\"awb-title-spacer\"><\/span><div class=\"title-sep-container\"><div class=\"title-sep sep-single sep-solid\" style=\"border-color:#3e3e3e;\"><\/div><\/div><\/div><div class=\"fusion-clearfix\"><\/div><\/div><\/div><div class=\"fusion-layout-column fusion_builder_column fusion-builder-column-1 fusion_builder_column_3_4 3_4 fusion-three-fourth fusion-column-first\" style=\"--awb-bg-size:cover;width:74%; margin-right: 4%;\"><div class=\"fusion-column-wrapper fusion-flex-column-wrapper-legacy\"><div class=\"fusion-title title fusion-title-2 fusion-title-text fusion-title-size-two\"><h2 class=\"fusion-title-heading title-heading-left\" style=\"margin:0;\">Im \u00dcberblick<\/h2><span class=\"awb-title-spacer\"><\/span><div class=\"title-sep-container\"><div class=\"title-sep sep-single sep-solid\" style=\"border-color:#3e3e3e;\"><\/div><\/div><\/div><div class=\"fusion-text fusion-text-1\"><div class=\"intextr\"><a class=\"lupe200\" title=\"Echte Mispel, Anfang Mai 2011.\" href=\"..\/..\/..\/..\/images\/plants\/mespilus.jpg\" data-gallery=\"\"><img decoding=\"async\" src=\"..\/..\/..\/..\/images\/plants\/mespiluss.jpg\" alt=\"Echte Mispel, Anfang Mai 2011.\" width=\"200\" height=\"200\" \/><span><\/span><\/a><\/div>\n<p>Dieses vor etwa 2000 Jahren in Deutschland eingeb\u00fcrgerte Obstgeh\u00f6lz &#8211; also ein \n<a href=\"http:\/\/www.fancyplants.de\/service\/biblio.htm#Neophyt\" target=\"_blank\" rel=\"noopener noreferrer\"><i class=\"fa fa-book\"><\/i> Arch\u00e4ophyt<\/a> &#8211; ist heute leider weitestgehend vergessen. Dieser Vertreter der Rosengew\u00e4chse (<i>Rosaceae<\/i>) s\u00fcdosteurop\u00e4ischer Herkunft war im Mittelalter nahezu so verbreitet wie Apfel- und Quittenb\u00e4ume. Die 3 &#8211; 5 Zentimeter durchmessende Fr\u00fcchte werden nach Einwirkung des ersten Frosts weich und essbar. Guter s\u00e4uerlicher und aromatischer Geschmack.<\/p>\n<\/div><div class=\"fusion-title title fusion-title-3 fusion-title-text fusion-title-size-two\"><h2 class=\"fusion-title-heading title-heading-left\" style=\"margin:0;\">Beschreibung<\/h2><span class=\"awb-title-spacer\"><\/span><div class=\"title-sep-container\"><div class=\"title-sep sep-single sep-solid\" style=\"border-color:#3e3e3e;\"><\/div><\/div><\/div><div class=\"fusion-text fusion-text-2\"><p>Die Echte Mispel w\u00e4chst zu einem kleinen Baum mit einer maximalen Wuchsh\u00f6he von 5 Metern heran und passt somit gut in eine Hecke oder zwischen andere Obstb\u00e4ume. L\u00e4ngliche, eher kleinere, dunkelgr\u00fcne Bl\u00e4tter. Im Fr\u00fchjahr erscheinen die zwittrigen, wei\u00dfen Bl\u00fcten, die gut durch Insekten best\u00e4ubt werden. Die braungelben Apfelfr\u00fcchte reifen bis Ende Oktober bis Anfang November und werden nach dem ersten Frost geerntet.<\/p>\n<p><i><b>&#8222;Man i\u00dft die Frucht erst dann, wenn sie durch eine Art von G\u00e4hrung oder durch Frost teig geworden ist, wodurch sie einen weinartigen Geschmack bekommt.&#8220;<\/b><\/i> [Aus dem Buch: Naturgeschichte des Pflanzenreichs, 4. Auflage, aus dem Jahr 1887]<\/p>\n<\/div><div class=\"fusion-title title fusion-title-4 fusion-title-text fusion-title-size-two\"><h2 class=\"fusion-title-heading title-heading-left\" style=\"margin:0;\">Kultur<\/h2><span class=\"awb-title-spacer\"><\/span><div class=\"title-sep-container\"><div class=\"title-sep sep-single sep-solid\" style=\"border-color:#3e3e3e;\"><\/div><\/div><\/div><div class=\"fusion-text fusion-text-3\"><div class=\"intextr\"><a class=\"lupe200\" title=\"Bl\u00fcte der Echten Mispel, Anfang Mai 2011.\" href=\"..\/..\/..\/..\/images\/plants\/mespilus1.jpg\" data-gallery=\"\"><img decoding=\"async\" src=\"..\/..\/..\/..\/images\/plants\/mespiluss1.jpg\" alt=\"Bl\u00fcte der Echten Mispel, Anfang Mai 2011.\" width=\"200\" height=\"200\" \/><span><\/span><\/a><\/div>\n<p>Insgesamt ist die Kultur unproblematisch. Keine besonderen Anspr\u00fcche an Substrat oder Standort. Auch ein hei\u00dfer und trockener Standort wird gut vertragen. Frosth\u00e4rte bis -25\u00b0C sehr gut. Mispelb\u00e4ume k\u00f6nnen wie andere Obstgeh\u00f6lze geschnitten werden.<\/p>\n<\/div><div class=\"fusion-title title fusion-title-5 fusion-title-text fusion-title-size-two\"><h2 class=\"fusion-title-heading title-heading-left\" style=\"margin:0;\">Erfahrungen<\/h2><span class=\"awb-title-spacer\"><\/span><div class=\"title-sep-container\"><div class=\"title-sep sep-single sep-solid\" style=\"border-color:#3e3e3e;\"><\/div><\/div><\/div><div class=\"fusion-text fusion-text-4\"><h3>2010<\/h3>\n<p>Im Fr\u00fchjahr 2010 habe ich einen etwa 1,20 Meter hohen Mispelbaum gepflanzt, der z\u00fcgig angewachsen ist und sich seither als sehr w\u00fcchsig gezeigt hat.<\/p>\n<h3>2011<\/h3>\n<p>Der erste Winter wurde ohne Frostschutz ausgezeichnet \u00fcberstanden. In den ersten Fr\u00fchlingswochen zeigte der Baum bereits ein eindr\u00fcckliches Wachstum. Daneben hat er einige Knospen angesetzt, die sich wahrscheinlich in der ersten Maih\u00e4lfte \u00f6ffnen werden.<\/p>\n<h3>2012<\/h3>\n<div class=\"intextr\"><a class=\"lupe200\" title=\"Fr\u00fcchte der Echten Mispel, Anfang Oktober 2013.\" href=\"..\/..\/..\/..\/images\/plants\/mespilus2.jpg\" data-gallery=\"\"><img decoding=\"async\" src=\"..\/..\/..\/..\/images\/plants\/mespilus2s.jpg\" alt=\"Fr\u00fcchte der Echten Mispel, Anfang Oktober 2013.\" width=\"200\" height=\"200\" \/><span><\/span><\/a><\/div>\n<p>Dieser Baum ist ausgesprochen gut winterhart. Zudem zeichnet er sich durch eine Robustheit gegen\u00fcber Trockenheit und Sch\u00e4dlinge aus. Wirklich nur zu empfehlen. Zudem habe ich heuer die ersten Fr\u00fcchte zu einer vorz\u00fcglichen Konfit\u00fcre verarbeitet. Der Geschmack von \u00fcberreifen Mispeln erinnert an Apfelmus mit Zimt.<\/p>\n<h3>2013<\/h3>\n<p>Der Strauch ist gut gewachsen. Nachdem ich im Herbst eine doch schon recht beachtliche Zahl an Fr\u00fcchten ernten konnte, habe ich diese zu Konfit\u00fcre und Lik\u00f6r verarbeitet.<\/p>\n<\/div><div class=\"fusion-clearfix\"><\/div><\/div><\/div><div class=\"fusion-layout-column fusion_builder_column fusion-builder-column-2 fusion_builder_column_1_4 1_4 fusion-one-fourth fusion-column-last\" style=\"--awb-bg-size:cover;width:22%;\"><div class=\"fusion-column-wrapper fusion-flex-column-wrapper-legacy\"><style type='text\/css'>.reading-box-container-1 .element-bottomshadow:before,.reading-box-container-1 .element-bottomshadow:after{opacity:0.7;}<\/style><div class=\"fusion-reading-box-container reading-box-container-1\" style=\"--awb-title-color:#ddbd73;--awb-margin-top:0px;--awb-margin-bottom:84px;\"><div class=\"reading-box element-bottomshadow\" style=\"background-color:#3e3e3e;border-width:1px;border-color:#3e3e3e;border-top-width:3px;border-top-color:var(--primary_color);border-style:solid;\"><div class=\"reading-box-additional\"><ul style=\"--awb-size:13px;--awb-line-height:22.1px;--awb-icon-width:22.1px;--awb-icon-height:22.1px;--awb-icon-margin:9.1px;--awb-content-margin:31.2px;--awb-circlecolor:#a0ce4e;--awb-circle-yes-font-size:11.44px;\" class=\"fusion-checklist fusion-checklist-1 fusion-checklist-default type-icons\"><li class=\"fusion-li-item\" style=\"\"><span class=\"icon-wrapper circle-yes\"><i class=\"fusion-li-icon fa fa-share-alt\" aria-hidden=\"true\"><\/i><\/span><div class=\"fusion-li-item-content\">\n<h2>Systematik<\/h2>\n<\/div><\/li><li class=\"fusion-li-item\" style=\"\"><span class=\"icon-wrapper circle-yes\"><i class=\"fusion-li-icon fa fa-caret-right\" aria-hidden=\"true\"><\/i><\/span><div class=\"fusion-li-item-content\">Ordnung: Rosenartige (Rosales)<\/div><\/li><li class=\"fusion-li-item\" style=\"\"><span class=\"icon-wrapper circle-yes\"><i class=\"fusion-li-icon fa fa-caret-right\" aria-hidden=\"true\"><\/i><\/span><div class=\"fusion-li-item-content\">Familie: Rosengew\u00e4chse (Rosaceae)<\/div><\/li><li class=\"fusion-li-item\" style=\"\"><span class=\"icon-wrapper circle-yes\"><i class=\"fusion-li-icon fa fa-caret-right\" aria-hidden=\"true\"><\/i><\/span><div class=\"fusion-li-item-content\">Unterfamilie: Spiraeoideae<\/div><\/li><li class=\"fusion-li-item\" style=\"\"><span class=\"icon-wrapper circle-yes\"><i class=\"fusion-li-icon fa fa-caret-right\" aria-hidden=\"true\"><\/i><\/span><div class=\"fusion-li-item-content\">Tribus: Pyreae<\/div><\/li><li class=\"fusion-li-item\" style=\"\"><span class=\"icon-wrapper circle-yes\"><i class=\"fusion-li-icon fa fa-caret-right\" aria-hidden=\"true\"><\/i><\/span><div class=\"fusion-li-item-content\">Untertribus: Kernobstgew\u00e4chse (Pyrinae)<\/div><\/li><li class=\"fusion-li-item\" style=\"\"><span class=\"icon-wrapper circle-yes\"><i class=\"fusion-li-icon fa fa-caret-right\" aria-hidden=\"true\"><\/i><\/span><div class=\"fusion-li-item-content\">Gattung: Mispeln (Mespilus)<\/div><\/li><\/ul><\/div><div class=\"fusion-clearfix\"><\/div><\/div><\/div><style type='text\/css'>.reading-box-container-2 .element-bottomshadow:before,.reading-box-container-2 .element-bottomshadow:after{opacity:0.7;}<\/style><div class=\"fusion-reading-box-container reading-box-container-2\" style=\"--awb-title-color:#ddbd73;--awb-margin-top:0px;--awb-margin-bottom:84px;\"><div class=\"reading-box element-bottomshadow\" style=\"background-color:#3e3e3e;border-width:1px;border-color:#3e3e3e;border-top-width:3px;border-top-color:var(--primary_color);border-style:solid;\"><div class=\"reading-box-additional\"><ul style=\"--awb-size:13px;--awb-line-height:22.1px;--awb-icon-width:22.1px;--awb-icon-height:22.1px;--awb-icon-margin:9.1px;--awb-content-margin:31.2px;--awb-circlecolor:#a0ce4e;--awb-circle-yes-font-size:11.44px;\" class=\"fusion-checklist fusion-checklist-2 fusion-checklist-default type-icons\"><li class=\"fusion-li-item\" style=\"\"><span class=\"icon-wrapper circle-yes\"><i class=\"fusion-li-icon fa fa-sort-amount-asc\" aria-hidden=\"true\"><\/i><\/span><div class=\"fusion-li-item-content\"><h2>Vermehrung<\/h2><\/div><\/li><li class=\"fusion-li-item\" style=\"\"><span class=\"icon-wrapper circle-yes\"><i class=\"fusion-li-icon fa fa-futbol-o\" aria-hidden=\"true\"><\/i><\/span><div class=\"fusion-li-item-content\">generativ<\/div><\/li><\/ul><\/div><div class=\"fusion-clearfix\"><\/div><\/div><\/div><style type='text\/css'>.reading-box-container-3 .element-bottomshadow:before,.reading-box-container-3 .element-bottomshadow:after{opacity:0.7;}<\/style><div class=\"fusion-reading-box-container reading-box-container-3\" style=\"--awb-title-color:#ddbd73;--awb-margin-top:0px;--awb-margin-bottom:84px;\"><div class=\"reading-box element-bottomshadow\" style=\"background-color:#3e3e3e;border-width:1px;border-color:#3e3e3e;border-top-width:3px;border-top-color:var(--primary_color);border-style:solid;\"><div class=\"reading-box-additional\"><ul style=\"--awb-size:13px;--awb-line-height:22.1px;--awb-icon-width:22.1px;--awb-icon-height:22.1px;--awb-icon-margin:9.1px;--awb-content-margin:31.2px;--awb-circlecolor:#a0ce4e;--awb-circle-yes-font-size:11.44px;\" class=\"fusion-checklist fusion-checklist-3 fusion-checklist-default type-icons\"><li class=\"fusion-li-item\" style=\"\"><span class=\"icon-wrapper circle-yes\"><i class=\"fusion-li-icon fa fa-scissors\" aria-hidden=\"true\"><\/i><\/span><div class=\"fusion-li-item-content\">\n<h2>Kultur<\/h2>\n<\/div><\/li><li class=\"fusion-li-item\" style=\"\"><span class=\"icon-wrapper circle-yes\"><i class=\"fusion-li-icon fa fa-caret-up\" aria-hidden=\"true\"><\/i><\/span><div class=\"fusion-li-item-content\">leicht<\/div><\/li><\/ul><\/div><div class=\"fusion-clearfix\"><\/div><\/div><\/div><style type='text\/css'>.reading-box-container-4 .element-bottomshadow:before,.reading-box-container-4 .element-bottomshadow:after{opacity:0.7;}<\/style><div class=\"fusion-reading-box-container reading-box-container-4\" style=\"--awb-title-color:#ddbd73;--awb-margin-top:0px;--awb-margin-bottom:84px;\"><div class=\"reading-box element-bottomshadow\" style=\"background-color:#3e3e3e;border-width:1px;border-color:#3e3e3e;border-top-width:3px;border-top-color:var(--primary_color);border-style:solid;\"><div class=\"reading-box-additional\"><ul style=\"--awb-size:13px;--awb-line-height:22.1px;--awb-icon-width:22.1px;--awb-icon-height:22.1px;--awb-icon-margin:9.1px;--awb-content-margin:31.2px;--awb-circlecolor:#a0ce4e;--awb-circle-yes-font-size:11.44px;\" class=\"fusion-checklist fusion-checklist-4 fusion-checklist-default type-icons\"><li class=\"fusion-li-item\" style=\"\"><span class=\"icon-wrapper circle-yes\"><i class=\"fusion-li-icon fa fa-apple\" aria-hidden=\"true\"><\/i><\/span><div class=\"fusion-li-item-content\"><h2>Fr\u00fcchte<\/h2><\/div><\/li><li class=\"fusion-li-item\" style=\"\"><span class=\"icon-wrapper circle-yes\"><i class=\"fusion-li-icon fa fa-caret-up\" aria-hidden=\"true\"><\/i><\/span><div class=\"fusion-li-item-content\">h\u00e4ufig<\/div><\/li><\/ul><\/div><div class=\"fusion-clearfix\"><\/div><\/div><\/div><style type='text\/css'>.reading-box-container-5 .element-bottomshadow:before,.reading-box-container-5 .element-bottomshadow:after{opacity:0.7;}<\/style><div class=\"fusion-reading-box-container reading-box-container-5\" style=\"--awb-title-color:#ddbd73;--awb-margin-top:0px;--awb-margin-bottom:84px;\"><div class=\"reading-box element-bottomshadow\" style=\"background-color:#3e3e3e;border-width:1px;border-color:#3e3e3e;border-top-width:3px;border-top-color:var(--primary_color);border-style:solid;\"><div class=\"reading-box-additional\"><ul style=\"--awb-size:13px;--awb-line-height:22.1px;--awb-icon-width:22.1px;--awb-icon-height:22.1px;--awb-icon-margin:9.1px;--awb-content-margin:31.2px;--awb-circlecolor:#a0ce4e;--awb-circle-yes-font-size:11.44px;\" class=\"fusion-checklist fusion-checklist-5 fusion-checklist-default type-icons\"><li class=\"fusion-li-item\" style=\"\"><span class=\"icon-wrapper circle-yes\"><i class=\"fusion-li-icon fa fa-bolt\" aria-hidden=\"true\"><\/i><\/span><div class=\"fusion-li-item-content\">\n<h2>USDA &#8211; Zone<\/h2>\n<\/div><\/li><li class=\"fusion-li-item\" style=\"\"><span class=\"icon-wrapper circle-yes\"><i class=\"fusion-li-icon fa fa-caret-right\" aria-hidden=\"true\"><\/i><\/span><div class=\"fusion-li-item-content\">6b (-20,4\u00b0C)<\/div><\/li><\/ul><\/div><div class=\"fusion-clearfix\"><\/div><\/div><\/div><div class=\"fusion-clearfix\"><\/div><\/div><\/div><\/div><\/div>","protected":false},"excerpt":{"rendered":"","protected":false},"author":1,"featured_media":0,"parent":724,"menu_order":0,"comment_status":"open","ping_status":"open","template":"","meta":{"footnotes":""},"class_list":["post-998","page","type-page","status-publish","hentry"],"yoast_head":"<!-- This site is optimized with the Yoast SEO plugin v26.9 - https:\/\/yoast.com\/product\/yoast-seo-wordpress\/ -->\n<title>Mispel - Fancy Plants - Deutsch<\/title>\n<meta name=\"description\" content=\"Die Echte Mispel (Mespilus germanica), ein Vertreter der Rosengew\u00e4chse (Rosaceae), l\u00e4sst sich mit meiner Anleitung einfach selbst anziehen und vermehren. Auch deren weitere Kultur ist nicht schwer. Nach wenigen Jahren unkomplizierter Pflege lassen sich eine frische Mispeln nach dem ersten Frost selber ernten.\" \/>\n<meta name=\"robots\" content=\"index, follow, max-snippet:-1, max-image-preview:large, max-video-preview:-1\" \/>\n<link rel=\"canonical\" href=\"http:\/\/www.fancyplants.de\/de\/exotichome\/whspec\/mispel\/\" \/>\n<meta property=\"og:locale\" content=\"de_DE\" \/>\n<meta property=\"og:type\" content=\"article\" \/>\n<meta property=\"og:title\" content=\"Mispel - Fancy Plants - Deutsch\" \/>\n<meta property=\"og:description\" content=\"Die Echte Mispel (Mespilus germanica), ein Vertreter der Rosengew\u00e4chse (Rosaceae), l\u00e4sst sich mit meiner Anleitung einfach selbst anziehen und vermehren. Auch deren weitere Kultur ist nicht schwer. Nach wenigen Jahren unkomplizierter Pflege lassen sich eine frische Mispeln nach dem ersten Frost selber ernten.\" \/>\n<meta property=\"og:url\" content=\"http:\/\/www.fancyplants.de\/de\/exotichome\/whspec\/mispel\/\" \/>\n<meta property=\"og:site_name\" content=\"Fancy Plants - Deutsch\" \/>\n<meta property=\"article:modified_time\" content=\"2019-10-15T06:50:35+00:00\" \/>\n<meta name=\"twitter:card\" content=\"summary_large_image\" \/>\n<meta name=\"twitter:label1\" content=\"Gesch\u00e4tzte Lesezeit\" \/>\n\t<meta name=\"twitter:data1\" content=\"5\u00a0Minuten\" \/>\n<script type=\"application\/ld+json\" class=\"yoast-schema-graph\">{\"@context\":\"https:\/\/schema.org\",\"@graph\":[{\"@type\":\"WebPage\",\"@id\":\"http:\/\/www.fancyplants.de\/de\/exotichome\/whspec\/mispel\/\",\"url\":\"http:\/\/www.fancyplants.de\/de\/exotichome\/whspec\/mispel\/\",\"name\":\"Mispel - Fancy Plants - Deutsch\",\"isPartOf\":{\"@id\":\"http:\/\/www.fancyplants.de\/de\/#website\"},\"datePublished\":\"2015-07-06T06:16:12+00:00\",\"dateModified\":\"2019-10-15T06:50:35+00:00\",\"description\":\"Die Echte Mispel (Mespilus germanica), ein Vertreter der Rosengew\u00e4chse (Rosaceae), l\u00e4sst sich mit meiner Anleitung einfach selbst anziehen und vermehren. Auch deren weitere Kultur ist nicht schwer. Nach wenigen Jahren unkomplizierter Pflege lassen sich eine frische Mispeln nach dem ersten Frost selber ernten.\",\"breadcrumb\":{\"@id\":\"http:\/\/www.fancyplants.de\/de\/exotichome\/whspec\/mispel\/#breadcrumb\"},\"inLanguage\":\"de\",\"potentialAction\":[{\"@type\":\"ReadAction\",\"target\":[\"http:\/\/www.fancyplants.de\/de\/exotichome\/whspec\/mispel\/\"]}]},{\"@type\":\"BreadcrumbList\",\"@id\":\"http:\/\/www.fancyplants.de\/de\/exotichome\/whspec\/mispel\/#breadcrumb\",\"itemListElement\":[{\"@type\":\"ListItem\",\"position\":1,\"name\":\"Home\",\"item\":\"http:\/\/www.fancyplants.de\/de\/\"},{\"@type\":\"ListItem\",\"position\":2,\"name\":\"Exotische Nutzpflanzen\",\"item\":\"http:\/\/www.fancyplants.de\/de\/exotichome\/\"},{\"@type\":\"ListItem\",\"position\":3,\"name\":\"Winterharte Arten\",\"item\":\"http:\/\/www.fancyplants.de\/de\/exotichome\/whspec\/\"},{\"@type\":\"ListItem\",\"position\":4,\"name\":\"Mispel\"}]},{\"@type\":\"WebSite\",\"@id\":\"http:\/\/www.fancyplants.de\/de\/#website\",\"url\":\"http:\/\/www.fancyplants.de\/de\/\",\"name\":\"Fancy Plants - Deutsch\",\"description\":\"Eine weitere WordPress-Seite\",\"potentialAction\":[{\"@type\":\"SearchAction\",\"target\":{\"@type\":\"EntryPoint\",\"urlTemplate\":\"http:\/\/www.fancyplants.de\/de\/?s={search_term_string}\"},\"query-input\":{\"@type\":\"PropertyValueSpecification\",\"valueRequired\":true,\"valueName\":\"search_term_string\"}}],\"inLanguage\":\"de\"}]}<\/script>\n<!-- \/ Yoast SEO plugin. -->","yoast_head_json":{"title":"Mispel - Fancy Plants - Deutsch","description":"Die Echte Mispel (Mespilus germanica), ein Vertreter der Rosengew\u00e4chse (Rosaceae), l\u00e4sst sich mit meiner Anleitung einfach selbst anziehen und vermehren. Auch deren weitere Kultur ist nicht schwer. Nach wenigen Jahren unkomplizierter Pflege lassen sich eine frische Mispeln nach dem ersten Frost selber ernten.","robots":{"index":"index","follow":"follow","max-snippet":"max-snippet:-1","max-image-preview":"max-image-preview:large","max-video-preview":"max-video-preview:-1"},"canonical":"http:\/\/www.fancyplants.de\/de\/exotichome\/whspec\/mispel\/","og_locale":"de_DE","og_type":"article","og_title":"Mispel - Fancy Plants - Deutsch","og_description":"Die Echte Mispel (Mespilus germanica), ein Vertreter der Rosengew\u00e4chse (Rosaceae), l\u00e4sst sich mit meiner Anleitung einfach selbst anziehen und vermehren. Auch deren weitere Kultur ist nicht schwer. Nach wenigen Jahren unkomplizierter Pflege lassen sich eine frische Mispeln nach dem ersten Frost selber ernten.","og_url":"http:\/\/www.fancyplants.de\/de\/exotichome\/whspec\/mispel\/","og_site_name":"Fancy Plants - Deutsch","article_modified_time":"2019-10-15T06:50:35+00:00","twitter_card":"summary_large_image","twitter_misc":{"Gesch\u00e4tzte Lesezeit":"5\u00a0Minuten"},"schema":{"@context":"https:\/\/schema.org","@graph":[{"@type":"WebPage","@id":"http:\/\/www.fancyplants.de\/de\/exotichome\/whspec\/mispel\/","url":"http:\/\/www.fancyplants.de\/de\/exotichome\/whspec\/mispel\/","name":"Mispel - Fancy Plants - Deutsch","isPartOf":{"@id":"http:\/\/www.fancyplants.de\/de\/#website"},"datePublished":"2015-07-06T06:16:12+00:00","dateModified":"2019-10-15T06:50:35+00:00","description":"Die Echte Mispel (Mespilus germanica), ein Vertreter der Rosengew\u00e4chse (Rosaceae), l\u00e4sst sich mit meiner Anleitung einfach selbst anziehen und vermehren. Auch deren weitere Kultur ist nicht schwer. Nach wenigen Jahren unkomplizierter Pflege lassen sich eine frische Mispeln nach dem ersten Frost selber ernten.","breadcrumb":{"@id":"http:\/\/www.fancyplants.de\/de\/exotichome\/whspec\/mispel\/#breadcrumb"},"inLanguage":"de","potentialAction":[{"@type":"ReadAction","target":["http:\/\/www.fancyplants.de\/de\/exotichome\/whspec\/mispel\/"]}]},{"@type":"BreadcrumbList","@id":"http:\/\/www.fancyplants.de\/de\/exotichome\/whspec\/mispel\/#breadcrumb","itemListElement":[{"@type":"ListItem","position":1,"name":"Home","item":"http:\/\/www.fancyplants.de\/de\/"},{"@type":"ListItem","position":2,"name":"Exotische Nutzpflanzen","item":"http:\/\/www.fancyplants.de\/de\/exotichome\/"},{"@type":"ListItem","position":3,"name":"Winterharte Arten","item":"http:\/\/www.fancyplants.de\/de\/exotichome\/whspec\/"},{"@type":"ListItem","position":4,"name":"Mispel"}]},{"@type":"WebSite","@id":"http:\/\/www.fancyplants.de\/de\/#website","url":"http:\/\/www.fancyplants.de\/de\/","name":"Fancy Plants - Deutsch","description":"Eine weitere WordPress-Seite","potentialAction":[{"@type":"SearchAction","target":{"@type":"EntryPoint","urlTemplate":"http:\/\/www.fancyplants.de\/de\/?s={search_term_string}"},"query-input":{"@type":"PropertyValueSpecification","valueRequired":true,"valueName":"search_term_string"}}],"inLanguage":"de"}]}},"_links":{"self":[{"href":"http:\/\/www.fancyplants.de\/de\/wp-json\/wp\/v2\/pages\/998","targetHints":{"allow":["GET"]}}],"collection":[{"href":"http:\/\/www.fancyplants.de\/de\/wp-json\/wp\/v2\/pages"}],"about":[{"href":"http:\/\/www.fancyplants.de\/de\/wp-json\/wp\/v2\/types\/page"}],"author":[{"embeddable":true,"href":"http:\/\/www.fancyplants.de\/de\/wp-json\/wp\/v2\/users\/1"}],"replies":[{"embeddable":true,"href":"http:\/\/www.fancyplants.de\/de\/wp-json\/wp\/v2\/comments?post=998"}],"version-history":[{"count":1,"href":"http:\/\/www.fancyplants.de\/de\/wp-json\/wp\/v2\/pages\/998\/revisions"}],"predecessor-version":[{"id":2971,"href":"http:\/\/www.fancyplants.de\/de\/wp-json\/wp\/v2\/pages\/998\/revisions\/2971"}],"up":[{"embeddable":true,"href":"http:\/\/www.fancyplants.de\/de\/wp-json\/wp\/v2\/pages\/724"}],"wp:attachment":[{"href":"http:\/\/www.fancyplants.de\/de\/wp-json\/wp\/v2\/media?parent=998"}],"curies":[{"name":"wp","href":"https:\/\/api.w.org\/{rel}","templated":true}]}}