{"id":996,"date":"2015-07-06T08:15:53","date_gmt":"2015-07-06T06:15:53","guid":{"rendered":"http:\/\/www.fancyplants.de\/de\/?page_id=996"},"modified":"2019-10-15T08:50:35","modified_gmt":"2019-10-15T06:50:35","slug":"maulbeerbaum","status":"publish","type":"page","link":"http:\/\/www.fancyplants.de\/de\/exotichome\/whspec\/maulbeerbaum\/","title":{"rendered":"Maulbeerbaum"},"content":{"rendered":"<div class=\"fusion-fullwidth fullwidth-box fusion-builder-row-1 hundred-percent-fullwidth non-hundred-percent-height-scrolling\" style=\"--awb-border-radius-top-left:0px;--awb-border-radius-top-right:0px;--awb-border-radius-bottom-right:0px;--awb-border-radius-bottom-left:0px;--awb-overflow:visible;--awb-flex-wrap:wrap;\" ><div class=\"fusion-builder-row fusion-row\"><div class=\"fusion-layout-column fusion_builder_column fusion-builder-column-0 fusion_builder_column_1_1 1_1 fusion-one-full fusion-column-first fusion-column-last\" style=\"--awb-bg-size:cover;\"><div class=\"fusion-column-wrapper fusion-flex-column-wrapper-legacy\"><div class=\"fusion-title title fusion-title-1 fusion-title-text fusion-title-size-one\"><h1 class=\"fusion-title-heading title-heading-left\" style=\"margin:0;\">Schwarzer Maulbeerbaum (<i>Morus nigra<\/i>)<\/h1><span class=\"awb-title-spacer\"><\/span><div class=\"title-sep-container\"><div class=\"title-sep sep-single sep-solid\" style=\"border-color:#3e3e3e;\"><\/div><\/div><\/div><div class=\"fusion-clearfix\"><\/div><\/div><\/div><div class=\"fusion-layout-column fusion_builder_column fusion-builder-column-1 fusion_builder_column_3_4 3_4 fusion-three-fourth fusion-column-first\" style=\"--awb-bg-size:cover;width:74%; margin-right: 4%;\"><div class=\"fusion-column-wrapper fusion-flex-column-wrapper-legacy\"><div class=\"fusion-title title fusion-title-2 fusion-title-text fusion-title-size-two\"><h2 class=\"fusion-title-heading title-heading-left\" style=\"margin:0;\">Im \u00dcberblick<\/h2><span class=\"awb-title-spacer\"><\/span><div class=\"title-sep-container\"><div class=\"title-sep sep-single sep-solid\" style=\"border-color:#3e3e3e;\"><\/div><\/div><\/div><div class=\"fusion-text fusion-text-1\"><div class=\"intextr\"><a class=\"lupe200\" title=\"Schwarzer Maulbeerbaum, Sommer 2011.\" href=\"..\/..\/..\/..\/images\/plants\/morus.jpg\" data-gallery=\"\"><img decoding=\"async\" src=\"..\/..\/..\/..\/images\/plants\/moruss.jpg\" alt=\"Schwarzer Maulbeerbaum, Sommer 2011.\" width=\"200\" height=\"200\" \/><span><\/span><\/a><\/div>\n<p>Auch der Maulbeerbaum geh\u00f6rt zu den vergessenen Fruchtpflanzen. Bis zur Mitte des letzten Jahrhunderts war der Maulbeerbaum noch ein h\u00e4ufiger Gast in deutschen G\u00e4rten. Der Wei\u00dfe Maulbeerbaum hatte fr\u00fcher haupts\u00e4chlich Bedeutung f\u00fcr die Seidenraupenzucht als Futterpflanze. Der Schwarze Maulbeerbaum bringt hingegen die wohlschmeckendere Fr\u00fcchte hervor. Bei diesem Vertreter der Maulbeergew\u00e4chse (<i>Moraceae<\/i>) aus Westasien handelt es sich um einen kleinen sommergr\u00fcnen Baum.<\/p>\n<\/div><div class=\"fusion-title title fusion-title-3 fusion-title-text fusion-title-size-two\"><h2 class=\"fusion-title-heading title-heading-left\" style=\"margin:0;\">Beschreibung<\/h2><span class=\"awb-title-spacer\"><\/span><div class=\"title-sep-container\"><div class=\"title-sep sep-single sep-solid\" style=\"border-color:#3e3e3e;\"><\/div><\/div><\/div><div class=\"fusion-text fusion-text-2\"><p>Der Schwarze Maulbeerbaum w\u00e4chst zu einem bis zu sechs Meter hohen Baum heran. Etwa zehn Zentimeter lange, herzf\u00f6rmige Bl\u00e4tter. Die B\u00fcten erscheinen im Mai bis Juni. Nach Insektenbest\u00e4ubung reifen die schwarzen, etwa zwei Zentimeter langen Fr\u00fcchte ungleichm\u00e4\u00dfig heran. Die Ernte erstreckt sich \u00fcber mehrere Wochen im Juli und August.<\/p>\n<\/div><div class=\"fusion-title title fusion-title-4 fusion-title-text fusion-title-size-two\"><h2 class=\"fusion-title-heading title-heading-left\" style=\"margin:0;\">Kultur<\/h2><span class=\"awb-title-spacer\"><\/span><div class=\"title-sep-container\"><div class=\"title-sep sep-single sep-solid\" style=\"border-color:#3e3e3e;\"><\/div><\/div><\/div><div class=\"fusion-text fusion-text-3\"><p>Bez\u00fcglich seiner Anspr\u00fcche ist der Schwarze Maulbeerbaum relativ unkompliziert. Die Frosth\u00e4rte wird mit -20\u00b0C angegeben. Gute Verzweigung. Die Fr\u00fcchte sind sehr saftreich und werden erst geerntet, sobald diese weich sind, kurz bevor der Baum die Fr\u00fcchte abwirft. Die Fr\u00fcchte sehen Brombeeren \u00e4hnlich, sind weich, saftreich und sehr aromatisch. Die Standortwahl ist nicht unwichtig. \u00c4ltere B\u00e4ume weisen einen betr\u00e4chtlichen Fruchtansatz auf so dass Sie mit der Ernte nicht nachkommen, zumal da die Fr\u00fcchte ungleichm\u00e4\u00dfig reif werden. Daher ist es kaum zu vermeiden, dass sich unter dem Baum die saftreichen Fr\u00fcchte massig ansammeln, was zu einer ziemlichen &#8222;Sauerei&#8220; f\u00fchren kann.<\/p>\n<\/div><div class=\"fusion-title title fusion-title-5 fusion-title-text fusion-title-size-two\"><h2 class=\"fusion-title-heading title-heading-left\" style=\"margin:0;\">Erfahrungen<\/h2><span class=\"awb-title-spacer\"><\/span><div class=\"title-sep-container\"><div class=\"title-sep sep-single sep-solid\" style=\"border-color:#3e3e3e;\"><\/div><\/div><\/div><div class=\"fusion-text fusion-text-4\"><h3>2009<\/h3>\n<p>Der im Sommer 2009 gepflanzte und im Winter mit einer Schilfmatte gesch\u00fctzte, etwa 50 Zentimeter hohe Maulbeerbaum \u00fcberstand den Winter sehr gut.<\/p>\n<h3>2010<\/h3>\n<p>Leider war er noch nicht allzu gut eingewurzelt, so dass ihm die Trockenheit im regenarmen Fr\u00fchjahr etwas zu schaffen machte. Ein richtiges Wachstum war erst seit dem verregneten Sommer zu verzeichnen.<\/p>\n<h3>2011<\/h3>\n<p>Der Winter wurde ohne Schutz erneut gut \u00fcberstanden. Eine Sp\u00e4tfrostphase Anfang Mai nach einem sehr warmen April raffte den ersten Austrieb dahin. Kurze Zeit sp\u00e4ter erfolgte ein Neuaustrieb. Seither leidet der Baum unter der anhaltenden Trockenheit.<\/p>\n<p>Samen k\u00f6nnen Sie an dieser <a href=\"http:\/\/www.amazon.de\/gp\/product\/B00200OFT0?ie=UTF8&amp;tag=fancplan-21&amp;linkCode=as2&amp;camp=1638&amp;creative=19454&amp;creativeASIN=B00200OFT0\" target=\"_blank\" rel=\"noopener noreferrer\"><i class=\"fa fa-sign-out\"><\/i> Stelle<\/a><img decoding=\"async\" src=\"http:\/\/www.assoc-amazon.de\/e\/ir?t=fancplan-21&amp;l=as2&amp;o=3&amp;a=B00200OFT0\" alt=\"\" width=\"1\" height=\"1\" border=\"0\" \/> bei Amazon beziehen.<\/p>\n<\/div><div class=\"fusion-clearfix\"><\/div><\/div><\/div><div class=\"fusion-layout-column fusion_builder_column fusion-builder-column-2 fusion_builder_column_1_4 1_4 fusion-one-fourth fusion-column-last\" style=\"--awb-bg-size:cover;width:22%;\"><div class=\"fusion-column-wrapper fusion-flex-column-wrapper-legacy\"><style type='text\/css'>.reading-box-container-1 .element-bottomshadow:before,.reading-box-container-1 .element-bottomshadow:after{opacity:0.7;}<\/style><div class=\"fusion-reading-box-container reading-box-container-1\" style=\"--awb-title-color:#ddbd73;--awb-margin-top:0px;--awb-margin-bottom:84px;\"><div class=\"reading-box element-bottomshadow\" style=\"background-color:#3e3e3e;border-width:1px;border-color:#3e3e3e;border-top-width:3px;border-top-color:var(--primary_color);border-style:solid;\"><div class=\"reading-box-additional\"><ul style=\"--awb-size:13px;--awb-line-height:22.1px;--awb-icon-width:22.1px;--awb-icon-height:22.1px;--awb-icon-margin:9.1px;--awb-content-margin:31.2px;--awb-circlecolor:#a0ce4e;--awb-circle-yes-font-size:11.44px;\" class=\"fusion-checklist fusion-checklist-1 fusion-checklist-default type-icons\"><li class=\"fusion-li-item\" style=\"\"><span class=\"icon-wrapper circle-yes\"><i class=\"fusion-li-icon fa fa-share-alt\" aria-hidden=\"true\"><\/i><\/span><div class=\"fusion-li-item-content\"><h2>Systematik<\/h2><\/div><\/li><li class=\"fusion-li-item\" style=\"\"><span class=\"icon-wrapper circle-yes\"><i class=\"fusion-li-icon fa fa-caret-right\" aria-hidden=\"true\"><\/i><\/span><div class=\"fusion-li-item-content\">Ordnung: Rosenartige (Rosales)<\/div><\/li><li class=\"fusion-li-item\" style=\"\"><span class=\"icon-wrapper circle-yes\"><i class=\"fusion-li-icon fa fa-caret-right\" aria-hidden=\"true\"><\/i><\/span><div class=\"fusion-li-item-content\">Familie: Rosengew\u00e4chse (Rosaceae)<\/div><\/li><li class=\"fusion-li-item\" style=\"\"><span class=\"icon-wrapper circle-yes\"><i class=\"fusion-li-icon fa fa-caret-right\" aria-hidden=\"true\"><\/i><\/span><div class=\"fusion-li-item-content\">Unterfamilie: Spiraeoideae<\/div><\/li><li class=\"fusion-li-item\" style=\"\"><span class=\"icon-wrapper circle-yes\"><i class=\"fusion-li-icon fa fa-caret-right\" aria-hidden=\"true\"><\/i><\/span><div class=\"fusion-li-item-content\">Tribus: Steinobstgew\u00e4chse (Amygdaleae)<\/div><\/li><li class=\"fusion-li-item\" style=\"\"><span class=\"icon-wrapper circle-yes\"><i class=\"fusion-li-icon fa fa-caret-right\" aria-hidden=\"true\"><\/i><\/span><div class=\"fusion-li-item-content\">Gattung: Prunus<\/div><\/li><\/ul><\/div><div class=\"fusion-clearfix\"><\/div><\/div><\/div><style type='text\/css'>.reading-box-container-2 .element-bottomshadow:before,.reading-box-container-2 .element-bottomshadow:after{opacity:0.7;}<\/style><div class=\"fusion-reading-box-container reading-box-container-2\" style=\"--awb-title-color:#ddbd73;--awb-margin-top:0px;--awb-margin-bottom:84px;\"><div class=\"reading-box element-bottomshadow\" style=\"background-color:#3e3e3e;border-width:1px;border-color:#3e3e3e;border-top-width:3px;border-top-color:var(--primary_color);border-style:solid;\"><div class=\"reading-box-additional\"><ul style=\"--awb-size:13px;--awb-line-height:22.1px;--awb-icon-width:22.1px;--awb-icon-height:22.1px;--awb-icon-margin:9.1px;--awb-content-margin:31.2px;--awb-circlecolor:#a0ce4e;--awb-circle-yes-font-size:11.44px;\" class=\"fusion-checklist fusion-checklist-2 fusion-checklist-default type-icons\"><li class=\"fusion-li-item\" style=\"\"><span class=\"icon-wrapper circle-yes\"><i class=\"fusion-li-icon fa fa-sort-amount-asc\" aria-hidden=\"true\"><\/i><\/span><div class=\"fusion-li-item-content\"><h2>Vermehrung<\/h2><\/div><\/li><li class=\"fusion-li-item\" style=\"\"><span class=\"icon-wrapper circle-yes\"><i class=\"fusion-li-icon fa fa-futbol-o\" aria-hidden=\"true\"><\/i><\/span><div class=\"fusion-li-item-content\">generativ<\/div><\/li><\/ul><\/div><div class=\"fusion-clearfix\"><\/div><\/div><\/div><style type='text\/css'>.reading-box-container-3 .element-bottomshadow:before,.reading-box-container-3 .element-bottomshadow:after{opacity:0.7;}<\/style><div class=\"fusion-reading-box-container reading-box-container-3\" style=\"--awb-title-color:#ddbd73;--awb-margin-top:0px;--awb-margin-bottom:84px;\"><div class=\"reading-box element-bottomshadow\" style=\"background-color:#3e3e3e;border-width:1px;border-color:#3e3e3e;border-top-width:3px;border-top-color:var(--primary_color);border-style:solid;\"><div class=\"reading-box-additional\"><ul style=\"--awb-size:13px;--awb-line-height:22.1px;--awb-icon-width:22.1px;--awb-icon-height:22.1px;--awb-icon-margin:9.1px;--awb-content-margin:31.2px;--awb-circlecolor:#a0ce4e;--awb-circle-yes-font-size:11.44px;\" class=\"fusion-checklist fusion-checklist-3 fusion-checklist-default type-icons\"><li class=\"fusion-li-item\" style=\"\"><span class=\"icon-wrapper circle-yes\"><i class=\"fusion-li-icon fa fa-scissors\" aria-hidden=\"true\"><\/i><\/span><div class=\"fusion-li-item-content\"><h2>Kultur<\/h2><\/div><\/li><li class=\"fusion-li-item\" style=\"\"><span class=\"icon-wrapper circle-yes\"><i class=\"fusion-li-icon fa fa-sort\" aria-hidden=\"true\"><\/i><\/span><div class=\"fusion-li-item-content\">mittelschwer<\/div><\/li><\/ul><\/div><div class=\"fusion-clearfix\"><\/div><\/div><\/div><style type='text\/css'>.reading-box-container-4 .element-bottomshadow:before,.reading-box-container-4 .element-bottomshadow:after{opacity:0.7;}<\/style><div class=\"fusion-reading-box-container reading-box-container-4\" style=\"--awb-title-color:#ddbd73;--awb-margin-top:0px;--awb-margin-bottom:84px;\"><div class=\"reading-box element-bottomshadow\" style=\"background-color:#3e3e3e;border-width:1px;border-color:#3e3e3e;border-top-width:3px;border-top-color:var(--primary_color);border-style:solid;\"><div class=\"reading-box-additional\"><ul style=\"--awb-size:13px;--awb-line-height:22.1px;--awb-icon-width:22.1px;--awb-icon-height:22.1px;--awb-icon-margin:9.1px;--awb-content-margin:31.2px;--awb-circlecolor:#a0ce4e;--awb-circle-yes-font-size:11.44px;\" class=\"fusion-checklist fusion-checklist-4 fusion-checklist-default type-icons\"><li class=\"fusion-li-item\" style=\"\"><span class=\"icon-wrapper circle-yes\"><i class=\"fusion-li-icon fa fa-apple\" aria-hidden=\"true\"><\/i><\/span><div class=\"fusion-li-item-content\"><h2>Fr\u00fcchte<\/h2><\/div><\/li><li class=\"fusion-li-item\" style=\"\"><span class=\"icon-wrapper circle-yes\"><i class=\"fusion-li-icon fa fa-caret-up\" aria-hidden=\"true\"><\/i><\/span><div class=\"fusion-li-item-content\">h\u00e4ufig<\/div><\/li><\/ul><\/div><div class=\"fusion-clearfix\"><\/div><\/div><\/div><style type='text\/css'>.reading-box-container-5 .element-bottomshadow:before,.reading-box-container-5 .element-bottomshadow:after{opacity:0.7;}<\/style><div class=\"fusion-reading-box-container reading-box-container-5\" style=\"--awb-title-color:#ddbd73;--awb-margin-top:0px;--awb-margin-bottom:84px;\"><div class=\"reading-box element-bottomshadow\" style=\"background-color:#3e3e3e;border-width:1px;border-color:#3e3e3e;border-top-width:3px;border-top-color:var(--primary_color);border-style:solid;\"><div class=\"reading-box-additional\"><ul style=\"--awb-size:13px;--awb-line-height:22.1px;--awb-icon-width:22.1px;--awb-icon-height:22.1px;--awb-icon-margin:9.1px;--awb-content-margin:31.2px;--awb-circlecolor:#a0ce4e;--awb-circle-yes-font-size:11.44px;\" class=\"fusion-checklist fusion-checklist-5 fusion-checklist-default type-icons\"><li class=\"fusion-li-item\" style=\"\"><span class=\"icon-wrapper circle-yes\"><i class=\"fusion-li-icon fa fa-bolt\" aria-hidden=\"true\"><\/i><\/span><div class=\"fusion-li-item-content\"><h2>USDA &#8211; Zone<\/h2><\/div><\/li><li class=\"fusion-li-item\" style=\"\"><span class=\"icon-wrapper circle-yes\"><i class=\"fusion-li-icon fa fa-caret-right\" aria-hidden=\"true\"><\/i><\/span><div class=\"fusion-li-item-content\">7a (-17,7\u00b0C)<\/div><\/li><\/ul><\/div><div class=\"fusion-clearfix\"><\/div><\/div><\/div><div class=\"fusion-clearfix\"><\/div><\/div><\/div><\/div><\/div>","protected":false},"excerpt":{"rendered":"","protected":false},"author":1,"featured_media":0,"parent":724,"menu_order":0,"comment_status":"open","ping_status":"open","template":"","meta":{"footnotes":""},"class_list":["post-996","page","type-page","status-publish","hentry"],"yoast_head":"<!-- This site is optimized with the Yoast SEO plugin v26.9 - https:\/\/yoast.com\/product\/yoast-seo-wordpress\/ -->\n<title>Maulbeerbaum - Fancy Plants - Deutsch<\/title>\n<meta name=\"description\" content=\"Die Anzucht, Vermehrung, Kultur und Ernte des Schwarzen Maulbeerbaums (Morus nigra), einem Vertreter der Maulbeergew\u00e4chse (Moraceae). Der Schwarze Maulbeerbaum bringt saftreiche, schwarze, sehr leckere Fr\u00fcchte und gedeiht auch problemlos im heimischen Garten.\" \/>\n<meta name=\"robots\" content=\"index, follow, max-snippet:-1, max-image-preview:large, max-video-preview:-1\" \/>\n<link rel=\"canonical\" href=\"http:\/\/www.fancyplants.de\/de\/exotichome\/whspec\/maulbeerbaum\/\" \/>\n<meta property=\"og:locale\" content=\"de_DE\" \/>\n<meta property=\"og:type\" content=\"article\" \/>\n<meta property=\"og:title\" content=\"Maulbeerbaum - Fancy Plants - Deutsch\" \/>\n<meta property=\"og:description\" content=\"Die Anzucht, Vermehrung, Kultur und Ernte des Schwarzen Maulbeerbaums (Morus nigra), einem Vertreter der Maulbeergew\u00e4chse (Moraceae). Der Schwarze Maulbeerbaum bringt saftreiche, schwarze, sehr leckere Fr\u00fcchte und gedeiht auch problemlos im heimischen Garten.\" \/>\n<meta property=\"og:url\" content=\"http:\/\/www.fancyplants.de\/de\/exotichome\/whspec\/maulbeerbaum\/\" \/>\n<meta property=\"og:site_name\" content=\"Fancy Plants - Deutsch\" \/>\n<meta property=\"article:modified_time\" content=\"2019-10-15T06:50:35+00:00\" \/>\n<meta property=\"og:image\" content=\"http:\/\/www.assoc-amazon.de\/e\/ir?t=fancplan-21&amp;l=as2&amp;o=3&amp;a=B00200OFT0\" \/>\n<meta name=\"twitter:card\" content=\"summary_large_image\" \/>\n<meta name=\"twitter:label1\" content=\"Gesch\u00e4tzte Lesezeit\" \/>\n\t<meta name=\"twitter:data1\" content=\"5\u00a0Minuten\" \/>\n<script type=\"application\/ld+json\" class=\"yoast-schema-graph\">{\"@context\":\"https:\/\/schema.org\",\"@graph\":[{\"@type\":\"WebPage\",\"@id\":\"http:\/\/www.fancyplants.de\/de\/exotichome\/whspec\/maulbeerbaum\/\",\"url\":\"http:\/\/www.fancyplants.de\/de\/exotichome\/whspec\/maulbeerbaum\/\",\"name\":\"Maulbeerbaum - Fancy Plants - Deutsch\",\"isPartOf\":{\"@id\":\"http:\/\/www.fancyplants.de\/de\/#website\"},\"primaryImageOfPage\":{\"@id\":\"http:\/\/www.fancyplants.de\/de\/exotichome\/whspec\/maulbeerbaum\/#primaryimage\"},\"image\":{\"@id\":\"http:\/\/www.fancyplants.de\/de\/exotichome\/whspec\/maulbeerbaum\/#primaryimage\"},\"thumbnailUrl\":\"http:\/\/www.assoc-amazon.de\/e\/ir?t=fancplan-21&amp;l=as2&amp;o=3&amp;a=B00200OFT0\",\"datePublished\":\"2015-07-06T06:15:53+00:00\",\"dateModified\":\"2019-10-15T06:50:35+00:00\",\"description\":\"Die Anzucht, Vermehrung, Kultur und Ernte des Schwarzen Maulbeerbaums (Morus nigra), einem Vertreter der Maulbeergew\u00e4chse (Moraceae). Der Schwarze Maulbeerbaum bringt saftreiche, schwarze, sehr leckere Fr\u00fcchte und gedeiht auch problemlos im heimischen Garten.\",\"breadcrumb\":{\"@id\":\"http:\/\/www.fancyplants.de\/de\/exotichome\/whspec\/maulbeerbaum\/#breadcrumb\"},\"inLanguage\":\"de\",\"potentialAction\":[{\"@type\":\"ReadAction\",\"target\":[\"http:\/\/www.fancyplants.de\/de\/exotichome\/whspec\/maulbeerbaum\/\"]}]},{\"@type\":\"ImageObject\",\"inLanguage\":\"de\",\"@id\":\"http:\/\/www.fancyplants.de\/de\/exotichome\/whspec\/maulbeerbaum\/#primaryimage\",\"url\":\"http:\/\/www.assoc-amazon.de\/e\/ir?t=fancplan-21&amp;l=as2&amp;o=3&amp;a=B00200OFT0\",\"contentUrl\":\"http:\/\/www.assoc-amazon.de\/e\/ir?t=fancplan-21&amp;l=as2&amp;o=3&amp;a=B00200OFT0\"},{\"@type\":\"BreadcrumbList\",\"@id\":\"http:\/\/www.fancyplants.de\/de\/exotichome\/whspec\/maulbeerbaum\/#breadcrumb\",\"itemListElement\":[{\"@type\":\"ListItem\",\"position\":1,\"name\":\"Home\",\"item\":\"http:\/\/www.fancyplants.de\/de\/\"},{\"@type\":\"ListItem\",\"position\":2,\"name\":\"Exotische Nutzpflanzen\",\"item\":\"http:\/\/www.fancyplants.de\/de\/exotichome\/\"},{\"@type\":\"ListItem\",\"position\":3,\"name\":\"Winterharte Arten\",\"item\":\"http:\/\/www.fancyplants.de\/de\/exotichome\/whspec\/\"},{\"@type\":\"ListItem\",\"position\":4,\"name\":\"Maulbeerbaum\"}]},{\"@type\":\"WebSite\",\"@id\":\"http:\/\/www.fancyplants.de\/de\/#website\",\"url\":\"http:\/\/www.fancyplants.de\/de\/\",\"name\":\"Fancy Plants - Deutsch\",\"description\":\"Eine weitere WordPress-Seite\",\"potentialAction\":[{\"@type\":\"SearchAction\",\"target\":{\"@type\":\"EntryPoint\",\"urlTemplate\":\"http:\/\/www.fancyplants.de\/de\/?s={search_term_string}\"},\"query-input\":{\"@type\":\"PropertyValueSpecification\",\"valueRequired\":true,\"valueName\":\"search_term_string\"}}],\"inLanguage\":\"de\"}]}<\/script>\n<!-- \/ Yoast SEO plugin. -->","yoast_head_json":{"title":"Maulbeerbaum - Fancy Plants - Deutsch","description":"Die Anzucht, Vermehrung, Kultur und Ernte des Schwarzen Maulbeerbaums (Morus nigra), einem Vertreter der Maulbeergew\u00e4chse (Moraceae). Der Schwarze Maulbeerbaum bringt saftreiche, schwarze, sehr leckere Fr\u00fcchte und gedeiht auch problemlos im heimischen Garten.","robots":{"index":"index","follow":"follow","max-snippet":"max-snippet:-1","max-image-preview":"max-image-preview:large","max-video-preview":"max-video-preview:-1"},"canonical":"http:\/\/www.fancyplants.de\/de\/exotichome\/whspec\/maulbeerbaum\/","og_locale":"de_DE","og_type":"article","og_title":"Maulbeerbaum - Fancy Plants - Deutsch","og_description":"Die Anzucht, Vermehrung, Kultur und Ernte des Schwarzen Maulbeerbaums (Morus nigra), einem Vertreter der Maulbeergew\u00e4chse (Moraceae). Der Schwarze Maulbeerbaum bringt saftreiche, schwarze, sehr leckere Fr\u00fcchte und gedeiht auch problemlos im heimischen Garten.","og_url":"http:\/\/www.fancyplants.de\/de\/exotichome\/whspec\/maulbeerbaum\/","og_site_name":"Fancy Plants - Deutsch","article_modified_time":"2019-10-15T06:50:35+00:00","og_image":[{"url":"http:\/\/www.assoc-amazon.de\/e\/ir?t=fancplan-21&amp;l=as2&amp;o=3&amp;a=B00200OFT0","type":"","width":"","height":""}],"twitter_card":"summary_large_image","twitter_misc":{"Gesch\u00e4tzte Lesezeit":"5\u00a0Minuten"},"schema":{"@context":"https:\/\/schema.org","@graph":[{"@type":"WebPage","@id":"http:\/\/www.fancyplants.de\/de\/exotichome\/whspec\/maulbeerbaum\/","url":"http:\/\/www.fancyplants.de\/de\/exotichome\/whspec\/maulbeerbaum\/","name":"Maulbeerbaum - Fancy Plants - Deutsch","isPartOf":{"@id":"http:\/\/www.fancyplants.de\/de\/#website"},"primaryImageOfPage":{"@id":"http:\/\/www.fancyplants.de\/de\/exotichome\/whspec\/maulbeerbaum\/#primaryimage"},"image":{"@id":"http:\/\/www.fancyplants.de\/de\/exotichome\/whspec\/maulbeerbaum\/#primaryimage"},"thumbnailUrl":"http:\/\/www.assoc-amazon.de\/e\/ir?t=fancplan-21&amp;l=as2&amp;o=3&amp;a=B00200OFT0","datePublished":"2015-07-06T06:15:53+00:00","dateModified":"2019-10-15T06:50:35+00:00","description":"Die Anzucht, Vermehrung, Kultur und Ernte des Schwarzen Maulbeerbaums (Morus nigra), einem Vertreter der Maulbeergew\u00e4chse (Moraceae). Der Schwarze Maulbeerbaum bringt saftreiche, schwarze, sehr leckere Fr\u00fcchte und gedeiht auch problemlos im heimischen Garten.","breadcrumb":{"@id":"http:\/\/www.fancyplants.de\/de\/exotichome\/whspec\/maulbeerbaum\/#breadcrumb"},"inLanguage":"de","potentialAction":[{"@type":"ReadAction","target":["http:\/\/www.fancyplants.de\/de\/exotichome\/whspec\/maulbeerbaum\/"]}]},{"@type":"ImageObject","inLanguage":"de","@id":"http:\/\/www.fancyplants.de\/de\/exotichome\/whspec\/maulbeerbaum\/#primaryimage","url":"http:\/\/www.assoc-amazon.de\/e\/ir?t=fancplan-21&amp;l=as2&amp;o=3&amp;a=B00200OFT0","contentUrl":"http:\/\/www.assoc-amazon.de\/e\/ir?t=fancplan-21&amp;l=as2&amp;o=3&amp;a=B00200OFT0"},{"@type":"BreadcrumbList","@id":"http:\/\/www.fancyplants.de\/de\/exotichome\/whspec\/maulbeerbaum\/#breadcrumb","itemListElement":[{"@type":"ListItem","position":1,"name":"Home","item":"http:\/\/www.fancyplants.de\/de\/"},{"@type":"ListItem","position":2,"name":"Exotische Nutzpflanzen","item":"http:\/\/www.fancyplants.de\/de\/exotichome\/"},{"@type":"ListItem","position":3,"name":"Winterharte Arten","item":"http:\/\/www.fancyplants.de\/de\/exotichome\/whspec\/"},{"@type":"ListItem","position":4,"name":"Maulbeerbaum"}]},{"@type":"WebSite","@id":"http:\/\/www.fancyplants.de\/de\/#website","url":"http:\/\/www.fancyplants.de\/de\/","name":"Fancy Plants - Deutsch","description":"Eine weitere WordPress-Seite","potentialAction":[{"@type":"SearchAction","target":{"@type":"EntryPoint","urlTemplate":"http:\/\/www.fancyplants.de\/de\/?s={search_term_string}"},"query-input":{"@type":"PropertyValueSpecification","valueRequired":true,"valueName":"search_term_string"}}],"inLanguage":"de"}]}},"_links":{"self":[{"href":"http:\/\/www.fancyplants.de\/de\/wp-json\/wp\/v2\/pages\/996","targetHints":{"allow":["GET"]}}],"collection":[{"href":"http:\/\/www.fancyplants.de\/de\/wp-json\/wp\/v2\/pages"}],"about":[{"href":"http:\/\/www.fancyplants.de\/de\/wp-json\/wp\/v2\/types\/page"}],"author":[{"embeddable":true,"href":"http:\/\/www.fancyplants.de\/de\/wp-json\/wp\/v2\/users\/1"}],"replies":[{"embeddable":true,"href":"http:\/\/www.fancyplants.de\/de\/wp-json\/wp\/v2\/comments?post=996"}],"version-history":[{"count":2,"href":"http:\/\/www.fancyplants.de\/de\/wp-json\/wp\/v2\/pages\/996\/revisions"}],"predecessor-version":[{"id":2972,"href":"http:\/\/www.fancyplants.de\/de\/wp-json\/wp\/v2\/pages\/996\/revisions\/2972"}],"up":[{"embeddable":true,"href":"http:\/\/www.fancyplants.de\/de\/wp-json\/wp\/v2\/pages\/724"}],"wp:attachment":[{"href":"http:\/\/www.fancyplants.de\/de\/wp-json\/wp\/v2\/media?parent=996"}],"curies":[{"name":"wp","href":"https:\/\/api.w.org\/{rel}","templated":true}]}}