{"id":994,"date":"2015-07-06T08:15:25","date_gmt":"2015-07-06T06:15:25","guid":{"rendered":"http:\/\/www.fancyplants.de\/de\/?page_id=994"},"modified":"2019-10-15T08:50:36","modified_gmt":"2019-10-15T06:50:36","slug":"mandelbaum","status":"publish","type":"page","link":"http:\/\/www.fancyplants.de\/de\/exotichome\/whspec\/mandelbaum\/","title":{"rendered":"Mandelbaum"},"content":{"rendered":"<div class=\"fusion-fullwidth fullwidth-box fusion-builder-row-1 hundred-percent-fullwidth non-hundred-percent-height-scrolling\" style=\"--awb-border-radius-top-left:0px;--awb-border-radius-top-right:0px;--awb-border-radius-bottom-right:0px;--awb-border-radius-bottom-left:0px;--awb-overflow:visible;--awb-flex-wrap:wrap;\" ><div class=\"fusion-builder-row fusion-row\"><div class=\"fusion-layout-column fusion_builder_column fusion-builder-column-0 fusion_builder_column_1_1 1_1 fusion-one-full fusion-column-first fusion-column-last\" style=\"--awb-bg-size:cover;\"><div class=\"fusion-column-wrapper fusion-flex-column-wrapper-legacy\"><div class=\"fusion-title title fusion-title-1 fusion-title-text fusion-title-size-one\"><h1 class=\"fusion-title-heading title-heading-left\" style=\"margin:0;\">Mandelbaum (<i>Prunus dulcis<\/i>)<\/h1><span class=\"awb-title-spacer\"><\/span><div class=\"title-sep-container\"><div class=\"title-sep sep-single sep-solid\" style=\"border-color:#3e3e3e;\"><\/div><\/div><\/div><div class=\"fusion-clearfix\"><\/div><\/div><\/div><div class=\"fusion-layout-column fusion_builder_column fusion-builder-column-1 fusion_builder_column_3_4 3_4 fusion-three-fourth fusion-column-first\" style=\"--awb-bg-size:cover;width:74%; margin-right: 4%;\"><div class=\"fusion-column-wrapper fusion-flex-column-wrapper-legacy\"><div class=\"fusion-title title fusion-title-2 fusion-title-text fusion-title-size-two\"><h2 class=\"fusion-title-heading title-heading-left\" style=\"margin:0;\">Im \u00dcberblick<\/h2><span class=\"awb-title-spacer\"><\/span><div class=\"title-sep-container\"><div class=\"title-sep sep-single sep-solid\" style=\"border-color:#3e3e3e;\"><\/div><\/div><\/div><div class=\"fusion-text fusion-text-1\"><div class=\"intextr\"><a class=\"lupe200\" title=\"Mandelbaum (Prunus dulcis), 2011.\" href=\"..\/..\/..\/..\/images\/plants\/mandel.jpg\" data-gallery=\"\"><img decoding=\"async\" src=\"..\/..\/..\/..\/images\/plants\/mandels.jpg\" alt=\"Mandelbaum (Prunus dulcis), 2011.\" width=\"200\" height=\"200\" \/><span><\/span><\/a><\/div>\n<h2><\/h2>\n<p>Die Fr\u00fcchte des Echten Mandelbaums kennt jeder. Unter guten Umst\u00e4nden kann man diese direkt aus dem eigenen Garten beziehen. Der Echte Mandelbaum ist ein Vertreter der Rosengew\u00e4chse (<i>Rosaceae<\/i>) aus S\u00fcdwestasien.<\/p>\n<\/div><div class=\"fusion-title title fusion-title-3 fusion-title-text fusion-title-size-two\"><h2 class=\"fusion-title-heading title-heading-left\" style=\"margin:0;\">Beschreibung<\/h2><span class=\"awb-title-spacer\"><\/span><div class=\"title-sep-container\"><div class=\"title-sep sep-single sep-solid\" style=\"border-color:#3e3e3e;\"><\/div><\/div><\/div><div class=\"fusion-text fusion-text-2\"><p>Beim Echten Mandelbaum handelt es sich um einen kleinen sommergr\u00fcnen Baum mit einer maximalen H\u00f6he von sechs Metern. Die gl\u00e4nzenden Bl\u00e4tter sind l\u00e4nglich, bereits im zeitigen Fr\u00fchjahr treibt ein Mandelbaum reichlich wei\u00dfe Bl\u00fcten, aus den durch Insektenbest\u00e4ubung die Steinfr\u00fcchte hervorgehen. Die \u00e4u\u00dfere, gr\u00fcne Schale springt bei Vollreife auf und gibt die innere, hellbraune, strukturierte Schale frei. Diese umh\u00fcllt das Innerste, die eigentliche Mandel.<\/p>\n<\/div><div class=\"fusion-title title fusion-title-4 fusion-title-text fusion-title-size-two\"><h2 class=\"fusion-title-heading title-heading-left\" style=\"margin:0;\">Kultur<\/h2><span class=\"awb-title-spacer\"><\/span><div class=\"title-sep-container\"><div class=\"title-sep sep-single sep-solid\" style=\"border-color:#3e3e3e;\"><\/div><\/div><\/div><div class=\"fusion-text fusion-text-3\"><p>Der Baum ist selbst gut frosthart. Hauptproblem beim Echten Mandelbaum ist die fr\u00fche Bl\u00fcte im M\u00e4rz bis April. Dadurch ist er sehr sp\u00e4tfrostgef\u00e4hrdet. W\u00e4hlen Sie somit eine Sorte mit m\u00f6glichst sp\u00e4ter Bl\u00fctezeit. Ein g\u00fcnstiger Standort ist etwas gesch\u00fctzt zwischen anderen Obstb\u00e4umen oder an einer Hausmauer. Auch der Fruchtbehang ist durch einen K\u00e4lteeinbruch gef\u00e4hrdet und wird unter ung\u00fcnstigen Umst\u00e4nden komplett abgeworfen. Bez\u00fcglich der Bodenbeschaffenheit sind eher geringe Anspr\u00fcche vorhanden. Ein regelm\u00e4\u00dfiger Schnitt wird gut vertragen.<\/p>\n<\/div><div class=\"fusion-title title fusion-title-5 fusion-title-text fusion-title-size-two\"><h2 class=\"fusion-title-heading title-heading-left\" style=\"margin:0;\">Erfahrungen<\/h2><span class=\"awb-title-spacer\"><\/span><div class=\"title-sep-container\"><div class=\"title-sep sep-single sep-solid\" style=\"border-color:#3e3e3e;\"><\/div><\/div><\/div><div class=\"fusion-text fusion-text-4\"><h3>2009<\/h3>\n<p>Im Sommer 2009 hatte ich auch einen Mandelbaum gepflanzt.<\/p>\n<h3>2010<\/h3>\n<p>Den Winter \u00fcber erhielt er einen Schutz aus Schilfmatten, so dass die frostigen Tage problemlos \u00fcberstanden wurden und er sich im Fr\u00fchjahr in eine zartes Bl\u00fctenmeer h\u00fcllte. Etwas sp\u00e4ter setzte er etwa drei dutzend kleine Mandeln an, die aber nach einem sp\u00e4teren K\u00e4lteeinbruch leider alle abgeworfen wurden.<\/p>\n<h3>2011<\/h3>\n<p>Der Winter wurde ohne Schutz gut \u00fcberstanden. Einzelne Zweige waren um wenige Zentimeter zur\u00fcckgefroren. Die Bl\u00fcte fiel im Vergleich zum Vorjahr sehr d\u00fcrftig aus. Eine Ursache hierf\u00fcr konnte ich nicht ausmachen. Das Wachstum h\u00e4lt sich bislang aufgrund der Trockenheit sehr in Grenzen.<\/p>\n<\/div><div class=\"fusion-clearfix\"><\/div><\/div><\/div><div class=\"fusion-layout-column fusion_builder_column fusion-builder-column-2 fusion_builder_column_1_4 1_4 fusion-one-fourth fusion-column-last\" style=\"--awb-bg-size:cover;width:22%;\"><div class=\"fusion-column-wrapper fusion-flex-column-wrapper-legacy\"><style type='text\/css'>.reading-box-container-1 .element-bottomshadow:before,.reading-box-container-1 .element-bottomshadow:after{opacity:0.7;}<\/style><div class=\"fusion-reading-box-container reading-box-container-1\" style=\"--awb-title-color:#ddbd73;--awb-margin-top:0px;--awb-margin-bottom:84px;\"><div class=\"reading-box element-bottomshadow\" style=\"background-color:#3e3e3e;border-width:1px;border-color:#3e3e3e;border-top-width:3px;border-top-color:var(--primary_color);border-style:solid;\"><div class=\"reading-box-additional\"><ul style=\"--awb-size:13px;--awb-line-height:22.1px;--awb-icon-width:22.1px;--awb-icon-height:22.1px;--awb-icon-margin:9.1px;--awb-content-margin:31.2px;--awb-circlecolor:#a0ce4e;--awb-circle-yes-font-size:11.44px;\" class=\"fusion-checklist fusion-checklist-1 fusion-checklist-default type-icons\"><li class=\"fusion-li-item\" style=\"\"><span class=\"icon-wrapper circle-yes\"><i class=\"fusion-li-icon fa fa-share-alt\" aria-hidden=\"true\"><\/i><\/span><div class=\"fusion-li-item-content\">\n<h2>Systematik<\/h2>\n<\/div><\/li><li class=\"fusion-li-item\" style=\"\"><span class=\"icon-wrapper circle-yes\"><i class=\"fusion-li-icon fa fa-caret-right\" aria-hidden=\"true\"><\/i><\/span><div class=\"fusion-li-item-content\">Ordnung: Rosenartige (Rosales)<\/div><\/li><li class=\"fusion-li-item\" style=\"\"><span class=\"icon-wrapper circle-yes\"><i class=\"fusion-li-icon fa fa-caret-right\" aria-hidden=\"true\"><\/i><\/span><div class=\"fusion-li-item-content\">Familie: Rosengew\u00e4chse (Rosaceae)<\/div><\/li><li class=\"fusion-li-item\" style=\"\"><span class=\"icon-wrapper circle-yes\"><i class=\"fusion-li-icon fa fa-caret-right\" aria-hidden=\"true\"><\/i><\/span><div class=\"fusion-li-item-content\">Unterfamilie: Spiraeoideae<\/div><\/li><li class=\"fusion-li-item\" style=\"\"><span class=\"icon-wrapper circle-yes\"><i class=\"fusion-li-icon fa fa-caret-right\" aria-hidden=\"true\"><\/i><\/span><div class=\"fusion-li-item-content\">Tribus: Steinobstgew\u00e4chse (Amygdaleae)<\/div><\/li><li class=\"fusion-li-item\" style=\"\"><span class=\"icon-wrapper circle-yes\"><i class=\"fusion-li-icon fa fa-caret-right\" aria-hidden=\"true\"><\/i><\/span><div class=\"fusion-li-item-content\">Gattung: Prunus<\/div><\/li><\/ul><\/div><div class=\"fusion-clearfix\"><\/div><\/div><\/div><style type='text\/css'>.reading-box-container-2 .element-bottomshadow:before,.reading-box-container-2 .element-bottomshadow:after{opacity:0.7;}<\/style><div class=\"fusion-reading-box-container reading-box-container-2\" style=\"--awb-title-color:#ddbd73;--awb-margin-top:0px;--awb-margin-bottom:84px;\"><div class=\"reading-box element-bottomshadow\" style=\"background-color:#3e3e3e;border-width:1px;border-color:#3e3e3e;border-top-width:3px;border-top-color:var(--primary_color);border-style:solid;\"><div class=\"reading-box-additional\"><ul style=\"--awb-size:13px;--awb-line-height:22.1px;--awb-icon-width:22.1px;--awb-icon-height:22.1px;--awb-icon-margin:9.1px;--awb-content-margin:31.2px;--awb-circlecolor:#a0ce4e;--awb-circle-yes-font-size:11.44px;\" class=\"fusion-checklist fusion-checklist-2 fusion-checklist-default type-icons\"><li class=\"fusion-li-item\" style=\"\"><span class=\"icon-wrapper circle-yes\"><i class=\"fusion-li-icon fa fa-sort-amount-asc\" aria-hidden=\"true\"><\/i><\/span><div class=\"fusion-li-item-content\">\n<h2>Vermehrung<\/h2>\n<\/div><\/li><li class=\"fusion-li-item\" style=\"\"><span class=\"icon-wrapper circle-yes\"><i class=\"fusion-li-icon fa fa-futbol-o\" aria-hidden=\"true\"><\/i><\/span><div class=\"fusion-li-item-content\">generativ<\/div><\/li><\/ul><\/div><div class=\"fusion-clearfix\"><\/div><\/div><\/div><style type='text\/css'>.reading-box-container-3 .element-bottomshadow:before,.reading-box-container-3 .element-bottomshadow:after{opacity:0.7;}<\/style><div class=\"fusion-reading-box-container reading-box-container-3\" style=\"--awb-title-color:#ddbd73;--awb-margin-top:0px;--awb-margin-bottom:84px;\"><div class=\"reading-box element-bottomshadow\" style=\"background-color:#3e3e3e;border-width:1px;border-color:#3e3e3e;border-top-width:3px;border-top-color:var(--primary_color);border-style:solid;\"><div class=\"reading-box-additional\"><ul style=\"--awb-size:13px;--awb-line-height:22.1px;--awb-icon-width:22.1px;--awb-icon-height:22.1px;--awb-icon-margin:9.1px;--awb-content-margin:31.2px;--awb-circlecolor:#a0ce4e;--awb-circle-yes-font-size:11.44px;\" class=\"fusion-checklist fusion-checklist-3 fusion-checklist-default type-icons\"><li class=\"fusion-li-item\" style=\"\"><span class=\"icon-wrapper circle-yes\"><i class=\"fusion-li-icon fa fa-scissors\" aria-hidden=\"true\"><\/i><\/span><div class=\"fusion-li-item-content\">\n<h2>Kultur<\/h2>\n<\/div><\/li><li class=\"fusion-li-item\" style=\"\"><span class=\"icon-wrapper circle-yes\"><i class=\"fusion-li-icon fa fa-sort\" aria-hidden=\"true\"><\/i><\/span><div class=\"fusion-li-item-content\">mittelschwer<\/div><\/li><\/ul><\/div><div class=\"fusion-clearfix\"><\/div><\/div><\/div><style type='text\/css'>.reading-box-container-4 .element-bottomshadow:before,.reading-box-container-4 .element-bottomshadow:after{opacity:0.7;}<\/style><div class=\"fusion-reading-box-container reading-box-container-4\" style=\"--awb-title-color:#ddbd73;--awb-margin-top:0px;--awb-margin-bottom:84px;\"><div class=\"reading-box element-bottomshadow\" style=\"background-color:#3e3e3e;border-width:1px;border-color:#3e3e3e;border-top-width:3px;border-top-color:var(--primary_color);border-style:solid;\"><div class=\"reading-box-additional\"><ul style=\"--awb-size:13px;--awb-line-height:22.1px;--awb-icon-width:22.1px;--awb-icon-height:22.1px;--awb-icon-margin:9.1px;--awb-content-margin:31.2px;--awb-circlecolor:#a0ce4e;--awb-circle-yes-font-size:11.44px;\" class=\"fusion-checklist fusion-checklist-4 fusion-checklist-default type-icons\"><li class=\"fusion-li-item\" style=\"\"><span class=\"icon-wrapper circle-yes\"><i class=\"fusion-li-icon fa fa-apple\" aria-hidden=\"true\"><\/i><\/span><div class=\"fusion-li-item-content\">\n<h2>Fr\u00fcchte<\/h2>\n<\/div><\/li><li class=\"fusion-li-item\" style=\"\"><span class=\"icon-wrapper circle-yes\"><i class=\"fusion-li-icon fa fa-sort\" aria-hidden=\"true\"><\/i><\/span><div class=\"fusion-li-item-content\">eventuell<\/div><\/li><\/ul><\/div><div class=\"fusion-clearfix\"><\/div><\/div><\/div><style type='text\/css'>.reading-box-container-5 .element-bottomshadow:before,.reading-box-container-5 .element-bottomshadow:after{opacity:0.7;}<\/style><div class=\"fusion-reading-box-container reading-box-container-5\" style=\"--awb-title-color:#ddbd73;--awb-margin-top:0px;--awb-margin-bottom:84px;\"><div class=\"reading-box element-bottomshadow\" style=\"background-color:#3e3e3e;border-width:1px;border-color:#3e3e3e;border-top-width:3px;border-top-color:var(--primary_color);border-style:solid;\"><div class=\"reading-box-additional\"><ul style=\"--awb-size:13px;--awb-line-height:22.1px;--awb-icon-width:22.1px;--awb-icon-height:22.1px;--awb-icon-margin:9.1px;--awb-content-margin:31.2px;--awb-circlecolor:#a0ce4e;--awb-circle-yes-font-size:11.44px;\" class=\"fusion-checklist fusion-checklist-5 fusion-checklist-default type-icons\"><li class=\"fusion-li-item\" style=\"\"><span class=\"icon-wrapper circle-yes\"><i class=\"fusion-li-icon fa fa-bolt\" aria-hidden=\"true\"><\/i><\/span><div class=\"fusion-li-item-content\">\n<h2>USDA &#8211; Zone<\/h2>\n<\/div><\/li><li class=\"fusion-li-item\" style=\"\"><span class=\"icon-wrapper circle-yes\"><i class=\"fusion-li-icon fa fa-caret-right\" aria-hidden=\"true\"><\/i><\/span><div class=\"fusion-li-item-content\">7a (-17,7\u00b0C)<\/div><\/li><\/ul><\/div><div class=\"fusion-clearfix\"><\/div><\/div><\/div><div class=\"fusion-clearfix\"><\/div><\/div><\/div><\/div><\/div>","protected":false},"excerpt":{"rendered":"","protected":false},"author":1,"featured_media":0,"parent":724,"menu_order":0,"comment_status":"open","ping_status":"open","template":"","meta":{"footnotes":""},"class_list":["post-994","page","type-page","status-publish","hentry"],"yoast_head":"<!-- This site is optimized with the Yoast SEO plugin v26.9 - https:\/\/yoast.com\/product\/yoast-seo-wordpress\/ -->\n<title>Mandelbaum - Fancy Plants - Deutsch<\/title>\n<meta name=\"description\" content=\"Der Mandelbaum (Prunus dulcis), ein Vertreter der Rosengew\u00e4chse (Rosaceae), l\u00e4sst sich mit meiner Anleitung einfach selbst anziehen und vermehren. Auch deren weitere Kultur ist nicht schwer. Nach wenigen Jahren unkomplizierter Pflege l\u00e4sst sich eine frische Mandel selber ernten.\" \/>\n<meta name=\"robots\" content=\"index, follow, max-snippet:-1, max-image-preview:large, max-video-preview:-1\" \/>\n<link rel=\"canonical\" href=\"http:\/\/www.fancyplants.de\/de\/exotichome\/whspec\/mandelbaum\/\" \/>\n<meta property=\"og:locale\" content=\"de_DE\" \/>\n<meta property=\"og:type\" content=\"article\" \/>\n<meta property=\"og:title\" content=\"Mandelbaum - Fancy Plants - Deutsch\" \/>\n<meta property=\"og:description\" content=\"Der Mandelbaum (Prunus dulcis), ein Vertreter der Rosengew\u00e4chse (Rosaceae), l\u00e4sst sich mit meiner Anleitung einfach selbst anziehen und vermehren. Auch deren weitere Kultur ist nicht schwer. Nach wenigen Jahren unkomplizierter Pflege l\u00e4sst sich eine frische Mandel selber ernten.\" \/>\n<meta property=\"og:url\" content=\"http:\/\/www.fancyplants.de\/de\/exotichome\/whspec\/mandelbaum\/\" \/>\n<meta property=\"og:site_name\" content=\"Fancy Plants - Deutsch\" \/>\n<meta property=\"article:modified_time\" content=\"2019-10-15T06:50:36+00:00\" \/>\n<meta name=\"twitter:card\" content=\"summary_large_image\" \/>\n<meta name=\"twitter:label1\" content=\"Gesch\u00e4tzte Lesezeit\" \/>\n\t<meta name=\"twitter:data1\" content=\"5\u00a0Minuten\" \/>\n<script type=\"application\/ld+json\" class=\"yoast-schema-graph\">{\"@context\":\"https:\/\/schema.org\",\"@graph\":[{\"@type\":\"WebPage\",\"@id\":\"http:\/\/www.fancyplants.de\/de\/exotichome\/whspec\/mandelbaum\/\",\"url\":\"http:\/\/www.fancyplants.de\/de\/exotichome\/whspec\/mandelbaum\/\",\"name\":\"Mandelbaum - Fancy Plants - Deutsch\",\"isPartOf\":{\"@id\":\"http:\/\/www.fancyplants.de\/de\/#website\"},\"datePublished\":\"2015-07-06T06:15:25+00:00\",\"dateModified\":\"2019-10-15T06:50:36+00:00\",\"description\":\"Der Mandelbaum (Prunus dulcis), ein Vertreter der Rosengew\u00e4chse (Rosaceae), l\u00e4sst sich mit meiner Anleitung einfach selbst anziehen und vermehren. Auch deren weitere Kultur ist nicht schwer. Nach wenigen Jahren unkomplizierter Pflege l\u00e4sst sich eine frische Mandel selber ernten.\",\"breadcrumb\":{\"@id\":\"http:\/\/www.fancyplants.de\/de\/exotichome\/whspec\/mandelbaum\/#breadcrumb\"},\"inLanguage\":\"de\",\"potentialAction\":[{\"@type\":\"ReadAction\",\"target\":[\"http:\/\/www.fancyplants.de\/de\/exotichome\/whspec\/mandelbaum\/\"]}]},{\"@type\":\"BreadcrumbList\",\"@id\":\"http:\/\/www.fancyplants.de\/de\/exotichome\/whspec\/mandelbaum\/#breadcrumb\",\"itemListElement\":[{\"@type\":\"ListItem\",\"position\":1,\"name\":\"Home\",\"item\":\"http:\/\/www.fancyplants.de\/de\/\"},{\"@type\":\"ListItem\",\"position\":2,\"name\":\"Exotische Nutzpflanzen\",\"item\":\"http:\/\/www.fancyplants.de\/de\/exotichome\/\"},{\"@type\":\"ListItem\",\"position\":3,\"name\":\"Winterharte Arten\",\"item\":\"http:\/\/www.fancyplants.de\/de\/exotichome\/whspec\/\"},{\"@type\":\"ListItem\",\"position\":4,\"name\":\"Mandelbaum\"}]},{\"@type\":\"WebSite\",\"@id\":\"http:\/\/www.fancyplants.de\/de\/#website\",\"url\":\"http:\/\/www.fancyplants.de\/de\/\",\"name\":\"Fancy Plants - Deutsch\",\"description\":\"Eine weitere WordPress-Seite\",\"potentialAction\":[{\"@type\":\"SearchAction\",\"target\":{\"@type\":\"EntryPoint\",\"urlTemplate\":\"http:\/\/www.fancyplants.de\/de\/?s={search_term_string}\"},\"query-input\":{\"@type\":\"PropertyValueSpecification\",\"valueRequired\":true,\"valueName\":\"search_term_string\"}}],\"inLanguage\":\"de\"}]}<\/script>\n<!-- \/ Yoast SEO plugin. -->","yoast_head_json":{"title":"Mandelbaum - Fancy Plants - Deutsch","description":"Der Mandelbaum (Prunus dulcis), ein Vertreter der Rosengew\u00e4chse (Rosaceae), l\u00e4sst sich mit meiner Anleitung einfach selbst anziehen und vermehren. Auch deren weitere Kultur ist nicht schwer. Nach wenigen Jahren unkomplizierter Pflege l\u00e4sst sich eine frische Mandel selber ernten.","robots":{"index":"index","follow":"follow","max-snippet":"max-snippet:-1","max-image-preview":"max-image-preview:large","max-video-preview":"max-video-preview:-1"},"canonical":"http:\/\/www.fancyplants.de\/de\/exotichome\/whspec\/mandelbaum\/","og_locale":"de_DE","og_type":"article","og_title":"Mandelbaum - Fancy Plants - Deutsch","og_description":"Der Mandelbaum (Prunus dulcis), ein Vertreter der Rosengew\u00e4chse (Rosaceae), l\u00e4sst sich mit meiner Anleitung einfach selbst anziehen und vermehren. Auch deren weitere Kultur ist nicht schwer. Nach wenigen Jahren unkomplizierter Pflege l\u00e4sst sich eine frische Mandel selber ernten.","og_url":"http:\/\/www.fancyplants.de\/de\/exotichome\/whspec\/mandelbaum\/","og_site_name":"Fancy Plants - Deutsch","article_modified_time":"2019-10-15T06:50:36+00:00","twitter_card":"summary_large_image","twitter_misc":{"Gesch\u00e4tzte Lesezeit":"5\u00a0Minuten"},"schema":{"@context":"https:\/\/schema.org","@graph":[{"@type":"WebPage","@id":"http:\/\/www.fancyplants.de\/de\/exotichome\/whspec\/mandelbaum\/","url":"http:\/\/www.fancyplants.de\/de\/exotichome\/whspec\/mandelbaum\/","name":"Mandelbaum - Fancy Plants - Deutsch","isPartOf":{"@id":"http:\/\/www.fancyplants.de\/de\/#website"},"datePublished":"2015-07-06T06:15:25+00:00","dateModified":"2019-10-15T06:50:36+00:00","description":"Der Mandelbaum (Prunus dulcis), ein Vertreter der Rosengew\u00e4chse (Rosaceae), l\u00e4sst sich mit meiner Anleitung einfach selbst anziehen und vermehren. Auch deren weitere Kultur ist nicht schwer. Nach wenigen Jahren unkomplizierter Pflege l\u00e4sst sich eine frische Mandel selber ernten.","breadcrumb":{"@id":"http:\/\/www.fancyplants.de\/de\/exotichome\/whspec\/mandelbaum\/#breadcrumb"},"inLanguage":"de","potentialAction":[{"@type":"ReadAction","target":["http:\/\/www.fancyplants.de\/de\/exotichome\/whspec\/mandelbaum\/"]}]},{"@type":"BreadcrumbList","@id":"http:\/\/www.fancyplants.de\/de\/exotichome\/whspec\/mandelbaum\/#breadcrumb","itemListElement":[{"@type":"ListItem","position":1,"name":"Home","item":"http:\/\/www.fancyplants.de\/de\/"},{"@type":"ListItem","position":2,"name":"Exotische Nutzpflanzen","item":"http:\/\/www.fancyplants.de\/de\/exotichome\/"},{"@type":"ListItem","position":3,"name":"Winterharte Arten","item":"http:\/\/www.fancyplants.de\/de\/exotichome\/whspec\/"},{"@type":"ListItem","position":4,"name":"Mandelbaum"}]},{"@type":"WebSite","@id":"http:\/\/www.fancyplants.de\/de\/#website","url":"http:\/\/www.fancyplants.de\/de\/","name":"Fancy Plants - Deutsch","description":"Eine weitere WordPress-Seite","potentialAction":[{"@type":"SearchAction","target":{"@type":"EntryPoint","urlTemplate":"http:\/\/www.fancyplants.de\/de\/?s={search_term_string}"},"query-input":{"@type":"PropertyValueSpecification","valueRequired":true,"valueName":"search_term_string"}}],"inLanguage":"de"}]}},"_links":{"self":[{"href":"http:\/\/www.fancyplants.de\/de\/wp-json\/wp\/v2\/pages\/994","targetHints":{"allow":["GET"]}}],"collection":[{"href":"http:\/\/www.fancyplants.de\/de\/wp-json\/wp\/v2\/pages"}],"about":[{"href":"http:\/\/www.fancyplants.de\/de\/wp-json\/wp\/v2\/types\/page"}],"author":[{"embeddable":true,"href":"http:\/\/www.fancyplants.de\/de\/wp-json\/wp\/v2\/users\/1"}],"replies":[{"embeddable":true,"href":"http:\/\/www.fancyplants.de\/de\/wp-json\/wp\/v2\/comments?post=994"}],"version-history":[{"count":1,"href":"http:\/\/www.fancyplants.de\/de\/wp-json\/wp\/v2\/pages\/994\/revisions"}],"predecessor-version":[{"id":2973,"href":"http:\/\/www.fancyplants.de\/de\/wp-json\/wp\/v2\/pages\/994\/revisions\/2973"}],"up":[{"embeddable":true,"href":"http:\/\/www.fancyplants.de\/de\/wp-json\/wp\/v2\/pages\/724"}],"wp:attachment":[{"href":"http:\/\/www.fancyplants.de\/de\/wp-json\/wp\/v2\/media?parent=994"}],"curies":[{"name":"wp","href":"https:\/\/api.w.org\/{rel}","templated":true}]}}