{"id":992,"date":"2015-07-06T08:15:03","date_gmt":"2015-07-06T06:15:03","guid":{"rendered":"http:\/\/www.fancyplants.de\/de\/?page_id=992"},"modified":"2019-10-23T09:46:42","modified_gmt":"2019-10-23T07:46:42","slug":"lotuspflaume","status":"publish","type":"page","link":"http:\/\/www.fancyplants.de\/de\/exotichome\/whspec\/lotuspflaume\/","title":{"rendered":"Lotuspflaume"},"content":{"rendered":"<div class=\"fusion-fullwidth fullwidth-box fusion-builder-row-1 hundred-percent-fullwidth non-hundred-percent-height-scrolling\" style=\"--awb-border-radius-top-left:0px;--awb-border-radius-top-right:0px;--awb-border-radius-bottom-right:0px;--awb-border-radius-bottom-left:0px;--awb-overflow:visible;--awb-flex-wrap:wrap;\" ><div class=\"fusion-builder-row fusion-row\"><div class=\"fusion-layout-column fusion_builder_column fusion-builder-column-0 fusion_builder_column_1_1 1_1 fusion-one-full fusion-column-first fusion-column-last\" style=\"--awb-bg-size:cover;\"><div class=\"fusion-column-wrapper fusion-flex-column-wrapper-legacy\"><div class=\"fusion-title title fusion-title-1 fusion-title-text fusion-title-size-one\"><h1 class=\"fusion-title-heading title-heading-left\" style=\"margin:0;\">Lotuspflaume (<i>Diospyrus lotus<\/i>)<\/h1><span class=\"awb-title-spacer\"><\/span><div class=\"title-sep-container\"><div class=\"title-sep sep-single sep-solid\" style=\"border-color:#3e3e3e;\"><\/div><\/div><\/div><div class=\"fusion-clearfix\"><\/div><\/div><\/div><div class=\"fusion-layout-column fusion_builder_column fusion-builder-column-1 fusion_builder_column_3_4 3_4 fusion-three-fourth fusion-column-first\" style=\"--awb-bg-size:cover;width:74%; margin-right: 4%;\"><div class=\"fusion-column-wrapper fusion-flex-column-wrapper-legacy\"><div class=\"fusion-title title fusion-title-2 fusion-title-text fusion-title-size-two\"><h2 class=\"fusion-title-heading title-heading-left\" style=\"margin:0;\">Im \u00dcberblick<\/h2><span class=\"awb-title-spacer\"><\/span><div class=\"title-sep-container\"><div class=\"title-sep sep-single sep-solid\" style=\"border-color:#3e3e3e;\"><\/div><\/div><\/div><div class=\"fusion-text fusion-text-1\"><div class=\"intextr\"><a class=\"lupe200\" title=\"Neuaustrieb einer Lotuspflaume, Sommer 2011.\" href=\"..\/..\/..\/..\/images\/plants\/lotus.jpg\" data-gallery=\"\"><img decoding=\"async\" src=\"..\/..\/..\/..\/images\/plants\/lotuss.jpg\" alt=\"Neuaustrieb einer Lotuspflaume, Sommer 2011.\" width=\"200\" height=\"200\" \/><span><\/span><\/a><\/div>\n<p>Ein naher Verwandter der Kaki ist die frosth\u00e4rtere Lotuspflaume. Dieser Vertreter der Ebenholzgew\u00e4chse (<i>Ebenaceae<\/i>) stammt aus China.<\/p>\n<\/div><div class=\"fusion-title title fusion-title-3 fusion-title-text fusion-title-size-two\"><h2 class=\"fusion-title-heading title-heading-left\" style=\"margin:0;\">Beschreibung<\/h2><span class=\"awb-title-spacer\"><\/span><div class=\"title-sep-container\"><div class=\"title-sep sep-single sep-solid\" style=\"border-color:#3e3e3e;\"><\/div><\/div><\/div><div class=\"fusion-text fusion-text-2\"><p>Lotuspflaumen werden B\u00e4ume bis zu einer H\u00f6he von 30 Meter. Das Laub ist \u00e4hnlich wie bei der Kaki. Die ein bis zwei Zentimeter durchmessende Fr\u00fcchte werden bis zum Herbst blauschwarz und sind dann reif. Der Geschmack ist mild-s\u00fc\u00df, eher etwas fade. Lotuspflaumen finden seit langem Verwendung als Veredelungsgrundlage f\u00fcr Kakis.<\/p>\n<\/div><div class=\"fusion-title title fusion-title-4 fusion-title-text fusion-title-size-two\"><h2 class=\"fusion-title-heading title-heading-left\" style=\"margin:0;\">Kultur<\/h2><span class=\"awb-title-spacer\"><\/span><div class=\"title-sep-container\"><div class=\"title-sep sep-single sep-solid\" style=\"border-color:#3e3e3e;\"><\/div><\/div><\/div><div class=\"fusion-text fusion-text-3\"><p>Lotuspflaumen sind relativ anspruchslos. Die Frosth\u00e4rte ist mit -20\u00b0C gut.<\/p>\n<\/div><div class=\"fusion-title title fusion-title-5 fusion-title-text fusion-title-size-two\"><h2 class=\"fusion-title-heading title-heading-left\" style=\"margin:0;\">Erfahrungen<\/h2><span class=\"awb-title-spacer\"><\/span><div class=\"title-sep-container\"><div class=\"title-sep sep-single sep-solid\" style=\"border-color:#3e3e3e;\"><\/div><\/div><\/div><div class=\"fusion-text fusion-text-4\"><h3>2010<\/h3>\n<p>Im Fr\u00fchjahr bestellte ich \u00fcber das Internet eine Lotuspflaume, die leider erst im Sommer geliefert wurde. Trotz t\u00e4glicher Wassergabe wurzelte das Exemplar nur schlecht an und zeigte nur einen sehr sp\u00e4rlichen Austrieb.<\/p>\n<h3>2011<\/h3>\n<div class=\"intextr\"><a class=\"lupe200\" title=\"Fr\u00fcchte der Lotuspflaume, Oktober 2018.\" href=\"..\/..\/..\/..\/images\/plants\/lotuspflaumefrucht.jpg\" data-gallery=\"\"><img decoding=\"async\" src=\"..\/..\/..\/..\/images\/plants\/lotuspflaumefruchta.jpg\" alt=\"Fr\u00fcchte der Lotuspflaume, Oktober 2018.\" width=\"200\" height=\"200\" \/><span><\/span><\/a><\/div>\n<p>Das Exemplar hatte den Winter nicht \u00fcberlebt. Wahrscheinlich war sie bereits im Herbst eingegangen. Ebenso fiel mein Kakibaum dem Winter zum Opfer. Allerdings trieb dieser im Fr\u00fchjahr aus der Veredelungsgrundlage kr\u00e4ftig neu aus. Klassischerweise handelt es sich bei den Veredelungsgrundlagen von Kakib\u00e4umen um Lotuspflaumen.<\/p>\n<h3>2012 &#8211; 2019<\/h3>\n<p>Seit 2012 wuchs die Pflanze zu einem kleinen Baum mit einer H\u00f6he von \u00fcber drei Metern heran. Die Frosth\u00e4rte ist hervorragend. Seit 2014 bl\u00fcht das Exemplar j\u00e4hrlich und setzt reichlich kleine Fr\u00fcchte an, die sich nach dem ersten Frost bl\u00e4ulich verf\u00e4rben. Vor Frosteinwirkung sind die Fr\u00fcchte ungenie\u00dfbar, danach jedoch auch kein Hochgenuss. Der Geschmack ist einigerma\u00dfen s\u00fc\u00df, aber fade und ohne Aroma.<\/p>\n<p>Samen k\u00f6nnen Sie an dieser <a href=\"http:\/\/www.amazon.de\/gp\/product\/B001KUYZRI?ie=UTF8&amp;tag=fancplan-21&amp;linkCode=as2&amp;camp=1638&amp;creative=19454&amp;creativeASIN=B001KUYZRI\" target=\"_blank\" rel=\"noopener noreferrer\"> Stelle<\/a><img decoding=\"async\" src=\"http:\/\/www.assoc-amazon.de\/e\/ir?t=fancplan-21&amp;l=as2&amp;o=3&amp;a=B001KUYZRI\" alt=\"\" width=\"1\" height=\"1\" border=\"0\" \/> bei Amazon beziehen.<\/p>\n<\/div><div class=\"fusion-clearfix\"><\/div><\/div><\/div><div class=\"fusion-layout-column fusion_builder_column fusion-builder-column-2 fusion_builder_column_1_4 1_4 fusion-one-fourth fusion-column-last\" style=\"--awb-bg-size:cover;width:22%;\"><div class=\"fusion-column-wrapper fusion-flex-column-wrapper-legacy\"><style type='text\/css'>.reading-box-container-1 .element-bottomshadow:before,.reading-box-container-1 .element-bottomshadow:after{opacity:0.7;}<\/style><div class=\"fusion-reading-box-container reading-box-container-1\" style=\"--awb-title-color:#ddbd73;--awb-margin-top:0px;--awb-margin-bottom:84px;\"><div class=\"reading-box element-bottomshadow\" style=\"background-color:#3e3e3e;border-width:1px;border-color:#3e3e3e;border-top-width:3px;border-top-color:var(--primary_color);border-style:solid;\"><div class=\"reading-box-additional\"><ul style=\"--awb-size:13px;--awb-line-height:22.1px;--awb-icon-width:22.1px;--awb-icon-height:22.1px;--awb-icon-margin:9.1px;--awb-content-margin:31.2px;--awb-circlecolor:#a0ce4e;--awb-circle-yes-font-size:11.44px;\" class=\"fusion-checklist fusion-checklist-1 fusion-checklist-default type-icons\"><li class=\"fusion-li-item\" style=\"\"><span class=\"icon-wrapper circle-yes\"><i class=\"fusion-li-icon fa fa-share-alt\" aria-hidden=\"true\"><\/i><\/span><div class=\"fusion-li-item-content\">\r\n<h2>Systematik<\/h2>\r\n<\/div><\/li><li class=\"fusion-li-item\" style=\"\"><span class=\"icon-wrapper circle-yes\"><i class=\"fusion-li-icon fa fa-caret-right\" aria-hidden=\"true\"><\/i><\/span><div class=\"fusion-li-item-content\">Ordnung: Heidekrautartige (Ericales)<\/div><\/li><li class=\"fusion-li-item\" style=\"\"><span class=\"icon-wrapper circle-yes\"><i class=\"fusion-li-icon fa fa-caret-right\" aria-hidden=\"true\"><\/i><\/span><div class=\"fusion-li-item-content\">Familie: Ebenholzgew\u00e4chse (Ebenaceae)<\/div><\/li><li class=\"fusion-li-item\" style=\"\"><span class=\"icon-wrapper circle-yes\"><i class=\"fusion-li-icon fa fa-caret-right\" aria-hidden=\"true\"><\/i><\/span><div class=\"fusion-li-item-content\">Unterfamilie: Ebenoideae<\/div><\/li><li class=\"fusion-li-item\" style=\"\"><span class=\"icon-wrapper circle-yes\"><i class=\"fusion-li-icon fa fa-caret-right\" aria-hidden=\"true\"><\/i><\/span><div class=\"fusion-li-item-content\">Gattung: Ebenholzb\u00e4ume (Diospyros)<\/div><\/li><\/ul><\/div><div class=\"fusion-clearfix\"><\/div><\/div><\/div><style type='text\/css'>.reading-box-container-2 .element-bottomshadow:before,.reading-box-container-2 .element-bottomshadow:after{opacity:0.7;}<\/style><div class=\"fusion-reading-box-container reading-box-container-2\" style=\"--awb-title-color:#ddbd73;--awb-margin-top:0px;--awb-margin-bottom:84px;\"><div class=\"reading-box element-bottomshadow\" style=\"background-color:#3e3e3e;border-width:1px;border-color:#3e3e3e;border-top-width:3px;border-top-color:var(--primary_color);border-style:solid;\"><div class=\"reading-box-additional\"><ul style=\"--awb-size:13px;--awb-line-height:22.1px;--awb-icon-width:22.1px;--awb-icon-height:22.1px;--awb-icon-margin:9.1px;--awb-content-margin:31.2px;--awb-circlecolor:#a0ce4e;--awb-circle-yes-font-size:11.44px;\" class=\"fusion-checklist fusion-checklist-2 fusion-checklist-default type-icons\"><li class=\"fusion-li-item\" style=\"\"><span class=\"icon-wrapper circle-yes\"><i class=\"fusion-li-icon fa fa-sort-amount-asc\" aria-hidden=\"true\"><\/i><\/span><div class=\"fusion-li-item-content\">\r\n<h2>Vermehrung<\/h2>\r\n<\/div><\/li><li class=\"fusion-li-item\" style=\"\"><span class=\"icon-wrapper circle-yes\"><i class=\"fusion-li-icon fa fa-futbol-o\" aria-hidden=\"true\"><\/i><\/span><div class=\"fusion-li-item-content\">generativ<\/div><\/li><\/ul><\/div><div class=\"fusion-clearfix\"><\/div><\/div><\/div><style type='text\/css'>.reading-box-container-3 .element-bottomshadow:before,.reading-box-container-3 .element-bottomshadow:after{opacity:0.7;}<\/style><div class=\"fusion-reading-box-container reading-box-container-3\" style=\"--awb-title-color:#ddbd73;--awb-margin-top:0px;--awb-margin-bottom:84px;\"><div class=\"reading-box element-bottomshadow\" style=\"background-color:#3e3e3e;border-width:1px;border-color:#3e3e3e;border-top-width:3px;border-top-color:var(--primary_color);border-style:solid;\"><div class=\"reading-box-additional\"><ul style=\"--awb-size:13px;--awb-line-height:22.1px;--awb-icon-width:22.1px;--awb-icon-height:22.1px;--awb-icon-margin:9.1px;--awb-content-margin:31.2px;--awb-circlecolor:#a0ce4e;--awb-circle-yes-font-size:11.44px;\" class=\"fusion-checklist fusion-checklist-3 fusion-checklist-default type-icons\"><li class=\"fusion-li-item\" style=\"\"><span class=\"icon-wrapper circle-yes\"><i class=\"fusion-li-icon fa fa-scissors\" aria-hidden=\"true\"><\/i><\/span><div class=\"fusion-li-item-content\">\r\n<h2>Kultur<\/h2>\r\n<\/div><\/li><li class=\"fusion-li-item\" style=\"\"><span class=\"icon-wrapper circle-yes\"><i class=\"fusion-li-icon fa fa-sort\" aria-hidden=\"true\"><\/i><\/span><div class=\"fusion-li-item-content\">mittelschwer<\/div><\/li><\/ul><\/div><div class=\"fusion-clearfix\"><\/div><\/div><\/div><style type='text\/css'>.reading-box-container-4 .element-bottomshadow:before,.reading-box-container-4 .element-bottomshadow:after{opacity:0.7;}<\/style><div class=\"fusion-reading-box-container reading-box-container-4\" style=\"--awb-title-color:#ddbd73;--awb-margin-top:0px;--awb-margin-bottom:84px;\"><div class=\"reading-box element-bottomshadow\" style=\"background-color:#3e3e3e;border-width:1px;border-color:#3e3e3e;border-top-width:3px;border-top-color:var(--primary_color);border-style:solid;\"><div class=\"reading-box-additional\"><ul style=\"--awb-size:13px;--awb-line-height:22.1px;--awb-icon-width:22.1px;--awb-icon-height:22.1px;--awb-icon-margin:9.1px;--awb-content-margin:31.2px;--awb-circlecolor:#a0ce4e;--awb-circle-yes-font-size:11.44px;\" class=\"fusion-checklist fusion-checklist-4 fusion-checklist-default type-icons\"><li class=\"fusion-li-item\" style=\"\"><span class=\"icon-wrapper circle-yes\"><i class=\"fusion-li-icon fa fa-apple\" aria-hidden=\"true\"><\/i><\/span><div class=\"fusion-li-item-content\">\r\n<h2>Fr\u00fcchte<\/h2>\r\n<\/div><\/li><li class=\"fusion-li-item\" style=\"\"><span class=\"icon-wrapper circle-yes\"><i class=\"fusion-li-icon fa fa-caret-up\" aria-hidden=\"true\"><\/i><\/span><div class=\"fusion-li-item-content\">h\u00e4ufig<\/div><\/li><\/ul><\/div><div class=\"fusion-clearfix\"><\/div><\/div><\/div><style type='text\/css'>.reading-box-container-5 .element-bottomshadow:before,.reading-box-container-5 .element-bottomshadow:after{opacity:0.7;}<\/style><div class=\"fusion-reading-box-container reading-box-container-5\" style=\"--awb-title-color:#ddbd73;--awb-margin-top:0px;--awb-margin-bottom:84px;\"><div class=\"reading-box element-bottomshadow\" style=\"background-color:#3e3e3e;border-width:1px;border-color:#3e3e3e;border-top-width:3px;border-top-color:var(--primary_color);border-style:solid;\"><div class=\"reading-box-additional\"><ul style=\"--awb-size:13px;--awb-line-height:22.1px;--awb-icon-width:22.1px;--awb-icon-height:22.1px;--awb-icon-margin:9.1px;--awb-content-margin:31.2px;--awb-circlecolor:#a0ce4e;--awb-circle-yes-font-size:11.44px;\" class=\"fusion-checklist fusion-checklist-5 fusion-checklist-default type-icons\"><li class=\"fusion-li-item\" style=\"\"><span class=\"icon-wrapper circle-yes\"><i class=\"fusion-li-icon fa fa-bolt\" aria-hidden=\"true\"><\/i><\/span><div class=\"fusion-li-item-content\">\r\n<h2>USDA &#8211; Zone<\/h2>\r\n<\/div><\/li><li class=\"fusion-li-item\" style=\"\"><span class=\"icon-wrapper circle-yes\"><i class=\"fusion-li-icon fa fa-caret-right\" aria-hidden=\"true\"><\/i><\/span><div class=\"fusion-li-item-content\">6b (-20,4\u00b0C)<\/div><\/li><\/ul><\/div><div class=\"fusion-clearfix\"><\/div><\/div><\/div><div class=\"fusion-clearfix\"><\/div><\/div><\/div><\/div><\/div>","protected":false},"excerpt":{"rendered":"","protected":false},"author":1,"featured_media":0,"parent":724,"menu_order":0,"comment_status":"open","ping_status":"open","template":"","meta":{"footnotes":""},"class_list":["post-992","page","type-page","status-publish","hentry"],"yoast_head":"<!-- This site is optimized with the Yoast SEO plugin v26.9 - https:\/\/yoast.com\/product\/yoast-seo-wordpress\/ -->\n<title>Lotuspflaume - Fancy Plants - Deutsch<\/title>\n<meta name=\"description\" content=\"Die Lotuspflaume (Diospyrus lotus), ein Vertreter der Ebenholzgew\u00e4chse (Ebenaceae), l\u00e4sst sich mit meiner Anleitung einfach selbst anziehen und vermehren. Auch deren weitere Kultur ist nicht schwer. Nach wenigen Jahren unkomplizierter Pflege l\u00e4sst sich eine frische Lotuspflaume selber ernten.\" \/>\n<meta name=\"robots\" content=\"index, follow, max-snippet:-1, max-image-preview:large, max-video-preview:-1\" \/>\n<link rel=\"canonical\" href=\"http:\/\/www.fancyplants.de\/de\/exotichome\/whspec\/lotuspflaume\/\" \/>\n<meta property=\"og:locale\" content=\"de_DE\" \/>\n<meta property=\"og:type\" content=\"article\" \/>\n<meta property=\"og:title\" content=\"Lotuspflaume - Fancy Plants - Deutsch\" \/>\n<meta property=\"og:description\" content=\"Die Lotuspflaume (Diospyrus lotus), ein Vertreter der Ebenholzgew\u00e4chse (Ebenaceae), l\u00e4sst sich mit meiner Anleitung einfach selbst anziehen und vermehren. Auch deren weitere Kultur ist nicht schwer. Nach wenigen Jahren unkomplizierter Pflege l\u00e4sst sich eine frische Lotuspflaume selber ernten.\" \/>\n<meta property=\"og:url\" content=\"http:\/\/www.fancyplants.de\/de\/exotichome\/whspec\/lotuspflaume\/\" \/>\n<meta property=\"og:site_name\" content=\"Fancy Plants - Deutsch\" \/>\n<meta property=\"article:modified_time\" content=\"2019-10-23T07:46:42+00:00\" \/>\n<meta property=\"og:image\" content=\"http:\/\/www.assoc-amazon.de\/e\/ir?t=fancplan-21&amp;l=as2&amp;o=3&amp;a=B001KUYZRI\" \/>\n<meta name=\"twitter:card\" content=\"summary_large_image\" \/>\n<meta name=\"twitter:label1\" content=\"Gesch\u00e4tzte Lesezeit\" \/>\n\t<meta name=\"twitter:data1\" content=\"5\u00a0Minuten\" \/>\n<script type=\"application\/ld+json\" class=\"yoast-schema-graph\">{\"@context\":\"https:\/\/schema.org\",\"@graph\":[{\"@type\":\"WebPage\",\"@id\":\"http:\/\/www.fancyplants.de\/de\/exotichome\/whspec\/lotuspflaume\/\",\"url\":\"http:\/\/www.fancyplants.de\/de\/exotichome\/whspec\/lotuspflaume\/\",\"name\":\"Lotuspflaume - Fancy Plants - Deutsch\",\"isPartOf\":{\"@id\":\"http:\/\/www.fancyplants.de\/de\/#website\"},\"primaryImageOfPage\":{\"@id\":\"http:\/\/www.fancyplants.de\/de\/exotichome\/whspec\/lotuspflaume\/#primaryimage\"},\"image\":{\"@id\":\"http:\/\/www.fancyplants.de\/de\/exotichome\/whspec\/lotuspflaume\/#primaryimage\"},\"thumbnailUrl\":\"http:\/\/www.assoc-amazon.de\/e\/ir?t=fancplan-21&amp;l=as2&amp;o=3&amp;a=B001KUYZRI\",\"datePublished\":\"2015-07-06T06:15:03+00:00\",\"dateModified\":\"2019-10-23T07:46:42+00:00\",\"description\":\"Die Lotuspflaume (Diospyrus lotus), ein Vertreter der Ebenholzgew\u00e4chse (Ebenaceae), l\u00e4sst sich mit meiner Anleitung einfach selbst anziehen und vermehren. Auch deren weitere Kultur ist nicht schwer. Nach wenigen Jahren unkomplizierter Pflege l\u00e4sst sich eine frische Lotuspflaume selber ernten.\",\"breadcrumb\":{\"@id\":\"http:\/\/www.fancyplants.de\/de\/exotichome\/whspec\/lotuspflaume\/#breadcrumb\"},\"inLanguage\":\"de\",\"potentialAction\":[{\"@type\":\"ReadAction\",\"target\":[\"http:\/\/www.fancyplants.de\/de\/exotichome\/whspec\/lotuspflaume\/\"]}]},{\"@type\":\"ImageObject\",\"inLanguage\":\"de\",\"@id\":\"http:\/\/www.fancyplants.de\/de\/exotichome\/whspec\/lotuspflaume\/#primaryimage\",\"url\":\"http:\/\/www.assoc-amazon.de\/e\/ir?t=fancplan-21&amp;l=as2&amp;o=3&amp;a=B001KUYZRI\",\"contentUrl\":\"http:\/\/www.assoc-amazon.de\/e\/ir?t=fancplan-21&amp;l=as2&amp;o=3&amp;a=B001KUYZRI\"},{\"@type\":\"BreadcrumbList\",\"@id\":\"http:\/\/www.fancyplants.de\/de\/exotichome\/whspec\/lotuspflaume\/#breadcrumb\",\"itemListElement\":[{\"@type\":\"ListItem\",\"position\":1,\"name\":\"Home\",\"item\":\"http:\/\/www.fancyplants.de\/de\/\"},{\"@type\":\"ListItem\",\"position\":2,\"name\":\"Exotische Nutzpflanzen\",\"item\":\"http:\/\/www.fancyplants.de\/de\/exotichome\/\"},{\"@type\":\"ListItem\",\"position\":3,\"name\":\"Winterharte Arten\",\"item\":\"http:\/\/www.fancyplants.de\/de\/exotichome\/whspec\/\"},{\"@type\":\"ListItem\",\"position\":4,\"name\":\"Lotuspflaume\"}]},{\"@type\":\"WebSite\",\"@id\":\"http:\/\/www.fancyplants.de\/de\/#website\",\"url\":\"http:\/\/www.fancyplants.de\/de\/\",\"name\":\"Fancy Plants - Deutsch\",\"description\":\"Eine weitere WordPress-Seite\",\"potentialAction\":[{\"@type\":\"SearchAction\",\"target\":{\"@type\":\"EntryPoint\",\"urlTemplate\":\"http:\/\/www.fancyplants.de\/de\/?s={search_term_string}\"},\"query-input\":{\"@type\":\"PropertyValueSpecification\",\"valueRequired\":true,\"valueName\":\"search_term_string\"}}],\"inLanguage\":\"de\"}]}<\/script>\n<!-- \/ Yoast SEO plugin. -->","yoast_head_json":{"title":"Lotuspflaume - Fancy Plants - Deutsch","description":"Die Lotuspflaume (Diospyrus lotus), ein Vertreter der Ebenholzgew\u00e4chse (Ebenaceae), l\u00e4sst sich mit meiner Anleitung einfach selbst anziehen und vermehren. Auch deren weitere Kultur ist nicht schwer. Nach wenigen Jahren unkomplizierter Pflege l\u00e4sst sich eine frische Lotuspflaume selber ernten.","robots":{"index":"index","follow":"follow","max-snippet":"max-snippet:-1","max-image-preview":"max-image-preview:large","max-video-preview":"max-video-preview:-1"},"canonical":"http:\/\/www.fancyplants.de\/de\/exotichome\/whspec\/lotuspflaume\/","og_locale":"de_DE","og_type":"article","og_title":"Lotuspflaume - Fancy Plants - Deutsch","og_description":"Die Lotuspflaume (Diospyrus lotus), ein Vertreter der Ebenholzgew\u00e4chse (Ebenaceae), l\u00e4sst sich mit meiner Anleitung einfach selbst anziehen und vermehren. Auch deren weitere Kultur ist nicht schwer. Nach wenigen Jahren unkomplizierter Pflege l\u00e4sst sich eine frische Lotuspflaume selber ernten.","og_url":"http:\/\/www.fancyplants.de\/de\/exotichome\/whspec\/lotuspflaume\/","og_site_name":"Fancy Plants - Deutsch","article_modified_time":"2019-10-23T07:46:42+00:00","og_image":[{"url":"http:\/\/www.assoc-amazon.de\/e\/ir?t=fancplan-21&amp;l=as2&amp;o=3&amp;a=B001KUYZRI","type":"","width":"","height":""}],"twitter_card":"summary_large_image","twitter_misc":{"Gesch\u00e4tzte Lesezeit":"5\u00a0Minuten"},"schema":{"@context":"https:\/\/schema.org","@graph":[{"@type":"WebPage","@id":"http:\/\/www.fancyplants.de\/de\/exotichome\/whspec\/lotuspflaume\/","url":"http:\/\/www.fancyplants.de\/de\/exotichome\/whspec\/lotuspflaume\/","name":"Lotuspflaume - Fancy Plants - Deutsch","isPartOf":{"@id":"http:\/\/www.fancyplants.de\/de\/#website"},"primaryImageOfPage":{"@id":"http:\/\/www.fancyplants.de\/de\/exotichome\/whspec\/lotuspflaume\/#primaryimage"},"image":{"@id":"http:\/\/www.fancyplants.de\/de\/exotichome\/whspec\/lotuspflaume\/#primaryimage"},"thumbnailUrl":"http:\/\/www.assoc-amazon.de\/e\/ir?t=fancplan-21&amp;l=as2&amp;o=3&amp;a=B001KUYZRI","datePublished":"2015-07-06T06:15:03+00:00","dateModified":"2019-10-23T07:46:42+00:00","description":"Die Lotuspflaume (Diospyrus lotus), ein Vertreter der Ebenholzgew\u00e4chse (Ebenaceae), l\u00e4sst sich mit meiner Anleitung einfach selbst anziehen und vermehren. Auch deren weitere Kultur ist nicht schwer. Nach wenigen Jahren unkomplizierter Pflege l\u00e4sst sich eine frische Lotuspflaume selber ernten.","breadcrumb":{"@id":"http:\/\/www.fancyplants.de\/de\/exotichome\/whspec\/lotuspflaume\/#breadcrumb"},"inLanguage":"de","potentialAction":[{"@type":"ReadAction","target":["http:\/\/www.fancyplants.de\/de\/exotichome\/whspec\/lotuspflaume\/"]}]},{"@type":"ImageObject","inLanguage":"de","@id":"http:\/\/www.fancyplants.de\/de\/exotichome\/whspec\/lotuspflaume\/#primaryimage","url":"http:\/\/www.assoc-amazon.de\/e\/ir?t=fancplan-21&amp;l=as2&amp;o=3&amp;a=B001KUYZRI","contentUrl":"http:\/\/www.assoc-amazon.de\/e\/ir?t=fancplan-21&amp;l=as2&amp;o=3&amp;a=B001KUYZRI"},{"@type":"BreadcrumbList","@id":"http:\/\/www.fancyplants.de\/de\/exotichome\/whspec\/lotuspflaume\/#breadcrumb","itemListElement":[{"@type":"ListItem","position":1,"name":"Home","item":"http:\/\/www.fancyplants.de\/de\/"},{"@type":"ListItem","position":2,"name":"Exotische Nutzpflanzen","item":"http:\/\/www.fancyplants.de\/de\/exotichome\/"},{"@type":"ListItem","position":3,"name":"Winterharte Arten","item":"http:\/\/www.fancyplants.de\/de\/exotichome\/whspec\/"},{"@type":"ListItem","position":4,"name":"Lotuspflaume"}]},{"@type":"WebSite","@id":"http:\/\/www.fancyplants.de\/de\/#website","url":"http:\/\/www.fancyplants.de\/de\/","name":"Fancy Plants - Deutsch","description":"Eine weitere WordPress-Seite","potentialAction":[{"@type":"SearchAction","target":{"@type":"EntryPoint","urlTemplate":"http:\/\/www.fancyplants.de\/de\/?s={search_term_string}"},"query-input":{"@type":"PropertyValueSpecification","valueRequired":true,"valueName":"search_term_string"}}],"inLanguage":"de"}]}},"_links":{"self":[{"href":"http:\/\/www.fancyplants.de\/de\/wp-json\/wp\/v2\/pages\/992","targetHints":{"allow":["GET"]}}],"collection":[{"href":"http:\/\/www.fancyplants.de\/de\/wp-json\/wp\/v2\/pages"}],"about":[{"href":"http:\/\/www.fancyplants.de\/de\/wp-json\/wp\/v2\/types\/page"}],"author":[{"embeddable":true,"href":"http:\/\/www.fancyplants.de\/de\/wp-json\/wp\/v2\/users\/1"}],"replies":[{"embeddable":true,"href":"http:\/\/www.fancyplants.de\/de\/wp-json\/wp\/v2\/comments?post=992"}],"version-history":[{"count":6,"href":"http:\/\/www.fancyplants.de\/de\/wp-json\/wp\/v2\/pages\/992\/revisions"}],"predecessor-version":[{"id":3285,"href":"http:\/\/www.fancyplants.de\/de\/wp-json\/wp\/v2\/pages\/992\/revisions\/3285"}],"up":[{"embeddable":true,"href":"http:\/\/www.fancyplants.de\/de\/wp-json\/wp\/v2\/pages\/724"}],"wp:attachment":[{"href":"http:\/\/www.fancyplants.de\/de\/wp-json\/wp\/v2\/media?parent=992"}],"curies":[{"name":"wp","href":"https:\/\/api.w.org\/{rel}","templated":true}]}}