{"id":970,"date":"2015-07-06T08:09:19","date_gmt":"2015-07-06T06:09:19","guid":{"rendered":"http:\/\/www.fancyplants.de\/de\/?page_id=970"},"modified":"2019-10-15T08:50:38","modified_gmt":"2019-10-15T06:50:38","slug":"lulo","status":"publish","type":"page","link":"http:\/\/www.fancyplants.de\/de\/exotichome\/nwhspec\/lulo\/","title":{"rendered":"Lulo"},"content":{"rendered":"<div class=\"fusion-fullwidth fullwidth-box fusion-builder-row-1 hundred-percent-fullwidth non-hundred-percent-height-scrolling\" style=\"--awb-border-radius-top-left:0px;--awb-border-radius-top-right:0px;--awb-border-radius-bottom-right:0px;--awb-border-radius-bottom-left:0px;--awb-overflow:visible;--awb-flex-wrap:wrap;\" ><div class=\"fusion-builder-row fusion-row\"><div class=\"fusion-layout-column fusion_builder_column fusion-builder-column-0 fusion_builder_column_1_1 1_1 fusion-one-full fusion-column-first fusion-column-last\" style=\"--awb-bg-size:cover;\"><div class=\"fusion-column-wrapper fusion-flex-column-wrapper-legacy\"><div class=\"fusion-title title fusion-title-1 fusion-title-text fusion-title-size-one\"><h1 class=\"fusion-title-heading title-heading-left\" style=\"margin:0;\">Lulo (<i>Solanum quitoense<\/i>)<\/h1><span class=\"awb-title-spacer\"><\/span><div class=\"title-sep-container\"><div class=\"title-sep sep-single sep-solid\" style=\"border-color:#3e3e3e;\"><\/div><\/div><\/div><div class=\"fusion-clearfix\"><\/div><\/div><\/div><div class=\"fusion-layout-column fusion_builder_column fusion-builder-column-1 fusion_builder_column_3_4 3_4 fusion-three-fourth fusion-column-first\" style=\"--awb-bg-size:cover;width:74%; margin-right: 4%;\"><div class=\"fusion-column-wrapper fusion-flex-column-wrapper-legacy\"><div class=\"fusion-title title fusion-title-2 fusion-title-text fusion-title-size-two\"><h2 class=\"fusion-title-heading title-heading-left\" style=\"margin:0;\">Im \u00dcberblick<\/h2><span class=\"awb-title-spacer\"><\/span><div class=\"title-sep-container\"><div class=\"title-sep sep-single sep-solid\" style=\"border-color:#3e3e3e;\"><\/div><\/div><\/div><div class=\"fusion-text fusion-text-1\"><div class=\"intextr\"><a class=\"lupe200\" title=\"Lulo (Solanum quitoense), Juni 2011.\" href=\"..\/..\/..\/..\/images\/plants\/lulo.jpg\" data-gallery=\"\"><img decoding=\"async\" src=\"..\/..\/..\/..\/images\/plants\/lulos.jpg\" alt=\"Lulo (Solanum quitoense), Juni 2011.\" width=\"200\" height=\"200\" \/><span><\/span><\/a><\/div>\n<p>Bei der Lulo handelt es sich um einen s\u00fcdamerikanischen Vertreter der Nachtschattengew\u00e4chse (<i>Solanaceae<\/i>). Im spanischsprachigen Raum wird die Lulo meistens Naranjilla genannt. Neuerdings wird die Pflanze werbewirksam unter der Bezeichnung Jurassica vermarktet. Die Pflanze ist von aparter Sch\u00f6nheit und ein Zierde jeder Sammlung.<\/p>\n<\/div><div class=\"fusion-title title fusion-title-3 fusion-title-text fusion-title-size-two\"><h2 class=\"fusion-title-heading title-heading-left\" style=\"margin:0;\">Beschreibung<\/h2><span class=\"awb-title-spacer\"><\/span><div class=\"title-sep-container\"><div class=\"title-sep sep-single sep-solid\" style=\"border-color:#3e3e3e;\"><\/div><\/div><\/div><div class=\"fusion-text fusion-text-2\"><p>Die Pflanze w\u00e4chst zu einem bis mannshohem Strauch mit unregelm\u00e4\u00dfiger Verzweigung heran. Die Zweige sind verholzend. Besondere Erw\u00e4hnung finden die sehr gro\u00dfen Bl\u00e4tter. Diese k\u00f6nnen bis zu 50 Zentimeter lang werden und sind von eichen\u00e4hnlicher Form mit einem gez\u00e4hnten Rand. Die Blattadern verf\u00e4rben sich in der Sonne tiefrot und kontrastieren somit interessant zu der dunkelgr\u00fcnen Grundf\u00e4rbung des Blattes. Sowohl die Bl\u00e4tter als auch die Zweige sind mit starken Stacheln bewaffnet. Im Sommer bilden sich in den Blattachseln traubig angeordnete, sternf\u00f6rmige, wei\u00dfe Bl\u00fcten, aus denen im Herbst die tomatengro\u00dfen, orangenen Fr\u00fcchte hervorgehen. Diese sind s\u00e4uerlich und k\u00f6nnen zum Beispiel zu Saft verarbeitet werden.<\/p>\n<\/div><div class=\"fusion-title title fusion-title-4 fusion-title-text fusion-title-size-two\"><h2 class=\"fusion-title-heading title-heading-left\" style=\"margin:0;\">Kultur<\/h2><span class=\"awb-title-spacer\"><\/span><div class=\"title-sep-container\"><div class=\"title-sep sep-single sep-solid\" style=\"border-color:#3e3e3e;\"><\/div><\/div><\/div><div class=\"fusion-text fusion-text-3\"><p>Eines der gr\u00f6\u00dften Probleme ist wie bei vielen anderen Exoten auch, an keimf\u00e4hige Samen heranzukommen. Sind Sie einmal im Besitz derselben, ist die weitere Anzucht und Kultur \u00e4hnlich unproblematisch wie bei Tomaten. Die Samen keimen binnen weniger Tage. In guter Erde wachsen die Pflanzen z\u00fcgig, die Verzweigung setzt spontan ein und muss nicht durch einen R\u00fcckschnitt induziert werden. Aufgrund der gro\u00dfen Blattoberfl\u00e4che weist die Lulo einen hohen Wasserbedarf auf. Im Sommer im Freien halten, \u00dcberwinterung hell, frostfrei, jedoch eher k\u00fchl.<\/p>\n<p>Im Sommer bilden sich in den Blattans\u00e4tzen traubig angeordnete, gro\u00dfe Bl\u00fcten, die nahezu zu hundert Prozent von Insekten best\u00e4ubt werden. Bis zum Sp\u00e4therbst entwickeln sich die tomatengro\u00dfen Fr\u00fcchte.<\/p>\n<\/div><div class=\"fusion-title title fusion-title-5 fusion-title-text fusion-title-size-two\"><h2 class=\"fusion-title-heading title-heading-left\" style=\"margin:0;\">Erfahrungen<\/h2><span class=\"awb-title-spacer\"><\/span><div class=\"title-sep-container\"><div class=\"title-sep sep-single sep-solid\" style=\"border-color:#3e3e3e;\"><\/div><\/div><\/div><div class=\"fusion-text fusion-text-4\"><h3>2009<\/h3>\n<p>Im Sommer 2009 bin ich an Samen gelangt, welche innerhalb weniger Tage gekeimt sind.<\/p>\n<h3>2010<\/h3>\n<p>Die Pflanze war seither gut gewachsen und begann inzwischen mit der Verzweigung. Die nun einj\u00e4hrige Pflanze hatte im Sommer mehrere Bl\u00fcten und einige kleine Fr\u00fcchte angesetzt, welche im Winterquartier jedoch unreif abgeworfen wurden.<\/p>\n<h3>2011<\/h3>\n<p>Bislang zeigt die Pflanze ein zufriedenstellendes Wachstum.<\/p>\n<p>Samen k\u00f6nnen Sie an dieser <a class=\"earth\" href=\"http:\/\/www.amazon.de\/gp\/product\/B000O102M6?ie=UTF8&amp;tag=fancplan-21&amp;linkCode=as2&amp;camp=1638&amp;creative=19454&amp;creativeASIN=B000O102M6\" target=\"_blank\" rel=\"noopener noreferrer\"><i class=\"fa fa-sign-out\"><\/i> Stelle<\/a><img decoding=\"async\" src=\"http:\/\/www.assoc-amazon.de\/e\/ir?t=fancplan-21&amp;l=as2&amp;o=3&amp;a=B000O102M6\" alt=\"\" width=\"1\" height=\"1\" border=\"0\" \/> bei Amazon beziehen.<\/p>\n<\/div><div class=\"fusion-clearfix\"><\/div><\/div><\/div><div class=\"fusion-layout-column fusion_builder_column fusion-builder-column-2 fusion_builder_column_1_4 1_4 fusion-one-fourth fusion-column-last\" style=\"--awb-bg-size:cover;width:22%;\"><div class=\"fusion-column-wrapper fusion-flex-column-wrapper-legacy\"><style type='text\/css'>.reading-box-container-1 .element-bottomshadow:before,.reading-box-container-1 .element-bottomshadow:after{opacity:0.7;}<\/style><div class=\"fusion-reading-box-container reading-box-container-1\" style=\"--awb-title-color:#ddbd73;--awb-margin-top:0px;--awb-margin-bottom:84px;\"><div class=\"reading-box element-bottomshadow\" style=\"background-color:#3e3e3e;border-width:1px;border-color:#3e3e3e;border-top-width:3px;border-top-color:var(--primary_color);border-style:solid;\"><div class=\"reading-box-additional\"><ul style=\"--awb-size:13px;--awb-line-height:22.1px;--awb-icon-width:22.1px;--awb-icon-height:22.1px;--awb-icon-margin:9.1px;--awb-content-margin:31.2px;--awb-circlecolor:#a0ce4e;--awb-circle-yes-font-size:11.44px;\" class=\"fusion-checklist fusion-checklist-1 fusion-checklist-default type-icons\"><li class=\"fusion-li-item\" style=\"\"><span class=\"icon-wrapper circle-yes\"><i class=\"fusion-li-icon fa fa-share-alt\" aria-hidden=\"true\"><\/i><\/span><div class=\"fusion-li-item-content\">\n<h2>Systematik<\/h2>\n<\/div><\/li><li class=\"fusion-li-item\" style=\"\"><span class=\"icon-wrapper circle-yes\"><i class=\"fusion-li-icon fa fa-caret-right\" aria-hidden=\"true\"><\/i><\/span><div class=\"fusion-li-item-content\">Ordnung: Nachtschattenartige (Solanales)<\/div><\/li><li class=\"fusion-li-item\" style=\"\"><span class=\"icon-wrapper circle-yes\"><i class=\"fusion-li-icon fa fa-caret-right\" aria-hidden=\"true\"><\/i><\/span><div class=\"fusion-li-item-content\">Familie: Nachtschattengew\u00e4chse (Solanaceae)<\/div><\/li><li class=\"fusion-li-item\" style=\"\"><span class=\"icon-wrapper circle-yes\"><i class=\"fusion-li-icon fa fa-caret-right\" aria-hidden=\"true\"><\/i><\/span><div class=\"fusion-li-item-content\">Gattung: Nachtschatten (Solanum)<\/div><\/li><li class=\"fusion-li-item\" style=\"\"><span class=\"icon-wrapper circle-yes\"><i class=\"fusion-li-icon fa fa-caret-right\" aria-hidden=\"true\"><\/i><\/span><div class=\"fusion-li-item-content\">Untergattung: Leptostemonum<\/div><\/li><\/ul><\/div><div class=\"fusion-clearfix\"><\/div><\/div><\/div><style type='text\/css'>.reading-box-container-2 .element-bottomshadow:before,.reading-box-container-2 .element-bottomshadow:after{opacity:0.7;}<\/style><div class=\"fusion-reading-box-container reading-box-container-2\" style=\"--awb-title-color:#ddbd73;--awb-margin-top:0px;--awb-margin-bottom:84px;\"><div class=\"reading-box element-bottomshadow\" style=\"background-color:#3e3e3e;border-width:1px;border-color:#3e3e3e;border-top-width:3px;border-top-color:var(--primary_color);border-style:solid;\"><div class=\"reading-box-additional\"><ul style=\"--awb-size:13px;--awb-line-height:22.1px;--awb-icon-width:22.1px;--awb-icon-height:22.1px;--awb-icon-margin:9.1px;--awb-content-margin:31.2px;--awb-circlecolor:#a0ce4e;--awb-circle-yes-font-size:11.44px;\" class=\"fusion-checklist fusion-checklist-2 fusion-checklist-default type-icons\"><li class=\"fusion-li-item\" style=\"\"><span class=\"icon-wrapper circle-yes\"><i class=\"fusion-li-icon fa fa-sort-amount-asc\" aria-hidden=\"true\"><\/i><\/span><div class=\"fusion-li-item-content\"><h2>Vermehrung<\/h2><\/div><\/li><li class=\"fusion-li-item\" style=\"\"><span class=\"icon-wrapper circle-yes\"><i class=\"fusion-li-icon fa fa-futbol-o\" aria-hidden=\"true\"><\/i><\/span><div class=\"fusion-li-item-content\">generativ<\/div><\/li><\/ul><\/div><div class=\"fusion-clearfix\"><\/div><\/div><\/div><style type='text\/css'>.reading-box-container-3 .element-bottomshadow:before,.reading-box-container-3 .element-bottomshadow:after{opacity:0.7;}<\/style><div class=\"fusion-reading-box-container reading-box-container-3\" style=\"--awb-title-color:#ddbd73;--awb-margin-top:0px;--awb-margin-bottom:84px;\"><div class=\"reading-box element-bottomshadow\" style=\"background-color:#3e3e3e;border-width:1px;border-color:#3e3e3e;border-top-width:3px;border-top-color:var(--primary_color);border-style:solid;\"><div class=\"reading-box-additional\"><ul style=\"--awb-size:13px;--awb-line-height:22.1px;--awb-icon-width:22.1px;--awb-icon-height:22.1px;--awb-icon-margin:9.1px;--awb-content-margin:31.2px;--awb-circlecolor:#a0ce4e;--awb-circle-yes-font-size:11.44px;\" class=\"fusion-checklist fusion-checklist-3 fusion-checklist-default type-icons\"><li class=\"fusion-li-item\" style=\"\"><span class=\"icon-wrapper circle-yes\"><i class=\"fusion-li-icon fa fa-scissors\" aria-hidden=\"true\"><\/i><\/span><div class=\"fusion-li-item-content\">\n<h2>Kultur<\/h2>\n<\/div><\/li><li class=\"fusion-li-item\" style=\"\"><span class=\"icon-wrapper circle-yes\"><i class=\"fusion-li-icon fa fa-caret-up\" aria-hidden=\"true\"><\/i><\/span><div class=\"fusion-li-item-content\">leicht<\/div><\/li><\/ul><\/div><div class=\"fusion-clearfix\"><\/div><\/div><\/div><style type='text\/css'>.reading-box-container-4 .element-bottomshadow:before,.reading-box-container-4 .element-bottomshadow:after{opacity:0.7;}<\/style><div class=\"fusion-reading-box-container reading-box-container-4\" style=\"--awb-title-color:#ddbd73;--awb-margin-top:0px;--awb-margin-bottom:84px;\"><div class=\"reading-box element-bottomshadow\" style=\"background-color:#3e3e3e;border-width:1px;border-color:#3e3e3e;border-top-width:3px;border-top-color:var(--primary_color);border-style:solid;\"><div class=\"reading-box-additional\"><ul style=\"--awb-size:13px;--awb-line-height:22.1px;--awb-icon-width:22.1px;--awb-icon-height:22.1px;--awb-icon-margin:9.1px;--awb-content-margin:31.2px;--awb-circlecolor:#a0ce4e;--awb-circle-yes-font-size:11.44px;\" class=\"fusion-checklist fusion-checklist-4 fusion-checklist-default type-icons\"><li class=\"fusion-li-item\" style=\"\"><span class=\"icon-wrapper circle-yes\"><i class=\"fusion-li-icon fa fa-apple\" aria-hidden=\"true\"><\/i><\/span><div class=\"fusion-li-item-content\"><h2>Fr\u00fcchte<\/h2><\/div><\/li><li class=\"fusion-li-item\" style=\"\"><span class=\"icon-wrapper circle-yes\"><i class=\"fusion-li-icon fa fa-caret-up\" aria-hidden=\"true\"><\/i><\/span><div class=\"fusion-li-item-content\">h\u00e4ufig<\/div><\/li><\/ul><\/div><div class=\"fusion-clearfix\"><\/div><\/div><\/div><style type='text\/css'>.reading-box-container-5 .element-bottomshadow:before,.reading-box-container-5 .element-bottomshadow:after{opacity:0.7;}<\/style><div class=\"fusion-reading-box-container reading-box-container-5\" style=\"--awb-title-color:#ddbd73;--awb-margin-top:0px;--awb-margin-bottom:84px;\"><div class=\"reading-box element-bottomshadow\" style=\"background-color:#3e3e3e;border-width:1px;border-color:#3e3e3e;border-top-width:3px;border-top-color:var(--primary_color);border-style:solid;\"><div class=\"reading-box-additional\"><ul style=\"--awb-size:13px;--awb-line-height:22.1px;--awb-icon-width:22.1px;--awb-icon-height:22.1px;--awb-icon-margin:9.1px;--awb-content-margin:31.2px;--awb-circlecolor:#a0ce4e;--awb-circle-yes-font-size:11.44px;\" class=\"fusion-checklist fusion-checklist-5 fusion-checklist-default type-icons\"><li class=\"fusion-li-item\" style=\"\"><span class=\"icon-wrapper circle-yes\"><i class=\"fusion-li-icon fa fa-bolt\" aria-hidden=\"true\"><\/i><\/span><div class=\"fusion-li-item-content\">\n<h2>USDA &#8211; Zone<\/h2>\n<\/div><\/li><li class=\"fusion-li-item\" style=\"\"><span class=\"icon-wrapper circle-yes\"><i class=\"fusion-li-icon fa fa-caret-right\" aria-hidden=\"true\"><\/i><\/span><div class=\"fusion-li-item-content\">10b (1,7\u00b0C)<\/div><\/li><\/ul><\/div><div class=\"fusion-clearfix\"><\/div><\/div><\/div><div class=\"fusion-clearfix\"><\/div><\/div><\/div><\/div><\/div>","protected":false},"excerpt":{"rendered":"","protected":false},"author":1,"featured_media":0,"parent":722,"menu_order":0,"comment_status":"open","ping_status":"open","template":"","meta":{"footnotes":""},"class_list":["post-970","page","type-page","status-publish","hentry"],"yoast_head":"<!-- This site is optimized with the Yoast SEO plugin v26.9 - https:\/\/yoast.com\/product\/yoast-seo-wordpress\/ -->\n<title>Lulo - Fancy Plants - Deutsch<\/title>\n<meta name=\"description\" content=\"Die Lulo (Solanum quitoense) oder auch Naranjilla und Jurassica genannt, ein Vertreter der Nachschattengw\u00e4chse (Solanaceae) wird in ihrer Kultur, Anzucht und Vermehrung vorgstellt. Zudem finden sie eine Beschreibung der Pflanze sowie Bilder. Die Pflanze bringt essbare, tomaten\u00e4hnliche, orangene und s\u00e4uerliche Fr\u00fcchter hervor.\" \/>\n<meta name=\"robots\" content=\"index, follow, max-snippet:-1, max-image-preview:large, max-video-preview:-1\" \/>\n<link rel=\"canonical\" href=\"http:\/\/www.fancyplants.de\/de\/exotichome\/nwhspec\/lulo\/\" \/>\n<meta property=\"og:locale\" content=\"de_DE\" \/>\n<meta property=\"og:type\" content=\"article\" \/>\n<meta property=\"og:title\" content=\"Lulo - Fancy Plants - Deutsch\" \/>\n<meta property=\"og:description\" content=\"Die Lulo (Solanum quitoense) oder auch Naranjilla und Jurassica genannt, ein Vertreter der Nachschattengw\u00e4chse (Solanaceae) wird in ihrer Kultur, Anzucht und Vermehrung vorgstellt. Zudem finden sie eine Beschreibung der Pflanze sowie Bilder. Die Pflanze bringt essbare, tomaten\u00e4hnliche, orangene und s\u00e4uerliche Fr\u00fcchter hervor.\" \/>\n<meta property=\"og:url\" content=\"http:\/\/www.fancyplants.de\/de\/exotichome\/nwhspec\/lulo\/\" \/>\n<meta property=\"og:site_name\" content=\"Fancy Plants - Deutsch\" \/>\n<meta property=\"article:modified_time\" content=\"2019-10-15T06:50:38+00:00\" \/>\n<meta property=\"og:image\" content=\"http:\/\/www.assoc-amazon.de\/e\/ir?t=fancplan-21&amp;l=as2&amp;o=3&amp;a=B000O102M6\" \/>\n<meta name=\"twitter:card\" content=\"summary_large_image\" \/>\n<meta name=\"twitter:label1\" content=\"Gesch\u00e4tzte Lesezeit\" \/>\n\t<meta name=\"twitter:data1\" content=\"5\u00a0Minuten\" \/>\n<script type=\"application\/ld+json\" class=\"yoast-schema-graph\">{\"@context\":\"https:\/\/schema.org\",\"@graph\":[{\"@type\":\"WebPage\",\"@id\":\"http:\/\/www.fancyplants.de\/de\/exotichome\/nwhspec\/lulo\/\",\"url\":\"http:\/\/www.fancyplants.de\/de\/exotichome\/nwhspec\/lulo\/\",\"name\":\"Lulo - Fancy Plants - Deutsch\",\"isPartOf\":{\"@id\":\"http:\/\/www.fancyplants.de\/de\/#website\"},\"primaryImageOfPage\":{\"@id\":\"http:\/\/www.fancyplants.de\/de\/exotichome\/nwhspec\/lulo\/#primaryimage\"},\"image\":{\"@id\":\"http:\/\/www.fancyplants.de\/de\/exotichome\/nwhspec\/lulo\/#primaryimage\"},\"thumbnailUrl\":\"http:\/\/www.assoc-amazon.de\/e\/ir?t=fancplan-21&amp;l=as2&amp;o=3&amp;a=B000O102M6\",\"datePublished\":\"2015-07-06T06:09:19+00:00\",\"dateModified\":\"2019-10-15T06:50:38+00:00\",\"description\":\"Die Lulo (Solanum quitoense) oder auch Naranjilla und Jurassica genannt, ein Vertreter der Nachschattengw\u00e4chse (Solanaceae) wird in ihrer Kultur, Anzucht und Vermehrung vorgstellt. Zudem finden sie eine Beschreibung der Pflanze sowie Bilder. Die Pflanze bringt essbare, tomaten\u00e4hnliche, orangene und s\u00e4uerliche Fr\u00fcchter hervor.\",\"breadcrumb\":{\"@id\":\"http:\/\/www.fancyplants.de\/de\/exotichome\/nwhspec\/lulo\/#breadcrumb\"},\"inLanguage\":\"de\",\"potentialAction\":[{\"@type\":\"ReadAction\",\"target\":[\"http:\/\/www.fancyplants.de\/de\/exotichome\/nwhspec\/lulo\/\"]}]},{\"@type\":\"ImageObject\",\"inLanguage\":\"de\",\"@id\":\"http:\/\/www.fancyplants.de\/de\/exotichome\/nwhspec\/lulo\/#primaryimage\",\"url\":\"http:\/\/www.assoc-amazon.de\/e\/ir?t=fancplan-21&amp;l=as2&amp;o=3&amp;a=B000O102M6\",\"contentUrl\":\"http:\/\/www.assoc-amazon.de\/e\/ir?t=fancplan-21&amp;l=as2&amp;o=3&amp;a=B000O102M6\"},{\"@type\":\"BreadcrumbList\",\"@id\":\"http:\/\/www.fancyplants.de\/de\/exotichome\/nwhspec\/lulo\/#breadcrumb\",\"itemListElement\":[{\"@type\":\"ListItem\",\"position\":1,\"name\":\"Home\",\"item\":\"http:\/\/www.fancyplants.de\/de\/\"},{\"@type\":\"ListItem\",\"position\":2,\"name\":\"Exotische Nutzpflanzen\",\"item\":\"http:\/\/www.fancyplants.de\/de\/exotichome\/\"},{\"@type\":\"ListItem\",\"position\":3,\"name\":\"Nicht-winterharte Arten\",\"item\":\"http:\/\/www.fancyplants.de\/de\/exotichome\/nwhspec\/\"},{\"@type\":\"ListItem\",\"position\":4,\"name\":\"Lulo\"}]},{\"@type\":\"WebSite\",\"@id\":\"http:\/\/www.fancyplants.de\/de\/#website\",\"url\":\"http:\/\/www.fancyplants.de\/de\/\",\"name\":\"Fancy Plants - Deutsch\",\"description\":\"Eine weitere WordPress-Seite\",\"potentialAction\":[{\"@type\":\"SearchAction\",\"target\":{\"@type\":\"EntryPoint\",\"urlTemplate\":\"http:\/\/www.fancyplants.de\/de\/?s={search_term_string}\"},\"query-input\":{\"@type\":\"PropertyValueSpecification\",\"valueRequired\":true,\"valueName\":\"search_term_string\"}}],\"inLanguage\":\"de\"}]}<\/script>\n<!-- \/ Yoast SEO plugin. -->","yoast_head_json":{"title":"Lulo - Fancy Plants - Deutsch","description":"Die Lulo (Solanum quitoense) oder auch Naranjilla und Jurassica genannt, ein Vertreter der Nachschattengw\u00e4chse (Solanaceae) wird in ihrer Kultur, Anzucht und Vermehrung vorgstellt. Zudem finden sie eine Beschreibung der Pflanze sowie Bilder. Die Pflanze bringt essbare, tomaten\u00e4hnliche, orangene und s\u00e4uerliche Fr\u00fcchter hervor.","robots":{"index":"index","follow":"follow","max-snippet":"max-snippet:-1","max-image-preview":"max-image-preview:large","max-video-preview":"max-video-preview:-1"},"canonical":"http:\/\/www.fancyplants.de\/de\/exotichome\/nwhspec\/lulo\/","og_locale":"de_DE","og_type":"article","og_title":"Lulo - Fancy Plants - Deutsch","og_description":"Die Lulo (Solanum quitoense) oder auch Naranjilla und Jurassica genannt, ein Vertreter der Nachschattengw\u00e4chse (Solanaceae) wird in ihrer Kultur, Anzucht und Vermehrung vorgstellt. Zudem finden sie eine Beschreibung der Pflanze sowie Bilder. Die Pflanze bringt essbare, tomaten\u00e4hnliche, orangene und s\u00e4uerliche Fr\u00fcchter hervor.","og_url":"http:\/\/www.fancyplants.de\/de\/exotichome\/nwhspec\/lulo\/","og_site_name":"Fancy Plants - Deutsch","article_modified_time":"2019-10-15T06:50:38+00:00","og_image":[{"url":"http:\/\/www.assoc-amazon.de\/e\/ir?t=fancplan-21&amp;l=as2&amp;o=3&amp;a=B000O102M6","type":"","width":"","height":""}],"twitter_card":"summary_large_image","twitter_misc":{"Gesch\u00e4tzte Lesezeit":"5\u00a0Minuten"},"schema":{"@context":"https:\/\/schema.org","@graph":[{"@type":"WebPage","@id":"http:\/\/www.fancyplants.de\/de\/exotichome\/nwhspec\/lulo\/","url":"http:\/\/www.fancyplants.de\/de\/exotichome\/nwhspec\/lulo\/","name":"Lulo - Fancy Plants - Deutsch","isPartOf":{"@id":"http:\/\/www.fancyplants.de\/de\/#website"},"primaryImageOfPage":{"@id":"http:\/\/www.fancyplants.de\/de\/exotichome\/nwhspec\/lulo\/#primaryimage"},"image":{"@id":"http:\/\/www.fancyplants.de\/de\/exotichome\/nwhspec\/lulo\/#primaryimage"},"thumbnailUrl":"http:\/\/www.assoc-amazon.de\/e\/ir?t=fancplan-21&amp;l=as2&amp;o=3&amp;a=B000O102M6","datePublished":"2015-07-06T06:09:19+00:00","dateModified":"2019-10-15T06:50:38+00:00","description":"Die Lulo (Solanum quitoense) oder auch Naranjilla und Jurassica genannt, ein Vertreter der Nachschattengw\u00e4chse (Solanaceae) wird in ihrer Kultur, Anzucht und Vermehrung vorgstellt. Zudem finden sie eine Beschreibung der Pflanze sowie Bilder. Die Pflanze bringt essbare, tomaten\u00e4hnliche, orangene und s\u00e4uerliche Fr\u00fcchter hervor.","breadcrumb":{"@id":"http:\/\/www.fancyplants.de\/de\/exotichome\/nwhspec\/lulo\/#breadcrumb"},"inLanguage":"de","potentialAction":[{"@type":"ReadAction","target":["http:\/\/www.fancyplants.de\/de\/exotichome\/nwhspec\/lulo\/"]}]},{"@type":"ImageObject","inLanguage":"de","@id":"http:\/\/www.fancyplants.de\/de\/exotichome\/nwhspec\/lulo\/#primaryimage","url":"http:\/\/www.assoc-amazon.de\/e\/ir?t=fancplan-21&amp;l=as2&amp;o=3&amp;a=B000O102M6","contentUrl":"http:\/\/www.assoc-amazon.de\/e\/ir?t=fancplan-21&amp;l=as2&amp;o=3&amp;a=B000O102M6"},{"@type":"BreadcrumbList","@id":"http:\/\/www.fancyplants.de\/de\/exotichome\/nwhspec\/lulo\/#breadcrumb","itemListElement":[{"@type":"ListItem","position":1,"name":"Home","item":"http:\/\/www.fancyplants.de\/de\/"},{"@type":"ListItem","position":2,"name":"Exotische Nutzpflanzen","item":"http:\/\/www.fancyplants.de\/de\/exotichome\/"},{"@type":"ListItem","position":3,"name":"Nicht-winterharte Arten","item":"http:\/\/www.fancyplants.de\/de\/exotichome\/nwhspec\/"},{"@type":"ListItem","position":4,"name":"Lulo"}]},{"@type":"WebSite","@id":"http:\/\/www.fancyplants.de\/de\/#website","url":"http:\/\/www.fancyplants.de\/de\/","name":"Fancy Plants - Deutsch","description":"Eine weitere WordPress-Seite","potentialAction":[{"@type":"SearchAction","target":{"@type":"EntryPoint","urlTemplate":"http:\/\/www.fancyplants.de\/de\/?s={search_term_string}"},"query-input":{"@type":"PropertyValueSpecification","valueRequired":true,"valueName":"search_term_string"}}],"inLanguage":"de"}]}},"_links":{"self":[{"href":"http:\/\/www.fancyplants.de\/de\/wp-json\/wp\/v2\/pages\/970","targetHints":{"allow":["GET"]}}],"collection":[{"href":"http:\/\/www.fancyplants.de\/de\/wp-json\/wp\/v2\/pages"}],"about":[{"href":"http:\/\/www.fancyplants.de\/de\/wp-json\/wp\/v2\/types\/page"}],"author":[{"embeddable":true,"href":"http:\/\/www.fancyplants.de\/de\/wp-json\/wp\/v2\/users\/1"}],"replies":[{"embeddable":true,"href":"http:\/\/www.fancyplants.de\/de\/wp-json\/wp\/v2\/comments?post=970"}],"version-history":[{"count":1,"href":"http:\/\/www.fancyplants.de\/de\/wp-json\/wp\/v2\/pages\/970\/revisions"}],"predecessor-version":[{"id":2985,"href":"http:\/\/www.fancyplants.de\/de\/wp-json\/wp\/v2\/pages\/970\/revisions\/2985"}],"up":[{"embeddable":true,"href":"http:\/\/www.fancyplants.de\/de\/wp-json\/wp\/v2\/pages\/722"}],"wp:attachment":[{"href":"http:\/\/www.fancyplants.de\/de\/wp-json\/wp\/v2\/media?parent=970"}],"curies":[{"name":"wp","href":"https:\/\/api.w.org\/{rel}","templated":true}]}}