{"id":968,"date":"2015-07-05T12:53:31","date_gmt":"2015-07-05T10:53:31","guid":{"rendered":"http:\/\/www.fancyplants.de\/de\/?page_id=968"},"modified":"2019-10-15T08:50:38","modified_gmt":"2019-10-15T06:50:38","slug":"loquat","status":"publish","type":"page","link":"http:\/\/www.fancyplants.de\/de\/exotichome\/nwhspec\/loquat\/","title":{"rendered":"Loquat"},"content":{"rendered":"<div class=\"fusion-fullwidth fullwidth-box fusion-builder-row-1 hundred-percent-fullwidth non-hundred-percent-height-scrolling\" style=\"--awb-border-radius-top-left:0px;--awb-border-radius-top-right:0px;--awb-border-radius-bottom-right:0px;--awb-border-radius-bottom-left:0px;--awb-overflow:visible;--awb-flex-wrap:wrap;\" ><div class=\"fusion-builder-row fusion-row\"><div class=\"fusion-layout-column fusion_builder_column fusion-builder-column-0 fusion_builder_column_1_1 1_1 fusion-one-full fusion-column-first fusion-column-last\" style=\"--awb-bg-size:cover;\"><div class=\"fusion-column-wrapper fusion-flex-column-wrapper-legacy\"><div class=\"fusion-title title fusion-title-1 fusion-title-text fusion-title-size-one\"><h1 class=\"fusion-title-heading title-heading-left\" style=\"margin:0;\">Loquat (<i>Eriobotrya japonica<\/i>)<\/h1><span class=\"awb-title-spacer\"><\/span><div class=\"title-sep-container\"><div class=\"title-sep sep-single sep-solid\" style=\"border-color:#3e3e3e;\"><\/div><\/div><\/div><div class=\"fusion-clearfix\"><\/div><\/div><\/div><div class=\"fusion-layout-column fusion_builder_column fusion-builder-column-1 fusion_builder_column_3_4 3_4 fusion-three-fourth fusion-column-first\" style=\"--awb-bg-size:cover;width:74%; margin-right: 4%;\"><div class=\"fusion-column-wrapper fusion-flex-column-wrapper-legacy\"><div class=\"fusion-title title fusion-title-2 fusion-title-text fusion-title-size-two\"><h2 class=\"fusion-title-heading title-heading-left\" style=\"margin:0;\">Im \u00dcberblick<\/h2><span class=\"awb-title-spacer\"><\/span><div class=\"title-sep-container\"><div class=\"title-sep sep-single sep-solid\" style=\"border-color:#3e3e3e;\"><\/div><\/div><\/div><div class=\"fusion-text fusion-text-1\"><div class=\"intextr\"><a class=\"lupe200\" title=\"Inzwischen drei jahre alte, reich verzweigte Pflanze, Sommer 2011.\" href=\"..\/..\/..\/..\/images\/plants\/loqu3jahre.jpg\" data-gallery=\"\"><img decoding=\"async\" src=\"..\/..\/..\/..\/images\/plants\/loqu3jahres.jpg\" alt=\"Inzwischen drei jahre alte, reich verzweigte Pflanze, Sommer 2011.\" width=\"200\" height=\"200\" \/><span><\/span><\/a><\/div>\n<p>Die Loquat, auch Japanische Wollmispel genannt, stammt aus Zentralchina und Japan. Besonders beliebt ist sie in Italien, wo man sie h\u00e4ufig unter der Bezeichnung Nespoli kaufen kann. Die Wollmispel geh\u00f6rt zu den Rosengew\u00e4chsen (<i>Rosaceae<\/i>) und ist nicht n\u00e4her mit der Echten Mispel (<i>Mespilus germanica<\/i>) verwandt.<\/p>\n<\/div><div class=\"fusion-title title fusion-title-3 fusion-title-text fusion-title-size-two\"><h2 class=\"fusion-title-heading title-heading-left\" style=\"margin:0;\">Beschreibung<\/h2><span class=\"awb-title-spacer\"><\/span><div class=\"title-sep-container\"><div class=\"title-sep sep-single sep-solid\" style=\"border-color:#3e3e3e;\"><\/div><\/div><\/div><div class=\"fusion-text fusion-text-2\"><p>Bei den Loquats handelt es sich um kleine B\u00e4ume mit gutem Verzweigungsgrad. Es werden bis zu 30 Zentimeter lange, l\u00e4ngliche, leicht filzige, derbe und dunkelgr\u00fcne Bl\u00e4tter gebildet. Der Neuaustrieb ist hellgr\u00fcn und dunkelt innerhalb weniger Wochen deutlich nach. Die Pflanze ist bis etwa -8\u00b0C frosthart. Dennoch empfiehlt sich auch in g\u00fcnstigen Lagen kein Auspflanzen, da die Bl\u00fcten im Herbst bzw. Winter gebildet werden. Aus diesen bilden sich etwa aprikosengro\u00dfe, schmackhafte Fr\u00fcchte, die meist ein bis drei gro\u00dfe Samen in der Mitte enthalten. Die Fr\u00fcchte sind sowohl f\u00fcr den Rohverzehr als auch zur Verarbeitung sehr gut geeignet.<\/p>\n<\/div><div class=\"fusion-title title fusion-title-4 fusion-title-text fusion-title-size-two\"><h2 class=\"fusion-title-heading title-heading-left\" style=\"margin:0;\">Kultur<\/h2><span class=\"awb-title-spacer\"><\/span><div class=\"title-sep-container\"><div class=\"title-sep sep-single sep-solid\" style=\"border-color:#3e3e3e;\"><\/div><\/div><\/div><div class=\"fusion-text fusion-text-3\"><p>Es ist relativ schwer, an Samen zu gelangen. Am besten bringen Sie welche aus Ihrem n\u00e4chsten Italienurlaub mit oder lassen sich welche von dort mitbringen. Diese keimen innerhalb drei bis vier Wochen nahezu zu hundert Prozent. Die weitere Kultur ist einfach. Relativ z\u00fcgiges Wachstum mit guter spontaner Verzweigung. Bis Mitte Oktober im Freien, leichter Frost wird vertragen. Danach an einem hellen Standort, da das Laub nicht abgeworfen wird. Der Standort kann und soll jedoch durchaus k\u00fchl sein.<\/p>\n<\/div><div class=\"fusion-title title fusion-title-5 fusion-title-text fusion-title-size-two\"><h2 class=\"fusion-title-heading title-heading-left\" style=\"margin:0;\">Erfahrungen<\/h2><span class=\"awb-title-spacer\"><\/span><div class=\"title-sep-container\"><div class=\"title-sep sep-single sep-solid\" style=\"border-color:#3e3e3e;\"><\/div><\/div><\/div><div class=\"fusion-text fusion-text-4\"><div class=\"intextr\"><a class=\"lupe200\" title=\"3 Monate alte Pflanze, Sommer 2009.\" href=\"..\/..\/..\/..\/images\/plants\/loqu3mon.jpg\" data-gallery=\"\"><img decoding=\"async\" src=\"..\/..\/..\/..\/images\/plants\/loqu3mons.jpg\" alt=\"3 Monate alte Pflanze, Sommer 2009.\" width=\"200\" height=\"200\" \/><span><\/span><\/a><\/div>\n<p>Die Loquat ist auch f\u00fcr botanisch nicht ganz so Interessierte ein lohnenswertes Objekt. Die Pflanze ist gen\u00fcgsam und zugleich eine herrliche K\u00fcbelpflanze mit frischem, lebhaftem Aspekt. Die Anzucht aus Samen ist nicht schwer. Es bedarf etwas Geduld (Keimzeit etwa vier Wochen) und etwas Fingersp\u00fctzengef\u00fchl bei der W\u00e4sserung (Samen empfindlich gegen Staun\u00e4sse). Danach zeigt die Pflanze ein eher z\u00fcgiges und gleichm\u00e4\u00dfiges Wachstum. Die Verzweigung setzt zuverl\u00e4ssig spontan ein. Innerhalb von vier bis f\u00fcnf Jahren kann die Loquat zu einem mehrtriebigen, mannshohen Baum heranwachsen. Die \u00dcberwinterung ist nicht schwer. K\u00fchler und heller Standort. Der Wasserbedarf ist gering. Mit der W\u00e4sserung kann gewartet werden, bis die Bl\u00e4tter allm\u00e4hlich beginnen, schlapp nach unten zu h\u00e4ngen. Nach dem Gie\u00dfen erholt sich die Pflanze binnen Stunden.<\/p>\n<h3>2008<\/h3>\n<p>Die Samen, welche ich aus Italien hatte, sind nach wenigen Wochen gekeimt. Das weitere Wachstum war zufriedenstellend. Am Jahresende hatten die Pfl\u00e4nzchen etwa ein H\u00f6he von 15 cm.<\/p>\n<h3>2009<\/h3>\n<p>Die kleinen Pfl\u00e4nzchen wurden von mir warm durchkultiviert. Im Sommer zeigten die Pflanzen ein gutes Wachstum. Bei einer H\u00f6he von etwa 40 cm begann die Spontanverzweigung.<\/p>\n<h3>2010<\/h3>\n<p>Erstmals \u00fcberwinterte ich meine Pflanze k\u00fchl und hell. Dies behagte ihr sichtlich. Im Fr\u00fchjahr wurden noch weitere Zweige gebildet. Am Jahresende hatte die Pflanze etwa eine H\u00f6he von 80 cm.<\/p>\n<h3>2011<\/h3>\n<p>Dieses Jahr habe ich meine Pflanze k\u00fchl, eher dunkel und ziemlich trocken \u00fcberwintert. Die Pflanze hat die \u00dcberwinterung unbeschadet \u00fcberstanden und treibt, sobald sie sich wieder im Freien befindet, sch\u00f6n aus.<\/p>\n<\/div><div class=\"fusion-clearfix\"><\/div><\/div><\/div><div class=\"fusion-layout-column fusion_builder_column fusion-builder-column-2 fusion_builder_column_1_4 1_4 fusion-one-fourth fusion-column-last\" style=\"--awb-bg-size:cover;width:22%;\"><div class=\"fusion-column-wrapper fusion-flex-column-wrapper-legacy\"><style type='text\/css'>.reading-box-container-1 .element-bottomshadow:before,.reading-box-container-1 .element-bottomshadow:after{opacity:0.7;}<\/style><div class=\"fusion-reading-box-container reading-box-container-1\" style=\"--awb-title-color:#ddbd73;--awb-margin-top:0px;--awb-margin-bottom:84px;\"><div class=\"reading-box element-bottomshadow\" style=\"background-color:#3e3e3e;border-width:1px;border-color:#3e3e3e;border-top-width:3px;border-top-color:var(--primary_color);border-style:solid;\"><div class=\"reading-box-additional\"><ul style=\"--awb-size:13px;--awb-line-height:22.1px;--awb-icon-width:22.1px;--awb-icon-height:22.1px;--awb-icon-margin:9.1px;--awb-content-margin:31.2px;--awb-circlecolor:#a0ce4e;--awb-circle-yes-font-size:11.44px;\" class=\"fusion-checklist fusion-checklist-1 fusion-checklist-default type-icons\"><li class=\"fusion-li-item\" style=\"\"><span class=\"icon-wrapper circle-yes\"><i class=\"fusion-li-icon fa fa-share-alt\" aria-hidden=\"true\"><\/i><\/span><div class=\"fusion-li-item-content\">\n<h2>Systematik<\/h2>\n<\/div><\/li><li class=\"fusion-li-item\" style=\"\"><span class=\"icon-wrapper circle-yes\"><i class=\"fusion-li-icon fa fa-caret-right\" aria-hidden=\"true\"><\/i><\/span><div class=\"fusion-li-item-content\">Ordnung: Rosenartige (Rosales)<\/div><\/li><li class=\"fusion-li-item\" style=\"\"><span class=\"icon-wrapper circle-yes\"><i class=\"fusion-li-icon fa fa-caret-right\" aria-hidden=\"true\"><\/i><\/span><div class=\"fusion-li-item-content\">Familie: Rosengew\u00e4chse (Rosaceae)<\/div><\/li><li class=\"fusion-li-item\" style=\"\"><span class=\"icon-wrapper circle-yes\"><i class=\"fusion-li-icon fa fa-caret-right\" aria-hidden=\"true\"><\/i><\/span><div class=\"fusion-li-item-content\">Unterfamilie: Spiraeoideae<\/div><\/li><li class=\"fusion-li-item\" style=\"\"><span class=\"icon-wrapper circle-yes\"><i class=\"fusion-li-icon fa fa-caret-right\" aria-hidden=\"true\"><\/i><\/span><div class=\"fusion-li-item-content\">Tribus: Pyreae<\/div><\/li><li class=\"fusion-li-item\" style=\"\"><span class=\"icon-wrapper circle-yes\"><i class=\"fusion-li-icon fa fa-caret-right\" aria-hidden=\"true\"><\/i><\/span><div class=\"fusion-li-item-content\">Untertribus: Kernobstgew\u00e4chse (Pyrinae)<\/div><\/li><li class=\"fusion-li-item\" style=\"\"><span class=\"icon-wrapper circle-yes\"><i class=\"fusion-li-icon fa fa-caret-right\" aria-hidden=\"true\"><\/i><\/span><div class=\"fusion-li-item-content\">Gattung: Wollmispeln (Eriobotrya)<\/div><\/li><\/ul><\/div><div class=\"fusion-clearfix\"><\/div><\/div><\/div><style type='text\/css'>.reading-box-container-2 .element-bottomshadow:before,.reading-box-container-2 .element-bottomshadow:after{opacity:0.7;}<\/style><div class=\"fusion-reading-box-container reading-box-container-2\" style=\"--awb-title-color:#ddbd73;--awb-margin-top:0px;--awb-margin-bottom:84px;\"><div class=\"reading-box element-bottomshadow\" style=\"background-color:#3e3e3e;border-width:1px;border-color:#3e3e3e;border-top-width:3px;border-top-color:var(--primary_color);border-style:solid;\"><div class=\"reading-box-additional\"><ul style=\"--awb-size:13px;--awb-line-height:22.1px;--awb-icon-width:22.1px;--awb-icon-height:22.1px;--awb-icon-margin:9.1px;--awb-content-margin:31.2px;--awb-circlecolor:#a0ce4e;--awb-circle-yes-font-size:11.44px;\" class=\"fusion-checklist fusion-checklist-2 fusion-checklist-default type-icons\"><li class=\"fusion-li-item\" style=\"\"><span class=\"icon-wrapper circle-yes\"><i class=\"fusion-li-icon fa fa-sort-amount-asc\" aria-hidden=\"true\"><\/i><\/span><div class=\"fusion-li-item-content\"><h2>Vermehrung<\/h2><\/div><\/li><li class=\"fusion-li-item\" style=\"\"><span class=\"icon-wrapper circle-yes\"><i class=\"fusion-li-icon fa fa-futbol-o\" aria-hidden=\"true\"><\/i><\/span><div class=\"fusion-li-item-content\">generativ<\/div><\/li><\/ul><\/div><div class=\"fusion-clearfix\"><\/div><\/div><\/div><style type='text\/css'>.reading-box-container-3 .element-bottomshadow:before,.reading-box-container-3 .element-bottomshadow:after{opacity:0.7;}<\/style><div class=\"fusion-reading-box-container reading-box-container-3\" style=\"--awb-title-color:#ddbd73;--awb-margin-top:0px;--awb-margin-bottom:84px;\"><div class=\"reading-box element-bottomshadow\" style=\"background-color:#3e3e3e;border-width:1px;border-color:#3e3e3e;border-top-width:3px;border-top-color:var(--primary_color);border-style:solid;\"><div class=\"reading-box-additional\"><ul style=\"--awb-size:13px;--awb-line-height:22.1px;--awb-icon-width:22.1px;--awb-icon-height:22.1px;--awb-icon-margin:9.1px;--awb-content-margin:31.2px;--awb-circlecolor:#a0ce4e;--awb-circle-yes-font-size:11.44px;\" class=\"fusion-checklist fusion-checklist-3 fusion-checklist-default type-icons\"><li class=\"fusion-li-item\" style=\"\"><span class=\"icon-wrapper circle-yes\"><i class=\"fusion-li-icon fa fa-scissors\" aria-hidden=\"true\"><\/i><\/span><div class=\"fusion-li-item-content\">\n<h2>Kultur<\/h2>\n<\/div><\/li><li class=\"fusion-li-item\" style=\"\"><span class=\"icon-wrapper circle-yes\"><i class=\"fusion-li-icon fa fa-caret-up\" aria-hidden=\"true\"><\/i><\/span><div class=\"fusion-li-item-content\">leicht<\/div><\/li><\/ul><\/div><div class=\"fusion-clearfix\"><\/div><\/div><\/div><style type='text\/css'>.reading-box-container-4 .element-bottomshadow:before,.reading-box-container-4 .element-bottomshadow:after{opacity:0.7;}<\/style><div class=\"fusion-reading-box-container reading-box-container-4\" style=\"--awb-title-color:#ddbd73;--awb-margin-top:0px;--awb-margin-bottom:84px;\"><div class=\"reading-box element-bottomshadow\" style=\"background-color:#3e3e3e;border-width:1px;border-color:#3e3e3e;border-top-width:3px;border-top-color:var(--primary_color);border-style:solid;\"><div class=\"reading-box-additional\"><ul style=\"--awb-size:13px;--awb-line-height:22.1px;--awb-icon-width:22.1px;--awb-icon-height:22.1px;--awb-icon-margin:9.1px;--awb-content-margin:31.2px;--awb-circlecolor:#a0ce4e;--awb-circle-yes-font-size:11.44px;\" class=\"fusion-checklist fusion-checklist-4 fusion-checklist-default type-icons\"><li class=\"fusion-li-item\" style=\"\"><span class=\"icon-wrapper circle-yes\"><i class=\"fusion-li-icon fa fa-apple\" aria-hidden=\"true\"><\/i><\/span><div class=\"fusion-li-item-content\">\n<h2>Fr\u00fcchte<\/h2>\n<\/div><\/li><li class=\"fusion-li-item\" style=\"\"><span class=\"icon-wrapper circle-yes\"><i class=\"fusion-li-icon fa fa-sort\" aria-hidden=\"true\"><\/i><\/span><div class=\"fusion-li-item-content\">eventuell<\/div><\/li><\/ul><\/div><div class=\"fusion-clearfix\"><\/div><\/div><\/div><style type='text\/css'>.reading-box-container-5 .element-bottomshadow:before,.reading-box-container-5 .element-bottomshadow:after{opacity:0.7;}<\/style><div class=\"fusion-reading-box-container reading-box-container-5\" style=\"--awb-title-color:#ddbd73;--awb-margin-top:0px;--awb-margin-bottom:84px;\"><div class=\"reading-box element-bottomshadow\" style=\"background-color:#3e3e3e;border-width:1px;border-color:#3e3e3e;border-top-width:3px;border-top-color:var(--primary_color);border-style:solid;\"><div class=\"reading-box-additional\"><ul style=\"--awb-size:13px;--awb-line-height:22.1px;--awb-icon-width:22.1px;--awb-icon-height:22.1px;--awb-icon-margin:9.1px;--awb-content-margin:31.2px;--awb-circlecolor:#a0ce4e;--awb-circle-yes-font-size:11.44px;\" class=\"fusion-checklist fusion-checklist-5 fusion-checklist-default type-icons\"><li class=\"fusion-li-item\" style=\"\"><span class=\"icon-wrapper circle-yes\"><i class=\"fusion-li-icon fa fa-bolt\" aria-hidden=\"true\"><\/i><\/span><div class=\"fusion-li-item-content\">\n<h2>USDA &#8211; Zone<\/h2>\n<\/div><\/li><li class=\"fusion-li-item\" style=\"\"><span class=\"icon-wrapper circle-yes\"><i class=\"fusion-li-icon fa fa-caret-right\" aria-hidden=\"true\"><\/i><\/span><div class=\"fusion-li-item-content\">8a (-12,2\u00b0C)<\/div><\/li><\/ul><\/div><div class=\"fusion-clearfix\"><\/div><\/div><\/div><div class=\"fusion-clearfix\"><\/div><\/div><\/div><\/div><\/div>","protected":false},"excerpt":{"rendered":"","protected":false},"author":1,"featured_media":0,"parent":722,"menu_order":0,"comment_status":"open","ping_status":"open","template":"","meta":{"footnotes":""},"class_list":["post-968","page","type-page","status-publish","hentry"],"yoast_head":"<!-- This site is optimized with the Yoast SEO plugin v26.9 - https:\/\/yoast.com\/product\/yoast-seo-wordpress\/ -->\n<title>Loquat - Fancy Plants - Deutsch<\/title>\n<meta name=\"description\" content=\"Die Loquat (Eriobotrya japonica) \u2013 auch Japanische Wollmispel oder Nespoli genannt \u2013 ist ein Vertreter der Rosengew\u00e4chse (Rosaceae) und l\u00e4sst sich mit meiner Anleitung einfach selbst anziehen und vermehren. Auch deren weitere Kultur ist nicht schwer. Nach wenigen Jahren unkomplizierter Pflege l\u00e4sst sich eine frische Loquat selber ernten.\" \/>\n<meta name=\"robots\" content=\"index, follow, max-snippet:-1, max-image-preview:large, max-video-preview:-1\" \/>\n<link rel=\"canonical\" href=\"http:\/\/www.fancyplants.de\/de\/exotichome\/nwhspec\/loquat\/\" \/>\n<meta property=\"og:locale\" content=\"de_DE\" \/>\n<meta property=\"og:type\" content=\"article\" \/>\n<meta property=\"og:title\" content=\"Loquat - Fancy Plants - Deutsch\" \/>\n<meta property=\"og:description\" content=\"Die Loquat (Eriobotrya japonica) \u2013 auch Japanische Wollmispel oder Nespoli genannt \u2013 ist ein Vertreter der Rosengew\u00e4chse (Rosaceae) und l\u00e4sst sich mit meiner Anleitung einfach selbst anziehen und vermehren. Auch deren weitere Kultur ist nicht schwer. Nach wenigen Jahren unkomplizierter Pflege l\u00e4sst sich eine frische Loquat selber ernten.\" \/>\n<meta property=\"og:url\" content=\"http:\/\/www.fancyplants.de\/de\/exotichome\/nwhspec\/loquat\/\" \/>\n<meta property=\"og:site_name\" content=\"Fancy Plants - Deutsch\" \/>\n<meta property=\"article:modified_time\" content=\"2019-10-15T06:50:38+00:00\" \/>\n<meta name=\"twitter:card\" content=\"summary_large_image\" \/>\n<meta name=\"twitter:label1\" content=\"Gesch\u00e4tzte Lesezeit\" \/>\n\t<meta name=\"twitter:data1\" content=\"6\u00a0Minuten\" \/>\n<script type=\"application\/ld+json\" class=\"yoast-schema-graph\">{\"@context\":\"https:\/\/schema.org\",\"@graph\":[{\"@type\":\"WebPage\",\"@id\":\"http:\/\/www.fancyplants.de\/de\/exotichome\/nwhspec\/loquat\/\",\"url\":\"http:\/\/www.fancyplants.de\/de\/exotichome\/nwhspec\/loquat\/\",\"name\":\"Loquat - Fancy Plants - Deutsch\",\"isPartOf\":{\"@id\":\"http:\/\/www.fancyplants.de\/de\/#website\"},\"datePublished\":\"2015-07-05T10:53:31+00:00\",\"dateModified\":\"2019-10-15T06:50:38+00:00\",\"description\":\"Die Loquat (Eriobotrya japonica) \u2013 auch Japanische Wollmispel oder Nespoli genannt \u2013 ist ein Vertreter der Rosengew\u00e4chse (Rosaceae) und l\u00e4sst sich mit meiner Anleitung einfach selbst anziehen und vermehren. Auch deren weitere Kultur ist nicht schwer. Nach wenigen Jahren unkomplizierter Pflege l\u00e4sst sich eine frische Loquat selber ernten.\",\"breadcrumb\":{\"@id\":\"http:\/\/www.fancyplants.de\/de\/exotichome\/nwhspec\/loquat\/#breadcrumb\"},\"inLanguage\":\"de\",\"potentialAction\":[{\"@type\":\"ReadAction\",\"target\":[\"http:\/\/www.fancyplants.de\/de\/exotichome\/nwhspec\/loquat\/\"]}]},{\"@type\":\"BreadcrumbList\",\"@id\":\"http:\/\/www.fancyplants.de\/de\/exotichome\/nwhspec\/loquat\/#breadcrumb\",\"itemListElement\":[{\"@type\":\"ListItem\",\"position\":1,\"name\":\"Home\",\"item\":\"http:\/\/www.fancyplants.de\/de\/\"},{\"@type\":\"ListItem\",\"position\":2,\"name\":\"Exotische Nutzpflanzen\",\"item\":\"http:\/\/www.fancyplants.de\/de\/exotichome\/\"},{\"@type\":\"ListItem\",\"position\":3,\"name\":\"Nicht-winterharte Arten\",\"item\":\"http:\/\/www.fancyplants.de\/de\/exotichome\/nwhspec\/\"},{\"@type\":\"ListItem\",\"position\":4,\"name\":\"Loquat\"}]},{\"@type\":\"WebSite\",\"@id\":\"http:\/\/www.fancyplants.de\/de\/#website\",\"url\":\"http:\/\/www.fancyplants.de\/de\/\",\"name\":\"Fancy Plants - Deutsch\",\"description\":\"Eine weitere WordPress-Seite\",\"potentialAction\":[{\"@type\":\"SearchAction\",\"target\":{\"@type\":\"EntryPoint\",\"urlTemplate\":\"http:\/\/www.fancyplants.de\/de\/?s={search_term_string}\"},\"query-input\":{\"@type\":\"PropertyValueSpecification\",\"valueRequired\":true,\"valueName\":\"search_term_string\"}}],\"inLanguage\":\"de\"}]}<\/script>\n<!-- \/ Yoast SEO plugin. -->","yoast_head_json":{"title":"Loquat - Fancy Plants - Deutsch","description":"Die Loquat (Eriobotrya japonica) \u2013 auch Japanische Wollmispel oder Nespoli genannt \u2013 ist ein Vertreter der Rosengew\u00e4chse (Rosaceae) und l\u00e4sst sich mit meiner Anleitung einfach selbst anziehen und vermehren. Auch deren weitere Kultur ist nicht schwer. Nach wenigen Jahren unkomplizierter Pflege l\u00e4sst sich eine frische Loquat selber ernten.","robots":{"index":"index","follow":"follow","max-snippet":"max-snippet:-1","max-image-preview":"max-image-preview:large","max-video-preview":"max-video-preview:-1"},"canonical":"http:\/\/www.fancyplants.de\/de\/exotichome\/nwhspec\/loquat\/","og_locale":"de_DE","og_type":"article","og_title":"Loquat - Fancy Plants - Deutsch","og_description":"Die Loquat (Eriobotrya japonica) \u2013 auch Japanische Wollmispel oder Nespoli genannt \u2013 ist ein Vertreter der Rosengew\u00e4chse (Rosaceae) und l\u00e4sst sich mit meiner Anleitung einfach selbst anziehen und vermehren. Auch deren weitere Kultur ist nicht schwer. Nach wenigen Jahren unkomplizierter Pflege l\u00e4sst sich eine frische Loquat selber ernten.","og_url":"http:\/\/www.fancyplants.de\/de\/exotichome\/nwhspec\/loquat\/","og_site_name":"Fancy Plants - Deutsch","article_modified_time":"2019-10-15T06:50:38+00:00","twitter_card":"summary_large_image","twitter_misc":{"Gesch\u00e4tzte Lesezeit":"6\u00a0Minuten"},"schema":{"@context":"https:\/\/schema.org","@graph":[{"@type":"WebPage","@id":"http:\/\/www.fancyplants.de\/de\/exotichome\/nwhspec\/loquat\/","url":"http:\/\/www.fancyplants.de\/de\/exotichome\/nwhspec\/loquat\/","name":"Loquat - Fancy Plants - Deutsch","isPartOf":{"@id":"http:\/\/www.fancyplants.de\/de\/#website"},"datePublished":"2015-07-05T10:53:31+00:00","dateModified":"2019-10-15T06:50:38+00:00","description":"Die Loquat (Eriobotrya japonica) \u2013 auch Japanische Wollmispel oder Nespoli genannt \u2013 ist ein Vertreter der Rosengew\u00e4chse (Rosaceae) und l\u00e4sst sich mit meiner Anleitung einfach selbst anziehen und vermehren. Auch deren weitere Kultur ist nicht schwer. Nach wenigen Jahren unkomplizierter Pflege l\u00e4sst sich eine frische Loquat selber ernten.","breadcrumb":{"@id":"http:\/\/www.fancyplants.de\/de\/exotichome\/nwhspec\/loquat\/#breadcrumb"},"inLanguage":"de","potentialAction":[{"@type":"ReadAction","target":["http:\/\/www.fancyplants.de\/de\/exotichome\/nwhspec\/loquat\/"]}]},{"@type":"BreadcrumbList","@id":"http:\/\/www.fancyplants.de\/de\/exotichome\/nwhspec\/loquat\/#breadcrumb","itemListElement":[{"@type":"ListItem","position":1,"name":"Home","item":"http:\/\/www.fancyplants.de\/de\/"},{"@type":"ListItem","position":2,"name":"Exotische Nutzpflanzen","item":"http:\/\/www.fancyplants.de\/de\/exotichome\/"},{"@type":"ListItem","position":3,"name":"Nicht-winterharte Arten","item":"http:\/\/www.fancyplants.de\/de\/exotichome\/nwhspec\/"},{"@type":"ListItem","position":4,"name":"Loquat"}]},{"@type":"WebSite","@id":"http:\/\/www.fancyplants.de\/de\/#website","url":"http:\/\/www.fancyplants.de\/de\/","name":"Fancy Plants - Deutsch","description":"Eine weitere WordPress-Seite","potentialAction":[{"@type":"SearchAction","target":{"@type":"EntryPoint","urlTemplate":"http:\/\/www.fancyplants.de\/de\/?s={search_term_string}"},"query-input":{"@type":"PropertyValueSpecification","valueRequired":true,"valueName":"search_term_string"}}],"inLanguage":"de"}]}},"_links":{"self":[{"href":"http:\/\/www.fancyplants.de\/de\/wp-json\/wp\/v2\/pages\/968","targetHints":{"allow":["GET"]}}],"collection":[{"href":"http:\/\/www.fancyplants.de\/de\/wp-json\/wp\/v2\/pages"}],"about":[{"href":"http:\/\/www.fancyplants.de\/de\/wp-json\/wp\/v2\/types\/page"}],"author":[{"embeddable":true,"href":"http:\/\/www.fancyplants.de\/de\/wp-json\/wp\/v2\/users\/1"}],"replies":[{"embeddable":true,"href":"http:\/\/www.fancyplants.de\/de\/wp-json\/wp\/v2\/comments?post=968"}],"version-history":[{"count":1,"href":"http:\/\/www.fancyplants.de\/de\/wp-json\/wp\/v2\/pages\/968\/revisions"}],"predecessor-version":[{"id":2986,"href":"http:\/\/www.fancyplants.de\/de\/wp-json\/wp\/v2\/pages\/968\/revisions\/2986"}],"up":[{"embeddable":true,"href":"http:\/\/www.fancyplants.de\/de\/wp-json\/wp\/v2\/pages\/722"}],"wp:attachment":[{"href":"http:\/\/www.fancyplants.de\/de\/wp-json\/wp\/v2\/media?parent=968"}],"curies":[{"name":"wp","href":"https:\/\/api.w.org\/{rel}","templated":true}]}}