{"id":964,"date":"2015-07-05T12:52:27","date_gmt":"2015-07-05T10:52:27","guid":{"rendered":"http:\/\/www.fancyplants.de\/de\/?page_id=964"},"modified":"2019-10-15T08:50:38","modified_gmt":"2019-10-15T06:50:38","slug":"ceratonia","status":"publish","type":"page","link":"http:\/\/www.fancyplants.de\/de\/exotichome\/nwhspec\/ceratonia\/","title":{"rendered":"Johannisbrotbaum"},"content":{"rendered":"<div class=\"fusion-fullwidth fullwidth-box fusion-builder-row-1 hundred-percent-fullwidth non-hundred-percent-height-scrolling\" style=\"--awb-border-radius-top-left:0px;--awb-border-radius-top-right:0px;--awb-border-radius-bottom-right:0px;--awb-border-radius-bottom-left:0px;--awb-overflow:visible;--awb-flex-wrap:wrap;\" ><div class=\"fusion-builder-row fusion-row\"><div class=\"fusion-layout-column fusion_builder_column fusion-builder-column-0 fusion_builder_column_1_1 1_1 fusion-one-full fusion-column-first fusion-column-last\" style=\"--awb-bg-size:cover;\"><div class=\"fusion-column-wrapper fusion-flex-column-wrapper-legacy\"><div class=\"fusion-title title fusion-title-1 fusion-title-text fusion-title-size-one\"><h1 class=\"fusion-title-heading title-heading-left\" style=\"margin:0;\">Johannisbrotbaum (<i>Ceratonia siliqua<\/i>)<\/h1><span class=\"awb-title-spacer\"><\/span><div class=\"title-sep-container\"><div class=\"title-sep sep-single sep-solid\" style=\"border-color:#3e3e3e;\"><\/div><\/div><\/div><div class=\"fusion-clearfix\"><\/div><\/div><\/div><div class=\"fusion-layout-column fusion_builder_column fusion-builder-column-1 fusion_builder_column_3_4 3_4 fusion-three-fourth fusion-column-first\" style=\"--awb-bg-size:cover;width:74%; margin-right: 4%;\"><div class=\"fusion-column-wrapper fusion-flex-column-wrapper-legacy\"><div class=\"fusion-title title fusion-title-2 fusion-title-text fusion-title-size-two\"><h2 class=\"fusion-title-heading title-heading-left\" style=\"margin:0;\">Im \u00dcberblick<\/h2><span class=\"awb-title-spacer\"><\/span><div class=\"title-sep-container\"><div class=\"title-sep sep-single sep-solid\" style=\"border-color:#3e3e3e;\"><\/div><\/div><\/div><div class=\"fusion-text fusion-text-1\"><div class=\"intextr\"><a class=\"lupe200\" title=\"Blick in die Krone. April 2008, Rhodos.\" href=\"..\/..\/..\/..\/images\/plants\/ceratonia.jpg\" data-gallery=\"\"><img decoding=\"async\" src=\"..\/..\/..\/..\/images\/plants\/ceratonias.jpg\" alt=\"Blick in die Krone. April 2008, Rhodos.\" width=\"200\" height=\"200\" \/><span><\/span><\/a><\/div>\n<p>Dieser Vertreter der H\u00fclsenfr\u00fcchtler (<i>Fabaceae<\/i>) stammt aus Voderasien und wird auch Karobe genannt. Als Frucht wird ein l\u00e4ngliche Schote gebildet, die ein weiches und aromatisches Fruchtfleisch enth\u00e4lt. In diesem sind mehrere Samen eingebettet. In der Antike wurden die Samen, da sie ein konstantes Durchschnittsgewicht von 200 Milligramm aufweisen, als W\u00e4geeinheit f\u00fcr Diamanten verwendet. Das Wort Karat leitet sich vom franz\u00f6zischen <i>le carat<\/i> ab, welches sich seinerseits vom italienischen <i>carato<\/i> ableitet, welches wiederum auf das griechische Wort <i>keration<\/i> (bedeutet etwa H\u00f6rnchen, als Anspielung auf die Schotenform) zur\u00fcckreicht. Hiervon stammt auch der botanische Gattungsname <i>Ceratonia<\/i> ab.<\/p>\n<\/div><div class=\"fusion-title title fusion-title-3 fusion-title-text fusion-title-size-two\"><h2 class=\"fusion-title-heading title-heading-left\" style=\"margin:0;\">Beschreibung<\/h2><span class=\"awb-title-spacer\"><\/span><div class=\"title-sep-container\"><div class=\"title-sep sep-single sep-solid\" style=\"border-color:#3e3e3e;\"><\/div><\/div><\/div><div class=\"fusion-text fusion-text-2\"><p>Der Johannisbrotbaum ist inzwischen im Mittelmeerraum weit verbreitet, ist an n\u00e4hrstoff- und wasserarme B\u00f6den angepasst und erreicht etwa die Gr\u00f6\u00dfe eines Apfelbaumes. Der Johannisbrotbaum besitzt eien breit ausladende Krone und eine borkige Rinde. Es werden Fiederbl\u00e4tter, bestehend aus zwei bis f\u00fcnf gegenst\u00e4ndigen Fiederbl\u00e4ttchen, gebildet. Der Neuaustrieb ist zun\u00e4chst weich und rot, wird sp\u00e4ter jedoch derbledrig mit tiefgr\u00fcner F\u00e4rbung.<\/p>\n<\/div><div class=\"fusion-title title fusion-title-4 fusion-title-text fusion-title-size-two\"><h2 class=\"fusion-title-heading title-heading-left\" style=\"margin:0;\">Kultur<\/h2><span class=\"awb-title-spacer\"><\/span><div class=\"title-sep-container\"><div class=\"title-sep sep-single sep-solid\" style=\"border-color:#3e3e3e;\"><\/div><\/div><\/div><div class=\"fusion-text fusion-text-3\"><p>Die Kultur ist nicht schwer. Die Anzucht aus Samen gestaltet sich unproblematisch. L\u00e4ngerfristig kann der Johannisbrotbaum zu einem kleinen B\u00e4umchen als K\u00fcbelpflanze herangezogen werden. Nur sp\u00e4rliche Wasser- und D\u00fcngergabe. Die Pflanze reagiert empfindlich gegen Staun\u00e4sse, daher das Substrat mit reichlich Sand und kleinen Steinchen wasserdurchl\u00e4ssig mischen. Im Sommer im Freien halten, im Winter an einer k\u00fchlen und hellen, jedoch frostfreien, Stelle \u00fcberwintern. Der Johannisbrotbaum vertr\u00e4gt nur kurzfristig leichteren Frost.<\/p>\n<p>Bl\u00fcten werden erst bei gr\u00f6\u00dferen B\u00e4umen gebildet und sind somit fr\u00fchestens nach sieben Jahren zu erwarten.<\/p>\n<\/div><div class=\"fusion-title title fusion-title-5 fusion-title-text fusion-title-size-two\"><h2 class=\"fusion-title-heading title-heading-left\" style=\"margin:0;\">Erfahrungen<\/h2><span class=\"awb-title-spacer\"><\/span><div class=\"title-sep-container\"><div class=\"title-sep sep-single sep-solid\" style=\"border-color:#3e3e3e;\"><\/div><\/div><\/div><div class=\"fusion-text fusion-text-4\"><p>Der Johannisbrotbaum ist gen\u00fcgsam. Gute Keimung. Danach eher gem\u00e4chliches Wachstum. Durch die sehr derben Bl\u00e4tter hat der Johannisbrotbaum nur einen geringen Wasserbedarf. Auch l\u00e4ngere Trockenperioden werden schon von recht kleinen Pflanzen problemlos \u00fcberstanden, auch im Winter.<\/p>\n<h3>2010<\/h3>\n<p>Meine 2009 aus Samen gezogene Pflanze lie\u00df sich problemlos \u00fcberwintern. Von den Eisheiligen bis zu den ersten Fr\u00f6sten im Herbst stand die Pflanze im Freien, wo sie ein gleichm\u00e4\u00dfiges Wachstum zeigte.<\/p>\n<h3>2011<\/h3>\n<p>Auch dieses Jahr zeigt die Pflanze ein gleichm\u00e4\u00dfiges Wachstum.<\/p>\n<\/div><div class=\"fusion-clearfix\"><\/div><\/div><\/div><div class=\"fusion-layout-column fusion_builder_column fusion-builder-column-2 fusion_builder_column_1_4 1_4 fusion-one-fourth fusion-column-last\" style=\"--awb-bg-size:cover;width:22%;\"><div class=\"fusion-column-wrapper fusion-flex-column-wrapper-legacy\"><style type='text\/css'>.reading-box-container-1 .element-bottomshadow:before,.reading-box-container-1 .element-bottomshadow:after{opacity:0.7;}<\/style><div class=\"fusion-reading-box-container reading-box-container-1\" style=\"--awb-title-color:#ddbd73;--awb-margin-top:0px;--awb-margin-bottom:84px;\"><div class=\"reading-box element-bottomshadow\" style=\"background-color:#3e3e3e;border-width:1px;border-color:#3e3e3e;border-top-width:3px;border-top-color:var(--primary_color);border-style:solid;\"><div class=\"reading-box-additional\"><ul style=\"--awb-size:13px;--awb-line-height:22.1px;--awb-icon-width:22.1px;--awb-icon-height:22.1px;--awb-icon-margin:9.1px;--awb-content-margin:31.2px;--awb-circlecolor:#a0ce4e;--awb-circle-yes-font-size:11.44px;\" class=\"fusion-checklist fusion-checklist-1 fusion-checklist-default type-icons\"><li class=\"fusion-li-item\" style=\"\"><span class=\"icon-wrapper circle-yes\"><i class=\"fusion-li-icon fa fa-share-alt\" aria-hidden=\"true\"><\/i><\/span><div class=\"fusion-li-item-content\">\n<h2>Systematik<\/h2>\n<\/div><\/li><li class=\"fusion-li-item\" style=\"\"><span class=\"icon-wrapper circle-yes\"><i class=\"fusion-li-icon fa fa-caret-right\" aria-hidden=\"true\"><\/i><\/span><div class=\"fusion-li-item-content\">Ordnung: Schmetterlingsbl\u00fctenartige (Fabales)<\/div><\/li><li class=\"fusion-li-item\" style=\"\"><span class=\"icon-wrapper circle-yes\"><i class=\"fusion-li-icon fa fa-caret-right\" aria-hidden=\"true\"><\/i><\/span><div class=\"fusion-li-item-content\">Familie: Johannisbrotgew\u00e4chse (Caesalpinioideae)<\/div><\/li><li class=\"fusion-li-item\" style=\"\"><span class=\"icon-wrapper circle-yes\"><i class=\"fusion-li-icon fa fa-caret-right\" aria-hidden=\"true\"><\/i><\/span><div class=\"fusion-li-item-content\">Unterfamilie: Spiraeoideae<\/div><\/li><li class=\"fusion-li-item\" style=\"\"><span class=\"icon-wrapper circle-yes\"><i class=\"fusion-li-icon fa fa-caret-right\" aria-hidden=\"true\"><\/i><\/span><div class=\"fusion-li-item-content\">Gattung: Ceratonia<\/div><\/li><\/ul><\/div><div class=\"fusion-clearfix\"><\/div><\/div><\/div><style type='text\/css'>.reading-box-container-2 .element-bottomshadow:before,.reading-box-container-2 .element-bottomshadow:after{opacity:0.7;}<\/style><div class=\"fusion-reading-box-container reading-box-container-2\" style=\"--awb-title-color:#ddbd73;--awb-margin-top:0px;--awb-margin-bottom:84px;\"><div class=\"reading-box element-bottomshadow\" style=\"background-color:#3e3e3e;border-width:1px;border-color:#3e3e3e;border-top-width:3px;border-top-color:var(--primary_color);border-style:solid;\"><div class=\"reading-box-additional\"><ul style=\"--awb-size:13px;--awb-line-height:22.1px;--awb-icon-width:22.1px;--awb-icon-height:22.1px;--awb-icon-margin:9.1px;--awb-content-margin:31.2px;--awb-circlecolor:#a0ce4e;--awb-circle-yes-font-size:11.44px;\" class=\"fusion-checklist fusion-checklist-2 fusion-checklist-default type-icons\"><li class=\"fusion-li-item\" style=\"\"><span class=\"icon-wrapper circle-yes\"><i class=\"fusion-li-icon fa fa-sort-amount-asc\" aria-hidden=\"true\"><\/i><\/span><div class=\"fusion-li-item-content\"><h2>Vermehrung<\/h2><\/div><\/li><li class=\"fusion-li-item\" style=\"\"><span class=\"icon-wrapper circle-yes\"><i class=\"fusion-li-icon fa fa-futbol-o\" aria-hidden=\"true\"><\/i><\/span><div class=\"fusion-li-item-content\">generativ<\/div><\/li><\/ul><\/div><div class=\"fusion-clearfix\"><\/div><\/div><\/div><style type='text\/css'>.reading-box-container-3 .element-bottomshadow:before,.reading-box-container-3 .element-bottomshadow:after{opacity:0.7;}<\/style><div class=\"fusion-reading-box-container reading-box-container-3\" style=\"--awb-title-color:#ddbd73;--awb-margin-top:0px;--awb-margin-bottom:84px;\"><div class=\"reading-box element-bottomshadow\" style=\"background-color:#3e3e3e;border-width:1px;border-color:#3e3e3e;border-top-width:3px;border-top-color:var(--primary_color);border-style:solid;\"><div class=\"reading-box-additional\"><ul style=\"--awb-size:13px;--awb-line-height:22.1px;--awb-icon-width:22.1px;--awb-icon-height:22.1px;--awb-icon-margin:9.1px;--awb-content-margin:31.2px;--awb-circlecolor:#a0ce4e;--awb-circle-yes-font-size:11.44px;\" class=\"fusion-checklist fusion-checklist-3 fusion-checklist-default type-icons\"><li class=\"fusion-li-item\" style=\"\"><span class=\"icon-wrapper circle-yes\"><i class=\"fusion-li-icon fa fa-scissors\" aria-hidden=\"true\"><\/i><\/span><div class=\"fusion-li-item-content\">\n<h2>Kultur<\/h2>\n<\/div><\/li><li class=\"fusion-li-item\" style=\"\"><span class=\"icon-wrapper circle-yes\"><i class=\"fusion-li-icon fa fa-caret-up\" aria-hidden=\"true\"><\/i><\/span><div class=\"fusion-li-item-content\">leicht<\/div><\/li><\/ul><\/div><div class=\"fusion-clearfix\"><\/div><\/div><\/div><style type='text\/css'>.reading-box-container-4 .element-bottomshadow:before,.reading-box-container-4 .element-bottomshadow:after{opacity:0.7;}<\/style><div class=\"fusion-reading-box-container reading-box-container-4\" style=\"--awb-title-color:#ddbd73;--awb-margin-top:0px;--awb-margin-bottom:84px;\"><div class=\"reading-box element-bottomshadow\" style=\"background-color:#3e3e3e;border-width:1px;border-color:#3e3e3e;border-top-width:3px;border-top-color:var(--primary_color);border-style:solid;\"><div class=\"reading-box-additional\"><ul style=\"--awb-size:13px;--awb-line-height:22.1px;--awb-icon-width:22.1px;--awb-icon-height:22.1px;--awb-icon-margin:9.1px;--awb-content-margin:31.2px;--awb-circlecolor:#a0ce4e;--awb-circle-yes-font-size:11.44px;\" class=\"fusion-checklist fusion-checklist-4 fusion-checklist-default type-icons\"><li class=\"fusion-li-item\" style=\"\"><span class=\"icon-wrapper circle-yes\"><i class=\"fusion-li-icon fa fa-apple\" aria-hidden=\"true\"><\/i><\/span><div class=\"fusion-li-item-content\">\n<h2>Fr\u00fcchte<\/h2>\n<\/div><\/li><li class=\"fusion-li-item\" style=\"\"><span class=\"icon-wrapper circle-yes\"><i class=\"fusion-li-icon fa fa-caret-down\" aria-hidden=\"true\"><\/i><\/span><div class=\"fusion-li-item-content\">nahezu nie<\/div><\/li><\/ul><\/div><div class=\"fusion-clearfix\"><\/div><\/div><\/div><style type='text\/css'>.reading-box-container-5 .element-bottomshadow:before,.reading-box-container-5 .element-bottomshadow:after{opacity:0.7;}<\/style><div class=\"fusion-reading-box-container reading-box-container-5\" style=\"--awb-title-color:#ddbd73;--awb-margin-top:0px;--awb-margin-bottom:84px;\"><div class=\"reading-box element-bottomshadow\" style=\"background-color:#3e3e3e;border-width:1px;border-color:#3e3e3e;border-top-width:3px;border-top-color:var(--primary_color);border-style:solid;\"><div class=\"reading-box-additional\"><ul style=\"--awb-size:13px;--awb-line-height:22.1px;--awb-icon-width:22.1px;--awb-icon-height:22.1px;--awb-icon-margin:9.1px;--awb-content-margin:31.2px;--awb-circlecolor:#a0ce4e;--awb-circle-yes-font-size:11.44px;\" class=\"fusion-checklist fusion-checklist-5 fusion-checklist-default type-icons\"><li class=\"fusion-li-item\" style=\"\"><span class=\"icon-wrapper circle-yes\"><i class=\"fusion-li-icon fa fa-bolt\" aria-hidden=\"true\"><\/i><\/span><div class=\"fusion-li-item-content\">\n<h2>USDA &#8211; Zone<\/h2>\n<\/div><\/li><li class=\"fusion-li-item\" style=\"\"><span class=\"icon-wrapper circle-yes\"><i class=\"fusion-li-icon fa fa-caret-right\" aria-hidden=\"true\"><\/i><\/span><div class=\"fusion-li-item-content\">9a (-6,6\u00b0C)<\/div><\/li><\/ul><\/div><div class=\"fusion-clearfix\"><\/div><\/div><\/div><div class=\"fusion-clearfix\"><\/div><\/div><\/div><\/div><\/div>","protected":false},"excerpt":{"rendered":"","protected":false},"author":1,"featured_media":0,"parent":722,"menu_order":0,"comment_status":"open","ping_status":"open","template":"","meta":{"footnotes":""},"class_list":["post-964","page","type-page","status-publish","hentry"],"yoast_head":"<!-- This site is optimized with the Yoast SEO plugin v26.9 - https:\/\/yoast.com\/product\/yoast-seo-wordpress\/ -->\n<title>Johannisbrotbaum - Fancy Plants - Deutsch<\/title>\n<meta name=\"description\" content=\"Der Johannisbrotbaum (Ceratonia siliqua), eine Vertreter der H\u00fclsenfr\u00fcchtler (Fabaceae), l\u00e4sst sich mit meiner Anleitung einfach selbst anziehen und vermehren. Auch deren weitere Kultur ist nicht schwer. Er ist eine ideale K\u00fcbelpflanze.\" \/>\n<meta name=\"robots\" content=\"index, follow, max-snippet:-1, max-image-preview:large, max-video-preview:-1\" \/>\n<link rel=\"canonical\" href=\"http:\/\/www.fancyplants.de\/de\/exotichome\/nwhspec\/ceratonia\/\" \/>\n<meta property=\"og:locale\" content=\"de_DE\" \/>\n<meta property=\"og:type\" content=\"article\" \/>\n<meta property=\"og:title\" content=\"Johannisbrotbaum - Fancy Plants - Deutsch\" \/>\n<meta property=\"og:description\" content=\"Der Johannisbrotbaum (Ceratonia siliqua), eine Vertreter der H\u00fclsenfr\u00fcchtler (Fabaceae), l\u00e4sst sich mit meiner Anleitung einfach selbst anziehen und vermehren. Auch deren weitere Kultur ist nicht schwer. Er ist eine ideale K\u00fcbelpflanze.\" \/>\n<meta property=\"og:url\" content=\"http:\/\/www.fancyplants.de\/de\/exotichome\/nwhspec\/ceratonia\/\" \/>\n<meta property=\"og:site_name\" content=\"Fancy Plants - Deutsch\" \/>\n<meta property=\"article:modified_time\" content=\"2019-10-15T06:50:38+00:00\" \/>\n<meta name=\"twitter:card\" content=\"summary_large_image\" \/>\n<meta name=\"twitter:label1\" content=\"Gesch\u00e4tzte Lesezeit\" \/>\n\t<meta name=\"twitter:data1\" content=\"5\u00a0Minuten\" \/>\n<script type=\"application\/ld+json\" class=\"yoast-schema-graph\">{\"@context\":\"https:\/\/schema.org\",\"@graph\":[{\"@type\":\"WebPage\",\"@id\":\"http:\/\/www.fancyplants.de\/de\/exotichome\/nwhspec\/ceratonia\/\",\"url\":\"http:\/\/www.fancyplants.de\/de\/exotichome\/nwhspec\/ceratonia\/\",\"name\":\"Johannisbrotbaum - Fancy Plants - Deutsch\",\"isPartOf\":{\"@id\":\"http:\/\/www.fancyplants.de\/de\/#website\"},\"datePublished\":\"2015-07-05T10:52:27+00:00\",\"dateModified\":\"2019-10-15T06:50:38+00:00\",\"description\":\"Der Johannisbrotbaum (Ceratonia siliqua), eine Vertreter der H\u00fclsenfr\u00fcchtler (Fabaceae), l\u00e4sst sich mit meiner Anleitung einfach selbst anziehen und vermehren. Auch deren weitere Kultur ist nicht schwer. Er ist eine ideale K\u00fcbelpflanze.\",\"breadcrumb\":{\"@id\":\"http:\/\/www.fancyplants.de\/de\/exotichome\/nwhspec\/ceratonia\/#breadcrumb\"},\"inLanguage\":\"de\",\"potentialAction\":[{\"@type\":\"ReadAction\",\"target\":[\"http:\/\/www.fancyplants.de\/de\/exotichome\/nwhspec\/ceratonia\/\"]}]},{\"@type\":\"BreadcrumbList\",\"@id\":\"http:\/\/www.fancyplants.de\/de\/exotichome\/nwhspec\/ceratonia\/#breadcrumb\",\"itemListElement\":[{\"@type\":\"ListItem\",\"position\":1,\"name\":\"Home\",\"item\":\"http:\/\/www.fancyplants.de\/de\/\"},{\"@type\":\"ListItem\",\"position\":2,\"name\":\"Exotische Nutzpflanzen\",\"item\":\"http:\/\/www.fancyplants.de\/de\/exotichome\/\"},{\"@type\":\"ListItem\",\"position\":3,\"name\":\"Nicht-winterharte Arten\",\"item\":\"http:\/\/www.fancyplants.de\/de\/exotichome\/nwhspec\/\"},{\"@type\":\"ListItem\",\"position\":4,\"name\":\"Johannisbrotbaum\"}]},{\"@type\":\"WebSite\",\"@id\":\"http:\/\/www.fancyplants.de\/de\/#website\",\"url\":\"http:\/\/www.fancyplants.de\/de\/\",\"name\":\"Fancy Plants - Deutsch\",\"description\":\"Eine weitere WordPress-Seite\",\"potentialAction\":[{\"@type\":\"SearchAction\",\"target\":{\"@type\":\"EntryPoint\",\"urlTemplate\":\"http:\/\/www.fancyplants.de\/de\/?s={search_term_string}\"},\"query-input\":{\"@type\":\"PropertyValueSpecification\",\"valueRequired\":true,\"valueName\":\"search_term_string\"}}],\"inLanguage\":\"de\"}]}<\/script>\n<!-- \/ Yoast SEO plugin. -->","yoast_head_json":{"title":"Johannisbrotbaum - Fancy Plants - Deutsch","description":"Der Johannisbrotbaum (Ceratonia siliqua), eine Vertreter der H\u00fclsenfr\u00fcchtler (Fabaceae), l\u00e4sst sich mit meiner Anleitung einfach selbst anziehen und vermehren. Auch deren weitere Kultur ist nicht schwer. Er ist eine ideale K\u00fcbelpflanze.","robots":{"index":"index","follow":"follow","max-snippet":"max-snippet:-1","max-image-preview":"max-image-preview:large","max-video-preview":"max-video-preview:-1"},"canonical":"http:\/\/www.fancyplants.de\/de\/exotichome\/nwhspec\/ceratonia\/","og_locale":"de_DE","og_type":"article","og_title":"Johannisbrotbaum - Fancy Plants - Deutsch","og_description":"Der Johannisbrotbaum (Ceratonia siliqua), eine Vertreter der H\u00fclsenfr\u00fcchtler (Fabaceae), l\u00e4sst sich mit meiner Anleitung einfach selbst anziehen und vermehren. Auch deren weitere Kultur ist nicht schwer. Er ist eine ideale K\u00fcbelpflanze.","og_url":"http:\/\/www.fancyplants.de\/de\/exotichome\/nwhspec\/ceratonia\/","og_site_name":"Fancy Plants - Deutsch","article_modified_time":"2019-10-15T06:50:38+00:00","twitter_card":"summary_large_image","twitter_misc":{"Gesch\u00e4tzte Lesezeit":"5\u00a0Minuten"},"schema":{"@context":"https:\/\/schema.org","@graph":[{"@type":"WebPage","@id":"http:\/\/www.fancyplants.de\/de\/exotichome\/nwhspec\/ceratonia\/","url":"http:\/\/www.fancyplants.de\/de\/exotichome\/nwhspec\/ceratonia\/","name":"Johannisbrotbaum - Fancy Plants - Deutsch","isPartOf":{"@id":"http:\/\/www.fancyplants.de\/de\/#website"},"datePublished":"2015-07-05T10:52:27+00:00","dateModified":"2019-10-15T06:50:38+00:00","description":"Der Johannisbrotbaum (Ceratonia siliqua), eine Vertreter der H\u00fclsenfr\u00fcchtler (Fabaceae), l\u00e4sst sich mit meiner Anleitung einfach selbst anziehen und vermehren. Auch deren weitere Kultur ist nicht schwer. Er ist eine ideale K\u00fcbelpflanze.","breadcrumb":{"@id":"http:\/\/www.fancyplants.de\/de\/exotichome\/nwhspec\/ceratonia\/#breadcrumb"},"inLanguage":"de","potentialAction":[{"@type":"ReadAction","target":["http:\/\/www.fancyplants.de\/de\/exotichome\/nwhspec\/ceratonia\/"]}]},{"@type":"BreadcrumbList","@id":"http:\/\/www.fancyplants.de\/de\/exotichome\/nwhspec\/ceratonia\/#breadcrumb","itemListElement":[{"@type":"ListItem","position":1,"name":"Home","item":"http:\/\/www.fancyplants.de\/de\/"},{"@type":"ListItem","position":2,"name":"Exotische Nutzpflanzen","item":"http:\/\/www.fancyplants.de\/de\/exotichome\/"},{"@type":"ListItem","position":3,"name":"Nicht-winterharte Arten","item":"http:\/\/www.fancyplants.de\/de\/exotichome\/nwhspec\/"},{"@type":"ListItem","position":4,"name":"Johannisbrotbaum"}]},{"@type":"WebSite","@id":"http:\/\/www.fancyplants.de\/de\/#website","url":"http:\/\/www.fancyplants.de\/de\/","name":"Fancy Plants - Deutsch","description":"Eine weitere WordPress-Seite","potentialAction":[{"@type":"SearchAction","target":{"@type":"EntryPoint","urlTemplate":"http:\/\/www.fancyplants.de\/de\/?s={search_term_string}"},"query-input":{"@type":"PropertyValueSpecification","valueRequired":true,"valueName":"search_term_string"}}],"inLanguage":"de"}]}},"_links":{"self":[{"href":"http:\/\/www.fancyplants.de\/de\/wp-json\/wp\/v2\/pages\/964","targetHints":{"allow":["GET"]}}],"collection":[{"href":"http:\/\/www.fancyplants.de\/de\/wp-json\/wp\/v2\/pages"}],"about":[{"href":"http:\/\/www.fancyplants.de\/de\/wp-json\/wp\/v2\/types\/page"}],"author":[{"embeddable":true,"href":"http:\/\/www.fancyplants.de\/de\/wp-json\/wp\/v2\/users\/1"}],"replies":[{"embeddable":true,"href":"http:\/\/www.fancyplants.de\/de\/wp-json\/wp\/v2\/comments?post=964"}],"version-history":[{"count":1,"href":"http:\/\/www.fancyplants.de\/de\/wp-json\/wp\/v2\/pages\/964\/revisions"}],"predecessor-version":[{"id":2988,"href":"http:\/\/www.fancyplants.de\/de\/wp-json\/wp\/v2\/pages\/964\/revisions\/2988"}],"up":[{"embeddable":true,"href":"http:\/\/www.fancyplants.de\/de\/wp-json\/wp\/v2\/pages\/722"}],"wp:attachment":[{"href":"http:\/\/www.fancyplants.de\/de\/wp-json\/wp\/v2\/media?parent=964"}],"curies":[{"name":"wp","href":"https:\/\/api.w.org\/{rel}","templated":true}]}}