{"id":762,"date":"2015-07-01T15:43:49","date_gmt":"2015-07-01T13:43:49","guid":{"rendered":"http:\/\/www.fancyplants.de\/de\/?page_id=762"},"modified":"2019-10-15T08:50:40","modified_gmt":"2019-10-15T06:50:40","slug":"asimina","status":"publish","type":"page","link":"http:\/\/www.fancyplants.de\/de\/exotichome\/whspec\/asimina\/","title":{"rendered":"Indianerbanane"},"content":{"rendered":"<div class=\"fusion-fullwidth fullwidth-box fusion-builder-row-1 hundred-percent-fullwidth non-hundred-percent-height-scrolling\" style=\"--awb-border-radius-top-left:0px;--awb-border-radius-top-right:0px;--awb-border-radius-bottom-right:0px;--awb-border-radius-bottom-left:0px;--awb-overflow:visible;--awb-flex-wrap:wrap;\" ><div class=\"fusion-builder-row fusion-row\"><div class=\"fusion-layout-column fusion_builder_column fusion-builder-column-0 fusion_builder_column_1_1 1_1 fusion-one-full fusion-column-first fusion-column-last\" style=\"--awb-bg-size:cover;\"><div class=\"fusion-column-wrapper fusion-flex-column-wrapper-legacy\"><div class=\"fusion-title title fusion-title-1 fusion-title-text fusion-title-size-one\"><h1 class=\"fusion-title-heading title-heading-left\" style=\"margin:0;\">Indianerbanane (<i>Asimina triloba<\/i>)<\/h1><span class=\"awb-title-spacer\"><\/span><div class=\"title-sep-container\"><div class=\"title-sep sep-single sep-solid\" style=\"border-color:#3e3e3e;\"><\/div><\/div><\/div><div class=\"fusion-clearfix\"><\/div><\/div><\/div><div class=\"fusion-layout-column fusion_builder_column fusion-builder-column-1 fusion_builder_column_3_4 3_4 fusion-three-fourth fusion-column-first\" style=\"--awb-bg-size:cover;width:74%; margin-right: 4%;\"><div class=\"fusion-column-wrapper fusion-flex-column-wrapper-legacy\"><div class=\"fusion-title title fusion-title-2 fusion-title-text fusion-title-size-two\"><h2 class=\"fusion-title-heading title-heading-left\" style=\"margin:0;\">Im \u00dcberblick<\/h2><span class=\"awb-title-spacer\"><\/span><div class=\"title-sep-container\"><div class=\"title-sep sep-single sep-solid\" style=\"border-color:#3e3e3e;\"><\/div><\/div><\/div><div class=\"fusion-text fusion-text-1\"><div class=\"intextr\"><a class=\"lupe200\" title=\"Knospe einer Indianerbanane (Asimina triloba), Fr\u00fchjahr 2013.\" href=\"..\/..\/..\/..\/images\/plants\/asiminaflower.jpg\" data-gallery=\"\"><img decoding=\"async\" src=\"..\/..\/..\/..\/images\/plants\/asiminaflowers.jpg\" alt=\"Knospe einer Indianerbanane (Asimina triloba), Fr\u00fchjahr 2013.\" width=\"200\" height=\"200\" \/><span><\/span><\/a><\/div>\n<p>Bei der Indianerbanane handelt es sich um den einzigen frostharten Vertreter aus der Familie der Annonengew\u00e4chse (<i>Annonaceae<\/i>). Sie stammt aus dem \u00f6stlichen Nordamerika. Sie wird seit Jahrtausenden von den Indianern genutzt und von diesen als Pawpaw (gesprochen: \u201aPaupau\u2019) bezeichnet. Von dieser Bezeichnung leitet sich der deutsche Name Dreilappige Papau ab. Die Bezeichnung Indianerbanane erhielt sie sp\u00e4ter eher als Marketingbezeichnung. In den letzten Jahren entstand ein regelrechter Hype um die Pflanze. Sie wurde zu unversch\u00e4mt hohen Preisen von Spezialg\u00e4rtnereien vermarktet. Nachdem sie vermehrt auch in Gartencentern angeboten wird, kann man sie aber zu akzeptablen Preisen erwerben.<\/p>\n<\/div><div class=\"fusion-title title fusion-title-3 fusion-title-text fusion-title-size-two\"><h2 class=\"fusion-title-heading title-heading-left\" style=\"margin:0;\">Beschreibung<\/h2><span class=\"awb-title-spacer\"><\/span><div class=\"title-sep-container\"><div class=\"title-sep sep-single sep-solid\" style=\"border-color:#3e3e3e;\"><\/div><\/div><\/div><div class=\"fusion-text fusion-text-2\"><p>Freistehende Indianerbananen erreichen eine als B\u00e4ume oder Str\u00e4ucher mit pyramidenf\u00f6rmigem Wuchs eine H\u00f6he von drei bis f\u00fcnf Metern. Die Laubbl\u00e4tter sind spitzoval, glatt und maximal 20 Zentimeter lang und werden im Winter abgeworfen.<\/p>\n<p>An den Enden der vorj\u00e4hrigen Zweige werden je Blattachsel ein bis vier Bl\u00fcten gebildet. Diese sind braunrot und verbreiten einen unangenehmen Geruch, der Fliegen und andere aasfressende Insekten anziehen soll.<\/p>\n<p>Die Fr\u00fcchte sollen sehr gut schmecken. Je nach Sorte erreichen sie maximal eine L\u00e4nge von zehn Zentimetern und ein Gewicht von etwa 200 Gramm. Sie haben ein wei\u00dfliches bis gelbes, weiches und cremiges Fruchtfleisch und sind mit gro\u00dfen, scheibenf\u00f6rmigen, braunschwarzen Kernen durchsetzt. Die Konsistenz des Fruchtfleisches erinnert entfernt an Bananen. Geschmacklich soll sie einem tropischen Fruchtcocktail aus Banane, Ananas, Mango und Vanille entsprechen. Damit die Fr\u00fcchte komplett ausreifen, ben\u00f6tigen sie einen langen, warmen Sp\u00e4tsommer. Vollreife haben sie erlangt, sobald sich die Schale gelbgr\u00fcn verf\u00e4rbt. Da sie schnell einen g\u00e4rigen Geschmack annehmen, m\u00fcssen sie innerhalb weniger Tage verzehrt werden. Der Reifeprozess l\u00e4sst sich allerdings durch eine Lagerung im K\u00fchlschrank um einige Tage verz\u00f6gern.<\/p>\n<p>Indianerbananen sind reich an unges\u00e4ttigten Fetts\u00e4uren, Proteinen und verschiedenen Mineralstoffen wie Kalzium, Kalium und Eisen. Ihr Vitamin C-Gehalt ist h\u00f6her als der eines Apfels, zudem enth\u00e4lt sie Vitamin E.<\/p>\n<\/div><div class=\"fusion-title title fusion-title-4 fusion-title-text fusion-title-size-two\"><h2 class=\"fusion-title-heading title-heading-left\" style=\"margin:0;\">Kultur<\/h2><span class=\"awb-title-spacer\"><\/span><div class=\"title-sep-container\"><div class=\"title-sep sep-single sep-solid\" style=\"border-color:#3e3e3e;\"><\/div><\/div><\/div><div class=\"fusion-text fusion-text-3\"><div class=\"intextr\"><a class=\"lupe200\" title=\"Bl\u00fcte einer Indianerbanane (Asimina triloba), Fr\u00fchjahr 2013.\" href=\"..\/..\/..\/..\/images\/plants\/asiminaflower1.jpg\" data-gallery=\"\"><img decoding=\"async\" src=\"..\/..\/..\/..\/images\/plants\/asiminaflower1s.jpg\" alt=\"Bl\u00fcte einer Indianerbanane (Asimina triloba), Fr\u00fchjahr 2013.\" width=\"200\" height=\"200\" \/><span><\/span><\/a><\/div>\n<p>Da Indianerbananen exzellent frosthart sind, k\u00f6nnen diese getrost in vollsonniger Lage ausgepflanzt werden. Sie bevorzugen einen n\u00e4hrstoffreichen, feuchten, aber wasserdurchl\u00e4ssigem Boden.<\/p>\n<p>Indianerbananen ben\u00f6tigen keinen besonderen Schnitt. Bislang hat sich als Erziehungsform der \u201eSpindelbaum\u201c bew\u00e4hrt. Dazu bleiben in der Regel die Seitentriebe ungeschnitten. Lediglich zu steil stehende Seitentriebe werden entfernt oder auf einen Winkel von circa 60\u00b0 heruntergebunden.<\/p>\n<p>Sie sollten immer mehrere Sorten pflanzen, da die meisten Sorten selbststeril sind. Auch die selbstfertilen Sorten &#8218;Sunflower&#8216; und &#8218;Prima&#8216; bringen bei Fremdbest\u00e4ubung deutlich h\u00f6here Ertr\u00e4ge. Da die Best\u00e4uberinsektenarten in Mitteleuropa nicht vorkommen, sollte f\u00fcr einen sicheren Fruchtansatz eine Handbest\u00e4ubung erfolgen.<\/p>\n<p>Vor der Aussaat sollten die Samen etwa drei Monate K\u00e4lte-stratifiziert werden. Die Aussaat erfolgt bei \u00fcber 20\u00b0 C. F\u00fcr ein Annonengew\u00e4chs typisch ist die lange Keimzeit von bis zu zwei Monaten. Der S\u00e4mling ist danach anspruchslos, w\u00e4chst aber langsam. Zudem lassen sich Indianerbananen durch Veredlung und durch Wurzelschnittlinge vermehren.<\/p>\n<p>Sie gelten als sehr widerstandsf\u00e4hig gegen\u00fcber Sch\u00e4dlingen und Krankheiten.<\/p>\n<\/div><div class=\"fusion-title title fusion-title-5 fusion-title-text fusion-title-size-two\"><h2 class=\"fusion-title-heading title-heading-left\" style=\"margin:0;\">Erfahrungen<\/h2><span class=\"awb-title-spacer\"><\/span><div class=\"title-sep-container\"><div class=\"title-sep sep-single sep-solid\" style=\"border-color:#3e3e3e;\"><\/div><\/div><\/div><div class=\"fusion-text fusion-text-4\"><h3>2011<\/h3>\n<p>Im Fr\u00fchjahr wurde mir ein g\u00fcnstiges, 20 cm hohes Exemplar (ohne Sortenangabe) dieser ansonsten doch sehr teuren Pflanze angeboten. Nat\u00fcrlich konnte ich nicht widerstehen und habe meinen Garten um eine weitere Art bereichert.<\/p>\n<h3>2012<\/h3>\n<p>Das kleine Pfl\u00e4nzchen hat den sehr harten Winter ohne Sch\u00e4den \u00fcberlebt. Die Frosth\u00e4rte der Indianerbanane ist somit wirklich ausgezeichnet. Angesichts dessen habe ich vier weitere Exemplare gepflanzt: Zwei selbstfertile Sorten (&#8218;Prima 1216&#8216; und &#8218;Sunflower&#8216;) sowie zwei selbststerile (&#8218;Davis&#8216; und &#8218;Overleese&#8216;).<\/p>\n<h3>2013<\/h3>\n<p>Auch der zweite Winter wurde problemlos \u00fcberstanden. Im Fr\u00fchjahr erschien an einer Pflanze die erste Bl\u00fcte. Da die Pflanze noch relativ klein ist, blieb eine Fruchtansatz aber aus.<\/p>\n<p>Im Hochsommer litten die Pflanzen etwas an der lang anhaltenden Hitze.<\/p>\n<\/div><div class=\"fusion-clearfix\"><\/div><\/div><\/div><div class=\"fusion-layout-column fusion_builder_column fusion-builder-column-2 fusion_builder_column_1_4 1_4 fusion-one-fourth fusion-column-last\" style=\"--awb-bg-size:cover;width:22%;\"><div class=\"fusion-column-wrapper fusion-flex-column-wrapper-legacy\"><style type='text\/css'>.reading-box-container-1 .element-bottomshadow:before,.reading-box-container-1 .element-bottomshadow:after{opacity:0.7;}<\/style><div class=\"fusion-reading-box-container reading-box-container-1\" style=\"--awb-title-color:#ddbd73;--awb-margin-top:0px;--awb-margin-bottom:84px;\"><div class=\"reading-box element-bottomshadow\" style=\"background-color:#3e3e3e;border-width:1px;border-color:#3e3e3e;border-top-width:3px;border-top-color:var(--primary_color);border-style:solid;\"><div class=\"reading-box-additional\"><ul style=\"--awb-size:13px;--awb-line-height:22.1px;--awb-icon-width:22.1px;--awb-icon-height:22.1px;--awb-icon-margin:9.1px;--awb-content-margin:31.2px;--awb-circlecolor:#a0ce4e;--awb-circle-yes-font-size:11.44px;\" class=\"fusion-checklist fusion-checklist-1 fusion-checklist-default type-icons\"><li class=\"fusion-li-item\" style=\"\"><span class=\"icon-wrapper circle-yes\"><i class=\"fusion-li-icon fa fa-share-alt\" aria-hidden=\"true\"><\/i><\/span><div class=\"fusion-li-item-content\">\n<h2>Systematik<\/h2>\n<\/div><\/li><li class=\"fusion-li-item\" style=\"\"><span class=\"icon-wrapper circle-yes\"><i class=\"fusion-li-icon fa fa-caret-right\" aria-hidden=\"true\"><\/i><\/span><div class=\"fusion-li-item-content\">Ordnung: Magnolienartige (Magnoliales)<\/div><\/li><li class=\"fusion-li-item\" style=\"\"><span class=\"icon-wrapper circle-yes\"><i class=\"fusion-li-icon fa fa-caret-right\" aria-hidden=\"true\"><\/i><\/span><div class=\"fusion-li-item-content\">Familie: Annonengew\u00e4chse (Annonaceae)<\/div><\/li><li class=\"fusion-li-item\" style=\"\"><span class=\"icon-wrapper circle-yes\"><i class=\"fusion-li-icon fa fa-caret-right\" aria-hidden=\"true\"><\/i><\/span><div class=\"fusion-li-item-content\">Gattung: Papau (Asimina)<\/div><\/li><\/ul><\/div><div class=\"fusion-clearfix\"><\/div><\/div><\/div><style type='text\/css'>.reading-box-container-2 .element-bottomshadow:before,.reading-box-container-2 .element-bottomshadow:after{opacity:0.7;}<\/style><div class=\"fusion-reading-box-container reading-box-container-2\" style=\"--awb-title-color:#ddbd73;--awb-margin-top:0px;--awb-margin-bottom:84px;\"><div class=\"reading-box element-bottomshadow\" style=\"background-color:#3e3e3e;border-width:1px;border-color:#3e3e3e;border-top-width:3px;border-top-color:var(--primary_color);border-style:solid;\"><div class=\"reading-box-additional\"><ul style=\"--awb-size:13px;--awb-line-height:22.1px;--awb-icon-width:22.1px;--awb-icon-height:22.1px;--awb-icon-margin:9.1px;--awb-content-margin:31.2px;--awb-circlecolor:#a0ce4e;--awb-circle-yes-font-size:11.44px;\" class=\"fusion-checklist fusion-checklist-2 fusion-checklist-default type-icons\"><li class=\"fusion-li-item\" style=\"\"><span class=\"icon-wrapper circle-yes\"><i class=\"fusion-li-icon fa fa-sort-amount-asc\" aria-hidden=\"true\"><\/i><\/span><div class=\"fusion-li-item-content\">\n<h2>Vermehrung<\/h2>\n<\/div><\/li><li class=\"fusion-li-item\" style=\"\"><span class=\"icon-wrapper circle-yes\"><i class=\"fusion-li-icon fa fa-futbol-o\" aria-hidden=\"true\"><\/i><\/span><div class=\"fusion-li-item-content\">generativ<\/div><\/li>\n<li class=\"fusion-li-item\" style=\"\"><span class=\"icon-wrapper circle-yes\"><i class=\"fusion-li-icon fa fa-leaf\" aria-hidden=\"true\"><\/i><\/span><div class=\"fusion-li-item-content\">vegetativ<\/div><\/li><\/ul><\/div><div class=\"fusion-clearfix\"><\/div><\/div><\/div><style type='text\/css'>.reading-box-container-3 .element-bottomshadow:before,.reading-box-container-3 .element-bottomshadow:after{opacity:0.7;}<\/style><div class=\"fusion-reading-box-container reading-box-container-3\" style=\"--awb-title-color:#ddbd73;--awb-margin-top:0px;--awb-margin-bottom:84px;\"><div class=\"reading-box element-bottomshadow\" style=\"background-color:#3e3e3e;border-width:1px;border-color:#3e3e3e;border-top-width:3px;border-top-color:var(--primary_color);border-style:solid;\"><div class=\"reading-box-additional\"><ul style=\"--awb-size:13px;--awb-line-height:22.1px;--awb-icon-width:22.1px;--awb-icon-height:22.1px;--awb-icon-margin:9.1px;--awb-content-margin:31.2px;--awb-circlecolor:#a0ce4e;--awb-circle-yes-font-size:11.44px;\" class=\"fusion-checklist fusion-checklist-3 fusion-checklist-default type-icons\"><li class=\"fusion-li-item\" style=\"\"><span class=\"icon-wrapper circle-yes\"><i class=\"fusion-li-icon fa fa-scissors\" aria-hidden=\"true\"><\/i><\/span><div class=\"fusion-li-item-content\">\n<h2>Kultur<\/h2>\n<\/div><\/li><li class=\"fusion-li-item\" style=\"\"><span class=\"icon-wrapper circle-yes\"><i class=\"fusion-li-icon fa fa-sort\" aria-hidden=\"true\"><\/i><\/span><div class=\"fusion-li-item-content\">mittelschwer<\/div><\/li><\/ul><\/div><div class=\"fusion-clearfix\"><\/div><\/div><\/div><style type='text\/css'>.reading-box-container-4 .element-bottomshadow:before,.reading-box-container-4 .element-bottomshadow:after{opacity:0.7;}<\/style><div class=\"fusion-reading-box-container reading-box-container-4\" style=\"--awb-title-color:#ddbd73;--awb-margin-top:0px;--awb-margin-bottom:84px;\"><div class=\"reading-box element-bottomshadow\" style=\"background-color:#3e3e3e;border-width:1px;border-color:#3e3e3e;border-top-width:3px;border-top-color:var(--primary_color);border-style:solid;\"><div class=\"reading-box-additional\"><ul style=\"--awb-size:13px;--awb-line-height:22.1px;--awb-icon-width:22.1px;--awb-icon-height:22.1px;--awb-icon-margin:9.1px;--awb-content-margin:31.2px;--awb-circlecolor:#a0ce4e;--awb-circle-yes-font-size:11.44px;\" class=\"fusion-checklist fusion-checklist-4 fusion-checklist-default type-icons\"><li class=\"fusion-li-item\" style=\"\"><span class=\"icon-wrapper circle-yes\"><i class=\"fusion-li-icon fa fa-apple\" aria-hidden=\"true\"><\/i><\/span><div class=\"fusion-li-item-content\">\n<h2>Fr\u00fcchte<\/h2>\n<\/div><\/li><li class=\"fusion-li-item\" style=\"\"><span class=\"icon-wrapper circle-yes\"><i class=\"fusion-li-icon fa fa-caret-up\" aria-hidden=\"true\"><\/i><\/span><div class=\"fusion-li-item-content\">h\u00e4ufig<\/div><\/li><\/ul><\/div><div class=\"fusion-clearfix\"><\/div><\/div><\/div><style type='text\/css'>.reading-box-container-5 .element-bottomshadow:before,.reading-box-container-5 .element-bottomshadow:after{opacity:0.7;}<\/style><div class=\"fusion-reading-box-container reading-box-container-5\" style=\"--awb-title-color:#ddbd73;--awb-margin-top:0px;--awb-margin-bottom:84px;\"><div class=\"reading-box element-bottomshadow\" style=\"background-color:#3e3e3e;border-width:1px;border-color:#3e3e3e;border-top-width:3px;border-top-color:var(--primary_color);border-style:solid;\"><div class=\"reading-box-additional\"><ul style=\"--awb-size:13px;--awb-line-height:22.1px;--awb-icon-width:22.1px;--awb-icon-height:22.1px;--awb-icon-margin:9.1px;--awb-content-margin:31.2px;--awb-circlecolor:#a0ce4e;--awb-circle-yes-font-size:11.44px;\" class=\"fusion-checklist fusion-checklist-5 fusion-checklist-default type-icons\"><li class=\"fusion-li-item\" style=\"\"><span class=\"icon-wrapper circle-yes\"><i class=\"fusion-li-icon fa fa-bolt\" aria-hidden=\"true\"><\/i><\/span><div class=\"fusion-li-item-content\">\n<h2>USDA &#8211; Zone<\/h2>\n<\/div><\/li><li class=\"fusion-li-item\" style=\"\"><span class=\"icon-wrapper circle-yes\"><i class=\"fusion-li-icon fa fa-caret-right\" aria-hidden=\"true\"><\/i><\/span><div class=\"fusion-li-item-content\">6a (-23,3\u00b0C)<\/div><\/li><\/ul><\/div><div class=\"fusion-clearfix\"><\/div><\/div><\/div><div class=\"fusion-clearfix\"><\/div><\/div><\/div><\/div><\/div>","protected":false},"excerpt":{"rendered":"","protected":false},"author":1,"featured_media":0,"parent":724,"menu_order":0,"comment_status":"open","ping_status":"open","template":"","meta":{"footnotes":""},"class_list":["post-762","page","type-page","status-publish","hentry"],"yoast_head":"<!-- This site is optimized with the Yoast SEO plugin v26.9 - https:\/\/yoast.com\/product\/yoast-seo-wordpress\/ -->\n<title>Indianerbanane - Fancy Plants - Deutsch<\/title>\n<meta name=\"description\" content=\"Die Indianerbanane (Asimina triloba), eine Vertreterin der Annonengew\u00e4chse (Annonaceae), l\u00e4sst sich mit meiner Anleitung einfach selbst anziehen und vermehren. Auch deren weitere Kultur ist nicht schwer. Nach wenigen Jahren unkomplizierter Pflege lassen sich frische Indianerbananen selber ernten.\" \/>\n<meta name=\"robots\" content=\"index, follow, max-snippet:-1, max-image-preview:large, max-video-preview:-1\" \/>\n<link rel=\"canonical\" href=\"http:\/\/www.fancyplants.de\/de\/exotichome\/whspec\/asimina\/\" \/>\n<meta property=\"og:locale\" content=\"de_DE\" \/>\n<meta property=\"og:type\" content=\"article\" \/>\n<meta property=\"og:title\" content=\"Indianerbanane - Fancy Plants - Deutsch\" \/>\n<meta property=\"og:description\" content=\"Die Indianerbanane (Asimina triloba), eine Vertreterin der Annonengew\u00e4chse (Annonaceae), l\u00e4sst sich mit meiner Anleitung einfach selbst anziehen und vermehren. Auch deren weitere Kultur ist nicht schwer. Nach wenigen Jahren unkomplizierter Pflege lassen sich frische Indianerbananen selber ernten.\" \/>\n<meta property=\"og:url\" content=\"http:\/\/www.fancyplants.de\/de\/exotichome\/whspec\/asimina\/\" \/>\n<meta property=\"og:site_name\" content=\"Fancy Plants - Deutsch\" \/>\n<meta property=\"article:modified_time\" content=\"2019-10-15T06:50:40+00:00\" \/>\n<meta name=\"twitter:card\" content=\"summary_large_image\" \/>\n<meta name=\"twitter:label1\" content=\"Gesch\u00e4tzte Lesezeit\" \/>\n\t<meta name=\"twitter:data1\" content=\"7\u00a0Minuten\" \/>\n<script type=\"application\/ld+json\" class=\"yoast-schema-graph\">{\"@context\":\"https:\/\/schema.org\",\"@graph\":[{\"@type\":\"WebPage\",\"@id\":\"http:\/\/www.fancyplants.de\/de\/exotichome\/whspec\/asimina\/\",\"url\":\"http:\/\/www.fancyplants.de\/de\/exotichome\/whspec\/asimina\/\",\"name\":\"Indianerbanane - Fancy Plants - Deutsch\",\"isPartOf\":{\"@id\":\"http:\/\/www.fancyplants.de\/de\/#website\"},\"datePublished\":\"2015-07-01T13:43:49+00:00\",\"dateModified\":\"2019-10-15T06:50:40+00:00\",\"description\":\"Die Indianerbanane (Asimina triloba), eine Vertreterin der Annonengew\u00e4chse (Annonaceae), l\u00e4sst sich mit meiner Anleitung einfach selbst anziehen und vermehren. Auch deren weitere Kultur ist nicht schwer. Nach wenigen Jahren unkomplizierter Pflege lassen sich frische Indianerbananen selber ernten.\",\"breadcrumb\":{\"@id\":\"http:\/\/www.fancyplants.de\/de\/exotichome\/whspec\/asimina\/#breadcrumb\"},\"inLanguage\":\"de\",\"potentialAction\":[{\"@type\":\"ReadAction\",\"target\":[\"http:\/\/www.fancyplants.de\/de\/exotichome\/whspec\/asimina\/\"]}]},{\"@type\":\"BreadcrumbList\",\"@id\":\"http:\/\/www.fancyplants.de\/de\/exotichome\/whspec\/asimina\/#breadcrumb\",\"itemListElement\":[{\"@type\":\"ListItem\",\"position\":1,\"name\":\"Home\",\"item\":\"http:\/\/www.fancyplants.de\/de\/\"},{\"@type\":\"ListItem\",\"position\":2,\"name\":\"Exotische Nutzpflanzen\",\"item\":\"http:\/\/www.fancyplants.de\/de\/exotichome\/\"},{\"@type\":\"ListItem\",\"position\":3,\"name\":\"Winterharte Arten\",\"item\":\"http:\/\/www.fancyplants.de\/de\/exotichome\/whspec\/\"},{\"@type\":\"ListItem\",\"position\":4,\"name\":\"Indianerbanane\"}]},{\"@type\":\"WebSite\",\"@id\":\"http:\/\/www.fancyplants.de\/de\/#website\",\"url\":\"http:\/\/www.fancyplants.de\/de\/\",\"name\":\"Fancy Plants - Deutsch\",\"description\":\"Eine weitere WordPress-Seite\",\"potentialAction\":[{\"@type\":\"SearchAction\",\"target\":{\"@type\":\"EntryPoint\",\"urlTemplate\":\"http:\/\/www.fancyplants.de\/de\/?s={search_term_string}\"},\"query-input\":{\"@type\":\"PropertyValueSpecification\",\"valueRequired\":true,\"valueName\":\"search_term_string\"}}],\"inLanguage\":\"de\"}]}<\/script>\n<!-- \/ Yoast SEO plugin. -->","yoast_head_json":{"title":"Indianerbanane - Fancy Plants - Deutsch","description":"Die Indianerbanane (Asimina triloba), eine Vertreterin der Annonengew\u00e4chse (Annonaceae), l\u00e4sst sich mit meiner Anleitung einfach selbst anziehen und vermehren. Auch deren weitere Kultur ist nicht schwer. Nach wenigen Jahren unkomplizierter Pflege lassen sich frische Indianerbananen selber ernten.","robots":{"index":"index","follow":"follow","max-snippet":"max-snippet:-1","max-image-preview":"max-image-preview:large","max-video-preview":"max-video-preview:-1"},"canonical":"http:\/\/www.fancyplants.de\/de\/exotichome\/whspec\/asimina\/","og_locale":"de_DE","og_type":"article","og_title":"Indianerbanane - Fancy Plants - Deutsch","og_description":"Die Indianerbanane (Asimina triloba), eine Vertreterin der Annonengew\u00e4chse (Annonaceae), l\u00e4sst sich mit meiner Anleitung einfach selbst anziehen und vermehren. Auch deren weitere Kultur ist nicht schwer. Nach wenigen Jahren unkomplizierter Pflege lassen sich frische Indianerbananen selber ernten.","og_url":"http:\/\/www.fancyplants.de\/de\/exotichome\/whspec\/asimina\/","og_site_name":"Fancy Plants - Deutsch","article_modified_time":"2019-10-15T06:50:40+00:00","twitter_card":"summary_large_image","twitter_misc":{"Gesch\u00e4tzte Lesezeit":"7\u00a0Minuten"},"schema":{"@context":"https:\/\/schema.org","@graph":[{"@type":"WebPage","@id":"http:\/\/www.fancyplants.de\/de\/exotichome\/whspec\/asimina\/","url":"http:\/\/www.fancyplants.de\/de\/exotichome\/whspec\/asimina\/","name":"Indianerbanane - Fancy Plants - Deutsch","isPartOf":{"@id":"http:\/\/www.fancyplants.de\/de\/#website"},"datePublished":"2015-07-01T13:43:49+00:00","dateModified":"2019-10-15T06:50:40+00:00","description":"Die Indianerbanane (Asimina triloba), eine Vertreterin der Annonengew\u00e4chse (Annonaceae), l\u00e4sst sich mit meiner Anleitung einfach selbst anziehen und vermehren. Auch deren weitere Kultur ist nicht schwer. Nach wenigen Jahren unkomplizierter Pflege lassen sich frische Indianerbananen selber ernten.","breadcrumb":{"@id":"http:\/\/www.fancyplants.de\/de\/exotichome\/whspec\/asimina\/#breadcrumb"},"inLanguage":"de","potentialAction":[{"@type":"ReadAction","target":["http:\/\/www.fancyplants.de\/de\/exotichome\/whspec\/asimina\/"]}]},{"@type":"BreadcrumbList","@id":"http:\/\/www.fancyplants.de\/de\/exotichome\/whspec\/asimina\/#breadcrumb","itemListElement":[{"@type":"ListItem","position":1,"name":"Home","item":"http:\/\/www.fancyplants.de\/de\/"},{"@type":"ListItem","position":2,"name":"Exotische Nutzpflanzen","item":"http:\/\/www.fancyplants.de\/de\/exotichome\/"},{"@type":"ListItem","position":3,"name":"Winterharte Arten","item":"http:\/\/www.fancyplants.de\/de\/exotichome\/whspec\/"},{"@type":"ListItem","position":4,"name":"Indianerbanane"}]},{"@type":"WebSite","@id":"http:\/\/www.fancyplants.de\/de\/#website","url":"http:\/\/www.fancyplants.de\/de\/","name":"Fancy Plants - Deutsch","description":"Eine weitere WordPress-Seite","potentialAction":[{"@type":"SearchAction","target":{"@type":"EntryPoint","urlTemplate":"http:\/\/www.fancyplants.de\/de\/?s={search_term_string}"},"query-input":{"@type":"PropertyValueSpecification","valueRequired":true,"valueName":"search_term_string"}}],"inLanguage":"de"}]}},"_links":{"self":[{"href":"http:\/\/www.fancyplants.de\/de\/wp-json\/wp\/v2\/pages\/762","targetHints":{"allow":["GET"]}}],"collection":[{"href":"http:\/\/www.fancyplants.de\/de\/wp-json\/wp\/v2\/pages"}],"about":[{"href":"http:\/\/www.fancyplants.de\/de\/wp-json\/wp\/v2\/types\/page"}],"author":[{"embeddable":true,"href":"http:\/\/www.fancyplants.de\/de\/wp-json\/wp\/v2\/users\/1"}],"replies":[{"embeddable":true,"href":"http:\/\/www.fancyplants.de\/de\/wp-json\/wp\/v2\/comments?post=762"}],"version-history":[{"count":1,"href":"http:\/\/www.fancyplants.de\/de\/wp-json\/wp\/v2\/pages\/762\/revisions"}],"predecessor-version":[{"id":2994,"href":"http:\/\/www.fancyplants.de\/de\/wp-json\/wp\/v2\/pages\/762\/revisions\/2994"}],"up":[{"embeddable":true,"href":"http:\/\/www.fancyplants.de\/de\/wp-json\/wp\/v2\/pages\/724"}],"wp:attachment":[{"href":"http:\/\/www.fancyplants.de\/de\/wp-json\/wp\/v2\/media?parent=762"}],"curies":[{"name":"wp","href":"https:\/\/api.w.org\/{rel}","templated":true}]}}