{"id":726,"date":"2015-07-01T07:25:36","date_gmt":"2015-07-01T05:25:36","guid":{"rendered":"http:\/\/www.fancyplants.de\/de\/?page_id=726"},"modified":"2019-10-15T08:50:46","modified_gmt":"2019-10-15T06:50:46","slug":"aprikose","status":"publish","type":"page","link":"http:\/\/www.fancyplants.de\/de\/exotichome\/whspec\/aprikose\/","title":{"rendered":"Aprikosenbaum"},"content":{"rendered":"<div class=\"fusion-fullwidth fullwidth-box fusion-builder-row-1 hundred-percent-fullwidth non-hundred-percent-height-scrolling\" style=\"--awb-border-radius-top-left:0px;--awb-border-radius-top-right:0px;--awb-border-radius-bottom-right:0px;--awb-border-radius-bottom-left:0px;--awb-overflow:visible;--awb-flex-wrap:wrap;\" ><div class=\"fusion-builder-row fusion-row\"><div class=\"fusion-layout-column fusion_builder_column fusion-builder-column-0 fusion_builder_column_1_1 1_1 fusion-one-full fusion-column-first fusion-column-last\" style=\"--awb-bg-size:cover;\"><div class=\"fusion-column-wrapper fusion-flex-column-wrapper-legacy\"><div class=\"fusion-title title fusion-title-1 fusion-title-text fusion-title-size-one\"><h1 class=\"fusion-title-heading title-heading-left\" style=\"margin:0;\">Aprikosenbaum (<i>Prunus armeniaca<\/i>)<\/h1><span class=\"awb-title-spacer\"><\/span><div class=\"title-sep-container\"><div class=\"title-sep sep-single sep-solid\" style=\"border-color:#3e3e3e;\"><\/div><\/div><\/div><div class=\"fusion-clearfix\"><\/div><\/div><\/div><div class=\"fusion-layout-column fusion_builder_column fusion-builder-column-1 fusion_builder_column_3_4 3_4 fusion-three-fourth fusion-column-first\" style=\"--awb-bg-size:cover;width:74%; margin-right: 4%;\"><div class=\"fusion-column-wrapper fusion-flex-column-wrapper-legacy\"><div class=\"fusion-title title fusion-title-2 fusion-title-text fusion-title-size-two\"><h2 class=\"fusion-title-heading title-heading-left\" style=\"margin:0;\">Im \u00dcberblick<\/h2><span class=\"awb-title-spacer\"><\/span><div class=\"title-sep-container\"><div class=\"title-sep sep-single sep-solid\" style=\"border-color:#3e3e3e;\"><\/div><\/div><\/div><div class=\"fusion-text fusion-text-1\"><div class=\"intextr\"><a class=\"lupe200\" title=\"Reich beh\u00e4ngter Baum im Juli 2014.\" href=\"..\/..\/..\/..\/images\/plants\/aprikose2014.jpg\" data-gallery=\"\"><img decoding=\"async\" src=\"..\/..\/..\/..\/images\/plants\/aprikose2014s.jpg\" alt=\"Reich beh\u00e4ngter Baum im Juli 2014.\" width=\"200\" height=\"200\" \/><span><\/span><\/a><\/div>\n<p>Zu den Fr\u00fcchten des Aprikosenbaums er\u00fcbrigen sich wohl weitere Beschreibungen. Der Baum gilt als empfindlich und ist nur selten in deutschen G\u00e4rten zu finden. Die Angst vor Aprikosenb\u00e4umen ist jedoch relativ unbegr\u00fcndet, da er zwar seine Eigenarten aufweist, jedoch insgesamt relativ unproblematisch ist.<\/p>\n<\/div><div class=\"fusion-title title fusion-title-3 fusion-title-text fusion-title-size-two\"><h2 class=\"fusion-title-heading title-heading-left\" style=\"margin:0;\">Beschreibung<\/h2><span class=\"awb-title-spacer\"><\/span><div class=\"title-sep-container\"><div class=\"title-sep sep-single sep-solid\" style=\"border-color:#3e3e3e;\"><\/div><\/div><\/div><div class=\"fusion-text fusion-text-2\"><p>Bereits der botanische Artenname weist auf die Herkunft dieses Rosengew\u00e4chses (<i>Rosaceae<\/i>), n\u00e4mlich Armenien, hin. Aprikosenb\u00e4ume sind relativ kleinbleibend, werden zirka f\u00fcnf, maximal zehn Meter hoch.<\/p>\n<\/div><div class=\"fusion-title title fusion-title-4 fusion-title-text fusion-title-size-two\"><h2 class=\"fusion-title-heading title-heading-left\" style=\"margin:0;\">Kultur<\/h2><span class=\"awb-title-spacer\"><\/span><div class=\"title-sep-container\"><div class=\"title-sep sep-single sep-solid\" style=\"border-color:#3e3e3e;\"><\/div><\/div><\/div><div class=\"fusion-text fusion-text-3\"><p>Die Kultur ist nicht ganz unproblematisch. Aprikosenb\u00e4ume sind zwar gut winterhart, jedoch sp\u00e4tfrostanf\u00e4llig, da Aprikosen zu den Obstb\u00e4umen geh\u00f6ren, die als erste bl\u00fchen. Werden die Bl\u00fcten Frost ausgesetzt, so entf\u00e4llt in diesem Jahr leider die Ernte. Kaufen Sie sich daher m\u00f6glichst eine Sorte mit sp\u00e4ter Bl\u00fctezeit.<\/p>\n<div class=\"intextr\"><a class=\"lupe200\" title=\"Aprikosenbaum in Vollbl\u00fcte 2011.\" href=\"..\/..\/..\/..\/images\/plants\/aprikose.jpg\" data-gallery=\"\"><img decoding=\"async\" src=\"..\/..\/..\/..\/images\/plants\/aprikoses.jpg\" alt=\"Aprikosenbaum in Vollbl\u00fcte 2011.\" width=\"200\" height=\"200\" \/><span><\/span><\/a><\/div>\n<p>Ein anderes Problem ist die Empfindlichkeit der Aprikosen gegen Staun\u00e4sse. Sorgen Sie m\u00f6glichst f\u00fcr einen gut drainierten Boden. Ein idealer Standort f\u00fcr ein Aprikosenbaum ist \u00f6stlich einer Hausmauer, da in Deutschland die Tiefdruckgebiete meistens von Westen herziehen und so der Baum etwas vor zu starken Regenf\u00e4llen gesch\u00fctzt ist. Aprikosenb\u00e4ume sollten j\u00e4hrlich stark geschnitten werden. Vom Prinzip \u00e4hnlich einem Apfelbaum, jedoch sollte f\u00fcr eine lichte Krone gesorgt werden, so dass Fr\u00fcchte als auch das Laub nach einem Regenschauer gut abtrocknen und viel Sonne abbekommen.<\/p>\n<\/div><div class=\"fusion-title title fusion-title-5 fusion-title-text fusion-title-size-two\"><h2 class=\"fusion-title-heading title-heading-left\" style=\"margin:0;\">Erfahrungen<\/h2><span class=\"awb-title-spacer\"><\/span><div class=\"title-sep-container\"><div class=\"title-sep sep-single sep-solid\" style=\"border-color:#3e3e3e;\"><\/div><\/div><\/div><div class=\"fusion-text fusion-text-4\"><h3>2009<\/h3>\n<p>Im Sommer 2009 habe ich mir einen etwa 1,2 m gro\u00dfen Aprikosenbaum (Sorte: &#8222;Orangered&#8220;) gekauft und \u00f6stlich eines Schuppens ausgepflanzt.<\/p>\n<h3>2010<\/h3>\n<div class=\"intextr\"><a class=\"lupe200\" title=\"Kleine Aprikose, Anfang Mai 2011.\" href=\"..\/..\/..\/..\/images\/plants\/aprikosefrucht.jpg\" data-gallery=\"\"><img decoding=\"async\" src=\"..\/..\/..\/..\/images\/plants\/aprikosefruchts.jpg\" alt=\"Kleine Aprikose, Anfang Mai 2011.\" width=\"200\" height=\"200\" \/><span><\/span><\/a><\/div>\n<p>Den ersten strengen Winter hat der Baum vorz\u00fcglich ohne Frostschutz \u00fcberstanden, ohne auch nur etwas einzufrieren. Im Fr\u00fchjahr 2010 bl\u00fchte der Baum auch schon sehr sch\u00f6n. Nachdem w\u00e4hrend der Bl\u00fcte die Nachttemperaturen wieder bis fast auf den Gefrierpunkt abgefallen sind, hat der Baum 2010 keine Fr\u00fcchte angesetzt. Erstaunlich ist jedoch die W\u00fcchsigkeit, 2010 sind die Triebe nahezu einen Meter gewachsen, so dass ich den Baum 2011 wohl relativ stark zur\u00fcckschneiden werde.<\/p>\n<h3>2011<\/h3>\n<p>Auch den zweiten Winter hat der Baum ohne Winterschutz exzellent \u00fcberstanden. Wiederum bl\u00fchte der Baum sehr sch\u00f6n und setzte bei besserer Witterung als im Vorjahr auch einige Fr\u00fcchte an.<\/p>\n<p>Leider infizierte sich der Baum heuer mit der Monilia, einer Pilzerkrankung, die durch <i>Monilia laxa<\/i> hervorgerufen wird. Die Pilzsporen dringen bei feuchter Witterung \u00fcber die Bl\u00fcten ein und f\u00fchren binnen Tagen zu einem Vertrocknen des befallenen Triebes aufgrund von Zellnekrosen. Hier hilft leider nur ein konsequentes Auschneiden der betroffenen \u00c4ste bis etwa 15 cm in das gesunde Holz (gesundes Holz ist komplett hell, befallenes Holz hingegen zeigt noch braune Flecken). Das Schnittgut muss unbedingt in der Restm\u00fclltonne entsorgt werden, um eine Neuinfektion im Folgejahr zu verhindern.<\/p>\n<h3>2012 &#8211; 2013<\/h3>\n<p>In beiden Jahren wuchs der Baum gut weiter. Leider setzte er aufgrund von Sp\u00e4tfrost nur eine Handvoll Fr\u00fcchte an.<\/p>\n<h3>2014<\/h3>\n<p>Bedingt durch den extrem warmen Winter bl\u00fchte der Baum bereits Mitte M\u00e4rz. Nachtfrost kam erst Mitte Mai. Der Baum dankte den g\u00fcnstigen Witterungsverlauf durch eine Rekordernte von 14 kg.<\/p>\n<\/div><div class=\"fusion-clearfix\"><\/div><\/div><\/div><div class=\"fusion-layout-column fusion_builder_column fusion-builder-column-2 fusion_builder_column_1_4 1_4 fusion-one-fourth fusion-column-last\" style=\"--awb-bg-size:cover;width:22%;\"><div class=\"fusion-column-wrapper fusion-flex-column-wrapper-legacy\"><style type='text\/css'>.reading-box-container-1 .element-bottomshadow:before,.reading-box-container-1 .element-bottomshadow:after{opacity:0.7;}<\/style><div class=\"fusion-reading-box-container reading-box-container-1\" style=\"--awb-title-color:#ddbd73;--awb-margin-top:0px;--awb-margin-bottom:84px;\"><div class=\"reading-box element-bottomshadow\" style=\"background-color:#3e3e3e;border-width:1px;border-color:#3e3e3e;border-top-width:3px;border-top-color:var(--primary_color);border-style:solid;\"><div class=\"reading-box-additional\"><ul style=\"--awb-size:13px;--awb-line-height:22.1px;--awb-icon-width:22.1px;--awb-icon-height:22.1px;--awb-icon-margin:9.1px;--awb-content-margin:31.2px;--awb-circlecolor:#a0ce4e;--awb-circle-yes-font-size:11.44px;\" class=\"fusion-checklist fusion-checklist-1 fusion-checklist-default type-icons\"><li class=\"fusion-li-item\" style=\"\"><span class=\"icon-wrapper circle-yes\"><i class=\"fusion-li-icon fa fa-share-alt\" aria-hidden=\"true\"><\/i><\/span><div class=\"fusion-li-item-content\"><h2>Systematik<\/h2><\/div><\/li><li class=\"fusion-li-item\" style=\"\"><span class=\"icon-wrapper circle-yes\"><i class=\"fusion-li-icon fa fa-caret-right\" aria-hidden=\"true\"><\/i><\/span><div class=\"fusion-li-item-content\">Ordnung: Rosenartige (Rosales)<\/div><\/li><li class=\"fusion-li-item\" style=\"\"><span class=\"icon-wrapper circle-yes\"><i class=\"fusion-li-icon fa fa-caret-right\" aria-hidden=\"true\"><\/i><\/span><div class=\"fusion-li-item-content\">Familie: Rosengew\u00e4chse (Rosaceae)<\/div><\/li><li class=\"fusion-li-item\" style=\"\"><span class=\"icon-wrapper circle-yes\"><i class=\"fusion-li-icon fa fa-caret-right\" aria-hidden=\"true\"><\/i><\/span><div class=\"fusion-li-item-content\">Unterfamilie: Spiraeoideae<\/div><\/li><li class=\"fusion-li-item\" style=\"\"><span class=\"icon-wrapper circle-yes\"><i class=\"fusion-li-icon fa fa-caret-right\" aria-hidden=\"true\"><\/i><\/span><div class=\"fusion-li-item-content\">Tribus: Steinobstgew\u00e4chse (Amygdaleae)<\/div><\/li><li class=\"fusion-li-item\" style=\"\"><span class=\"icon-wrapper circle-yes\"><i class=\"fusion-li-icon fa fa-caret-right\" aria-hidden=\"true\"><\/i><\/span><div class=\"fusion-li-item-content\">Gattung: Prunus<\/div><\/li><\/ul><\/div><div class=\"fusion-clearfix\"><\/div><\/div><\/div><style type='text\/css'>.reading-box-container-2 .element-bottomshadow:before,.reading-box-container-2 .element-bottomshadow:after{opacity:0.7;}<\/style><div class=\"fusion-reading-box-container reading-box-container-2\" style=\"--awb-title-color:#ddbd73;--awb-margin-top:0px;--awb-margin-bottom:84px;\"><div class=\"reading-box element-bottomshadow\" style=\"background-color:#3e3e3e;border-width:1px;border-color:#3e3e3e;border-top-width:3px;border-top-color:var(--primary_color);border-style:solid;\"><div class=\"reading-box-additional\"><ul style=\"--awb-size:13px;--awb-line-height:22.1px;--awb-icon-width:22.1px;--awb-icon-height:22.1px;--awb-icon-margin:9.1px;--awb-content-margin:31.2px;--awb-circlecolor:#a0ce4e;--awb-circle-yes-font-size:11.44px;\" class=\"fusion-checklist fusion-checklist-2 fusion-checklist-default type-icons\"><li class=\"fusion-li-item\" style=\"\"><span class=\"icon-wrapper circle-yes\"><i class=\"fusion-li-icon fa fa-sort-amount-asc\" aria-hidden=\"true\"><\/i><\/span><div class=\"fusion-li-item-content\"><h2>Vermehrung<\/h2><\/div><\/li><li class=\"fusion-li-item\" style=\"\"><span class=\"icon-wrapper circle-yes\"><i class=\"fusion-li-icon fa fa-futbol-o\" aria-hidden=\"true\"><\/i><\/span><div class=\"fusion-li-item-content\">generativ<\/div><\/li><\/ul><\/div><div class=\"fusion-clearfix\"><\/div><\/div><\/div><style type='text\/css'>.reading-box-container-3 .element-bottomshadow:before,.reading-box-container-3 .element-bottomshadow:after{opacity:0.7;}<\/style><div class=\"fusion-reading-box-container reading-box-container-3\" style=\"--awb-title-color:#ddbd73;--awb-margin-top:0px;--awb-margin-bottom:84px;\"><div class=\"reading-box element-bottomshadow\" style=\"background-color:#3e3e3e;border-width:1px;border-color:#3e3e3e;border-top-width:3px;border-top-color:var(--primary_color);border-style:solid;\"><div class=\"reading-box-additional\"><ul style=\"--awb-size:13px;--awb-line-height:22.1px;--awb-icon-width:22.1px;--awb-icon-height:22.1px;--awb-icon-margin:9.1px;--awb-content-margin:31.2px;--awb-circlecolor:#a0ce4e;--awb-circle-yes-font-size:11.44px;\" class=\"fusion-checklist fusion-checklist-3 fusion-checklist-default type-icons\"><li class=\"fusion-li-item\" style=\"\"><span class=\"icon-wrapper circle-yes\"><i class=\"fusion-li-icon fa fa-scissors\" aria-hidden=\"true\"><\/i><\/span><div class=\"fusion-li-item-content\"><h2>Kultur<\/h2><\/div><\/li><li class=\"fusion-li-item\" style=\"\"><span class=\"icon-wrapper circle-yes\"><i class=\"fusion-li-icon fa fa-sort\" aria-hidden=\"true\"><\/i><\/span><div class=\"fusion-li-item-content\">mittelschwer<\/div><\/li><\/ul><\/div><div class=\"fusion-clearfix\"><\/div><\/div><\/div><style type='text\/css'>.reading-box-container-4 .element-bottomshadow:before,.reading-box-container-4 .element-bottomshadow:after{opacity:0.7;}<\/style><div class=\"fusion-reading-box-container reading-box-container-4\" style=\"--awb-title-color:#ddbd73;--awb-margin-top:0px;--awb-margin-bottom:84px;\"><div class=\"reading-box element-bottomshadow\" style=\"background-color:#3e3e3e;border-width:1px;border-color:#3e3e3e;border-top-width:3px;border-top-color:var(--primary_color);border-style:solid;\"><div class=\"reading-box-additional\"><ul style=\"--awb-size:13px;--awb-line-height:22.1px;--awb-icon-width:22.1px;--awb-icon-height:22.1px;--awb-icon-margin:9.1px;--awb-content-margin:31.2px;--awb-circlecolor:#a0ce4e;--awb-circle-yes-font-size:11.44px;\" class=\"fusion-checklist fusion-checklist-4 fusion-checklist-default type-icons\"><li class=\"fusion-li-item\" style=\"\"><span class=\"icon-wrapper circle-yes\"><i class=\"fusion-li-icon fa fa-apple\" aria-hidden=\"true\"><\/i><\/span><div class=\"fusion-li-item-content\"><h2>Fr\u00fcchte<\/h2><\/div><\/li><li class=\"fusion-li-item\" style=\"\"><span class=\"icon-wrapper circle-yes\"><i class=\"fusion-li-icon fa fa-caret-up\" aria-hidden=\"true\"><\/i><\/span><div class=\"fusion-li-item-content\">h\u00e4ufig<\/div><\/li><\/ul><\/div><div class=\"fusion-clearfix\"><\/div><\/div><\/div><style type='text\/css'>.reading-box-container-5 .element-bottomshadow:before,.reading-box-container-5 .element-bottomshadow:after{opacity:0.7;}<\/style><div class=\"fusion-reading-box-container reading-box-container-5\" style=\"--awb-title-color:#ddbd73;--awb-margin-top:0px;--awb-margin-bottom:84px;\"><div class=\"reading-box element-bottomshadow\" style=\"background-color:#3e3e3e;border-width:1px;border-color:#3e3e3e;border-top-width:3px;border-top-color:var(--primary_color);border-style:solid;\"><div class=\"reading-box-additional\"><ul style=\"--awb-size:13px;--awb-line-height:22.1px;--awb-icon-width:22.1px;--awb-icon-height:22.1px;--awb-icon-margin:9.1px;--awb-content-margin:31.2px;--awb-circlecolor:#a0ce4e;--awb-circle-yes-font-size:11.44px;\" class=\"fusion-checklist fusion-checklist-5 fusion-checklist-default type-icons\"><li class=\"fusion-li-item\" style=\"\"><span class=\"icon-wrapper circle-yes\"><i class=\"fusion-li-icon fa fa-bolt\" aria-hidden=\"true\"><\/i><\/span><div class=\"fusion-li-item-content\"><h2>USDA &#8211; Zone<\/h2><\/div><\/li><li class=\"fusion-li-item\" style=\"\"><span class=\"icon-wrapper circle-yes\"><i class=\"fusion-li-icon fa fa-caret-right\" aria-hidden=\"true\"><\/i><\/span><div class=\"fusion-li-item-content\">7a (-17,7\u00b0C)<\/div><\/li><\/ul><\/div><div class=\"fusion-clearfix\"><\/div><\/div><\/div><div class=\"fusion-clearfix\"><\/div><\/div><\/div><\/div><\/div>","protected":false},"excerpt":{"rendered":"","protected":false},"author":1,"featured_media":0,"parent":724,"menu_order":0,"comment_status":"open","ping_status":"open","template":"","meta":{"footnotes":""},"class_list":["post-726","page","type-page","status-publish","hentry"],"yoast_head":"<!-- This site is optimized with the Yoast SEO plugin v26.9 - https:\/\/yoast.com\/product\/yoast-seo-wordpress\/ -->\n<title>Aprikosenbaum - Fancy Plants - Deutsch<\/title>\n<meta name=\"description\" content=\"Der Aprikosenbaum (Prunus armeniaca), ein Vertreter der Rosengew\u00e4chse (Rosaceae), l\u00e4sst sich mit meiner Anleitung einfach selbst kultivieren. Nach wenigen Jahren unkomplizierter Pflege belohnt der Aprikosenbaum die M\u00fchen mit leckeren Fr\u00fcchten.\" \/>\n<meta name=\"robots\" content=\"index, follow, max-snippet:-1, max-image-preview:large, max-video-preview:-1\" \/>\n<link rel=\"canonical\" href=\"http:\/\/www.fancyplants.de\/de\/exotichome\/whspec\/aprikose\/\" \/>\n<meta property=\"og:locale\" content=\"de_DE\" \/>\n<meta property=\"og:type\" content=\"article\" \/>\n<meta property=\"og:title\" content=\"Aprikosenbaum - Fancy Plants - Deutsch\" \/>\n<meta property=\"og:description\" content=\"Der Aprikosenbaum (Prunus armeniaca), ein Vertreter der Rosengew\u00e4chse (Rosaceae), l\u00e4sst sich mit meiner Anleitung einfach selbst kultivieren. Nach wenigen Jahren unkomplizierter Pflege belohnt der Aprikosenbaum die M\u00fchen mit leckeren Fr\u00fcchten.\" \/>\n<meta property=\"og:url\" content=\"http:\/\/www.fancyplants.de\/de\/exotichome\/whspec\/aprikose\/\" \/>\n<meta property=\"og:site_name\" content=\"Fancy Plants - Deutsch\" \/>\n<meta property=\"article:modified_time\" content=\"2019-10-15T06:50:46+00:00\" \/>\n<meta name=\"twitter:card\" content=\"summary_large_image\" \/>\n<meta name=\"twitter:label1\" content=\"Gesch\u00e4tzte Lesezeit\" \/>\n\t<meta name=\"twitter:data1\" content=\"6\u00a0Minuten\" \/>\n<script type=\"application\/ld+json\" class=\"yoast-schema-graph\">{\"@context\":\"https:\/\/schema.org\",\"@graph\":[{\"@type\":\"WebPage\",\"@id\":\"http:\/\/www.fancyplants.de\/de\/exotichome\/whspec\/aprikose\/\",\"url\":\"http:\/\/www.fancyplants.de\/de\/exotichome\/whspec\/aprikose\/\",\"name\":\"Aprikosenbaum - Fancy Plants - Deutsch\",\"isPartOf\":{\"@id\":\"http:\/\/www.fancyplants.de\/de\/#website\"},\"datePublished\":\"2015-07-01T05:25:36+00:00\",\"dateModified\":\"2019-10-15T06:50:46+00:00\",\"description\":\"Der Aprikosenbaum (Prunus armeniaca), ein Vertreter der Rosengew\u00e4chse (Rosaceae), l\u00e4sst sich mit meiner Anleitung einfach selbst kultivieren. Nach wenigen Jahren unkomplizierter Pflege belohnt der Aprikosenbaum die M\u00fchen mit leckeren Fr\u00fcchten.\",\"breadcrumb\":{\"@id\":\"http:\/\/www.fancyplants.de\/de\/exotichome\/whspec\/aprikose\/#breadcrumb\"},\"inLanguage\":\"de\",\"potentialAction\":[{\"@type\":\"ReadAction\",\"target\":[\"http:\/\/www.fancyplants.de\/de\/exotichome\/whspec\/aprikose\/\"]}]},{\"@type\":\"BreadcrumbList\",\"@id\":\"http:\/\/www.fancyplants.de\/de\/exotichome\/whspec\/aprikose\/#breadcrumb\",\"itemListElement\":[{\"@type\":\"ListItem\",\"position\":1,\"name\":\"Home\",\"item\":\"http:\/\/www.fancyplants.de\/de\/\"},{\"@type\":\"ListItem\",\"position\":2,\"name\":\"Exotische Nutzpflanzen\",\"item\":\"http:\/\/www.fancyplants.de\/de\/exotichome\/\"},{\"@type\":\"ListItem\",\"position\":3,\"name\":\"Winterharte Arten\",\"item\":\"http:\/\/www.fancyplants.de\/de\/exotichome\/whspec\/\"},{\"@type\":\"ListItem\",\"position\":4,\"name\":\"Aprikosenbaum\"}]},{\"@type\":\"WebSite\",\"@id\":\"http:\/\/www.fancyplants.de\/de\/#website\",\"url\":\"http:\/\/www.fancyplants.de\/de\/\",\"name\":\"Fancy Plants - Deutsch\",\"description\":\"Eine weitere WordPress-Seite\",\"potentialAction\":[{\"@type\":\"SearchAction\",\"target\":{\"@type\":\"EntryPoint\",\"urlTemplate\":\"http:\/\/www.fancyplants.de\/de\/?s={search_term_string}\"},\"query-input\":{\"@type\":\"PropertyValueSpecification\",\"valueRequired\":true,\"valueName\":\"search_term_string\"}}],\"inLanguage\":\"de\"}]}<\/script>\n<!-- \/ Yoast SEO plugin. -->","yoast_head_json":{"title":"Aprikosenbaum - Fancy Plants - Deutsch","description":"Der Aprikosenbaum (Prunus armeniaca), ein Vertreter der Rosengew\u00e4chse (Rosaceae), l\u00e4sst sich mit meiner Anleitung einfach selbst kultivieren. Nach wenigen Jahren unkomplizierter Pflege belohnt der Aprikosenbaum die M\u00fchen mit leckeren Fr\u00fcchten.","robots":{"index":"index","follow":"follow","max-snippet":"max-snippet:-1","max-image-preview":"max-image-preview:large","max-video-preview":"max-video-preview:-1"},"canonical":"http:\/\/www.fancyplants.de\/de\/exotichome\/whspec\/aprikose\/","og_locale":"de_DE","og_type":"article","og_title":"Aprikosenbaum - Fancy Plants - Deutsch","og_description":"Der Aprikosenbaum (Prunus armeniaca), ein Vertreter der Rosengew\u00e4chse (Rosaceae), l\u00e4sst sich mit meiner Anleitung einfach selbst kultivieren. Nach wenigen Jahren unkomplizierter Pflege belohnt der Aprikosenbaum die M\u00fchen mit leckeren Fr\u00fcchten.","og_url":"http:\/\/www.fancyplants.de\/de\/exotichome\/whspec\/aprikose\/","og_site_name":"Fancy Plants - Deutsch","article_modified_time":"2019-10-15T06:50:46+00:00","twitter_card":"summary_large_image","twitter_misc":{"Gesch\u00e4tzte Lesezeit":"6\u00a0Minuten"},"schema":{"@context":"https:\/\/schema.org","@graph":[{"@type":"WebPage","@id":"http:\/\/www.fancyplants.de\/de\/exotichome\/whspec\/aprikose\/","url":"http:\/\/www.fancyplants.de\/de\/exotichome\/whspec\/aprikose\/","name":"Aprikosenbaum - Fancy Plants - Deutsch","isPartOf":{"@id":"http:\/\/www.fancyplants.de\/de\/#website"},"datePublished":"2015-07-01T05:25:36+00:00","dateModified":"2019-10-15T06:50:46+00:00","description":"Der Aprikosenbaum (Prunus armeniaca), ein Vertreter der Rosengew\u00e4chse (Rosaceae), l\u00e4sst sich mit meiner Anleitung einfach selbst kultivieren. Nach wenigen Jahren unkomplizierter Pflege belohnt der Aprikosenbaum die M\u00fchen mit leckeren Fr\u00fcchten.","breadcrumb":{"@id":"http:\/\/www.fancyplants.de\/de\/exotichome\/whspec\/aprikose\/#breadcrumb"},"inLanguage":"de","potentialAction":[{"@type":"ReadAction","target":["http:\/\/www.fancyplants.de\/de\/exotichome\/whspec\/aprikose\/"]}]},{"@type":"BreadcrumbList","@id":"http:\/\/www.fancyplants.de\/de\/exotichome\/whspec\/aprikose\/#breadcrumb","itemListElement":[{"@type":"ListItem","position":1,"name":"Home","item":"http:\/\/www.fancyplants.de\/de\/"},{"@type":"ListItem","position":2,"name":"Exotische Nutzpflanzen","item":"http:\/\/www.fancyplants.de\/de\/exotichome\/"},{"@type":"ListItem","position":3,"name":"Winterharte Arten","item":"http:\/\/www.fancyplants.de\/de\/exotichome\/whspec\/"},{"@type":"ListItem","position":4,"name":"Aprikosenbaum"}]},{"@type":"WebSite","@id":"http:\/\/www.fancyplants.de\/de\/#website","url":"http:\/\/www.fancyplants.de\/de\/","name":"Fancy Plants - Deutsch","description":"Eine weitere WordPress-Seite","potentialAction":[{"@type":"SearchAction","target":{"@type":"EntryPoint","urlTemplate":"http:\/\/www.fancyplants.de\/de\/?s={search_term_string}"},"query-input":{"@type":"PropertyValueSpecification","valueRequired":true,"valueName":"search_term_string"}}],"inLanguage":"de"}]}},"_links":{"self":[{"href":"http:\/\/www.fancyplants.de\/de\/wp-json\/wp\/v2\/pages\/726","targetHints":{"allow":["GET"]}}],"collection":[{"href":"http:\/\/www.fancyplants.de\/de\/wp-json\/wp\/v2\/pages"}],"about":[{"href":"http:\/\/www.fancyplants.de\/de\/wp-json\/wp\/v2\/types\/page"}],"author":[{"embeddable":true,"href":"http:\/\/www.fancyplants.de\/de\/wp-json\/wp\/v2\/users\/1"}],"replies":[{"embeddable":true,"href":"http:\/\/www.fancyplants.de\/de\/wp-json\/wp\/v2\/comments?post=726"}],"version-history":[{"count":2,"href":"http:\/\/www.fancyplants.de\/de\/wp-json\/wp\/v2\/pages\/726\/revisions"}],"predecessor-version":[{"id":3225,"href":"http:\/\/www.fancyplants.de\/de\/wp-json\/wp\/v2\/pages\/726\/revisions\/3225"}],"up":[{"embeddable":true,"href":"http:\/\/www.fancyplants.de\/de\/wp-json\/wp\/v2\/pages\/724"}],"wp:attachment":[{"href":"http:\/\/www.fancyplants.de\/de\/wp-json\/wp\/v2\/media?parent=726"}],"curies":[{"name":"wp","href":"https:\/\/api.w.org\/{rel}","templated":true}]}}