{"id":724,"date":"2015-07-01T07:24:47","date_gmt":"2015-07-01T05:24:47","guid":{"rendered":"http:\/\/www.fancyplants.de\/de\/?page_id=724"},"modified":"2019-10-15T08:50:46","modified_gmt":"2019-10-15T06:50:46","slug":"whspec","status":"publish","type":"page","link":"http:\/\/www.fancyplants.de\/de\/exotichome\/whspec\/","title":{"rendered":"Winterharte Arten"},"content":{"rendered":"<div class=\"fusion-fullwidth fullwidth-box fusion-builder-row-1 hundred-percent-fullwidth non-hundred-percent-height-scrolling\" style=\"--awb-border-radius-top-left:0px;--awb-border-radius-top-right:0px;--awb-border-radius-bottom-right:0px;--awb-border-radius-bottom-left:0px;--awb-overflow:visible;--awb-flex-wrap:wrap;\" ><div class=\"fusion-builder-row fusion-row\"><div class=\"fusion-layout-column fusion_builder_column fusion-builder-column-0 fusion_builder_column_1_1 1_1 fusion-one-full fusion-column-first fusion-column-last fusion-column-no-min-height\" style=\"--awb-bg-size:cover;--awb-margin-bottom:0px;\"><div class=\"fusion-column-wrapper fusion-flex-column-wrapper-legacy\"><div class=\"fusion-text fusion-text-1\"><p><script type=\"text\/javascript\" language=\"JavaScript\">\n<!-- begin\nvar bild1 = new Image(); \nvar bild2 = new Image(); \nvar bild3 = new Image(); \nvar bild4 = new Image(); \nvar bild5 = new Image(); \nvar bild6 = new Image(); \nvar bild7 = new Image(); \nvar bild8 = new Image(); \nvar bild9 = new Image(); \nvar bild10 = new Image(); \nvar bild11 = new Image(); \nvar bild12 = new Image(); \nvar bild13 = new Image(); \nvar bild14 = new Image(); \nvar bild15 = new Image(); \nbild1.src = \"http:\/\/www.fancyplants.de\/images\/plants\/wh1.jpg\"; \nbild2.src = \"http:\/\/www.fancyplants.de\/images\/plants\/wh2.jpg\"; \nbild3.src = \"http:\/\/www.fancyplants.de\/images\/plants\/wh3.jpg\"; \nbild4.src = \"http:\/\/www.fancyplants.de\/images\/plants\/wh4.jpg\"; \nbild5.src = \"http:\/\/www.fancyplants.de\/images\/plants\/wh5.jpg\"; \nbild6.src = \"http:\/\/www.fancyplants.de\/images\/plants\/wh6.jpg\"; \nbild7.src = \"http:\/\/www.fancyplants.de\/images\/plants\/wh7.jpg\"; \nbild8.src = \"http:\/\/www.fancyplants.de\/images\/plants\/wh8.jpg\"; \nbild9.src = \"http:\/\/www.fancyplants.de\/images\/plants\/wh9.jpg\"; \nbild10.src = \"http:\/\/www.fancyplants.de\/images\/plants\/wh10.jpg\"; \nbild11.src = \"http:\/\/www.fancyplants.de\/images\/plants\/wh11.jpg\"; \nbild12.src = \"http:\/\/www.fancyplants.de\/images\/plants\/wh12.jpg\"; \nbild13.src = \"http:\/\/www.fancyplants.de\/images\/plants\/wh13.jpg\"; \nbild14.src = \"http:\/\/www.fancyplants.de\/images\/plants\/wh14.jpg\";\nbild15.src = \"http:\/\/www.fancyplants.de\/images\/plants\/wh14.jpg\";\nfunction Vorschau(VorschauGrafik)\n{\neval(\"document&#091;'picture'&#093;.src = \" + VorschauGrafik + \".src\");\n}\n\/\/ end -->\n<\/script><\/p>\n<\/div><div class=\"fusion-clearfix\"><\/div><\/div><\/div><div class=\"fusion-layout-column fusion_builder_column fusion-builder-column-1 fusion_builder_column_1_1 1_1 fusion-one-full fusion-column-first fusion-column-last\" style=\"--awb-bg-size:cover;\"><div class=\"fusion-column-wrapper fusion-flex-column-wrapper-legacy\"><div class=\"fusion-title title fusion-title-1 fusion-title-text fusion-title-size-one\"><h1 class=\"fusion-title-heading title-heading-left\" style=\"margin:0;\">Winterharte Arten<\/h1><span class=\"awb-title-spacer\"><\/span><div class=\"title-sep-container\"><div class=\"title-sep sep-double sep-solid\" style=\"border-color:#3e3e3e;\"><\/div><\/div><\/div><div class=\"fusion-title title fusion-title-2 fusion-title-text fusion-title-size-two\"><h2 class=\"fusion-title-heading title-heading-left\" style=\"margin:0;\">Im \u00dcberblick<\/h2><span class=\"awb-title-spacer\"><\/span><div class=\"title-sep-container\"><div class=\"title-sep sep-single sep-solid\" style=\"border-color:#3e3e3e;\"><\/div><\/div><\/div><div class=\"fusion-text fusion-text-2\"><p>Auf den n\u00e4chsten Seiten werde ich Ihnen einige Vertreter aus dem Mittelmeerraum sowie anderen klimatisch beg\u00fcnstigten Regionen vorstellen, die entweder mit keinem oder nur wenig Winterschutz sich auch bei uns erfolgreich ausgepflanzt kultivieren lassen. Daneben gehe ich auch auf einige einheimische Arten ein, die leider \u2013 wie ich meine \u2013 zurzeit weitestgehend vergessen sind.<\/p>\n<p>Erfahrungswerte bez\u00fcglich der Frosth\u00e4rte von ausgepflanzten Exemplaren lassen sich nicht einfach auf Pflanzen in K\u00fcbelkultur \u00fcbertragen. In Phasen l\u00e4ngerer Frostperioden frieren die Blument\u00f6pfe letztlich komplett durch, so dass die Pflanze eingeht. Ausgepflanzte Exemplare sind hingegen im Wurzelraum wesentlich gesch\u00fctzter. Gut eingewurzelte Arten haben Wurzeln bis in Tiefen, die auch in strengen Wintern nicht gefrieren. Ich empfehle Ihnen, pflanzen sie empfindliche Arten unmittelbar nach den Eisheiligen aus, damit die Pflanze gen\u00fcgend Zeit vor dem n\u00e4chsten Winter hat, gut einzuwurzeln.<\/p>\n<p>Eine kritische Phase ist auch das zeitige Fr\u00fchjahr mit einer allm\u00e4hlich st\u00e4rker werdende Sonne. Diese w\u00e4rmt die Pflanzen auf, so dass diese mit dem Blattaustrieb beginnt oder zumindest wieder den Stoffwechsel in den Zweigen ankurbelt. Wenn dann jedoch der Boden noch gefroren ist, kann es dazu kommen, dass die Pflanze schlicht vertrocknet. Abhilfe k\u00f6nnen Sie schaffen, indem Sie die Pflanzen zum Beispiel in Vlies einwickeln, womit Sie eine zu fr\u00fche Aufw\u00e4rmung der Pflanze verhindern. Pflanzen, die empfindlich auf Sp\u00e4tfr\u00f6ste reagieren, sollten nie einen s\u00fcdexponierten Standort vor Hausw\u00e4nden erhalten, da sie ansonsten zu fr\u00fch mit der Bl\u00fcte beginnen und somit noch gef\u00e4hrdeter f\u00fcr Sp\u00e4tfr\u00f6ste sind, als sie ohnehin schon sind.<\/p>\n<\/div><div class=\"fusion-title title fusion-title-3 fusion-title-text fusion-title-size-two\"><h2 class=\"fusion-title-heading title-heading-left\" style=\"margin:0;\">Vorgestellte Arten<\/h2><span class=\"awb-title-spacer\"><\/span><div class=\"title-sep-container\"><div class=\"title-sep sep-single sep-dotted\" style=\"border-color:#3e3e3e;\"><\/div><\/div><\/div><div class=\"fusion-clearfix\"><\/div><\/div><\/div><div class=\"fusion-layout-column fusion_builder_column fusion-builder-column-2 fusion_builder_column_2_3 2_3 fusion-two-third fusion-column-first\" style=\"--awb-bg-size:cover;width:65.3333%; margin-right: 4%;\"><div class=\"fusion-column-wrapper fusion-flex-column-wrapper-legacy\"><ul style=\"--awb-size:13px;--awb-line-height:22.1px;--awb-icon-width:22.1px;--awb-icon-height:22.1px;--awb-icon-margin:9.1px;--awb-content-margin:31.2px;--awb-circlecolor:#a0ce4e;--awb-circle-yes-font-size:11.44px;\" class=\"fusion-checklist fusion-checklist-1 fusion-checklist-default type-icons\"><li class=\"fusion-li-item\" style=\"\"><span class=\"icon-wrapper circle-yes\"><i class=\"fusion-li-icon fa fa-check\" aria-hidden=\"true\"><\/i><\/span><div class=\"fusion-li-item-content\"><a href=\".\/aprikose\" onMouseOver=\"Vorschau('bild1')\">Aprikosenbaum (<i>Prunus armeniaca<\/i>).<\/a> Bei weitem nicht so heikel, wie allgemein angenommen.<\/div><\/li><li class=\"fusion-li-item\" style=\"\"><span class=\"icon-wrapper circle-yes\"><i class=\"fusion-li-icon fa fa-check\" aria-hidden=\"true\"><\/i><\/span><div class=\"fusion-li-item-content\"><a href=\".\/jujuba\" onMouseOver=\"Vorschau('bild2')\">Chinesische Dattel (<i>Ziziphus jujuba<\/i>).<\/a> S\u00fc\u00dfe, aromatische, ca. 2 cm gro\u00dfe Fr\u00fcchte. Weitestgehend frosthart.<\/div><\/li><li class=\"fusion-li-item\" style=\"\"><span class=\"icon-wrapper circle-yes\"><i class=\"fusion-li-icon fa fa-check\" aria-hidden=\"true\"><\/i><\/span><div class=\"fusion-li-item-content\"><a href=\".\/marone\" onMouseOver=\"Vorschau('bild3')\">Esskastanie (<i>Castanea sativa<\/i>).<\/a> Attraktiver Baum mit hohem Zierwert. Liefert die Esskastanien, auch Maronen genannt. Sehr gut frosthart.<\/div><\/li><li class=\"fusion-li-item\" style=\"\"><span class=\"icon-wrapper circle-yes\"><i class=\"fusion-li-icon fa fa-check\" aria-hidden=\"true\"><\/i><\/span><div class=\"fusion-li-item-content\"><a href=\".\/feige\" onMouseOver=\"Vorschau('bild4')\">Feige (<i>Ficus carica<\/i>).<\/a> Bekannte Pflanze mit guter Frosth\u00e4rte.<\/div><\/li><li class=\"fusion-li-item\" style=\"\"><span class=\"icon-wrapper circle-yes\"><i class=\"fusion-li-icon fa fa-check\" aria-hidden=\"true\"><\/i><\/span><div class=\"fusion-li-item-content\"><a href=\".\/punica\" onMouseOver=\"Vorschau('bild5')\">Granatapfelbaum (<i>Punica granatum<\/i>).<\/a> Bekannte Pflanze, bedingt frosthart.<\/div><\/li><li class=\"fusion-li-item\" style=\"\"><span class=\"icon-wrapper circle-yes\"><i class=\"fusion-li-icon fa fa-check\" aria-hidden=\"true\"><\/i><\/span><div class=\"fusion-li-item-content\"><a href=\".\/asimina\" onMouseOver=\"Vorschau('bild6')\">Indianerbanane (<i>Asimina triloba<\/i>).<\/a> Sehr frosthartes Annonengew\u00e4chs mit leckeren Fr\u00fcchten.<\/div><\/li><li class=\"fusion-li-item\" style=\"\"><span class=\"icon-wrapper circle-yes\"><i class=\"fusion-li-icon fa fa-check\" aria-hidden=\"true\"><\/i><\/span><div class=\"fusion-li-item-content\"><a href=\".\/kaki\" onMouseOver=\"Vorschau('bild7')\">Kaki (<i>Diospyrus kaki<\/i>).<\/a> Der Gattungsname \u201eDiospyrus\u201c bedeutet \u00fcbersetzt \u201eG\u00f6tterspeise, entsprechend schmecken Kakis auch. Einigerma\u00dfen frosthart.<\/div><\/li><li class=\"fusion-li-item\" style=\"\"><span class=\"icon-wrapper circle-yes\"><i class=\"fusion-li-icon fa fa-check\" aria-hidden=\"true\"><\/i><\/span><div class=\"fusion-li-item-content\"><a href=\".\/kiwi\" onMouseOver=\"Vorschau('bild8')\">Kiwi (<i>Actinidia deliciosa<\/i>).<\/a> Kiwis lassen sich auch in Deutschland kultivieren, sind jedoch kleine Divas.<\/div><\/li><li class=\"fusion-li-item\" style=\"\"><span class=\"icon-wrapper circle-yes\"><i class=\"fusion-li-icon fa fa-check\" aria-hidden=\"true\"><\/i><\/span><div class=\"fusion-li-item-content\"><a href=\".\/lotuspflaume\" onMouseOver=\"Vorschau('bild9')\">Lotuspflaume (<i>Diospyrus lotus<\/i>).<\/a> Verwandte der Kaki. Frosth\u00e4rter. Kirschgro\u00dfe, dunkelblaue, s\u00fc\u00dfe Fr\u00fcchte.<\/div><\/li><li class=\"fusion-li-item\" style=\"\"><span class=\"icon-wrapper circle-yes\"><i class=\"fusion-li-icon fa fa-check\" aria-hidden=\"true\"><\/i><\/span><div class=\"fusion-li-item-content\"><a href=\".\/mandelbaum\" onMouseOver=\"Vorschau('bild10')\">Mandelbaum (<i>Prunus dulcis<\/i>).<\/a> Wundersch\u00f6ne Bl\u00fcten im Fr\u00fchjahr, es existieren gut frostharte Sorten.<\/div><\/li><li class=\"fusion-li-item\" style=\"\"><span class=\"icon-wrapper circle-yes\"><i class=\"fusion-li-icon fa fa-check\" aria-hidden=\"true\"><\/i><\/span><div class=\"fusion-li-item-content\"><a href=\".\/maulbeerbaum\" onMouseOver=\"Vorschau('bild11')\">Maulbeerbaum, Schwarzer (<i>Morus nigra<\/i>).<\/a> Bis Mitte des 20. Jahrhunderts weit verbreitet, da unter anderem sehr frosthart. Leckere, saftreiche Fr\u00fcchte.<\/div><\/li><li class=\"fusion-li-item\" style=\"\"><span class=\"icon-wrapper circle-yes\"><i class=\"fusion-li-icon fa fa-check\" aria-hidden=\"true\"><\/i><\/span><div class=\"fusion-li-item-content\"><a href=\".\/mispel\" onMouseOver=\"Vorschau('bild12')\">Mispel (<i>Mespilus germanica<\/i>).<\/a> Kleiner Baum mit Fr\u00fcchten, die nach frosteinwirkung einen s\u00e4uerlichen-aromatischen Geschmack aufweisen.<\/div><\/li><li class=\"fusion-li-item\" style=\"\"><span class=\"icon-wrapper circle-yes\"><i class=\"fusion-li-icon fa fa-check\" aria-hidden=\"true\"><\/i><\/span><div class=\"fusion-li-item-content\"><a href=\".\/speierling\" onMouseOver=\"Vorschau('bild13')\">Speierling (<i>Sorbus domestica<\/i>).<\/a> Ein Verwandter von Els-, Mehl- und Vogelbeere. Baum des Jahres 1993.<\/div><\/li><li class=\"fusion-li-item\" style=\"\"><span class=\"icon-wrapper circle-yes\"><i class=\"fusion-li-icon fa fa-check\" aria-hidden=\"true\"><\/i><\/span><div class=\"fusion-li-item-content\"><a href=\".\/strahlengriffel\" onMouseOver=\"Vorschau('bild14')\">Strahlengriffel, Scharfz\u00e4hniger (<i>Actinidia arguta<\/i>).<\/a>Kleine Verwandte der Kiwi mit extremer Frosth\u00e4rte. Ca. 2 cm gro\u00dfe \u201eMini-Kiwis\u201c.<\/div><\/li><\/ul><div class=\"fusion-clearfix\"><\/div><\/div><\/div><div class=\"fusion-layout-column fusion_builder_column fusion-builder-column-3 fusion_builder_column_1_3 1_3 fusion-one-third fusion-column-last\" style=\"--awb-bg-size:cover;width:30.6666%;\"><div class=\"fusion-column-wrapper fusion-flex-column-wrapper-legacy\"><div class=\"fusion-image-element in-legacy-container\" style=\"--awb-caption-title-font-family:var(--h2_typography-font-family);--awb-caption-title-font-weight:var(--h2_typography-font-weight);--awb-caption-title-font-style:var(--h2_typography-font-style);--awb-caption-title-size:var(--h2_typography-font-size);--awb-caption-title-transform:var(--h2_typography-text-transform);--awb-caption-title-line-height:var(--h2_typography-line-height);--awb-caption-title-letter-spacing:var(--h2_typography-letter-spacing);\"><span class=\" fusion-imageframe imageframe-none imageframe-1 hover-type-none\"><img decoding=\"async\" src=\"http:\/\/www.fancyplants.de\/images\/plants\/wh1.jpg\" alt class=\"img-responsive\"\/><\/span><\/div><div class=\"fusion-clearfix\"><\/div><\/div><\/div>\n<\/div><\/div>","protected":false},"excerpt":{"rendered":"","protected":false},"author":1,"featured_media":0,"parent":29,"menu_order":0,"comment_status":"open","ping_status":"open","template":"","meta":{"footnotes":""},"class_list":["post-724","page","type-page","status-publish","hentry"],"yoast_head":"<!-- This site is optimized with the Yoast SEO plugin v26.9 - https:\/\/yoast.com\/product\/yoast-seo-wordpress\/ -->\n<title>Winterharte Arten - Fancy Plants - Deutsch<\/title>\n<meta name=\"description\" content=\"Sie sehen hier eine \u00dcbersicht exotischer Nutzpflanzen, die winterhart sind und ganzj\u00e4hrig im Garten kultiviert werden k\u00f6nnen. Die Anzucht tropischer Pflanzen aus Fr\u00fcchte ist meistens nicht schwer. Auf den n\u00e4chsten Seiten finden sie zu zahlreichen Arten eine Anleitung. Auch die weitere Pflege und die sp\u00e4tere Ernte werden beschrieben.\" \/>\n<meta name=\"robots\" content=\"index, follow, max-snippet:-1, max-image-preview:large, max-video-preview:-1\" \/>\n<link rel=\"canonical\" href=\"http:\/\/www.fancyplants.de\/de\/exotichome\/whspec\/\" \/>\n<meta property=\"og:locale\" content=\"de_DE\" \/>\n<meta property=\"og:type\" content=\"article\" \/>\n<meta property=\"og:title\" content=\"Winterharte Arten - Fancy Plants - Deutsch\" \/>\n<meta property=\"og:description\" content=\"Sie sehen hier eine \u00dcbersicht exotischer Nutzpflanzen, die winterhart sind und ganzj\u00e4hrig im Garten kultiviert werden k\u00f6nnen. Die Anzucht tropischer Pflanzen aus Fr\u00fcchte ist meistens nicht schwer. Auf den n\u00e4chsten Seiten finden sie zu zahlreichen Arten eine Anleitung. Auch die weitere Pflege und die sp\u00e4tere Ernte werden beschrieben.\" \/>\n<meta property=\"og:url\" content=\"http:\/\/www.fancyplants.de\/de\/exotichome\/whspec\/\" \/>\n<meta property=\"og:site_name\" content=\"Fancy Plants - Deutsch\" \/>\n<meta property=\"article:modified_time\" content=\"2019-10-15T06:50:46+00:00\" \/>\n<meta property=\"og:image\" content=\"http:\/\/www.fancyplants.de\/images\/plants\/wh1.jpg\" \/>\n<meta name=\"twitter:card\" content=\"summary_large_image\" \/>\n<meta name=\"twitter:label1\" content=\"Gesch\u00e4tzte Lesezeit\" \/>\n\t<meta name=\"twitter:data1\" content=\"4\u00a0Minuten\" \/>\n<script type=\"application\/ld+json\" class=\"yoast-schema-graph\">{\"@context\":\"https:\/\/schema.org\",\"@graph\":[{\"@type\":\"WebPage\",\"@id\":\"http:\/\/www.fancyplants.de\/de\/exotichome\/whspec\/\",\"url\":\"http:\/\/www.fancyplants.de\/de\/exotichome\/whspec\/\",\"name\":\"Winterharte Arten - Fancy Plants - Deutsch\",\"isPartOf\":{\"@id\":\"http:\/\/www.fancyplants.de\/de\/#website\"},\"primaryImageOfPage\":{\"@id\":\"http:\/\/www.fancyplants.de\/de\/exotichome\/whspec\/#primaryimage\"},\"image\":{\"@id\":\"http:\/\/www.fancyplants.de\/de\/exotichome\/whspec\/#primaryimage\"},\"thumbnailUrl\":\"http:\/\/www.fancyplants.de\/images\/plants\/wh1.jpg\",\"datePublished\":\"2015-07-01T05:24:47+00:00\",\"dateModified\":\"2019-10-15T06:50:46+00:00\",\"description\":\"Sie sehen hier eine \u00dcbersicht exotischer Nutzpflanzen, die winterhart sind und ganzj\u00e4hrig im Garten kultiviert werden k\u00f6nnen. Die Anzucht tropischer Pflanzen aus Fr\u00fcchte ist meistens nicht schwer. Auf den n\u00e4chsten Seiten finden sie zu zahlreichen Arten eine Anleitung. Auch die weitere Pflege und die sp\u00e4tere Ernte werden beschrieben.\",\"breadcrumb\":{\"@id\":\"http:\/\/www.fancyplants.de\/de\/exotichome\/whspec\/#breadcrumb\"},\"inLanguage\":\"de\",\"potentialAction\":[{\"@type\":\"ReadAction\",\"target\":[\"http:\/\/www.fancyplants.de\/de\/exotichome\/whspec\/\"]}]},{\"@type\":\"ImageObject\",\"inLanguage\":\"de\",\"@id\":\"http:\/\/www.fancyplants.de\/de\/exotichome\/whspec\/#primaryimage\",\"url\":\"http:\/\/www.fancyplants.de\/images\/plants\/wh1.jpg\",\"contentUrl\":\"http:\/\/www.fancyplants.de\/images\/plants\/wh1.jpg\"},{\"@type\":\"BreadcrumbList\",\"@id\":\"http:\/\/www.fancyplants.de\/de\/exotichome\/whspec\/#breadcrumb\",\"itemListElement\":[{\"@type\":\"ListItem\",\"position\":1,\"name\":\"Home\",\"item\":\"http:\/\/www.fancyplants.de\/de\/\"},{\"@type\":\"ListItem\",\"position\":2,\"name\":\"Exotische Nutzpflanzen\",\"item\":\"http:\/\/www.fancyplants.de\/de\/exotichome\/\"},{\"@type\":\"ListItem\",\"position\":3,\"name\":\"Winterharte Arten\"}]},{\"@type\":\"WebSite\",\"@id\":\"http:\/\/www.fancyplants.de\/de\/#website\",\"url\":\"http:\/\/www.fancyplants.de\/de\/\",\"name\":\"Fancy Plants - Deutsch\",\"description\":\"Eine weitere WordPress-Seite\",\"potentialAction\":[{\"@type\":\"SearchAction\",\"target\":{\"@type\":\"EntryPoint\",\"urlTemplate\":\"http:\/\/www.fancyplants.de\/de\/?s={search_term_string}\"},\"query-input\":{\"@type\":\"PropertyValueSpecification\",\"valueRequired\":true,\"valueName\":\"search_term_string\"}}],\"inLanguage\":\"de\"}]}<\/script>\n<!-- \/ Yoast SEO plugin. -->","yoast_head_json":{"title":"Winterharte Arten - Fancy Plants - Deutsch","description":"Sie sehen hier eine \u00dcbersicht exotischer Nutzpflanzen, die winterhart sind und ganzj\u00e4hrig im Garten kultiviert werden k\u00f6nnen. Die Anzucht tropischer Pflanzen aus Fr\u00fcchte ist meistens nicht schwer. Auf den n\u00e4chsten Seiten finden sie zu zahlreichen Arten eine Anleitung. Auch die weitere Pflege und die sp\u00e4tere Ernte werden beschrieben.","robots":{"index":"index","follow":"follow","max-snippet":"max-snippet:-1","max-image-preview":"max-image-preview:large","max-video-preview":"max-video-preview:-1"},"canonical":"http:\/\/www.fancyplants.de\/de\/exotichome\/whspec\/","og_locale":"de_DE","og_type":"article","og_title":"Winterharte Arten - Fancy Plants - Deutsch","og_description":"Sie sehen hier eine \u00dcbersicht exotischer Nutzpflanzen, die winterhart sind und ganzj\u00e4hrig im Garten kultiviert werden k\u00f6nnen. Die Anzucht tropischer Pflanzen aus Fr\u00fcchte ist meistens nicht schwer. Auf den n\u00e4chsten Seiten finden sie zu zahlreichen Arten eine Anleitung. Auch die weitere Pflege und die sp\u00e4tere Ernte werden beschrieben.","og_url":"http:\/\/www.fancyplants.de\/de\/exotichome\/whspec\/","og_site_name":"Fancy Plants - Deutsch","article_modified_time":"2019-10-15T06:50:46+00:00","og_image":[{"url":"http:\/\/www.fancyplants.de\/images\/plants\/wh1.jpg","type":"","width":"","height":""}],"twitter_card":"summary_large_image","twitter_misc":{"Gesch\u00e4tzte Lesezeit":"4\u00a0Minuten"},"schema":{"@context":"https:\/\/schema.org","@graph":[{"@type":"WebPage","@id":"http:\/\/www.fancyplants.de\/de\/exotichome\/whspec\/","url":"http:\/\/www.fancyplants.de\/de\/exotichome\/whspec\/","name":"Winterharte Arten - Fancy Plants - Deutsch","isPartOf":{"@id":"http:\/\/www.fancyplants.de\/de\/#website"},"primaryImageOfPage":{"@id":"http:\/\/www.fancyplants.de\/de\/exotichome\/whspec\/#primaryimage"},"image":{"@id":"http:\/\/www.fancyplants.de\/de\/exotichome\/whspec\/#primaryimage"},"thumbnailUrl":"http:\/\/www.fancyplants.de\/images\/plants\/wh1.jpg","datePublished":"2015-07-01T05:24:47+00:00","dateModified":"2019-10-15T06:50:46+00:00","description":"Sie sehen hier eine \u00dcbersicht exotischer Nutzpflanzen, die winterhart sind und ganzj\u00e4hrig im Garten kultiviert werden k\u00f6nnen. Die Anzucht tropischer Pflanzen aus Fr\u00fcchte ist meistens nicht schwer. Auf den n\u00e4chsten Seiten finden sie zu zahlreichen Arten eine Anleitung. Auch die weitere Pflege und die sp\u00e4tere Ernte werden beschrieben.","breadcrumb":{"@id":"http:\/\/www.fancyplants.de\/de\/exotichome\/whspec\/#breadcrumb"},"inLanguage":"de","potentialAction":[{"@type":"ReadAction","target":["http:\/\/www.fancyplants.de\/de\/exotichome\/whspec\/"]}]},{"@type":"ImageObject","inLanguage":"de","@id":"http:\/\/www.fancyplants.de\/de\/exotichome\/whspec\/#primaryimage","url":"http:\/\/www.fancyplants.de\/images\/plants\/wh1.jpg","contentUrl":"http:\/\/www.fancyplants.de\/images\/plants\/wh1.jpg"},{"@type":"BreadcrumbList","@id":"http:\/\/www.fancyplants.de\/de\/exotichome\/whspec\/#breadcrumb","itemListElement":[{"@type":"ListItem","position":1,"name":"Home","item":"http:\/\/www.fancyplants.de\/de\/"},{"@type":"ListItem","position":2,"name":"Exotische Nutzpflanzen","item":"http:\/\/www.fancyplants.de\/de\/exotichome\/"},{"@type":"ListItem","position":3,"name":"Winterharte Arten"}]},{"@type":"WebSite","@id":"http:\/\/www.fancyplants.de\/de\/#website","url":"http:\/\/www.fancyplants.de\/de\/","name":"Fancy Plants - Deutsch","description":"Eine weitere WordPress-Seite","potentialAction":[{"@type":"SearchAction","target":{"@type":"EntryPoint","urlTemplate":"http:\/\/www.fancyplants.de\/de\/?s={search_term_string}"},"query-input":{"@type":"PropertyValueSpecification","valueRequired":true,"valueName":"search_term_string"}}],"inLanguage":"de"}]}},"_links":{"self":[{"href":"http:\/\/www.fancyplants.de\/de\/wp-json\/wp\/v2\/pages\/724","targetHints":{"allow":["GET"]}}],"collection":[{"href":"http:\/\/www.fancyplants.de\/de\/wp-json\/wp\/v2\/pages"}],"about":[{"href":"http:\/\/www.fancyplants.de\/de\/wp-json\/wp\/v2\/types\/page"}],"author":[{"embeddable":true,"href":"http:\/\/www.fancyplants.de\/de\/wp-json\/wp\/v2\/users\/1"}],"replies":[{"embeddable":true,"href":"http:\/\/www.fancyplants.de\/de\/wp-json\/wp\/v2\/comments?post=724"}],"version-history":[{"count":1,"href":"http:\/\/www.fancyplants.de\/de\/wp-json\/wp\/v2\/pages\/724\/revisions"}],"predecessor-version":[{"id":3002,"href":"http:\/\/www.fancyplants.de\/de\/wp-json\/wp\/v2\/pages\/724\/revisions\/3002"}],"up":[{"embeddable":true,"href":"http:\/\/www.fancyplants.de\/de\/wp-json\/wp\/v2\/pages\/29"}],"wp:attachment":[{"href":"http:\/\/www.fancyplants.de\/de\/wp-json\/wp\/v2\/media?parent=724"}],"curies":[{"name":"wp","href":"https:\/\/api.w.org\/{rel}","templated":true}]}}