{"id":722,"date":"2015-07-01T07:24:02","date_gmt":"2015-07-01T05:24:02","guid":{"rendered":"http:\/\/www.fancyplants.de\/de\/?page_id=722"},"modified":"2019-10-15T08:50:47","modified_gmt":"2019-10-15T06:50:47","slug":"nwhspec","status":"publish","type":"page","link":"http:\/\/www.fancyplants.de\/de\/exotichome\/nwhspec\/","title":{"rendered":"Nicht-winterharte Arten"},"content":{"rendered":"<div class=\"fusion-fullwidth fullwidth-box fusion-builder-row-1 hundred-percent-fullwidth non-hundred-percent-height-scrolling\" style=\"--awb-border-radius-top-left:0px;--awb-border-radius-top-right:0px;--awb-border-radius-bottom-right:0px;--awb-border-radius-bottom-left:0px;--awb-overflow:visible;--awb-flex-wrap:wrap;\" ><div class=\"fusion-builder-row fusion-row\"><div class=\"fusion-layout-column fusion_builder_column fusion-builder-column-0 fusion_builder_column_1_1 1_1 fusion-one-full fusion-column-first fusion-column-last fusion-column-no-min-height\" style=\"--awb-bg-size:cover;--awb-margin-bottom:0px;\"><div class=\"fusion-column-wrapper fusion-flex-column-wrapper-legacy\"><div class=\"fusion-text fusion-text-1\"><p><script type=\"text\/javascript\" language=\"JavaScript\">\n<!-- begin\nvar bild1 = new Image(); \nvar bild2 = new Image(); \nvar bild3 = new Image(); \nvar bild4 = new Image(); \nvar bild5 = new Image(); \nvar bild6 = new Image(); \nvar bild7 = new Image(); \nvar bild8 = new Image(); \nvar bild9 = new Image(); \nvar bild10 = new Image(); \nvar bild11 = new Image(); \nvar bild12 = new Image(); \nvar bild13 = new Image(); \nvar bild14 = new Image(); \nvar bild15 = new Image(); \nbild1.src = \"http:\/\/www.fancyplants.de\/images\/plants\/nhw1.jpg\"; \nbild2.src = \"http:\/\/www.fancyplants.de\/images\/plants\/nhw2.jpg\"; \nbild3.src = \"http:\/\/www.fancyplants.de\/images\/plants\/nhw3.jpg\"; \nbild4.src = \"http:\/\/www.fancyplants.de\/images\/plants\/nhw4.jpg\"; \nbild5.src = \"http:\/\/www.fancyplants.de\/images\/plants\/nhw5.jpg\"; \nbild6.src = \"http:\/\/www.fancyplants.de\/images\/plants\/nhw6.jpg\"; \nbild7.src = \"http:\/\/www.fancyplants.de\/images\/plants\/nhw7.jpg\"; \nbild8.src = \"http:\/\/www.fancyplants.de\/images\/plants\/nhw8.jpg\"; \nbild9.src = \"http:\/\/www.fancyplants.de\/images\/plants\/nhw9.jpg\"; \nbild10.src = \"http:\/\/www.fancyplants.de\/images\/plants\/nhw10.jpg\"; \nbild11.src = \"http:\/\/www.fancyplants.de\/images\/plants\/nhw11.jpg\"; \nbild12.src = \"http:\/\/www.fancyplants.de\/images\/plants\/nhw12.jpg\"; \nbild13.src = \"http:\/\/www.fancyplants.de\/images\/plants\/nhw13.jpg\"; \nbild14.src = \"http:\/\/www.fancyplants.de\/images\/plants\/nhw14.jpg\";\nbild15.src = \"http:\/\/www.fancyplants.de\/images\/plants\/nhw15.jpg\";\nfunction Vorschau(VorschauGrafik)\n{\neval(\"document&#091;'picture'&#093;.src = \" + VorschauGrafik + \".src\");\n}\n\/\/ end -->\n<\/script><\/p>\n<\/div><div class=\"fusion-clearfix\"><\/div><\/div><\/div><div class=\"fusion-layout-column fusion_builder_column fusion-builder-column-1 fusion_builder_column_1_1 1_1 fusion-one-full fusion-column-first fusion-column-last\" style=\"--awb-bg-size:cover;\"><div class=\"fusion-column-wrapper fusion-flex-column-wrapper-legacy\"><div class=\"fusion-title title fusion-title-1 fusion-title-text fusion-title-size-one\"><h1 class=\"fusion-title-heading title-heading-left\" style=\"margin:0;\">Nicht-winterharte Arten<\/h1><span class=\"awb-title-spacer\"><\/span><div class=\"title-sep-container\"><div class=\"title-sep sep-double sep-solid\" style=\"border-color:#3e3e3e;\"><\/div><\/div><\/div><div class=\"fusion-title title fusion-title-2 fusion-title-text fusion-title-size-two\"><h2 class=\"fusion-title-heading title-heading-left\" style=\"margin:0;\">Im \u00dcberblick<\/h2><span class=\"awb-title-spacer\"><\/span><div class=\"title-sep-container\"><div class=\"title-sep sep-single sep-solid\" style=\"border-color:#3e3e3e;\"><\/div><\/div><\/div><div class=\"fusion-text fusion-text-2\"><p> Aus den meisten exotischen Fr\u00fcchte aus der Obstabteilung lassen sich Samen gewinnen, aus denen man mit etwas Geduld gro\u00dfe Pflanzen heranziehen kann. Mit etwas Gl\u00fcck bl\u00fchen diese nach zwei bis drei Jahren zum ersten Mal und setzen auch Fr\u00fcchte an. Hier zeige ich Ihnen meine Erfahrungen mit der Anzucht und der Kultur dieser Pflanzen. Alle vorgestellte Arten lassen sich auch langfristig ohne Hightech oder dem Besitz eines Tropenhauses kultivieren. Ausreichend ist ein Garten sowie ein helles Zimmer.<\/p>\n<\/div><div class=\"fusion-title title fusion-title-3 fusion-title-text fusion-title-size-two\"><h2 class=\"fusion-title-heading title-heading-left\" style=\"margin:0;\">Vorgestellte Arten<\/h2><span class=\"awb-title-spacer\"><\/span><div class=\"title-sep-container\"><div class=\"title-sep sep-single sep-dotted\" style=\"border-color:#3e3e3e;\"><\/div><\/div><\/div><div class=\"fusion-clearfix\"><\/div><\/div><\/div><div class=\"fusion-layout-column fusion_builder_column fusion-builder-column-2 fusion_builder_column_2_3 2_3 fusion-two-third fusion-column-first\" style=\"--awb-bg-size:cover;width:65.3333%; margin-right: 4%;\"><div class=\"fusion-column-wrapper fusion-flex-column-wrapper-legacy\"><ul style=\"--awb-size:13px;--awb-line-height:22.1px;--awb-icon-width:22.1px;--awb-icon-height:22.1px;--awb-icon-margin:9.1px;--awb-content-margin:31.2px;--awb-circlecolor:#a0ce4e;--awb-circle-yes-font-size:11.44px;\" class=\"fusion-checklist fusion-checklist-1 fusion-checklist-default type-icons\"><li class=\"fusion-li-item\" style=\"\"><span class=\"icon-wrapper circle-yes\"><i class=\"fusion-li-icon fa fa-check\" aria-hidden=\"true\"><\/i><\/span><div class=\"fusion-li-item-content\"><a href=\".\/ananas\" onMouseOver=\"Vorschau('bild1')\"> Ananas (<i>Ananas comosus<\/i>).<\/a> Unkomplizierte Anzucht und Haltung. Kann nach einigen Jahren auch bei uns fruchten.<\/div><\/li><li class=\"fusion-li-item\" style=\"\"><span class=\"icon-wrapper circle-yes\"><i class=\"fusion-li-icon fa fa-check\" aria-hidden=\"true\"><\/i><\/span><div class=\"fusion-li-item-content\"><a href=\".\/avocado\" onMouseOver=\"Vorschau('bild2')\">Avocado (<i>Persea americana<\/i>).<\/a> Eine Haltung als K\u00fcbelpflanze ist auch langj\u00e4hrig m\u00f6glich.<\/div><\/li><li class=\"fusion-li-item\" style=\"\"><span class=\"icon-wrapper circle-yes\"><i class=\"fusion-li-icon fa fa-check\" aria-hidden=\"true\"><\/i><\/span><div class=\"fusion-li-item-content\"><a href=\".\/curuba\" onMouseOver=\"Vorschau('bild3')\">Curuba (<i>Passiflora tarminiana<\/i>).<\/a> Spalierpflanze mit sch\u00f6nen Bl\u00fcten.<\/div><\/li><li class=\"fusion-li-item\" style=\"\"><span class=\"icon-wrapper circle-yes\"><i class=\"fusion-li-icon fa fa-check\" aria-hidden=\"true\"><\/i><\/span><div class=\"fusion-li-item-content\"><a href=\".\/feijoa\" onMouseOver=\"Vorschau('bild4')\">Feijoa (<i>Acca sellowiana<\/i>).<\/a> Tolle K\u00fcbelpflanze, hervorragende Fr\u00fcchte, sehr sch\u00f6ne Bl\u00fcten.<\/div><\/li><li class=\"fusion-li-item\" style=\"\"><span class=\"icon-wrapper circle-yes\"><i class=\"fusion-li-icon fa fa-check\" aria-hidden=\"true\"><\/i><\/span><div class=\"fusion-li-item-content\"><a href=\".\/guave\" onMouseOver=\"Vorschau('bild5')\">Guave (<i>Psidium guajava<\/i>)<\/a> Wird innerhalb weniger Jahre zu einem kleinen Baum oder zu einem mannshohen Busch. Gute Fr\u00fcchte.<\/div><\/li><li class=\"fusion-li-item\" style=\"\"><span class=\"icon-wrapper circle-yes\"><i class=\"fusion-li-icon fa fa-check\" aria-hidden=\"true\"><\/i><\/span><div class=\"fusion-li-item-content\"><a href=\".\/jackfrucht\" onMouseOver=\"Vorschau('bild6')\">Jackfruchtbaum (<i>Artocarpus heterophyllus<\/i>).<\/a> Ohne Tropenhaus kompliziert in der Haltung. Fruchtung in Deutschland unrealistisch.<\/div><\/li><li class=\"fusion-li-item\" style=\"\"><span class=\"icon-wrapper circle-yes\"><i class=\"fusion-li-icon fa fa-check\" aria-hidden=\"true\"><\/i><\/span><div class=\"fusion-li-item-content\"><a href=\".\/ceratonia\" onMouseOver=\"Vorschau('bild7')\">Johannisbrotbaum (<i>Ceratonia siliqua<\/i>).<\/a> Unkomplizierte K\u00fcbelpflanze, anspruchslos.<\/div><\/li><li class=\"fusion-li-item\" style=\"\"><span class=\"icon-wrapper circle-yes\"><i class=\"fusion-li-icon fa fa-check\" aria-hidden=\"true\"><\/i><\/span><div class=\"fusion-li-item-content\"><a href=\".\/litchi\" onMouseOver=\"Vorschau('bild8')\">Litchi (<i>Litchi chinensis<\/i>).<\/a> Ohne Tropenhaus kompliziert in der Haltung. Fruchtung in Deutschland unrealistisch.<\/div><\/li><li class=\"fusion-li-item\" style=\"\"><span class=\"icon-wrapper circle-yes\"><i class=\"fusion-li-icon fa fa-check\" aria-hidden=\"true\"><\/i><\/span><div class=\"fusion-li-item-content\"><a href=\".\/loquat\" onMouseOver=\"Vorschau('bild9')\">Loquat (<i>Eriobotrya japonica<\/i>).<\/a> Tolle K\u00fcbelpflanze, wird z\u00fcgig ein kleiner Baum, gute Fr\u00fcchte.<\/div><\/li><li class=\"fusion-li-item\" style=\"\"><span class=\"icon-wrapper circle-yes\"><i class=\"fusion-li-icon fa fa-check\" aria-hidden=\"true\"><\/i><\/span><div class=\"fusion-li-item-content\"><a href=\".\/lulo\" onMouseOver=\"Vorschau('bild10')\">Lulo (<i> Solanum quitoense <\/i>).<\/a> Bizarre Pflanze mit hohem Zierwert. Mehrj\u00e4hrig. Interessante Fr\u00fcchte.<\/div><\/li><li class=\"fusion-li-item\" style=\"\"><span class=\"icon-wrapper circle-yes\"><i class=\"fusion-li-icon fa fa-check\" aria-hidden=\"true\"><\/i><\/span><div class=\"fusion-li-item-content\"><a href=\".\/maracuja\" onMouseOver=\"Vorschau('bild11')\">Maracuja (<i>Passiflora edulis<\/i>).<\/a> Spalierpflanze mit sch\u00f6nen Bl\u00fcten und super Fr\u00fcchten.<\/div><\/li><li class=\"fusion-li-item\" style=\"\"><span class=\"icon-wrapper circle-yes\"><i class=\"fusion-li-icon fa fa-check\" aria-hidden=\"true\"><\/i><\/span><div class=\"fusion-li-item-content\"><a href=\".\/physalis\" onMouseOver=\"Vorschau('bild12')\">Physalis (<i>Physalis peruviana<\/i>).<\/a> Wird meist einj\u00e4hrig gehalten. Kultur ebenso unproblematisch wie bei Tomaten. Liefert die Kapstachelbeeren.<\/div><\/li><li class=\"fusion-li-item\" style=\"\"><span class=\"icon-wrapper circle-yes\"><i class=\"fusion-li-icon fa fa-check\" aria-hidden=\"true\"><\/i><\/span><div class=\"fusion-li-item-content\"><a href=\".\/tamarillo\" onMouseOver=\"Vorschau('bild13')\">Tamarillo (<i>Solanum betaceum<\/i>).<\/a> Schnellw\u00fcchsig, wird z\u00fcgig zu einem kleinen Baum, der auch hier Baumtomaten liefert.<\/div><\/li><li class=\"fusion-li-item\" style=\"\"><span class=\"icon-wrapper circle-yes\"><i class=\"fusion-li-icon fa fa-check\" aria-hidden=\"true\"><\/i><\/span><div class=\"fusion-li-item-content\"><a href=\".\/zitrone\" onMouseOver=\"Vorschau('bild14')\">Zitrone (<i>Citrus \u00d7 limon<\/i>).<\/a> Schnellw\u00fcchsig. Auch hier lassen sich Zitronen ernten.<\/div><\/li><li class=\"fusion-li-item\" style=\"\"><span class=\"icon-wrapper circle-yes\"><i class=\"fusion-li-icon fa fa-check\" aria-hidden=\"true\"><\/i><\/span><div class=\"fusion-li-item-content\"><a href=\".\/zitronengras\" onMouseOver=\"Vorschau('bild15')\">Zitronengras (<i>Cymbopogon citratus<\/i>).<\/a> Schnellw\u00fcchsig. Bekanntes Gew\u00fcrz der asiatischen K\u00fcche.<\/div><\/li><\/ul><div class=\"fusion-clearfix\"><\/div><\/div><\/div><div class=\"fusion-layout-column fusion_builder_column fusion-builder-column-3 fusion_builder_column_1_3 1_3 fusion-one-third fusion-column-last\" style=\"--awb-bg-size:cover;width:30.6666%;\"><div class=\"fusion-column-wrapper fusion-flex-column-wrapper-legacy\"><div class=\"fusion-image-element in-legacy-container\" style=\"--awb-caption-title-font-family:var(--h2_typography-font-family);--awb-caption-title-font-weight:var(--h2_typography-font-weight);--awb-caption-title-font-style:var(--h2_typography-font-style);--awb-caption-title-size:var(--h2_typography-font-size);--awb-caption-title-transform:var(--h2_typography-text-transform);--awb-caption-title-line-height:var(--h2_typography-line-height);--awb-caption-title-letter-spacing:var(--h2_typography-letter-spacing);\"><span class=\" fusion-imageframe imageframe-none imageframe-1 hover-type-none\"><img decoding=\"async\" src=\"http:\/\/www.fancyplants.de\/images\/plants\/nhw1.jpg\" alt class=\"img-responsive\"\/><\/span><\/div><div class=\"fusion-clearfix\"><\/div><\/div><\/div><\/div><\/div>","protected":false},"excerpt":{"rendered":"","protected":false},"author":1,"featured_media":0,"parent":29,"menu_order":0,"comment_status":"open","ping_status":"open","template":"","meta":{"footnotes":""},"class_list":["post-722","page","type-page","status-publish","hentry"],"yoast_head":"<!-- This site is optimized with the Yoast SEO plugin v26.9 - https:\/\/yoast.com\/product\/yoast-seo-wordpress\/ -->\n<title>Nicht-winterharte Arten - Fancy Plants - Deutsch<\/title>\n<meta name=\"description\" content=\"Sie sehen hier eine \u00dcbersicht exotischer Nutzpflanzen, die nicht winterhart sind. Die Anzucht tropischer Pflanzen aus Fr\u00fcchte ist meistens nicht schwer. Auf den n\u00e4chsten Seiten finden sie zu zahlreichen Arten eine Anleitung. Auch die weitere Pflege und die sp\u00e4tere Ernte werden beschrieben.\" \/>\n<meta name=\"robots\" content=\"index, follow, max-snippet:-1, max-image-preview:large, max-video-preview:-1\" \/>\n<link rel=\"canonical\" href=\"http:\/\/www.fancyplants.de\/de\/exotichome\/nwhspec\/\" \/>\n<meta property=\"og:locale\" content=\"de_DE\" \/>\n<meta property=\"og:type\" content=\"article\" \/>\n<meta property=\"og:title\" content=\"Nicht-winterharte Arten - Fancy Plants - Deutsch\" \/>\n<meta property=\"og:description\" content=\"Sie sehen hier eine \u00dcbersicht exotischer Nutzpflanzen, die nicht winterhart sind. Die Anzucht tropischer Pflanzen aus Fr\u00fcchte ist meistens nicht schwer. Auf den n\u00e4chsten Seiten finden sie zu zahlreichen Arten eine Anleitung. Auch die weitere Pflege und die sp\u00e4tere Ernte werden beschrieben.\" \/>\n<meta property=\"og:url\" content=\"http:\/\/www.fancyplants.de\/de\/exotichome\/nwhspec\/\" \/>\n<meta property=\"og:site_name\" content=\"Fancy Plants - Deutsch\" \/>\n<meta property=\"article:modified_time\" content=\"2019-10-15T06:50:47+00:00\" \/>\n<meta property=\"og:image\" content=\"http:\/\/www.fancyplants.de\/images\/plants\/nhw1.jpg\" \/>\n<meta name=\"twitter:card\" content=\"summary_large_image\" \/>\n<meta name=\"twitter:label1\" content=\"Gesch\u00e4tzte Lesezeit\" \/>\n\t<meta name=\"twitter:data1\" content=\"4\u00a0Minuten\" \/>\n<script type=\"application\/ld+json\" class=\"yoast-schema-graph\">{\"@context\":\"https:\/\/schema.org\",\"@graph\":[{\"@type\":\"WebPage\",\"@id\":\"http:\/\/www.fancyplants.de\/de\/exotichome\/nwhspec\/\",\"url\":\"http:\/\/www.fancyplants.de\/de\/exotichome\/nwhspec\/\",\"name\":\"Nicht-winterharte Arten - Fancy Plants - Deutsch\",\"isPartOf\":{\"@id\":\"http:\/\/www.fancyplants.de\/de\/#website\"},\"primaryImageOfPage\":{\"@id\":\"http:\/\/www.fancyplants.de\/de\/exotichome\/nwhspec\/#primaryimage\"},\"image\":{\"@id\":\"http:\/\/www.fancyplants.de\/de\/exotichome\/nwhspec\/#primaryimage\"},\"thumbnailUrl\":\"http:\/\/www.fancyplants.de\/images\/plants\/nhw1.jpg\",\"datePublished\":\"2015-07-01T05:24:02+00:00\",\"dateModified\":\"2019-10-15T06:50:47+00:00\",\"description\":\"Sie sehen hier eine \u00dcbersicht exotischer Nutzpflanzen, die nicht winterhart sind. Die Anzucht tropischer Pflanzen aus Fr\u00fcchte ist meistens nicht schwer. Auf den n\u00e4chsten Seiten finden sie zu zahlreichen Arten eine Anleitung. Auch die weitere Pflege und die sp\u00e4tere Ernte werden beschrieben.\",\"breadcrumb\":{\"@id\":\"http:\/\/www.fancyplants.de\/de\/exotichome\/nwhspec\/#breadcrumb\"},\"inLanguage\":\"de\",\"potentialAction\":[{\"@type\":\"ReadAction\",\"target\":[\"http:\/\/www.fancyplants.de\/de\/exotichome\/nwhspec\/\"]}]},{\"@type\":\"ImageObject\",\"inLanguage\":\"de\",\"@id\":\"http:\/\/www.fancyplants.de\/de\/exotichome\/nwhspec\/#primaryimage\",\"url\":\"http:\/\/www.fancyplants.de\/images\/plants\/nhw1.jpg\",\"contentUrl\":\"http:\/\/www.fancyplants.de\/images\/plants\/nhw1.jpg\"},{\"@type\":\"BreadcrumbList\",\"@id\":\"http:\/\/www.fancyplants.de\/de\/exotichome\/nwhspec\/#breadcrumb\",\"itemListElement\":[{\"@type\":\"ListItem\",\"position\":1,\"name\":\"Home\",\"item\":\"http:\/\/www.fancyplants.de\/de\/\"},{\"@type\":\"ListItem\",\"position\":2,\"name\":\"Exotische Nutzpflanzen\",\"item\":\"http:\/\/www.fancyplants.de\/de\/exotichome\/\"},{\"@type\":\"ListItem\",\"position\":3,\"name\":\"Nicht-winterharte Arten\"}]},{\"@type\":\"WebSite\",\"@id\":\"http:\/\/www.fancyplants.de\/de\/#website\",\"url\":\"http:\/\/www.fancyplants.de\/de\/\",\"name\":\"Fancy Plants - Deutsch\",\"description\":\"Eine weitere WordPress-Seite\",\"potentialAction\":[{\"@type\":\"SearchAction\",\"target\":{\"@type\":\"EntryPoint\",\"urlTemplate\":\"http:\/\/www.fancyplants.de\/de\/?s={search_term_string}\"},\"query-input\":{\"@type\":\"PropertyValueSpecification\",\"valueRequired\":true,\"valueName\":\"search_term_string\"}}],\"inLanguage\":\"de\"}]}<\/script>\n<!-- \/ Yoast SEO plugin. -->","yoast_head_json":{"title":"Nicht-winterharte Arten - Fancy Plants - Deutsch","description":"Sie sehen hier eine \u00dcbersicht exotischer Nutzpflanzen, die nicht winterhart sind. Die Anzucht tropischer Pflanzen aus Fr\u00fcchte ist meistens nicht schwer. Auf den n\u00e4chsten Seiten finden sie zu zahlreichen Arten eine Anleitung. Auch die weitere Pflege und die sp\u00e4tere Ernte werden beschrieben.","robots":{"index":"index","follow":"follow","max-snippet":"max-snippet:-1","max-image-preview":"max-image-preview:large","max-video-preview":"max-video-preview:-1"},"canonical":"http:\/\/www.fancyplants.de\/de\/exotichome\/nwhspec\/","og_locale":"de_DE","og_type":"article","og_title":"Nicht-winterharte Arten - Fancy Plants - Deutsch","og_description":"Sie sehen hier eine \u00dcbersicht exotischer Nutzpflanzen, die nicht winterhart sind. Die Anzucht tropischer Pflanzen aus Fr\u00fcchte ist meistens nicht schwer. Auf den n\u00e4chsten Seiten finden sie zu zahlreichen Arten eine Anleitung. Auch die weitere Pflege und die sp\u00e4tere Ernte werden beschrieben.","og_url":"http:\/\/www.fancyplants.de\/de\/exotichome\/nwhspec\/","og_site_name":"Fancy Plants - Deutsch","article_modified_time":"2019-10-15T06:50:47+00:00","og_image":[{"url":"http:\/\/www.fancyplants.de\/images\/plants\/nhw1.jpg","type":"","width":"","height":""}],"twitter_card":"summary_large_image","twitter_misc":{"Gesch\u00e4tzte Lesezeit":"4\u00a0Minuten"},"schema":{"@context":"https:\/\/schema.org","@graph":[{"@type":"WebPage","@id":"http:\/\/www.fancyplants.de\/de\/exotichome\/nwhspec\/","url":"http:\/\/www.fancyplants.de\/de\/exotichome\/nwhspec\/","name":"Nicht-winterharte Arten - Fancy Plants - Deutsch","isPartOf":{"@id":"http:\/\/www.fancyplants.de\/de\/#website"},"primaryImageOfPage":{"@id":"http:\/\/www.fancyplants.de\/de\/exotichome\/nwhspec\/#primaryimage"},"image":{"@id":"http:\/\/www.fancyplants.de\/de\/exotichome\/nwhspec\/#primaryimage"},"thumbnailUrl":"http:\/\/www.fancyplants.de\/images\/plants\/nhw1.jpg","datePublished":"2015-07-01T05:24:02+00:00","dateModified":"2019-10-15T06:50:47+00:00","description":"Sie sehen hier eine \u00dcbersicht exotischer Nutzpflanzen, die nicht winterhart sind. Die Anzucht tropischer Pflanzen aus Fr\u00fcchte ist meistens nicht schwer. Auf den n\u00e4chsten Seiten finden sie zu zahlreichen Arten eine Anleitung. Auch die weitere Pflege und die sp\u00e4tere Ernte werden beschrieben.","breadcrumb":{"@id":"http:\/\/www.fancyplants.de\/de\/exotichome\/nwhspec\/#breadcrumb"},"inLanguage":"de","potentialAction":[{"@type":"ReadAction","target":["http:\/\/www.fancyplants.de\/de\/exotichome\/nwhspec\/"]}]},{"@type":"ImageObject","inLanguage":"de","@id":"http:\/\/www.fancyplants.de\/de\/exotichome\/nwhspec\/#primaryimage","url":"http:\/\/www.fancyplants.de\/images\/plants\/nhw1.jpg","contentUrl":"http:\/\/www.fancyplants.de\/images\/plants\/nhw1.jpg"},{"@type":"BreadcrumbList","@id":"http:\/\/www.fancyplants.de\/de\/exotichome\/nwhspec\/#breadcrumb","itemListElement":[{"@type":"ListItem","position":1,"name":"Home","item":"http:\/\/www.fancyplants.de\/de\/"},{"@type":"ListItem","position":2,"name":"Exotische Nutzpflanzen","item":"http:\/\/www.fancyplants.de\/de\/exotichome\/"},{"@type":"ListItem","position":3,"name":"Nicht-winterharte Arten"}]},{"@type":"WebSite","@id":"http:\/\/www.fancyplants.de\/de\/#website","url":"http:\/\/www.fancyplants.de\/de\/","name":"Fancy Plants - Deutsch","description":"Eine weitere WordPress-Seite","potentialAction":[{"@type":"SearchAction","target":{"@type":"EntryPoint","urlTemplate":"http:\/\/www.fancyplants.de\/de\/?s={search_term_string}"},"query-input":{"@type":"PropertyValueSpecification","valueRequired":true,"valueName":"search_term_string"}}],"inLanguage":"de"}]}},"_links":{"self":[{"href":"http:\/\/www.fancyplants.de\/de\/wp-json\/wp\/v2\/pages\/722","targetHints":{"allow":["GET"]}}],"collection":[{"href":"http:\/\/www.fancyplants.de\/de\/wp-json\/wp\/v2\/pages"}],"about":[{"href":"http:\/\/www.fancyplants.de\/de\/wp-json\/wp\/v2\/types\/page"}],"author":[{"embeddable":true,"href":"http:\/\/www.fancyplants.de\/de\/wp-json\/wp\/v2\/users\/1"}],"replies":[{"embeddable":true,"href":"http:\/\/www.fancyplants.de\/de\/wp-json\/wp\/v2\/comments?post=722"}],"version-history":[{"count":2,"href":"http:\/\/www.fancyplants.de\/de\/wp-json\/wp\/v2\/pages\/722\/revisions"}],"predecessor-version":[{"id":3003,"href":"http:\/\/www.fancyplants.de\/de\/wp-json\/wp\/v2\/pages\/722\/revisions\/3003"}],"up":[{"embeddable":true,"href":"http:\/\/www.fancyplants.de\/de\/wp-json\/wp\/v2\/pages\/29"}],"wp:attachment":[{"href":"http:\/\/www.fancyplants.de\/de\/wp-json\/wp\/v2\/media?parent=722"}],"curies":[{"name":"wp","href":"https:\/\/api.w.org\/{rel}","templated":true}]}}