{"id":597,"date":"2015-06-27T16:40:37","date_gmt":"2015-06-27T14:40:37","guid":{"rendered":"http:\/\/www.fancyplants.de\/de\/?page_id=597"},"modified":"2019-10-15T08:50:51","modified_gmt":"2019-10-15T06:50:51","slug":"ophrys","status":"publish","type":"page","link":"http:\/\/www.fancyplants.de\/de\/orchidshome\/spec\/purespec\/ophrys\/","title":{"rendered":"Ophrys"},"content":{"rendered":"<div class=\"fusion-fullwidth fullwidth-box fusion-builder-row-1 hundred-percent-fullwidth non-hundred-percent-height-scrolling\" style=\"--awb-border-radius-top-left:0px;--awb-border-radius-top-right:0px;--awb-border-radius-bottom-right:0px;--awb-border-radius-bottom-left:0px;--awb-overflow:visible;--awb-flex-wrap:wrap;\" ><div class=\"fusion-builder-row fusion-row\"><div class=\"fusion-layout-column fusion_builder_column fusion-builder-column-0 fusion_builder_column_1_1 1_1 fusion-one-full fusion-column-first fusion-column-last\" style=\"--awb-bg-size:cover;\"><div class=\"fusion-column-wrapper fusion-flex-column-wrapper-legacy\"><div class=\"fusion-title title fusion-title-1 fusion-title-text fusion-title-size-one\"><h1 class=\"fusion-title-heading title-heading-left\" style=\"margin:0;\">Ragwurz (<i>Ophrys<\/i>)<\/h1><span class=\"awb-title-spacer\"><\/span><div class=\"title-sep-container\"><div class=\"title-sep sep-single sep-solid\" style=\"border-color:#3e3e3e;\"><\/div><\/div><\/div><div class=\"fusion-title title fusion-title-2 fusion-title-text fusion-title-size-two\"><h2 class=\"fusion-title-heading title-heading-left\" style=\"margin:0;\">Im \u00dcberblick<\/h2><span class=\"awb-title-spacer\"><\/span><div class=\"title-sep-container\"><div class=\"title-sep sep-single sep-solid\" style=\"border-color:#3e3e3e;\"><\/div><\/div><\/div><div class=\"fusion-text fusion-text-1\"><p>Die Gattung der Ragwurze (<i>Ophrys<\/i>) ist in vielerlei Hinsicht hochgradig spannend. Ragwurze weisen eine interessante Best\u00e4ubungsphysiologie und eine attraktive Bl\u00fctenmorphologie auf. Zudem sind Ragwurze sehr hybridisierungsfreudig. Bislang sind etwas \u00fcber 250 Arten beschrieben, die haupts\u00e4chlich um das Mittelmeer herum vorkommen. Daneben werden jedes Jahr mehrere Arten neu beschrieben.<\/p>\n<p>Die meisten Ragwurzarten besitzen eine differenziert entwickelte, farbenpr\u00e4chtige und verh\u00e4ltnism\u00e4\u00dfig gro\u00dfe Lippe, die artspezifisch ein bestimmtes Insektenweibchen imitieren soll. In aller Regel schl\u00fcpfen im Fr\u00fchjahr die m\u00e4nnliche Insekten einer Art zwei bis drei Wochen vor den weiblichen. In dieser Zeit bl\u00fchen dann die diversen Ragwurz-Arten. F\u00fcr die meisten Arten ist inzwischen ein eigenes Best\u00e4uberinsekt nachgewiesen. Im Laufe der Evolution ist es den Pflanzen gelungen, das Weibchen sehr gut zu imitieren. Einige Arten geben teilweise die entsprechenden Sexuallockstoffe (Pheromone) ab. Das Mal in der Lippemitte ist oft bl\u00e4ulich und soll die Fl\u00fcgel des Insektenweibchens, die bei Sonneneinstrahlung oft ebenfalls bl\u00e4ulich schimmern, imitieren. Auch die Form, die W\u00f6lbung der Lippe sowie deren Randbehaarung dienen der Imitation. Ein get\u00e4uschtes Insektenm\u00e4nnchen versucht nun, das vermeintliche Weibchen zu begatten. Bei diesem Vorgang bekommt es im g\u00fcnstigen Fall von der Bl\u00fcte ein Pollinium aufgesetzt (Die Produktion der zu Pollinien verklebten Pollen als Besonderheit der Orchideen wurde an <a href=\"..\/..\/..\/..\/orchidshome\">anderer Stelle<\/a> bereits ausf\u00fchrlich beschrieben). An der n\u00e4chsten Bl\u00fcte \u00fcbertr\u00e4gt das &#8218;geh\u00f6rnte&#8216; M\u00e4nnchen das Pollenpaket auf die Narbe und befruchtet somit die Bl\u00fcte.<\/p>\n<\/div><div class=\"fusion-title title fusion-title-3 fusion-title-text fusion-title-size-two\" id=\"anthropophorum\"><h2 class=\"fusion-title-heading title-heading-left\" style=\"margin:0;\">Aufgrund der Vielzahl der Fotos zeige ich Ihnen die gefundenen Ragwurzarten auf insgesamt 4 Seiten<\/h2><span class=\"awb-title-spacer\"><\/span><div class=\"title-sep-container\"><div class=\"title-sep sep-single sep-solid\" style=\"border-color:#3e3e3e;\"><\/div><\/div><\/div><div class=\"fusion-clearfix\"><\/div><\/div><\/div><\/div><\/div><div class=\"fusion-fullwidth fullwidth-box fusion-builder-row-2 nonhundred-percent-fullwidth non-hundred-percent-height-scrolling\" style=\"--awb-background-position:left top;--awb-border-radius-top-left:0px;--awb-border-radius-top-right:0px;--awb-border-radius-bottom-right:0px;--awb-border-radius-bottom-left:0px;--awb-padding-top:20px;--awb-padding-right:0px;--awb-padding-bottom:20px;--awb-padding-left:0px;--awb-background-color:#29292a;--awb-border-sizes-top:0px;--awb-border-sizes-bottom:0px;--awb-flex-wrap:wrap;\" ><div class=\"fusion-builder-row fusion-row\"><div class=\"fusion-layout-column fusion_builder_column fusion-builder-column-1 fusion_builder_column_1_1 1_1 fusion-one-full fusion-column-first fusion-column-last fusion-column-no-min-height\" style=\"--awb-bg-size:cover;--awb-margin-bottom:0px;\"><div class=\"fusion-column-wrapper fusion-flex-column-wrapper-legacy\"><div class=\"fusion-title title fusion-title-4 fusion-title-text fusion-title-size-three\" id=\"anthropophorum\"><h3 class=\"fusion-title-heading title-heading-left\" style=\"margin:0;\"><a href=\".\/ophrysalacor\">Ophrys aesculapii &#8211; corsica<\/a><\/h3><span class=\"awb-title-spacer\"><\/span><div class=\"title-sep-container\"><div class=\"title-sep sep-single sep-solid\" style=\"border-color:#3e3e3e;\"><\/div><\/div><\/div><div class=\"fusion-clearfix\"><\/div><\/div><\/div><\/div><\/div><div class=\"fusion-fullwidth fullwidth-box fusion-builder-row-3 hundred-percent-fullwidth non-hundred-percent-height-scrolling\" style=\"--awb-border-radius-top-left:0px;--awb-border-radius-top-right:0px;--awb-border-radius-bottom-right:0px;--awb-border-radius-bottom-left:0px;--awb-overflow:visible;--awb-flex-wrap:wrap;\" ><div class=\"fusion-builder-row fusion-row\"><div class=\"fusion-layout-column fusion_builder_column fusion-builder-column-2 fusion_builder_column_1_1 1_1 fusion-one-full fusion-column-first fusion-column-last fusion-column-no-min-height\" style=\"--awb-bg-size:cover;--awb-margin-bottom:0px;\"><div class=\"fusion-column-wrapper fusion-flex-column-wrapper-legacy\"><div class=\"fusion-text fusion-text-2\"><p>Ophrys aesculapii, Ophrys alasiatica, Ophrys annae, Ophrys apifera, Ophrys apulica, Ophrys araneola, Ophrys argentaria, Ophrys argolica, Ophrys attaviria, Ophrys attica, Ophrys bertolonii, Ophrys bertoloniiformis, Ophrys biancae, Ophrys bicornis, Ophrys biscutella, Ophrys blitopertha, Ophrys bombyliflora, Ophrys bornmuelleri, Ophrys bremifera, Ophrys calocaerina, Ophrys candica, Ophrys chestermannii, Ophrys cinereophila, Ophrys conradiae, Ophrys cornutula, Ophrys corsica<\/p>\n<\/div><div class=\"fusion-clearfix\"><\/div><\/div><\/div><\/div><\/div><div class=\"fusion-fullwidth fullwidth-box fusion-builder-row-4 nonhundred-percent-fullwidth non-hundred-percent-height-scrolling\" style=\"--awb-background-position:left top;--awb-border-radius-top-left:0px;--awb-border-radius-top-right:0px;--awb-border-radius-bottom-right:0px;--awb-border-radius-bottom-left:0px;--awb-padding-top:20px;--awb-padding-right:0px;--awb-padding-bottom:20px;--awb-padding-left:0px;--awb-background-color:#29292a;--awb-border-sizes-top:0px;--awb-border-sizes-bottom:0px;--awb-flex-wrap:wrap;\" ><div class=\"fusion-builder-row fusion-row\"><div class=\"fusion-layout-column fusion_builder_column fusion-builder-column-3 fusion_builder_column_1_1 1_1 fusion-one-full fusion-column-first fusion-column-last fusion-column-no-min-height\" style=\"--awb-bg-size:cover;--awb-margin-bottom:0px;\"><div class=\"fusion-column-wrapper fusion-flex-column-wrapper-legacy\"><div class=\"fusion-title title fusion-title-5 fusion-title-text fusion-title-size-three\" id=\"anthropophorum\"><h3 class=\"fusion-title-heading title-heading-left\" style=\"margin:0;\"><a href=\".\/ophryscreins\">Ophrys creberrima &#8211; insectifera<\/a><\/h3><span class=\"awb-title-spacer\"><\/span><div class=\"title-sep-container\"><div class=\"title-sep sep-single sep-solid\" style=\"border-color:#3e3e3e;\"><\/div><\/div><\/div><div class=\"fusion-clearfix\"><\/div><\/div><\/div><\/div><\/div><div class=\"fusion-fullwidth fullwidth-box fusion-builder-row-5 hundred-percent-fullwidth non-hundred-percent-height-scrolling\" style=\"--awb-border-radius-top-left:0px;--awb-border-radius-top-right:0px;--awb-border-radius-bottom-right:0px;--awb-border-radius-bottom-left:0px;--awb-overflow:visible;--awb-flex-wrap:wrap;\" ><div class=\"fusion-builder-row fusion-row\"><div class=\"fusion-layout-column fusion_builder_column fusion-builder-column-4 fusion_builder_column_1_1 1_1 fusion-one-full fusion-column-first fusion-column-last fusion-column-no-min-height\" style=\"--awb-bg-size:cover;--awb-margin-bottom:0px;\"><div class=\"fusion-column-wrapper fusion-flex-column-wrapper-legacy\"><div class=\"fusion-text fusion-text-3\"><p>Ophrys creberrima, Ophrys cretensis, Ophrys cretica, Ophrys cretica ssp. beloniae, Ophrys creticola, Ophrys delphinensis, Ophrys dodekanensis, Ophrys elegans, Ophrys eleonorae, Ophrys episcopalis, Ophrys ferrum-equinum, Ophrys flammeola, Ophrys flavomarginata, Ophrys fleischmannii, Ophrys fuciflora, Ophrys funerea, Ophrys fusca, Ophrys gottfriediana, Ophrys gracilis, Ophrys grammica, Ophrys grandiflora, Ophrys halia, Ophrys hebes, Ophrys heldreichii, Ophrys helenae, Ophrys herae, Ophrys heterochila, Ophrys incubacea, Ophrys insectifera<\/p>\n<\/div><div class=\"fusion-clearfix\"><\/div><\/div><\/div><\/div><\/div><div class=\"fusion-fullwidth fullwidth-box fusion-builder-row-6 nonhundred-percent-fullwidth non-hundred-percent-height-scrolling\" style=\"--awb-background-position:left top;--awb-border-radius-top-left:0px;--awb-border-radius-top-right:0px;--awb-border-radius-bottom-right:0px;--awb-border-radius-bottom-left:0px;--awb-padding-top:20px;--awb-padding-right:0px;--awb-padding-bottom:20px;--awb-padding-left:0px;--awb-background-color:#29292a;--awb-border-sizes-top:0px;--awb-border-sizes-bottom:0px;--awb-flex-wrap:wrap;\" ><div class=\"fusion-builder-row fusion-row\"><div class=\"fusion-layout-column fusion_builder_column fusion-builder-column-5 fusion_builder_column_1_1 1_1 fusion-one-full fusion-column-first fusion-column-last fusion-column-no-min-height\" style=\"--awb-bg-size:cover;--awb-margin-bottom:0px;\"><div class=\"fusion-column-wrapper fusion-flex-column-wrapper-legacy\"><div class=\"fusion-title title fusion-title-6 fusion-title-text fusion-title-size-three\" id=\"anthropophorum\"><h3 class=\"fusion-title-heading title-heading-left\" style=\"margin:0;\"><a href=\".\/ophrysiripan\">Ophrys iricolor &#8211; panattensis<\/a><\/h3><span class=\"awb-title-spacer\"><\/span><div class=\"title-sep-container\"><div class=\"title-sep sep-single sep-solid\" style=\"border-color:#3e3e3e;\"><\/div><\/div><\/div><div class=\"fusion-clearfix\"><\/div><\/div><\/div><\/div><\/div><div class=\"fusion-fullwidth fullwidth-box fusion-builder-row-7 hundred-percent-fullwidth non-hundred-percent-height-scrolling\" style=\"--awb-border-radius-top-left:0px;--awb-border-radius-top-right:0px;--awb-border-radius-bottom-right:0px;--awb-border-radius-bottom-left:0px;--awb-overflow:visible;--awb-flex-wrap:wrap;\" ><div class=\"fusion-builder-row fusion-row\"><div class=\"fusion-layout-column fusion_builder_column fusion-builder-column-6 fusion_builder_column_1_1 1_1 fusion-one-full fusion-column-first fusion-column-last fusion-column-no-min-height\" style=\"--awb-bg-size:cover;--awb-margin-bottom:0px;\"><div class=\"fusion-column-wrapper fusion-flex-column-wrapper-legacy\"><div class=\"fusion-text fusion-text-4\"><p>Ophrys iricolor, Ophrys israelitica, Ophrys kotschyi, Ophrys lacaena, Ophrys lacaitae, Ophrys lapethica, Ophrys leochroma, Ophrys levantina, Ophrys leucadica, Ophrys leucophthalma, Ophrys lucis, Ophrys lunulata, Ophrys lutea, Ophrys malvasiana, Ophrys mammosa, Ophrys mammosa ssp. ustulata, Ophrys melena, Ophrys morio, Ophrys morisii, Ophrys mycenensis, Ophrys neglecta, Ophrys normannii, Ophrys obaesa, Ophrys oestrifera, Ophrys oestrifera ssp. stavri, Ophrys omegaifera, Ophrys ortuabis, Ophrys oxyrrhynchos, Ophrys pallida, Ophrys panattensis<\/p>\n<\/div><div class=\"fusion-clearfix\"><\/div><\/div><\/div><\/div><\/div><div class=\"fusion-fullwidth fullwidth-box fusion-builder-row-8 nonhundred-percent-fullwidth non-hundred-percent-height-scrolling\" style=\"--awb-background-position:left top;--awb-border-radius-top-left:0px;--awb-border-radius-top-right:0px;--awb-border-radius-bottom-right:0px;--awb-border-radius-bottom-left:0px;--awb-padding-top:20px;--awb-padding-right:0px;--awb-padding-bottom:20px;--awb-padding-left:0px;--awb-background-color:#29292a;--awb-border-sizes-top:0px;--awb-border-sizes-bottom:0px;--awb-flex-wrap:wrap;\" ><div class=\"fusion-builder-row fusion-row\"><div class=\"fusion-layout-column fusion_builder_column fusion-builder-column-7 fusion_builder_column_1_1 1_1 fusion-one-full fusion-column-first fusion-column-last fusion-column-no-min-height\" style=\"--awb-bg-size:cover;--awb-margin-bottom:0px;\"><div class=\"fusion-column-wrapper fusion-flex-column-wrapper-legacy\"><div class=\"fusion-title title fusion-title-7 fusion-title-text fusion-title-size-three\" id=\"anthropophorum\"><h3 class=\"fusion-title-heading title-heading-left\" style=\"margin:0;\"><a href=\".\/ophrysparzon\">Ophrys parvimaculata &#8211; zonata<\/a><\/h3><span class=\"awb-title-spacer\"><\/span><div class=\"title-sep-container\"><div class=\"title-sep sep-single sep-solid\" style=\"border-color:#3e3e3e;\"><\/div><\/div><\/div><div class=\"fusion-clearfix\"><\/div><\/div><\/div><\/div><\/div><div class=\"fusion-fullwidth fullwidth-box fusion-builder-row-9 hundred-percent-fullwidth non-hundred-percent-height-scrolling\" style=\"--awb-border-radius-top-left:0px;--awb-border-radius-top-right:0px;--awb-border-radius-bottom-right:0px;--awb-border-radius-bottom-left:0px;--awb-overflow:visible;--awb-flex-wrap:wrap;\" ><div class=\"fusion-builder-row fusion-row\"><div class=\"fusion-layout-column fusion_builder_column fusion-builder-column-8 fusion_builder_column_1_1 1_1 fusion-one-full fusion-column-first fusion-column-last fusion-column-no-min-height\" style=\"--awb-bg-size:cover;--awb-margin-bottom:0px;\"><div class=\"fusion-column-wrapper fusion-flex-column-wrapper-legacy\"><div class=\"fusion-text fusion-text-5\"><p>Ophrys parvimaculata, Ophrys parvula, Ophrys passionis var. garganica, Ophrys phryganae, Ophrys regis-ferdinandii, Ophrys reinhardiorum, Ophrys reinholdii, Ophrys rhodia, Ophrys sicula, Ophrys sipontensis, Ophrys sitiaca, Ophrys speculum, Ophrys sphegodes, Ophrys spruneri, Ophrys subfusca ssp. liveriani, Ophrys sulcata, Ophrys tarentina, Ophrys tarquinia, Ophrys ulyssea, Ophrys umbilicata, Ophrys untchjii, Ophrys villosa, Ophrys zonata<\/p>\n<\/div><div class=\"fusion-clearfix\"><\/div><\/div><\/div><\/div><\/div>","protected":false},"excerpt":{"rendered":"","protected":false},"author":1,"featured_media":0,"parent":297,"menu_order":0,"comment_status":"open","ping_status":"open","template":"","meta":{"footnotes":""},"class_list":["post-597","page","type-page","status-publish","hentry"],"yoast_head":"<!-- This site is optimized with the Yoast SEO plugin v26.9 - https:\/\/yoast.com\/product\/yoast-seo-wordpress\/ -->\n<title>Ophrys - Fancy Plants - Deutsch<\/title>\n<meta name=\"description\" content=\"Portrait der Ragwurze, einer wildwachsenden europ\u00e4ischen Orchideengattung. Auf dieser Seite finden Sie eine generelle \u00dcbersicht \u00fcber diese Orchideengattung.\" \/>\n<meta name=\"robots\" content=\"index, follow, max-snippet:-1, max-image-preview:large, max-video-preview:-1\" \/>\n<link rel=\"canonical\" href=\"http:\/\/www.fancyplants.de\/de\/orchidshome\/spec\/purespec\/ophrys\/\" \/>\n<meta property=\"og:locale\" content=\"de_DE\" \/>\n<meta property=\"og:type\" content=\"article\" \/>\n<meta property=\"og:title\" content=\"Ophrys - Fancy Plants - Deutsch\" \/>\n<meta property=\"og:description\" content=\"Portrait der Ragwurze, einer wildwachsenden europ\u00e4ischen Orchideengattung. Auf dieser Seite finden Sie eine generelle \u00dcbersicht \u00fcber diese Orchideengattung.\" \/>\n<meta property=\"og:url\" content=\"http:\/\/www.fancyplants.de\/de\/orchidshome\/spec\/purespec\/ophrys\/\" \/>\n<meta property=\"og:site_name\" content=\"Fancy Plants - Deutsch\" \/>\n<meta property=\"article:modified_time\" content=\"2019-10-15T06:50:51+00:00\" \/>\n<meta name=\"twitter:card\" content=\"summary_large_image\" \/>\n<meta name=\"twitter:label1\" content=\"Gesch\u00e4tzte Lesezeit\" \/>\n\t<meta name=\"twitter:data1\" content=\"8\u00a0Minuten\" \/>\n<script type=\"application\/ld+json\" class=\"yoast-schema-graph\">{\"@context\":\"https:\/\/schema.org\",\"@graph\":[{\"@type\":\"WebPage\",\"@id\":\"http:\/\/www.fancyplants.de\/de\/orchidshome\/spec\/purespec\/ophrys\/\",\"url\":\"http:\/\/www.fancyplants.de\/de\/orchidshome\/spec\/purespec\/ophrys\/\",\"name\":\"Ophrys - Fancy Plants - Deutsch\",\"isPartOf\":{\"@id\":\"http:\/\/www.fancyplants.de\/de\/#website\"},\"datePublished\":\"2015-06-27T14:40:37+00:00\",\"dateModified\":\"2019-10-15T06:50:51+00:00\",\"description\":\"Portrait der Ragwurze, einer wildwachsenden europ\u00e4ischen Orchideengattung. Auf dieser Seite finden Sie eine generelle \u00dcbersicht \u00fcber diese Orchideengattung.\",\"breadcrumb\":{\"@id\":\"http:\/\/www.fancyplants.de\/de\/orchidshome\/spec\/purespec\/ophrys\/#breadcrumb\"},\"inLanguage\":\"de\",\"potentialAction\":[{\"@type\":\"ReadAction\",\"target\":[\"http:\/\/www.fancyplants.de\/de\/orchidshome\/spec\/purespec\/ophrys\/\"]}]},{\"@type\":\"BreadcrumbList\",\"@id\":\"http:\/\/www.fancyplants.de\/de\/orchidshome\/spec\/purespec\/ophrys\/#breadcrumb\",\"itemListElement\":[{\"@type\":\"ListItem\",\"position\":1,\"name\":\"Home\",\"item\":\"http:\/\/www.fancyplants.de\/de\/\"},{\"@type\":\"ListItem\",\"position\":2,\"name\":\"Europ\u00e4ische Orchideen\",\"item\":\"http:\/\/www.fancyplants.de\/de\/orchidshome\/\"},{\"@type\":\"ListItem\",\"position\":3,\"name\":\"Arten\",\"item\":\"http:\/\/www.fancyplants.de\/de\/orchidshome\/spec\/\"},{\"@type\":\"ListItem\",\"position\":4,\"name\":\"Reine Arten\",\"item\":\"http:\/\/www.fancyplants.de\/de\/orchidshome\/spec\/purespec\/\"},{\"@type\":\"ListItem\",\"position\":5,\"name\":\"Ophrys\"}]},{\"@type\":\"WebSite\",\"@id\":\"http:\/\/www.fancyplants.de\/de\/#website\",\"url\":\"http:\/\/www.fancyplants.de\/de\/\",\"name\":\"Fancy Plants - Deutsch\",\"description\":\"Eine weitere WordPress-Seite\",\"potentialAction\":[{\"@type\":\"SearchAction\",\"target\":{\"@type\":\"EntryPoint\",\"urlTemplate\":\"http:\/\/www.fancyplants.de\/de\/?s={search_term_string}\"},\"query-input\":{\"@type\":\"PropertyValueSpecification\",\"valueRequired\":true,\"valueName\":\"search_term_string\"}}],\"inLanguage\":\"de\"}]}<\/script>\n<!-- \/ Yoast SEO plugin. -->","yoast_head_json":{"title":"Ophrys - Fancy Plants - Deutsch","description":"Portrait der Ragwurze, einer wildwachsenden europ\u00e4ischen Orchideengattung. Auf dieser Seite finden Sie eine generelle \u00dcbersicht \u00fcber diese Orchideengattung.","robots":{"index":"index","follow":"follow","max-snippet":"max-snippet:-1","max-image-preview":"max-image-preview:large","max-video-preview":"max-video-preview:-1"},"canonical":"http:\/\/www.fancyplants.de\/de\/orchidshome\/spec\/purespec\/ophrys\/","og_locale":"de_DE","og_type":"article","og_title":"Ophrys - Fancy Plants - Deutsch","og_description":"Portrait der Ragwurze, einer wildwachsenden europ\u00e4ischen Orchideengattung. Auf dieser Seite finden Sie eine generelle \u00dcbersicht \u00fcber diese Orchideengattung.","og_url":"http:\/\/www.fancyplants.de\/de\/orchidshome\/spec\/purespec\/ophrys\/","og_site_name":"Fancy Plants - Deutsch","article_modified_time":"2019-10-15T06:50:51+00:00","twitter_card":"summary_large_image","twitter_misc":{"Gesch\u00e4tzte Lesezeit":"8\u00a0Minuten"},"schema":{"@context":"https:\/\/schema.org","@graph":[{"@type":"WebPage","@id":"http:\/\/www.fancyplants.de\/de\/orchidshome\/spec\/purespec\/ophrys\/","url":"http:\/\/www.fancyplants.de\/de\/orchidshome\/spec\/purespec\/ophrys\/","name":"Ophrys - Fancy Plants - Deutsch","isPartOf":{"@id":"http:\/\/www.fancyplants.de\/de\/#website"},"datePublished":"2015-06-27T14:40:37+00:00","dateModified":"2019-10-15T06:50:51+00:00","description":"Portrait der Ragwurze, einer wildwachsenden europ\u00e4ischen Orchideengattung. Auf dieser Seite finden Sie eine generelle \u00dcbersicht \u00fcber diese Orchideengattung.","breadcrumb":{"@id":"http:\/\/www.fancyplants.de\/de\/orchidshome\/spec\/purespec\/ophrys\/#breadcrumb"},"inLanguage":"de","potentialAction":[{"@type":"ReadAction","target":["http:\/\/www.fancyplants.de\/de\/orchidshome\/spec\/purespec\/ophrys\/"]}]},{"@type":"BreadcrumbList","@id":"http:\/\/www.fancyplants.de\/de\/orchidshome\/spec\/purespec\/ophrys\/#breadcrumb","itemListElement":[{"@type":"ListItem","position":1,"name":"Home","item":"http:\/\/www.fancyplants.de\/de\/"},{"@type":"ListItem","position":2,"name":"Europ\u00e4ische Orchideen","item":"http:\/\/www.fancyplants.de\/de\/orchidshome\/"},{"@type":"ListItem","position":3,"name":"Arten","item":"http:\/\/www.fancyplants.de\/de\/orchidshome\/spec\/"},{"@type":"ListItem","position":4,"name":"Reine Arten","item":"http:\/\/www.fancyplants.de\/de\/orchidshome\/spec\/purespec\/"},{"@type":"ListItem","position":5,"name":"Ophrys"}]},{"@type":"WebSite","@id":"http:\/\/www.fancyplants.de\/de\/#website","url":"http:\/\/www.fancyplants.de\/de\/","name":"Fancy Plants - Deutsch","description":"Eine weitere WordPress-Seite","potentialAction":[{"@type":"SearchAction","target":{"@type":"EntryPoint","urlTemplate":"http:\/\/www.fancyplants.de\/de\/?s={search_term_string}"},"query-input":{"@type":"PropertyValueSpecification","valueRequired":true,"valueName":"search_term_string"}}],"inLanguage":"de"}]}},"_links":{"self":[{"href":"http:\/\/www.fancyplants.de\/de\/wp-json\/wp\/v2\/pages\/597","targetHints":{"allow":["GET"]}}],"collection":[{"href":"http:\/\/www.fancyplants.de\/de\/wp-json\/wp\/v2\/pages"}],"about":[{"href":"http:\/\/www.fancyplants.de\/de\/wp-json\/wp\/v2\/types\/page"}],"author":[{"embeddable":true,"href":"http:\/\/www.fancyplants.de\/de\/wp-json\/wp\/v2\/users\/1"}],"replies":[{"embeddable":true,"href":"http:\/\/www.fancyplants.de\/de\/wp-json\/wp\/v2\/comments?post=597"}],"version-history":[{"count":1,"href":"http:\/\/www.fancyplants.de\/de\/wp-json\/wp\/v2\/pages\/597\/revisions"}],"predecessor-version":[{"id":3009,"href":"http:\/\/www.fancyplants.de\/de\/wp-json\/wp\/v2\/pages\/597\/revisions\/3009"}],"up":[{"embeddable":true,"href":"http:\/\/www.fancyplants.de\/de\/wp-json\/wp\/v2\/pages\/297"}],"wp:attachment":[{"href":"http:\/\/www.fancyplants.de\/de\/wp-json\/wp\/v2\/media?parent=597"}],"curies":[{"name":"wp","href":"https:\/\/api.w.org\/{rel}","templated":true}]}}