{"id":594,"date":"2015-06-27T16:40:11","date_gmt":"2015-06-27T14:40:11","guid":{"rendered":"http:\/\/www.fancyplants.de\/de\/?page_id=594"},"modified":"2019-10-15T08:50:51","modified_gmt":"2019-10-15T06:50:51","slug":"neottia","status":"publish","type":"page","link":"http:\/\/www.fancyplants.de\/de\/orchidshome\/spec\/purespec\/neottia\/","title":{"rendered":"Neottia"},"content":{"rendered":"<div class=\"fusion-fullwidth fullwidth-box fusion-builder-row-1 hundred-percent-fullwidth non-hundred-percent-height-scrolling\" style=\"--awb-border-radius-top-left:0px;--awb-border-radius-top-right:0px;--awb-border-radius-bottom-right:0px;--awb-border-radius-bottom-left:0px;--awb-overflow:visible;--awb-flex-wrap:wrap;\" ><div class=\"fusion-builder-row fusion-row\"><div class=\"fusion-layout-column fusion_builder_column fusion-builder-column-0 fusion_builder_column_1_1 1_1 fusion-one-full fusion-column-first fusion-column-last\" style=\"--awb-bg-size:cover;\"><div class=\"fusion-column-wrapper fusion-flex-column-wrapper-legacy\"><div class=\"fusion-title title fusion-title-1 fusion-title-text fusion-title-size-one\"><h1 class=\"fusion-title-heading title-heading-left\" style=\"margin:0;\">Nestwurz (<i>Neottia<\/i>)<\/h1><span class=\"awb-title-spacer\"><\/span><div class=\"title-sep-container\"><div class=\"title-sep sep-single sep-solid\" style=\"border-color:#3e3e3e;\"><\/div><\/div><\/div><div class=\"fusion-title title fusion-title-2 fusion-title-text fusion-title-size-two\"><h2 class=\"fusion-title-heading title-heading-left\" style=\"margin:0;\">Im \u00dcberblick<\/h2><span class=\"awb-title-spacer\"><\/span><div class=\"title-sep-container\"><div class=\"title-sep sep-single sep-solid\" style=\"border-color:#3e3e3e;\"><\/div><\/div><\/div><div class=\"fusion-text fusion-text-1\"><p>Die Gattung der Nestwurze kommt mit mehreren Arten in S\u00fcdwestasien vor. In Europa findet sich nur <i>Neottia nidus-avis<\/i>, eine sehr interessante Erscheinung. Die Art ist chlorophylllos, es handelt sich somit um eine mykoheterotrophe Pflanze. Die Pflanze macht insgesamt einen Eindruck, als w\u00e4re sie aus Gummi. Sie ist sehr ledrig, die Laubbl\u00e4tter sind zu Schuppenbl\u00e4tter degeneriert, die Bl\u00fcten sind ebenso wie die gesamte restliche Pflanze braun. Die Vogelnestwurz bl\u00fcht von Mai bis Juni und besiedelt vor allem Buchenw\u00e4lder.<\/p>\n<\/div><div class=\"fusion-title title fusion-title-3 fusion-title-text fusion-title-size-two\" id=\"anthropophorum\"><h2 class=\"fusion-title-heading title-heading-left\" style=\"margin:0;\"><i>Neottia nidus-avis<\/i><\/h2><span class=\"awb-title-spacer\"><\/span><div class=\"title-sep-container\"><div class=\"title-sep sep-single sep-solid\" style=\"border-color:#3e3e3e;\"><\/div><\/div><\/div><div class=\"fusion-clearfix\"><\/div><\/div><\/div><\/div><\/div><div class=\"fusion-fullwidth fullwidth-box fusion-builder-row-2 nonhundred-percent-fullwidth non-hundred-percent-height-scrolling\" style=\"--awb-background-position:left top;--awb-border-radius-top-left:0px;--awb-border-radius-top-right:0px;--awb-border-radius-bottom-right:0px;--awb-border-radius-bottom-left:0px;--awb-padding-top:20px;--awb-padding-right:0px;--awb-padding-bottom:20px;--awb-padding-left:0px;--awb-background-color:#29292a;--awb-border-sizes-top:0px;--awb-border-sizes-bottom:0px;--awb-flex-wrap:wrap;\" ><div class=\"fusion-builder-row fusion-row\"><div class=\"fusion-layout-column fusion_builder_column fusion-builder-column-1 fusion_builder_column_1_3 1_3 fusion-one-third fusion-column-first\" style=\"--awb-bg-size:cover;width:30.6666%; margin-right: 4%;\"><div class=\"fusion-column-wrapper fusion-flex-column-wrapper-legacy\"><div class=\"fusion-text fusion-text-2\"><div class=\"intextl\"><a class=\"lupe350\" title=\"Neottia nidus-avis, Harburg.\" href=\"..\/..\/..\/..\/..\/images\/purespec\/neottia\/nidus-avis4.jpg\" data-gallery=\"\"><img decoding=\"async\" src=\"..\/..\/..\/..\/..\/images\/purespec\/neottia\/nidus-avis4s.jpg\" alt=\"Neottia nidus-avis, Harburg.\" width=\"350\" height=\"541\" \/><span><\/span><\/a><\/div>\n<p>16.05.2015, <em>Harburg<\/em>, Deutschland<\/p>\n<\/div><div class=\"fusion-clearfix\"><\/div><\/div><\/div><div class=\"fusion-layout-column fusion_builder_column fusion-builder-column-2 fusion_builder_column_1_3 1_3 fusion-one-third\" style=\"--awb-bg-size:cover;width:30.6666%; margin-right: 4%;\"><div class=\"fusion-column-wrapper fusion-flex-column-wrapper-legacy\"><div class=\"fusion-text fusion-text-3\"><div class=\"intextl\"><a class=\"lupe350\" title=\"Neottia nidus-avis, Harburg.\" href=\"..\/..\/..\/..\/..\/images\/purespec\/neottia\/nidus-avis5.jpg\" data-gallery=\"\"><img decoding=\"async\" src=\"..\/..\/..\/..\/..\/images\/purespec\/neottia\/nidus-avis5s.jpg\" alt=\"Neottia nidus-avis, Harburg.\" width=\"350\" height=\"541\" \/><span><\/span><\/a><\/div>\n<p>16.05.2015, <em>Harburg<\/em>, Deutschland<\/p>\n<\/div><div class=\"fusion-clearfix\"><\/div><\/div><\/div><div class=\"fusion-layout-column fusion_builder_column fusion-builder-column-3 fusion_builder_column_1_3 1_3 fusion-one-third fusion-column-last\" style=\"--awb-bg-size:cover;width:30.6666%;\"><div class=\"fusion-column-wrapper fusion-flex-column-wrapper-legacy\"><div class=\"fusion-text fusion-text-4\"><div class=\"intextl\"><a class=\"lupe350\" title=\"Neottia nidus-avis, Harburg.\" href=\"..\/..\/..\/..\/..\/images\/purespec\/neottia\/nidus-avis6.jpg\" data-gallery=\"\"><img decoding=\"async\" src=\"..\/..\/..\/..\/..\/images\/purespec\/neottia\/nidus-avis6s.jpg\" alt=\"Neottia nidus-avis, Harburg.\" width=\"350\" height=\"541\" \/><span><\/span><\/a><\/div>\n<p>16.05.2015, <em>Harburg<\/em>, Deutschland<\/p>\n<\/div><div class=\"fusion-clearfix\"><\/div><\/div><\/div><div class=\"fusion-layout-column fusion_builder_column fusion-builder-column-4 fusion_builder_column_1_3 1_3 fusion-one-third fusion-column-first\" style=\"--awb-bg-size:cover;width:30.6666%; margin-right: 4%;\"><div class=\"fusion-column-wrapper fusion-flex-column-wrapper-legacy\"><div class=\"fusion-text fusion-text-5\"><div class=\"intextl\"><a class=\"lupe350\" title=\"Neottia nidus-avis, Dischingen.\" href=\"..\/..\/..\/..\/..\/images\/purespec\/neottia\/nidus-avis7.jpg\" data-gallery=\"\"><img decoding=\"async\" src=\"..\/..\/..\/..\/..\/images\/purespec\/neottia\/nidus-avis7s.jpg\" alt=\"Neottia nidus-avis, Dischingen.\" width=\"350\" height=\"541\" \/><span><\/span><\/a><\/div>\n<p>04.06.2015, <em>Dischingen<\/em>, Deutschland<\/p>\n<\/div><div class=\"fusion-clearfix\"><\/div><\/div><\/div><div class=\"fusion-layout-column fusion_builder_column fusion-builder-column-5 fusion_builder_column_1_3 1_3 fusion-one-third\" style=\"--awb-bg-size:cover;width:30.6666%; margin-right: 4%;\"><div class=\"fusion-column-wrapper fusion-flex-column-wrapper-legacy\"><div class=\"fusion-text fusion-text-6\"><div class=\"intextl\"><a class=\"lupe350\" title=\"Neottia nidus-avis, Villetta Barrea.\" href=\"..\/..\/..\/..\/..\/images\/purespec\/neottia\/nidus-avis1.jpg\" data-gallery=\"\"><img decoding=\"async\" src=\"..\/..\/..\/..\/..\/images\/purespec\/neottia\/nidus-avis1s.jpg\" alt=\"Neottia nidus-avis, Villetta Barrea.\" width=\"350\" height=\"541\" \/><span><\/span><\/a><\/div>\n<p>23.05.2013, <em>Villetta Barrea<\/em>, Abruzzen<\/p>\n<\/div><div class=\"fusion-clearfix\"><\/div><\/div><\/div><div class=\"fusion-layout-column fusion_builder_column fusion-builder-column-6 fusion_builder_column_1_3 1_3 fusion-one-third fusion-column-last\" style=\"--awb-bg-size:cover;width:30.6666%;\"><div class=\"fusion-column-wrapper fusion-flex-column-wrapper-legacy\"><div class=\"fusion-text fusion-text-7\"><div class=\"intextl\"><a class=\"lupe350\" title=\"Neottia nidus-avis, Villetta Barrea.\" href=\"..\/..\/..\/..\/..\/images\/purespec\/neottia\/nidus-avis2.jpg\" data-gallery=\"\"><img decoding=\"async\" src=\"..\/..\/..\/..\/..\/images\/purespec\/neottia\/nidus-avis2s.jpg\" alt=\"Neottia nidus-avis, Villetta Barrea.\" width=\"350\" height=\"541\" \/><span><\/span><\/a><\/div>\n<p>23.05.2013, <em>Villetta Barrea<\/em>, Abruzzen<\/p>\n<\/div><div class=\"fusion-clearfix\"><\/div><\/div><\/div><div class=\"fusion-layout-column fusion_builder_column fusion-builder-column-7 fusion_builder_column_1_3 1_3 fusion-one-third fusion-column-first\" style=\"--awb-bg-size:cover;width:30.6666%; margin-right: 4%;\"><div class=\"fusion-column-wrapper fusion-flex-column-wrapper-legacy\"><div class=\"fusion-text fusion-text-8\"><div class=\"intextl\"><a class=\"lupe350\" title=\"Neottia nidus-avis, Villetta Barrea.\" href=\"..\/..\/..\/..\/..\/images\/purespec\/neottia\/nidus-avis3.jpg\" data-gallery=\"\"><img decoding=\"async\" src=\"..\/..\/..\/..\/..\/images\/purespec\/neottia\/nidus-avis3s.jpg\" alt=\"Neottia nidus-avis, Villetta Barrea.\" width=\"350\" height=\"541\" \/><span><\/span><\/a><\/div>\n<p>23.05.2013, <em>Villetta Barrea<\/em>, Abruzzen<\/p>\n<\/div><div class=\"fusion-clearfix\"><\/div><\/div><\/div><\/div><\/div>","protected":false},"excerpt":{"rendered":"","protected":false},"author":1,"featured_media":0,"parent":297,"menu_order":0,"comment_status":"open","ping_status":"open","template":"","meta":{"footnotes":""},"class_list":["post-594","page","type-page","status-publish","hentry"],"yoast_head":"<!-- This site is optimized with the Yoast SEO plugin v26.9 - https:\/\/yoast.com\/product\/yoast-seo-wordpress\/ -->\n<title>Neottia - Fancy Plants - Deutsch<\/title>\n<meta name=\"description\" content=\"Portrait der Nestwurz (Neottia nidus-avis), einer wildwachsenden europ\u00e4ischen Orchideenart. Es werden zahlreiche Bilder der Orchidee am Naturstandort gezeigt.\" \/>\n<meta name=\"robots\" content=\"index, follow, max-snippet:-1, max-image-preview:large, max-video-preview:-1\" \/>\n<link rel=\"canonical\" href=\"http:\/\/www.fancyplants.de\/de\/orchidshome\/spec\/purespec\/neottia\/\" \/>\n<meta property=\"og:locale\" content=\"de_DE\" \/>\n<meta property=\"og:type\" content=\"article\" \/>\n<meta property=\"og:title\" content=\"Neottia - Fancy Plants - Deutsch\" \/>\n<meta property=\"og:description\" content=\"Portrait der Nestwurz (Neottia nidus-avis), einer wildwachsenden europ\u00e4ischen Orchideenart. Es werden zahlreiche Bilder der Orchidee am Naturstandort gezeigt.\" \/>\n<meta property=\"og:url\" content=\"http:\/\/www.fancyplants.de\/de\/orchidshome\/spec\/purespec\/neottia\/\" \/>\n<meta property=\"og:site_name\" content=\"Fancy Plants - Deutsch\" \/>\n<meta property=\"article:modified_time\" content=\"2019-10-15T06:50:51+00:00\" \/>\n<meta name=\"twitter:card\" content=\"summary_large_image\" \/>\n<meta name=\"twitter:label1\" content=\"Gesch\u00e4tzte Lesezeit\" \/>\n\t<meta name=\"twitter:data1\" content=\"3\u00a0Minuten\" \/>\n<script type=\"application\/ld+json\" class=\"yoast-schema-graph\">{\"@context\":\"https:\/\/schema.org\",\"@graph\":[{\"@type\":\"WebPage\",\"@id\":\"http:\/\/www.fancyplants.de\/de\/orchidshome\/spec\/purespec\/neottia\/\",\"url\":\"http:\/\/www.fancyplants.de\/de\/orchidshome\/spec\/purespec\/neottia\/\",\"name\":\"Neottia - Fancy Plants - Deutsch\",\"isPartOf\":{\"@id\":\"http:\/\/www.fancyplants.de\/de\/#website\"},\"datePublished\":\"2015-06-27T14:40:11+00:00\",\"dateModified\":\"2019-10-15T06:50:51+00:00\",\"description\":\"Portrait der Nestwurz (Neottia nidus-avis), einer wildwachsenden europ\u00e4ischen Orchideenart. Es werden zahlreiche Bilder der Orchidee am Naturstandort gezeigt.\",\"breadcrumb\":{\"@id\":\"http:\/\/www.fancyplants.de\/de\/orchidshome\/spec\/purespec\/neottia\/#breadcrumb\"},\"inLanguage\":\"de\",\"potentialAction\":[{\"@type\":\"ReadAction\",\"target\":[\"http:\/\/www.fancyplants.de\/de\/orchidshome\/spec\/purespec\/neottia\/\"]}]},{\"@type\":\"BreadcrumbList\",\"@id\":\"http:\/\/www.fancyplants.de\/de\/orchidshome\/spec\/purespec\/neottia\/#breadcrumb\",\"itemListElement\":[{\"@type\":\"ListItem\",\"position\":1,\"name\":\"Home\",\"item\":\"http:\/\/www.fancyplants.de\/de\/\"},{\"@type\":\"ListItem\",\"position\":2,\"name\":\"Europ\u00e4ische Orchideen\",\"item\":\"http:\/\/www.fancyplants.de\/de\/orchidshome\/\"},{\"@type\":\"ListItem\",\"position\":3,\"name\":\"Arten\",\"item\":\"http:\/\/www.fancyplants.de\/de\/orchidshome\/spec\/\"},{\"@type\":\"ListItem\",\"position\":4,\"name\":\"Reine Arten\",\"item\":\"http:\/\/www.fancyplants.de\/de\/orchidshome\/spec\/purespec\/\"},{\"@type\":\"ListItem\",\"position\":5,\"name\":\"Neottia\"}]},{\"@type\":\"WebSite\",\"@id\":\"http:\/\/www.fancyplants.de\/de\/#website\",\"url\":\"http:\/\/www.fancyplants.de\/de\/\",\"name\":\"Fancy Plants - Deutsch\",\"description\":\"Eine weitere WordPress-Seite\",\"potentialAction\":[{\"@type\":\"SearchAction\",\"target\":{\"@type\":\"EntryPoint\",\"urlTemplate\":\"http:\/\/www.fancyplants.de\/de\/?s={search_term_string}\"},\"query-input\":{\"@type\":\"PropertyValueSpecification\",\"valueRequired\":true,\"valueName\":\"search_term_string\"}}],\"inLanguage\":\"de\"}]}<\/script>\n<!-- \/ Yoast SEO plugin. -->","yoast_head_json":{"title":"Neottia - Fancy Plants - Deutsch","description":"Portrait der Nestwurz (Neottia nidus-avis), einer wildwachsenden europ\u00e4ischen Orchideenart. Es werden zahlreiche Bilder der Orchidee am Naturstandort gezeigt.","robots":{"index":"index","follow":"follow","max-snippet":"max-snippet:-1","max-image-preview":"max-image-preview:large","max-video-preview":"max-video-preview:-1"},"canonical":"http:\/\/www.fancyplants.de\/de\/orchidshome\/spec\/purespec\/neottia\/","og_locale":"de_DE","og_type":"article","og_title":"Neottia - Fancy Plants - Deutsch","og_description":"Portrait der Nestwurz (Neottia nidus-avis), einer wildwachsenden europ\u00e4ischen Orchideenart. Es werden zahlreiche Bilder der Orchidee am Naturstandort gezeigt.","og_url":"http:\/\/www.fancyplants.de\/de\/orchidshome\/spec\/purespec\/neottia\/","og_site_name":"Fancy Plants - Deutsch","article_modified_time":"2019-10-15T06:50:51+00:00","twitter_card":"summary_large_image","twitter_misc":{"Gesch\u00e4tzte Lesezeit":"3\u00a0Minuten"},"schema":{"@context":"https:\/\/schema.org","@graph":[{"@type":"WebPage","@id":"http:\/\/www.fancyplants.de\/de\/orchidshome\/spec\/purespec\/neottia\/","url":"http:\/\/www.fancyplants.de\/de\/orchidshome\/spec\/purespec\/neottia\/","name":"Neottia - Fancy Plants - Deutsch","isPartOf":{"@id":"http:\/\/www.fancyplants.de\/de\/#website"},"datePublished":"2015-06-27T14:40:11+00:00","dateModified":"2019-10-15T06:50:51+00:00","description":"Portrait der Nestwurz (Neottia nidus-avis), einer wildwachsenden europ\u00e4ischen Orchideenart. Es werden zahlreiche Bilder der Orchidee am Naturstandort gezeigt.","breadcrumb":{"@id":"http:\/\/www.fancyplants.de\/de\/orchidshome\/spec\/purespec\/neottia\/#breadcrumb"},"inLanguage":"de","potentialAction":[{"@type":"ReadAction","target":["http:\/\/www.fancyplants.de\/de\/orchidshome\/spec\/purespec\/neottia\/"]}]},{"@type":"BreadcrumbList","@id":"http:\/\/www.fancyplants.de\/de\/orchidshome\/spec\/purespec\/neottia\/#breadcrumb","itemListElement":[{"@type":"ListItem","position":1,"name":"Home","item":"http:\/\/www.fancyplants.de\/de\/"},{"@type":"ListItem","position":2,"name":"Europ\u00e4ische Orchideen","item":"http:\/\/www.fancyplants.de\/de\/orchidshome\/"},{"@type":"ListItem","position":3,"name":"Arten","item":"http:\/\/www.fancyplants.de\/de\/orchidshome\/spec\/"},{"@type":"ListItem","position":4,"name":"Reine Arten","item":"http:\/\/www.fancyplants.de\/de\/orchidshome\/spec\/purespec\/"},{"@type":"ListItem","position":5,"name":"Neottia"}]},{"@type":"WebSite","@id":"http:\/\/www.fancyplants.de\/de\/#website","url":"http:\/\/www.fancyplants.de\/de\/","name":"Fancy Plants - Deutsch","description":"Eine weitere WordPress-Seite","potentialAction":[{"@type":"SearchAction","target":{"@type":"EntryPoint","urlTemplate":"http:\/\/www.fancyplants.de\/de\/?s={search_term_string}"},"query-input":{"@type":"PropertyValueSpecification","valueRequired":true,"valueName":"search_term_string"}}],"inLanguage":"de"}]}},"_links":{"self":[{"href":"http:\/\/www.fancyplants.de\/de\/wp-json\/wp\/v2\/pages\/594","targetHints":{"allow":["GET"]}}],"collection":[{"href":"http:\/\/www.fancyplants.de\/de\/wp-json\/wp\/v2\/pages"}],"about":[{"href":"http:\/\/www.fancyplants.de\/de\/wp-json\/wp\/v2\/types\/page"}],"author":[{"embeddable":true,"href":"http:\/\/www.fancyplants.de\/de\/wp-json\/wp\/v2\/users\/1"}],"replies":[{"embeddable":true,"href":"http:\/\/www.fancyplants.de\/de\/wp-json\/wp\/v2\/comments?post=594"}],"version-history":[{"count":1,"href":"http:\/\/www.fancyplants.de\/de\/wp-json\/wp\/v2\/pages\/594\/revisions"}],"predecessor-version":[{"id":3011,"href":"http:\/\/www.fancyplants.de\/de\/wp-json\/wp\/v2\/pages\/594\/revisions\/3011"}],"up":[{"embeddable":true,"href":"http:\/\/www.fancyplants.de\/de\/wp-json\/wp\/v2\/pages\/297"}],"wp:attachment":[{"href":"http:\/\/www.fancyplants.de\/de\/wp-json\/wp\/v2\/media?parent=594"}],"curies":[{"name":"wp","href":"https:\/\/api.w.org\/{rel}","templated":true}]}}