{"id":582,"date":"2015-06-27T16:38:39","date_gmt":"2015-06-27T14:38:39","guid":{"rendered":"http:\/\/www.fancyplants.de\/de\/?page_id=582"},"modified":"2019-10-15T08:50:53","modified_gmt":"2019-10-15T06:50:53","slug":"limodorum","status":"publish","type":"page","link":"http:\/\/www.fancyplants.de\/de\/orchidshome\/spec\/purespec\/limodorum\/","title":{"rendered":"Limodorum"},"content":{"rendered":"<div class=\"fusion-fullwidth fullwidth-box fusion-builder-row-1 hundred-percent-fullwidth non-hundred-percent-height-scrolling\" style=\"--awb-border-radius-top-left:0px;--awb-border-radius-top-right:0px;--awb-border-radius-bottom-right:0px;--awb-border-radius-bottom-left:0px;--awb-overflow:visible;--awb-flex-wrap:wrap;\" ><div class=\"fusion-builder-row fusion-row\"><div class=\"fusion-layout-column fusion_builder_column fusion-builder-column-0 fusion_builder_column_1_1 1_1 fusion-one-full fusion-column-first fusion-column-last\" style=\"--awb-bg-size:cover;\"><div class=\"fusion-column-wrapper fusion-flex-column-wrapper-legacy\"><div class=\"fusion-title title fusion-title-1 fusion-title-text fusion-title-size-one\"><h1 class=\"fusion-title-heading title-heading-left\" style=\"margin:0;\">Dingel (<i>Limodorum<\/i>)<\/h1><span class=\"awb-title-spacer\"><\/span><div class=\"title-sep-container\"><div class=\"title-sep sep-single sep-solid\" style=\"border-color:#3e3e3e;\"><\/div><\/div><\/div><div class=\"fusion-title title fusion-title-2 fusion-title-text fusion-title-size-two\"><h2 class=\"fusion-title-heading title-heading-left\" style=\"margin:0;\">Im \u00dcberblick<\/h2><span class=\"awb-title-spacer\"><\/span><div class=\"title-sep-container\"><div class=\"title-sep sep-single sep-solid\" style=\"border-color:#3e3e3e;\"><\/div><\/div><\/div><div class=\"fusion-text fusion-text-1\"><p>Der Violette Dingel ist eine der seltensten und sch\u00f6nsten Orchideen Deutschlands. Regelm\u00e4\u00dfig zu finden ist er nur am Oberrhein und in der Eifel. Sch\u00e4tzungen zufolge sollen in ganz Deutschland nur etwa 500 Pflanzen wachsen. Wesentlich h\u00e4ufiger ist die Art in S\u00fcdeuropa anzutreffen.<\/p>\n<p>Der Violette Dingel erinnert etwas an einen blauen &#8218;Riesen-Spargel&#8216;. Die Laubbl\u00e4tter sind zu rudiment\u00e4ren Schuppenbl\u00e4tter verk\u00fcmmert. Chlorophyll wird von der Pflanze kaum gebildet, so dass die Pflanze ihr gesamtes Leben auf Wurzelpilze angewiesen ist. Es handelt sich beim Dingel wie bei der Korallenwurz um mykoheterotrophe Pflanzen. Auffallend sind die sch\u00f6nen und gro\u00dfen, hell- bis dunkelblauen Bl\u00fcten.<\/p>\n<p>Neben <i>Limodorum abortivum<\/i> existiert im westlichen Mittelmeerraum noch <i>Limodorum trabutianum<\/i>, der etwa zwei Wochen sp\u00e4ter bl\u00fcht.<\/p>\n<\/div><div class=\"fusion-clearfix\"><\/div><\/div><\/div><\/div><\/div><div class=\"fusion-fullwidth fullwidth-box fusion-builder-row-2 nonhundred-percent-fullwidth non-hundred-percent-height-scrolling\" style=\"--awb-background-position:left top;--awb-border-radius-top-left:0px;--awb-border-radius-top-right:0px;--awb-border-radius-bottom-right:0px;--awb-border-radius-bottom-left:0px;--awb-padding-top:20px;--awb-padding-right:0px;--awb-padding-bottom:20px;--awb-padding-left:0px;--awb-background-color:#29292a;--awb-border-sizes-top:0px;--awb-border-sizes-bottom:0px;--awb-flex-wrap:wrap;\" ><div class=\"fusion-builder-row fusion-row\"><div class=\"fusion-layout-column fusion_builder_column fusion-builder-column-1 fusion_builder_column_1_1 1_1 fusion-one-full fusion-column-first fusion-column-last fusion-column-no-min-height\" style=\"--awb-bg-size:cover;--awb-margin-bottom:0px;\"><div class=\"fusion-column-wrapper fusion-flex-column-wrapper-legacy\"><div class=\"fusion-title title fusion-title-3 fusion-title-text fusion-title-size-two\" id=\"anthropophorum\"><h2 class=\"fusion-title-heading title-heading-left\" style=\"margin:0;\"><a name=\"abortivum\"><\/a><i>Limodorum abortivum<\/i><\/h2><span class=\"awb-title-spacer\"><\/span><div class=\"title-sep-container\"><div class=\"title-sep sep-single sep-solid\" style=\"border-color:#3e3e3e;\"><\/div><\/div><\/div><div class=\"fusion-clearfix\"><\/div><\/div><\/div><div class=\"fusion-layout-column fusion_builder_column fusion-builder-column-2 fusion_builder_column_1_3 1_3 fusion-one-third fusion-column-first\" style=\"--awb-bg-size:cover;width:30.6666%; margin-right: 4%;\"><div class=\"fusion-column-wrapper fusion-flex-column-wrapper-legacy\"><div class=\"fusion-text fusion-text-2\"><div class=\"intextl\"><a class=\"lupe350\" title=\"Limodorum abortivum, S\u00fcdbaden.\" href=\"..\/..\/..\/..\/..\/images\/purespec\/limodorum\/abortivum4.jpg\" data-gallery=\"\"><img decoding=\"async\" src=\"..\/..\/..\/..\/..\/images\/purespec\/limodorum\/abortivum4s.jpg\" alt=\"Limodorum abortivum, S\u00fcdbaden.\" width=\"350\" height=\"541\" \/><span><\/span><\/a><\/div>\n<p>19.05.2015, <em>S\u00fcdbaden<\/em>, Deutschland<\/p>\n<\/div><div class=\"fusion-clearfix\"><\/div><\/div><\/div><div class=\"fusion-layout-column fusion_builder_column fusion-builder-column-3 fusion_builder_column_1_3 1_3 fusion-one-third\" style=\"--awb-bg-size:cover;width:30.6666%; margin-right: 4%;\"><div class=\"fusion-column-wrapper fusion-flex-column-wrapper-legacy\"><div class=\"fusion-text fusion-text-3\"><div class=\"intextl\"><a class=\"lupe350\" title=\"Limodorum abortivum, S\u00fcdbaden.\" href=\"..\/..\/..\/..\/..\/images\/purespec\/limodorum\/abortivum5.jpg\" data-gallery=\"\"><img decoding=\"async\" src=\"..\/..\/..\/..\/..\/images\/purespec\/limodorum\/abortivum5s.jpg\" alt=\"Limodorum abortivum, S\u00fcdbaden.\" width=\"350\" height=\"541\" \/><span><\/span><\/a><\/div>\n<p>19.05.2015, <em>S\u00fcdbaden<\/em>, Deutschland<\/p>\n<\/div><div class=\"fusion-clearfix\"><\/div><\/div><\/div><div class=\"fusion-layout-column fusion_builder_column fusion-builder-column-4 fusion_builder_column_1_3 1_3 fusion-one-third fusion-column-last\" style=\"--awb-bg-size:cover;width:30.6666%;\"><div class=\"fusion-column-wrapper fusion-flex-column-wrapper-legacy\"><div class=\"fusion-text fusion-text-4\"><div class=\"intextl\"><a class=\"lupe350\" title=\"Limodorum abortivum, S\u00fcdbaden.\" href=\"..\/..\/..\/..\/..\/images\/purespec\/limodorum\/abortivum6.jpg\" data-gallery=\"\"><img decoding=\"async\" src=\"..\/..\/..\/..\/..\/images\/purespec\/limodorum\/abortivum6s.jpg\" alt=\"Limodorum abortivum, S\u00fcdbaden.\" width=\"350\" height=\"541\" \/><span><\/span><\/a><\/div>\n<p>19.05.2015, <em>S\u00fcdbaden<\/em>, Deutschland<\/p>\n<\/div><div class=\"fusion-clearfix\"><\/div><\/div><\/div><div class=\"fusion-layout-column fusion_builder_column fusion-builder-column-5 fusion_builder_column_1_3 1_3 fusion-one-third fusion-column-first\" style=\"--awb-bg-size:cover;width:30.6666%; margin-right: 4%;\"><div class=\"fusion-column-wrapper fusion-flex-column-wrapper-legacy\"><div class=\"fusion-text fusion-text-5\"><div class=\"intextl\"><a class=\"lupe350\" title=\"Limodorum abortivum, S\u00fcdbaden.\" href=\"..\/..\/..\/..\/..\/images\/purespec\/limodorum\/abortivum13.jpg\" data-gallery=\"\"><img decoding=\"async\" src=\"..\/..\/..\/..\/..\/images\/purespec\/limodorum\/abortivum13s.jpg\" alt=\"Limodorum abortivum, S\u00fcdbaden.\" width=\"350\" height=\"541\" \/><span><\/span><\/a><\/div>\n<p>19.05.2015, <em>S\u00fcdbaden<\/em>, Deutschland<\/p>\n<\/div><div class=\"fusion-clearfix\"><\/div><\/div><\/div><div class=\"fusion-layout-column fusion_builder_column fusion-builder-column-6 fusion_builder_column_1_3 1_3 fusion-one-third\" style=\"--awb-bg-size:cover;width:30.6666%; margin-right: 4%;\"><div class=\"fusion-column-wrapper fusion-flex-column-wrapper-legacy\"><div class=\"fusion-text fusion-text-6\"><div class=\"intextl\"><a class=\"lupe350\" title=\"Limodorum abortivum, S\u00fcdbaden.\" href=\"..\/..\/..\/..\/..\/images\/purespec\/limodorum\/abortivum12.jpg\" data-gallery=\"\"><img decoding=\"async\" src=\"..\/..\/..\/..\/..\/images\/purespec\/limodorum\/abortivum12s.jpg\" alt=\"Limodorum abortivum, S\u00fcdbaden.\" width=\"350\" height=\"541\" \/><span><\/span><\/a><\/div>\n<p>19.05.2015, <em>S\u00fcdbaden<\/em>, Deutschland<\/p>\n<\/div><div class=\"fusion-clearfix\"><\/div><\/div><\/div><div class=\"fusion-layout-column fusion_builder_column fusion-builder-column-7 fusion_builder_column_1_3 1_3 fusion-one-third fusion-column-last\" style=\"--awb-bg-size:cover;width:30.6666%;\"><div class=\"fusion-column-wrapper fusion-flex-column-wrapper-legacy\"><div class=\"fusion-text fusion-text-7\"><div class=\"intextl\"><a class=\"lupe350\" title=\"Limodorum abortivum, S\u00fcdbaden.\" href=\"..\/..\/..\/..\/..\/images\/purespec\/limodorum\/abortivum8.jpg\" data-gallery=\"\"><img decoding=\"async\" src=\"..\/..\/..\/..\/..\/images\/purespec\/limodorum\/abortivum8s.jpg\" alt=\"Limodorum abortivum, S\u00fcdbaden.\" width=\"350\" height=\"541\" \/><span><\/span><\/a><\/div>\n<p>19.05.2015, <em>S\u00fcdbaden<\/em>, Deutschland<\/p>\n<\/div><div class=\"fusion-clearfix\"><\/div><\/div><\/div><div class=\"fusion-layout-column fusion_builder_column fusion-builder-column-8 fusion_builder_column_1_3 1_3 fusion-one-third fusion-column-first\" style=\"--awb-bg-size:cover;width:30.6666%; margin-right: 4%;\"><div class=\"fusion-column-wrapper fusion-flex-column-wrapper-legacy\"><div class=\"fusion-text fusion-text-8\"><div class=\"intextl\"><a class=\"lupe350\" title=\"Limodorum abortivum, S\u00fcdbaden.\" href=\"..\/..\/..\/..\/..\/images\/purespec\/limodorum\/abortivum7.jpg\" data-gallery=\"\"><img decoding=\"async\" src=\"..\/..\/..\/..\/..\/images\/purespec\/limodorum\/abortivum7s.jpg\" alt=\"Limodorum abortivum, S\u00fcdbaden.\" width=\"350\" height=\"541\" \/><span><\/span><\/a><\/div>\n<p>19.05.2015, <em>S\u00fcdbaden<\/em>, Deutschland<\/p>\n<\/div><div class=\"fusion-clearfix\"><\/div><\/div><\/div><div class=\"fusion-layout-column fusion_builder_column fusion-builder-column-9 fusion_builder_column_1_3 1_3 fusion-one-third\" style=\"--awb-bg-size:cover;width:30.6666%; margin-right: 4%;\"><div class=\"fusion-column-wrapper fusion-flex-column-wrapper-legacy\"><div class=\"fusion-text fusion-text-9\"><div class=\"intextl\"><a class=\"lupe350\" title=\"Limodorum abortivum, S\u00fcdbaden.\" href=\"..\/..\/..\/..\/..\/images\/purespec\/limodorum\/abortivum9.jpg\" data-gallery=\"\"><img decoding=\"async\" src=\"..\/..\/..\/..\/..\/images\/purespec\/limodorum\/abortivum9s.jpg\" alt=\"Limodorum abortivum, S\u00fcdbaden.\" width=\"350\" height=\"541\" \/><span><\/span><\/a><\/div>\n<p>19.05.2015, <em>S\u00fcdbaden<\/em>, Deutschland<\/p>\n<\/div><div class=\"fusion-clearfix\"><\/div><\/div><\/div><div class=\"fusion-layout-column fusion_builder_column fusion-builder-column-10 fusion_builder_column_1_3 1_3 fusion-one-third fusion-column-last\" style=\"--awb-bg-size:cover;width:30.6666%;\"><div class=\"fusion-column-wrapper fusion-flex-column-wrapper-legacy\"><div class=\"fusion-text fusion-text-10\"><div class=\"intextl\"><a class=\"lupe350\" title=\"Limodorum abortivum, S\u00fcdbaden.\" href=\"..\/..\/..\/..\/..\/images\/purespec\/limodorum\/abortivum10.jpg\" data-gallery=\"\"><img decoding=\"async\" src=\"..\/..\/..\/..\/..\/images\/purespec\/limodorum\/abortivum10s.jpg\" alt=\"Limodorum abortivum, S\u00fcdbaden.\" width=\"350\" height=\"541\" \/><span><\/span><\/a><\/div>\n<p>19.05.2015, <em>S\u00fcdbaden<\/em>, Deutschland<\/p>\n<\/div><div class=\"fusion-clearfix\"><\/div><\/div><\/div><div class=\"fusion-layout-column fusion_builder_column fusion-builder-column-11 fusion_builder_column_1_3 1_3 fusion-one-third fusion-column-first\" style=\"--awb-bg-size:cover;width:30.6666%; margin-right: 4%;\"><div class=\"fusion-column-wrapper fusion-flex-column-wrapper-legacy\"><div class=\"fusion-text fusion-text-11\"><div class=\"intextl\"><a class=\"lupe350\" title=\"Limodorum abortivum, S\u00fcdbaden.\" href=\"..\/..\/..\/..\/..\/images\/purespec\/limodorum\/abortivum11.jpg\" data-gallery=\"\"><img decoding=\"async\" src=\"..\/..\/..\/..\/..\/images\/purespec\/limodorum\/abortivum11s.jpg\" alt=\"Limodorum abortivum, S\u00fcdbaden.\" width=\"350\" height=\"541\" \/><span><\/span><\/a><\/div>\n<p>19.05.2015, <em>S\u00fcdbaden<\/em>, Deutschland<\/p>\n<\/div><div class=\"fusion-clearfix\"><\/div><\/div><\/div><div class=\"fusion-layout-column fusion_builder_column fusion-builder-column-12 fusion_builder_column_1_3 1_3 fusion-one-third\" style=\"--awb-bg-size:cover;width:30.6666%; margin-right: 4%;\"><div class=\"fusion-column-wrapper fusion-flex-column-wrapper-legacy\"><div class=\"fusion-text fusion-text-12\"><div class=\"intextl\"><a class=\"lupe350\" title=\"Limodorum abortivum, Rionero Sannitico.\" href=\"..\/..\/..\/..\/..\/images\/purespec\/limodorum\/abortivum1.jpg\" data-gallery=\"\"><img decoding=\"async\" src=\"..\/..\/..\/..\/..\/images\/purespec\/limodorum\/abortivum1s.jpg\" alt=\"Limodorum abortivum, Rionero Sannitico.\" width=\"350\" height=\"541\" \/><span><\/span><\/a><\/div>\n<p>22.05.2013, <em>Rionero Sannitico<\/em>, Abruzzen<\/p>\n<\/div><div class=\"fusion-clearfix\"><\/div><\/div><\/div><div class=\"fusion-layout-column fusion_builder_column fusion-builder-column-13 fusion_builder_column_1_3 1_3 fusion-one-third fusion-column-last\" style=\"--awb-bg-size:cover;width:30.6666%;\"><div class=\"fusion-column-wrapper fusion-flex-column-wrapper-legacy\"><div class=\"fusion-text fusion-text-13\"><div class=\"intextl\"><a class=\"lupe350\" title=\"Limodorum abortivum, Rionero Sannitico.\" href=\"..\/..\/..\/..\/..\/images\/purespec\/limodorum\/abortivum2.jpg\" data-gallery=\"\"><img decoding=\"async\" src=\"..\/..\/..\/..\/..\/images\/purespec\/limodorum\/abortivum2s.jpg\" alt=\"Limodorum abortivum, Rionero Sannitico.\" width=\"350\" height=\"541\" \/><span><\/span><\/a><\/div>\n<p>22.05.2013, <em>Rionero Sannitico<\/em>, Abruzzen<\/p>\n<\/div><div class=\"fusion-clearfix\"><\/div><\/div><\/div><div class=\"fusion-layout-column fusion_builder_column fusion-builder-column-14 fusion_builder_column_1_3 1_3 fusion-one-third fusion-column-first\" style=\"--awb-bg-size:cover;width:30.6666%; margin-right: 4%;\"><div class=\"fusion-column-wrapper fusion-flex-column-wrapper-legacy\"><div class=\"fusion-text fusion-text-14\"><div class=\"intextl\"><a class=\"lupe350\" title=\"Limodorum abortivum, Rionero Sannitico.\" href=\"..\/..\/..\/..\/..\/images\/purespec\/limodorum\/abortivum3.jpg\" data-gallery=\"\"><img decoding=\"async\" src=\"..\/..\/..\/..\/..\/images\/purespec\/limodorum\/abortivum3s.jpg\" alt=\"Limodorum abortivum, Rionero Sannitico.\" width=\"350\" height=\"541\" \/><span><\/span><\/a><\/div>\n<p>22.05.2013, <em>Rionero Sannitico<\/em>, Abruzzen<\/p>\n<\/div><div class=\"fusion-clearfix\"><\/div><\/div><\/div><div class=\"fusion-layout-column fusion_builder_column fusion-builder-column-15 fusion_builder_column_1_3 1_3 fusion-one-third\" style=\"--awb-bg-size:cover;width:30.6666%; margin-right: 4%;\"><div class=\"fusion-column-wrapper fusion-flex-column-wrapper-legacy\"><div class=\"fusion-text fusion-text-15\"><div class=\"intextl\"><img decoding=\"async\" src=\"..\/..\/..\/..\/..\/images\/purespec\/limodorum\/abo4.jpg\" alt=\"Limodorum abortivum, Laerma.\" width=\"350\" height=\"541\" \/><\/div>\n<p>01.04.2008, <em>Laerma<\/em>, Rhodos<\/p>\n<\/div><div class=\"fusion-clearfix\"><\/div><\/div><\/div><div class=\"fusion-layout-column fusion_builder_column fusion-builder-column-16 fusion_builder_column_1_3 1_3 fusion-one-third fusion-column-last\" style=\"--awb-bg-size:cover;width:30.6666%;\"><div class=\"fusion-column-wrapper fusion-flex-column-wrapper-legacy\"><div class=\"fusion-text fusion-text-16\"><div class=\"intextl\"><img decoding=\"async\" src=\"..\/..\/..\/..\/..\/images\/purespec\/limodorum\/abo5.jpg\" alt=\"Limodorum abortivum, Laerma.\" width=\"350\" height=\"541\" \/><\/div>\n<p>01.04.2008, <em>Laerma<\/em>, Rhodos<\/p>\n<\/div><div class=\"fusion-clearfix\"><\/div><\/div><\/div><div class=\"fusion-layout-column fusion_builder_column fusion-builder-column-17 fusion_builder_column_1_3 1_3 fusion-one-third fusion-column-first\" style=\"--awb-bg-size:cover;width:30.6666%; margin-right: 4%;\"><div class=\"fusion-column-wrapper fusion-flex-column-wrapper-legacy\"><div class=\"fusion-text fusion-text-17\"><div class=\"intextl\"><img decoding=\"async\" src=\"..\/..\/..\/..\/..\/images\/purespec\/limodorum\/abo6.jpg\" alt=\"Limodorum abortivum, Laerma.\" width=\"350\" height=\"541\" \/><\/div>\n<p>01.04.2008, <em>Laerma<\/em>, Rhodos<\/p>\n<\/div><div class=\"fusion-clearfix\"><\/div><\/div><\/div><div class=\"fusion-layout-column fusion_builder_column fusion-builder-column-18 fusion_builder_column_1_3 1_3 fusion-one-third\" style=\"--awb-bg-size:cover;width:30.6666%; margin-right: 4%;\"><div class=\"fusion-column-wrapper fusion-flex-column-wrapper-legacy\"><div class=\"fusion-text fusion-text-18\"><div class=\"intextl\"><img decoding=\"async\" src=\"..\/..\/..\/..\/..\/images\/purespec\/limodorum\/abo2.jpg\" alt=\"Limodorum abortivum, Laerma.\" width=\"350\" height=\"541\" \/><\/div>\n<p>01.04.2008, <em>Laerma<\/em>, Rhodos<\/p>\n<\/div><div class=\"fusion-clearfix\"><\/div><\/div><\/div><\/div><\/div><div class=\"fusion-fullwidth fullwidth-box fusion-builder-row-3 nonhundred-percent-fullwidth non-hundred-percent-height-scrolling\" style=\"--awb-background-position:left top;--awb-border-radius-top-left:0px;--awb-border-radius-top-right:0px;--awb-border-radius-bottom-right:0px;--awb-border-radius-bottom-left:0px;--awb-padding-top:20px;--awb-padding-right:0px;--awb-padding-bottom:20px;--awb-padding-left:0px;--awb-background-color:#29292a;--awb-border-sizes-top:0px;--awb-border-sizes-bottom:0px;--awb-flex-wrap:wrap;\" ><div class=\"fusion-builder-row fusion-row\"><div class=\"fusion-layout-column fusion_builder_column fusion-builder-column-19 fusion_builder_column_1_1 1_1 fusion-one-full fusion-column-first fusion-column-last fusion-column-no-min-height\" style=\"--awb-bg-size:cover;--awb-margin-bottom:0px;\"><div class=\"fusion-column-wrapper fusion-flex-column-wrapper-legacy\"><div class=\"fusion-title title fusion-title-4 fusion-title-text fusion-title-size-two\" id=\"anthropophorum\"><h2 class=\"fusion-title-heading title-heading-left\" style=\"margin:0;\"><a name=\"trabutianum\"><\/a><i>Limodorum trabutianum<\/i><\/h2><span class=\"awb-title-spacer\"><\/span><div class=\"title-sep-container\"><div class=\"title-sep sep-single sep-solid\" style=\"border-color:#3e3e3e;\"><\/div><\/div><\/div><div class=\"fusion-clearfix\"><\/div><\/div><\/div><div class=\"fusion-layout-column fusion_builder_column fusion-builder-column-20 fusion_builder_column_1_3 1_3 fusion-one-third fusion-column-first\" style=\"--awb-bg-size:cover;width:30.6666%; margin-right: 4%;\"><div class=\"fusion-column-wrapper fusion-flex-column-wrapper-legacy\"><div class=\"fusion-text fusion-text-19\"><div class=\"intextl\"><img decoding=\"async\" src=\"..\/..\/..\/..\/..\/images\/purespec\/limodorum\/tra1.jpg\" alt=\"Limodorum trabutianum, Ponte su Crabiolu.\" width=\"350\" height=\"541\" \/><\/div>\n<p>24.04.2009, <em>Ponte su Crabiolu<\/em>, Sardinien<\/p>\n<\/div><div class=\"fusion-clearfix\"><\/div><\/div><\/div><div class=\"fusion-layout-column fusion_builder_column fusion-builder-column-21 fusion_builder_column_1_3 1_3 fusion-one-third\" style=\"--awb-bg-size:cover;width:30.6666%; margin-right: 4%;\"><div class=\"fusion-column-wrapper fusion-flex-column-wrapper-legacy\"><div class=\"fusion-text fusion-text-20\"><div class=\"intextl\"><img decoding=\"async\" src=\"..\/..\/..\/..\/..\/images\/purespec\/limodorum\/tra2.jpg\" alt=\"Limodorum trabutianum, Ponte su Crabiolu.\" width=\"350\" height=\"541\" \/><\/div>\n<p>24.04.2009, <em>Ponte su Crabiolu<\/em>, Sardinien<\/p>\n<\/div><div class=\"fusion-clearfix\"><\/div><\/div><\/div><\/div><\/div>","protected":false},"excerpt":{"rendered":"","protected":false},"author":1,"featured_media":0,"parent":297,"menu_order":0,"comment_status":"open","ping_status":"open","template":"","meta":{"footnotes":""},"class_list":["post-582","page","type-page","status-publish","hentry"],"yoast_head":"<!-- This site is optimized with the Yoast SEO plugin v26.9 - https:\/\/yoast.com\/product\/yoast-seo-wordpress\/ -->\n<title>Limodorum - Fancy Plants - Deutsch<\/title>\n<meta name=\"description\" content=\"Portrait der Dingel, einer wildwachsenden europ\u00e4ischen Orchideengattung. Es werden zahlreiche Bilder verschiedener Arten am Naturstandort gezeigt.\" \/>\n<meta name=\"robots\" content=\"index, follow, max-snippet:-1, max-image-preview:large, max-video-preview:-1\" \/>\n<link rel=\"canonical\" href=\"http:\/\/www.fancyplants.de\/de\/orchidshome\/spec\/purespec\/limodorum\/\" \/>\n<meta property=\"og:locale\" content=\"de_DE\" \/>\n<meta property=\"og:type\" content=\"article\" \/>\n<meta property=\"og:title\" content=\"Limodorum - Fancy Plants - Deutsch\" \/>\n<meta property=\"og:description\" content=\"Portrait der Dingel, einer wildwachsenden europ\u00e4ischen Orchideengattung. Es werden zahlreiche Bilder verschiedener Arten am Naturstandort gezeigt.\" \/>\n<meta property=\"og:url\" content=\"http:\/\/www.fancyplants.de\/de\/orchidshome\/spec\/purespec\/limodorum\/\" \/>\n<meta property=\"og:site_name\" content=\"Fancy Plants - Deutsch\" \/>\n<meta property=\"article:modified_time\" content=\"2019-10-15T06:50:53+00:00\" \/>\n<meta name=\"twitter:card\" content=\"summary_large_image\" \/>\n<meta name=\"twitter:label1\" content=\"Gesch\u00e4tzte Lesezeit\" \/>\n\t<meta name=\"twitter:data1\" content=\"8\u00a0Minuten\" \/>\n<script type=\"application\/ld+json\" class=\"yoast-schema-graph\">{\"@context\":\"https:\/\/schema.org\",\"@graph\":[{\"@type\":\"WebPage\",\"@id\":\"http:\/\/www.fancyplants.de\/de\/orchidshome\/spec\/purespec\/limodorum\/\",\"url\":\"http:\/\/www.fancyplants.de\/de\/orchidshome\/spec\/purespec\/limodorum\/\",\"name\":\"Limodorum - Fancy Plants - Deutsch\",\"isPartOf\":{\"@id\":\"http:\/\/www.fancyplants.de\/de\/#website\"},\"datePublished\":\"2015-06-27T14:38:39+00:00\",\"dateModified\":\"2019-10-15T06:50:53+00:00\",\"description\":\"Portrait der Dingel, einer wildwachsenden europ\u00e4ischen Orchideengattung. Es werden zahlreiche Bilder verschiedener Arten am Naturstandort gezeigt.\",\"breadcrumb\":{\"@id\":\"http:\/\/www.fancyplants.de\/de\/orchidshome\/spec\/purespec\/limodorum\/#breadcrumb\"},\"inLanguage\":\"de\",\"potentialAction\":[{\"@type\":\"ReadAction\",\"target\":[\"http:\/\/www.fancyplants.de\/de\/orchidshome\/spec\/purespec\/limodorum\/\"]}]},{\"@type\":\"BreadcrumbList\",\"@id\":\"http:\/\/www.fancyplants.de\/de\/orchidshome\/spec\/purespec\/limodorum\/#breadcrumb\",\"itemListElement\":[{\"@type\":\"ListItem\",\"position\":1,\"name\":\"Home\",\"item\":\"http:\/\/www.fancyplants.de\/de\/\"},{\"@type\":\"ListItem\",\"position\":2,\"name\":\"Europ\u00e4ische Orchideen\",\"item\":\"http:\/\/www.fancyplants.de\/de\/orchidshome\/\"},{\"@type\":\"ListItem\",\"position\":3,\"name\":\"Arten\",\"item\":\"http:\/\/www.fancyplants.de\/de\/orchidshome\/spec\/\"},{\"@type\":\"ListItem\",\"position\":4,\"name\":\"Reine Arten\",\"item\":\"http:\/\/www.fancyplants.de\/de\/orchidshome\/spec\/purespec\/\"},{\"@type\":\"ListItem\",\"position\":5,\"name\":\"Limodorum\"}]},{\"@type\":\"WebSite\",\"@id\":\"http:\/\/www.fancyplants.de\/de\/#website\",\"url\":\"http:\/\/www.fancyplants.de\/de\/\",\"name\":\"Fancy Plants - Deutsch\",\"description\":\"Eine weitere WordPress-Seite\",\"potentialAction\":[{\"@type\":\"SearchAction\",\"target\":{\"@type\":\"EntryPoint\",\"urlTemplate\":\"http:\/\/www.fancyplants.de\/de\/?s={search_term_string}\"},\"query-input\":{\"@type\":\"PropertyValueSpecification\",\"valueRequired\":true,\"valueName\":\"search_term_string\"}}],\"inLanguage\":\"de\"}]}<\/script>\n<!-- \/ Yoast SEO plugin. -->","yoast_head_json":{"title":"Limodorum - Fancy Plants - Deutsch","description":"Portrait der Dingel, einer wildwachsenden europ\u00e4ischen Orchideengattung. Es werden zahlreiche Bilder verschiedener Arten am Naturstandort gezeigt.","robots":{"index":"index","follow":"follow","max-snippet":"max-snippet:-1","max-image-preview":"max-image-preview:large","max-video-preview":"max-video-preview:-1"},"canonical":"http:\/\/www.fancyplants.de\/de\/orchidshome\/spec\/purespec\/limodorum\/","og_locale":"de_DE","og_type":"article","og_title":"Limodorum - Fancy Plants - Deutsch","og_description":"Portrait der Dingel, einer wildwachsenden europ\u00e4ischen Orchideengattung. Es werden zahlreiche Bilder verschiedener Arten am Naturstandort gezeigt.","og_url":"http:\/\/www.fancyplants.de\/de\/orchidshome\/spec\/purespec\/limodorum\/","og_site_name":"Fancy Plants - Deutsch","article_modified_time":"2019-10-15T06:50:53+00:00","twitter_card":"summary_large_image","twitter_misc":{"Gesch\u00e4tzte Lesezeit":"8\u00a0Minuten"},"schema":{"@context":"https:\/\/schema.org","@graph":[{"@type":"WebPage","@id":"http:\/\/www.fancyplants.de\/de\/orchidshome\/spec\/purespec\/limodorum\/","url":"http:\/\/www.fancyplants.de\/de\/orchidshome\/spec\/purespec\/limodorum\/","name":"Limodorum - Fancy Plants - Deutsch","isPartOf":{"@id":"http:\/\/www.fancyplants.de\/de\/#website"},"datePublished":"2015-06-27T14:38:39+00:00","dateModified":"2019-10-15T06:50:53+00:00","description":"Portrait der Dingel, einer wildwachsenden europ\u00e4ischen Orchideengattung. Es werden zahlreiche Bilder verschiedener Arten am Naturstandort gezeigt.","breadcrumb":{"@id":"http:\/\/www.fancyplants.de\/de\/orchidshome\/spec\/purespec\/limodorum\/#breadcrumb"},"inLanguage":"de","potentialAction":[{"@type":"ReadAction","target":["http:\/\/www.fancyplants.de\/de\/orchidshome\/spec\/purespec\/limodorum\/"]}]},{"@type":"BreadcrumbList","@id":"http:\/\/www.fancyplants.de\/de\/orchidshome\/spec\/purespec\/limodorum\/#breadcrumb","itemListElement":[{"@type":"ListItem","position":1,"name":"Home","item":"http:\/\/www.fancyplants.de\/de\/"},{"@type":"ListItem","position":2,"name":"Europ\u00e4ische Orchideen","item":"http:\/\/www.fancyplants.de\/de\/orchidshome\/"},{"@type":"ListItem","position":3,"name":"Arten","item":"http:\/\/www.fancyplants.de\/de\/orchidshome\/spec\/"},{"@type":"ListItem","position":4,"name":"Reine Arten","item":"http:\/\/www.fancyplants.de\/de\/orchidshome\/spec\/purespec\/"},{"@type":"ListItem","position":5,"name":"Limodorum"}]},{"@type":"WebSite","@id":"http:\/\/www.fancyplants.de\/de\/#website","url":"http:\/\/www.fancyplants.de\/de\/","name":"Fancy Plants - Deutsch","description":"Eine weitere WordPress-Seite","potentialAction":[{"@type":"SearchAction","target":{"@type":"EntryPoint","urlTemplate":"http:\/\/www.fancyplants.de\/de\/?s={search_term_string}"},"query-input":{"@type":"PropertyValueSpecification","valueRequired":true,"valueName":"search_term_string"}}],"inLanguage":"de"}]}},"_links":{"self":[{"href":"http:\/\/www.fancyplants.de\/de\/wp-json\/wp\/v2\/pages\/582","targetHints":{"allow":["GET"]}}],"collection":[{"href":"http:\/\/www.fancyplants.de\/de\/wp-json\/wp\/v2\/pages"}],"about":[{"href":"http:\/\/www.fancyplants.de\/de\/wp-json\/wp\/v2\/types\/page"}],"author":[{"embeddable":true,"href":"http:\/\/www.fancyplants.de\/de\/wp-json\/wp\/v2\/users\/1"}],"replies":[{"embeddable":true,"href":"http:\/\/www.fancyplants.de\/de\/wp-json\/wp\/v2\/comments?post=582"}],"version-history":[{"count":1,"href":"http:\/\/www.fancyplants.de\/de\/wp-json\/wp\/v2\/pages\/582\/revisions"}],"predecessor-version":[{"id":3016,"href":"http:\/\/www.fancyplants.de\/de\/wp-json\/wp\/v2\/pages\/582\/revisions\/3016"}],"up":[{"embeddable":true,"href":"http:\/\/www.fancyplants.de\/de\/wp-json\/wp\/v2\/pages\/297"}],"wp:attachment":[{"href":"http:\/\/www.fancyplants.de\/de\/wp-json\/wp\/v2\/media?parent=582"}],"curies":[{"name":"wp","href":"https:\/\/api.w.org\/{rel}","templated":true}]}}