{"id":567,"date":"2015-06-27T16:36:54","date_gmt":"2015-06-27T14:36:54","guid":{"rendered":"http:\/\/www.fancyplants.de\/de\/?page_id=567"},"modified":"2019-10-23T10:35:25","modified_gmt":"2019-10-23T08:35:25","slug":"gennaria","status":"publish","type":"page","link":"http:\/\/www.fancyplants.de\/de\/orchidshome\/spec\/purespec\/gennaria\/","title":{"rendered":"Gennaria"},"content":{"rendered":"<div class=\"fusion-fullwidth fullwidth-box fusion-builder-row-1 hundred-percent-fullwidth non-hundred-percent-height-scrolling\" style=\"--awb-border-radius-top-left:0px;--awb-border-radius-top-right:0px;--awb-border-radius-bottom-right:0px;--awb-border-radius-bottom-left:0px;--awb-overflow:visible;--awb-flex-wrap:wrap;\" ><div class=\"fusion-builder-row fusion-row\"><div class=\"fusion-layout-column fusion_builder_column fusion-builder-column-0 fusion_builder_column_1_1 1_1 fusion-one-full fusion-column-first fusion-column-last\" style=\"--awb-bg-size:cover;\"><div class=\"fusion-column-wrapper fusion-flex-column-wrapper-legacy\"><div class=\"fusion-title title fusion-title-1 fusion-title-text fusion-title-size-one\"><h1 class=\"fusion-title-heading title-heading-left\" style=\"margin:0;\">Gr\u00fcnstendel (<i>Gennaria<\/i>)<\/h1><span class=\"awb-title-spacer\"><\/span><div class=\"title-sep-container\"><div class=\"title-sep sep-single sep-solid\" style=\"border-color:#3e3e3e;\"><\/div><\/div><\/div><div class=\"fusion-title title fusion-title-2 fusion-title-text fusion-title-size-two\"><h2 class=\"fusion-title-heading title-heading-left\" style=\"margin:0;\">Im \u00dcberblick<\/h2><span class=\"awb-title-spacer\"><\/span><div class=\"title-sep-container\"><div class=\"title-sep sep-single sep-solid\" style=\"border-color:#3e3e3e;\"><\/div><\/div><\/div><div class=\"fusion-text fusion-text-1\"><p>Der Gr\u00fcnstendel ist eine Art aus S\u00fcdwesteuropa. Sie kommt von Madeira bzw. Teneriffa bis nach Sardinien und Korsika vor. Einzelvorkommen sind ebenfalls von Elba beschrieben. Der Gr\u00fcnstendel ist eine grasgr\u00fcne Pflanze mit zahlreichen kleinen Bl\u00fcten, die einseitswendig am Bl\u00fctenstand angeordnet sind. Auffallend ist die fr\u00fche Bl\u00fctezeit von Januar bis Anfang April. Bevorzugt werden sandige, saure B\u00f6den in W\u00e4ldern oder unter Str\u00e4uchern in Phryganae in K\u00fcstenn\u00e4he.<\/p>\n<\/div><div class=\"fusion-title title fusion-title-3 fusion-title-text fusion-title-size-two\" id=\"anthropophorum\"><h2 class=\"fusion-title-heading title-heading-left\" style=\"margin:0;\"><i>Gennaria diphylla<\/i><\/h2><span class=\"awb-title-spacer\"><\/span><div class=\"title-sep-container\"><div class=\"title-sep sep-single sep-solid\" style=\"border-color:#3e3e3e;\"><\/div><\/div><\/div><div class=\"fusion-clearfix\"><\/div><\/div><\/div><\/div><\/div><div class=\"fusion-fullwidth fullwidth-box fusion-builder-row-2 nonhundred-percent-fullwidth non-hundred-percent-height-scrolling\" style=\"--awb-background-position:left top;--awb-border-radius-top-left:0px;--awb-border-radius-top-right:0px;--awb-border-radius-bottom-right:0px;--awb-border-radius-bottom-left:0px;--awb-padding-top:20px;--awb-padding-right:0px;--awb-padding-bottom:20px;--awb-padding-left:0px;--awb-background-color:#29292a;--awb-border-sizes-top:0px;--awb-border-sizes-bottom:0px;--awb-flex-wrap:wrap;\" ><div class=\"fusion-builder-row fusion-row\"><div class=\"fusion-layout-column fusion_builder_column fusion-builder-column-1 fusion_builder_column_1_3 1_3 fusion-one-third fusion-column-first\" style=\"--awb-bg-size:cover;width:30.6666%; margin-right: 4%;\"><div class=\"fusion-column-wrapper fusion-flex-column-wrapper-legacy\"><div class=\"fusion-text fusion-text-2\"><div class=\"intextl\"><img decoding=\"async\" src=\"..\/..\/..\/..\/..\/images\/purespec\/gennaria\/dip1.jpg\" alt=\"Gennaria diphylla, Punta Negra.\" width=\"350\" height=\"541\" \/><\/div>\n<p>18.04.2009, <em>Punta Negra<\/em>, Sardinien<\/p>\n<\/div><div class=\"fusion-clearfix\"><\/div><\/div><\/div><div class=\"fusion-layout-column fusion_builder_column fusion-builder-column-2 fusion_builder_column_1_3 1_3 fusion-one-third\" style=\"--awb-bg-size:cover;width:30.6666%; margin-right: 4%;\"><div class=\"fusion-column-wrapper fusion-flex-column-wrapper-legacy\"><div class=\"fusion-text fusion-text-3\"><div class=\"intextl\"><img decoding=\"async\" src=\"..\/..\/..\/..\/..\/images\/purespec\/gennaria\/dip2.jpg\" alt=\"Gennaria diphylla, Punta Negra.\" width=\"350\" height=\"541\" \/><\/div>\n<p>18.04.2009, <em>Punta Negra<\/em>, Sardinien<\/p>\n<\/div><div class=\"fusion-clearfix\"><\/div><\/div><\/div><div class=\"fusion-layout-column fusion_builder_column fusion-builder-column-3 fusion_builder_column_1_3 1_3 fusion-one-third fusion-column-last\" style=\"--awb-bg-size:cover;width:30.6666%;\"><div class=\"fusion-column-wrapper fusion-flex-column-wrapper-legacy\"><div class=\"fusion-text fusion-text-4\"><div class=\"intextl\"><img decoding=\"async\" src=\"..\/..\/..\/..\/..\/images\/purespec\/gennaria\/dip3.jpg\" alt=\"Gennaria diphylla, Punta Negra.\" width=\"350\" height=\"541\" \/><\/div>\n<p>19.04.2009, <em>Is Arenas<\/em>, Sardinien<\/p>\n<\/div><div class=\"fusion-clearfix\"><\/div><\/div><\/div><div class=\"fusion-layout-column fusion_builder_column fusion-builder-column-4 fusion_builder_column_1_3 1_3 fusion-one-third fusion-column-first\" style=\"--awb-bg-size:cover;width:30.6666%; margin-right: 4%;\"><div class=\"fusion-column-wrapper fusion-flex-column-wrapper-legacy\"><div class=\"fusion-text fusion-text-5\"><div class=\"intextl\"><img decoding=\"async\" src=\"..\/..\/..\/..\/..\/images\/purespec\/gennaria\/dip4.jpg\" alt=\"Gennaria diphylla, Punta Negra.\" width=\"350\" height=\"541\" \/><\/div>\n<p>18.04.2009, <em>Punta Negra<\/em>, Sardinien<\/p>\n<\/div><div class=\"fusion-clearfix\"><\/div><\/div><\/div><div class=\"fusion-layout-column fusion_builder_column fusion-builder-column-5 fusion_builder_column_1_3 1_3 fusion-one-third\" style=\"--awb-bg-size:cover;width:30.6666%; margin-right: 4%;\"><div class=\"fusion-column-wrapper fusion-flex-column-wrapper-legacy\"><div class=\"fusion-text fusion-text-6\"><div class=\"intextl\"><img decoding=\"async\" src=\"..\/..\/..\/..\/..\/images\/purespec\/gennaria\/dip5.jpg\" alt=\"Gennaria diphylla, Punta Negra.\" width=\"350\" height=\"541\" \/><\/div>\n<p>18.04.2009, <em>Punta Negra<\/em>, Sardinien<\/p>\n<\/div><div class=\"fusion-clearfix\"><\/div><\/div><\/div><div class=\"fusion-layout-column fusion_builder_column fusion-builder-column-6 fusion_builder_column_1_3 1_3 fusion-one-third fusion-column-last\" style=\"--awb-bg-size:cover;width:30.6666%;\"><div class=\"fusion-column-wrapper fusion-flex-column-wrapper-legacy\"><div class=\"fusion-text fusion-text-7\"><div class=\"intextl\"><img decoding=\"async\" src=\"..\/..\/..\/..\/..\/images\/purespec\/gennaria\/dip6.jpg\" alt=\"Gennaria diphylla, Punta Negra.\" width=\"350\" height=\"541\" \/><\/div>\n<p>18.04.2009, <em>Punta Negra<\/em>, Sardinien<\/p>\n<\/div><div class=\"fusion-clearfix\"><\/div><\/div><\/div><div class=\"fusion-layout-column fusion_builder_column fusion-builder-column-7 fusion_builder_column_1_3 1_3 fusion-one-third fusion-column-first\" style=\"--awb-bg-size:cover;width:30.6666%; margin-right: 4%;\"><div class=\"fusion-column-wrapper fusion-flex-column-wrapper-legacy\"><div class=\"fusion-text fusion-text-8\"><div class=\"intextl\"><img decoding=\"async\" src=\"..\/..\/..\/..\/..\/images\/purespec\/gennaria\/dip7.jpg\" alt=\"Gennaria diphylla, Punta Negra.\" width=\"350\" height=\"541\" \/><\/div>\n<p>18.04.2009, <em>Punta Negra<\/em>, Sardinien<\/p>\n<\/div><div class=\"fusion-clearfix\"><\/div><\/div><\/div><div class=\"fusion-layout-column fusion_builder_column fusion-builder-column-8 fusion_builder_column_1_3 1_3 fusion-one-third\" style=\"--awb-bg-size:cover;width:30.6666%; margin-right: 4%;\"><div class=\"fusion-column-wrapper fusion-flex-column-wrapper-legacy\"><div class=\"fusion-text fusion-text-9\"><div class=\"intextl\"><a class=\"lupe350\" title=\"Gennaria diphylla, Ermita de la Cruz del Carmen.\" href=\"..\/..\/..\/..\/..\/images\/purespec\/gennaria\/diphylla1.jpg\" data-gallery=\"\"><img decoding=\"async\" src=\"..\/..\/..\/..\/..\/images\/purespec\/gennaria\/diphylla1s.jpg\" alt=\"Neotinea maculata, Ermita de la Cruz del Carmen.\" width=\"350\" height=\"541\" \/><span><\/span><\/a><\/div>\n<p>23.01.2019, <em>Ermita de la Cruz del Carmen<\/em>, Teneriffa<\/p>\n<\/div><div class=\"fusion-clearfix\"><\/div><\/div><\/div><div class=\"fusion-layout-column fusion_builder_column fusion-builder-column-9 fusion_builder_column_1_3 1_3 fusion-one-third fusion-column-last\" style=\"--awb-bg-size:cover;width:30.6666%;\"><div class=\"fusion-column-wrapper fusion-flex-column-wrapper-legacy\"><div class=\"fusion-text fusion-text-10\"><div class=\"intextl\"><a class=\"lupe350\" title=\"Gennaria diphylla, Ermita de la Cruz del Carmen.\" href=\"..\/..\/..\/..\/..\/images\/purespec\/gennaria\/diphylla2.jpg\" data-gallery=\"\"><img decoding=\"async\" src=\"..\/..\/..\/..\/..\/images\/purespec\/gennaria\/diphylla2s.jpg\" alt=\"Neotinea maculata, Ermita de la Cruz del Carmen.\" width=\"350\" height=\"541\" \/><span><\/span><\/a><\/div>\n<p>23.01.2019, <em>Ermita de la Cruz del Carmen<\/em>, Teneriffa<\/p>\n<\/div><div class=\"fusion-clearfix\"><\/div><\/div><\/div><\/div><\/div>","protected":false},"excerpt":{"rendered":"","protected":false},"author":1,"featured_media":0,"parent":297,"menu_order":0,"comment_status":"open","ping_status":"open","template":"","meta":{"footnotes":""},"class_list":["post-567","page","type-page","status-publish","hentry"],"yoast_head":"<!-- This site is optimized with the Yoast SEO plugin v26.9 - https:\/\/yoast.com\/product\/yoast-seo-wordpress\/ -->\n<title>Gennaria - Fancy Plants - Deutsch<\/title>\n<meta name=\"description\" content=\"Portrait des Gr\u00fcnstendels (Gennaria diphylla), einer wildwachsenden europ\u00e4ischen Orchideenart. Es werden zahlreiche Bilder der Orchidee am Naturstandort gezeigt.\" \/>\n<meta name=\"robots\" content=\"index, follow, max-snippet:-1, max-image-preview:large, max-video-preview:-1\" \/>\n<link rel=\"canonical\" href=\"http:\/\/www.fancyplants.de\/de\/orchidshome\/spec\/purespec\/gennaria\/\" \/>\n<meta property=\"og:locale\" content=\"de_DE\" \/>\n<meta property=\"og:type\" content=\"article\" \/>\n<meta property=\"og:title\" content=\"Gennaria - Fancy Plants - Deutsch\" \/>\n<meta property=\"og:description\" content=\"Portrait des Gr\u00fcnstendels (Gennaria diphylla), einer wildwachsenden europ\u00e4ischen Orchideenart. Es werden zahlreiche Bilder der Orchidee am Naturstandort gezeigt.\" \/>\n<meta property=\"og:url\" content=\"http:\/\/www.fancyplants.de\/de\/orchidshome\/spec\/purespec\/gennaria\/\" \/>\n<meta property=\"og:site_name\" content=\"Fancy Plants - Deutsch\" \/>\n<meta property=\"article:modified_time\" content=\"2019-10-23T08:35:25+00:00\" \/>\n<meta name=\"twitter:card\" content=\"summary_large_image\" \/>\n<meta name=\"twitter:label1\" content=\"Gesch\u00e4tzte Lesezeit\" \/>\n\t<meta name=\"twitter:data1\" content=\"5\u00a0Minuten\" \/>\n<script type=\"application\/ld+json\" class=\"yoast-schema-graph\">{\"@context\":\"https:\/\/schema.org\",\"@graph\":[{\"@type\":\"WebPage\",\"@id\":\"http:\/\/www.fancyplants.de\/de\/orchidshome\/spec\/purespec\/gennaria\/\",\"url\":\"http:\/\/www.fancyplants.de\/de\/orchidshome\/spec\/purespec\/gennaria\/\",\"name\":\"Gennaria - Fancy Plants - Deutsch\",\"isPartOf\":{\"@id\":\"http:\/\/www.fancyplants.de\/de\/#website\"},\"datePublished\":\"2015-06-27T14:36:54+00:00\",\"dateModified\":\"2019-10-23T08:35:25+00:00\",\"description\":\"Portrait des Gr\u00fcnstendels (Gennaria diphylla), einer wildwachsenden europ\u00e4ischen Orchideenart. Es werden zahlreiche Bilder der Orchidee am Naturstandort gezeigt.\",\"breadcrumb\":{\"@id\":\"http:\/\/www.fancyplants.de\/de\/orchidshome\/spec\/purespec\/gennaria\/#breadcrumb\"},\"inLanguage\":\"de\",\"potentialAction\":[{\"@type\":\"ReadAction\",\"target\":[\"http:\/\/www.fancyplants.de\/de\/orchidshome\/spec\/purespec\/gennaria\/\"]}]},{\"@type\":\"BreadcrumbList\",\"@id\":\"http:\/\/www.fancyplants.de\/de\/orchidshome\/spec\/purespec\/gennaria\/#breadcrumb\",\"itemListElement\":[{\"@type\":\"ListItem\",\"position\":1,\"name\":\"Home\",\"item\":\"http:\/\/www.fancyplants.de\/de\/\"},{\"@type\":\"ListItem\",\"position\":2,\"name\":\"Europ\u00e4ische Orchideen\",\"item\":\"http:\/\/www.fancyplants.de\/de\/orchidshome\/\"},{\"@type\":\"ListItem\",\"position\":3,\"name\":\"Arten\",\"item\":\"http:\/\/www.fancyplants.de\/de\/orchidshome\/spec\/\"},{\"@type\":\"ListItem\",\"position\":4,\"name\":\"Reine Arten\",\"item\":\"http:\/\/www.fancyplants.de\/de\/orchidshome\/spec\/purespec\/\"},{\"@type\":\"ListItem\",\"position\":5,\"name\":\"Gennaria\"}]},{\"@type\":\"WebSite\",\"@id\":\"http:\/\/www.fancyplants.de\/de\/#website\",\"url\":\"http:\/\/www.fancyplants.de\/de\/\",\"name\":\"Fancy Plants - Deutsch\",\"description\":\"Eine weitere WordPress-Seite\",\"potentialAction\":[{\"@type\":\"SearchAction\",\"target\":{\"@type\":\"EntryPoint\",\"urlTemplate\":\"http:\/\/www.fancyplants.de\/de\/?s={search_term_string}\"},\"query-input\":{\"@type\":\"PropertyValueSpecification\",\"valueRequired\":true,\"valueName\":\"search_term_string\"}}],\"inLanguage\":\"de\"}]}<\/script>\n<!-- \/ Yoast SEO plugin. -->","yoast_head_json":{"title":"Gennaria - Fancy Plants - Deutsch","description":"Portrait des Gr\u00fcnstendels (Gennaria diphylla), einer wildwachsenden europ\u00e4ischen Orchideenart. Es werden zahlreiche Bilder der Orchidee am Naturstandort gezeigt.","robots":{"index":"index","follow":"follow","max-snippet":"max-snippet:-1","max-image-preview":"max-image-preview:large","max-video-preview":"max-video-preview:-1"},"canonical":"http:\/\/www.fancyplants.de\/de\/orchidshome\/spec\/purespec\/gennaria\/","og_locale":"de_DE","og_type":"article","og_title":"Gennaria - Fancy Plants - Deutsch","og_description":"Portrait des Gr\u00fcnstendels (Gennaria diphylla), einer wildwachsenden europ\u00e4ischen Orchideenart. Es werden zahlreiche Bilder der Orchidee am Naturstandort gezeigt.","og_url":"http:\/\/www.fancyplants.de\/de\/orchidshome\/spec\/purespec\/gennaria\/","og_site_name":"Fancy Plants - Deutsch","article_modified_time":"2019-10-23T08:35:25+00:00","twitter_card":"summary_large_image","twitter_misc":{"Gesch\u00e4tzte Lesezeit":"5\u00a0Minuten"},"schema":{"@context":"https:\/\/schema.org","@graph":[{"@type":"WebPage","@id":"http:\/\/www.fancyplants.de\/de\/orchidshome\/spec\/purespec\/gennaria\/","url":"http:\/\/www.fancyplants.de\/de\/orchidshome\/spec\/purespec\/gennaria\/","name":"Gennaria - Fancy Plants - Deutsch","isPartOf":{"@id":"http:\/\/www.fancyplants.de\/de\/#website"},"datePublished":"2015-06-27T14:36:54+00:00","dateModified":"2019-10-23T08:35:25+00:00","description":"Portrait des Gr\u00fcnstendels (Gennaria diphylla), einer wildwachsenden europ\u00e4ischen Orchideenart. Es werden zahlreiche Bilder der Orchidee am Naturstandort gezeigt.","breadcrumb":{"@id":"http:\/\/www.fancyplants.de\/de\/orchidshome\/spec\/purespec\/gennaria\/#breadcrumb"},"inLanguage":"de","potentialAction":[{"@type":"ReadAction","target":["http:\/\/www.fancyplants.de\/de\/orchidshome\/spec\/purespec\/gennaria\/"]}]},{"@type":"BreadcrumbList","@id":"http:\/\/www.fancyplants.de\/de\/orchidshome\/spec\/purespec\/gennaria\/#breadcrumb","itemListElement":[{"@type":"ListItem","position":1,"name":"Home","item":"http:\/\/www.fancyplants.de\/de\/"},{"@type":"ListItem","position":2,"name":"Europ\u00e4ische Orchideen","item":"http:\/\/www.fancyplants.de\/de\/orchidshome\/"},{"@type":"ListItem","position":3,"name":"Arten","item":"http:\/\/www.fancyplants.de\/de\/orchidshome\/spec\/"},{"@type":"ListItem","position":4,"name":"Reine Arten","item":"http:\/\/www.fancyplants.de\/de\/orchidshome\/spec\/purespec\/"},{"@type":"ListItem","position":5,"name":"Gennaria"}]},{"@type":"WebSite","@id":"http:\/\/www.fancyplants.de\/de\/#website","url":"http:\/\/www.fancyplants.de\/de\/","name":"Fancy Plants - Deutsch","description":"Eine weitere WordPress-Seite","potentialAction":[{"@type":"SearchAction","target":{"@type":"EntryPoint","urlTemplate":"http:\/\/www.fancyplants.de\/de\/?s={search_term_string}"},"query-input":{"@type":"PropertyValueSpecification","valueRequired":true,"valueName":"search_term_string"}}],"inLanguage":"de"}]}},"_links":{"self":[{"href":"http:\/\/www.fancyplants.de\/de\/wp-json\/wp\/v2\/pages\/567","targetHints":{"allow":["GET"]}}],"collection":[{"href":"http:\/\/www.fancyplants.de\/de\/wp-json\/wp\/v2\/pages"}],"about":[{"href":"http:\/\/www.fancyplants.de\/de\/wp-json\/wp\/v2\/types\/page"}],"author":[{"embeddable":true,"href":"http:\/\/www.fancyplants.de\/de\/wp-json\/wp\/v2\/users\/1"}],"replies":[{"embeddable":true,"href":"http:\/\/www.fancyplants.de\/de\/wp-json\/wp\/v2\/comments?post=567"}],"version-history":[{"count":3,"href":"http:\/\/www.fancyplants.de\/de\/wp-json\/wp\/v2\/pages\/567\/revisions"}],"predecessor-version":[{"id":3292,"href":"http:\/\/www.fancyplants.de\/de\/wp-json\/wp\/v2\/pages\/567\/revisions\/3292"}],"up":[{"embeddable":true,"href":"http:\/\/www.fancyplants.de\/de\/wp-json\/wp\/v2\/pages\/297"}],"wp:attachment":[{"href":"http:\/\/www.fancyplants.de\/de\/wp-json\/wp\/v2\/media?parent=567"}],"curies":[{"name":"wp","href":"https:\/\/api.w.org\/{rel}","templated":true}]}}