{"id":565,"date":"2015-06-27T16:36:38","date_gmt":"2015-06-27T14:36:38","guid":{"rendered":"http:\/\/www.fancyplants.de\/de\/?page_id=565"},"modified":"2019-10-15T08:50:55","modified_gmt":"2019-10-15T06:50:55","slug":"epipogium","status":"publish","type":"page","link":"http:\/\/www.fancyplants.de\/de\/orchidshome\/spec\/purespec\/epipogium\/","title":{"rendered":"Epipogium"},"content":{"rendered":"<div class=\"fusion-fullwidth fullwidth-box fusion-builder-row-1 hundred-percent-fullwidth non-hundred-percent-height-scrolling\" style=\"--awb-border-radius-top-left:0px;--awb-border-radius-top-right:0px;--awb-border-radius-bottom-right:0px;--awb-border-radius-bottom-left:0px;--awb-overflow:visible;--awb-flex-wrap:wrap;\" ><div class=\"fusion-builder-row fusion-row\"><div class=\"fusion-layout-column fusion_builder_column fusion-builder-column-0 fusion_builder_column_1_1 1_1 fusion-one-full fusion-column-first fusion-column-last\" style=\"--awb-bg-size:cover;\"><div class=\"fusion-column-wrapper fusion-flex-column-wrapper-legacy\"><div class=\"fusion-title title fusion-title-1 fusion-title-text fusion-title-size-one\"><h1 class=\"fusion-title-heading title-heading-left\" style=\"margin:0;\">Widerbart (<i>Epipogium<\/i>)<\/h1><span class=\"awb-title-spacer\"><\/span><div class=\"title-sep-container\"><div class=\"title-sep sep-single sep-solid\" style=\"border-color:#3e3e3e;\"><\/div><\/div><\/div><div class=\"fusion-title title fusion-title-2 fusion-title-text fusion-title-size-two\"><h2 class=\"fusion-title-heading title-heading-left\" style=\"margin:0;\">Im \u00dcberblick<\/h2><span class=\"awb-title-spacer\"><\/span><div class=\"title-sep-container\"><div class=\"title-sep sep-single sep-solid\" style=\"border-color:#3e3e3e;\"><\/div><\/div><\/div><div class=\"fusion-text fusion-text-1\"><p>Der sehr seltene und vom Aussterben bedrohte Blattlose Widerbart ist wirklich eine erstaunliche und au\u00dfergew\u00f6hnliche Orchidee mit zahlreichen Besonderheiten. Die Art zeigt ein sehr gro\u00dfes Verbreitungsgebiet, kommt in diesem aber nur zerstreut vor und w\u00e4chst an seinen Standorten meist nur als kleine Gruppe, gelegentlich ist er auch nur als Einzelexemplar zu finden. Selbst an seinen Standorten zeigt er nur eine sporadische Erscheinung und kann teils mehrere Jahre hintereinander nicht zu finden sein. Die Art ist von Mitteleuropa bis nach Japan verbreitet und bevorzugt schattige, feuchte W\u00e4lder mit Moos- sowie dicker Humusauflage mit Totholzanteilen. Die Bl\u00fctezeit f\u00e4llt auf den sp\u00e4ten Juli bis Mitte August.<\/p>\n<p>Als einige der wenigen europ\u00e4ischen Orchideenarten ist diese Pflanze chlorophylllos und somit eine \n<a href=\"..\/..\/..\/..\/service\/bibliothek#Hetero\" target=\"_blank\" rel=\"noopener noreferrer\"><i class=\"fa fa-book\"><\/i> mykoheterotrophe<\/a> Pflanze. Sie schmarotzt daher auf ihren Wirtspilzen. Die Bl\u00fcten sind eher blass, ziemlich gro\u00df und nicht resupiniert, d.h. die Lippe zeigt nicht nach unten wie es sonst bei Orchideen \u00fcblich ist. Falls die oberirdische Bl\u00fcte einmal ausbleibt, so wird vermutet, dass es zur unterirdischen <a href=\"..\/..\/..\/..\/service\/bibliothek#kleisto\" target=\"_blank\" rel=\"noopener noreferrer\"><i class=\"fa fa-book\"><\/i> Kleistogamie<\/a> kommen kann, also eine Selbstbefruchtung der geschlossenen Bl\u00fcte stattfindet.<\/p>\n<\/div><div class=\"fusion-title title fusion-title-3 fusion-title-text fusion-title-size-two\" id=\"anthropophorum\"><h2 class=\"fusion-title-heading title-heading-left\" style=\"margin:0;\"><i>Epipogium aphyllum<\/i><\/h2><span class=\"awb-title-spacer\"><\/span><div class=\"title-sep-container\"><div class=\"title-sep sep-single sep-solid\" style=\"border-color:#3e3e3e;\"><\/div><\/div><\/div><div class=\"fusion-clearfix\"><\/div><\/div><\/div><\/div><\/div><div class=\"fusion-fullwidth fullwidth-box fusion-builder-row-2 nonhundred-percent-fullwidth non-hundred-percent-height-scrolling\" style=\"--awb-background-position:left top;--awb-border-radius-top-left:0px;--awb-border-radius-top-right:0px;--awb-border-radius-bottom-right:0px;--awb-border-radius-bottom-left:0px;--awb-padding-top:20px;--awb-padding-right:0px;--awb-padding-bottom:20px;--awb-padding-left:0px;--awb-background-color:#29292a;--awb-border-sizes-top:0px;--awb-border-sizes-bottom:0px;--awb-flex-wrap:wrap;\" ><div class=\"fusion-builder-row fusion-row\"><div class=\"fusion-layout-column fusion_builder_column fusion-builder-column-1 fusion_builder_column_1_3 1_3 fusion-one-third fusion-column-first\" style=\"--awb-bg-size:cover;width:30.6666%; margin-right: 4%;\"><div class=\"fusion-column-wrapper fusion-flex-column-wrapper-legacy\"><div class=\"fusion-text fusion-text-2\"><div class=\"intextl\"><a class=\"lupe350\" title=\"Epipogium aphyllum, H\u00fcfingen.\" href=\"..\/..\/..\/..\/..\/images\/purespec\/epipogium\/aphyllum1.jpg\" data-gallery=\"\"><img decoding=\"async\" src=\"..\/..\/..\/..\/..\/images\/purespec\/epipogium\/aphyllum1s.jpg\" alt=\"Epipogium aphyllum, H\u00fcfingen.\" width=\"350\" height=\"541\" \/><span><\/span><\/a><\/div>\n<p>08.08.2015, <em>H\u00fcfingen<\/em>, Deutschland<\/p>\n<\/div><div class=\"fusion-clearfix\"><\/div><\/div><\/div><div class=\"fusion-layout-column fusion_builder_column fusion-builder-column-2 fusion_builder_column_1_3 1_3 fusion-one-third\" style=\"--awb-bg-size:cover;width:30.6666%; margin-right: 4%;\"><div class=\"fusion-column-wrapper fusion-flex-column-wrapper-legacy\"><div class=\"fusion-text fusion-text-3\"><div class=\"intextl\"><a class=\"lupe350\" title=\"Epipogium aphyllum, H\u00fcfingen.\" href=\"..\/..\/..\/..\/..\/images\/purespec\/epipogium\/aphyllum2.jpg\" data-gallery=\"\"><img decoding=\"async\" src=\"..\/..\/..\/..\/..\/images\/purespec\/epipogium\/aphyllum2s.jpg\" alt=\"Epipogium aphyllum, H\u00fcfingen.\" width=\"350\" height=\"541\" \/><span><\/span><\/a><\/div>\n<p>08.08.2015, <em>H\u00fcfingen<\/em>, Deutschland<\/p>\n<\/div><div class=\"fusion-clearfix\"><\/div><\/div><\/div><div class=\"fusion-layout-column fusion_builder_column fusion-builder-column-3 fusion_builder_column_1_3 1_3 fusion-one-third fusion-column-last\" style=\"--awb-bg-size:cover;width:30.6666%;\"><div class=\"fusion-column-wrapper fusion-flex-column-wrapper-legacy\"><div class=\"fusion-text fusion-text-4\"><div class=\"intextl\"><a class=\"lupe350\" title=\"Epipogium aphyllum, H\u00fcfingen.\" href=\"..\/..\/..\/..\/..\/images\/purespec\/epipogium\/aphyllum3.jpg\" data-gallery=\"\"><img decoding=\"async\" src=\"..\/..\/..\/..\/..\/images\/purespec\/epipogium\/aphyllum3s.jpg\" alt=\"Epipogium aphyllum, H\u00fcfingen.\" width=\"350\" height=\"541\" \/><span><\/span><\/a><\/div>\n<p>08.08.2015, <em>H\u00fcfingen<\/em>, Deutschland<\/p>\n<\/div><div class=\"fusion-clearfix\"><\/div><\/div><\/div><div class=\"fusion-layout-column fusion_builder_column fusion-builder-column-4 fusion_builder_column_1_3 1_3 fusion-one-third fusion-column-first\" style=\"--awb-bg-size:cover;width:30.6666%; margin-right: 4%;\"><div class=\"fusion-column-wrapper fusion-flex-column-wrapper-legacy\"><div class=\"fusion-text fusion-text-5\"><div class=\"intextl\"><a class=\"lupe350\" title=\"Epipogium aphyllum, H\u00fcfingen.\" href=\"..\/..\/..\/..\/..\/images\/purespec\/epipogium\/aphyllum4.jpg\" data-gallery=\"\"><img decoding=\"async\" src=\"..\/..\/..\/..\/..\/images\/purespec\/epipogium\/aphyllum4s.jpg\" alt=\"Epipogium aphyllum, H\u00fcfingen.\" width=\"350\" height=\"541\" \/><span><\/span><\/a><\/div>\n<p>08.08.2015, <em>H\u00fcfingen<\/em>, Deutschland<\/p>\n<\/div><div class=\"fusion-clearfix\"><\/div><\/div><\/div><div class=\"fusion-layout-column fusion_builder_column fusion-builder-column-5 fusion_builder_column_1_3 1_3 fusion-one-third\" style=\"--awb-bg-size:cover;width:30.6666%; margin-right: 4%;\"><div class=\"fusion-column-wrapper fusion-flex-column-wrapper-legacy\"><div class=\"fusion-text fusion-text-6\"><div class=\"intextl\"><a class=\"lupe350\" title=\"Epipogium aphyllum, H\u00fcfingen.\" href=\"..\/..\/..\/..\/..\/images\/purespec\/epipogium\/aphyllum5.jpg\" data-gallery=\"\"><img decoding=\"async\" src=\"..\/..\/..\/..\/..\/images\/purespec\/epipogium\/aphyllum5s.jpg\" alt=\"Epipogium aphyllum, H\u00fcfingen.\" width=\"350\" height=\"541\" \/><span><\/span><\/a><\/div>\n<p>08.08.2015, <em>H\u00fcfingen<\/em>, Deutschland<\/p>\n<\/div><div class=\"fusion-clearfix\"><\/div><\/div><\/div><div class=\"fusion-layout-column fusion_builder_column fusion-builder-column-6 fusion_builder_column_1_3 1_3 fusion-one-third fusion-column-last\" style=\"--awb-bg-size:cover;width:30.6666%;\"><div class=\"fusion-column-wrapper fusion-flex-column-wrapper-legacy\"><div class=\"fusion-text fusion-text-7\"><div class=\"intextl\"><a class=\"lupe350\" title=\"Epipogium aphyllum, H\u00fcfingen.\" href=\"..\/..\/..\/..\/..\/images\/purespec\/epipogium\/aphyllum6.jpg\" data-gallery=\"\"><img decoding=\"async\" src=\"..\/..\/..\/..\/..\/images\/purespec\/epipogium\/aphyllum6s.jpg\" alt=\"Epipogium aphyllum, H\u00fcfingen.\" width=\"350\" height=\"541\" \/><span><\/span><\/a><\/div>\n<p>08.08.2015, <em>H\u00fcfingen<\/em>, Deutschland<\/p>\n<\/div><div class=\"fusion-clearfix\"><\/div><\/div><\/div><div class=\"fusion-layout-column fusion_builder_column fusion-builder-column-7 fusion_builder_column_1_3 1_3 fusion-one-third fusion-column-first\" style=\"--awb-bg-size:cover;width:30.6666%; margin-right: 4%;\"><div class=\"fusion-column-wrapper fusion-flex-column-wrapper-legacy\"><div class=\"fusion-text fusion-text-8\"><div class=\"intextl\"><a class=\"lupe350\" title=\"Epipogium aphyllum, H\u00fcfingen.\" href=\"..\/..\/..\/..\/..\/images\/purespec\/epipogium\/aphyllum7.jpg\" data-gallery=\"\"><img decoding=\"async\" src=\"..\/..\/..\/..\/..\/images\/purespec\/epipogium\/aphyllum7s.jpg\" alt=\"Epipogium aphyllum, H\u00fcfingen.\" width=\"350\" height=\"541\" \/><span><\/span><\/a><\/div>\n<p>08.08.2015, <em>H\u00fcfingen<\/em>, Deutschland<\/p>\n<\/div><div class=\"fusion-clearfix\"><\/div><\/div><\/div><div class=\"fusion-layout-column fusion_builder_column fusion-builder-column-8 fusion_builder_column_1_3 1_3 fusion-one-third\" style=\"--awb-bg-size:cover;width:30.6666%; margin-right: 4%;\"><div class=\"fusion-column-wrapper fusion-flex-column-wrapper-legacy\"><div class=\"fusion-text fusion-text-9\"><div class=\"intextl\"><a class=\"lupe350\" title=\"Epipogium aphyllum, H\u00fcfingen.\" href=\"..\/..\/..\/..\/..\/images\/purespec\/epipogium\/aphyllum8.jpg\" data-gallery=\"\"><img decoding=\"async\" src=\"..\/..\/..\/..\/..\/images\/purespec\/epipogium\/aphyllum8s.jpg\" alt=\"Epipogium aphyllum, H\u00fcfingen.\" width=\"350\" height=\"541\" \/><span><\/span><\/a><\/div>\n<p>08.08.2015, <em>H\u00fcfingen<\/em>, Deutschland<\/p>\n<\/div><div class=\"fusion-clearfix\"><\/div><\/div><\/div><div class=\"fusion-layout-column fusion_builder_column fusion-builder-column-9 fusion_builder_column_1_3 1_3 fusion-one-third fusion-column-last\" style=\"--awb-bg-size:cover;width:30.6666%;\"><div class=\"fusion-column-wrapper fusion-flex-column-wrapper-legacy\"><div class=\"fusion-text fusion-text-10\"><div class=\"intextl\"><img decoding=\"async\" src=\"..\/..\/..\/..\/..\/images\/purespec\/epipogium\/aph1.jpg\" alt=\"Epipogium aphyllum, S\u00fcdschwarzwald.\" width=\"350\" height=\"541\" \/><\/div>\n<p>30.07.2004, <em>S\u00fcdschwarzwald<\/em>, Deutschland<\/p>\n<\/div><div class=\"fusion-clearfix\"><\/div><\/div><\/div><div class=\"fusion-layout-column fusion_builder_column fusion-builder-column-10 fusion_builder_column_1_3 1_3 fusion-one-third fusion-column-first\" style=\"--awb-bg-size:cover;width:30.6666%; margin-right: 4%;\"><div class=\"fusion-column-wrapper fusion-flex-column-wrapper-legacy\"><div class=\"fusion-text fusion-text-11\"><div class=\"intextl\"><img decoding=\"async\" src=\"..\/..\/..\/..\/..\/images\/purespec\/epipogium\/aph2.jpg\" alt=\"Epipogium aphyllum, S\u00fcdschwarzwald.\" width=\"350\" height=\"541\" \/><\/div>\n<p>30.07.2004, <em>S\u00fcdschwarzwald<\/em>, Deutschland<\/p>\n<\/div><div class=\"fusion-clearfix\"><\/div><\/div><\/div><div class=\"fusion-layout-column fusion_builder_column fusion-builder-column-11 fusion_builder_column_1_3 1_3 fusion-one-third\" style=\"--awb-bg-size:cover;width:30.6666%; margin-right: 4%;\"><div class=\"fusion-column-wrapper fusion-flex-column-wrapper-legacy\"><div class=\"fusion-text fusion-text-12\"><div class=\"intextl\"><img decoding=\"async\" src=\"..\/..\/..\/..\/..\/images\/purespec\/epipogium\/aph3.jpg\" alt=\"Epipogium aphyllum, S\u00fcdschwarzwald.\" width=\"350\" height=\"541\" \/><\/div>\n<p>30.07.2004, <em>S\u00fcdschwarzwald<\/em>, Deutschland<\/p>\n<\/div><div class=\"fusion-clearfix\"><\/div><\/div><\/div><div class=\"fusion-layout-column fusion_builder_column fusion-builder-column-12 fusion_builder_column_1_3 1_3 fusion-one-third fusion-column-last\" style=\"--awb-bg-size:cover;width:30.6666%;\"><div class=\"fusion-column-wrapper fusion-flex-column-wrapper-legacy\"><div class=\"fusion-text fusion-text-13\"><div class=\"intextl\"><img decoding=\"async\" src=\"..\/..\/..\/..\/..\/images\/purespec\/epipogium\/aph4.jpg\" alt=\"Epipogium aphyllum, S\u00fcdschwarzwald.\" width=\"350\" height=\"541\" \/><\/div>\n<p>30.07.2004, <em>S\u00fcdschwarzwald<\/em>, Deutschland<\/p>\n<\/div><div class=\"fusion-clearfix\"><\/div><\/div><\/div><\/div><\/div>","protected":false},"excerpt":{"rendered":"","protected":false},"author":1,"featured_media":0,"parent":297,"menu_order":0,"comment_status":"open","ping_status":"open","template":"","meta":{"footnotes":""},"class_list":["post-565","page","type-page","status-publish","hentry"],"yoast_head":"<!-- This site is optimized with the Yoast SEO plugin v26.9 - https:\/\/yoast.com\/product\/yoast-seo-wordpress\/ -->\n<title>Epipogium - Fancy Plants - Deutsch<\/title>\n<meta name=\"description\" content=\"Portrait des Widerbarts (Epipogium aphyllum), einer wildwachsenden europ\u00e4ischen Orchideenart. Es werden zahlreiche Bilder der Orchidee am Naturstandort gezeigt.\" \/>\n<meta name=\"robots\" content=\"index, follow, max-snippet:-1, max-image-preview:large, max-video-preview:-1\" \/>\n<link rel=\"canonical\" href=\"http:\/\/www.fancyplants.de\/de\/orchidshome\/spec\/purespec\/epipogium\/\" \/>\n<meta property=\"og:locale\" content=\"de_DE\" \/>\n<meta property=\"og:type\" content=\"article\" \/>\n<meta property=\"og:title\" content=\"Epipogium - Fancy Plants - Deutsch\" \/>\n<meta property=\"og:description\" content=\"Portrait des Widerbarts (Epipogium aphyllum), einer wildwachsenden europ\u00e4ischen Orchideenart. Es werden zahlreiche Bilder der Orchidee am Naturstandort gezeigt.\" \/>\n<meta property=\"og:url\" content=\"http:\/\/www.fancyplants.de\/de\/orchidshome\/spec\/purespec\/epipogium\/\" \/>\n<meta property=\"og:site_name\" content=\"Fancy Plants - Deutsch\" \/>\n<meta property=\"article:modified_time\" content=\"2019-10-15T06:50:55+00:00\" \/>\n<meta name=\"twitter:card\" content=\"summary_large_image\" \/>\n<meta name=\"twitter:label1\" content=\"Gesch\u00e4tzte Lesezeit\" \/>\n\t<meta name=\"twitter:data1\" content=\"5\u00a0Minuten\" \/>\n<script type=\"application\/ld+json\" class=\"yoast-schema-graph\">{\"@context\":\"https:\/\/schema.org\",\"@graph\":[{\"@type\":\"WebPage\",\"@id\":\"http:\/\/www.fancyplants.de\/de\/orchidshome\/spec\/purespec\/epipogium\/\",\"url\":\"http:\/\/www.fancyplants.de\/de\/orchidshome\/spec\/purespec\/epipogium\/\",\"name\":\"Epipogium - Fancy Plants - Deutsch\",\"isPartOf\":{\"@id\":\"http:\/\/www.fancyplants.de\/de\/#website\"},\"datePublished\":\"2015-06-27T14:36:38+00:00\",\"dateModified\":\"2019-10-15T06:50:55+00:00\",\"description\":\"Portrait des Widerbarts (Epipogium aphyllum), einer wildwachsenden europ\u00e4ischen Orchideenart. Es werden zahlreiche Bilder der Orchidee am Naturstandort gezeigt.\",\"breadcrumb\":{\"@id\":\"http:\/\/www.fancyplants.de\/de\/orchidshome\/spec\/purespec\/epipogium\/#breadcrumb\"},\"inLanguage\":\"de\",\"potentialAction\":[{\"@type\":\"ReadAction\",\"target\":[\"http:\/\/www.fancyplants.de\/de\/orchidshome\/spec\/purespec\/epipogium\/\"]}]},{\"@type\":\"BreadcrumbList\",\"@id\":\"http:\/\/www.fancyplants.de\/de\/orchidshome\/spec\/purespec\/epipogium\/#breadcrumb\",\"itemListElement\":[{\"@type\":\"ListItem\",\"position\":1,\"name\":\"Home\",\"item\":\"http:\/\/www.fancyplants.de\/de\/\"},{\"@type\":\"ListItem\",\"position\":2,\"name\":\"Europ\u00e4ische Orchideen\",\"item\":\"http:\/\/www.fancyplants.de\/de\/orchidshome\/\"},{\"@type\":\"ListItem\",\"position\":3,\"name\":\"Arten\",\"item\":\"http:\/\/www.fancyplants.de\/de\/orchidshome\/spec\/\"},{\"@type\":\"ListItem\",\"position\":4,\"name\":\"Reine Arten\",\"item\":\"http:\/\/www.fancyplants.de\/de\/orchidshome\/spec\/purespec\/\"},{\"@type\":\"ListItem\",\"position\":5,\"name\":\"Epipogium\"}]},{\"@type\":\"WebSite\",\"@id\":\"http:\/\/www.fancyplants.de\/de\/#website\",\"url\":\"http:\/\/www.fancyplants.de\/de\/\",\"name\":\"Fancy Plants - Deutsch\",\"description\":\"Eine weitere WordPress-Seite\",\"potentialAction\":[{\"@type\":\"SearchAction\",\"target\":{\"@type\":\"EntryPoint\",\"urlTemplate\":\"http:\/\/www.fancyplants.de\/de\/?s={search_term_string}\"},\"query-input\":{\"@type\":\"PropertyValueSpecification\",\"valueRequired\":true,\"valueName\":\"search_term_string\"}}],\"inLanguage\":\"de\"}]}<\/script>\n<!-- \/ Yoast SEO plugin. -->","yoast_head_json":{"title":"Epipogium - Fancy Plants - Deutsch","description":"Portrait des Widerbarts (Epipogium aphyllum), einer wildwachsenden europ\u00e4ischen Orchideenart. Es werden zahlreiche Bilder der Orchidee am Naturstandort gezeigt.","robots":{"index":"index","follow":"follow","max-snippet":"max-snippet:-1","max-image-preview":"max-image-preview:large","max-video-preview":"max-video-preview:-1"},"canonical":"http:\/\/www.fancyplants.de\/de\/orchidshome\/spec\/purespec\/epipogium\/","og_locale":"de_DE","og_type":"article","og_title":"Epipogium - Fancy Plants - Deutsch","og_description":"Portrait des Widerbarts (Epipogium aphyllum), einer wildwachsenden europ\u00e4ischen Orchideenart. Es werden zahlreiche Bilder der Orchidee am Naturstandort gezeigt.","og_url":"http:\/\/www.fancyplants.de\/de\/orchidshome\/spec\/purespec\/epipogium\/","og_site_name":"Fancy Plants - Deutsch","article_modified_time":"2019-10-15T06:50:55+00:00","twitter_card":"summary_large_image","twitter_misc":{"Gesch\u00e4tzte Lesezeit":"5\u00a0Minuten"},"schema":{"@context":"https:\/\/schema.org","@graph":[{"@type":"WebPage","@id":"http:\/\/www.fancyplants.de\/de\/orchidshome\/spec\/purespec\/epipogium\/","url":"http:\/\/www.fancyplants.de\/de\/orchidshome\/spec\/purespec\/epipogium\/","name":"Epipogium - Fancy Plants - Deutsch","isPartOf":{"@id":"http:\/\/www.fancyplants.de\/de\/#website"},"datePublished":"2015-06-27T14:36:38+00:00","dateModified":"2019-10-15T06:50:55+00:00","description":"Portrait des Widerbarts (Epipogium aphyllum), einer wildwachsenden europ\u00e4ischen Orchideenart. Es werden zahlreiche Bilder der Orchidee am Naturstandort gezeigt.","breadcrumb":{"@id":"http:\/\/www.fancyplants.de\/de\/orchidshome\/spec\/purespec\/epipogium\/#breadcrumb"},"inLanguage":"de","potentialAction":[{"@type":"ReadAction","target":["http:\/\/www.fancyplants.de\/de\/orchidshome\/spec\/purespec\/epipogium\/"]}]},{"@type":"BreadcrumbList","@id":"http:\/\/www.fancyplants.de\/de\/orchidshome\/spec\/purespec\/epipogium\/#breadcrumb","itemListElement":[{"@type":"ListItem","position":1,"name":"Home","item":"http:\/\/www.fancyplants.de\/de\/"},{"@type":"ListItem","position":2,"name":"Europ\u00e4ische Orchideen","item":"http:\/\/www.fancyplants.de\/de\/orchidshome\/"},{"@type":"ListItem","position":3,"name":"Arten","item":"http:\/\/www.fancyplants.de\/de\/orchidshome\/spec\/"},{"@type":"ListItem","position":4,"name":"Reine Arten","item":"http:\/\/www.fancyplants.de\/de\/orchidshome\/spec\/purespec\/"},{"@type":"ListItem","position":5,"name":"Epipogium"}]},{"@type":"WebSite","@id":"http:\/\/www.fancyplants.de\/de\/#website","url":"http:\/\/www.fancyplants.de\/de\/","name":"Fancy Plants - Deutsch","description":"Eine weitere WordPress-Seite","potentialAction":[{"@type":"SearchAction","target":{"@type":"EntryPoint","urlTemplate":"http:\/\/www.fancyplants.de\/de\/?s={search_term_string}"},"query-input":{"@type":"PropertyValueSpecification","valueRequired":true,"valueName":"search_term_string"}}],"inLanguage":"de"}]}},"_links":{"self":[{"href":"http:\/\/www.fancyplants.de\/de\/wp-json\/wp\/v2\/pages\/565","targetHints":{"allow":["GET"]}}],"collection":[{"href":"http:\/\/www.fancyplants.de\/de\/wp-json\/wp\/v2\/pages"}],"about":[{"href":"http:\/\/www.fancyplants.de\/de\/wp-json\/wp\/v2\/types\/page"}],"author":[{"embeddable":true,"href":"http:\/\/www.fancyplants.de\/de\/wp-json\/wp\/v2\/users\/1"}],"replies":[{"embeddable":true,"href":"http:\/\/www.fancyplants.de\/de\/wp-json\/wp\/v2\/comments?post=565"}],"version-history":[{"count":1,"href":"http:\/\/www.fancyplants.de\/de\/wp-json\/wp\/v2\/pages\/565\/revisions"}],"predecessor-version":[{"id":3024,"href":"http:\/\/www.fancyplants.de\/de\/wp-json\/wp\/v2\/pages\/565\/revisions\/3024"}],"up":[{"embeddable":true,"href":"http:\/\/www.fancyplants.de\/de\/wp-json\/wp\/v2\/pages\/297"}],"wp:attachment":[{"href":"http:\/\/www.fancyplants.de\/de\/wp-json\/wp\/v2\/media?parent=565"}],"curies":[{"name":"wp","href":"https:\/\/api.w.org\/{rel}","templated":true}]}}