{"id":554,"date":"2015-06-27T16:34:40","date_gmt":"2015-06-27T14:34:40","guid":{"rendered":"http:\/\/www.fancyplants.de\/de\/?page_id=554"},"modified":"2019-10-15T08:50:57","modified_gmt":"2019-10-15T06:50:57","slug":"coeloglossum","status":"publish","type":"page","link":"http:\/\/www.fancyplants.de\/de\/orchidshome\/spec\/purespec\/coeloglossum\/","title":{"rendered":"Coeloglossum"},"content":{"rendered":"<div class=\"fusion-fullwidth fullwidth-box fusion-builder-row-1 hundred-percent-fullwidth non-hundred-percent-height-scrolling\" style=\"--awb-border-radius-top-left:0px;--awb-border-radius-top-right:0px;--awb-border-radius-bottom-right:0px;--awb-border-radius-bottom-left:0px;--awb-overflow:visible;--awb-flex-wrap:wrap;\" ><div class=\"fusion-builder-row fusion-row\"><div class=\"fusion-layout-column fusion_builder_column fusion-builder-column-0 fusion_builder_column_1_1 1_1 fusion-one-full fusion-column-first fusion-column-last\" style=\"--awb-bg-size:cover;\"><div class=\"fusion-column-wrapper fusion-flex-column-wrapper-legacy\"><div class=\"fusion-title title fusion-title-1 fusion-title-text fusion-title-size-one\"><h1 class=\"fusion-title-heading title-heading-left\" style=\"margin:0;\">Hohlzunge (<i>Coeloglossum<\/i>)<\/h1><span class=\"awb-title-spacer\"><\/span><div class=\"title-sep-container\"><div class=\"title-sep sep-single sep-solid\" style=\"border-color:#3e3e3e;\"><\/div><\/div><\/div><div class=\"fusion-title title fusion-title-2 fusion-title-text fusion-title-size-two\"><h2 class=\"fusion-title-heading title-heading-left\" style=\"margin:0;\">Im \u00dcberblick<\/h2><span class=\"awb-title-spacer\"><\/span><div class=\"title-sep-container\"><div class=\"title-sep sep-single sep-solid\" style=\"border-color:#3e3e3e;\"><\/div><\/div><\/div><div class=\"fusion-text fusion-text-1\"><p>Die eher kalkmeidende Gr\u00fcne Hohlzunge ist in Mittel- und S\u00fcdeuropa eine typische Pflanze der Bergwiesen. Ihr Verbreitungsgebiet erstreckt sich allerdings weit nach Nordeuropa. Je weiter n\u00f6rdlich sich das Vorkommen befindet, in desto tieferen Lagen ist diese Art zu finden. Die Gr\u00fcne Holzunge ist in Deutschland selten und daher 2004 auch zur Orchidee des Jahres erkl\u00e4rt worden.<\/p>\n<p>Nach neuen molekulargenetischen Untersuchungen soll die Gr\u00fcne Hohlzunge eine enge Verwandtschaft zu den Knabenkr\u00e4utern zeigen, so dass sie von manchen Autoren inzwischen in die Gattung <i>Dactylorhiza<\/i> umgruppiert wurde.<\/p>\n<\/div><div class=\"fusion-title title fusion-title-3 fusion-title-text fusion-title-size-two\" id=\"anthropophorum\"><h2 class=\"fusion-title-heading title-heading-left\" style=\"margin:0;\"><i>Coeloglossum viride<\/i><\/h2><span class=\"awb-title-spacer\"><\/span><div class=\"title-sep-container\"><div class=\"title-sep sep-single sep-solid\" style=\"border-color:#3e3e3e;\"><\/div><\/div><\/div><div class=\"fusion-clearfix\"><\/div><\/div><\/div><\/div><\/div><div class=\"fusion-fullwidth fullwidth-box fusion-builder-row-2 nonhundred-percent-fullwidth non-hundred-percent-height-scrolling\" style=\"--awb-background-position:left top;--awb-border-radius-top-left:0px;--awb-border-radius-top-right:0px;--awb-border-radius-bottom-right:0px;--awb-border-radius-bottom-left:0px;--awb-padding-top:20px;--awb-padding-right:0px;--awb-padding-bottom:20px;--awb-padding-left:0px;--awb-background-color:#29292a;--awb-border-sizes-top:0px;--awb-border-sizes-bottom:0px;--awb-flex-wrap:wrap;\" ><div class=\"fusion-builder-row fusion-row\"><div class=\"fusion-layout-column fusion_builder_column fusion-builder-column-1 fusion_builder_column_1_3 1_3 fusion-one-third fusion-column-first\" style=\"--awb-bg-size:cover;width:30.6666%; margin-right: 4%;\"><div class=\"fusion-column-wrapper fusion-flex-column-wrapper-legacy\"><div class=\"fusion-text fusion-text-2\"><div class=\"intextl\"><a class=\"lupe350\" title=\"Coeloglossum viride, Nebelhorn.\" href=\"..\/..\/..\/..\/..\/images\/purespec\/coeloglossum\/viride1.jpg\" data-gallery=\"\"><img decoding=\"async\" src=\"..\/..\/..\/..\/..\/images\/purespec\/coeloglossum\/viride1s.jpg\" alt=\"Coeloglossum viride, Nebelhorn.\" width=\"350\" height=\"541\" \/><span><\/span><\/a><\/div>\n<p>24.07.2012, <em>Nebelhorn<\/em>, Deutschland<\/p>\n<\/div><div class=\"fusion-clearfix\"><\/div><\/div><\/div><div class=\"fusion-layout-column fusion_builder_column fusion-builder-column-2 fusion_builder_column_1_3 1_3 fusion-one-third\" style=\"--awb-bg-size:cover;width:30.6666%; margin-right: 4%;\"><div class=\"fusion-column-wrapper fusion-flex-column-wrapper-legacy\"><div class=\"fusion-text fusion-text-3\"><div class=\"intextl\"><a class=\"lupe350\" title=\"Coeloglossum viride, Nebelhorn.\" href=\"..\/..\/..\/..\/..\/images\/purespec\/coeloglossum\/viride2.jpg\" data-gallery=\"\"><img decoding=\"async\" src=\"..\/..\/..\/..\/..\/images\/purespec\/coeloglossum\/viride2s.jpg\" alt=\"Coeloglossum viride, Nebelhorn.\" width=\"350\" height=\"541\" \/><span><\/span><\/a><\/div>\n<p>24.07.2012, <em>Nebelhorn<\/em>, Deutschland<\/p>\n<\/div><div class=\"fusion-clearfix\"><\/div><\/div><\/div><div class=\"fusion-layout-column fusion_builder_column fusion-builder-column-3 fusion_builder_column_1_3 1_3 fusion-one-third fusion-column-last\" style=\"--awb-bg-size:cover;width:30.6666%;\"><div class=\"fusion-column-wrapper fusion-flex-column-wrapper-legacy\"><div class=\"fusion-text fusion-text-4\"><div class=\"intextl\"><a class=\"lupe350\" title=\"Coeloglossum viride, Geigelstein.\" href=\"..\/..\/..\/..\/..\/images\/purespec\/coeloglossum\/viride3.jpg\" data-gallery=\"\"><img decoding=\"async\" src=\"..\/..\/..\/..\/..\/images\/purespec\/coeloglossum\/viride3s.jpg\" alt=\"Coeloglossum viride, Geigelstein.\" width=\"350\" height=\"541\" \/><span><\/span><\/a><\/div>\n<p>05.07.2013, <em>Geigelstein<\/em>, Deutschland<\/p>\n<\/div><div class=\"fusion-clearfix\"><\/div><\/div><\/div><div class=\"fusion-layout-column fusion_builder_column fusion-builder-column-4 fusion_builder_column_1_3 1_3 fusion-one-third fusion-column-first\" style=\"--awb-bg-size:cover;width:30.6666%; margin-right: 4%;\"><div class=\"fusion-column-wrapper fusion-flex-column-wrapper-legacy\"><div class=\"fusion-text fusion-text-5\"><div class=\"intextl\"><a class=\"lupe350\" title=\"Coeloglossum viride, Schafberg.\" href=\"..\/..\/..\/..\/..\/images\/purespec\/coeloglossum\/viride4.jpg\" data-gallery=\"\"><img decoding=\"async\" src=\"..\/..\/..\/..\/..\/images\/purespec\/coeloglossum\/viride4s.jpg\" alt=\"Coeloglossum viride, Schafberg.\" width=\"350\" height=\"541\" \/><span><\/span><\/a><\/div>\n<p>01.07.2013, <em>Schafberg<\/em>, \u00d6sterreich<\/p>\n<\/div><div class=\"fusion-clearfix\"><\/div><\/div><\/div><div class=\"fusion-layout-column fusion_builder_column fusion-builder-column-5 fusion_builder_column_1_3 1_3 fusion-one-third\" style=\"--awb-bg-size:cover;width:30.6666%; margin-right: 4%;\"><div class=\"fusion-column-wrapper fusion-flex-column-wrapper-legacy\"><div class=\"fusion-text fusion-text-6\"><div class=\"intextl\"><a class=\"lupe350\" title=\"Coeloglossum viride, Schafberg.\" href=\"..\/..\/..\/..\/..\/images\/purespec\/coeloglossum\/viride5.jpg\" data-gallery=\"\"><img decoding=\"async\" src=\"..\/..\/..\/..\/..\/images\/purespec\/coeloglossum\/viride5s.jpg\" alt=\"Coeloglossum viride, Schafberg.\" width=\"350\" height=\"541\" \/><span><\/span><\/a><\/div>\n<p>01.07.2013, <em>Schafberg<\/em>, \u00d6sterreich<\/p>\n<\/div><div class=\"fusion-clearfix\"><\/div><\/div><\/div><div class=\"fusion-layout-column fusion_builder_column fusion-builder-column-6 fusion_builder_column_1_3 1_3 fusion-one-third fusion-column-last\" style=\"--awb-bg-size:cover;width:30.6666%;\"><div class=\"fusion-column-wrapper fusion-flex-column-wrapper-legacy\"><div class=\"fusion-text fusion-text-7\"><div class=\"intextl\"><a class=\"lupe350\" title=\"Coeloglossum viride, Forcella di Cervaro.\" href=\"..\/..\/..\/..\/..\/images\/purespec\/coeloglossum\/viride6.jpg\" data-gallery=\"\"><img decoding=\"async\" src=\"..\/..\/..\/..\/..\/images\/purespec\/coeloglossum\/viride6s.jpg\" alt=\"Coeloglossum viride, Forcella di Cervaro.\" width=\"350\" height=\"541\" \/><span><\/span><\/a><\/div>\n<p>24.05.2013, <em>Forcella di Cervaro<\/em>, Abruzzen<\/p>\n<\/div><div class=\"fusion-clearfix\"><\/div><\/div><\/div><div class=\"fusion-layout-column fusion_builder_column fusion-builder-column-7 fusion_builder_column_1_3 1_3 fusion-one-third fusion-column-first\" style=\"--awb-bg-size:cover;width:30.6666%; margin-right: 4%;\"><div class=\"fusion-column-wrapper fusion-flex-column-wrapper-legacy\"><div class=\"fusion-text fusion-text-8\"><div class=\"intextl\"><a class=\"lupe350\" title=\"Coeloglossum viride, Lawinenstein.\" href=\"..\/..\/..\/..\/..\/images\/purespec\/coeloglossum\/viride7.jpg\" data-gallery=\"\"><img decoding=\"async\" src=\"..\/..\/..\/..\/..\/images\/purespec\/coeloglossum\/viride7s.jpg\" alt=\"Coeloglossum viride, Lawinenstein.\" width=\"350\" height=\"541\" \/><span><\/span><\/a><\/div>\n<p>12.07.2014, <em>Lawinenstein<\/em>, \u00d6sterreich<\/p>\n<\/div><div class=\"fusion-clearfix\"><\/div><\/div><\/div><div class=\"fusion-layout-column fusion_builder_column fusion-builder-column-8 fusion_builder_column_1_3 1_3 fusion-one-third\" style=\"--awb-bg-size:cover;width:30.6666%; margin-right: 4%;\"><div class=\"fusion-column-wrapper fusion-flex-column-wrapper-legacy\"><div class=\"fusion-text fusion-text-9\"><div class=\"intextl\"><a class=\"lupe350\" title=\"Coeloglossum viride, Lawinenstein.\" href=\"..\/..\/..\/..\/..\/images\/purespec\/coeloglossum\/viride8.jpg\" data-gallery=\"\"><img decoding=\"async\" src=\"..\/..\/..\/..\/..\/images\/purespec\/coeloglossum\/viride8s.jpg\" alt=\"Coeloglossum viride, Lawinenstein.\" width=\"350\" height=\"541\" \/><span><\/span><\/a><\/div>\n<p>12.07.2014, <em>Lawinenstein<\/em>, \u00d6sterreich<\/p>\n<\/div><div class=\"fusion-clearfix\"><\/div><\/div><\/div><div class=\"fusion-layout-column fusion_builder_column fusion-builder-column-9 fusion_builder_column_1_3 1_3 fusion-one-third fusion-column-last\" style=\"--awb-bg-size:cover;width:30.6666%;\"><div class=\"fusion-column-wrapper fusion-flex-column-wrapper-legacy\"><div class=\"fusion-text fusion-text-10\"><div class=\"intextl\"><img decoding=\"async\" src=\"..\/..\/..\/..\/..\/images\/purespec\/coeloglossum\/vir1.jpg\" alt=\"Coeloglossum viride, Seiser Alm.\" width=\"350\" height=\"541\" \/><\/div>\n<p>03.07.2007, <em>Seiser Alm<\/em>, S\u00fcdtirol<\/p>\n<\/div><div class=\"fusion-clearfix\"><\/div><\/div><\/div><div class=\"fusion-layout-column fusion_builder_column fusion-builder-column-10 fusion_builder_column_1_3 1_3 fusion-one-third fusion-column-first\" style=\"--awb-bg-size:cover;width:30.6666%; margin-right: 4%;\"><div class=\"fusion-column-wrapper fusion-flex-column-wrapper-legacy\"><div class=\"fusion-text fusion-text-11\"><div class=\"intextl\"><img decoding=\"async\" src=\"..\/..\/..\/..\/..\/images\/purespec\/coeloglossum\/vir2.jpg\" alt=\"Coeloglossum viride, Seiser Alm.\" width=\"350\" height=\"541\" \/><\/div>\n<p>03.07.2007, <em>Seiser Alm<\/em>, S\u00fcdtirol<\/p>\n<\/div><div class=\"fusion-clearfix\"><\/div><\/div><\/div><\/div><\/div>","protected":false},"excerpt":{"rendered":"","protected":false},"author":1,"featured_media":0,"parent":297,"menu_order":0,"comment_status":"open","ping_status":"open","template":"","meta":{"footnotes":""},"class_list":["post-554","page","type-page","status-publish","hentry"],"yoast_head":"<!-- This site is optimized with the Yoast SEO plugin v26.9 - https:\/\/yoast.com\/product\/yoast-seo-wordpress\/ -->\n<title>Coeloglossum - Fancy Plants - Deutsch<\/title>\n<meta name=\"description\" content=\"Portrait der Gr\u00fcnen Hohlzunge (Coeloglossum viride), einer wildwachsenden europ\u00e4ischen Orchideenart. Es werden zahlreiche Bilder der Orchidee am Naturstandort gezeigt.\" \/>\n<meta name=\"robots\" content=\"index, follow, max-snippet:-1, max-image-preview:large, max-video-preview:-1\" \/>\n<link rel=\"canonical\" href=\"http:\/\/www.fancyplants.de\/de\/orchidshome\/spec\/purespec\/coeloglossum\/\" \/>\n<meta property=\"og:locale\" content=\"de_DE\" \/>\n<meta property=\"og:type\" content=\"article\" \/>\n<meta property=\"og:title\" content=\"Coeloglossum - Fancy Plants - Deutsch\" \/>\n<meta property=\"og:description\" content=\"Portrait der Gr\u00fcnen Hohlzunge (Coeloglossum viride), einer wildwachsenden europ\u00e4ischen Orchideenart. Es werden zahlreiche Bilder der Orchidee am Naturstandort gezeigt.\" \/>\n<meta property=\"og:url\" content=\"http:\/\/www.fancyplants.de\/de\/orchidshome\/spec\/purespec\/coeloglossum\/\" \/>\n<meta property=\"og:site_name\" content=\"Fancy Plants - Deutsch\" \/>\n<meta property=\"article:modified_time\" content=\"2019-10-15T06:50:57+00:00\" \/>\n<meta name=\"twitter:card\" content=\"summary_large_image\" \/>\n<meta name=\"twitter:label1\" content=\"Gesch\u00e4tzte Lesezeit\" \/>\n\t<meta name=\"twitter:data1\" content=\"4\u00a0Minuten\" \/>\n<script type=\"application\/ld+json\" class=\"yoast-schema-graph\">{\"@context\":\"https:\/\/schema.org\",\"@graph\":[{\"@type\":\"WebPage\",\"@id\":\"http:\/\/www.fancyplants.de\/de\/orchidshome\/spec\/purespec\/coeloglossum\/\",\"url\":\"http:\/\/www.fancyplants.de\/de\/orchidshome\/spec\/purespec\/coeloglossum\/\",\"name\":\"Coeloglossum - Fancy Plants - Deutsch\",\"isPartOf\":{\"@id\":\"http:\/\/www.fancyplants.de\/de\/#website\"},\"datePublished\":\"2015-06-27T14:34:40+00:00\",\"dateModified\":\"2019-10-15T06:50:57+00:00\",\"description\":\"Portrait der Gr\u00fcnen Hohlzunge (Coeloglossum viride), einer wildwachsenden europ\u00e4ischen Orchideenart. Es werden zahlreiche Bilder der Orchidee am Naturstandort gezeigt.\",\"breadcrumb\":{\"@id\":\"http:\/\/www.fancyplants.de\/de\/orchidshome\/spec\/purespec\/coeloglossum\/#breadcrumb\"},\"inLanguage\":\"de\",\"potentialAction\":[{\"@type\":\"ReadAction\",\"target\":[\"http:\/\/www.fancyplants.de\/de\/orchidshome\/spec\/purespec\/coeloglossum\/\"]}]},{\"@type\":\"BreadcrumbList\",\"@id\":\"http:\/\/www.fancyplants.de\/de\/orchidshome\/spec\/purespec\/coeloglossum\/#breadcrumb\",\"itemListElement\":[{\"@type\":\"ListItem\",\"position\":1,\"name\":\"Home\",\"item\":\"http:\/\/www.fancyplants.de\/de\/\"},{\"@type\":\"ListItem\",\"position\":2,\"name\":\"Europ\u00e4ische Orchideen\",\"item\":\"http:\/\/www.fancyplants.de\/de\/orchidshome\/\"},{\"@type\":\"ListItem\",\"position\":3,\"name\":\"Arten\",\"item\":\"http:\/\/www.fancyplants.de\/de\/orchidshome\/spec\/\"},{\"@type\":\"ListItem\",\"position\":4,\"name\":\"Reine Arten\",\"item\":\"http:\/\/www.fancyplants.de\/de\/orchidshome\/spec\/purespec\/\"},{\"@type\":\"ListItem\",\"position\":5,\"name\":\"Coeloglossum\"}]},{\"@type\":\"WebSite\",\"@id\":\"http:\/\/www.fancyplants.de\/de\/#website\",\"url\":\"http:\/\/www.fancyplants.de\/de\/\",\"name\":\"Fancy Plants - Deutsch\",\"description\":\"Eine weitere WordPress-Seite\",\"potentialAction\":[{\"@type\":\"SearchAction\",\"target\":{\"@type\":\"EntryPoint\",\"urlTemplate\":\"http:\/\/www.fancyplants.de\/de\/?s={search_term_string}\"},\"query-input\":{\"@type\":\"PropertyValueSpecification\",\"valueRequired\":true,\"valueName\":\"search_term_string\"}}],\"inLanguage\":\"de\"}]}<\/script>\n<!-- \/ Yoast SEO plugin. -->","yoast_head_json":{"title":"Coeloglossum - Fancy Plants - Deutsch","description":"Portrait der Gr\u00fcnen Hohlzunge (Coeloglossum viride), einer wildwachsenden europ\u00e4ischen Orchideenart. Es werden zahlreiche Bilder der Orchidee am Naturstandort gezeigt.","robots":{"index":"index","follow":"follow","max-snippet":"max-snippet:-1","max-image-preview":"max-image-preview:large","max-video-preview":"max-video-preview:-1"},"canonical":"http:\/\/www.fancyplants.de\/de\/orchidshome\/spec\/purespec\/coeloglossum\/","og_locale":"de_DE","og_type":"article","og_title":"Coeloglossum - Fancy Plants - Deutsch","og_description":"Portrait der Gr\u00fcnen Hohlzunge (Coeloglossum viride), einer wildwachsenden europ\u00e4ischen Orchideenart. Es werden zahlreiche Bilder der Orchidee am Naturstandort gezeigt.","og_url":"http:\/\/www.fancyplants.de\/de\/orchidshome\/spec\/purespec\/coeloglossum\/","og_site_name":"Fancy Plants - Deutsch","article_modified_time":"2019-10-15T06:50:57+00:00","twitter_card":"summary_large_image","twitter_misc":{"Gesch\u00e4tzte Lesezeit":"4\u00a0Minuten"},"schema":{"@context":"https:\/\/schema.org","@graph":[{"@type":"WebPage","@id":"http:\/\/www.fancyplants.de\/de\/orchidshome\/spec\/purespec\/coeloglossum\/","url":"http:\/\/www.fancyplants.de\/de\/orchidshome\/spec\/purespec\/coeloglossum\/","name":"Coeloglossum - Fancy Plants - Deutsch","isPartOf":{"@id":"http:\/\/www.fancyplants.de\/de\/#website"},"datePublished":"2015-06-27T14:34:40+00:00","dateModified":"2019-10-15T06:50:57+00:00","description":"Portrait der Gr\u00fcnen Hohlzunge (Coeloglossum viride), einer wildwachsenden europ\u00e4ischen Orchideenart. Es werden zahlreiche Bilder der Orchidee am Naturstandort gezeigt.","breadcrumb":{"@id":"http:\/\/www.fancyplants.de\/de\/orchidshome\/spec\/purespec\/coeloglossum\/#breadcrumb"},"inLanguage":"de","potentialAction":[{"@type":"ReadAction","target":["http:\/\/www.fancyplants.de\/de\/orchidshome\/spec\/purespec\/coeloglossum\/"]}]},{"@type":"BreadcrumbList","@id":"http:\/\/www.fancyplants.de\/de\/orchidshome\/spec\/purespec\/coeloglossum\/#breadcrumb","itemListElement":[{"@type":"ListItem","position":1,"name":"Home","item":"http:\/\/www.fancyplants.de\/de\/"},{"@type":"ListItem","position":2,"name":"Europ\u00e4ische Orchideen","item":"http:\/\/www.fancyplants.de\/de\/orchidshome\/"},{"@type":"ListItem","position":3,"name":"Arten","item":"http:\/\/www.fancyplants.de\/de\/orchidshome\/spec\/"},{"@type":"ListItem","position":4,"name":"Reine Arten","item":"http:\/\/www.fancyplants.de\/de\/orchidshome\/spec\/purespec\/"},{"@type":"ListItem","position":5,"name":"Coeloglossum"}]},{"@type":"WebSite","@id":"http:\/\/www.fancyplants.de\/de\/#website","url":"http:\/\/www.fancyplants.de\/de\/","name":"Fancy Plants - Deutsch","description":"Eine weitere WordPress-Seite","potentialAction":[{"@type":"SearchAction","target":{"@type":"EntryPoint","urlTemplate":"http:\/\/www.fancyplants.de\/de\/?s={search_term_string}"},"query-input":{"@type":"PropertyValueSpecification","valueRequired":true,"valueName":"search_term_string"}}],"inLanguage":"de"}]}},"_links":{"self":[{"href":"http:\/\/www.fancyplants.de\/de\/wp-json\/wp\/v2\/pages\/554","targetHints":{"allow":["GET"]}}],"collection":[{"href":"http:\/\/www.fancyplants.de\/de\/wp-json\/wp\/v2\/pages"}],"about":[{"href":"http:\/\/www.fancyplants.de\/de\/wp-json\/wp\/v2\/types\/page"}],"author":[{"embeddable":true,"href":"http:\/\/www.fancyplants.de\/de\/wp-json\/wp\/v2\/users\/1"}],"replies":[{"embeddable":true,"href":"http:\/\/www.fancyplants.de\/de\/wp-json\/wp\/v2\/comments?post=554"}],"version-history":[{"count":1,"href":"http:\/\/www.fancyplants.de\/de\/wp-json\/wp\/v2\/pages\/554\/revisions"}],"predecessor-version":[{"id":3029,"href":"http:\/\/www.fancyplants.de\/de\/wp-json\/wp\/v2\/pages\/554\/revisions\/3029"}],"up":[{"embeddable":true,"href":"http:\/\/www.fancyplants.de\/de\/wp-json\/wp\/v2\/pages\/297"}],"wp:attachment":[{"href":"http:\/\/www.fancyplants.de\/de\/wp-json\/wp\/v2\/media?parent=554"}],"curies":[{"name":"wp","href":"https:\/\/api.w.org\/{rel}","templated":true}]}}