{"id":547,"date":"2015-06-27T16:33:18","date_gmt":"2015-06-27T14:33:18","guid":{"rendered":"http:\/\/www.fancyplants.de\/de\/?page_id=547"},"modified":"2019-11-17T12:12:59","modified_gmt":"2019-11-17T11:12:59","slug":"anacamptis","status":"publish","type":"page","link":"http:\/\/www.fancyplants.de\/de\/orchidshome\/spec\/purespec\/anacamptis\/","title":{"rendered":"Anacamptis"},"content":{"rendered":"<div class=\"fusion-fullwidth fullwidth-box fusion-builder-row-1 hundred-percent-fullwidth non-hundred-percent-height-scrolling\" style=\"--awb-border-radius-top-left:0px;--awb-border-radius-top-right:0px;--awb-border-radius-bottom-right:0px;--awb-border-radius-bottom-left:0px;--awb-overflow:visible;--awb-flex-wrap:wrap;\" ><div class=\"fusion-builder-row fusion-row\"><div class=\"fusion-layout-column fusion_builder_column fusion-builder-column-0 fusion_builder_column_1_1 1_1 fusion-one-full fusion-column-first fusion-column-last\" style=\"--awb-bg-size:cover;\"><div class=\"fusion-column-wrapper fusion-flex-column-wrapper-legacy\"><div class=\"fusion-title title fusion-title-1 fusion-title-text fusion-title-size-one\"><h1 class=\"fusion-title-heading title-heading-left\" style=\"margin:0;\">Pyramiden-Hundswurz (<i>Anacamptis<\/i>)<\/h1><span class=\"awb-title-spacer\"><\/span><div class=\"title-sep-container\"><div class=\"title-sep sep-single sep-solid\" style=\"border-color:#3e3e3e;\"><\/div><\/div><\/div><div class=\"fusion-title title fusion-title-2 fusion-title-text fusion-title-size-two\"><h2 class=\"fusion-title-heading title-heading-left\" style=\"margin:0;\">Im \u00dcberblick<\/h2><span class=\"awb-title-spacer\"><\/span><div class=\"title-sep-container\"><div class=\"title-sep sep-single sep-solid\" style=\"border-color:#3e3e3e;\"><\/div><\/div><\/div><div class=\"fusion-text fusion-text-1\"><p>Die Pyramiden-Hundswurz, oder auch Pyramidenorchis genannt, kommt von West- bis Mitteleuropa sowie in S\u00fcdeuropa vor. Sie fehlt hingegen in Osteuropa. Die Pyramiden-Hundswurz findet man vor allem auf Kalk auf Magerrasen und gilt als w\u00e4rmeliebend. Die Art befindet sich derzeit nach diversen Literaturangaben in der Ausbreitung. Auch ich habe \u00fcber die letzten Jahre an verschiedenen Standorten eine deutliche Ausbreitung dieser Art beobachten k\u00f6nnen.<\/p>\n<p>Nach neuen molekularbiologischen Erkenntnissen soll die Pyramiden-Hundswurz mit einigen Orchis-Arten eng verwandt sein, so dass diese Arten nun in die Gattung <i>Anacamptis<\/i> eingruppiert werden.<\/p>\n<\/div><div class=\"fusion-title title fusion-title-3 fusion-title-text fusion-title-size-two\" id=\"pyramidalis\"><h2 class=\"fusion-title-heading title-heading-left\" style=\"margin:0;\"><i>Anacamptis pyramidalis<\/i><\/h2><span class=\"awb-title-spacer\"><\/span><div class=\"title-sep-container\"><div class=\"title-sep sep-single sep-solid\" style=\"border-color:#3e3e3e;\"><\/div><\/div><\/div><div class=\"fusion-clearfix\"><\/div><\/div><\/div><\/div><\/div><div class=\"fusion-fullwidth fullwidth-box fusion-builder-row-2 nonhundred-percent-fullwidth non-hundred-percent-height-scrolling\" style=\"--awb-background-position:left top;--awb-border-radius-top-left:0px;--awb-border-radius-top-right:0px;--awb-border-radius-bottom-right:0px;--awb-border-radius-bottom-left:0px;--awb-padding-top:20px;--awb-padding-right:0px;--awb-padding-bottom:20px;--awb-padding-left:0px;--awb-background-color:#29292a;--awb-border-sizes-top:0px;--awb-border-sizes-bottom:0px;--awb-flex-wrap:wrap;\" ><div class=\"fusion-builder-row fusion-row\"><div class=\"fusion-layout-column fusion_builder_column fusion-builder-column-1 fusion_builder_column_1_3 1_3 fusion-one-third fusion-column-first\" style=\"--awb-bg-size:cover;width:30.6666%; margin-right: 4%;\"><div class=\"fusion-column-wrapper fusion-flex-column-wrapper-legacy\"><div class=\"fusion-text fusion-text-2\"><div class=\"intextl\"><a class=\"lupe350\" title=\"Anacamptis pyramidalis mit einem Widderchen (Zygaena spec.), Oberbergen.\" href=\"..\/..\/..\/..\/..\/images\/purespec\/anacamptis\/pyramidalis11.jpg\" data-gallery=\"\"><img decoding=\"async\" src=\"..\/..\/..\/..\/..\/images\/purespec\/anacamptis\/pyramidalis11s.jpg\" alt=\"Anacamptis pyramidalis mit einem Widderchen (Zygaena spec.), Oberbergen.\" width=\"350\" height=\"541\" \/><span><\/span><\/a><\/div>\n<p>19.05.2015, <em>Oberbergen<\/em>, Deutschland<\/p>\n<\/div><div class=\"fusion-clearfix\"><\/div><\/div><\/div><div class=\"fusion-layout-column fusion_builder_column fusion-builder-column-2 fusion_builder_column_1_3 1_3 fusion-one-third\" style=\"--awb-bg-size:cover;width:30.6666%; margin-right: 4%;\"><div class=\"fusion-column-wrapper fusion-flex-column-wrapper-legacy\"><div class=\"fusion-text fusion-text-3\"><div class=\"intextl\"><a class=\"lupe350\" title=\"Anacamptis pyramidalis, Oberbergen.\" href=\"..\/..\/..\/..\/..\/images\/purespec\/anacamptis\/pyramidalis9.jpg\" data-gallery=\"\"><img decoding=\"async\" src=\"..\/..\/..\/..\/..\/images\/purespec\/anacamptis\/pyramidalis9s.jpg\" alt=\"Anacamptis pyramidalis, Oberbergen.\" width=\"350\" height=\"541\" \/><span><\/span><\/a><\/div>\n<p>19.05.2015, <em>Oberbergen<\/em>, Deutschland<\/p>\n<\/div><div class=\"fusion-clearfix\"><\/div><\/div><\/div><div class=\"fusion-layout-column fusion_builder_column fusion-builder-column-3 fusion_builder_column_1_3 1_3 fusion-one-third fusion-column-last\" style=\"--awb-bg-size:cover;width:30.6666%;\"><div class=\"fusion-column-wrapper fusion-flex-column-wrapper-legacy\"><div class=\"fusion-text fusion-text-4\"><div class=\"intextl\"><a class=\"lupe350\" title=\"Anacamptis pyramidalis, Bad Ditzenbach.\" href=\"..\/..\/..\/..\/..\/images\/purespec\/anacamptis\/pyramidalis10.jpg\" data-gallery=\"\"><img decoding=\"async\" src=\"..\/..\/..\/..\/..\/images\/purespec\/anacamptis\/pyramidalis10s.jpg\" alt=\"Anacamptis pyramidalis, Bad Ditzenbach.\" width=\"350\" height=\"541\" \/><span><\/span><\/a><\/div>\n<p>24.05.2015, <em>Bad Ditzenbach<\/em>, Deutschland<\/p>\n<\/div><div class=\"fusion-clearfix\"><\/div><\/div><\/div><div class=\"fusion-layout-column fusion_builder_column fusion-builder-column-4 fusion_builder_column_1_3 1_3 fusion-one-third fusion-column-first\" style=\"--awb-bg-size:cover;width:30.6666%; margin-right: 4%;\"><div class=\"fusion-column-wrapper fusion-flex-column-wrapper-legacy\"><div class=\"fusion-text fusion-text-5\"><div class=\"intextl\"><a class=\"lupe350\" title=\"Anacamptis pyramidalis, Bad Ditzenbach.\" href=\"..\/..\/..\/..\/..\/images\/purespec\/anacamptis\/pyramidalis12.jpg\" data-gallery=\"\"><img decoding=\"async\" src=\"..\/..\/..\/..\/..\/images\/purespec\/anacamptis\/pyramidalis12s.jpg\" alt=\"Anacamptis pyramidalis, Bad Ditzenbach.\" width=\"350\" height=\"541\" \/><span><\/span><\/a><\/div>\n<p>24.05.2015, <em>Bad Ditzenbach<\/em>, Deutschland<\/p>\n<\/div><div class=\"fusion-clearfix\"><\/div><\/div><\/div><div class=\"fusion-layout-column fusion_builder_column fusion-builder-column-5 fusion_builder_column_1_3 1_3 fusion-one-third\" style=\"--awb-bg-size:cover;width:30.6666%; margin-right: 4%;\"><div class=\"fusion-column-wrapper fusion-flex-column-wrapper-legacy\"><div class=\"fusion-text fusion-text-6\"><div class=\"intextl\"><a class=\"lupe350\" title=\"Anacamptis pyramidalis mit einem Widderchen (Zygaena spec.), Heidenheim.\" href=\"..\/..\/..\/..\/..\/images\/purespec\/anacamptis\/pyramidalis1.jpg\" data-gallery=\"\"><img decoding=\"async\" src=\"..\/..\/..\/..\/..\/images\/purespec\/anacamptis\/pyramidalis1s.jpg\" alt=\"Anacamptis pyramidalis mit einem Widderchen (Zygaena spec.), Heidenheim.\" width=\"350\" height=\"541\" \/><span><\/span><\/a><\/div>\n<p>23.06.2013, <em>Landkreis Heidenheim<\/em>, Deutschland<\/p>\n<\/div><div class=\"fusion-clearfix\"><\/div><\/div><\/div><div class=\"fusion-layout-column fusion_builder_column fusion-builder-column-6 fusion_builder_column_1_3 1_3 fusion-one-third fusion-column-last\" style=\"--awb-bg-size:cover;width:30.6666%;\"><div class=\"fusion-column-wrapper fusion-flex-column-wrapper-legacy\"><div class=\"fusion-text fusion-text-7\"><div class=\"intextl\"><a class=\"lupe350\" title=\"Anacamptis pyramidalis, Rionero Sannitico.\" href=\"..\/..\/..\/..\/..\/images\/purespec\/anacamptis\/pyramidalis2.jpg\" data-gallery=\"\"><img decoding=\"async\" src=\"..\/..\/..\/..\/..\/images\/purespec\/anacamptis\/pyramidalis2s.jpg\" alt=\"Anacamptis pyramidalis, Rionero Sannitico.\" width=\"350\" height=\"541\" \/><span><\/span><\/a><\/div>\n<p>22.05.2013, <em>Rionero Sannitico<\/em>, Abruzzen<\/p>\n<\/div><div class=\"fusion-clearfix\"><\/div><\/div><\/div><div class=\"fusion-layout-column fusion_builder_column fusion-builder-column-7 fusion_builder_column_1_3 1_3 fusion-one-third fusion-column-first\" style=\"--awb-bg-size:cover;width:30.6666%; margin-right: 4%;\"><div class=\"fusion-column-wrapper fusion-flex-column-wrapper-legacy\"><div class=\"fusion-text fusion-text-8\"><div class=\"intextl\"><a class=\"lupe350\" title=\"Anacamptis pyramidalis, Rionero Sannitico.\" href=\"..\/..\/..\/..\/..\/images\/purespec\/anacamptis\/pyramidalis3.jpg\" data-gallery=\"\"><img decoding=\"async\" src=\"..\/..\/..\/..\/..\/images\/purespec\/anacamptis\/pyramidalis3s.jpg\" alt=\"Anacamptis pyramidalis, Rionero Sannitico.\" width=\"350\" height=\"541\" \/><span><\/span><\/a><\/div>\n<p>22.05.2013, <em>Rionero Sannitico<\/em>, Abruzzen<\/p>\n<\/div><div class=\"fusion-clearfix\"><\/div><\/div><\/div><div class=\"fusion-layout-column fusion_builder_column fusion-builder-column-8 fusion_builder_column_1_3 1_3 fusion-one-third\" style=\"--awb-bg-size:cover;width:30.6666%; margin-right: 4%;\"><div class=\"fusion-column-wrapper fusion-flex-column-wrapper-legacy\"><div class=\"fusion-text fusion-text-9\"><div class=\"intextl\"><a class=\"lupe350\" title=\"Anacamptis pyramidalis, Kato Souli.\" href=\"..\/..\/..\/..\/..\/images\/purespec\/anacamptis\/pyramidalis5.jpg\" data-gallery=\"\"><img decoding=\"async\" src=\"..\/..\/..\/..\/..\/images\/purespec\/anacamptis\/pyramidalis5s.jpg\" alt=\"Anacamptis pyramidalis, Kato Souli.\" width=\"350\" height=\"541\" \/><span><\/span><\/a><\/div>\n<p>15.04.2014, <em>Kato Souli<\/em>, Griechenland<\/p>\n<\/div><div class=\"fusion-clearfix\"><\/div><\/div><\/div><div class=\"fusion-layout-column fusion_builder_column fusion-builder-column-9 fusion_builder_column_1_3 1_3 fusion-one-third fusion-column-last\" style=\"--awb-bg-size:cover;width:30.6666%;\"><div class=\"fusion-column-wrapper fusion-flex-column-wrapper-legacy\"><div class=\"fusion-text fusion-text-10\"><div class=\"intextl\"><a class=\"lupe350\" title=\"Anacamptis pyramidalis, Kato Souli.\" href=\"..\/..\/..\/..\/..\/images\/purespec\/anacamptis\/pyramidalis6.jpg\" data-gallery=\"\"><img decoding=\"async\" src=\"..\/..\/..\/..\/..\/images\/purespec\/anacamptis\/pyramidalis6s.jpg\" alt=\"Anacamptis pyramidalis, Kato Souli.\" width=\"350\" height=\"541\" \/><span><\/span><\/a><\/div>\n<p>15.04.2014, <em>Kato Souli<\/em>, Griechenland<\/p>\n<\/div><div class=\"fusion-clearfix\"><\/div><\/div><\/div><div class=\"fusion-layout-column fusion_builder_column fusion-builder-column-10 fusion_builder_column_1_3 1_3 fusion-one-third fusion-column-first\" style=\"--awb-bg-size:cover;width:30.6666%; margin-right: 4%;\"><div class=\"fusion-column-wrapper fusion-flex-column-wrapper-legacy\"><div class=\"fusion-text fusion-text-11\"><div class=\"intextl\"><a class=\"lupe350\" title=\"Anacamptis pyramidalis, Mani.\" href=\"..\/..\/..\/..\/..\/images\/purespec\/anacamptis\/pyramidalis7.jpg\" data-gallery=\"\"><img decoding=\"async\" src=\"..\/..\/..\/..\/..\/images\/purespec\/anacamptis\/pyramidalis7s.jpg\" alt=\"Anacamptis pyramidalis, Mani.\" width=\"350\" height=\"541\" \/><span><\/span><\/a><\/div>\n<p>08.04.2014, <em>Mani<\/em>, Griechenland<\/p>\n<\/div><div class=\"fusion-clearfix\"><\/div><\/div><\/div><div class=\"fusion-layout-column fusion_builder_column fusion-builder-column-11 fusion_builder_column_1_3 1_3 fusion-one-third\" style=\"--awb-bg-size:cover;width:30.6666%; margin-right: 4%;\"><div class=\"fusion-column-wrapper fusion-flex-column-wrapper-legacy\"><div class=\"fusion-text fusion-text-12\"><div class=\"intextl\"><a class=\"lupe350\" title=\"Anacamptis pyramidalis, Agios Christoforos.\" href=\"..\/..\/..\/..\/..\/images\/purespec\/anacamptis\/pyramidalis8.jpg\" data-gallery=\"\"><img decoding=\"async\" src=\"..\/..\/..\/..\/..\/images\/purespec\/anacamptis\/pyramidalis8s.jpg\" alt=\"Anacamptis pyramidalis, Agios Christoforos.\" width=\"350\" height=\"541\" \/><span><\/span><\/a><\/div>\n<p>06.04.2014, <em>Agios Christoforos<\/em>, Griechenland<\/p>\n<\/div><div class=\"fusion-clearfix\"><\/div><\/div><\/div><div class=\"fusion-layout-column fusion_builder_column fusion-builder-column-12 fusion_builder_column_1_3 1_3 fusion-one-third fusion-column-last\" style=\"--awb-bg-size:cover;width:30.6666%;\"><div class=\"fusion-column-wrapper fusion-flex-column-wrapper-legacy\"><div class=\"fusion-text fusion-text-13\"><div class=\"intextl\"><a class=\"lupe350\" title=\"Anacamptis pyramidalis, San Lorenzo.\" href=\"..\/..\/..\/..\/..\/images\/purespec\/anacamptis\/pyramidalis13.jpg\" data-gallery=\"\"><img decoding=\"async\" src=\"..\/..\/..\/..\/..\/images\/purespec\/anacamptis\/pyramidalis13s.jpg\" alt=\"Anacamptis pyramidalis, San Lorenzo.\" width=\"350\" height=\"541\" \/><span><\/span><\/a><\/div>\n<p>12.04.2018, <em>San Lorenzo<\/em>, Monte Gargano<\/p>\n<\/div><div class=\"fusion-clearfix\"><\/div><\/div><\/div><div class=\"fusion-layout-column fusion_builder_column fusion-builder-column-13 fusion_builder_column_1_3 1_3 fusion-one-third fusion-column-first\" style=\"--awb-bg-size:cover;width:30.6666%; margin-right: 4%;\"><div class=\"fusion-column-wrapper fusion-flex-column-wrapper-legacy\"><div class=\"fusion-text fusion-text-14\"><div class=\"intextl\"><a class=\"lupe350\" title=\"Anacamptis pyramidalis, Rionero Sannitico.\" href=\"..\/..\/..\/..\/..\/images\/purespec\/anacamptis\/pyramidalis4.jpg\" data-gallery=\"\"><img decoding=\"async\" src=\"..\/..\/..\/..\/..\/images\/purespec\/anacamptis\/pyramidalis4s.jpg\" alt=\"Anacamptis pyramidalis, Rionero Sannitico.\" width=\"350\" height=\"541\" \/><span><\/span><\/a><\/div>\n<p>22.05.2013, <em>Rionero Sannitico<\/em>, Abruzzen<\/p>\n<\/div><div class=\"fusion-clearfix\"><\/div><\/div><\/div><div class=\"fusion-layout-column fusion_builder_column fusion-builder-column-14 fusion_builder_column_1_3 1_3 fusion-one-third\" style=\"--awb-bg-size:cover;width:30.6666%; margin-right: 4%;\"><div class=\"fusion-column-wrapper fusion-flex-column-wrapper-legacy\"><div class=\"fusion-text fusion-text-15\"><div class=\"intextl\"><img decoding=\"async\" src=\"..\/..\/..\/..\/..\/images\/purespec\/anacamptis\/pyr3.jpg\" alt=\"Anacamptis pyramidalis, Ittiri.\" width=\"350\" height=\"541\" \/><\/div>\n<p>18.04.2009, <em>Ittiri<\/em>, Sardinien<\/p>\n<\/div><div class=\"fusion-clearfix\"><\/div><\/div><\/div><\/div><\/div>","protected":false},"excerpt":{"rendered":"","protected":false},"author":1,"featured_media":0,"parent":297,"menu_order":0,"comment_status":"open","ping_status":"open","template":"","meta":{"footnotes":""},"class_list":["post-547","page","type-page","status-publish","hentry"],"yoast_head":"<!-- This site is optimized with the Yoast SEO plugin v26.9 - https:\/\/yoast.com\/product\/yoast-seo-wordpress\/ -->\n<title>Anacamptis - Fancy Plants - Deutsch<\/title>\n<meta name=\"description\" content=\"Portrait der Pyramidenorchis (Anacamptis pyramidalis), einer wildwachsenden europ\u00e4ischen Orchideenart. Es werden zahlreiche Bilder der Orchidee am Naturstandort gezeigt.\" \/>\n<meta name=\"robots\" content=\"index, follow, max-snippet:-1, max-image-preview:large, max-video-preview:-1\" \/>\n<link rel=\"canonical\" href=\"http:\/\/www.fancyplants.de\/de\/orchidshome\/spec\/purespec\/anacamptis\/\" \/>\n<meta property=\"og:locale\" content=\"de_DE\" \/>\n<meta property=\"og:type\" content=\"article\" \/>\n<meta property=\"og:title\" content=\"Anacamptis - Fancy Plants - Deutsch\" \/>\n<meta property=\"og:description\" content=\"Portrait der Pyramidenorchis (Anacamptis pyramidalis), einer wildwachsenden europ\u00e4ischen Orchideenart. Es werden zahlreiche Bilder der Orchidee am Naturstandort gezeigt.\" \/>\n<meta property=\"og:url\" content=\"http:\/\/www.fancyplants.de\/de\/orchidshome\/spec\/purespec\/anacamptis\/\" \/>\n<meta property=\"og:site_name\" content=\"Fancy Plants - Deutsch\" \/>\n<meta property=\"article:modified_time\" content=\"2019-11-17T11:12:59+00:00\" \/>\n<meta name=\"twitter:card\" content=\"summary_large_image\" \/>\n<meta name=\"twitter:label1\" content=\"Gesch\u00e4tzte Lesezeit\" \/>\n\t<meta name=\"twitter:data1\" content=\"7\u00a0Minuten\" \/>\n<script type=\"application\/ld+json\" class=\"yoast-schema-graph\">{\"@context\":\"https:\/\/schema.org\",\"@graph\":[{\"@type\":\"WebPage\",\"@id\":\"http:\/\/www.fancyplants.de\/de\/orchidshome\/spec\/purespec\/anacamptis\/\",\"url\":\"http:\/\/www.fancyplants.de\/de\/orchidshome\/spec\/purespec\/anacamptis\/\",\"name\":\"Anacamptis - Fancy Plants - Deutsch\",\"isPartOf\":{\"@id\":\"http:\/\/www.fancyplants.de\/de\/#website\"},\"datePublished\":\"2015-06-27T14:33:18+00:00\",\"dateModified\":\"2019-11-17T11:12:59+00:00\",\"description\":\"Portrait der Pyramidenorchis (Anacamptis pyramidalis), einer wildwachsenden europ\u00e4ischen Orchideenart. Es werden zahlreiche Bilder der Orchidee am Naturstandort gezeigt.\",\"breadcrumb\":{\"@id\":\"http:\/\/www.fancyplants.de\/de\/orchidshome\/spec\/purespec\/anacamptis\/#breadcrumb\"},\"inLanguage\":\"de\",\"potentialAction\":[{\"@type\":\"ReadAction\",\"target\":[\"http:\/\/www.fancyplants.de\/de\/orchidshome\/spec\/purespec\/anacamptis\/\"]}]},{\"@type\":\"BreadcrumbList\",\"@id\":\"http:\/\/www.fancyplants.de\/de\/orchidshome\/spec\/purespec\/anacamptis\/#breadcrumb\",\"itemListElement\":[{\"@type\":\"ListItem\",\"position\":1,\"name\":\"Home\",\"item\":\"http:\/\/www.fancyplants.de\/de\/\"},{\"@type\":\"ListItem\",\"position\":2,\"name\":\"Europ\u00e4ische Orchideen\",\"item\":\"http:\/\/www.fancyplants.de\/de\/orchidshome\/\"},{\"@type\":\"ListItem\",\"position\":3,\"name\":\"Arten\",\"item\":\"http:\/\/www.fancyplants.de\/de\/orchidshome\/spec\/\"},{\"@type\":\"ListItem\",\"position\":4,\"name\":\"Reine Arten\",\"item\":\"http:\/\/www.fancyplants.de\/de\/orchidshome\/spec\/purespec\/\"},{\"@type\":\"ListItem\",\"position\":5,\"name\":\"Anacamptis\"}]},{\"@type\":\"WebSite\",\"@id\":\"http:\/\/www.fancyplants.de\/de\/#website\",\"url\":\"http:\/\/www.fancyplants.de\/de\/\",\"name\":\"Fancy Plants - Deutsch\",\"description\":\"Eine weitere WordPress-Seite\",\"potentialAction\":[{\"@type\":\"SearchAction\",\"target\":{\"@type\":\"EntryPoint\",\"urlTemplate\":\"http:\/\/www.fancyplants.de\/de\/?s={search_term_string}\"},\"query-input\":{\"@type\":\"PropertyValueSpecification\",\"valueRequired\":true,\"valueName\":\"search_term_string\"}}],\"inLanguage\":\"de\"}]}<\/script>\n<!-- \/ Yoast SEO plugin. -->","yoast_head_json":{"title":"Anacamptis - Fancy Plants - Deutsch","description":"Portrait der Pyramidenorchis (Anacamptis pyramidalis), einer wildwachsenden europ\u00e4ischen Orchideenart. Es werden zahlreiche Bilder der Orchidee am Naturstandort gezeigt.","robots":{"index":"index","follow":"follow","max-snippet":"max-snippet:-1","max-image-preview":"max-image-preview:large","max-video-preview":"max-video-preview:-1"},"canonical":"http:\/\/www.fancyplants.de\/de\/orchidshome\/spec\/purespec\/anacamptis\/","og_locale":"de_DE","og_type":"article","og_title":"Anacamptis - Fancy Plants - Deutsch","og_description":"Portrait der Pyramidenorchis (Anacamptis pyramidalis), einer wildwachsenden europ\u00e4ischen Orchideenart. Es werden zahlreiche Bilder der Orchidee am Naturstandort gezeigt.","og_url":"http:\/\/www.fancyplants.de\/de\/orchidshome\/spec\/purespec\/anacamptis\/","og_site_name":"Fancy Plants - Deutsch","article_modified_time":"2019-11-17T11:12:59+00:00","twitter_card":"summary_large_image","twitter_misc":{"Gesch\u00e4tzte Lesezeit":"7\u00a0Minuten"},"schema":{"@context":"https:\/\/schema.org","@graph":[{"@type":"WebPage","@id":"http:\/\/www.fancyplants.de\/de\/orchidshome\/spec\/purespec\/anacamptis\/","url":"http:\/\/www.fancyplants.de\/de\/orchidshome\/spec\/purespec\/anacamptis\/","name":"Anacamptis - Fancy Plants - Deutsch","isPartOf":{"@id":"http:\/\/www.fancyplants.de\/de\/#website"},"datePublished":"2015-06-27T14:33:18+00:00","dateModified":"2019-11-17T11:12:59+00:00","description":"Portrait der Pyramidenorchis (Anacamptis pyramidalis), einer wildwachsenden europ\u00e4ischen Orchideenart. Es werden zahlreiche Bilder der Orchidee am Naturstandort gezeigt.","breadcrumb":{"@id":"http:\/\/www.fancyplants.de\/de\/orchidshome\/spec\/purespec\/anacamptis\/#breadcrumb"},"inLanguage":"de","potentialAction":[{"@type":"ReadAction","target":["http:\/\/www.fancyplants.de\/de\/orchidshome\/spec\/purespec\/anacamptis\/"]}]},{"@type":"BreadcrumbList","@id":"http:\/\/www.fancyplants.de\/de\/orchidshome\/spec\/purespec\/anacamptis\/#breadcrumb","itemListElement":[{"@type":"ListItem","position":1,"name":"Home","item":"http:\/\/www.fancyplants.de\/de\/"},{"@type":"ListItem","position":2,"name":"Europ\u00e4ische Orchideen","item":"http:\/\/www.fancyplants.de\/de\/orchidshome\/"},{"@type":"ListItem","position":3,"name":"Arten","item":"http:\/\/www.fancyplants.de\/de\/orchidshome\/spec\/"},{"@type":"ListItem","position":4,"name":"Reine Arten","item":"http:\/\/www.fancyplants.de\/de\/orchidshome\/spec\/purespec\/"},{"@type":"ListItem","position":5,"name":"Anacamptis"}]},{"@type":"WebSite","@id":"http:\/\/www.fancyplants.de\/de\/#website","url":"http:\/\/www.fancyplants.de\/de\/","name":"Fancy Plants - Deutsch","description":"Eine weitere WordPress-Seite","potentialAction":[{"@type":"SearchAction","target":{"@type":"EntryPoint","urlTemplate":"http:\/\/www.fancyplants.de\/de\/?s={search_term_string}"},"query-input":{"@type":"PropertyValueSpecification","valueRequired":true,"valueName":"search_term_string"}}],"inLanguage":"de"}]}},"_links":{"self":[{"href":"http:\/\/www.fancyplants.de\/de\/wp-json\/wp\/v2\/pages\/547","targetHints":{"allow":["GET"]}}],"collection":[{"href":"http:\/\/www.fancyplants.de\/de\/wp-json\/wp\/v2\/pages"}],"about":[{"href":"http:\/\/www.fancyplants.de\/de\/wp-json\/wp\/v2\/types\/page"}],"author":[{"embeddable":true,"href":"http:\/\/www.fancyplants.de\/de\/wp-json\/wp\/v2\/users\/1"}],"replies":[{"embeddable":true,"href":"http:\/\/www.fancyplants.de\/de\/wp-json\/wp\/v2\/comments?post=547"}],"version-history":[{"count":3,"href":"http:\/\/www.fancyplants.de\/de\/wp-json\/wp\/v2\/pages\/547\/revisions"}],"predecessor-version":[{"id":3433,"href":"http:\/\/www.fancyplants.de\/de\/wp-json\/wp\/v2\/pages\/547\/revisions\/3433"}],"up":[{"embeddable":true,"href":"http:\/\/www.fancyplants.de\/de\/wp-json\/wp\/v2\/pages\/297"}],"wp:attachment":[{"href":"http:\/\/www.fancyplants.de\/de\/wp-json\/wp\/v2\/media?parent=547"}],"curies":[{"name":"wp","href":"https:\/\/api.w.org\/{rel}","templated":true}]}}