{"id":544,"date":"2015-06-27T16:32:54","date_gmt":"2015-06-27T14:32:54","guid":{"rendered":"http:\/\/www.fancyplants.de\/de\/?page_id=544"},"modified":"2019-11-17T11:40:46","modified_gmt":"2019-11-17T10:40:46","slug":"aceras","status":"publish","type":"page","link":"http:\/\/www.fancyplants.de\/de\/orchidshome\/spec\/purespec\/aceras\/","title":{"rendered":"Aceras"},"content":{"rendered":"<div class=\"fusion-fullwidth fullwidth-box fusion-builder-row-1 hundred-percent-fullwidth non-hundred-percent-height-scrolling\" style=\"--awb-border-radius-top-left:0px;--awb-border-radius-top-right:0px;--awb-border-radius-bottom-right:0px;--awb-border-radius-bottom-left:0px;--awb-overflow:visible;--awb-flex-wrap:wrap;\" ><div class=\"fusion-builder-row fusion-row\"><div class=\"fusion-layout-column fusion_builder_column fusion-builder-column-0 fusion_builder_column_1_1 1_1 fusion-one-full fusion-column-first fusion-column-last\" style=\"--awb-bg-size:cover;\"><div class=\"fusion-column-wrapper fusion-flex-column-wrapper-legacy\"><div class=\"fusion-title title fusion-title-1 fusion-title-text fusion-title-size-one\"><h1 class=\"fusion-title-heading title-heading-left\" style=\"margin:0;\">Ohnsporn (<i>Aceras<\/i>)<\/h1><span class=\"awb-title-spacer\"><\/span><div class=\"title-sep-container\"><div class=\"title-sep sep-single sep-solid\" style=\"border-color:#3e3e3e;\"><\/div><\/div><\/div><div class=\"fusion-title title fusion-title-2 fusion-title-text fusion-title-size-two\"><h2 class=\"fusion-title-heading title-heading-left\" style=\"margin:0;\">Im \u00dcberblick<\/h2><span class=\"awb-title-spacer\"><\/span><div class=\"title-sep-container\"><div class=\"title-sep sep-single sep-solid\" style=\"border-color:#3e3e3e;\"><\/div><\/div><\/div><div class=\"fusion-text fusion-text-1\"><p>Der Ohnsporn, auch Puppenorchis genannt, ist eine kalkliebende Orchidee des westlichen Mittelmeerraumes. Nach Osten hin trifft man ihn seltener an. Die w\u00e4rmeliebende Pflanze w\u00e4chst auf Magerrasen oder im lichten Geb\u00fcsch und kommt auch in Deutschland in warmen Lagen selten vor.<\/p>\n<p>Nach neueren molekurbiologischen Untersuchungen wird der Ohnsporn mit Vertretern des Militaris-Formenkreises in die Gattung <i>Orchis<\/i> als <i>Orchis anthropophora<\/i> eingruppiert, hierzu passt auch die Beobachtung, dass der Ohnsporn mit Vertretern des Militaris-Formenkreises innerhalb der Gattung <i>Orchis<\/i> hybridisiert. So sind Hybriden mit <i>Orchis italica<\/i>, <i>Orchis militaris<\/i>, <i>Orchis purpurea<\/i> und <i>Orchis simia<\/i> bekannt.<\/p>\n<\/div><div class=\"fusion-title title fusion-title-3 fusion-title-text fusion-title-size-two\" id=\"anthropophorum\"><h2 class=\"fusion-title-heading title-heading-left\" style=\"margin:0;\"><i>Aceras anthropophorum<\/i><\/h2><span class=\"awb-title-spacer\"><\/span><div class=\"title-sep-container\"><div class=\"title-sep sep-single sep-solid\" style=\"border-color:#3e3e3e;\"><\/div><\/div><\/div><div class=\"fusion-clearfix\"><\/div><\/div><\/div><\/div><\/div><div class=\"fusion-fullwidth fullwidth-box fusion-builder-row-2 nonhundred-percent-fullwidth non-hundred-percent-height-scrolling\" style=\"--awb-background-position:left top;--awb-border-radius-top-left:0px;--awb-border-radius-top-right:0px;--awb-border-radius-bottom-right:0px;--awb-border-radius-bottom-left:0px;--awb-padding-top:20px;--awb-padding-right:0px;--awb-padding-bottom:20px;--awb-padding-left:0px;--awb-background-color:#29292a;--awb-border-sizes-top:0px;--awb-border-sizes-bottom:0px;--awb-flex-wrap:wrap;\" ><div class=\"fusion-builder-row fusion-row\"><div class=\"fusion-layout-column fusion_builder_column fusion-builder-column-1 fusion_builder_column_1_3 1_3 fusion-one-third fusion-column-first\" style=\"--awb-bg-size:cover;width:30.6666%; margin-right: 4%;\"><div class=\"fusion-column-wrapper fusion-flex-column-wrapper-legacy\"><div class=\"fusion-text fusion-text-2\"><div class=\"intextl\"><a class=\"lupe350\" title=\"Aceras anthropophorum, Kesari.\" href=\"..\/..\/..\/..\/..\/images\/purespec\/aceras\/anthropophorum7.jpg\" data-gallery=\"\"><img decoding=\"async\" src=\"..\/..\/..\/..\/..\/images\/purespec\/aceras\/anthropophorum7s.jpg\" alt=\"Aceras anthropophorum, Kesari.\" width=\"350\" height=\"541\" \/><span><\/span><\/a><\/div>\n<p>05.04.2014, <em>Kesari<\/em>, Griechenland<\/p>\n<\/div><div class=\"fusion-clearfix\"><\/div><\/div><\/div><div class=\"fusion-layout-column fusion_builder_column fusion-builder-column-2 fusion_builder_column_1_3 1_3 fusion-one-third\" style=\"--awb-bg-size:cover;width:30.6666%; margin-right: 4%;\"><div class=\"fusion-column-wrapper fusion-flex-column-wrapper-legacy\"><div class=\"fusion-text fusion-text-3\"><div class=\"intextl\"><a class=\"lupe350\" title=\"Aceras anthropophorum, Kesari.\" href=\"..\/..\/..\/..\/..\/images\/purespec\/aceras\/anthropophorum6.jpg\" data-gallery=\"\"><img decoding=\"async\" src=\"..\/..\/..\/..\/..\/images\/purespec\/aceras\/anthropophorum6s.jpg\" alt=\"Aceras anthropophorum, Kesari.\" width=\"350\" height=\"541\" \/><span><\/span><\/a><\/div>\n<p>05.04.2014, <em>Kesari<\/em>, Griechenland<\/p>\n<\/div><div class=\"fusion-clearfix\"><\/div><\/div><\/div><div class=\"fusion-layout-column fusion_builder_column fusion-builder-column-3 fusion_builder_column_1_3 1_3 fusion-one-third fusion-column-last\" style=\"--awb-bg-size:cover;width:30.6666%;\"><div class=\"fusion-column-wrapper fusion-flex-column-wrapper-legacy\"><div class=\"fusion-text fusion-text-4\"><div class=\"intextl\"><a class=\"lupe350\" title=\"Aceras anthropophorum, Alfedena.\" href=\"..\/..\/..\/..\/..\/images\/purespec\/aceras\/anthropophorum1.jpg\" data-gallery=\"\"><img decoding=\"async\" src=\"..\/..\/..\/..\/..\/images\/purespec\/aceras\/anthropophorum1s.jpg\" alt=\"Aceras anthropophorum, Alfedena.\" width=\"350\" height=\"541\" \/><span><\/span><\/a><\/div>\n<p>23.05.2013, <em>Alfedena<\/em>, Abruzzen<\/p>\n<\/div><div class=\"fusion-clearfix\"><\/div><\/div><\/div><div class=\"fusion-layout-column fusion_builder_column fusion-builder-column-4 fusion_builder_column_1_3 1_3 fusion-one-third fusion-column-first\" style=\"--awb-bg-size:cover;width:30.6666%; margin-right: 4%;\"><div class=\"fusion-column-wrapper fusion-flex-column-wrapper-legacy\"><div class=\"fusion-text fusion-text-5\"><div class=\"intextl\"><a class=\"lupe350\" title=\"Aceras anthropophorum, Cervaro.\" href=\"..\/..\/..\/..\/..\/images\/purespec\/aceras\/anthropophorum2.jpg\" data-gallery=\"\"><img decoding=\"async\" src=\"..\/..\/..\/..\/..\/images\/purespec\/aceras\/anthropophorum2s.jpg\" alt=\"Aceras anthropophorum, Cervaro.\" width=\"350\" height=\"541\" \/><span><\/span><\/a><\/div>\n<p>24.05.2013, <em>Cervaro<\/em>, Abruzzen<\/p>\n<\/div><div class=\"fusion-clearfix\"><\/div><\/div><\/div><div class=\"fusion-layout-column fusion_builder_column fusion-builder-column-5 fusion_builder_column_1_3 1_3 fusion-one-third\" style=\"--awb-bg-size:cover;width:30.6666%; margin-right: 4%;\"><div class=\"fusion-column-wrapper fusion-flex-column-wrapper-legacy\"><div class=\"fusion-text fusion-text-6\"><div class=\"intextl\"><a class=\"lupe350\" title=\"Aceras anthropophorum, Cervaro.\" href=\"..\/..\/..\/..\/..\/images\/purespec\/aceras\/anthropophorum3.jpg\" data-gallery=\"\"><img decoding=\"async\" src=\"..\/..\/..\/..\/..\/images\/purespec\/aceras\/anthropophorum3s.jpg\" alt=\"Aceras anthropophorum, Cervaro.\" width=\"350\" height=\"541\" \/><span><\/span><\/a><\/div>\n<p>24.05.2013, <em>Cervaro<\/em>, Abruzzen<\/p>\n<\/div><div class=\"fusion-clearfix\"><\/div><\/div><\/div><div class=\"fusion-layout-column fusion_builder_column fusion-builder-column-6 fusion_builder_column_1_3 1_3 fusion-one-third fusion-column-last\" style=\"--awb-bg-size:cover;width:30.6666%;\"><div class=\"fusion-column-wrapper fusion-flex-column-wrapper-legacy\"><div class=\"fusion-text fusion-text-7\"><div class=\"intextl\"><a class=\"lupe350\" title=\"Aceras anthropophorum, Alfedena.\" href=\"..\/..\/..\/..\/..\/images\/purespec\/aceras\/anthropophorum4.jpg\" data-gallery=\"\"><img decoding=\"async\" src=\"..\/..\/..\/..\/..\/images\/purespec\/aceras\/anthropophorum4s.jpg\" alt=\"Aceras anthropophorum, Alfedena.\" width=\"350\" height=\"541\" \/><span><\/span><\/a><\/div>\n<p>23.05.2013, <em>Alfedena<\/em>, Abruzzen<\/p>\n<\/div><div class=\"fusion-clearfix\"><\/div><\/div><\/div><div class=\"fusion-layout-column fusion_builder_column fusion-builder-column-7 fusion_builder_column_1_3 1_3 fusion-one-third fusion-column-first\" style=\"--awb-bg-size:cover;width:30.6666%; margin-right: 4%;\"><div class=\"fusion-column-wrapper fusion-flex-column-wrapper-legacy\"><div class=\"fusion-text fusion-text-8\"><div class=\"intextl\"><a class=\"lupe350\" title=\"Aceras anthropophorum zusammen mit Himantoglossum adriaticum, Alfedena.\" href=\"..\/..\/..\/..\/..\/images\/purespec\/aceras\/anthropophorum5.jpg\" data-gallery=\"\"><img decoding=\"async\" src=\"..\/..\/..\/..\/..\/images\/purespec\/aceras\/anthropophorum5s.jpg\" alt=\"Aceras anthropophorum zusammen mit Himantoglossum adriaticum, Alfedena\" width=\"350\" height=\"541\" \/><span><\/span><\/a><\/div>\n<p>23.05.2013, <em>Alfedena<\/em>, Abruzzen<\/p>\n<\/div><div class=\"fusion-clearfix\"><\/div><\/div><\/div><div class=\"fusion-layout-column fusion_builder_column fusion-builder-column-8 fusion_builder_column_1_3 1_3 fusion-one-third\" style=\"--awb-bg-size:cover;width:30.6666%; margin-right: 4%;\"><div class=\"fusion-column-wrapper fusion-flex-column-wrapper-legacy\"><div class=\"fusion-text fusion-text-9\"><div class=\"intextl\"><a class=\"lupe350\" title=\"Aceras anthropophorum, Kappel.\" href=\"..\/..\/..\/..\/..\/images\/purespec\/aceras\/anthropophorum8.jpg\" data-gallery=\"\"><img decoding=\"async\" src=\"..\/..\/..\/..\/..\/images\/purespec\/aceras\/anthropophorum8s.jpg\" alt=\"Aceras anthropophorum, Kappel.\" width=\"350\" height=\"541\" \/><span><\/span><\/a><\/div>\n<p>20.05.2015, <em>Kappel<\/em>, Deutschland<\/p>\n<\/div><div class=\"fusion-clearfix\"><\/div><\/div><\/div><div class=\"fusion-layout-column fusion_builder_column fusion-builder-column-9 fusion_builder_column_1_3 1_3 fusion-one-third fusion-column-last\" style=\"--awb-bg-size:cover;width:30.6666%;\"><div class=\"fusion-column-wrapper fusion-flex-column-wrapper-legacy\"><div class=\"fusion-text fusion-text-10\"><div class=\"intextl\"><a class=\"lupe350\" title=\"Aceras anthropophorum, Kappel.\" href=\"..\/..\/..\/..\/..\/images\/purespec\/aceras\/anthropophorum9.jpg\" data-gallery=\"\"><img decoding=\"async\" src=\"..\/..\/..\/..\/..\/images\/purespec\/aceras\/anthropophorum9s.jpg\" alt=\"Aceras anthropophorum, Kappel.\" width=\"350\" height=\"541\" \/><span><\/span><\/a><\/div>\n<p>20.05.2015, <em>Kappel<\/em>, Deutschland<\/p>\n<\/div><div class=\"fusion-clearfix\"><\/div><\/div><\/div><div class=\"fusion-layout-column fusion_builder_column fusion-builder-column-10 fusion_builder_column_1_3 1_3 fusion-one-third fusion-column-first\" style=\"--awb-bg-size:cover;width:30.6666%; margin-right: 4%;\"><div class=\"fusion-column-wrapper fusion-flex-column-wrapper-legacy\"><div class=\"fusion-text fusion-text-11\"><div class=\"intextl\"><a class=\"lupe350\" title=\"Aceras anthropophorum, Kappel.\" href=\"..\/..\/..\/..\/..\/images\/purespec\/aceras\/anthropophorum10.jpg\" data-gallery=\"\"><img decoding=\"async\" src=\"..\/..\/..\/..\/..\/images\/purespec\/aceras\/anthropophorum10s.jpg\" alt=\"Aceras anthropophorum, Kappel.\" width=\"350\" height=\"541\" \/><span><\/span><\/a><\/div>\n<p>20.05.2015, <em>Kappel<\/em>, Deutschland<\/p>\n<\/div><div class=\"fusion-clearfix\"><\/div><\/div><\/div><div class=\"fusion-layout-column fusion_builder_column fusion-builder-column-11 fusion_builder_column_1_3 1_3 fusion-one-third\" style=\"--awb-bg-size:cover;width:30.6666%; margin-right: 4%;\"><div class=\"fusion-column-wrapper fusion-flex-column-wrapper-legacy\"><div class=\"fusion-text fusion-text-12\"><div class=\"intextl\"><a class=\"lupe350\" title=\"Aceras anthropophorum, Mattinata.\" href=\"..\/..\/..\/..\/..\/images\/purespec\/aceras\/anthropophorum11.jpg\" data-gallery=\"\"><img decoding=\"async\" src=\"..\/..\/..\/..\/..\/images\/purespec\/aceras\/anthropophorum11s.jpg\" alt=\"Aceras anthropophorum, Mattinata.\" width=\"350\" height=\"541\" \/><span><\/span><\/a><\/div>\n<p>12.04.2018, <em>Mattinata<\/em>, Monte Gargano<\/p>\n<\/div><div class=\"fusion-clearfix\"><\/div><\/div><\/div><div class=\"fusion-layout-column fusion_builder_column fusion-builder-column-12 fusion_builder_column_1_3 1_3 fusion-one-third fusion-column-last\" style=\"--awb-bg-size:cover;width:30.6666%;\"><div class=\"fusion-column-wrapper fusion-flex-column-wrapper-legacy\"><div class=\"fusion-text fusion-text-13\"><div class=\"intextl\"><a class=\"lupe350\" title=\"Aceras anthropophorum, Mattinata.\" href=\"..\/..\/..\/..\/..\/images\/purespec\/aceras\/anthropophorum12.jpg\" data-gallery=\"\"><img decoding=\"async\" src=\"..\/..\/..\/..\/..\/images\/purespec\/aceras\/anthropophorum12s.jpg\" alt=\"Aceras anthropophorum, Mattinata.\" width=\"350\" height=\"541\" \/><span><\/span><\/a><\/div>\n<p>12.04.2018, <em>Mattinata<\/em>, Monte Gargano<\/p>\n<\/div><div class=\"fusion-clearfix\"><\/div><\/div><\/div><div class=\"fusion-layout-column fusion_builder_column fusion-builder-column-13 fusion_builder_column_1_3 1_3 fusion-one-third fusion-column-first\" style=\"--awb-bg-size:cover;width:30.6666%; margin-right: 4%;\"><div class=\"fusion-column-wrapper fusion-flex-column-wrapper-legacy\"><div class=\"fusion-text fusion-text-14\"><div class=\"intextl\"><a class=\"lupe350\" title=\"Aceras anthropophorum, Monte Sacro.\" href=\"..\/..\/..\/..\/..\/images\/purespec\/aceras\/anthropophorum13.jpg\" data-gallery=\"\"><img decoding=\"async\" src=\"..\/..\/..\/..\/..\/images\/purespec\/aceras\/anthropophorum13s.jpg\" alt=\"Aceras anthropophorum, Monte Sacro.\" width=\"350\" height=\"541\" \/><span><\/span><\/a><\/div>\n<p>13.04.2018, <em>Monte Sacro<\/em>, Monte Gargano<\/p>\n<\/div><div class=\"fusion-clearfix\"><\/div><\/div><\/div><div class=\"fusion-layout-column fusion_builder_column fusion-builder-column-14 fusion_builder_column_1_3 1_3 fusion-one-third\" style=\"--awb-bg-size:cover;width:30.6666%; margin-right: 4%;\"><div class=\"fusion-column-wrapper fusion-flex-column-wrapper-legacy\"><div class=\"fusion-text fusion-text-15\"><div class=\"intextl\"><a class=\"lupe350\" title=\"Aceras anthropophorum, Monte Sacro.\" href=\"..\/..\/..\/..\/..\/images\/purespec\/aceras\/anthropophorum14.jpg\" data-gallery=\"\"><img decoding=\"async\" src=\"..\/..\/..\/..\/..\/images\/purespec\/aceras\/anthropophorum14s.jpg\" alt=\"Aceras anthropophorum, Monte Sacro.\" width=\"350\" height=\"541\" \/><span><\/span><\/a><\/div>\n<p>13.04.2018, <em>Monte Sacro<\/em>, Monte Gargano<\/p>\n<\/div><div class=\"fusion-clearfix\"><\/div><\/div><\/div><div class=\"fusion-layout-column fusion_builder_column fusion-builder-column-15 fusion_builder_column_1_3 1_3 fusion-one-third fusion-column-last\" style=\"--awb-bg-size:cover;width:30.6666%;\"><div class=\"fusion-column-wrapper fusion-flex-column-wrapper-legacy\"><div class=\"fusion-text fusion-text-16\"><div class=\"intextl\"><a class=\"lupe350\" title=\"Aceras anthropophorum, Massafra.\" href=\"..\/..\/..\/..\/..\/images\/purespec\/aceras\/anthropophorum15.jpg\" data-gallery=\"\"><img decoding=\"async\" src=\"..\/..\/..\/..\/..\/images\/purespec\/aceras\/anthropophorum15s.jpg\" alt=\"Aceras anthropophorum, Massafra.\" width=\"350\" height=\"541\" \/><span><\/span><\/a><\/div>\n<p>17.04.2018, <em>Massafra<\/em>, Apulien<\/p>\n<\/div><div class=\"fusion-clearfix\"><\/div><\/div><\/div><div class=\"fusion-layout-column fusion_builder_column fusion-builder-column-16 fusion_builder_column_1_3 1_3 fusion-one-third fusion-column-first\" style=\"--awb-bg-size:cover;width:30.6666%; margin-right: 4%;\"><div class=\"fusion-column-wrapper fusion-flex-column-wrapper-legacy\"><div class=\"fusion-text fusion-text-17\"><div class=\"intextl\"><img decoding=\"async\" src=\"..\/..\/..\/..\/..\/images\/purespec\/aceras\/03.jpg\" alt=\"Aceras anthropophorum, Ittiri.\" width=\"350\" height=\"541\" \/><\/div>\n<p>18.04.2009, <em>Ittiri<\/em>, Sardinien<\/p>\n<\/div><div class=\"fusion-clearfix\"><\/div><\/div><\/div><\/div><\/div>","protected":false},"excerpt":{"rendered":"","protected":false},"author":1,"featured_media":0,"parent":297,"menu_order":0,"comment_status":"open","ping_status":"open","template":"","meta":{"footnotes":""},"class_list":["post-544","page","type-page","status-publish","hentry"],"yoast_head":"<!-- This site is optimized with the Yoast SEO plugin v26.9 - https:\/\/yoast.com\/product\/yoast-seo-wordpress\/ -->\n<title>Aceras - Fancy Plants - Deutsch<\/title>\n<meta name=\"description\" content=\"Portrait des Menschen\u00e4hnlichen Ohnsporns (Aceras anthropophorum), einer wildwachsenden europ\u00e4ischen Orchideenart. Es werden zahlreiche Bilder der Orchidee am Naturstandort gezeigt.\" \/>\n<meta name=\"robots\" content=\"index, follow, max-snippet:-1, max-image-preview:large, max-video-preview:-1\" \/>\n<link rel=\"canonical\" href=\"http:\/\/www.fancyplants.de\/de\/orchidshome\/spec\/purespec\/aceras\/\" \/>\n<meta property=\"og:locale\" content=\"de_DE\" \/>\n<meta property=\"og:type\" content=\"article\" \/>\n<meta property=\"og:title\" content=\"Aceras - Fancy Plants - Deutsch\" \/>\n<meta property=\"og:description\" content=\"Portrait des Menschen\u00e4hnlichen Ohnsporns (Aceras anthropophorum), einer wildwachsenden europ\u00e4ischen Orchideenart. Es werden zahlreiche Bilder der Orchidee am Naturstandort gezeigt.\" \/>\n<meta property=\"og:url\" content=\"http:\/\/www.fancyplants.de\/de\/orchidshome\/spec\/purespec\/aceras\/\" \/>\n<meta property=\"og:site_name\" content=\"Fancy Plants - Deutsch\" \/>\n<meta property=\"article:modified_time\" content=\"2019-11-17T10:40:46+00:00\" \/>\n<meta name=\"twitter:card\" content=\"summary_large_image\" \/>\n<meta name=\"twitter:label1\" content=\"Gesch\u00e4tzte Lesezeit\" \/>\n\t<meta name=\"twitter:data1\" content=\"8\u00a0Minuten\" \/>\n<script type=\"application\/ld+json\" class=\"yoast-schema-graph\">{\"@context\":\"https:\/\/schema.org\",\"@graph\":[{\"@type\":\"WebPage\",\"@id\":\"http:\/\/www.fancyplants.de\/de\/orchidshome\/spec\/purespec\/aceras\/\",\"url\":\"http:\/\/www.fancyplants.de\/de\/orchidshome\/spec\/purespec\/aceras\/\",\"name\":\"Aceras - Fancy Plants - Deutsch\",\"isPartOf\":{\"@id\":\"http:\/\/www.fancyplants.de\/de\/#website\"},\"datePublished\":\"2015-06-27T14:32:54+00:00\",\"dateModified\":\"2019-11-17T10:40:46+00:00\",\"description\":\"Portrait des Menschen\u00e4hnlichen Ohnsporns (Aceras anthropophorum), einer wildwachsenden europ\u00e4ischen Orchideenart. Es werden zahlreiche Bilder der Orchidee am Naturstandort gezeigt.\",\"breadcrumb\":{\"@id\":\"http:\/\/www.fancyplants.de\/de\/orchidshome\/spec\/purespec\/aceras\/#breadcrumb\"},\"inLanguage\":\"de\",\"potentialAction\":[{\"@type\":\"ReadAction\",\"target\":[\"http:\/\/www.fancyplants.de\/de\/orchidshome\/spec\/purespec\/aceras\/\"]}]},{\"@type\":\"BreadcrumbList\",\"@id\":\"http:\/\/www.fancyplants.de\/de\/orchidshome\/spec\/purespec\/aceras\/#breadcrumb\",\"itemListElement\":[{\"@type\":\"ListItem\",\"position\":1,\"name\":\"Home\",\"item\":\"http:\/\/www.fancyplants.de\/de\/\"},{\"@type\":\"ListItem\",\"position\":2,\"name\":\"Europ\u00e4ische Orchideen\",\"item\":\"http:\/\/www.fancyplants.de\/de\/orchidshome\/\"},{\"@type\":\"ListItem\",\"position\":3,\"name\":\"Arten\",\"item\":\"http:\/\/www.fancyplants.de\/de\/orchidshome\/spec\/\"},{\"@type\":\"ListItem\",\"position\":4,\"name\":\"Reine Arten\",\"item\":\"http:\/\/www.fancyplants.de\/de\/orchidshome\/spec\/purespec\/\"},{\"@type\":\"ListItem\",\"position\":5,\"name\":\"Aceras\"}]},{\"@type\":\"WebSite\",\"@id\":\"http:\/\/www.fancyplants.de\/de\/#website\",\"url\":\"http:\/\/www.fancyplants.de\/de\/\",\"name\":\"Fancy Plants - Deutsch\",\"description\":\"Eine weitere WordPress-Seite\",\"potentialAction\":[{\"@type\":\"SearchAction\",\"target\":{\"@type\":\"EntryPoint\",\"urlTemplate\":\"http:\/\/www.fancyplants.de\/de\/?s={search_term_string}\"},\"query-input\":{\"@type\":\"PropertyValueSpecification\",\"valueRequired\":true,\"valueName\":\"search_term_string\"}}],\"inLanguage\":\"de\"}]}<\/script>\n<!-- \/ Yoast SEO plugin. -->","yoast_head_json":{"title":"Aceras - Fancy Plants - Deutsch","description":"Portrait des Menschen\u00e4hnlichen Ohnsporns (Aceras anthropophorum), einer wildwachsenden europ\u00e4ischen Orchideenart. Es werden zahlreiche Bilder der Orchidee am Naturstandort gezeigt.","robots":{"index":"index","follow":"follow","max-snippet":"max-snippet:-1","max-image-preview":"max-image-preview:large","max-video-preview":"max-video-preview:-1"},"canonical":"http:\/\/www.fancyplants.de\/de\/orchidshome\/spec\/purespec\/aceras\/","og_locale":"de_DE","og_type":"article","og_title":"Aceras - Fancy Plants - Deutsch","og_description":"Portrait des Menschen\u00e4hnlichen Ohnsporns (Aceras anthropophorum), einer wildwachsenden europ\u00e4ischen Orchideenart. Es werden zahlreiche Bilder der Orchidee am Naturstandort gezeigt.","og_url":"http:\/\/www.fancyplants.de\/de\/orchidshome\/spec\/purespec\/aceras\/","og_site_name":"Fancy Plants - Deutsch","article_modified_time":"2019-11-17T10:40:46+00:00","twitter_card":"summary_large_image","twitter_misc":{"Gesch\u00e4tzte Lesezeit":"8\u00a0Minuten"},"schema":{"@context":"https:\/\/schema.org","@graph":[{"@type":"WebPage","@id":"http:\/\/www.fancyplants.de\/de\/orchidshome\/spec\/purespec\/aceras\/","url":"http:\/\/www.fancyplants.de\/de\/orchidshome\/spec\/purespec\/aceras\/","name":"Aceras - Fancy Plants - Deutsch","isPartOf":{"@id":"http:\/\/www.fancyplants.de\/de\/#website"},"datePublished":"2015-06-27T14:32:54+00:00","dateModified":"2019-11-17T10:40:46+00:00","description":"Portrait des Menschen\u00e4hnlichen Ohnsporns (Aceras anthropophorum), einer wildwachsenden europ\u00e4ischen Orchideenart. Es werden zahlreiche Bilder der Orchidee am Naturstandort gezeigt.","breadcrumb":{"@id":"http:\/\/www.fancyplants.de\/de\/orchidshome\/spec\/purespec\/aceras\/#breadcrumb"},"inLanguage":"de","potentialAction":[{"@type":"ReadAction","target":["http:\/\/www.fancyplants.de\/de\/orchidshome\/spec\/purespec\/aceras\/"]}]},{"@type":"BreadcrumbList","@id":"http:\/\/www.fancyplants.de\/de\/orchidshome\/spec\/purespec\/aceras\/#breadcrumb","itemListElement":[{"@type":"ListItem","position":1,"name":"Home","item":"http:\/\/www.fancyplants.de\/de\/"},{"@type":"ListItem","position":2,"name":"Europ\u00e4ische Orchideen","item":"http:\/\/www.fancyplants.de\/de\/orchidshome\/"},{"@type":"ListItem","position":3,"name":"Arten","item":"http:\/\/www.fancyplants.de\/de\/orchidshome\/spec\/"},{"@type":"ListItem","position":4,"name":"Reine Arten","item":"http:\/\/www.fancyplants.de\/de\/orchidshome\/spec\/purespec\/"},{"@type":"ListItem","position":5,"name":"Aceras"}]},{"@type":"WebSite","@id":"http:\/\/www.fancyplants.de\/de\/#website","url":"http:\/\/www.fancyplants.de\/de\/","name":"Fancy Plants - Deutsch","description":"Eine weitere WordPress-Seite","potentialAction":[{"@type":"SearchAction","target":{"@type":"EntryPoint","urlTemplate":"http:\/\/www.fancyplants.de\/de\/?s={search_term_string}"},"query-input":{"@type":"PropertyValueSpecification","valueRequired":true,"valueName":"search_term_string"}}],"inLanguage":"de"}]}},"_links":{"self":[{"href":"http:\/\/www.fancyplants.de\/de\/wp-json\/wp\/v2\/pages\/544","targetHints":{"allow":["GET"]}}],"collection":[{"href":"http:\/\/www.fancyplants.de\/de\/wp-json\/wp\/v2\/pages"}],"about":[{"href":"http:\/\/www.fancyplants.de\/de\/wp-json\/wp\/v2\/types\/page"}],"author":[{"embeddable":true,"href":"http:\/\/www.fancyplants.de\/de\/wp-json\/wp\/v2\/users\/1"}],"replies":[{"embeddable":true,"href":"http:\/\/www.fancyplants.de\/de\/wp-json\/wp\/v2\/comments?post=544"}],"version-history":[{"count":3,"href":"http:\/\/www.fancyplants.de\/de\/wp-json\/wp\/v2\/pages\/544\/revisions"}],"predecessor-version":[{"id":3431,"href":"http:\/\/www.fancyplants.de\/de\/wp-json\/wp\/v2\/pages\/544\/revisions\/3431"}],"up":[{"embeddable":true,"href":"http:\/\/www.fancyplants.de\/de\/wp-json\/wp\/v2\/pages\/297"}],"wp:attachment":[{"href":"http:\/\/www.fancyplants.de\/de\/wp-json\/wp\/v2\/media?parent=544"}],"curies":[{"name":"wp","href":"https:\/\/api.w.org\/{rel}","templated":true}]}}