{"id":516,"date":"2015-06-25T13:07:52","date_gmt":"2015-06-25T11:07:52","guid":{"rendered":"http:\/\/www.fancyplants.de\/de\/?page_id=516"},"modified":"2019-10-15T08:51:01","modified_gmt":"2019-10-15T06:51:01","slug":"orangutan","status":"publish","type":"page","link":"http:\/\/www.fancyplants.de\/de\/journeyhome\/borneo\/orangutan\/","title":{"rendered":"Special: Orang Utans"},"content":{"rendered":"<div class=\"fusion-fullwidth fullwidth-box fusion-builder-row-1 hundred-percent-fullwidth non-hundred-percent-height-scrolling\" style=\"--awb-border-radius-top-left:0px;--awb-border-radius-top-right:0px;--awb-border-radius-bottom-right:0px;--awb-border-radius-bottom-left:0px;--awb-overflow:visible;--awb-flex-wrap:wrap;\" ><div class=\"fusion-builder-row fusion-row\"><div class=\"fusion-layout-column fusion_builder_column fusion-builder-column-0 fusion_builder_column_1_1 1_1 fusion-one-full fusion-column-first fusion-column-last\" style=\"--awb-bg-size:cover;\"><div class=\"fusion-column-wrapper fusion-flex-column-wrapper-legacy\"><div class=\"fusion-title title fusion-title-1 fusion-title-text fusion-title-size-one\"><h1 class=\"fusion-title-heading title-heading-left\" style=\"margin:0;\">Special: Orang Utans auf Borneo<\/h1><span class=\"awb-title-spacer\"><\/span><div class=\"title-sep-container\"><div class=\"title-sep sep-single sep-solid\" style=\"border-color:#3e3e3e;\"><\/div><\/div><\/div><div class=\"fusion-image-element fusion-image-align-center in-legacy-container\" style=\"text-align:center;--awb-bottom-shadow-color:rgba(216,216,216,0.4);--awb-caption-title-font-family:var(--h2_typography-font-family);--awb-caption-title-font-weight:var(--h2_typography-font-weight);--awb-caption-title-font-style:var(--h2_typography-font-style);--awb-caption-title-size:var(--h2_typography-font-size);--awb-caption-title-transform:var(--h2_typography-text-transform);--awb-caption-title-line-height:var(--h2_typography-line-height);--awb-caption-title-letter-spacing:var(--h2_typography-letter-spacing);\"><div class=\"imageframe-align-center\"><div class=\"awb-image-frame awb-image-frame-1 awb-bottomshadow fusion-animated\" data-animationType=\"fadeInDown\" data-animationDuration=\"0.2\" data-animationOffset=\"top-into-view\"><span class=\" fusion-imageframe imageframe-bottomshadow imageframe-1 hover-type-none\"><img decoding=\"async\" alt=\"Fernreisen\" src=\"http:\/\/www.fancyplants.de\/de\/wp-content\/uploads\/2015\/06\/oranghead1.jpg\" class=\"img-responsive\"\/><\/span><svg xmlns=\"http:\/\/www.w3.org\/2000\/svg\" version=\"1.1\" width=\"100%\" viewBox=\"0 0 600 28\" preserveAspectRatio=\"none\"><g clip-path=\"url(#a)\"><mask id=\"b\" style=\"mask-type:luminance\" maskUnits=\"userSpaceOnUse\" x=\"0\" y=\"0\" width=\"600\" height=\"28\"><path d=\"M0 0h600v28H0V0Z\" fill=\"#fff\"\/><\/mask><g filter=\"url(#c)\" mask=\"url(#b)\"><path d=\"M16.439-18.667h567.123v30.8S438.961-8.4 300-8.4C161.04-8.4 16.438 12.133 16.438 12.133v-30.8Z\" fill=\"#000\"\/><\/g><\/g><defs><clipPath id=\"a\"><path fill=\"#fff\" d=\"M0 0h600v28H0z\"\/><\/clipPath><filter id=\"c\" x=\"5.438\" y=\"-29.667\" width=\"589.123\" height=\"52.8\" filterUnits=\"userSpaceOnUse\" color-interpolation-filters=\"sRGB\"><feFlood flood-opacity=\"0\" result=\"BackgroundImageFix\"\/><feBlend in=\"SourceGraphic\" in2=\"BackgroundImageFix\" result=\"shape\"\/><feGaussianBlur stdDeviation=\"5.5\" result=\"effect1_foregroundBlur_3983_183\"\/><\/filter><\/defs><\/svg><\/div><\/div><\/div><div class=\"fusion-sep-clear\"><\/div><div class=\"fusion-separator fusion-full-width-sep\" style=\"margin-left: auto;margin-right: auto;width:100%;\"><div class=\"fusion-separator-border sep-shadow\" style=\"--awb-height:20px;--awb-amount:20px;--awb-sep-color:#81d742;background:radial-gradient(ellipse at 50% -50% , #81d742 0px, rgba(255, 255, 255, 0) 80%) repeat scroll 0 0 rgba(0, 0, 0, 0);background:-webkit-radial-gradient(ellipse at 50% -50% , #81d742 0px, rgba(255, 255, 255, 0) 80%) repeat scroll 0 0 rgba(0, 0, 0, 0);background:-moz-radial-gradient(ellipse at 50% -50% , #81d742 0px, rgba(255, 255, 255, 0) 80%) repeat scroll 0 0 rgba(0, 0, 0, 0);background:-o-radial-gradient(ellipse at 50% -50% , #81d742 0px, rgba(255, 255, 255, 0) 80%) repeat scroll 0 0 rgba(0, 0, 0, 0);\"><\/div><\/div><div class=\"fusion-sep-clear\"><\/div><div class=\"fusion-title title fusion-title-2 fusion-title-text fusion-title-size-two\"><h2 class=\"fusion-title-heading title-heading-left\" style=\"margin:0;\">Allgemeines &amp; Beschreibung<\/h2><span class=\"awb-title-spacer\"><\/span><div class=\"title-sep-container\"><div class=\"title-sep sep-single sep-solid\" style=\"border-color:#3e3e3e;\"><\/div><\/div><\/div><div class=\"fusion-text fusion-text-1\"><div class=\"intextl\"><a class=\"lupe200\" title=\"Ein Orang Utan hoch oben im Baum. In der Natur halten sich Orang Utans nur ausnahmsweise und kurz auf dem Erdboden auf. Orang Utans sind die einzigen baumbewohnenden Menschenaffen.\" href=\"..\/..\/..\/..\/images\/borneo\/086.jpg\" data-gallery=\"\"><img decoding=\"async\" src=\"..\/..\/..\/..\/images\/borneo\/086s.jpg\" alt=\"Ein Orang Utan hoch oben im Baum. In der Natur halten sich Orang Utans nur ausnahmsweise und kurz auf dem Erdboden auf. Orang Utans sind die einzigen baumbewohnenden Menschenaffen.\" width=\"200\" height=\"200\" \/><span><\/span><\/a><\/div>\n<p>Zusammen mit den Menschen, den Gorillas und den Schimpansen bilden die Orang Utans die Familie der Menschenaffen (<i>Hominidae<\/i>). Die afrikanischen Gorillas und Schimpansen sind mit dem Menschen enger verwandt und bilden zusammen die Unterfamilie <i>Homininae<\/i>. Alle drei Gruppen stammen aus Afrika und sind bodenbewohnend. Die baumbewohnenden, asiatischen Orang Utans bilden hingegen eine eigene Unterfamilie, die <i>Ponginae<\/i>.<\/p>\n<div class=\"intextr\"><a class=\"lupe200\" title=\"Wenige Meter k\u00f6nnen Orang Utans auch aufrecht zur\u00fccklegen.\" href=\"..\/..\/..\/..\/images\/borneo\/083.jpg\" data-gallery=\"\"><img decoding=\"async\" src=\"..\/..\/..\/..\/images\/borneo\/083s.jpg\" alt=\"Wenige Meter k\u00f6nnen Orang Utans auch aufrecht zur\u00fccklegen.\" width=\"200\" height=\"200\" \/><span><\/span><\/a><\/div>\n<p>Der Name Orang Utan stammt aus dem Malaiischen und bedeutet \u00fcbersetzt Waldmenschen. Er setzt sich aus den Begriffen <i>orang<\/i> (Mensch) und <i>utan<\/i> (Wald) zusammen.<\/p>\n<p>Die rot behaarten Orang Utans sind die einzige baumbewohnende Menschenaffenart. Sie weisen eine Kopf-Rumpfl\u00e4nge von bis zu 1,50 m auf. Die Gliedma\u00dfen sind stark an die baumbewohnende Lebensweise angepasst, die Armspannweite kann bis zu 2,25 m betragen.<\/p>\n<div class=\"intextl\"><a class=\"lupe200\" title=\"Eine Orang Utan - Mutter mit ihrem Nachwuchs.\" href=\"..\/..\/..\/..\/images\/borneo\/087.jpg\" data-gallery=\"\"><img decoding=\"async\" src=\"..\/..\/..\/..\/images\/borneo\/087s.jpg\" alt=\"Eine Orang Utan - Mutter mit ihrem Nachwuchs.\" width=\"200\" height=\"200\" \/><span><\/span><\/a><\/div>\n<p>Die einzelg\u00e4ngerischen Orang Utans besitzen meist ein festes Revier, junge M\u00e4nnchen zeigen eher ein Wanderverhalten. Orang Utans ern\u00e4hren sich fast ausschlie\u00dflich vegetarisch, \u00fcber die H\u00e4lfte der Nahrung machen Fr\u00fcchte aus. Ein Werkzeuggebrauch ist in der Natur nur selten zu beobachten.<\/p>\n<div class=\"intextr\"><a class=\"lupe200\" title=\"Mehrere Schlafnester der Orang Utans. Da diese bereits komplett braun sind, betr\u00e4gt das Alter der Nester mindestens eine Woche.\" href=\"..\/..\/..\/..\/images\/borneo\/085.jpg\" data-gallery=\"\"><img decoding=\"async\" src=\"..\/..\/..\/..\/images\/borneo\/085s.jpg\" alt=\"Mehrere Schlafnester der Orang Utans. Da diese bereits komplett braun sind, betr\u00e4gt das Alter der Nester mindestens eine Woche.\" width=\"200\" height=\"200\" \/><span><\/span><\/a><\/div>\n<p>Die Reproduktionsrate von Orang Utans ist verh\u00e4ltnism\u00e4\u00dfig lang. Nach einer durchschnittlichen Tragezeit von 245 Tagen kommt fast immer nur ein Baby zur Welt, Zwillinge sind extrem selten. Nach dem zweiten Lebensjahr l\u00f6st sich allm\u00e4hlich der Nachwuchs von der alleinerziehenden Mutter, es beginnt seine Kletterf\u00e4higkeiten auszubauen, pflegt aber weiterhin eine enge Beziehung zur Mutter. Nach dem f\u00fcnften Lebensjahr beginnt die endg\u00fcltige Trennung von der Mutter. Bis zum achten Lebensjahr kommt es allerdings meist noch zu h\u00e4ufigeren Begegnungen zwischen Mutter und Nachwuchs. Neuerlichen Nachwuchs bekommt die Mutter meist erst nach vier bis acht Jahren.<\/p>\n<p>Der Mensch ist Hauptfeind der Orang Utans, nat\u00fcrliche Feinde sind der Sumatra-Tiger und Krokodile.<\/p>\n<\/div><div class=\"fusion-title title fusion-title-3 fusion-title-text fusion-title-size-two\"><h2 class=\"fusion-title-heading title-heading-left\" style=\"margin:0;\">Verbreitung<\/h2><span class=\"awb-title-spacer\"><\/span><div class=\"title-sep-container\"><div class=\"title-sep sep-single sep-solid\" style=\"border-color:#3e3e3e;\"><\/div><\/div><\/div><div class=\"fusion-text fusion-text-2\"><div class=\"intextl\"><a class=\"lupe200\" title=\"Die kleine Jip beobachtet uns interessiert.\" href=\"..\/..\/..\/..\/images\/borneo\/050.jpg\" data-gallery=\"\"><img decoding=\"async\" src=\"..\/..\/..\/..\/images\/borneo\/050s.jpg\" alt=\"Die kleine Jip beobachtet uns interessiert.\" width=\"200\" height=\"200\" \/><span><\/span><\/a><\/div>\n<p>Orang Utans sind nur in Indonesien zu finden. Pr\u00e4ziser formuliert erstreckt sich das Verbreitungsgebiet nur auf Sumatra und Borneo. Inzwischen werden die zwei Populationen als verschiedene Arten aufgefasst.<\/p>\n<div class=\"intextr\"><a class=\"lupe200\" title=\"Mutter Juni hoch oben in den Baumwipfeln.\" href=\"..\/..\/..\/..\/images\/borneo\/055.jpg\" data-gallery=\"\"><img decoding=\"async\" src=\"..\/..\/..\/..\/images\/borneo\/055s.jpg\" alt=\"Mutter Juni hoch oben in den Baumwipfeln.\" width=\"200\" height=\"200\" \/><span><\/span><\/a><\/div>\n<p>Auf Sumatra kommt der Sumatra \u2013 Orang Utan (<i>Pongo abelii<\/i>) vor und bewohnt nur den Nordteil der Insel. Auf Borneo findet sich hingegen der Borneo \u2013 Orang Utan (<i>Pongo pygmaeus<\/i>), der weiter in drei Unterarten gegliedert wird: <i>Pongo pygmaeus pygmaeus<\/i>, <i>Pongo pygmaeus morio<\/i> und <i>Pongo pygmaeus wurmbii<\/i>. Zu finden sind Orang Utans vor allem im s\u00fcd- und \u00f6stlichen Teil Borneos.<\/p>\n<p>Orang Utans sind die einzige baumbewohnende Menschenaffenart und lassen sich nur in tropischen Regenw\u00e4ldern bis zu einer H\u00f6he von 1.500 m \u00fcber NN finden. Bewohnt werden \u00fcberwiegend Sumpfregenw\u00e4lder und <i>Dipterocarpaceen<\/i>-W\u00e4lder (Fl\u00fcgelfruchtgew\u00e4chse), zu denen auch die Gattung <i>Shorea<\/i> geh\u00f6rt. Ein Vertreter dieser Gattung sind die Meranti-B\u00e4ume, die als Tropenh\u00f6lzer geschlagen und exportiert werden.<\/p>\n<\/div><div class=\"fusion-title title fusion-title-4 fusion-title-text fusion-title-size-two\"><h2 class=\"fusion-title-heading title-heading-left\" style=\"margin:0;\">Gef\u00e4hrdung<\/h2><span class=\"awb-title-spacer\"><\/span><div class=\"title-sep-container\"><div class=\"title-sep sep-single sep-solid\" style=\"border-color:#3e3e3e;\"><\/div><\/div><\/div><div class=\"fusion-text fusion-text-3\"><div class=\"intextr\"><a class=\"lupe200\" title=\"Orang Utan - M\u00e4dchen Jip.\" href=\"..\/..\/..\/..\/images\/borneo\/058.jpg\" data-gallery=\"\"><img decoding=\"async\" src=\"..\/..\/..\/..\/images\/borneo\/058s.jpg\" alt=\"Orang Utan - M\u00e4dchen Jip.\" width=\"200\" height=\"200\" \/><span><\/span><\/a><\/div>\n<p>Orang Utans sind stark gef\u00e4hrdet. Dabei ist der Sumatra \u2013 Orang Utan st\u00e4rker bedroht als der Borneo \u2013 Orang Utan. Auf Sumatra sollen Sch\u00e4tzungen zufolge keine 10.000 Orang Utans mehr leben, die IUCN sieht die Art daher als \u201evom Aussterben bedroht an\u201c (<i>critically endangered<\/i>). Die Sch\u00e4tzungen zur Bestandszahl des Borneo \u2013 Orang Utans sind sehr divergent und liegen zwischen 10.000 und 50.000. Von der IUCN wird diese Art als \u201estark gef\u00e4hrdet\u201c (<i>endangered<\/i>) eingestuft.<\/p>\n<div class=\"intextl\"><a class=\"lupe200\" title=\"Orang Utan - Weibchen Juni.\" href=\"..\/..\/..\/..\/images\/borneo\/057.jpg\" data-gallery=\"\"><img decoding=\"async\" src=\"..\/..\/..\/..\/images\/borneo\/057s.jpg\" alt=\"Orang Utan - Weibchen Juni.\" width=\"200\" height=\"200\" \/><span><\/span><\/a><\/div>\n<p>Die Ursachen f\u00fcr die Gef\u00e4hrdung der Orang Utans sind vielgestaltig. Als Hauptfaktor ist sicherlich die Zerst\u00f6rung des nat\u00fcrlichen Lebensraums anzusehen. Zu dieser Problematik finden sie <a class=\"link\" href=\"..\/..\/..\/gefaehrdung\">hier<\/a> eine ausf\u00fchrliche Betrachtung. Ein zunehmend bedeutsamer Faktor ist die Gewinnung von Fl\u00e4chen f\u00fcr die Palm\u00f6lproduktion, bei der Indonesien die herausragende Rolle spielt. Inzwischen wird Palm\u00f6l \u00fcberwiegend zu \u201eBiodiesel\u201c verarbeitet, so dass die westlichen Industrienationen mittelbar f\u00fcr den R\u00fcckgang der Orang Utans verantwortlich sind.<\/p>\n<div class=\"intextr\"><a class=\"lupe200\" title=\"Essender Orang Utan auf der Kaja Island.\" href=\"..\/..\/..\/..\/images\/borneo\/035.jpg\" data-gallery=\"\"><img decoding=\"async\" src=\"..\/..\/..\/..\/images\/borneo\/035s.jpg\" alt=\"Essender Orang Utan auf der Kaja Island.\" width=\"200\" height=\"200\" \/><span><\/span><\/a><\/div>\n<p>Weiterhin stellen die Jagd, der illegale Handel sowie die \u00dcbertragung von Krankheiten eine Rolle.<\/p>\n<p>In geringerem Ma\u00dfe werden Orang Utans ihres Fleisches wegen bejagt, eher erfolgt die Nachstellung in Obstplantagen oder Palm\u00f6lplantagen, wo sie als Gefahr oder Sch\u00e4dling angesehen werden. Orang Utan \u2013 Babys werden immer noch illegal als Haustiere (vor allem im asiatischen Raum) gehalten. Der Wildfang von Orang Utan \u2013 Babys geht regelhaft mit der T\u00f6tung der M\u00fctter einher.<\/p>\n<p>Aufgrund der engen Verwandtschaft zwischen Orang Utans und Menschen und dem zunehmend engeren Kontakt sind viele Orang Utans an Hepatitis oder Tuberkulose erkrankt.<\/p>\n<\/div><div class=\"fusion-title title fusion-title-5 fusion-title-text fusion-title-size-two\"><h2 class=\"fusion-title-heading title-heading-left\" style=\"margin:0;\">Schutzma\u00dfnahmen<\/h2><span class=\"awb-title-spacer\"><\/span><div class=\"title-sep-container\"><div class=\"title-sep sep-single sep-solid\" style=\"border-color:#3e3e3e;\"><\/div><\/div><\/div><div class=\"fusion-text fusion-text-4\"><div class=\"intextr\"><a class=\"lupe200\" title=\"Pulau Orangutan im Bereich Samboja Lestari. Hier werden Hepatitis-infizierte Orang Utans auf kleinen Inseln gehalten.\" href=\"..\/..\/..\/..\/images\/borneo\/084.jpg\" data-gallery=\"\"><img decoding=\"async\" src=\"..\/..\/..\/..\/images\/borneo\/084s.jpg\" alt=\"Pulau Orangutan im Bereich Samboja Lestari. Hier werden Hepatitis-infizierte Orang Utans auf kleinen Inseln gehalten.\" width=\"200\" height=\"200\" \/><span><\/span><\/a><\/div>\n<p>Inzwischen existiert eine Reihe von Schutzma\u00dfnahmen. In Sumatra leben die meisten Orang Utans im Nationalpark Gunung Leuser, teilweise auch im Nationalpark Bukit Tigapuluh.<\/p>\n<p>In Borneo ist die Borneo Orangutan Survival Foundation (BOS) federf\u00fchrend im Schutz und der Wiederauswilderung von Orang Utans. Sie betreibt dazu mehrere Projekte, von denen wir einige besucht haben (vgl. hierzu meinen <a class=\"link\" href=\"..\/..\/..\/borneotravelog\">Travelog<\/a>).<\/p>\n<div class=\"intextl\"><a class=\"lupe200\" title=\"2 Orang Utans auf der Kaja Island beim Essen.\" href=\"..\/..\/..\/..\/images\/borneo\/082.jpg\" data-gallery=\"\"><img decoding=\"async\" src=\"..\/..\/..\/..\/images\/borneo\/082s.jpg\" alt=\"2 Orang Utans auf der Kaja Island beim Essen.\" width=\"200\" height=\"200\" \/><span><\/span><\/a><\/div>\n<p>Zu einem wurde ein gr\u00f6\u00dferes Areal aufgeforstet. Im Gebiet Samboja Lestari befindet sich inzwischen ein ansehnlicher Sekund\u00e4rregenwald, der unter anderem Hepatitis-infizierten Orang Utans eine neue Heimat bietet.<\/p>\n<p>Im Nyaru Menteng \u2013 Zentrum werden Orang Utans f\u00fcr die Wiederauswilderung vorbereitet, danach verbringen sie mehrere Jahre auf verschiedenen Inseln (z.B. Kaja Island), ehe sie in aufwendigen Aktionen in geeigneten Habitaten ausgewildert werden.<\/p>\n<p>Ende des letzten Jahrhunderts wurden von BOS im S\u00fcdosten Borneos im Meratus \u2013 Gebiet 350 Orang Utans ausgewildert. Dieses Gebiet wurde von uns ebenfalls bereist. Orang Utans haben wir in dieser Region jedoch nicht finden k\u00f6nnen.<\/p>\n<\/div><div class=\"fusion-clearfix\"><\/div><\/div><\/div><\/div><\/div>","protected":false},"excerpt":{"rendered":"","protected":false},"author":1,"featured_media":0,"parent":510,"menu_order":0,"comment_status":"open","ping_status":"open","template":"","meta":{"footnotes":""},"class_list":["post-516","page","type-page","status-publish","hentry"],"yoast_head":"<!-- This site is optimized with the Yoast SEO plugin v26.9 - https:\/\/yoast.com\/product\/yoast-seo-wordpress\/ -->\n<title>Special: Orang Utans - Fancy Plants - Deutsch<\/title>\n<meta name=\"description\" content=\"Hier finden Sie weitere Informationen und Hintergrundwissen zu Orang Utans auf Borneo.\" \/>\n<meta name=\"robots\" content=\"index, follow, max-snippet:-1, max-image-preview:large, max-video-preview:-1\" \/>\n<link rel=\"canonical\" href=\"http:\/\/www.fancyplants.de\/de\/journeyhome\/borneo\/orangutan\/\" \/>\n<meta property=\"og:locale\" content=\"de_DE\" \/>\n<meta property=\"og:type\" content=\"article\" \/>\n<meta property=\"og:title\" content=\"Special: Orang Utans - Fancy Plants - Deutsch\" \/>\n<meta property=\"og:description\" content=\"Hier finden Sie weitere Informationen und Hintergrundwissen zu Orang Utans auf Borneo.\" \/>\n<meta property=\"og:url\" content=\"http:\/\/www.fancyplants.de\/de\/journeyhome\/borneo\/orangutan\/\" \/>\n<meta property=\"og:site_name\" content=\"Fancy Plants - Deutsch\" \/>\n<meta property=\"article:modified_time\" content=\"2019-10-15T06:51:01+00:00\" \/>\n<meta property=\"og:image\" content=\"http:\/\/www.fancyplants.de\/de\/wp-content\/uploads\/2015\/06\/oranghead1.jpg\" \/>\n<meta name=\"twitter:card\" content=\"summary_large_image\" \/>\n<meta name=\"twitter:label1\" content=\"Gesch\u00e4tzte Lesezeit\" \/>\n\t<meta name=\"twitter:data1\" content=\"5\u00a0Minuten\" \/>\n<script type=\"application\/ld+json\" class=\"yoast-schema-graph\">{\"@context\":\"https:\/\/schema.org\",\"@graph\":[{\"@type\":\"WebPage\",\"@id\":\"http:\/\/www.fancyplants.de\/de\/journeyhome\/borneo\/orangutan\/\",\"url\":\"http:\/\/www.fancyplants.de\/de\/journeyhome\/borneo\/orangutan\/\",\"name\":\"Special: Orang Utans - Fancy Plants - Deutsch\",\"isPartOf\":{\"@id\":\"http:\/\/www.fancyplants.de\/de\/#website\"},\"primaryImageOfPage\":{\"@id\":\"http:\/\/www.fancyplants.de\/de\/journeyhome\/borneo\/orangutan\/#primaryimage\"},\"image\":{\"@id\":\"http:\/\/www.fancyplants.de\/de\/journeyhome\/borneo\/orangutan\/#primaryimage\"},\"thumbnailUrl\":\"http:\/\/www.fancyplants.de\/de\/wp-content\/uploads\/2015\/06\/oranghead1.jpg\",\"datePublished\":\"2015-06-25T11:07:52+00:00\",\"dateModified\":\"2019-10-15T06:51:01+00:00\",\"description\":\"Hier finden Sie weitere Informationen und Hintergrundwissen zu Orang Utans auf Borneo.\",\"breadcrumb\":{\"@id\":\"http:\/\/www.fancyplants.de\/de\/journeyhome\/borneo\/orangutan\/#breadcrumb\"},\"inLanguage\":\"de\",\"potentialAction\":[{\"@type\":\"ReadAction\",\"target\":[\"http:\/\/www.fancyplants.de\/de\/journeyhome\/borneo\/orangutan\/\"]}]},{\"@type\":\"ImageObject\",\"inLanguage\":\"de\",\"@id\":\"http:\/\/www.fancyplants.de\/de\/journeyhome\/borneo\/orangutan\/#primaryimage\",\"url\":\"http:\/\/www.fancyplants.de\/de\/wp-content\/uploads\/2015\/06\/oranghead1.jpg\",\"contentUrl\":\"http:\/\/www.fancyplants.de\/de\/wp-content\/uploads\/2015\/06\/oranghead1.jpg\"},{\"@type\":\"BreadcrumbList\",\"@id\":\"http:\/\/www.fancyplants.de\/de\/journeyhome\/borneo\/orangutan\/#breadcrumb\",\"itemListElement\":[{\"@type\":\"ListItem\",\"position\":1,\"name\":\"Home\",\"item\":\"http:\/\/www.fancyplants.de\/de\/\"},{\"@type\":\"ListItem\",\"position\":2,\"name\":\"Botanische Fernreisen\",\"item\":\"http:\/\/www.fancyplants.de\/de\/journeyhome\/\"},{\"@type\":\"ListItem\",\"position\":3,\"name\":\"Borneo 2011\",\"item\":\"http:\/\/www.fancyplants.de\/de\/journeyhome\/borneo\/\"},{\"@type\":\"ListItem\",\"position\":4,\"name\":\"Special: Orang Utans\"}]},{\"@type\":\"WebSite\",\"@id\":\"http:\/\/www.fancyplants.de\/de\/#website\",\"url\":\"http:\/\/www.fancyplants.de\/de\/\",\"name\":\"Fancy Plants - Deutsch\",\"description\":\"Eine weitere WordPress-Seite\",\"potentialAction\":[{\"@type\":\"SearchAction\",\"target\":{\"@type\":\"EntryPoint\",\"urlTemplate\":\"http:\/\/www.fancyplants.de\/de\/?s={search_term_string}\"},\"query-input\":{\"@type\":\"PropertyValueSpecification\",\"valueRequired\":true,\"valueName\":\"search_term_string\"}}],\"inLanguage\":\"de\"}]}<\/script>\n<!-- \/ Yoast SEO plugin. -->","yoast_head_json":{"title":"Special: Orang Utans - Fancy Plants - Deutsch","description":"Hier finden Sie weitere Informationen und Hintergrundwissen zu Orang Utans auf Borneo.","robots":{"index":"index","follow":"follow","max-snippet":"max-snippet:-1","max-image-preview":"max-image-preview:large","max-video-preview":"max-video-preview:-1"},"canonical":"http:\/\/www.fancyplants.de\/de\/journeyhome\/borneo\/orangutan\/","og_locale":"de_DE","og_type":"article","og_title":"Special: Orang Utans - Fancy Plants - Deutsch","og_description":"Hier finden Sie weitere Informationen und Hintergrundwissen zu Orang Utans auf Borneo.","og_url":"http:\/\/www.fancyplants.de\/de\/journeyhome\/borneo\/orangutan\/","og_site_name":"Fancy Plants - Deutsch","article_modified_time":"2019-10-15T06:51:01+00:00","og_image":[{"url":"http:\/\/www.fancyplants.de\/de\/wp-content\/uploads\/2015\/06\/oranghead1.jpg","type":"","width":"","height":""}],"twitter_card":"summary_large_image","twitter_misc":{"Gesch\u00e4tzte Lesezeit":"5\u00a0Minuten"},"schema":{"@context":"https:\/\/schema.org","@graph":[{"@type":"WebPage","@id":"http:\/\/www.fancyplants.de\/de\/journeyhome\/borneo\/orangutan\/","url":"http:\/\/www.fancyplants.de\/de\/journeyhome\/borneo\/orangutan\/","name":"Special: Orang Utans - Fancy Plants - Deutsch","isPartOf":{"@id":"http:\/\/www.fancyplants.de\/de\/#website"},"primaryImageOfPage":{"@id":"http:\/\/www.fancyplants.de\/de\/journeyhome\/borneo\/orangutan\/#primaryimage"},"image":{"@id":"http:\/\/www.fancyplants.de\/de\/journeyhome\/borneo\/orangutan\/#primaryimage"},"thumbnailUrl":"http:\/\/www.fancyplants.de\/de\/wp-content\/uploads\/2015\/06\/oranghead1.jpg","datePublished":"2015-06-25T11:07:52+00:00","dateModified":"2019-10-15T06:51:01+00:00","description":"Hier finden Sie weitere Informationen und Hintergrundwissen zu Orang Utans auf Borneo.","breadcrumb":{"@id":"http:\/\/www.fancyplants.de\/de\/journeyhome\/borneo\/orangutan\/#breadcrumb"},"inLanguage":"de","potentialAction":[{"@type":"ReadAction","target":["http:\/\/www.fancyplants.de\/de\/journeyhome\/borneo\/orangutan\/"]}]},{"@type":"ImageObject","inLanguage":"de","@id":"http:\/\/www.fancyplants.de\/de\/journeyhome\/borneo\/orangutan\/#primaryimage","url":"http:\/\/www.fancyplants.de\/de\/wp-content\/uploads\/2015\/06\/oranghead1.jpg","contentUrl":"http:\/\/www.fancyplants.de\/de\/wp-content\/uploads\/2015\/06\/oranghead1.jpg"},{"@type":"BreadcrumbList","@id":"http:\/\/www.fancyplants.de\/de\/journeyhome\/borneo\/orangutan\/#breadcrumb","itemListElement":[{"@type":"ListItem","position":1,"name":"Home","item":"http:\/\/www.fancyplants.de\/de\/"},{"@type":"ListItem","position":2,"name":"Botanische Fernreisen","item":"http:\/\/www.fancyplants.de\/de\/journeyhome\/"},{"@type":"ListItem","position":3,"name":"Borneo 2011","item":"http:\/\/www.fancyplants.de\/de\/journeyhome\/borneo\/"},{"@type":"ListItem","position":4,"name":"Special: Orang Utans"}]},{"@type":"WebSite","@id":"http:\/\/www.fancyplants.de\/de\/#website","url":"http:\/\/www.fancyplants.de\/de\/","name":"Fancy Plants - Deutsch","description":"Eine weitere WordPress-Seite","potentialAction":[{"@type":"SearchAction","target":{"@type":"EntryPoint","urlTemplate":"http:\/\/www.fancyplants.de\/de\/?s={search_term_string}"},"query-input":{"@type":"PropertyValueSpecification","valueRequired":true,"valueName":"search_term_string"}}],"inLanguage":"de"}]}},"_links":{"self":[{"href":"http:\/\/www.fancyplants.de\/de\/wp-json\/wp\/v2\/pages\/516","targetHints":{"allow":["GET"]}}],"collection":[{"href":"http:\/\/www.fancyplants.de\/de\/wp-json\/wp\/v2\/pages"}],"about":[{"href":"http:\/\/www.fancyplants.de\/de\/wp-json\/wp\/v2\/types\/page"}],"author":[{"embeddable":true,"href":"http:\/\/www.fancyplants.de\/de\/wp-json\/wp\/v2\/users\/1"}],"replies":[{"embeddable":true,"href":"http:\/\/www.fancyplants.de\/de\/wp-json\/wp\/v2\/comments?post=516"}],"version-history":[{"count":1,"href":"http:\/\/www.fancyplants.de\/de\/wp-json\/wp\/v2\/pages\/516\/revisions"}],"predecessor-version":[{"id":3041,"href":"http:\/\/www.fancyplants.de\/de\/wp-json\/wp\/v2\/pages\/516\/revisions\/3041"}],"up":[{"embeddable":true,"href":"http:\/\/www.fancyplants.de\/de\/wp-json\/wp\/v2\/pages\/510"}],"wp:attachment":[{"href":"http:\/\/www.fancyplants.de\/de\/wp-json\/wp\/v2\/media?parent=516"}],"curies":[{"name":"wp","href":"https:\/\/api.w.org\/{rel}","templated":true}]}}