{"id":514,"date":"2015-06-25T13:06:51","date_gmt":"2015-06-25T11:06:51","guid":{"rendered":"http:\/\/www.fancyplants.de\/de\/?page_id=514"},"modified":"2019-10-15T08:51:01","modified_gmt":"2019-10-15T06:51:01","slug":"dayak","status":"publish","type":"page","link":"http:\/\/www.fancyplants.de\/de\/journeyhome\/borneo\/dayak\/","title":{"rendered":"Special: Dayaks"},"content":{"rendered":"<div class=\"fusion-fullwidth fullwidth-box fusion-builder-row-1 hundred-percent-fullwidth non-hundred-percent-height-scrolling\" style=\"--awb-border-radius-top-left:0px;--awb-border-radius-top-right:0px;--awb-border-radius-bottom-right:0px;--awb-border-radius-bottom-left:0px;--awb-overflow:visible;--awb-flex-wrap:wrap;\" ><div class=\"fusion-builder-row fusion-row\"><div class=\"fusion-layout-column fusion_builder_column fusion-builder-column-0 fusion_builder_column_1_1 1_1 fusion-one-full fusion-column-first fusion-column-last\" style=\"--awb-bg-size:cover;\"><div class=\"fusion-column-wrapper fusion-flex-column-wrapper-legacy\"><div class=\"fusion-title title fusion-title-1 fusion-title-text fusion-title-size-one\"><h1 class=\"fusion-title-heading title-heading-left\" style=\"margin:0;\">Dayaks: Volk der Kopfj\u00e4ger<\/h1><span class=\"awb-title-spacer\"><\/span><div class=\"title-sep-container\"><div class=\"title-sep sep-single sep-solid\" style=\"border-color:#3e3e3e;\"><\/div><\/div><\/div><div class=\"fusion-title title fusion-title-2 fusion-title-text fusion-title-size-two\"><h2 class=\"fusion-title-heading title-heading-left\" style=\"margin:0;\">Der Dschungel war f\u00fcr sie das Zentrum der Welt, B\u00e4ume Quellen der Kraft.<\/h2><span class=\"awb-title-spacer\"><\/span><div class=\"title-sep-container\"><div class=\"title-sep sep-single sep-solid\" style=\"border-color:#3e3e3e;\"><\/div><\/div><\/div><div class=\"fusion-image-element fusion-image-align-center in-legacy-container\" style=\"text-align:center;--awb-bottom-shadow-color:rgba(216,216,216,0.4);--awb-caption-title-font-family:var(--h2_typography-font-family);--awb-caption-title-font-weight:var(--h2_typography-font-weight);--awb-caption-title-font-style:var(--h2_typography-font-style);--awb-caption-title-size:var(--h2_typography-font-size);--awb-caption-title-transform:var(--h2_typography-text-transform);--awb-caption-title-line-height:var(--h2_typography-line-height);--awb-caption-title-letter-spacing:var(--h2_typography-letter-spacing);\"><div class=\"imageframe-align-center\"><div class=\"awb-image-frame awb-image-frame-1 awb-bottomshadow fusion-animated\" data-animationType=\"fadeInDown\" data-animationDuration=\"0.2\" data-animationOffset=\"top-into-view\"><span class=\" fusion-imageframe imageframe-bottomshadow imageframe-1 hover-type-none\"><img decoding=\"async\" alt=\"Fernreisen\" src=\"http:\/\/www.fancyplants.de\/de\/wp-content\/uploads\/2015\/06\/dayak2.jpg\" class=\"img-responsive\"\/><\/span><svg xmlns=\"http:\/\/www.w3.org\/2000\/svg\" version=\"1.1\" width=\"100%\" viewBox=\"0 0 600 28\" preserveAspectRatio=\"none\"><g clip-path=\"url(#a)\"><mask id=\"b\" style=\"mask-type:luminance\" maskUnits=\"userSpaceOnUse\" x=\"0\" y=\"0\" width=\"600\" height=\"28\"><path d=\"M0 0h600v28H0V0Z\" fill=\"#fff\"\/><\/mask><g filter=\"url(#c)\" mask=\"url(#b)\"><path d=\"M16.439-18.667h567.123v30.8S438.961-8.4 300-8.4C161.04-8.4 16.438 12.133 16.438 12.133v-30.8Z\" fill=\"#000\"\/><\/g><\/g><defs><clipPath id=\"a\"><path fill=\"#fff\" d=\"M0 0h600v28H0z\"\/><\/clipPath><filter id=\"c\" x=\"5.438\" y=\"-29.667\" width=\"589.123\" height=\"52.8\" filterUnits=\"userSpaceOnUse\" color-interpolation-filters=\"sRGB\"><feFlood flood-opacity=\"0\" result=\"BackgroundImageFix\"\/><feBlend in=\"SourceGraphic\" in2=\"BackgroundImageFix\" result=\"shape\"\/><feGaussianBlur stdDeviation=\"5.5\" result=\"effect1_foregroundBlur_3983_183\"\/><\/filter><\/defs><\/svg><\/div><\/div><\/div><div class=\"fusion-sep-clear\"><\/div><div class=\"fusion-separator fusion-full-width-sep\" style=\"margin-left: auto;margin-right: auto;width:100%;\"><div class=\"fusion-separator-border sep-shadow\" style=\"--awb-height:20px;--awb-amount:20px;--awb-sep-color:#81d742;background:radial-gradient(ellipse at 50% -50% , #81d742 0px, rgba(255, 255, 255, 0) 80%) repeat scroll 0 0 rgba(0, 0, 0, 0);background:-webkit-radial-gradient(ellipse at 50% -50% , #81d742 0px, rgba(255, 255, 255, 0) 80%) repeat scroll 0 0 rgba(0, 0, 0, 0);background:-moz-radial-gradient(ellipse at 50% -50% , #81d742 0px, rgba(255, 255, 255, 0) 80%) repeat scroll 0 0 rgba(0, 0, 0, 0);background:-o-radial-gradient(ellipse at 50% -50% , #81d742 0px, rgba(255, 255, 255, 0) 80%) repeat scroll 0 0 rgba(0, 0, 0, 0);\"><\/div><\/div><div class=\"fusion-sep-clear\"><\/div><div class=\"fusion-title title fusion-title-3 fusion-title-text fusion-title-size-two\"><h2 class=\"fusion-title-heading title-heading-left\" style=\"margin:0;\">Wer sind die Dayaks?<\/h2><span class=\"awb-title-spacer\"><\/span><div class=\"title-sep-container\"><div class=\"title-sep sep-single sep-solid\" style=\"border-color:#3e3e3e;\"><\/div><\/div><\/div><div class=\"fusion-text fusion-text-1\"><div class=\"intextr\"><a class=\"lupe200\" title=\"Siebenj\u00e4hriges Dayak-M\u00e4dchen mit einem Halbaffen als Haustier.\" href=\"..\/..\/..\/..\/images\/borneo\/038.jpg\" data-gallery=\"\"><img decoding=\"async\" src=\"..\/..\/..\/..\/images\/borneo\/038s.jpg\" alt=\"Siebenj\u00e4hriges Dayak-M\u00e4dchen mit einem Halbaffen als Haustier.\" width=\"200\" height=\"200\" \/><span><\/span><\/a><\/div>\n<p>Die Dayaks sind die indigene Bev\u00f6lkerung (Ureinwohner) Borneos. Es ist ein Sammelbegriff f\u00fcr mehrere dutzend St\u00e4mme, die teils ihre eigenen Sprachen, Kultur und Riten haben und auf ganz Borneo verbreitet sind.<\/p>\n<p>Die Dayaks geh\u00f6ren zu den austronesischen V\u00f6lkern. Es wird angenommen, dass die Vorfahren der Dayaks aus dem s\u00fcdchinesischen Raum stammen und von dort S\u00fcdostasien ab Mitte des 3. Jahrtausends vor Christus besiedelten. Viele Dayak-St\u00e4mme sprechen auch heute noch eigene Sprachen, die zum malayo-polynesischen Zweig der austronesischen Sprachfamilie geh\u00f6ren.<\/p>\n<\/div><div class=\"fusion-title title fusion-title-4 fusion-title-text fusion-title-size-two\"><h2 class=\"fusion-title-heading title-heading-left\" style=\"margin:0;\">Geschichtliches<\/h2><span class=\"awb-title-spacer\"><\/span><div class=\"title-sep-container\"><div class=\"title-sep sep-single sep-solid\" style=\"border-color:#3e3e3e;\"><\/div><\/div><\/div><div class=\"fusion-text fusion-text-2\"><p>Die Dayaks waren im Europa des 19. Jahrhunderts ber\u00fchmt-ber\u00fcchtigt. Einige Dayaks waren als Piraten t\u00e4tig, so dass es immer wieder zu einem Aufeinandertreffen mit den Kolonialm\u00e4chten kam. Die Dayaks wurden als Volk der Kopfj\u00e4ger bekannt. Bei einigen St\u00e4mmen bestand das Ritual, bei Schlachten den Feinden den Kopf abzuschlagen und als Kriegstroph\u00e4e mitzunehmen.<\/p>\n<p>Weitere Bekanntheit erlangten die Dayaks aufgrund ihres teils ungew\u00f6hnlichen K\u00f6rperschmucks, der von T\u00e4towierungen \u00fcber Penisst\u00e4be (Piercing) bis zu durch Gewichte stark verl\u00e4ngerte Ohrl\u00e4ppchen reichte. Vor allem Letzteres findet sich heute noch bei einigen isoliert lebenden Dayak-St\u00e4mmen (z.B. in Tering Baru).<\/p>\n<\/div><div class=\"fusion-title title fusion-title-5 fusion-title-text fusion-title-size-two\"><h2 class=\"fusion-title-heading title-heading-left\" style=\"margin:0;\">Kultur und Religion<\/h2><span class=\"awb-title-spacer\"><\/span><div class=\"title-sep-container\"><div class=\"title-sep sep-single sep-solid\" style=\"border-color:#3e3e3e;\"><\/div><\/div><\/div><div class=\"fusion-text fusion-text-3\"><div class=\"intextr\"><a class=\"lupe200\" title=\"Ein Dayak mit klassischem Korb.\" href=\"..\/..\/..\/..\/images\/borneo\/039.jpg\" data-gallery=\"\"><img decoding=\"async\" src=\"..\/..\/..\/..\/images\/borneo\/039s.jpg\" alt=\"Ein Dayak mit klassischem Korb.\" width=\"200\" height=\"200\" \/><span><\/span><\/a><\/div>\n<p>Zun\u00e4chst lebten die meisten Dayak-St\u00e4mme als J\u00e4ger und Sammler im Regenwald. Sp\u00e4ter gingen viele Dayak-St\u00e4mme zu einem Leben als sesshafte Reisbauern in Flussn\u00e4he \u00fcber. Auch heute finden sich noch beide Lebensstile. Unver\u00e4ndert existieren in den wenig zug\u00e4nglichen Prim\u00e4rregenw\u00e4ldern St\u00e4mme, die der Jagd nachgehen. Der gr\u00f6\u00dfere Teil der St\u00e4mme lebt hingegen als sesshafte Reisbauern.<\/p>\n<p>Urspr\u00fcnglich hingen die Dayaks animistischen Naturreligionen an. Aufgrund von Missionarsarbeit konvertierten viele St\u00e4mme im letzten Jahrhundert zum Christentum oder Islam. Da der indonesische Staat nur Buchreligionen akzeptiert, bezeichnen die nicht-konvertierten St\u00e4mme ihren Glauben als Kaharingan, das einer Variante des Hinduismus gleichkommt.<\/p>\n<\/div><div class=\"fusion-title title fusion-title-6 fusion-title-text fusion-title-size-two\"><h2 class=\"fusion-title-heading title-heading-left\" style=\"margin:0;\">Transmigrasi: Mitursache f\u00fcr die Regenwaldzerst\u00f6rung<\/h2><span class=\"awb-title-spacer\"><\/span><div class=\"title-sep-container\"><div class=\"title-sep sep-single sep-solid\" style=\"border-color:#3e3e3e;\"><\/div><\/div><\/div><div class=\"fusion-text fusion-text-4\"><div class=\"intextl\"><a class=\"lupe200\" title=\"Ein Teil der Dorfgemeinschaft mit uns vor unserer Lodge.\" href=\"..\/..\/..\/..\/images\/borneo\/032.jpg\" data-gallery=\"\"><img decoding=\"async\" src=\"..\/..\/..\/..\/images\/borneo\/032s.jpg\" alt=\"Ein Teil der Dorfgemeinschaft mit uns vor unserer Lodge.\" width=\"200\" height=\"200\" \/><span><\/span><\/a><\/div>\n<p>Indonesien ist ein Vielv\u00f6lkerstaat, der mit zwei gro\u00dfen geographischen Problemen zu k\u00e4mpfen hat. Einerseits besteht Indonesien aus etwa 13.000 Inseln, von denen etwa 3.000 Inseln dauerhaft bewohnt sind. Daneben erstreckt sich Indonesien in West-Ost-Richtung \u00fcber 5100 km und in Nord-S\u00fcd-Richtung \u00fcber knappe 1900 km. Ein weiteres Problem ist eine ungleichm\u00e4\u00dfige Verteilung der Bev\u00f6lkerung. In Java liegt die Bev\u00f6lkerungsdichte mit 800 Einwohnern pro Quadratkilometer etwa viermal so hoch wie in Deutschland. Hingegen finden sich Inseln, die nur sehr sp\u00e4rlich besiedelt sind.<\/p>\n<p>Um einerseits die ungleiche Bev\u00f6lkerungsdichte auszugleichen und andererseits die Kontrolle \u00fcber die Ureinwohner der peripheren Inseln zu erlangen, ihnen also die javanesische \u201eDominanzkultur\u201c aufzuzw\u00e4ngen, wurde im Jahr 1969 unter dem Diktator Suharto das Umsiedlungsprogramm Transmigrasi gestartet. Unter dem Versprechen auf Landbesitz (2 ha pro Familie), ein Haus, Lebensmittelvorr\u00e4te f\u00fcr ein Jahr und Saatgut beteiligten sich bis 1994 1,7 Millionen Familien mit insgesamt 6,8 Millionen Menschen am Umsiedlungsprogramm.<\/p>\n<p>1969 war Borneo nahezu zu 100% bewaldet. Das Programm Transmigrasi f\u00fchrte in den folgenden Jahrzehnten zu einer gigantischen Abholzung sowie Trockenlegung der S\u00fcmpfe, um diese Fl\u00e4chen f\u00fcr die Landwirtschaft zu gewinnen. Im S\u00fcden Borneos sind die ehemaligen W\u00e4lder heute nur noch fragmentarisch erhalten.<\/p>\n<p>Seitens der Dayaks wurden die Javaner als moderne Eroberer betrachtet. Schlie\u00dflich wurden den Dayaks der Lebensraum entzogen, sie verloren Jagd- und Fischereirechte. Vor diesem Hintergrund erkl\u00e4ren sich mehrere blutige Konflikte zwischen den Dayaks und den Zuwanderern.<\/p>\n<p>Heute muss man Transmigrasi als gescheitert betrachten. Das Programm hat zu ernormen Umweltzerst\u00f6rungen gef\u00fchrt, die Dayaks signifikant ver\u00e4ndert, viele Zuwanderer in die Armut getrieben, nachdem sie ohne hinreichende Kenntnisse in der Landwirtschaft gescheitert waren, und letztlich nicht einmal das eigentliche Ziel, n\u00e4mlich die ungleiche Bev\u00f6lkerungsdichte zu homogenisieren, erreicht.<\/p>\n<\/div><div class=\"fusion-title title fusion-title-7 fusion-title-text fusion-title-size-two\"><h2 class=\"fusion-title-heading title-heading-left\" style=\"margin:0;\">Aktuelle Situation<\/h2><span class=\"awb-title-spacer\"><\/span><div class=\"title-sep-container\"><div class=\"title-sep sep-single sep-solid\" style=\"border-color:#3e3e3e;\"><\/div><\/div><\/div><div class=\"fusion-text fusion-text-5\"><p>Heute sind nur noch in wenig zug\u00e4nglichen Gebieten mit Prim\u00e4rregenwald weitestgehend nat\u00fcrlich lebende Dayak-St\u00e4mme zu finden. Viele haben gro\u00dfe Teile ihrer Kultur aufgegeben. Einige Dayak-St\u00e4mme f\u00fchren noch ein Leben als Reisbauern.<\/p>\n<p>Im Bereich der Meratus-Region sind in den letzten Jahrzehnten viele Urwaldd\u00f6rfer aufgegeben worden. Die Dayaks sind an die Holzf\u00e4llerrouten gezogen und verdienen sich teilweise als Holzf\u00e4ller oder Truck-Fahrer. Auch in anderen Regionen haben viele Dayaks ihre alte Lebensweise aufgegeben und f\u00fchren mittlerweile ein modernes Leben in den gr\u00f6\u00dferen St\u00e4dten.<\/p>\n<\/div><div class=\"fusion-title title fusion-title-8 fusion-title-text fusion-title-size-two\"><h2 class=\"fusion-title-heading title-heading-left\" style=\"margin:0;\">Situation in Tanjungsoke<\/h2><span class=\"awb-title-spacer\"><\/span><div class=\"title-sep-container\"><div class=\"title-sep sep-single sep-solid\" style=\"border-color:#3e3e3e;\"><\/div><\/div><\/div><div class=\"fusion-text fusion-text-6\"><div class=\"intextr\"><a class=\"lupe200\" title=\"Ein paar Dayaks und ich beim Essen einer Jackfrucht.\" href=\"..\/..\/..\/..\/images\/borneo\/046.jpg\" data-gallery=\"\"><img decoding=\"async\" src=\"..\/..\/..\/..\/images\/borneo\/046s.jpg\" alt=\"Ein paar Dayaks und ich beim Essen einer Jackfrucht.\" width=\"200\" height=\"200\" \/><span><\/span><\/a><\/div>\n<p>Tanjungsoke ist ein klassisches Dorf mit etwa 250 Einwohnern, die alle zu den Dayaks geh\u00f6ren. Das Dorf besteht aus kleinen Familienh\u00e4usern in Pfahlbauweise, die um einen zentralen Dorfplatz gruppiert sind. Ein klassisches Langhaus, in dem die gesamte Dorfgemeinschaft lebt, existiert nicht. Ebenso wenig findet man im Dorf den eingangs erw\u00e4hnten Dayak-K\u00f6rperschmuck.<\/p>\n<p>Die Dayaks in Tanjungsoke betreiben \u00fcberwiegend Landwirtschaft. Haupts\u00e4chlich wird Reis angebaut (in Trockenkultur, das hei\u00dft die Felder werden nicht unter Wasser gesetzt). Daneben werden verschiedene Gem\u00fcsearten kultiviert (haupts\u00e4chlich: Mais, K\u00fcrbis, Aubergine, Bitter Gourd, Flowering Cabbage, Celery Cabbage). Aufgrund der N\u00e4hrstoffarmut von Regenwaldb\u00f6den muss ein Feld zehn Jahre brach liegen, ehe es wieder zum Anbau genutzt werden kann. Die Dayaks f\u00e4llen daher kleine Areale Regenwald von etwa 1 ha Gr\u00f6\u00dfe, die sie dann abwechselnd bewirtschaften. Au\u00dfer Wasserb\u00fcffel und ein paar H\u00fchnern werden keine Tiere gehalten. Fischfang ist verbreitet, der Jagd gehen einzelne Einwohner nach.<\/p>\n<p>In den letzten Jahren fand eine deutliche Technisierung des Dorfes statt. Einzelne Dorfbewohner arbeiten f\u00fcr die Holzf\u00e4llergesellschaften und k\u00f6nnen sich Mopeds leisten. Nahezu jeder Haushalt verf\u00fcgt \u00fcber einen Dieselgenerator, der zumindest stundenweise Strom liefert. Nahezu jedes zweite Haus ist mit einem Fernseher und einer Satellitensch\u00fcssel ausgestattet. Die ersten Handys sind ebenfalls zu sehen.<\/p>\n<\/div><div class=\"fusion-clearfix\"><\/div><\/div><\/div><\/div><\/div>","protected":false},"excerpt":{"rendered":"","protected":false},"author":1,"featured_media":0,"parent":510,"menu_order":0,"comment_status":"open","ping_status":"open","template":"","meta":{"footnotes":""},"class_list":["post-514","page","type-page","status-publish","hentry"],"yoast_head":"<!-- This site is optimized with the Yoast SEO plugin v26.9 - https:\/\/yoast.com\/product\/yoast-seo-wordpress\/ -->\n<title>Special: Dayaks - Fancy Plants - Deutsch<\/title>\n<meta name=\"description\" content=\"Hier finden Sie weitere Informationen bzw. Hintergrundwissen zu den Ureinwohner Borneos - den Dayaks.\" \/>\n<meta name=\"robots\" content=\"index, follow, max-snippet:-1, max-image-preview:large, max-video-preview:-1\" \/>\n<link rel=\"canonical\" href=\"http:\/\/www.fancyplants.de\/de\/journeyhome\/borneo\/dayak\/\" \/>\n<meta property=\"og:locale\" content=\"de_DE\" \/>\n<meta property=\"og:type\" content=\"article\" \/>\n<meta property=\"og:title\" content=\"Special: Dayaks - Fancy Plants - Deutsch\" \/>\n<meta property=\"og:description\" content=\"Hier finden Sie weitere Informationen bzw. Hintergrundwissen zu den Ureinwohner Borneos - den Dayaks.\" \/>\n<meta property=\"og:url\" content=\"http:\/\/www.fancyplants.de\/de\/journeyhome\/borneo\/dayak\/\" \/>\n<meta property=\"og:site_name\" content=\"Fancy Plants - Deutsch\" \/>\n<meta property=\"article:modified_time\" content=\"2019-10-15T06:51:01+00:00\" \/>\n<meta property=\"og:image\" content=\"http:\/\/www.fancyplants.de\/de\/wp-content\/uploads\/2015\/06\/dayak2.jpg\" \/>\n<meta name=\"twitter:card\" content=\"summary_large_image\" \/>\n<meta name=\"twitter:label1\" content=\"Gesch\u00e4tzte Lesezeit\" \/>\n\t<meta name=\"twitter:data1\" content=\"6\u00a0Minuten\" \/>\n<script type=\"application\/ld+json\" class=\"yoast-schema-graph\">{\"@context\":\"https:\/\/schema.org\",\"@graph\":[{\"@type\":\"WebPage\",\"@id\":\"http:\/\/www.fancyplants.de\/de\/journeyhome\/borneo\/dayak\/\",\"url\":\"http:\/\/www.fancyplants.de\/de\/journeyhome\/borneo\/dayak\/\",\"name\":\"Special: Dayaks - Fancy Plants - Deutsch\",\"isPartOf\":{\"@id\":\"http:\/\/www.fancyplants.de\/de\/#website\"},\"primaryImageOfPage\":{\"@id\":\"http:\/\/www.fancyplants.de\/de\/journeyhome\/borneo\/dayak\/#primaryimage\"},\"image\":{\"@id\":\"http:\/\/www.fancyplants.de\/de\/journeyhome\/borneo\/dayak\/#primaryimage\"},\"thumbnailUrl\":\"http:\/\/www.fancyplants.de\/de\/wp-content\/uploads\/2015\/06\/dayak2.jpg\",\"datePublished\":\"2015-06-25T11:06:51+00:00\",\"dateModified\":\"2019-10-15T06:51:01+00:00\",\"description\":\"Hier finden Sie weitere Informationen bzw. Hintergrundwissen zu den Ureinwohner Borneos - den Dayaks.\",\"breadcrumb\":{\"@id\":\"http:\/\/www.fancyplants.de\/de\/journeyhome\/borneo\/dayak\/#breadcrumb\"},\"inLanguage\":\"de\",\"potentialAction\":[{\"@type\":\"ReadAction\",\"target\":[\"http:\/\/www.fancyplants.de\/de\/journeyhome\/borneo\/dayak\/\"]}]},{\"@type\":\"ImageObject\",\"inLanguage\":\"de\",\"@id\":\"http:\/\/www.fancyplants.de\/de\/journeyhome\/borneo\/dayak\/#primaryimage\",\"url\":\"http:\/\/www.fancyplants.de\/de\/wp-content\/uploads\/2015\/06\/dayak2.jpg\",\"contentUrl\":\"http:\/\/www.fancyplants.de\/de\/wp-content\/uploads\/2015\/06\/dayak2.jpg\"},{\"@type\":\"BreadcrumbList\",\"@id\":\"http:\/\/www.fancyplants.de\/de\/journeyhome\/borneo\/dayak\/#breadcrumb\",\"itemListElement\":[{\"@type\":\"ListItem\",\"position\":1,\"name\":\"Home\",\"item\":\"http:\/\/www.fancyplants.de\/de\/\"},{\"@type\":\"ListItem\",\"position\":2,\"name\":\"Botanische Fernreisen\",\"item\":\"http:\/\/www.fancyplants.de\/de\/journeyhome\/\"},{\"@type\":\"ListItem\",\"position\":3,\"name\":\"Borneo 2011\",\"item\":\"http:\/\/www.fancyplants.de\/de\/journeyhome\/borneo\/\"},{\"@type\":\"ListItem\",\"position\":4,\"name\":\"Special: Dayaks\"}]},{\"@type\":\"WebSite\",\"@id\":\"http:\/\/www.fancyplants.de\/de\/#website\",\"url\":\"http:\/\/www.fancyplants.de\/de\/\",\"name\":\"Fancy Plants - Deutsch\",\"description\":\"Eine weitere WordPress-Seite\",\"potentialAction\":[{\"@type\":\"SearchAction\",\"target\":{\"@type\":\"EntryPoint\",\"urlTemplate\":\"http:\/\/www.fancyplants.de\/de\/?s={search_term_string}\"},\"query-input\":{\"@type\":\"PropertyValueSpecification\",\"valueRequired\":true,\"valueName\":\"search_term_string\"}}],\"inLanguage\":\"de\"}]}<\/script>\n<!-- \/ Yoast SEO plugin. -->","yoast_head_json":{"title":"Special: Dayaks - Fancy Plants - Deutsch","description":"Hier finden Sie weitere Informationen bzw. Hintergrundwissen zu den Ureinwohner Borneos - den Dayaks.","robots":{"index":"index","follow":"follow","max-snippet":"max-snippet:-1","max-image-preview":"max-image-preview:large","max-video-preview":"max-video-preview:-1"},"canonical":"http:\/\/www.fancyplants.de\/de\/journeyhome\/borneo\/dayak\/","og_locale":"de_DE","og_type":"article","og_title":"Special: Dayaks - Fancy Plants - Deutsch","og_description":"Hier finden Sie weitere Informationen bzw. Hintergrundwissen zu den Ureinwohner Borneos - den Dayaks.","og_url":"http:\/\/www.fancyplants.de\/de\/journeyhome\/borneo\/dayak\/","og_site_name":"Fancy Plants - Deutsch","article_modified_time":"2019-10-15T06:51:01+00:00","og_image":[{"url":"http:\/\/www.fancyplants.de\/de\/wp-content\/uploads\/2015\/06\/dayak2.jpg","type":"","width":"","height":""}],"twitter_card":"summary_large_image","twitter_misc":{"Gesch\u00e4tzte Lesezeit":"6\u00a0Minuten"},"schema":{"@context":"https:\/\/schema.org","@graph":[{"@type":"WebPage","@id":"http:\/\/www.fancyplants.de\/de\/journeyhome\/borneo\/dayak\/","url":"http:\/\/www.fancyplants.de\/de\/journeyhome\/borneo\/dayak\/","name":"Special: Dayaks - Fancy Plants - Deutsch","isPartOf":{"@id":"http:\/\/www.fancyplants.de\/de\/#website"},"primaryImageOfPage":{"@id":"http:\/\/www.fancyplants.de\/de\/journeyhome\/borneo\/dayak\/#primaryimage"},"image":{"@id":"http:\/\/www.fancyplants.de\/de\/journeyhome\/borneo\/dayak\/#primaryimage"},"thumbnailUrl":"http:\/\/www.fancyplants.de\/de\/wp-content\/uploads\/2015\/06\/dayak2.jpg","datePublished":"2015-06-25T11:06:51+00:00","dateModified":"2019-10-15T06:51:01+00:00","description":"Hier finden Sie weitere Informationen bzw. Hintergrundwissen zu den Ureinwohner Borneos - den Dayaks.","breadcrumb":{"@id":"http:\/\/www.fancyplants.de\/de\/journeyhome\/borneo\/dayak\/#breadcrumb"},"inLanguage":"de","potentialAction":[{"@type":"ReadAction","target":["http:\/\/www.fancyplants.de\/de\/journeyhome\/borneo\/dayak\/"]}]},{"@type":"ImageObject","inLanguage":"de","@id":"http:\/\/www.fancyplants.de\/de\/journeyhome\/borneo\/dayak\/#primaryimage","url":"http:\/\/www.fancyplants.de\/de\/wp-content\/uploads\/2015\/06\/dayak2.jpg","contentUrl":"http:\/\/www.fancyplants.de\/de\/wp-content\/uploads\/2015\/06\/dayak2.jpg"},{"@type":"BreadcrumbList","@id":"http:\/\/www.fancyplants.de\/de\/journeyhome\/borneo\/dayak\/#breadcrumb","itemListElement":[{"@type":"ListItem","position":1,"name":"Home","item":"http:\/\/www.fancyplants.de\/de\/"},{"@type":"ListItem","position":2,"name":"Botanische Fernreisen","item":"http:\/\/www.fancyplants.de\/de\/journeyhome\/"},{"@type":"ListItem","position":3,"name":"Borneo 2011","item":"http:\/\/www.fancyplants.de\/de\/journeyhome\/borneo\/"},{"@type":"ListItem","position":4,"name":"Special: Dayaks"}]},{"@type":"WebSite","@id":"http:\/\/www.fancyplants.de\/de\/#website","url":"http:\/\/www.fancyplants.de\/de\/","name":"Fancy Plants - Deutsch","description":"Eine weitere WordPress-Seite","potentialAction":[{"@type":"SearchAction","target":{"@type":"EntryPoint","urlTemplate":"http:\/\/www.fancyplants.de\/de\/?s={search_term_string}"},"query-input":{"@type":"PropertyValueSpecification","valueRequired":true,"valueName":"search_term_string"}}],"inLanguage":"de"}]}},"_links":{"self":[{"href":"http:\/\/www.fancyplants.de\/de\/wp-json\/wp\/v2\/pages\/514","targetHints":{"allow":["GET"]}}],"collection":[{"href":"http:\/\/www.fancyplants.de\/de\/wp-json\/wp\/v2\/pages"}],"about":[{"href":"http:\/\/www.fancyplants.de\/de\/wp-json\/wp\/v2\/types\/page"}],"author":[{"embeddable":true,"href":"http:\/\/www.fancyplants.de\/de\/wp-json\/wp\/v2\/users\/1"}],"replies":[{"embeddable":true,"href":"http:\/\/www.fancyplants.de\/de\/wp-json\/wp\/v2\/comments?post=514"}],"version-history":[{"count":1,"href":"http:\/\/www.fancyplants.de\/de\/wp-json\/wp\/v2\/pages\/514\/revisions"}],"predecessor-version":[{"id":3042,"href":"http:\/\/www.fancyplants.de\/de\/wp-json\/wp\/v2\/pages\/514\/revisions\/3042"}],"up":[{"embeddable":true,"href":"http:\/\/www.fancyplants.de\/de\/wp-json\/wp\/v2\/pages\/510"}],"wp:attachment":[{"href":"http:\/\/www.fancyplants.de\/de\/wp-json\/wp\/v2\/media?parent=514"}],"curies":[{"name":"wp","href":"https:\/\/api.w.org\/{rel}","templated":true}]}}