{"id":473,"date":"2015-06-23T20:47:04","date_gmt":"2015-06-23T18:47:04","guid":{"rendered":"http:\/\/www.fancyplants.de\/de\/?page_id=473"},"modified":"2019-10-15T08:51:04","modified_gmt":"2019-10-15T06:51:04","slug":"reetdach","status":"publish","type":"page","link":"http:\/\/www.fancyplants.de\/de\/gardenhome\/sonstiges\/reetdach\/","title":{"rendered":"Reetdach"},"content":{"rendered":"<div class=\"fusion-fullwidth fullwidth-box fusion-builder-row-1 hundred-percent-fullwidth non-hundred-percent-height-scrolling\" style=\"--awb-border-radius-top-left:0px;--awb-border-radius-top-right:0px;--awb-border-radius-bottom-right:0px;--awb-border-radius-bottom-left:0px;--awb-overflow:visible;--awb-flex-wrap:wrap;\" ><div class=\"fusion-builder-row fusion-row\"><div class=\"fusion-layout-column fusion_builder_column fusion-builder-column-0 fusion_builder_column_1_1 1_1 fusion-one-full fusion-column-first fusion-column-last\" style=\"--awb-bg-size:cover;\"><div class=\"fusion-column-wrapper fusion-flex-column-wrapper-legacy\"><div class=\"fusion-title title fusion-title-1 fusion-title-text fusion-title-size-one\"><h1 class=\"fusion-title-heading title-heading-left\" style=\"margin:0;\">Reetdach<\/h1><span class=\"awb-title-spacer\"><\/span><div class=\"title-sep-container\"><div class=\"title-sep sep-single sep-solid\" style=\"border-color:#3e3e3e;\"><\/div><\/div><\/div><div class=\"fusion-title title fusion-title-2 fusion-title-text fusion-title-size-two\"><h2 class=\"fusion-title-heading title-heading-left\" style=\"margin:0;\">Im \u00dcberblick<\/h2><span class=\"awb-title-spacer\"><\/span><div class=\"title-sep-container\"><div class=\"title-sep sep-single sep-solid\" style=\"border-color:#3e3e3e;\"><\/div><\/div><\/div><div class=\"fusion-text fusion-text-1\"><p>Diese Seite befindet sich noch im Aufbau. Detailierte Informationen finden Sie auf dieser Seite fr\u00fchestens ab Sommer 2016.<\/p>\n<\/div><div class=\"fusion-title title fusion-title-3 fusion-title-text fusion-title-size-two\"><h2 class=\"fusion-title-heading title-heading-left\" style=\"margin:0;\">Theoretische \u00dcberlegungen, technische Daten und Skizzen zum Bau<\/h2><span class=\"awb-title-spacer\"><\/span><div class=\"title-sep-container\"><div class=\"title-sep sep-single sep-solid\" style=\"border-color:#3e3e3e;\"><\/div><\/div><\/div><div class=\"fusion-title title fusion-title-4 fusion-title-text fusion-title-size-three\"><h3 class=\"fusion-title-heading title-heading-left\" style=\"margin:0;\">Grafische Darstellung und prinzipieller Aufbau eines Reetdachs<\/h3><span class=\"awb-title-spacer\"><\/span><div class=\"title-sep-container\"><div class=\"title-sep sep-single sep-solid\" style=\"border-color:#3e3e3e;\"><\/div><\/div><\/div><div class=\"fusion-text fusion-text-2\"><p><img decoding=\"async\" src=\"..\/..\/..\/..\/\/images\/grafiken\/rd.jpg\" alt=\"Skizze eines Reetdachs (Grafik)\" width=\"449\" height=\"396\" align=\"right\" hspace=\"5\" vspace=\"5\" \/> F\u00fcr die langfristige Haltbarkeit eines Reetdachs sind mehrere Faktoren ausschlaggebend. Nat\u00fcrlich muss das verwendete Material in einwandfreiem Zustand und frei von Verunreinigungen sein. Die Schilfhalme m\u00fcssen dicht aufeinanderliegen und eine glatte Oberfl\u00e4che bilden, d\u00fcrfen jedoch nicht gequetscht werden. Das Reetdach sollte mindestens eine Dachneigung von 45\u00b0 aufweisen, damit das Niederschlagswasser z\u00fcgig abflie\u00dft. Weiterhin ist es wichtig, dass das Reetdach nach Niederschl\u00e4ge z\u00fcgig abtrocknet. Ideal ist also ein luftiger, sonniger Standort. Zuletzt sollte Luft nicht nur von au\u00dfen, sondern ebenso von innen an das Dach gelangen. Es muss also hinterl\u00fcftet sein. Auf den Dachstuhl wird quer eine Konterlattung angebracht, auf die das Reetdach befestigt wird. Die Schilfhalme werden blockweise aufgebracht. Zun\u00e4chst wird eine Lage von etwa 10 cm befestigt, auf diese gering d\u00fcnnere Lagen aufgebracht, so dass letztlich eine Gesamtdicke des Daches von etwa 30 cm vorliegt. Die Schilfhalme sind alle gleich auszurichten. Das dickere Ende kommt bodenw\u00e4rts, die Spitze zeigt Richtung First. Die unterste Konterlatte ist dicker als die restlichen. Durch diesen &#8218;Vorsprung&#8216; und die leichte Verj\u00fcngung der Schilfhalme nach oben werden die Halme, nachdem sie an den Konterlatten aufgebunden sind, leicht durchgebogen. Die konvexe Seite zeigt nach innen. Durch die Elastizit\u00e4t und Spannung der Halme werden diese fest an das Dach gepresst, so dass dieses mechanisch dauerhaft stabil ist.<\/p>\n<\/div><div class=\"fusion-clearfix\"><\/div><\/div><\/div><div class=\"fusion-layout-column fusion_builder_column fusion-builder-column-1 fusion_builder_column_3_5 3_5 fusion-three-fifth fusion-column-first\" style=\"--awb-bg-size:cover;width:58.4%; margin-right: 4%;\"><div class=\"fusion-column-wrapper fusion-flex-column-wrapper-legacy\"><div class=\"fusion-title title fusion-title-5 fusion-title-text fusion-title-size-three\"><h3 class=\"fusion-title-heading title-heading-left\" style=\"margin:0;\">Ansicht von oben<\/h3><span class=\"awb-title-spacer\"><\/span><div class=\"title-sep-container\"><div class=\"title-sep sep-single sep-solid\" style=\"border-color:#3e3e3e;\"><\/div><\/div><\/div><div class=\"fusion-text fusion-text-3\"><p><img decoding=\"async\" src=\"..\/..\/..\/..\/\/images\/grafiken\/rdoben.jpg\" alt=\"Skizze: Reetdach von oben (Grafik)\" width=\"280\" height=\"288\" align=\"left\" hspace=\"5\" vspace=\"5\" \/> Dargestellt ist die Konterlattung (hier zwei Balken), auf denen die Schilfhalme aufliegen. Eine Lage Schilfhalme (etwa 10 cm Dicke) wird nun mittels eines Drahts \u00fcber etwa 50 cm L\u00e4nge fortlaufend fixiert. Zun\u00e4chst wird der Draht von oben einmal um die Konterlatte herumgef\u00fchrt und anschlie\u00dfend verknotet. Danach f\u00fchrt man von oben den Draht quer \u00fcber eine Strecke von etwa 10 cm \u00fcber die Schilfhalme, geht anschlie\u00dfend unterhalb der Konterlatte herum (gestrichelt dargestellt) und zieht den Draht fest an, so dass die \u00fcberquerten Schilfhalme fest auf die Konterlatte gepresst werden. Dieser Vorgang wird noch viermal wiederholt, ehe der Draht ein letztes Mal um die Konterlatte gewickelt und das Ende verknotet wurde. Die Schilfhalme werden nach dieser Methode an jeder Konterlatte, auf der sie aufliegen, befestigt. Die n\u00e4chsten Schilflagen werden in gleicher Weise fixiert.<\/p>\n<\/div><div class=\"fusion-clearfix\"><\/div><\/div><\/div><div class=\"fusion-layout-column fusion_builder_column fusion-builder-column-2 fusion_builder_column_2_5 2_5 fusion-two-fifth fusion-column-last\" style=\"--awb-bg-size:cover;width:37.6%;\"><div class=\"fusion-column-wrapper fusion-flex-column-wrapper-legacy\"><div class=\"fusion-title title fusion-title-6 fusion-title-text fusion-title-size-three\"><h3 class=\"fusion-title-heading title-heading-left\" style=\"margin:0;\">Ansicht seitlich<\/h3><span class=\"awb-title-spacer\"><\/span><div class=\"title-sep-container\"><div class=\"title-sep sep-single sep-solid\" style=\"border-color:#3e3e3e;\"><\/div><\/div><\/div><div class=\"fusion-text fusion-text-4\"><p><img decoding=\"async\" src=\"..\/..\/..\/..\/images\/grafiken\/rdseite.jpg\" alt=\"Skizze: Reetdach von der Seite (Grafik)\" width=\"214\" height=\"185\" align=\"right\" hspace=\"5\" vspace=\"5\" \/> Nochmals eine Skizze von seitlich. Ebenfalls dargestellt ist eine Konterlatte, um die der Befestigungs- draht verl\u00e4uft. Zun\u00e4chst wird die untere Schilflage (orange) in der geschilderten Weise befestigt, anschlie\u00dfend wird die n\u00e4chste Schilflage (gelb) ebenso fixiert.<\/p>\n<\/div><div class=\"fusion-clearfix\"><\/div><\/div><\/div><\/div><\/div>","protected":false},"excerpt":{"rendered":"","protected":false},"author":1,"featured_media":0,"parent":456,"menu_order":0,"comment_status":"open","ping_status":"open","template":"","meta":{"footnotes":""},"class_list":["post-473","page","type-page","status-publish","hentry"],"yoast_head":"<!-- This site is optimized with the Yoast SEO plugin v26.9 - https:\/\/yoast.com\/product\/yoast-seo-wordpress\/ -->\n<title>Reetdach - Fancy Plants - Deutsch<\/title>\n<meta name=\"description\" content=\"Sie erhalten hier eine ausf\u00fchrliche Dokumentation des Baus eines Reetdachs. Schritt f\u00fcr Schritt.\" \/>\n<meta name=\"robots\" content=\"index, follow, max-snippet:-1, max-image-preview:large, max-video-preview:-1\" \/>\n<link rel=\"canonical\" href=\"http:\/\/www.fancyplants.de\/de\/gardenhome\/sonstiges\/reetdach\/\" \/>\n<meta property=\"og:locale\" content=\"de_DE\" \/>\n<meta property=\"og:type\" content=\"article\" \/>\n<meta property=\"og:title\" content=\"Reetdach - Fancy Plants - Deutsch\" \/>\n<meta property=\"og:description\" content=\"Sie erhalten hier eine ausf\u00fchrliche Dokumentation des Baus eines Reetdachs. Schritt f\u00fcr Schritt.\" \/>\n<meta property=\"og:url\" content=\"http:\/\/www.fancyplants.de\/de\/gardenhome\/sonstiges\/reetdach\/\" \/>\n<meta property=\"og:site_name\" content=\"Fancy Plants - Deutsch\" \/>\n<meta property=\"article:modified_time\" content=\"2019-10-15T06:51:04+00:00\" \/>\n<meta name=\"twitter:card\" content=\"summary_large_image\" \/>\n<meta name=\"twitter:label1\" content=\"Gesch\u00e4tzte Lesezeit\" \/>\n\t<meta name=\"twitter:data1\" content=\"4\u00a0Minuten\" \/>\n<script type=\"application\/ld+json\" class=\"yoast-schema-graph\">{\"@context\":\"https:\/\/schema.org\",\"@graph\":[{\"@type\":\"WebPage\",\"@id\":\"http:\/\/www.fancyplants.de\/de\/gardenhome\/sonstiges\/reetdach\/\",\"url\":\"http:\/\/www.fancyplants.de\/de\/gardenhome\/sonstiges\/reetdach\/\",\"name\":\"Reetdach - Fancy Plants - Deutsch\",\"isPartOf\":{\"@id\":\"http:\/\/www.fancyplants.de\/de\/#website\"},\"datePublished\":\"2015-06-23T18:47:04+00:00\",\"dateModified\":\"2019-10-15T06:51:04+00:00\",\"description\":\"Sie erhalten hier eine ausf\u00fchrliche Dokumentation des Baus eines Reetdachs. Schritt f\u00fcr Schritt.\",\"breadcrumb\":{\"@id\":\"http:\/\/www.fancyplants.de\/de\/gardenhome\/sonstiges\/reetdach\/#breadcrumb\"},\"inLanguage\":\"de\",\"potentialAction\":[{\"@type\":\"ReadAction\",\"target\":[\"http:\/\/www.fancyplants.de\/de\/gardenhome\/sonstiges\/reetdach\/\"]}]},{\"@type\":\"BreadcrumbList\",\"@id\":\"http:\/\/www.fancyplants.de\/de\/gardenhome\/sonstiges\/reetdach\/#breadcrumb\",\"itemListElement\":[{\"@type\":\"ListItem\",\"position\":1,\"name\":\"Home\",\"item\":\"http:\/\/www.fancyplants.de\/de\/\"},{\"@type\":\"ListItem\",\"position\":2,\"name\":\"Garten-Projekte\",\"item\":\"http:\/\/www.fancyplants.de\/de\/gardenhome\/\"},{\"@type\":\"ListItem\",\"position\":3,\"name\":\"Sonstiges\",\"item\":\"http:\/\/www.fancyplants.de\/de\/gardenhome\/sonstiges\/\"},{\"@type\":\"ListItem\",\"position\":4,\"name\":\"Reetdach\"}]},{\"@type\":\"WebSite\",\"@id\":\"http:\/\/www.fancyplants.de\/de\/#website\",\"url\":\"http:\/\/www.fancyplants.de\/de\/\",\"name\":\"Fancy Plants - Deutsch\",\"description\":\"Eine weitere WordPress-Seite\",\"potentialAction\":[{\"@type\":\"SearchAction\",\"target\":{\"@type\":\"EntryPoint\",\"urlTemplate\":\"http:\/\/www.fancyplants.de\/de\/?s={search_term_string}\"},\"query-input\":{\"@type\":\"PropertyValueSpecification\",\"valueRequired\":true,\"valueName\":\"search_term_string\"}}],\"inLanguage\":\"de\"}]}<\/script>\n<!-- \/ Yoast SEO plugin. -->","yoast_head_json":{"title":"Reetdach - Fancy Plants - Deutsch","description":"Sie erhalten hier eine ausf\u00fchrliche Dokumentation des Baus eines Reetdachs. Schritt f\u00fcr Schritt.","robots":{"index":"index","follow":"follow","max-snippet":"max-snippet:-1","max-image-preview":"max-image-preview:large","max-video-preview":"max-video-preview:-1"},"canonical":"http:\/\/www.fancyplants.de\/de\/gardenhome\/sonstiges\/reetdach\/","og_locale":"de_DE","og_type":"article","og_title":"Reetdach - Fancy Plants - Deutsch","og_description":"Sie erhalten hier eine ausf\u00fchrliche Dokumentation des Baus eines Reetdachs. Schritt f\u00fcr Schritt.","og_url":"http:\/\/www.fancyplants.de\/de\/gardenhome\/sonstiges\/reetdach\/","og_site_name":"Fancy Plants - Deutsch","article_modified_time":"2019-10-15T06:51:04+00:00","twitter_card":"summary_large_image","twitter_misc":{"Gesch\u00e4tzte Lesezeit":"4\u00a0Minuten"},"schema":{"@context":"https:\/\/schema.org","@graph":[{"@type":"WebPage","@id":"http:\/\/www.fancyplants.de\/de\/gardenhome\/sonstiges\/reetdach\/","url":"http:\/\/www.fancyplants.de\/de\/gardenhome\/sonstiges\/reetdach\/","name":"Reetdach - Fancy Plants - Deutsch","isPartOf":{"@id":"http:\/\/www.fancyplants.de\/de\/#website"},"datePublished":"2015-06-23T18:47:04+00:00","dateModified":"2019-10-15T06:51:04+00:00","description":"Sie erhalten hier eine ausf\u00fchrliche Dokumentation des Baus eines Reetdachs. Schritt f\u00fcr Schritt.","breadcrumb":{"@id":"http:\/\/www.fancyplants.de\/de\/gardenhome\/sonstiges\/reetdach\/#breadcrumb"},"inLanguage":"de","potentialAction":[{"@type":"ReadAction","target":["http:\/\/www.fancyplants.de\/de\/gardenhome\/sonstiges\/reetdach\/"]}]},{"@type":"BreadcrumbList","@id":"http:\/\/www.fancyplants.de\/de\/gardenhome\/sonstiges\/reetdach\/#breadcrumb","itemListElement":[{"@type":"ListItem","position":1,"name":"Home","item":"http:\/\/www.fancyplants.de\/de\/"},{"@type":"ListItem","position":2,"name":"Garten-Projekte","item":"http:\/\/www.fancyplants.de\/de\/gardenhome\/"},{"@type":"ListItem","position":3,"name":"Sonstiges","item":"http:\/\/www.fancyplants.de\/de\/gardenhome\/sonstiges\/"},{"@type":"ListItem","position":4,"name":"Reetdach"}]},{"@type":"WebSite","@id":"http:\/\/www.fancyplants.de\/de\/#website","url":"http:\/\/www.fancyplants.de\/de\/","name":"Fancy Plants - Deutsch","description":"Eine weitere WordPress-Seite","potentialAction":[{"@type":"SearchAction","target":{"@type":"EntryPoint","urlTemplate":"http:\/\/www.fancyplants.de\/de\/?s={search_term_string}"},"query-input":{"@type":"PropertyValueSpecification","valueRequired":true,"valueName":"search_term_string"}}],"inLanguage":"de"}]}},"_links":{"self":[{"href":"http:\/\/www.fancyplants.de\/de\/wp-json\/wp\/v2\/pages\/473","targetHints":{"allow":["GET"]}}],"collection":[{"href":"http:\/\/www.fancyplants.de\/de\/wp-json\/wp\/v2\/pages"}],"about":[{"href":"http:\/\/www.fancyplants.de\/de\/wp-json\/wp\/v2\/types\/page"}],"author":[{"embeddable":true,"href":"http:\/\/www.fancyplants.de\/de\/wp-json\/wp\/v2\/users\/1"}],"replies":[{"embeddable":true,"href":"http:\/\/www.fancyplants.de\/de\/wp-json\/wp\/v2\/comments?post=473"}],"version-history":[{"count":1,"href":"http:\/\/www.fancyplants.de\/de\/wp-json\/wp\/v2\/pages\/473\/revisions"}],"predecessor-version":[{"id":3050,"href":"http:\/\/www.fancyplants.de\/de\/wp-json\/wp\/v2\/pages\/473\/revisions\/3050"}],"up":[{"embeddable":true,"href":"http:\/\/www.fancyplants.de\/de\/wp-json\/wp\/v2\/pages\/456"}],"wp:attachment":[{"href":"http:\/\/www.fancyplants.de\/de\/wp-json\/wp\/v2\/media?parent=473"}],"curies":[{"name":"wp","href":"https:\/\/api.w.org\/{rel}","templated":true}]}}