{"id":464,"date":"2015-06-23T20:35:26","date_gmt":"2015-06-23T18:35:26","guid":{"rendered":"http:\/\/www.fancyplants.de\/de\/?page_id=464"},"modified":"2019-10-15T08:51:06","modified_gmt":"2019-10-15T06:51:06","slug":"waldbeet","status":"publish","type":"page","link":"http:\/\/www.fancyplants.de\/de\/gardenhome\/sonstiges\/waldbeet\/","title":{"rendered":"Waldbeet"},"content":{"rendered":"<div class=\"fusion-fullwidth fullwidth-box fusion-builder-row-1 hundred-percent-fullwidth non-hundred-percent-height-scrolling\" style=\"--awb-border-radius-top-left:0px;--awb-border-radius-top-right:0px;--awb-border-radius-bottom-right:0px;--awb-border-radius-bottom-left:0px;--awb-overflow:visible;--awb-flex-wrap:wrap;\" ><div class=\"fusion-builder-row fusion-row\"><div class=\"fusion-layout-column fusion_builder_column fusion-builder-column-0 fusion_builder_column_1_1 1_1 fusion-one-full fusion-column-first fusion-column-last\" style=\"--awb-bg-size:cover;\"><div class=\"fusion-column-wrapper fusion-flex-column-wrapper-legacy\"><div class=\"fusion-title title fusion-title-1 fusion-title-text fusion-title-size-one\"><h1 class=\"fusion-title-heading title-heading-left\" style=\"margin:0;\">Waldbeet<\/h1><span class=\"awb-title-spacer\"><\/span><div class=\"title-sep-container\"><div class=\"title-sep sep-single sep-solid\" style=\"border-color:#3e3e3e;\"><\/div><\/div><\/div><div class=\"fusion-title title fusion-title-2 fusion-title-text fusion-title-size-two\"><h2 class=\"fusion-title-heading title-heading-left\" style=\"margin:0;\">Im \u00dcberblick<\/h2><span class=\"awb-title-spacer\"><\/span><div class=\"title-sep-container\"><div class=\"title-sep sep-single sep-solid\" style=\"border-color:#3e3e3e;\"><\/div><\/div><\/div><div class=\"fusion-text fusion-text-1\"><p>Schattige &#8218;Jammerecken&#8216; des Gartens werden oft stiefm\u00fctterlich behandelt. Diese Stellen eignen sich aber vorz\u00fcglich zur Anlage eines Waldbeets, in dem sich zum Beispiel viele sch\u00f6ne Orchideen und Fr\u00fchjahrsbl\u00fcher halten lassen.<\/p>\n<p>Weder der Bau noch die j\u00e4hrliche Pflege sind kompliziert oder zeitaufwendig.<\/p>\n<\/div><div class=\"fusion-title title fusion-title-3 fusion-title-text fusion-title-size-two\"><h2 class=\"fusion-title-heading title-heading-left\" style=\"margin:0;\">Projekt<\/h2><span class=\"awb-title-spacer\"><\/span><div class=\"title-sep-container\"><div class=\"title-sep sep-single sep-solid\" style=\"border-color:#3e3e3e;\"><\/div><\/div><\/div><div class=\"fusion-title title fusion-title-4 fusion-title-text fusion-title-size-three\"><h3 class=\"fusion-title-heading title-heading-left\" style=\"margin:0;\">Erl\u00e4uterung des Baus und schematische Darstellung<\/h3><span class=\"awb-title-spacer\"><\/span><div class=\"title-sep-container\"><div class=\"title-sep sep-single sep-solid\" style=\"border-color:#3e3e3e;\"><\/div><\/div><\/div><div class=\"fusion-text fusion-text-2\"><div class=\"intextl\"><a class=\"lupe200\" title=\"Baugrube.\" href=\"..\/..\/..\/..\/..\/images\/garden\/wb1.jpg\" data-gallery=\"\"><img decoding=\"async\" src=\"..\/..\/..\/..\/..\/images\/garden\/wb1s.jpg\" alt=\"Baugrube.\" width=\"200\" height=\"200\" \/><span><\/span><\/a><\/div>\n<p><img decoding=\"async\" src=\"..\/..\/..\/..\/..\/images\/grafiken\/wald.jpg\" alt=\"Skizze eines Waldbeets\" width=\"536\" height=\"126\" align=\"right\" hspace=\"5\" vspace=\"5\" \/> Als Standort eignen sich die schattigen Ecken des Gartens. Es ist vollkommen ausreichend, wenn diese morgens oder abends kurz etwas Sonne abbekommen. Viele Waldbewohner bevorzugen einen lockeren, humosen Boden mit gutem Wasserabzug bei doch gleichbleibender Feuchtigkeit. In Abh\u00e4ngigkeit der \u00f6rtlichen Bedingungen muss daher beim Bau auf diese Bed\u00fcrfnisse eingegangen werden. Einerseits sollte das Substrat auch im Sommer nicht austrocknen, aber im Falle st\u00e4rkerer Niederschl\u00e4ge auch einen guten Wasserabzug gew\u00e4hrleisten. Somit bietet sich ein mehrschichtiger Substrataufbau an.\nIn die ausgehobene Baugrube habe ich zun\u00e4chst eine etwa 15 cm hohe Schicht aus Flussschotter als Drainage eingebracht. Auf diese folgt dann eine ebenso hohe Mischung aus 2 Teilen lehmigem Mutterboden und einem Teil scharfem Sand. Die Zwischenschicht soll einerseits doch einen guten Wasserabzug bei starkem Regen gew\u00e4hrleisten, aber andererseits auch eine ausreichende Wasserspeicherung gew\u00e4hrleisten. Als n\u00e4chstes folgt eine etwa 10 cm starke Schicht aus je einem Drittel Mutterboden, Sand und Rindenmulch. In diese Substratschicht kann auch reichlich Buchenlaub eingemischt werde. Um das Austrocknen im Sommer zu reduzieren, wird das Beet schlie\u00dflich mit etwas Rindenmulch abgedeckt. Schlie\u00dflich wird das Beet gut gew\u00e4ssert und bepflanzt.<\/p>\n<div class=\"intextl\"><a class=\"lupe200\" title=\"Schotterschicht.\" href=\"..\/..\/..\/..\/..\/images\/garden\/wb2.jpg\" data-gallery=\"\"><img decoding=\"async\" src=\"..\/..\/..\/..\/..\/images\/garden\/wb2s.jpg\" alt=\"Schotterschicht.\" width=\"200\" height=\"200\" \/><span><\/span><\/a><\/div>\n<div class=\"intextr\"><a class=\"lupe200\" title=\"Cypripedium parviflorum.\" href=\"..\/..\/..\/..\/..\/images\/garden\/cypparvi.jpg\" data-gallery=\"\"><img decoding=\"async\" src=\"..\/..\/..\/..\/..\/images\/garden\/cypparvis.jpg\" alt=\"Cypripedium parviflorum.\" width=\"200\" height=\"200\" \/><span><\/span><\/a><\/div>\n<p>Die j\u00e4hrliche Pflege ist gering. Eine Winterabdeckung mit Laub muss nur bei frostempfindlichen Orchideen erfolgen. In hei\u00dfen Sommern kann es n\u00f6tig werden, das Beet sporadisch zu w\u00e4ssern. Zwischendurch entferne ich etwas st\u00f6renden Bewuchs, wie zu viel Gras, einzelne Brennnesseln oder L\u00f6wenzahnpflanzen.<\/p>\n<p>Manche Pflanzen f\u00fchlen sich im Beet ausgesprochen wohl und vermehren sich exzessiv, so dass sie j\u00e4hrlich ausged\u00fcnnt werden m\u00fcssen. Zum Beispiel wurde aus einer Walderdbeerpflanze innerhalb von zwei Jahren \u00fcber 100 Pflanzen. Ebenso neigt der Waldmeister etwas zum wuchern.<\/p>\n<p>Falls sie Orchideen pflanzen (viele Arten aus der Gattung <i>Cypripedium<\/i> sind einfach zu kultivieren und wundersch\u00f6n), so sollten sie die Pflanzen markieren. Im zeitigen Fr\u00fchjahr befreien sie vorsichtig (nicht das unterirdische Rhizom besch\u00e4digen!) den Pflanzplatz vom Bewuchs, damit die Austriebe wenige Wochen sp\u00e4ter von Anfang an gute Bedingungen f\u00fcr ihre Photosynthese vorfinden. Zudem ist der junge Orchideenaustrieb sehr empfindlich gegen Schneckenfra\u00df und muss gegebenenfalls anf\u00e4nglich durch ein feines Drahtgeflecht gesch\u00fctzt werden. Sobald der Austrieb eine H\u00f6he von etwa 15 cm erreicht hat, werden die Bl\u00e4tter hart und sch\u00fctzen sich selbst durch feine Haare, so dass sie den Schutz entfernen k\u00f6nnen.<\/p>\n<\/div><div class=\"fusion-clearfix\"><\/div><\/div><\/div><div class=\"fusion-layout-column fusion_builder_column fusion-builder-column-1 fusion_builder_column_1_1 1_1 fusion-one-full fusion-column-first fusion-column-last\" style=\"--awb-bg-size:cover;\"><div class=\"fusion-column-wrapper fusion-flex-column-wrapper-legacy\"><div class=\"fusion-title title fusion-title-5 fusion-title-text fusion-title-size-two\"><h2 class=\"fusion-title-heading title-heading-left\" style=\"margin:0;\">Geeignete Pflanzen f\u00fcr eine ganzj\u00e4hrige Freilandhaltung<\/h2><span class=\"awb-title-spacer\"><\/span><div class=\"title-sep-container\"><div class=\"title-sep sep-single sep-solid\" style=\"border-color:#3e3e3e;\"><\/div><\/div><\/div><div class=\"fusion-text fusion-text-3\"><div>\n<table class=\"table1\" width=\"100%\">\n<thead>\n<tr>\n<th align=\"left\">Gattung (Botanisch)<\/th>\n<th align=\"left\">Art (Botanisch)<\/th>\n<th align=\"left\">Deutscher Name<\/th>\n<th align=\"left\">Bemerkung<\/th>\n<\/tr>\n<\/thead>\n<tbody>\n<tr>\n<td>Anemone<\/td>\n<td>nemorosa<\/td>\n<td>Buschwindr\u00f6schen<\/td>\n<td>Zarte Pflanze.<\/td>\n<\/tr>\n<tr>\n<td>Bletilla<\/td>\n<td>striata<\/td>\n<td>Japanorchidee<\/td>\n<td>Im Winter mit Rindenmulch\/Folie abdecken.<\/td>\n<\/tr>\n<tr>\n<td>Convallaria<\/td>\n<td>majalis<\/td>\n<td>Maigl\u00f6ckchen<\/td>\n<td>Giftig!<\/td>\n<\/tr>\n<tr>\n<td>Cyclamen<\/td>\n<td>cilicium<\/td>\n<td>Anatolien-Alpenveilchen<\/td>\n<td>Herbstbl\u00fcher. Bedingt winterhart!<\/td>\n<\/tr>\n<tr>\n<td>Cyclamen<\/td>\n<td>hederifolium<\/td>\n<td>Efeubl\u00e4ttriges Alpenveilchen<\/td>\n<td>Herbstbl\u00fcher. Winterh\u00e4rte besser.<\/td>\n<\/tr>\n<tr>\n<td>Cypripedium<\/td>\n<td>formosanum<\/td>\n<td>Taiwan-Frauenschuh<\/td>\n<td>Fr\u00fcher Austrieb. Im Winter luftig mit einer Plastikplatte abdecken.<\/td>\n<\/tr>\n<tr>\n<td>Cypripedium<\/td>\n<td>kentuckiense<\/td>\n<td>Kentucky Frauenschuh<\/td>\n<td>Sehr gro\u00dfe Bl\u00fcten.<\/td>\n<\/tr>\n<tr>\n<td>Cypripedium<\/td>\n<td>pubescens<\/td>\n<td>Behaarter Frauenschuh<\/td>\n<td>\u00c4hnlich C. parviflorum.<\/td>\n<\/tr>\n<tr>\n<td>Cypripedium<\/td>\n<td>parviflorum<\/td>\n<td>Kleinbl\u00fctiger Frauenschuh<\/td>\n<td>\u00c4hnlich C. pubsecens.<\/td>\n<\/tr>\n<tr>\n<td>Cypripedium<\/td>\n<td>reginae<\/td>\n<td>K\u00f6nigin-Frauenschuh<\/td>\n<td>Ziemlich einfach.<\/td>\n<\/tr>\n<tr>\n<td>Fragaria<\/td>\n<td>vesca<\/td>\n<td>Walderdbeere<\/td>\n<td>Neigt zum Wuchern.<\/td>\n<\/tr>\n<tr>\n<td>Lamium<\/td>\n<td>galeobdolon<\/td>\n<td>Gew\u00f6hnliche Goldnessel<\/td>\n<td><\/td>\n<\/tr>\n<tr>\n<td>Leucojum<\/td>\n<td>vernum<\/td>\n<td>M\u00e4rzenbecher<\/td>\n<td>Bevorzugt frische B\u00f6den.<\/td>\n<\/tr>\n<tr>\n<td>Primula<\/td>\n<td>elatior<\/td>\n<td>Wald-Schl\u00fcsselblume<\/td>\n<td>Schwefelgelbe Bl\u00fcten.<\/td>\n<\/tr>\n<tr>\n<td>Pulmonaria<\/td>\n<td>officinalis<\/td>\n<td>Geflecktes Lungenkraut<\/td>\n<td>Interessanter Farbumschlag der Bl\u00fcten durch eine \u00c4nderung des pH-Werts.<\/td>\n<\/tr>\n<\/tbody>\n<\/table>\n<\/div>\n<\/div><div class=\"fusion-title title fusion-title-6 fusion-title-text fusion-title-size-two\"><h2 class=\"fusion-title-heading title-heading-left\" style=\"margin:0;\">Entwicklung<\/h2><span class=\"awb-title-spacer\"><\/span><div class=\"title-sep-container\"><div class=\"title-sep sep-single sep-solid\" style=\"border-color:#3e3e3e;\"><\/div><\/div><\/div><div class=\"fusion-title title fusion-title-7 fusion-title-text fusion-title-size-three\"><h3 class=\"fusion-title-heading title-heading-left\" style=\"margin:0;\">2012<\/h3><span class=\"awb-title-spacer\"><\/span><div class=\"title-sep-container\"><div class=\"title-sep sep-single sep-solid\" style=\"border-color:#3e3e3e;\"><\/div><\/div><\/div><div class=\"fusion-title title fusion-title-8 fusion-title-text fusion-title-size-three\"><h3 class=\"fusion-title-heading title-heading-left\" style=\"margin:0;\">2013<\/h3><span class=\"awb-title-spacer\"><\/span><div class=\"title-sep-container\"><div class=\"title-sep sep-single sep-solid\" style=\"border-color:#3e3e3e;\"><\/div><\/div><\/div><div class=\"fusion-title title fusion-title-9 fusion-title-text fusion-title-size-two\"><h2 class=\"fusion-title-heading title-heading-left\" style=\"margin:0;\">Fotos<\/h2><span class=\"awb-title-spacer\"><\/span><div class=\"title-sep-container\"><div class=\"title-sep sep-single sep-solid\" style=\"border-color:#3e3e3e;\"><\/div><\/div><\/div><div class=\"fusion-clearfix\"><\/div><\/div><\/div><div class=\"fusion-layout-column fusion_builder_column fusion-builder-column-2 fusion_builder_column_1_5 1_5 fusion-one-fifth fusion-column-first\" style=\"--awb-bg-size:cover;width:16.8%; margin-right: 4%;\"><div class=\"fusion-column-wrapper fusion-flex-column-wrapper-legacy\"><div class=\"fusion-text fusion-text-4\"><div class=\"intextl\"><a class=\"lupe200\" title=\"Cypripedium reginae 2011, ...\" href=\"..\/..\/..\/..\/..\/images\/garden\/cypreg2011.jpg\" data-gallery=\"\"><img decoding=\"async\" src=\"..\/..\/..\/..\/..\/images\/garden\/cypreg2011s.jpg\" alt=\"Cypripedium reginae 2011, ...\" width=\"200\" height=\"200\" \/><span><\/span><\/a><\/div>\n<\/div><div class=\"fusion-clearfix\"><\/div><\/div><\/div><div class=\"fusion-layout-column fusion_builder_column fusion-builder-column-3 fusion_builder_column_1_5 1_5 fusion-one-fifth\" style=\"--awb-bg-size:cover;width:16.8%; margin-right: 4%;\"><div class=\"fusion-column-wrapper fusion-flex-column-wrapper-legacy\"><div class=\"fusion-text fusion-text-5\"><div class=\"intextl\"><a class=\"lupe200\" title=\"... der gleiche Horst 2013.\" href=\"..\/..\/..\/..\/..\/images\/garden\/cypreg2013.jpg\" data-gallery=\"\"><img decoding=\"async\" src=\"..\/..\/..\/..\/..\/images\/garden\/cypreg2013s.jpg\" alt=\"... der gleiche Horst 2013.\" width=\"200\" height=\"200\" \/><span><\/span><\/a><\/div>\n<\/div><div class=\"fusion-clearfix\"><\/div><\/div><\/div><div class=\"fusion-layout-column fusion_builder_column fusion-builder-column-4 fusion_builder_column_1_5 1_5 fusion-one-fifth\" style=\"--awb-bg-size:cover;width:16.8%; margin-right: 4%;\"><div class=\"fusion-column-wrapper fusion-flex-column-wrapper-legacy\"><div class=\"fusion-text fusion-text-6\"><div class=\"intextl\"><a class=\"lupe200\" title=\"Cyclamen cilicium, Herbst 2013.\" href=\"..\/..\/..\/..\/..\/images\/garden\/cilicium.jpg\" data-gallery=\"\"><img decoding=\"async\" src=\"..\/..\/..\/..\/..\/images\/garden\/ciliciums.jpg\" alt=\"Cyclamen cilicium, Herbst 2013.\" width=\"200\" height=\"200\" \/><span><\/span><\/a><\/div>\n<\/div><div class=\"fusion-clearfix\"><\/div><\/div><\/div><div class=\"fusion-layout-column fusion_builder_column fusion-builder-column-5 fusion_builder_column_1_5 1_5 fusion-one-fifth\" style=\"--awb-bg-size:cover;width:16.8%; margin-right: 4%;\"><div class=\"fusion-column-wrapper fusion-flex-column-wrapper-legacy\"><div class=\"fusion-text fusion-text-7\"><div class=\"intextl\"><a class=\"lupe200\" title=\"Cyclamen hederifolium, Herbst 2013.\" href=\"..\/..\/..\/..\/..\/images\/garden\/hederifolium.jpg\" data-gallery=\"\"><img decoding=\"async\" src=\"..\/..\/..\/..\/..\/images\/garden\/hederifoliums.jpg\" alt=\"Cyclamen hederifolium, Herbst 2013.\" width=\"200\" height=\"200\" \/><span><\/span><\/a><\/div>\n<\/div><div class=\"fusion-clearfix\"><\/div><\/div><\/div><\/div><\/div>","protected":false},"excerpt":{"rendered":"","protected":false},"author":1,"featured_media":0,"parent":456,"menu_order":0,"comment_status":"open","ping_status":"open","template":"","meta":{"footnotes":""},"class_list":["post-464","page","type-page","status-publish","hentry"],"yoast_head":"<!-- This site is optimized with the Yoast SEO plugin v26.9 - https:\/\/yoast.com\/product\/yoast-seo-wordpress\/ -->\n<title>Waldbeet - Fancy Plants - Deutsch<\/title>\n<meta name=\"description\" content=\"Schattige &#039;Jammerecken&#039; des Gartens werden oft stiefm\u00fctterlich behandelt. Diese Stellen eignen sich aber vorz\u00fcglich zur Anlage eines Waldbeets, in dem sich zum Beispiel viele sch\u00f6ne Orchideen halten lassen.\" \/>\n<meta name=\"robots\" content=\"index, follow, max-snippet:-1, max-image-preview:large, max-video-preview:-1\" \/>\n<link rel=\"canonical\" href=\"http:\/\/www.fancyplants.de\/de\/gardenhome\/sonstiges\/waldbeet\/\" \/>\n<meta property=\"og:locale\" content=\"de_DE\" \/>\n<meta property=\"og:type\" content=\"article\" \/>\n<meta property=\"og:title\" content=\"Waldbeet - Fancy Plants - Deutsch\" \/>\n<meta property=\"og:description\" content=\"Schattige &#039;Jammerecken&#039; des Gartens werden oft stiefm\u00fctterlich behandelt. Diese Stellen eignen sich aber vorz\u00fcglich zur Anlage eines Waldbeets, in dem sich zum Beispiel viele sch\u00f6ne Orchideen halten lassen.\" \/>\n<meta property=\"og:url\" content=\"http:\/\/www.fancyplants.de\/de\/gardenhome\/sonstiges\/waldbeet\/\" \/>\n<meta property=\"og:site_name\" content=\"Fancy Plants - Deutsch\" \/>\n<meta property=\"article:modified_time\" content=\"2019-10-15T06:51:06+00:00\" \/>\n<meta name=\"twitter:card\" content=\"summary_large_image\" \/>\n<meta name=\"twitter:label1\" content=\"Gesch\u00e4tzte Lesezeit\" \/>\n\t<meta name=\"twitter:data1\" content=\"5\u00a0Minuten\" \/>\n<script type=\"application\/ld+json\" class=\"yoast-schema-graph\">{\"@context\":\"https:\/\/schema.org\",\"@graph\":[{\"@type\":\"WebPage\",\"@id\":\"http:\/\/www.fancyplants.de\/de\/gardenhome\/sonstiges\/waldbeet\/\",\"url\":\"http:\/\/www.fancyplants.de\/de\/gardenhome\/sonstiges\/waldbeet\/\",\"name\":\"Waldbeet - Fancy Plants - Deutsch\",\"isPartOf\":{\"@id\":\"http:\/\/www.fancyplants.de\/de\/#website\"},\"datePublished\":\"2015-06-23T18:35:26+00:00\",\"dateModified\":\"2019-10-15T06:51:06+00:00\",\"description\":\"Schattige 'Jammerecken' des Gartens werden oft stiefm\u00fctterlich behandelt. Diese Stellen eignen sich aber vorz\u00fcglich zur Anlage eines Waldbeets, in dem sich zum Beispiel viele sch\u00f6ne Orchideen halten lassen.\",\"breadcrumb\":{\"@id\":\"http:\/\/www.fancyplants.de\/de\/gardenhome\/sonstiges\/waldbeet\/#breadcrumb\"},\"inLanguage\":\"de\",\"potentialAction\":[{\"@type\":\"ReadAction\",\"target\":[\"http:\/\/www.fancyplants.de\/de\/gardenhome\/sonstiges\/waldbeet\/\"]}]},{\"@type\":\"BreadcrumbList\",\"@id\":\"http:\/\/www.fancyplants.de\/de\/gardenhome\/sonstiges\/waldbeet\/#breadcrumb\",\"itemListElement\":[{\"@type\":\"ListItem\",\"position\":1,\"name\":\"Home\",\"item\":\"http:\/\/www.fancyplants.de\/de\/\"},{\"@type\":\"ListItem\",\"position\":2,\"name\":\"Garten-Projekte\",\"item\":\"http:\/\/www.fancyplants.de\/de\/gardenhome\/\"},{\"@type\":\"ListItem\",\"position\":3,\"name\":\"Sonstiges\",\"item\":\"http:\/\/www.fancyplants.de\/de\/gardenhome\/sonstiges\/\"},{\"@type\":\"ListItem\",\"position\":4,\"name\":\"Waldbeet\"}]},{\"@type\":\"WebSite\",\"@id\":\"http:\/\/www.fancyplants.de\/de\/#website\",\"url\":\"http:\/\/www.fancyplants.de\/de\/\",\"name\":\"Fancy Plants - Deutsch\",\"description\":\"Eine weitere WordPress-Seite\",\"potentialAction\":[{\"@type\":\"SearchAction\",\"target\":{\"@type\":\"EntryPoint\",\"urlTemplate\":\"http:\/\/www.fancyplants.de\/de\/?s={search_term_string}\"},\"query-input\":{\"@type\":\"PropertyValueSpecification\",\"valueRequired\":true,\"valueName\":\"search_term_string\"}}],\"inLanguage\":\"de\"}]}<\/script>\n<!-- \/ Yoast SEO plugin. -->","yoast_head_json":{"title":"Waldbeet - Fancy Plants - Deutsch","description":"Schattige 'Jammerecken' des Gartens werden oft stiefm\u00fctterlich behandelt. Diese Stellen eignen sich aber vorz\u00fcglich zur Anlage eines Waldbeets, in dem sich zum Beispiel viele sch\u00f6ne Orchideen halten lassen.","robots":{"index":"index","follow":"follow","max-snippet":"max-snippet:-1","max-image-preview":"max-image-preview:large","max-video-preview":"max-video-preview:-1"},"canonical":"http:\/\/www.fancyplants.de\/de\/gardenhome\/sonstiges\/waldbeet\/","og_locale":"de_DE","og_type":"article","og_title":"Waldbeet - Fancy Plants - Deutsch","og_description":"Schattige 'Jammerecken' des Gartens werden oft stiefm\u00fctterlich behandelt. Diese Stellen eignen sich aber vorz\u00fcglich zur Anlage eines Waldbeets, in dem sich zum Beispiel viele sch\u00f6ne Orchideen halten lassen.","og_url":"http:\/\/www.fancyplants.de\/de\/gardenhome\/sonstiges\/waldbeet\/","og_site_name":"Fancy Plants - Deutsch","article_modified_time":"2019-10-15T06:51:06+00:00","twitter_card":"summary_large_image","twitter_misc":{"Gesch\u00e4tzte Lesezeit":"5\u00a0Minuten"},"schema":{"@context":"https:\/\/schema.org","@graph":[{"@type":"WebPage","@id":"http:\/\/www.fancyplants.de\/de\/gardenhome\/sonstiges\/waldbeet\/","url":"http:\/\/www.fancyplants.de\/de\/gardenhome\/sonstiges\/waldbeet\/","name":"Waldbeet - Fancy Plants - Deutsch","isPartOf":{"@id":"http:\/\/www.fancyplants.de\/de\/#website"},"datePublished":"2015-06-23T18:35:26+00:00","dateModified":"2019-10-15T06:51:06+00:00","description":"Schattige 'Jammerecken' des Gartens werden oft stiefm\u00fctterlich behandelt. Diese Stellen eignen sich aber vorz\u00fcglich zur Anlage eines Waldbeets, in dem sich zum Beispiel viele sch\u00f6ne Orchideen halten lassen.","breadcrumb":{"@id":"http:\/\/www.fancyplants.de\/de\/gardenhome\/sonstiges\/waldbeet\/#breadcrumb"},"inLanguage":"de","potentialAction":[{"@type":"ReadAction","target":["http:\/\/www.fancyplants.de\/de\/gardenhome\/sonstiges\/waldbeet\/"]}]},{"@type":"BreadcrumbList","@id":"http:\/\/www.fancyplants.de\/de\/gardenhome\/sonstiges\/waldbeet\/#breadcrumb","itemListElement":[{"@type":"ListItem","position":1,"name":"Home","item":"http:\/\/www.fancyplants.de\/de\/"},{"@type":"ListItem","position":2,"name":"Garten-Projekte","item":"http:\/\/www.fancyplants.de\/de\/gardenhome\/"},{"@type":"ListItem","position":3,"name":"Sonstiges","item":"http:\/\/www.fancyplants.de\/de\/gardenhome\/sonstiges\/"},{"@type":"ListItem","position":4,"name":"Waldbeet"}]},{"@type":"WebSite","@id":"http:\/\/www.fancyplants.de\/de\/#website","url":"http:\/\/www.fancyplants.de\/de\/","name":"Fancy Plants - Deutsch","description":"Eine weitere WordPress-Seite","potentialAction":[{"@type":"SearchAction","target":{"@type":"EntryPoint","urlTemplate":"http:\/\/www.fancyplants.de\/de\/?s={search_term_string}"},"query-input":{"@type":"PropertyValueSpecification","valueRequired":true,"valueName":"search_term_string"}}],"inLanguage":"de"}]}},"_links":{"self":[{"href":"http:\/\/www.fancyplants.de\/de\/wp-json\/wp\/v2\/pages\/464","targetHints":{"allow":["GET"]}}],"collection":[{"href":"http:\/\/www.fancyplants.de\/de\/wp-json\/wp\/v2\/pages"}],"about":[{"href":"http:\/\/www.fancyplants.de\/de\/wp-json\/wp\/v2\/types\/page"}],"author":[{"embeddable":true,"href":"http:\/\/www.fancyplants.de\/de\/wp-json\/wp\/v2\/users\/1"}],"replies":[{"embeddable":true,"href":"http:\/\/www.fancyplants.de\/de\/wp-json\/wp\/v2\/comments?post=464"}],"version-history":[{"count":1,"href":"http:\/\/www.fancyplants.de\/de\/wp-json\/wp\/v2\/pages\/464\/revisions"}],"predecessor-version":[{"id":3054,"href":"http:\/\/www.fancyplants.de\/de\/wp-json\/wp\/v2\/pages\/464\/revisions\/3054"}],"up":[{"embeddable":true,"href":"http:\/\/www.fancyplants.de\/de\/wp-json\/wp\/v2\/pages\/456"}],"wp:attachment":[{"href":"http:\/\/www.fancyplants.de\/de\/wp-json\/wp\/v2\/media?parent=464"}],"curies":[{"name":"wp","href":"https:\/\/api.w.org\/{rel}","templated":true}]}}