{"id":460,"date":"2015-06-23T20:34:07","date_gmt":"2015-06-23T18:34:07","guid":{"rendered":"http:\/\/www.fancyplants.de\/de\/?page_id=460"},"modified":"2019-10-15T08:51:07","modified_gmt":"2019-10-15T06:51:07","slug":"pizzaofen","status":"publish","type":"page","link":"http:\/\/www.fancyplants.de\/de\/gardenhome\/sonstiges\/pizzaofen\/","title":{"rendered":"Pizzaofen"},"content":{"rendered":"<div class=\"fusion-fullwidth fullwidth-box fusion-builder-row-1 hundred-percent-fullwidth non-hundred-percent-height-scrolling\" style=\"--awb-border-radius-top-left:0px;--awb-border-radius-top-right:0px;--awb-border-radius-bottom-right:0px;--awb-border-radius-bottom-left:0px;--awb-overflow:visible;--awb-flex-wrap:wrap;\" ><div class=\"fusion-builder-row fusion-row\"><div class=\"fusion-layout-column fusion_builder_column fusion-builder-column-0 fusion_builder_column_1_1 1_1 fusion-one-full fusion-column-first fusion-column-last\" style=\"--awb-bg-size:cover;\"><div class=\"fusion-column-wrapper fusion-flex-column-wrapper-legacy\"><div class=\"fusion-title title fusion-title-1 fusion-title-text fusion-title-size-one\"><h1 class=\"fusion-title-heading title-heading-left\" style=\"margin:0;\">Pizzaofen<\/h1><span class=\"awb-title-spacer\"><\/span><div class=\"title-sep-container\"><div class=\"title-sep sep-single sep-solid\" style=\"border-color:#3e3e3e;\"><\/div><\/div><\/div><div class=\"fusion-title title fusion-title-2 fusion-title-text fusion-title-size-two\"><h2 class=\"fusion-title-heading title-heading-left\" style=\"margin:0;\">Die Seite ist in Bearbeitung.<\/h2><span class=\"awb-title-spacer\"><\/span><div class=\"title-sep-container\"><div class=\"title-sep sep-single sep-solid\" style=\"border-color:#3e3e3e;\"><\/div><\/div><\/div><div class=\"fusion-text fusion-text-1\"><p>3D-Simulation mit Blender v2.66.1<\/p>\n<div class=\"intextl\"><a class=\"lupe200\" title=\"3D-Simulation in Blender.\" href=\"..\/..\/..\/..\/..\/images\/garden\/blender.jpg\" data-gallery=\"\"><img decoding=\"async\" src=\"..\/..\/..\/..\/..\/images\/garden\/blenders.jpg\" alt=\"3D-Simulation in Blender.\" width=\"200\" height=\"200\" \/><span><\/span><\/a><\/div>\n<div class=\"intextl\"><a class=\"lupe200\" title=\"Verschalung der Bodenplatte.\" href=\"..\/..\/..\/..\/..\/images\/garden\/boden1.jpg\" data-gallery=\"\"><img decoding=\"async\" src=\"..\/..\/..\/..\/..\/images\/garden\/boden1s.jpg\" alt=\"Verschalung der Bodenplatte.\" width=\"200\" height=\"200\" \/><span><\/span><\/a><\/div>\n<div class=\"intextl\"><a class=\"lupe200\" title=\"Fertig gegossene Bodenplatte.\" href=\"..\/..\/..\/..\/..\/images\/garden\/boden2.jpg\" data-gallery=\"\"><img decoding=\"async\" src=\"..\/..\/..\/..\/..\/images\/garden\/boden2s.jpg\" alt=\"Fertig gegossene Bodenplatte.\" width=\"200\" height=\"200\" \/><span><\/span><\/a><\/div>\n<div class=\"intextl\"><a class=\"lupe200\" title=\"Der Unterbau. Dieser tr\u00e4gt sp\u00e4ter die Zwischendecke und die Brennkammer.\" href=\"..\/..\/..\/..\/..\/images\/garden\/unterbau.jpg\" data-gallery=\"\"><img decoding=\"async\" src=\"..\/..\/..\/..\/..\/images\/garden\/unterbaus.jpg\" alt=\"Der Unterbau. Dieser tr\u00e4gt sp\u00e4ter die Zwischendecke und die Brennkammer.\" width=\"200\" height=\"200\" \/><span><\/span><\/a><\/div>\n<div class=\"intextl\"><a class=\"lupe200\" title=\"Nachdem Armierungsgitter zwischen Unterbau und Klinkerwand eingebracht wurden, habe ich mit der Verklinkerung begonnen.\" href=\"..\/..\/..\/..\/..\/images\/garden\/klinker1.jpg\" data-gallery=\"\"><img decoding=\"async\" src=\"..\/..\/..\/..\/..\/images\/garden\/klinker1s.jpg\" alt=\"Nachdem Armierungsgitter zwischen Unterbau und Klinkerwand eingebracht wurden, habe ich mit der Verklinkerung begonnen.\" width=\"200\" height=\"200\" \/><span><\/span><\/a><\/div>\n<div class=\"intextl\"><a class=\"lupe200\" title=\"Erstellung eines Bogens. Als Hilfskonstruktion habe ich zugeschnittene Styroporplatten verwendet.\" href=\"..\/..\/..\/..\/..\/images\/garden\/bogen.jpg\" data-gallery=\"\"><img decoding=\"async\" src=\"..\/..\/..\/..\/..\/images\/garden\/bogens.jpg\" alt=\"Erstellung eines Bogens. Als Hilfskonstruktion habe ich zugeschnittene Styroporplatten verwendet.\" width=\"200\" height=\"200\" \/><span><\/span><\/a><\/div>\n<div class=\"intextl\"><a class=\"lupe200\" title=\"Mittlerweile hat die Verklinkerung die H\u00f6he des Unterbaus erreicht. Der Zwischenraum wurde mit M\u00f6rtel ausgef\u00fcllt.\" href=\"..\/..\/..\/..\/..\/images\/garden\/klinker2.jpg\" data-gallery=\"\"><img decoding=\"async\" src=\"..\/..\/..\/..\/..\/images\/garden\/klinker2s.jpg\" alt=\"Mittlerweile hat die Verklinkerung die H\u00f6he des Unterbaus erreicht. Der Zwischenraum wurde mit M\u00f6rtel ausgef\u00fcllt.\" width=\"200\" height=\"200\" \/><span><\/span><\/a><\/div>\n<div class=\"intextl\"><a class=\"lupe200\" title=\"Der Grill ist erstellt, ebenso der Bogen der Holznische.\" href=\"..\/..\/..\/..\/..\/images\/garden\/klinker3.jpg\" data-gallery=\"\"><img decoding=\"async\" src=\"..\/..\/..\/..\/..\/images\/garden\/klinker3s.jpg\" alt=\"Der Grill ist erstellt, ebenso der Bogen der Holznische.\" width=\"200\" height=\"200\" \/><span><\/span><\/a><\/div>\n<div class=\"intextl\"><a class=\"lupe200\" title=\"Nun hat der Unterbau seine endg\u00fcltige H\u00f6he erreicht.\" href=\"..\/..\/..\/..\/..\/images\/garden\/klinker4.jpg\" data-gallery=\"\"><img decoding=\"async\" src=\"..\/..\/..\/..\/..\/images\/garden\/klinker4s.jpg\" alt=\"Nun hat der Unterbau seine endg\u00fcltige H\u00f6he erreicht.\" width=\"200\" height=\"200\" \/><span><\/span><\/a><\/div>\n<div class=\"intextl\"><a class=\"lupe200\" title=\"Aufbau der Zwischendecke. Zun\u00e4chst setze ich eine Lage Betonplatten, ...\" href=\"..\/..\/..\/..\/..\/images\/garden\/zwischendecke1.jpg\" data-gallery=\"\"><img decoding=\"async\" src=\"..\/..\/..\/..\/..\/images\/garden\/zwischendecke1s.jpg\" alt=\"Aufbau der Zwischendecke. Zun\u00e4chst setze ich eine Lage Betonplatten, ...\" width=\"200\" height=\"200\" \/><span><\/span><\/a><\/div>\n<div class=\"intextl\"><a class=\"lupe200\" title=\"... dann Einbringen des Armierungsgitters, ...\" href=\"..\/..\/..\/..\/..\/images\/garden\/zwischendecke.jpg\" data-gallery=\"\"><img decoding=\"async\" src=\"..\/..\/..\/..\/..\/images\/garden\/zwischendeckes.jpg\" alt=\"... dann Einbringen des Armierungsgitters, ...\" width=\"200\" height=\"200\" \/><span><\/span><\/a><\/div>\n<div class=\"intextl\"><a class=\"lupe200\" title=\"... und schlie\u00dflich eine etwa 10 cm Betondecke.\" href=\"..\/..\/..\/..\/..\/images\/garden\/zwischendecke2.jpg\" data-gallery=\"\"><img decoding=\"async\" src=\"..\/..\/..\/..\/..\/images\/garden\/zwischendecke2s.jpg\" alt=\"... und schlie\u00dflich eine etwa 10 cm Betondecke.\" width=\"200\" height=\"200\" \/><span><\/span><\/a><\/div>\n<div class=\"intextl\"><a class=\"lupe200\" title=\"Nun wende ich mich wieder meinem Grill zu. Dort baue ich einen Ascheschacht ein.\" href=\"..\/..\/..\/..\/..\/images\/garden\/asche.jpg\" data-gallery=\"\"><img decoding=\"async\" src=\"..\/..\/..\/..\/..\/images\/garden\/asches.jpg\" alt=\"Nun wende ich mich wieder meinem Grill zu. Dort baue ich einen Ascheschacht ein.\" width=\"200\" height=\"200\" \/><span><\/span><\/a><\/div>\n<div class=\"intextl\"><a class=\"lupe200\" title=\"Endlich. Der Unterbau ist fertig. Die Holznische wurde ihrer Funktion zugef\u00fchrt.\" href=\"..\/..\/..\/..\/..\/images\/garden\/unterbau1.jpg\" data-gallery=\"\"><img decoding=\"async\" src=\"..\/..\/..\/..\/..\/images\/garden\/unterbau1s.jpg\" alt=\"Endlich. Der Unterbau ist fertig. Die Holznische wurde ihrer Funktion zugef\u00fchrt.\" width=\"200\" height=\"200\" \/><span><\/span><\/a><\/div>\n<div class=\"intextl\"><a class=\"lupe200\" title=\"\" href=\"..\/..\/..\/..\/..\/images\/pizzaoven\/boden1.jpg\" data-gallery=\"\"><img decoding=\"async\" src=\"..\/..\/..\/..\/..\/images\/pizzaoven\/boden1s.jpg\" alt=\"\" width=\"200\" height=\"200\" \/><span><\/span><\/a><\/div>\n<div class=\"intextl\"><a class=\"lupe200\" title=\"\" href=\"..\/..\/..\/..\/..\/images\/pizzaoven\/boden2.jpg\" data-gallery=\"\"><img decoding=\"async\" src=\"..\/..\/..\/..\/..\/images\/pizzaoven\/boden2s.jpg\" alt=\"\" width=\"200\" height=\"200\" \/><span><\/span><\/a><\/div>\n<div class=\"intextl\"><a class=\"lupe200\" title=\"\" href=\"..\/..\/..\/..\/..\/images\/pizzaoven\/boden3.jpg\" data-gallery=\"\"><img decoding=\"async\" src=\"..\/..\/..\/..\/..\/images\/pizzaoven\/boden3s.jpg\" alt=\"\" width=\"200\" height=\"200\" \/><span><\/span><\/a><\/div>\n<div class=\"intextl\"><a class=\"lupe200\" title=\"\" href=\"..\/..\/..\/..\/..\/images\/pizzaoven\/boden4.jpg\" data-gallery=\"\"><img decoding=\"async\" src=\"..\/..\/..\/..\/..\/images\/pizzaoven\/boden4s.jpg\" alt=\"\" width=\"200\" height=\"200\" \/><span><\/span><\/a><\/div>\n<div class=\"intextl\"><a class=\"lupe200\" title=\"\" href=\"..\/..\/..\/..\/..\/images\/pizzaoven\/kuppel11.jpg\" data-gallery=\"\"><img decoding=\"async\" src=\"..\/..\/..\/..\/..\/images\/pizzaoven\/kuppel11s.jpg\" alt=\"\" width=\"200\" height=\"200\" \/><span><\/span><\/a><\/div>\n<div class=\"intextl\"><a class=\"lupe200\" title=\"\" href=\"..\/..\/..\/..\/..\/images\/pizzaoven\/tuere1.jpg\" data-gallery=\"\"><img decoding=\"async\" src=\"..\/..\/..\/..\/..\/images\/pizzaoven\/tuere1s.jpg\" alt=\"\" width=\"200\" height=\"200\" \/><span><\/span><\/a><\/div>\n<div class=\"intextl\"><a class=\"lupe200\" title=\"\" href=\"..\/..\/..\/..\/..\/images\/pizzaoven\/tuere5.jpg\" data-gallery=\"\"><img decoding=\"async\" src=\"..\/..\/..\/..\/..\/images\/pizzaoven\/tuere5s.jpg\" alt=\"\" width=\"200\" height=\"200\" \/><span><\/span><\/a><\/div>\n<div class=\"intextl\"><a class=\"lupe200\" title=\"\" href=\"..\/..\/..\/..\/..\/images\/pizzaoven\/kuppel4.jpg\" data-gallery=\"\"><img decoding=\"async\" src=\"..\/..\/..\/..\/..\/images\/pizzaoven\/kuppel4s.jpg\" alt=\"\" width=\"200\" height=\"200\" \/><span><\/span><\/a><\/div>\n<div class=\"intextl\"><a class=\"lupe200\" title=\"\" href=\"..\/..\/..\/..\/..\/images\/pizzaoven\/tuere2.jpg\" data-gallery=\"\"><img decoding=\"async\" src=\"..\/..\/..\/..\/..\/images\/pizzaoven\/tuere2s.jpg\" alt=\"\" width=\"200\" height=\"200\" \/><span><\/span><\/a><\/div>\n<div class=\"intextl\"><a class=\"lupe200\" title=\"\" href=\"..\/..\/..\/..\/..\/images\/pizzaoven\/tuere3.jpg\" data-gallery=\"\"><img decoding=\"async\" src=\"..\/..\/..\/..\/..\/images\/pizzaoven\/tuere3s.jpg\" alt=\"\" width=\"200\" height=\"200\" \/><span><\/span><\/a><\/div>\n<div class=\"intextl\"><a class=\"lupe200\" title=\"\" href=\"..\/..\/..\/..\/..\/images\/pizzaoven\/tuere4.jpg\" data-gallery=\"\"><img decoding=\"async\" src=\"..\/..\/..\/..\/..\/images\/pizzaoven\/tuere4s.jpg\" alt=\"\" width=\"200\" height=\"200\" \/><span><\/span><\/a><\/div>\n<div class=\"intextl\"><a class=\"lupe200\" title=\"\" href=\"..\/..\/..\/..\/..\/images\/pizzaoven\/kuppel6.jpg\" data-gallery=\"\"><img decoding=\"async\" src=\"..\/..\/..\/..\/..\/images\/pizzaoven\/kuppel6s.jpg\" alt=\"\" width=\"200\" height=\"200\" \/><span><\/span><\/a><\/div>\n<div class=\"intextl\"><a class=\"lupe200\" title=\"\" href=\"..\/..\/..\/..\/..\/images\/pizzaoven\/kuppel5.jpg\" data-gallery=\"\"><img decoding=\"async\" src=\"..\/..\/..\/..\/..\/images\/pizzaoven\/kuppel5s.jpg\" alt=\"\" width=\"200\" height=\"200\" \/><span><\/span><\/a><\/div>\n<div class=\"intextl\"><a class=\"lupe200\" title=\"\" href=\"..\/..\/..\/..\/..\/images\/pizzaoven\/kuppel3.jpg\" data-gallery=\"\"><img decoding=\"async\" src=\"..\/..\/..\/..\/..\/images\/pizzaoven\/kuppel3s.jpg\" alt=\"\" width=\"200\" height=\"200\" \/><span><\/span><\/a><\/div>\n<div class=\"intextl\"><a class=\"lupe200\" title=\"\" href=\"..\/..\/..\/..\/..\/images\/pizzaoven\/kuppel7.jpg\" data-gallery=\"\"><img decoding=\"async\" src=\"..\/..\/..\/..\/..\/images\/pizzaoven\/kuppel7s.jpg\" alt=\"\" width=\"200\" height=\"200\" \/><span><\/span><\/a><\/div>\n<div class=\"intextl\"><a class=\"lupe200\" title=\"\" href=\"..\/..\/..\/..\/..\/images\/pizzaoven\/kuppel8.jpg\" data-gallery=\"\"><img decoding=\"async\" src=\"..\/..\/..\/..\/..\/images\/pizzaoven\/kuppel8s.jpg\" alt=\"\" width=\"200\" height=\"200\" \/><span><\/span><\/a><\/div>\n<div class=\"intextl\"><a class=\"lupe200\" title=\"\" href=\"..\/..\/..\/..\/..\/images\/pizzaoven\/kuppel1.jpg\" data-gallery=\"\"><img decoding=\"async\" src=\"..\/..\/..\/..\/..\/images\/pizzaoven\/kuppel1s.jpg\" alt=\"\" width=\"200\" height=\"200\" \/><span><\/span><\/a><\/div>\n<div class=\"intextl\"><a class=\"lupe200\" title=\"\" href=\"..\/..\/..\/..\/..\/images\/pizzaoven\/kuppel2.jpg\" data-gallery=\"\"><img decoding=\"async\" src=\"..\/..\/..\/..\/..\/images\/pizzaoven\/kuppel2s.jpg\" alt=\"\" width=\"200\" height=\"200\" \/><span><\/span><\/a><\/div>\n<div class=\"intextl\"><a class=\"lupe200\" title=\"\" href=\"..\/..\/..\/..\/..\/images\/pizzaoven\/kuppel9.jpg\" data-gallery=\"\"><img decoding=\"async\" src=\"..\/..\/..\/..\/..\/images\/pizzaoven\/kuppel9s.jpg\" alt=\"\" width=\"200\" height=\"200\" \/><span><\/span><\/a><\/div>\n<div class=\"intextl\"><a class=\"lupe200\" title=\"\" href=\"..\/..\/..\/..\/..\/images\/pizzaoven\/kamin1.jpg\" data-gallery=\"\"><img decoding=\"async\" src=\"..\/..\/..\/..\/..\/images\/pizzaoven\/kamin1s.jpg\" alt=\"\" width=\"200\" height=\"200\" \/><span><\/span><\/a><\/div>\n<div class=\"intextl\"><a class=\"lupe200\" title=\"\" href=\"..\/..\/..\/..\/..\/images\/pizzaoven\/kamin2.jpg\" data-gallery=\"\"><img decoding=\"async\" src=\"..\/..\/..\/..\/..\/images\/pizzaoven\/kamin2s.jpg\" alt=\"\" width=\"200\" height=\"200\" \/><span><\/span><\/a><\/div>\n<div class=\"intextl\"><a class=\"lupe200\" title=\"\" href=\"..\/..\/..\/..\/..\/images\/pizzaoven\/kuppel10.jpg\" data-gallery=\"\"><img decoding=\"async\" src=\"..\/..\/..\/..\/..\/images\/pizzaoven\/kuppel10s.jpg\" alt=\"\" width=\"200\" height=\"200\" \/><span><\/span><\/a><\/div>\n<div class=\"intextl\"><a class=\"lupe200\" title=\"\" href=\"..\/..\/..\/..\/..\/images\/pizzaoven\/feuer1.jpg\" data-gallery=\"\"><img decoding=\"async\" src=\"..\/..\/..\/..\/..\/images\/pizzaoven\/feuer1s.jpg\" alt=\"\" width=\"200\" height=\"200\" \/><span><\/span><\/a><\/div>\n<div class=\"intextl\"><a class=\"lupe200\" title=\"\" href=\"..\/..\/..\/..\/..\/images\/pizzaoven\/feuer2.jpg\" data-gallery=\"\"><img decoding=\"async\" src=\"..\/..\/..\/..\/..\/images\/pizzaoven\/feuer2s.jpg\" alt=\"\" width=\"200\" height=\"200\" \/><span><\/span><\/a><\/div>\n<div class=\"intextl\"><a class=\"lupe200\" title=\"\" href=\"..\/..\/..\/..\/..\/images\/pizzaoven\/pizza1.jpg\" data-gallery=\"\"><img decoding=\"async\" src=\"..\/..\/..\/..\/..\/images\/pizzaoven\/pizza1s.jpg\" alt=\"\" width=\"200\" height=\"200\" \/><span><\/span><\/a><\/div>\n<div class=\"intextl\"><a class=\"lupe200\" title=\"\" href=\"..\/..\/..\/..\/..\/images\/pizzaoven\/zwischenraum1.jpg\" data-gallery=\"\"><img decoding=\"async\" src=\"..\/..\/..\/..\/..\/images\/pizzaoven\/zwischenraum1s.jpg\" alt=\"\" width=\"200\" height=\"200\" \/><span><\/span><\/a><\/div>\n<div class=\"intextl\"><a class=\"lupe200\" title=\"\" href=\"..\/..\/..\/..\/..\/images\/pizzaoven\/tuere6.jpg\" data-gallery=\"\"><img decoding=\"async\" src=\"..\/..\/..\/..\/..\/images\/pizzaoven\/tuere6s.jpg\" alt=\"\" width=\"200\" height=\"200\" \/><span><\/span><\/a><\/div>\n<div class=\"intextl\"><a class=\"lupe200\" title=\"\" href=\"..\/..\/..\/..\/..\/images\/pizzaoven\/feuer3.jpg\" data-gallery=\"\"><img decoding=\"async\" src=\"..\/..\/..\/..\/..\/images\/pizzaoven\/feuer3s.jpg\" alt=\"\" width=\"200\" height=\"200\" \/><span><\/span><\/a><\/div>\n<div class=\"intextl\"><a class=\"lupe200\" title=\"\" href=\"..\/..\/..\/..\/..\/images\/pizzaoven\/kuppel12.jpg\" data-gallery=\"\"><img decoding=\"async\" src=\"..\/..\/..\/..\/..\/images\/pizzaoven\/kuppel12s.jpg\" alt=\"\" width=\"200\" height=\"200\" \/><span><\/span><\/a><\/div>\n<div class=\"intextl\"><a class=\"lupe200\" title=\"\" href=\"..\/..\/..\/..\/..\/images\/pizzaoven\/feuer4.jpg\" data-gallery=\"\"><img decoding=\"async\" src=\"..\/..\/..\/..\/..\/images\/pizzaoven\/feuer4s.jpg\" alt=\"\" width=\"200\" height=\"200\" \/><span><\/span><\/a><\/div>\n<div class=\"intextl\"><a class=\"lupe200\" title=\"\" href=\"..\/..\/..\/..\/..\/images\/pizzaoven\/feuer5.jpg\" data-gallery=\"\"><img decoding=\"async\" src=\"..\/..\/..\/..\/..\/images\/pizzaoven\/feuer5s.jpg\" alt=\"\" width=\"200\" height=\"200\" \/><span><\/span><\/a><\/div>\n<div class=\"intextl\"><a class=\"lupe200\" title=\"\" href=\"..\/..\/..\/..\/..\/images\/pizzaoven\/pizza2.jpg\" data-gallery=\"\"><img decoding=\"async\" src=\"..\/..\/..\/..\/..\/images\/pizzaoven\/pizza2s.jpg\" alt=\"\" width=\"200\" height=\"200\" \/><span><\/span><\/a><\/div>\n<\/div><div class=\"fusion-clearfix\"><\/div><\/div><\/div><\/div><\/div>","protected":false},"excerpt":{"rendered":"","protected":false},"author":1,"featured_media":0,"parent":456,"menu_order":0,"comment_status":"open","ping_status":"open","template":"","meta":{"footnotes":""},"class_list":["post-460","page","type-page","status-publish","hentry"],"yoast_head":"<!-- This site is optimized with the Yoast SEO plugin v26.9 - https:\/\/yoast.com\/product\/yoast-seo-wordpress\/ -->\n<title>Pizzaofen - Fancy Plants - Deutsch<\/title>\n<meta name=\"description\" content=\"Es ist nicht schwer, einen Pizzaofen selber zu bauen. Hier finden Sie eine detaillierte Bauanleitung. Den Bau meines Pizzaofens habe ich zudem mit zahlreichen Fotos dokumentiert. Daneben finden Sie auf dieser Seite zahlreiche Rezepte.\" \/>\n<meta name=\"robots\" content=\"index, follow, max-snippet:-1, max-image-preview:large, max-video-preview:-1\" \/>\n<link rel=\"canonical\" href=\"http:\/\/www.fancyplants.de\/de\/gardenhome\/sonstiges\/pizzaofen\/\" \/>\n<meta property=\"og:locale\" content=\"de_DE\" \/>\n<meta property=\"og:type\" content=\"article\" \/>\n<meta property=\"og:title\" content=\"Pizzaofen - Fancy Plants - Deutsch\" \/>\n<meta property=\"og:description\" content=\"Es ist nicht schwer, einen Pizzaofen selber zu bauen. Hier finden Sie eine detaillierte Bauanleitung. Den Bau meines Pizzaofens habe ich zudem mit zahlreichen Fotos dokumentiert. Daneben finden Sie auf dieser Seite zahlreiche Rezepte.\" \/>\n<meta property=\"og:url\" content=\"http:\/\/www.fancyplants.de\/de\/gardenhome\/sonstiges\/pizzaofen\/\" \/>\n<meta property=\"og:site_name\" content=\"Fancy Plants - Deutsch\" \/>\n<meta property=\"article:modified_time\" content=\"2019-10-15T06:51:07+00:00\" \/>\n<meta name=\"twitter:card\" content=\"summary_large_image\" \/>\n<meta name=\"twitter:label1\" content=\"Gesch\u00e4tzte Lesezeit\" \/>\n\t<meta name=\"twitter:data1\" content=\"1\u00a0Minute\" \/>\n<script type=\"application\/ld+json\" class=\"yoast-schema-graph\">{\"@context\":\"https:\/\/schema.org\",\"@graph\":[{\"@type\":\"WebPage\",\"@id\":\"http:\/\/www.fancyplants.de\/de\/gardenhome\/sonstiges\/pizzaofen\/\",\"url\":\"http:\/\/www.fancyplants.de\/de\/gardenhome\/sonstiges\/pizzaofen\/\",\"name\":\"Pizzaofen - Fancy Plants - Deutsch\",\"isPartOf\":{\"@id\":\"http:\/\/www.fancyplants.de\/de\/#website\"},\"datePublished\":\"2015-06-23T18:34:07+00:00\",\"dateModified\":\"2019-10-15T06:51:07+00:00\",\"description\":\"Es ist nicht schwer, einen Pizzaofen selber zu bauen. Hier finden Sie eine detaillierte Bauanleitung. Den Bau meines Pizzaofens habe ich zudem mit zahlreichen Fotos dokumentiert. Daneben finden Sie auf dieser Seite zahlreiche Rezepte.\",\"breadcrumb\":{\"@id\":\"http:\/\/www.fancyplants.de\/de\/gardenhome\/sonstiges\/pizzaofen\/#breadcrumb\"},\"inLanguage\":\"de\",\"potentialAction\":[{\"@type\":\"ReadAction\",\"target\":[\"http:\/\/www.fancyplants.de\/de\/gardenhome\/sonstiges\/pizzaofen\/\"]}]},{\"@type\":\"BreadcrumbList\",\"@id\":\"http:\/\/www.fancyplants.de\/de\/gardenhome\/sonstiges\/pizzaofen\/#breadcrumb\",\"itemListElement\":[{\"@type\":\"ListItem\",\"position\":1,\"name\":\"Home\",\"item\":\"http:\/\/www.fancyplants.de\/de\/\"},{\"@type\":\"ListItem\",\"position\":2,\"name\":\"Garten-Projekte\",\"item\":\"http:\/\/www.fancyplants.de\/de\/gardenhome\/\"},{\"@type\":\"ListItem\",\"position\":3,\"name\":\"Sonstiges\",\"item\":\"http:\/\/www.fancyplants.de\/de\/gardenhome\/sonstiges\/\"},{\"@type\":\"ListItem\",\"position\":4,\"name\":\"Pizzaofen\"}]},{\"@type\":\"WebSite\",\"@id\":\"http:\/\/www.fancyplants.de\/de\/#website\",\"url\":\"http:\/\/www.fancyplants.de\/de\/\",\"name\":\"Fancy Plants - Deutsch\",\"description\":\"Eine weitere WordPress-Seite\",\"potentialAction\":[{\"@type\":\"SearchAction\",\"target\":{\"@type\":\"EntryPoint\",\"urlTemplate\":\"http:\/\/www.fancyplants.de\/de\/?s={search_term_string}\"},\"query-input\":{\"@type\":\"PropertyValueSpecification\",\"valueRequired\":true,\"valueName\":\"search_term_string\"}}],\"inLanguage\":\"de\"}]}<\/script>\n<!-- \/ Yoast SEO plugin. -->","yoast_head_json":{"title":"Pizzaofen - Fancy Plants - Deutsch","description":"Es ist nicht schwer, einen Pizzaofen selber zu bauen. Hier finden Sie eine detaillierte Bauanleitung. Den Bau meines Pizzaofens habe ich zudem mit zahlreichen Fotos dokumentiert. Daneben finden Sie auf dieser Seite zahlreiche Rezepte.","robots":{"index":"index","follow":"follow","max-snippet":"max-snippet:-1","max-image-preview":"max-image-preview:large","max-video-preview":"max-video-preview:-1"},"canonical":"http:\/\/www.fancyplants.de\/de\/gardenhome\/sonstiges\/pizzaofen\/","og_locale":"de_DE","og_type":"article","og_title":"Pizzaofen - Fancy Plants - Deutsch","og_description":"Es ist nicht schwer, einen Pizzaofen selber zu bauen. Hier finden Sie eine detaillierte Bauanleitung. Den Bau meines Pizzaofens habe ich zudem mit zahlreichen Fotos dokumentiert. Daneben finden Sie auf dieser Seite zahlreiche Rezepte.","og_url":"http:\/\/www.fancyplants.de\/de\/gardenhome\/sonstiges\/pizzaofen\/","og_site_name":"Fancy Plants - Deutsch","article_modified_time":"2019-10-15T06:51:07+00:00","twitter_card":"summary_large_image","twitter_misc":{"Gesch\u00e4tzte Lesezeit":"1\u00a0Minute"},"schema":{"@context":"https:\/\/schema.org","@graph":[{"@type":"WebPage","@id":"http:\/\/www.fancyplants.de\/de\/gardenhome\/sonstiges\/pizzaofen\/","url":"http:\/\/www.fancyplants.de\/de\/gardenhome\/sonstiges\/pizzaofen\/","name":"Pizzaofen - Fancy Plants - Deutsch","isPartOf":{"@id":"http:\/\/www.fancyplants.de\/de\/#website"},"datePublished":"2015-06-23T18:34:07+00:00","dateModified":"2019-10-15T06:51:07+00:00","description":"Es ist nicht schwer, einen Pizzaofen selber zu bauen. Hier finden Sie eine detaillierte Bauanleitung. Den Bau meines Pizzaofens habe ich zudem mit zahlreichen Fotos dokumentiert. Daneben finden Sie auf dieser Seite zahlreiche Rezepte.","breadcrumb":{"@id":"http:\/\/www.fancyplants.de\/de\/gardenhome\/sonstiges\/pizzaofen\/#breadcrumb"},"inLanguage":"de","potentialAction":[{"@type":"ReadAction","target":["http:\/\/www.fancyplants.de\/de\/gardenhome\/sonstiges\/pizzaofen\/"]}]},{"@type":"BreadcrumbList","@id":"http:\/\/www.fancyplants.de\/de\/gardenhome\/sonstiges\/pizzaofen\/#breadcrumb","itemListElement":[{"@type":"ListItem","position":1,"name":"Home","item":"http:\/\/www.fancyplants.de\/de\/"},{"@type":"ListItem","position":2,"name":"Garten-Projekte","item":"http:\/\/www.fancyplants.de\/de\/gardenhome\/"},{"@type":"ListItem","position":3,"name":"Sonstiges","item":"http:\/\/www.fancyplants.de\/de\/gardenhome\/sonstiges\/"},{"@type":"ListItem","position":4,"name":"Pizzaofen"}]},{"@type":"WebSite","@id":"http:\/\/www.fancyplants.de\/de\/#website","url":"http:\/\/www.fancyplants.de\/de\/","name":"Fancy Plants - Deutsch","description":"Eine weitere WordPress-Seite","potentialAction":[{"@type":"SearchAction","target":{"@type":"EntryPoint","urlTemplate":"http:\/\/www.fancyplants.de\/de\/?s={search_term_string}"},"query-input":{"@type":"PropertyValueSpecification","valueRequired":true,"valueName":"search_term_string"}}],"inLanguage":"de"}]}},"_links":{"self":[{"href":"http:\/\/www.fancyplants.de\/de\/wp-json\/wp\/v2\/pages\/460","targetHints":{"allow":["GET"]}}],"collection":[{"href":"http:\/\/www.fancyplants.de\/de\/wp-json\/wp\/v2\/pages"}],"about":[{"href":"http:\/\/www.fancyplants.de\/de\/wp-json\/wp\/v2\/types\/page"}],"author":[{"embeddable":true,"href":"http:\/\/www.fancyplants.de\/de\/wp-json\/wp\/v2\/users\/1"}],"replies":[{"embeddable":true,"href":"http:\/\/www.fancyplants.de\/de\/wp-json\/wp\/v2\/comments?post=460"}],"version-history":[{"count":1,"href":"http:\/\/www.fancyplants.de\/de\/wp-json\/wp\/v2\/pages\/460\/revisions"}],"predecessor-version":[{"id":3055,"href":"http:\/\/www.fancyplants.de\/de\/wp-json\/wp\/v2\/pages\/460\/revisions\/3055"}],"up":[{"embeddable":true,"href":"http:\/\/www.fancyplants.de\/de\/wp-json\/wp\/v2\/pages\/456"}],"wp:attachment":[{"href":"http:\/\/www.fancyplants.de\/de\/wp-json\/wp\/v2\/media?parent=460"}],"curies":[{"name":"wp","href":"https:\/\/api.w.org\/{rel}","templated":true}]}}