{"id":454,"date":"2015-06-23T20:31:58","date_gmt":"2015-06-23T18:31:58","guid":{"rendered":"http:\/\/www.fancyplants.de\/de\/?page_id=454"},"modified":"2019-10-27T12:14:30","modified_gmt":"2019-10-27T11:14:30","slug":"wacholder","status":"publish","type":"page","link":"http:\/\/www.fancyplants.de\/de\/gardenhome\/wacholder\/","title":{"rendered":"Wacholderheide"},"content":{"rendered":"<div class=\"fusion-fullwidth fullwidth-box fusion-builder-row-1 hundred-percent-fullwidth non-hundred-percent-height-scrolling\" style=\"--awb-border-radius-top-left:0px;--awb-border-radius-top-right:0px;--awb-border-radius-bottom-right:0px;--awb-border-radius-bottom-left:0px;--awb-overflow:visible;--awb-flex-wrap:wrap;\" ><div class=\"fusion-builder-row fusion-row\"><div class=\"fusion-layout-column fusion_builder_column fusion-builder-column-0 fusion_builder_column_1_1 1_1 fusion-one-full fusion-column-first fusion-column-last\" style=\"--awb-bg-size:cover;\"><div class=\"fusion-column-wrapper fusion-flex-column-wrapper-legacy\"><div class=\"fusion-title title fusion-title-1 fusion-title-text fusion-title-size-one\"><h1 class=\"fusion-title-heading title-heading-left\" style=\"margin:0;\">Wacholderheide<\/h1><span class=\"awb-title-spacer\"><\/span><div class=\"title-sep-container\"><div class=\"title-sep sep-single sep-solid\" style=\"border-color:#3e3e3e;\"><\/div><\/div><\/div><div class=\"fusion-title title fusion-title-2 fusion-title-text fusion-title-size-two\"><h2 class=\"fusion-title-heading title-heading-left\" style=\"margin:0;\">Im \u00dcberblick<\/h2><span class=\"awb-title-spacer\"><\/span><div class=\"title-sep-container\"><div class=\"title-sep sep-single sep-solid\" style=\"border-color:#3e3e3e;\"><\/div><\/div><\/div><div class=\"fusion-text fusion-text-1\"><div class=\"intextr\"><a class=\"lupe200\" title=\"Wacholderheide im Landkreis Heidenheim im August 2011.\" href=\"..\/..\/..\/..\/..\/images\/garden\/wh1.jpg\" data-gallery=\"\"><img decoding=\"async\" src=\"..\/..\/..\/..\/..\/images\/garden\/wh1s.jpg\" alt=\"Wacholderheide im Landkreis Heidenheim im August 2011.\" width=\"200\" height=\"200\" \/><span><\/span><\/a><\/div>\n<p>Wacholderheiden sind Biotope, deren Landschaftsbild vom Gew\u00f6hnlichen Wacholder (<i>Juniperus communis<\/i>) gepr\u00e4gt sind. Die Biotope sind meist mit Halbtrockenrasen oder Trockenrasen bewachsen. Durch die kontinuierliche Beweidung mit Schafen entwickelten sich meist auf sonnig exponierten H\u00e4ngen auf Kalkunterlage in Baden-W\u00fcrttemberg Halbtrocken- bis Trockenrasen, auf denen sich der lichthungrige Wacholder stark ausbreiten konnte. Diese Biotope sind bis heute f\u00fcr die Schw\u00e4bische Alb, an derem Rand ich aufgewachsen bin, landschaftspr\u00e4gend. Die Wacholderheiden des s\u00fcddeutschen Raumes weisen fast alle als Pflanzengesellschaft einen Enzian-Schillergras-Halbtrockenrasen (Gentiano-Koelerietum) auf. Pr\u00e4gende Grasarten sind die Fieder-Zwenke (<i>Brachypodium pinnatum<\/i>), der Schafschwingel (<i>Festuca ovina<\/i>), das Wiesen-Kammgras (<i>Cynosurus cristatus<\/i>) und das Pyramiden-Schillergras (<i>Koeleria pyramidata<\/i>). Diesen Gr\u00e4sern gemeinsam ist der kurzhalmige und teils quecken\u00e4hnliche Wuchs. An weiterer Vegetation finden sich auf Wacholderheiden Arten, die mit den n\u00e4hrstoffarmen und trocken-warmen Bedingungen einerseits und mit dem hohen Beweidungsdruck andererseits zurechtkommen. Wacholderheiden sind daher eher artenarme Standorte. Folgende Anpassungsmechanismen an den Beweidungsdruck wurden entwickelt:<\/p>\n<ul>\n<li>bitterer oder scharfer Geschmack sowie giftige Inhaltsstoffe<\/li>\n<li>mechanische Abwehrmechanismen (Dornen, Stacheln oder Nadelbl\u00e4tter)<\/li>\n<li>rosettenartiger Wuchs und Vermehrung durch unterirdische Ausl\u00e4ufer<\/li>\n<\/ul>\n<div class=\"intextr\"><a class=\"lupe200\" title=\"Wacholderheide im Landkreis Heidenheim im August 2011.\" href=\"..\/..\/..\/..\/..\/images\/garden\/wh2.jpg\" data-gallery=\"\"><img decoding=\"async\" src=\"..\/..\/..\/..\/..\/images\/garden\/wh2s.jpg\" alt=\"Wacholderheide im Landkreis Heidenheim im August 2011.\" width=\"200\" height=\"200\" \/><span><\/span><\/a><\/div>\n<p>Zu der Gruppe der Pflanzen mit bitteren Inhaltsstoffen geh\u00f6ren die Enziane, wie der Fr\u00fchlingsenzian (<i>Gentiana verna<\/i>) mit sch\u00f6nen tiefblauen Bl\u00fcten, oder der Fransen-Enzian (<i>Gentianella ciliata<\/i>) und der Deutsche Enzian (<i>Gentianella germanica<\/i>). Aufgrund der \u00e4therischen \u00d6le schmecken auch der Gemeine Thymian (<i>Thymus pulegioides<\/i>) und der Gew\u00f6hnliche Dost (<i>Origanum vulgare<\/i>) bitter. Durch Gifte sch\u00fctzen sich die attraktive Gew\u00f6hnliche K\u00fcchenschelle (<i>Pulsatilla vulgaris<\/i>), die auff\u00e4llige Schwalbenwurz (<i>Vincetoxicum officinale<\/i>), die Stinkende Nieswurz (<i>Helleborus foetidus<\/i>) und die Zypressen-Wolfsmilch (<i>Euphorbia cyparissias<\/i>). Die stechenden Nadeln des Gemeinen Wacholders (<i>Juniperus communis<\/i>) sind ebenso mechanischer Schutz wie die Stacheln und Dornen der Berberitze (<i>Berberis vulgaris<\/i>), des Kreuzdorns (<i>Rhamnus catharticus<\/i>), der Schlehe (<i>Prunus spinosa<\/i>), des Wei\u00dfdorns (<i>Crataegus spec.<\/i>) und verschiedener Wildrosen-Arten wie die Hundsrose (<i>Rosa carina<\/i>). Gleichwohl mechanisch sch\u00fctzen sich der Dornige Hauhechel (<i>Ononis spinosa<\/i>) und diverse Distelarten, wie die wundersch\u00f6ne <a class=\"link\" title=\"Silberdistel (Carlina acaulis)\" href=\"..\/..\/..\/..\/..\/images\/garden\/silberdistel.jpg\" rel=\"lightbox&#091;Pflanzen&#093;\" data-gallery>Silberdistel (<i>Carlina acaulis<\/i>)<\/a>, die Golddistel (<i>Carlina vulgaris<\/i>), die Stengellose Kratzdistel (<i>Cirsium acaule<\/i>) und die Wollk\u00f6pfige Kratzdistel (<i>Cirsium eriophorum<\/i>). Durch dicht dem Boden anliegende Bl\u00e4tter oder unterirdische Speicherorgane minimieren andere Arten die Fra\u00dfsch\u00e4den oder treiben z\u00fcgig neu aus. Zu dieser Gruppe geh\u00f6ren verschiedene Wegerich-Arten (<i>Plantago spec.<\/i>), der Kleine Wiesenknopf (<i>Sanguisorba minor<\/i>), diverse Habichtskr\u00e4uter (<i>Hieracium pilosella<\/i>), der Berg-Gamander (<i>Teucrium montanum<\/i>) und das Gew\u00f6hnliche Katzenpf\u00f6tchen (<i>Antennaria dioica<\/i>). Ferner manche bereits weiter oben erw\u00e4hnte Arten und viele Orchideenarten. Hier w\u00e4ren zuvorderst die Ragwurze (<i>Ophrys<\/i>) und die besonders gut an die Beweidung angepasste und extrem seltene Herbst-Drehwurz (<i>Spiranthes spiralis<\/i>) zu nennen.<\/p>\n<\/div><div class=\"fusion-title title fusion-title-3 fusion-title-text fusion-title-size-two\"><h2 class=\"fusion-title-heading title-heading-left\" style=\"margin:0;\">Projekt<\/h2><span class=\"awb-title-spacer\"><\/span><div class=\"title-sep-container\"><div class=\"title-sep sep-single sep-solid\" style=\"border-color:#3e3e3e;\"><\/div><\/div><\/div><div class=\"fusion-title title fusion-title-4 fusion-title-text fusion-title-size-three\"><h3 class=\"fusion-title-heading title-heading-left\" style=\"margin:0;\">Erl\u00e4uterung des Baus und schematische Darstellung<\/h3><span class=\"awb-title-spacer\"><\/span><div class=\"title-sep-container\"><div class=\"title-sep sep-single sep-solid\" style=\"border-color:#3e3e3e;\"><\/div><\/div><\/div><div class=\"fusion-text fusion-text-2\"><p><img decoding=\"async\" src=\"..\/..\/..\/..\/..\/images\/grafiken\/wacholder.jpg\" alt=\"Skizze einer Wacholderheide\" width=\"527\" height=\"145\" align=\"right\" hspace=\"5\" vspace=\"5\" \/> Im Sommer 2009 habe ich mit der Anlage der Wacholderheide begonnen. Hierzu habe ich den Aushub des Hochmoorbeetes zu einem etwa 15 Meter langen und 10 Meter breiten s\u00fcdexponierten H\u00fcgel aufgesch\u00fcttet. Zun\u00e4chst die humusreichen Anteile, darauf dann die humusarmen, lehmigen Aushubanteile. Im Winter hat sich der H\u00fcgel etwa um 30 cm gesetzt, so dass er sich an der h\u00f6chsten Stelle nun etwa um 2 Meter um das umliegende Niveau erhebt. Die Neigung des H\u00fcgels betr\u00e4gt in etwa 10\u00b0. Auf den H\u00fcgel habe ich als typisches Laubgeh\u00f6lz eine gro\u00dfe Kornelkirsche gepflanzt, daneben mehrere Exemplare des Gew\u00f6hnlichen Wacholders. Am Nordhang habe ich dar\u00fcber hinaus eine gemischte Laubhecke gesetzt.<\/p>\n<\/div><div class=\"fusion-title title fusion-title-5 fusion-title-text fusion-title-size-two\"><h2 class=\"fusion-title-heading title-heading-left\" style=\"margin:0;\">Entwicklung<\/h2><span class=\"awb-title-spacer\"><\/span><div class=\"title-sep-container\"><div class=\"title-sep sep-single sep-solid\" style=\"border-color:#3e3e3e;\"><\/div><\/div><\/div><div class=\"fusion-text fusion-text-3\"><p>Obwohl ich noch im Herbst 2009 typische Gr\u00e4ser der Wacholderheiden (gesammelt auf Fl\u00e4chen, die nicht unter Schutz stehen!) einges\u00e4t habe, zeigten sich dieses Fr\u00fchjahr vor allem typische Ruderal-Pflanzen. Um es deutlicher zu formulieren: Der H\u00fcgel war ein reiner Unkrautberg! Nun hei\u00dft es, viel Geduld aufzubringen und die Aufgabe der Schafe zu \u00fcbernehmen. Also jahrelang den H\u00fcgel konsequent zu m\u00e4hen und das Schnittgut abzur\u00e4umen. Hierdurch werde ich langfristig eine deutliche Abmagerung der Fl\u00e4che erzielen, so dass ich in einigen Jahren mich im Versuch der Ansiedlung typischer Charakterpflanzen probieren kann. Die Kornelkirsche zeigte bislang die Probleme, die gr\u00f6\u00dfere Geh\u00f6lze im Allgemeinen auf aufgesch\u00fctteten Fl\u00e4chen zeigen &#8211; n\u00e4mlich permanenten Wassermangel. Es dauert Jahre bis eine aufgesch\u00fcttete Fl\u00e4che eine funktionierende Kapillarwirkung zeigt, also in ausreichendem Ma\u00dfe Wasser aus tieferen Schichten in h\u00f6here transportiert. Daneben kann Regenwasser durch die noch mangelnde Verdichtung des Substrats wesentlich schneller in tiefere Schichten versickern. Es bleibt daher nichts anderes \u00fcbrig, als regelm\u00e4\u00dfig zu gie\u00dfen.<\/p>\n<\/div><div class=\"fusion-text fusion-text-4\"><p>Zun\u00e4chst zeigte sich die Fl\u00e4che als ausgeprochener Trockenrasen, u.a. auch durch die geringe Niederschl\u00e4ge im Fr\u00fchjahr beg\u00fcnstigt. Selbst nach ausgedehnten Regenf\u00e4llen war die Fl\u00e4che bereits zwei bis drei Tage sp\u00e4ter komplett abgetrocknet, so dass kaum Pflanzen gekeimt sind. Ich habe daher die Fl\u00e4che im Sp\u00e4tsommer dann doch mit etwas Rasenschnitt abgedeckt, um die Verdunstung zu reduzieren. Nach dieser Ma\u00dfnahme machte der Bewuchs der Fl\u00e4che einen deutlichen Fortschritt. Prim\u00e4res Ziel ist es nun, auf der Fl\u00e4che einen stabilen Bewuchs mit dem Pfeifengras zu etablieren. Anschlie\u00dfend werde ich versuchen, die eine oder andere Charakterpflanze der Brenne anzusiedeln.<\/p>\n<\/div><div class=\"fusion-title title fusion-title-6 fusion-title-text fusion-title-size-three\"><h3 class=\"fusion-title-heading title-heading-left\" style=\"margin:0;\">2011 &#8211; 2019<\/h3><span class=\"awb-title-spacer\"><\/span><div class=\"title-sep-container\"><div class=\"title-sep sep-single sep-solid\" style=\"border-color:#3e3e3e;\"><\/div><\/div><\/div><div class=\"fusion-text fusion-text-5\"><p>Nach reichlicher W\u00e4sserung im ersten Jahr schloss sich die Vegetationsdecke z\u00fcgig. Die Kornelkirsche, aber auch die Wacholder, brauchten zwei bis drei Jahre, um gut einzuwurzeln und zeigen seither einen guten Wuchs. Die Entwicklung zu einem Halbtrockenrasen gestaltet sich aufgrund des N\u00e4hrstoffreichtums ziemlich z\u00f6gerlich. Die Fl\u00e4che muss noch mehrmals j\u00e4hrlich gem\u00e4ht werden und magert nur langsam ab. An Charakterpflanzen eines Halbtrockenrasens lie\u00df sich bislang nur die Karth\u00e4user-Nelke (<i>Dianthus carthusianorum<\/i>) ansiedeln.<\/p>\n<\/div><div class=\"fusion-title title fusion-title-7 fusion-title-text fusion-title-size-two\"><h2 class=\"fusion-title-heading title-heading-left\" style=\"margin:0;\">Fotos<\/h2><span class=\"awb-title-spacer\"><\/span><div class=\"title-sep-container\"><div class=\"title-sep sep-single sep-solid\" style=\"border-color:#3e3e3e;\"><\/div><\/div><\/div><div class=\"fusion-clearfix\"><\/div><\/div><\/div><div class=\"fusion-layout-column fusion_builder_column fusion-builder-column-1 fusion_builder_column_1_5 1_5 fusion-one-fifth fusion-column-first\" style=\"--awb-bg-size:cover;width:16.8%; margin-right: 4%;\"><div class=\"fusion-column-wrapper fusion-flex-column-wrapper-legacy\"><div class=\"fusion-text fusion-text-6\"><div class=\"intextl\"><a class=\"lupe200\" title=\"Rohbau der Wacholderheide (im Bild links hinten) sowie der Brenne (im Bild rechts vorne), Sommer 2009.\" href=\"..\/..\/..\/..\/..\/images\/garden\/st2009.jpg\" data-gallery=\"\"><img decoding=\"async\" src=\"..\/..\/..\/..\/..\/images\/garden\/st2009s.jpg\" alt=\"Rohbau der Wacholderheide (im Bild links hinten) sowie der Brenne (im Bild rechts vorne), Sommer 2009.\" width=\"200\" height=\"200\" \/><span><\/span><\/a><\/div>\n<\/div><div class=\"fusion-clearfix\"><\/div><\/div><\/div><div class=\"fusion-layout-column fusion_builder_column fusion-builder-column-2 fusion_builder_column_1_5 1_5 fusion-one-fifth\" style=\"--awb-bg-size:cover;width:16.8%; margin-right: 4%;\"><div class=\"fusion-column-wrapper fusion-flex-column-wrapper-legacy\"><div class=\"fusion-text fusion-text-7\"><div class=\"intextl\"><a class=\"lupe200\" title=\"Im Fr\u00fchjahr 2010. Die ersten Pflanzen wachsen. Im Hintergrund eine Kornelkirsche.\" href=\"..\/..\/..\/..\/..\/images\/garden\/wh2010.jpg\" data-gallery=\"\"><img decoding=\"async\" src=\"..\/..\/..\/..\/..\/images\/garden\/wh2010s.jpg\" alt=\"Im Fr\u00fchjahr 2010. Die ersten Pflanzen wachsen. Im Hintergrund eine Kornelkirsche.\" width=\"200\" height=\"200\" \/><span><\/span><\/a><\/div>\n<\/div><div class=\"fusion-clearfix\"><\/div><\/div><\/div><div class=\"fusion-layout-column fusion_builder_column fusion-builder-column-3 fusion_builder_column_1_5 1_5 fusion-one-fifth\" style=\"--awb-bg-size:cover;width:16.8%; margin-right: 4%;\"><div class=\"fusion-column-wrapper fusion-flex-column-wrapper-legacy\"><div class=\"fusion-text fusion-text-8\"><div class=\"intextl\"><a class=\"lupe200\" title=\"Im Herbst 2010. Das sich ausbreitende Unkraut wurde mehrmals geschnitten und bildet einen lockeren Rasen.\" href=\"..\/..\/..\/..\/..\/images\/garden\/wh2010h.jpg\" data-gallery=\"\"><img decoding=\"async\" src=\"..\/..\/..\/..\/..\/images\/garden\/wh2010hs.jpg\" alt=\"Im Herbst 2010. Das sich ausbreitende Unkraut wurde mehrmals geschnitten und bildet einen lockeren Rasen.\" width=\"200\" height=\"200\" \/><span><\/span><\/a><\/div>\n<\/div><div class=\"fusion-clearfix\"><\/div><\/div><\/div><\/div><\/div>","protected":false},"excerpt":{"rendered":"","protected":false},"author":1,"featured_media":0,"parent":31,"menu_order":0,"comment_status":"open","ping_status":"open","template":"","meta":{"footnotes":""},"class_list":["post-454","page","type-page","status-publish","hentry"],"yoast_head":"<!-- This site is optimized with the Yoast SEO plugin v26.9 - https:\/\/yoast.com\/product\/yoast-seo-wordpress\/ -->\n<title>Wacholderheide - Fancy Plants - Deutsch<\/title>\n<meta name=\"description\" content=\"Ich beschreibe die Anlage einer Wacholderheide als Refugium seltener Pflanzen. Neben dem Bau wird die notwendige Pflege sowie geeignete Arten beschrieben.\" \/>\n<meta name=\"robots\" content=\"index, follow, max-snippet:-1, max-image-preview:large, max-video-preview:-1\" \/>\n<link rel=\"canonical\" href=\"http:\/\/www.fancyplants.de\/de\/gardenhome\/wacholder\/\" \/>\n<meta property=\"og:locale\" content=\"de_DE\" \/>\n<meta property=\"og:type\" content=\"article\" \/>\n<meta property=\"og:title\" content=\"Wacholderheide - Fancy Plants - Deutsch\" \/>\n<meta property=\"og:description\" content=\"Ich beschreibe die Anlage einer Wacholderheide als Refugium seltener Pflanzen. Neben dem Bau wird die notwendige Pflege sowie geeignete Arten beschrieben.\" \/>\n<meta property=\"og:url\" content=\"http:\/\/www.fancyplants.de\/de\/gardenhome\/wacholder\/\" \/>\n<meta property=\"og:site_name\" content=\"Fancy Plants - Deutsch\" \/>\n<meta property=\"article:modified_time\" content=\"2019-10-27T11:14:30+00:00\" \/>\n<meta name=\"twitter:card\" content=\"summary_large_image\" \/>\n<meta name=\"twitter:label1\" content=\"Gesch\u00e4tzte Lesezeit\" \/>\n\t<meta name=\"twitter:data1\" content=\"7\u00a0Minuten\" \/>\n<script type=\"application\/ld+json\" class=\"yoast-schema-graph\">{\"@context\":\"https:\/\/schema.org\",\"@graph\":[{\"@type\":\"WebPage\",\"@id\":\"http:\/\/www.fancyplants.de\/de\/gardenhome\/wacholder\/\",\"url\":\"http:\/\/www.fancyplants.de\/de\/gardenhome\/wacholder\/\",\"name\":\"Wacholderheide - Fancy Plants - Deutsch\",\"isPartOf\":{\"@id\":\"http:\/\/www.fancyplants.de\/de\/#website\"},\"datePublished\":\"2015-06-23T18:31:58+00:00\",\"dateModified\":\"2019-10-27T11:14:30+00:00\",\"description\":\"Ich beschreibe die Anlage einer Wacholderheide als Refugium seltener Pflanzen. Neben dem Bau wird die notwendige Pflege sowie geeignete Arten beschrieben.\",\"breadcrumb\":{\"@id\":\"http:\/\/www.fancyplants.de\/de\/gardenhome\/wacholder\/#breadcrumb\"},\"inLanguage\":\"de\",\"potentialAction\":[{\"@type\":\"ReadAction\",\"target\":[\"http:\/\/www.fancyplants.de\/de\/gardenhome\/wacholder\/\"]}]},{\"@type\":\"BreadcrumbList\",\"@id\":\"http:\/\/www.fancyplants.de\/de\/gardenhome\/wacholder\/#breadcrumb\",\"itemListElement\":[{\"@type\":\"ListItem\",\"position\":1,\"name\":\"Home\",\"item\":\"http:\/\/www.fancyplants.de\/de\/\"},{\"@type\":\"ListItem\",\"position\":2,\"name\":\"Garten-Projekte\",\"item\":\"http:\/\/www.fancyplants.de\/de\/gardenhome\/\"},{\"@type\":\"ListItem\",\"position\":3,\"name\":\"Wacholderheide\"}]},{\"@type\":\"WebSite\",\"@id\":\"http:\/\/www.fancyplants.de\/de\/#website\",\"url\":\"http:\/\/www.fancyplants.de\/de\/\",\"name\":\"Fancy Plants - Deutsch\",\"description\":\"Eine weitere WordPress-Seite\",\"potentialAction\":[{\"@type\":\"SearchAction\",\"target\":{\"@type\":\"EntryPoint\",\"urlTemplate\":\"http:\/\/www.fancyplants.de\/de\/?s={search_term_string}\"},\"query-input\":{\"@type\":\"PropertyValueSpecification\",\"valueRequired\":true,\"valueName\":\"search_term_string\"}}],\"inLanguage\":\"de\"}]}<\/script>\n<!-- \/ Yoast SEO plugin. -->","yoast_head_json":{"title":"Wacholderheide - Fancy Plants - Deutsch","description":"Ich beschreibe die Anlage einer Wacholderheide als Refugium seltener Pflanzen. Neben dem Bau wird die notwendige Pflege sowie geeignete Arten beschrieben.","robots":{"index":"index","follow":"follow","max-snippet":"max-snippet:-1","max-image-preview":"max-image-preview:large","max-video-preview":"max-video-preview:-1"},"canonical":"http:\/\/www.fancyplants.de\/de\/gardenhome\/wacholder\/","og_locale":"de_DE","og_type":"article","og_title":"Wacholderheide - Fancy Plants - Deutsch","og_description":"Ich beschreibe die Anlage einer Wacholderheide als Refugium seltener Pflanzen. Neben dem Bau wird die notwendige Pflege sowie geeignete Arten beschrieben.","og_url":"http:\/\/www.fancyplants.de\/de\/gardenhome\/wacholder\/","og_site_name":"Fancy Plants - Deutsch","article_modified_time":"2019-10-27T11:14:30+00:00","twitter_card":"summary_large_image","twitter_misc":{"Gesch\u00e4tzte Lesezeit":"7\u00a0Minuten"},"schema":{"@context":"https:\/\/schema.org","@graph":[{"@type":"WebPage","@id":"http:\/\/www.fancyplants.de\/de\/gardenhome\/wacholder\/","url":"http:\/\/www.fancyplants.de\/de\/gardenhome\/wacholder\/","name":"Wacholderheide - Fancy Plants - Deutsch","isPartOf":{"@id":"http:\/\/www.fancyplants.de\/de\/#website"},"datePublished":"2015-06-23T18:31:58+00:00","dateModified":"2019-10-27T11:14:30+00:00","description":"Ich beschreibe die Anlage einer Wacholderheide als Refugium seltener Pflanzen. Neben dem Bau wird die notwendige Pflege sowie geeignete Arten beschrieben.","breadcrumb":{"@id":"http:\/\/www.fancyplants.de\/de\/gardenhome\/wacholder\/#breadcrumb"},"inLanguage":"de","potentialAction":[{"@type":"ReadAction","target":["http:\/\/www.fancyplants.de\/de\/gardenhome\/wacholder\/"]}]},{"@type":"BreadcrumbList","@id":"http:\/\/www.fancyplants.de\/de\/gardenhome\/wacholder\/#breadcrumb","itemListElement":[{"@type":"ListItem","position":1,"name":"Home","item":"http:\/\/www.fancyplants.de\/de\/"},{"@type":"ListItem","position":2,"name":"Garten-Projekte","item":"http:\/\/www.fancyplants.de\/de\/gardenhome\/"},{"@type":"ListItem","position":3,"name":"Wacholderheide"}]},{"@type":"WebSite","@id":"http:\/\/www.fancyplants.de\/de\/#website","url":"http:\/\/www.fancyplants.de\/de\/","name":"Fancy Plants - Deutsch","description":"Eine weitere WordPress-Seite","potentialAction":[{"@type":"SearchAction","target":{"@type":"EntryPoint","urlTemplate":"http:\/\/www.fancyplants.de\/de\/?s={search_term_string}"},"query-input":{"@type":"PropertyValueSpecification","valueRequired":true,"valueName":"search_term_string"}}],"inLanguage":"de"}]}},"_links":{"self":[{"href":"http:\/\/www.fancyplants.de\/de\/wp-json\/wp\/v2\/pages\/454","targetHints":{"allow":["GET"]}}],"collection":[{"href":"http:\/\/www.fancyplants.de\/de\/wp-json\/wp\/v2\/pages"}],"about":[{"href":"http:\/\/www.fancyplants.de\/de\/wp-json\/wp\/v2\/types\/page"}],"author":[{"embeddable":true,"href":"http:\/\/www.fancyplants.de\/de\/wp-json\/wp\/v2\/users\/1"}],"replies":[{"embeddable":true,"href":"http:\/\/www.fancyplants.de\/de\/wp-json\/wp\/v2\/comments?post=454"}],"version-history":[{"count":7,"href":"http:\/\/www.fancyplants.de\/de\/wp-json\/wp\/v2\/pages\/454\/revisions"}],"predecessor-version":[{"id":3359,"href":"http:\/\/www.fancyplants.de\/de\/wp-json\/wp\/v2\/pages\/454\/revisions\/3359"}],"up":[{"embeddable":true,"href":"http:\/\/www.fancyplants.de\/de\/wp-json\/wp\/v2\/pages\/31"}],"wp:attachment":[{"href":"http:\/\/www.fancyplants.de\/de\/wp-json\/wp\/v2\/media?parent=454"}],"curies":[{"name":"wp","href":"https:\/\/api.w.org\/{rel}","templated":true}]}}