{"id":452,"date":"2015-06-23T20:31:12","date_gmt":"2015-06-23T18:31:12","guid":{"rendered":"http:\/\/www.fancyplants.de\/de\/?page_id=452"},"modified":"2019-10-27T12:02:59","modified_gmt":"2019-10-27T11:02:59","slug":"brenne","status":"publish","type":"page","link":"http:\/\/www.fancyplants.de\/de\/gardenhome\/brenne\/","title":{"rendered":"Brenne"},"content":{"rendered":"<div class=\"fusion-fullwidth fullwidth-box fusion-builder-row-1 hundred-percent-fullwidth non-hundred-percent-height-scrolling\" style=\"--awb-border-radius-top-left:0px;--awb-border-radius-top-right:0px;--awb-border-radius-bottom-right:0px;--awb-border-radius-bottom-left:0px;--awb-overflow:visible;--awb-flex-wrap:wrap;\" ><div class=\"fusion-builder-row fusion-row\"><div class=\"fusion-layout-column fusion_builder_column fusion-builder-column-0 fusion_builder_column_1_1 1_1 fusion-one-full fusion-column-first fusion-column-last\" style=\"--awb-bg-size:cover;\"><div class=\"fusion-column-wrapper fusion-flex-column-wrapper-legacy\"><div class=\"fusion-title title fusion-title-1 fusion-title-text fusion-title-size-one\"><h1 class=\"fusion-title-heading title-heading-left\" style=\"margin:0;\">Brenne<\/h1><span class=\"awb-title-spacer\"><\/span><div class=\"title-sep-container\"><div class=\"title-sep sep-single sep-solid\" style=\"border-color:#3e3e3e;\"><\/div><\/div><\/div><div class=\"fusion-title title fusion-title-2 fusion-title-text fusion-title-size-two\"><h2 class=\"fusion-title-heading title-heading-left\" style=\"margin:0;\">Im \u00dcberblick<\/h2><span class=\"awb-title-spacer\"><\/span><div class=\"title-sep-container\"><div class=\"title-sep sep-single sep-solid\" style=\"border-color:#3e3e3e;\"><\/div><\/div><\/div><div class=\"fusion-text fusion-text-1\"><div class=\"intextr\"><a class=\"lupe200\" title=\"Brenne im Landkreis Landsberg im August 2011.\" href=\"..\/..\/..\/..\/..\/images\/garden\/brenne.jpg\" data-gallery=\"\"><img decoding=\"async\" src=\"..\/..\/..\/..\/..\/images\/garden\/brennes.jpg\" alt=\"Brenne im Landkreis Landsberg im August 2011.\" width=\"200\" height=\"200\" \/><span><\/span><\/a><\/div>\n<p>Entlang des Lechs zwischen Schongau und Augsburg befinden sich eine Reihe von Halbtrocken- bis Trockenrasen auf einer Unterlage von teils mehreren Meter messenden Schichten von Flussschotter mit geringer L\u00f6ssschichtauflage. Diese Magerrasen werden als Lechtalheiden bezeichnet und sind extrem artenreiche Biotope, u.a. mit dem Vorkommen zahlreicher Orchideen- und Enzianarten. Die Entwicklung der Lechtalheiden geht 120.000 Jahre zur\u00fcck, als der Lechgletscher w\u00e4hrend der Eiszeiten gewaltige Schottermengen bis nach Augsburg vorgeschoben hat. Sp\u00e4ter wurden diese Schottermengen einerorts vom Lech wieder abgetragen, andernorts teils aufgeschichtet. Anschlie\u00dfend lagerten anhaltende Tundrawinde eine L\u00f6sschicht auf. Durch die sp\u00e4tere Beweidung durch uns Menschen entwickelten sich hierauf gro\u00dfe, warme, trockene und n\u00e4hrstoffarme Heidefl\u00e4chen, die aktuell nur noch etwa 1 % ihrer urspr\u00fcnglichen Fl\u00e4che einnehmen. Die heutigen Lechtalheiden stehen nahezu alle unter Naturschutz und beherbergen eine einzigartige Fauna und Flora, darunter auch 28 Orchideenarten, die auf den Heidefl\u00e4chen und in den umliegenden Auw\u00e4ldern vorkommen. Darunter befindet sich auch das vom Aussterben bedrohte Wanzenknabenkraut (<i>Orchis coriophora<\/i>). Kleinere Heidefl\u00e4chen auf Flussschotterunterlage im Auwald werden als Brenne bezeichnet. Sie zeichnen sich durch ein einzigartiges Mikroklima aus. Durch den umliegenden Wald findet im Sommer kaum ein Luftaustausch statt, so dass sich die Fl\u00e4chen bis auf 50\u00b0C aufheizen k\u00f6nnen.<\/p>\n<\/div><div class=\"fusion-title title fusion-title-3 fusion-title-text fusion-title-size-two\"><h2 class=\"fusion-title-heading title-heading-left\" style=\"margin:0;\">Projekt<\/h2><span class=\"awb-title-spacer\"><\/span><div class=\"title-sep-container\"><div class=\"title-sep sep-single sep-solid\" style=\"border-color:#3e3e3e;\"><\/div><\/div><\/div><div class=\"fusion-title title fusion-title-4 fusion-title-text fusion-title-size-three\"><h3 class=\"fusion-title-heading title-heading-left\" style=\"margin:0;\">Erl\u00e4uterung des Baus und schematische Darstellung<\/h3><span class=\"awb-title-spacer\"><\/span><div class=\"title-sep-container\"><div class=\"title-sep sep-single sep-solid\" style=\"border-color:#3e3e3e;\"><\/div><\/div><\/div><div class=\"fusion-text fusion-text-2\"><p><img decoding=\"async\" src=\"..\/..\/..\/..\/..\/images\/grafiken\/brenne.jpg\" alt=\"Skizze einer Brenne\" width=\"536\" height=\"106\" align=\"right\" hspace=\"5\" vspace=\"5\" \/> Auch mit der Anlage der Brenne habe ich im Sp\u00e4tsommer 2009 begonnen. Zun\u00e4chst wurde der Boden zirka 20 Zentimeter tief abgetragen und ein reliefreicher Untergrund geschaffen. Diese Fl\u00e4che habe ich im darauffolgenden Fr\u00fchjahr mit einer 20 &#8211; 40 Zentimeter hohen Schicht aus Flussschotter (K\u00f6rnung 12 &#8211; 25 mm) aufgesch\u00fcttet und als oberste Schicht etwa 2 Zentimeter Lehm aufgebracht. Ringsherum um die Fl\u00e4che habe ich eine Naturhecke aus verschiedenen einhemischen Str\u00e4uchern gepflanzt.<\/p>\n<\/div><div class=\"fusion-title title fusion-title-5 fusion-title-text fusion-title-size-two\"><h2 class=\"fusion-title-heading title-heading-left\" style=\"margin:0;\">Entwicklung<\/h2><span class=\"awb-title-spacer\"><\/span><div class=\"title-sep-container\"><div class=\"title-sep sep-single sep-solid\" style=\"border-color:#3e3e3e;\"><\/div><\/div><\/div><div class=\"fusion-text fusion-text-3\"><p>Zun\u00e4chst zeigte sich die Fl\u00e4che als ausgeprochener Trockenrasen, u.a. auch durch die geringe Niederschl\u00e4ge im Fr\u00fchjahr beg\u00fcnstigt. Selbst nach ausgedehnten Regenf\u00e4llen war die Fl\u00e4che bereits zwei bis drei Tage sp\u00e4ter komplett abgetrocknet, so dass kaum Pflanzen gekeimt sind. Ich habe daher die Fl\u00e4che im Sp\u00e4tsommer dann doch mit etwas Rasenschnitt abgedeckt, um die Verdunstung zu reduzieren. Nach dieser Ma\u00dfnahme machte der Bewuchs der Fl\u00e4che einen deutlichen Fortschritt. Prim\u00e4res Ziel ist es nun, auf der Fl\u00e4che einen stabilen Bewuchs mit dem Pfeifengras zu etablieren. Anschlie\u00dfend werde ich versuchen, die eine oder andere Charakterpflanze der Brenne anzusiedeln.<\/p>\n<\/div><div class=\"fusion-title title fusion-title-6 fusion-title-text fusion-title-size-three\"><h3 class=\"fusion-title-heading title-heading-left\" style=\"margin:0;\">2011 &#8211; 2019<\/h3><span class=\"awb-title-spacer\"><\/span><div class=\"title-sep-container\"><div class=\"title-sep sep-single sep-solid\" style=\"border-color:#3e3e3e;\"><\/div><\/div><\/div><div class=\"fusion-text fusion-text-4\"><p>In den Folgejahren kam es aufgrund der Trockenheit nur zu einem Bewuchs der Fl\u00e4che. Im Jahr 2019 ist die Vegatationsdecke nahezu geschlossen. In den ersten Jahren dominierten vor allem der Natternkopf (<i>Echium vulgare<\/i>), die Karth\u00e4user-Nelke (<i>Dianthus carthusianorum<\/i>) und das Gelbe Labkraut (<i>Galium verum<\/i>) die Brenne. Inzwischen zeigt das Biotop einen reichen Bestand der Margerite (<i>Leucanthemum vulgare<\/i>) und beherbergt \u00fcber 25 Pflanzenarten.<\/p>\n<\/div><div class=\"fusion-title title fusion-title-7 fusion-title-text fusion-title-size-two\"><h2 class=\"fusion-title-heading title-heading-left\" style=\"margin:0;\">Fotos<\/h2><span class=\"awb-title-spacer\"><\/span><div class=\"title-sep-container\"><div class=\"title-sep sep-single sep-solid\" style=\"border-color:#3e3e3e;\"><\/div><\/div><\/div><div class=\"fusion-clearfix\"><\/div><\/div><\/div><div class=\"fusion-layout-column fusion_builder_column fusion-builder-column-1 fusion_builder_column_1_4 1_4 fusion-one-fourth fusion-column-first\" style=\"--awb-bg-size:cover;width:22%; margin-right: 4%;\"><div class=\"fusion-column-wrapper fusion-flex-column-wrapper-legacy\"><div class=\"fusion-text fusion-text-5\"><div class=\"intextl\"><a class=\"lupe200\" title=\"Rohbau\" href=\"..\/..\/..\/..\/..\/images\/garden\/st2009.jpg\" data-gallery=\"\"><img decoding=\"async\" src=\"..\/..\/..\/..\/..\/images\/garden\/st2009s.jpg\" alt=\"Rohbau der Wacholderheide (im Bild links hinten) sowie der Brenne (im Bild rechts vorne), Sommer 2009.\" width=\"200\" height=\"200\" \/><span><\/span><\/a><\/div>\n<\/div><div class=\"fusion-clearfix\"><\/div><\/div><\/div><div class=\"fusion-layout-column fusion_builder_column fusion-builder-column-2 fusion_builder_column_1_4 1_4 fusion-one-fourth\" style=\"--awb-bg-size:cover;width:22%; margin-right: 4%;\"><div class=\"fusion-column-wrapper fusion-flex-column-wrapper-legacy\"><div class=\"fusion-text fusion-text-6\"><div class=\"intextl\"><a class=\"lupe200\" title=\"Im Fr\u00fchjahr 2010. Inzwischen wurde eine etwa 30 cm hohe Flussschotterschicht eingebracht sowie eine etwa 2 cm hohe Lehmauflage, sowie eine Hecke ringsherum gepflanzt.\" href=\"..\/..\/..\/..\/..\/images\/garden\/br2010.jpg\" data-gallery=\"\"><img decoding=\"async\" src=\"..\/..\/..\/..\/..\/images\/garden\/br2010s.jpg\" alt=\"Im Fr\u00fchjahr 2010. Inzwischen wurde eine etwa 30 cm hohe Flussschotterschicht eingebracht sowie eine etwa 2 cm hohe Lehmauflage, sowie eine Hecke ringsherum gepflanzt.\" width=\"200\" height=\"200\" \/><span><\/span><\/a><\/div>\n<\/div><div class=\"fusion-clearfix\"><\/div><\/div><\/div><div class=\"fusion-layout-column fusion_builder_column fusion-builder-column-3 fusion_builder_column_1_4 1_4 fusion-one-fourth\" style=\"--awb-bg-size:cover;width:22%; margin-right: 4%;\"><div class=\"fusion-column-wrapper fusion-flex-column-wrapper-legacy\"><div class=\"fusion-text fusion-text-7\"><div class=\"intextl\"><a class=\"lupe200\" title=\"Im Herbst 2010. Die ersten Pflanzen wachsen, nachdem die Brenne mit etwas Rasenabschnitt abgedeckt wurde. Ebenso machte die Hecke einen deutlichen Wachstumsschub.\" href=\"..\/..\/..\/..\/..\/images\/garden\/br2010h.jpg\" data-gallery=\"\"><img decoding=\"async\" src=\"..\/..\/..\/..\/..\/images\/garden\/br2010hs.jpg\" alt=\"Im Herbst 2010. Die ersten Pflanzen wachsen, nachdem die Brenne mit etwas Rasenabschnitt abgedeckt wurde. Ebenso machte die Hecke einen deutlichen Wachstumsschub.\" width=\"200\" height=\"200\" \/><span><\/span><\/a><\/div>\n<\/div><div class=\"fusion-clearfix\"><\/div><\/div><\/div><div class=\"fusion-layout-column fusion_builder_column fusion-builder-column-4 fusion_builder_column_1_4 1_4 fusion-one-fourth fusion-column-last\" style=\"--awb-bg-size:cover;width:22%;\"><div class=\"fusion-column-wrapper fusion-flex-column-wrapper-legacy\"><div class=\"fusion-text fusion-text-8\"><div class=\"intextl\"><a class=\"lupe200\" title=\"Der Aspekt der Brenne ist in diesem Jahr vom Gew\u00f6hnlichen Natternkopf (Echium vulgare) gepr\u00e4gt. Im Vordergrund sieht man eine Karth\u00e4user-Nelke (Dianthus carthusianorum).\" href=\"..\/..\/..\/..\/..\/images\/garden\/br2011s.jpg\" data-gallery=\"\"><img decoding=\"async\" src=\"..\/..\/..\/..\/..\/images\/garden\/br2011ss.jpg\" alt=\"Der Aspekt der Brenne ist in diesem Jahr vom Gew\u00f6hnlichen Natternkopf (Echium vulgare) gepr\u00e4gt. Im Vordergrund sieht man eine Karth\u00e4user-Nelke (Dianthus carthusianorum).\" width=\"200\" height=\"200\" \/><span><\/span><\/a><\/div>\n<\/div><div class=\"fusion-clearfix\"><\/div><\/div><\/div><div class=\"fusion-layout-column fusion_builder_column fusion-builder-column-5 fusion_builder_column_1_4 1_4 fusion-one-fourth fusion-column-first\" style=\"--awb-bg-size:cover;width:22%; margin-right: 4%;\"><div class=\"fusion-column-wrapper fusion-flex-column-wrapper-legacy\"><div class=\"fusion-text fusion-text-9\"><div class=\"intextl\"><a class=\"lupe200\" title=\"Im Sommer 2013. Deutlich ist die zunehmende Vegetation zu erkennen. Inzwischen haben sich 19 Pflanzenarten etabliert.\" href=\"..\/..\/..\/..\/..\/images\/garden\/brenne2013s1.jpg\" data-gallery=\"\"><img decoding=\"async\" src=\"..\/..\/..\/..\/..\/images\/garden\/brenne2013s1s.jpg\" alt=\"Im Sommer 2013. Deutlich ist die zunehmende Vegetation zu erkennen. Inzwischen haben sich 19 Pflanzenarten etabliert.\" width=\"200\" height=\"200\" \/><span><\/span><\/a><\/div>\n<\/div><div class=\"fusion-clearfix\"><\/div><\/div><\/div><div class=\"fusion-layout-column fusion_builder_column fusion-builder-column-6 fusion_builder_column_1_4 1_4 fusion-one-fourth\" style=\"--awb-bg-size:cover;width:22%; margin-right: 4%;\"><div class=\"fusion-column-wrapper fusion-flex-column-wrapper-legacy\"><div class=\"fusion-text fusion-text-10\"><div class=\"intextl\"><a class=\"lupe200\" title=\"Pr\u00e4gende Arten sind weiterhin der Gew\u00f6hnliche Natternkopf (Echium vulgare), die Karth\u00e4user-Nelke (Dianthus carthusianorum) und das Gelbe Labkraut (Galium verum).\" href=\"..\/..\/..\/..\/..\/images\/garden\/brenne2013s2.jpg\" data-gallery=\"\"><img decoding=\"async\" src=\"..\/..\/..\/..\/..\/images\/garden\/brenne2013s2s.jpg\" alt=\"Pr\u00e4gende Arten sind weiterhin der Gew\u00f6hnliche Natternkopf (Echium vulgare), die Karth\u00e4user-Nelke (Dianthus carthusianorum) und das Gelbe Labkraut (Galium verum).\" width=\"200\" height=\"200\" \/><span><\/span><\/a><\/div>\n<\/div><div class=\"fusion-clearfix\"><\/div><\/div><\/div><div class=\"fusion-layout-column fusion_builder_column fusion-builder-column-7 fusion_builder_column_1_4 1_4 fusion-one-fourth\" style=\"--awb-bg-size:cover;width:22%; margin-right: 4%;\"><div class=\"fusion-column-wrapper fusion-flex-column-wrapper-legacy\"><div class=\"fusion-text fusion-text-11\"><div class=\"intextl\"><a class=\"lupe200\" title=\"Die Brenne im Mai 2017.\" href=\"..\/..\/..\/..\/..\/images\/garden\/brenne2017.jpg\" data-gallery=\"\"><img decoding=\"async\" src=\"..\/..\/..\/..\/..\/images\/garden\/brenne2017s.jpg\" alt=\"Die Brenne im Mai 2017.\" width=\"200\" height=\"200\" \/><span><\/span><\/a><\/div>\n<\/div><div class=\"fusion-clearfix\"><\/div><\/div><\/div><\/div><\/div>","protected":false},"excerpt":{"rendered":"","protected":false},"author":1,"featured_media":0,"parent":31,"menu_order":0,"comment_status":"open","ping_status":"open","template":"","meta":{"footnotes":""},"class_list":["post-452","page","type-page","status-publish","hentry"],"yoast_head":"<!-- This site is optimized with the Yoast SEO plugin v26.9 - https:\/\/yoast.com\/product\/yoast-seo-wordpress\/ -->\n<title>Brenne - Fancy Plants - Deutsch<\/title>\n<meta name=\"description\" content=\"Ich beschreibe die Anlage einer Brenne als Refugium seltener Pflanzen. Neben dem Bau wird die notwendige Pflege sowie geeignete Arten beschrieben.\" \/>\n<meta name=\"robots\" content=\"index, follow, max-snippet:-1, max-image-preview:large, max-video-preview:-1\" \/>\n<link rel=\"canonical\" href=\"http:\/\/www.fancyplants.de\/de\/gardenhome\/brenne\/\" \/>\n<meta property=\"og:locale\" content=\"de_DE\" \/>\n<meta property=\"og:type\" content=\"article\" \/>\n<meta property=\"og:title\" content=\"Brenne - Fancy Plants - Deutsch\" \/>\n<meta property=\"og:description\" content=\"Ich beschreibe die Anlage einer Brenne als Refugium seltener Pflanzen. Neben dem Bau wird die notwendige Pflege sowie geeignete Arten beschrieben.\" \/>\n<meta property=\"og:url\" content=\"http:\/\/www.fancyplants.de\/de\/gardenhome\/brenne\/\" \/>\n<meta property=\"og:site_name\" content=\"Fancy Plants - Deutsch\" \/>\n<meta property=\"article:modified_time\" content=\"2019-10-27T11:02:59+00:00\" \/>\n<meta name=\"twitter:card\" content=\"summary_large_image\" \/>\n<meta name=\"twitter:label1\" content=\"Gesch\u00e4tzte Lesezeit\" \/>\n\t<meta name=\"twitter:data1\" content=\"6\u00a0Minuten\" \/>\n<script type=\"application\/ld+json\" class=\"yoast-schema-graph\">{\"@context\":\"https:\/\/schema.org\",\"@graph\":[{\"@type\":\"WebPage\",\"@id\":\"http:\/\/www.fancyplants.de\/de\/gardenhome\/brenne\/\",\"url\":\"http:\/\/www.fancyplants.de\/de\/gardenhome\/brenne\/\",\"name\":\"Brenne - Fancy Plants - Deutsch\",\"isPartOf\":{\"@id\":\"http:\/\/www.fancyplants.de\/de\/#website\"},\"datePublished\":\"2015-06-23T18:31:12+00:00\",\"dateModified\":\"2019-10-27T11:02:59+00:00\",\"description\":\"Ich beschreibe die Anlage einer Brenne als Refugium seltener Pflanzen. Neben dem Bau wird die notwendige Pflege sowie geeignete Arten beschrieben.\",\"breadcrumb\":{\"@id\":\"http:\/\/www.fancyplants.de\/de\/gardenhome\/brenne\/#breadcrumb\"},\"inLanguage\":\"de\",\"potentialAction\":[{\"@type\":\"ReadAction\",\"target\":[\"http:\/\/www.fancyplants.de\/de\/gardenhome\/brenne\/\"]}]},{\"@type\":\"BreadcrumbList\",\"@id\":\"http:\/\/www.fancyplants.de\/de\/gardenhome\/brenne\/#breadcrumb\",\"itemListElement\":[{\"@type\":\"ListItem\",\"position\":1,\"name\":\"Home\",\"item\":\"http:\/\/www.fancyplants.de\/de\/\"},{\"@type\":\"ListItem\",\"position\":2,\"name\":\"Garten-Projekte\",\"item\":\"http:\/\/www.fancyplants.de\/de\/gardenhome\/\"},{\"@type\":\"ListItem\",\"position\":3,\"name\":\"Brenne\"}]},{\"@type\":\"WebSite\",\"@id\":\"http:\/\/www.fancyplants.de\/de\/#website\",\"url\":\"http:\/\/www.fancyplants.de\/de\/\",\"name\":\"Fancy Plants - Deutsch\",\"description\":\"Eine weitere WordPress-Seite\",\"potentialAction\":[{\"@type\":\"SearchAction\",\"target\":{\"@type\":\"EntryPoint\",\"urlTemplate\":\"http:\/\/www.fancyplants.de\/de\/?s={search_term_string}\"},\"query-input\":{\"@type\":\"PropertyValueSpecification\",\"valueRequired\":true,\"valueName\":\"search_term_string\"}}],\"inLanguage\":\"de\"}]}<\/script>\n<!-- \/ Yoast SEO plugin. -->","yoast_head_json":{"title":"Brenne - Fancy Plants - Deutsch","description":"Ich beschreibe die Anlage einer Brenne als Refugium seltener Pflanzen. Neben dem Bau wird die notwendige Pflege sowie geeignete Arten beschrieben.","robots":{"index":"index","follow":"follow","max-snippet":"max-snippet:-1","max-image-preview":"max-image-preview:large","max-video-preview":"max-video-preview:-1"},"canonical":"http:\/\/www.fancyplants.de\/de\/gardenhome\/brenne\/","og_locale":"de_DE","og_type":"article","og_title":"Brenne - Fancy Plants - Deutsch","og_description":"Ich beschreibe die Anlage einer Brenne als Refugium seltener Pflanzen. Neben dem Bau wird die notwendige Pflege sowie geeignete Arten beschrieben.","og_url":"http:\/\/www.fancyplants.de\/de\/gardenhome\/brenne\/","og_site_name":"Fancy Plants - Deutsch","article_modified_time":"2019-10-27T11:02:59+00:00","twitter_card":"summary_large_image","twitter_misc":{"Gesch\u00e4tzte Lesezeit":"6\u00a0Minuten"},"schema":{"@context":"https:\/\/schema.org","@graph":[{"@type":"WebPage","@id":"http:\/\/www.fancyplants.de\/de\/gardenhome\/brenne\/","url":"http:\/\/www.fancyplants.de\/de\/gardenhome\/brenne\/","name":"Brenne - Fancy Plants - Deutsch","isPartOf":{"@id":"http:\/\/www.fancyplants.de\/de\/#website"},"datePublished":"2015-06-23T18:31:12+00:00","dateModified":"2019-10-27T11:02:59+00:00","description":"Ich beschreibe die Anlage einer Brenne als Refugium seltener Pflanzen. Neben dem Bau wird die notwendige Pflege sowie geeignete Arten beschrieben.","breadcrumb":{"@id":"http:\/\/www.fancyplants.de\/de\/gardenhome\/brenne\/#breadcrumb"},"inLanguage":"de","potentialAction":[{"@type":"ReadAction","target":["http:\/\/www.fancyplants.de\/de\/gardenhome\/brenne\/"]}]},{"@type":"BreadcrumbList","@id":"http:\/\/www.fancyplants.de\/de\/gardenhome\/brenne\/#breadcrumb","itemListElement":[{"@type":"ListItem","position":1,"name":"Home","item":"http:\/\/www.fancyplants.de\/de\/"},{"@type":"ListItem","position":2,"name":"Garten-Projekte","item":"http:\/\/www.fancyplants.de\/de\/gardenhome\/"},{"@type":"ListItem","position":3,"name":"Brenne"}]},{"@type":"WebSite","@id":"http:\/\/www.fancyplants.de\/de\/#website","url":"http:\/\/www.fancyplants.de\/de\/","name":"Fancy Plants - Deutsch","description":"Eine weitere WordPress-Seite","potentialAction":[{"@type":"SearchAction","target":{"@type":"EntryPoint","urlTemplate":"http:\/\/www.fancyplants.de\/de\/?s={search_term_string}"},"query-input":{"@type":"PropertyValueSpecification","valueRequired":true,"valueName":"search_term_string"}}],"inLanguage":"de"}]}},"_links":{"self":[{"href":"http:\/\/www.fancyplants.de\/de\/wp-json\/wp\/v2\/pages\/452","targetHints":{"allow":["GET"]}}],"collection":[{"href":"http:\/\/www.fancyplants.de\/de\/wp-json\/wp\/v2\/pages"}],"about":[{"href":"http:\/\/www.fancyplants.de\/de\/wp-json\/wp\/v2\/types\/page"}],"author":[{"embeddable":true,"href":"http:\/\/www.fancyplants.de\/de\/wp-json\/wp\/v2\/users\/1"}],"replies":[{"embeddable":true,"href":"http:\/\/www.fancyplants.de\/de\/wp-json\/wp\/v2\/comments?post=452"}],"version-history":[{"count":6,"href":"http:\/\/www.fancyplants.de\/de\/wp-json\/wp\/v2\/pages\/452\/revisions"}],"predecessor-version":[{"id":3282,"href":"http:\/\/www.fancyplants.de\/de\/wp-json\/wp\/v2\/pages\/452\/revisions\/3282"}],"up":[{"embeddable":true,"href":"http:\/\/www.fancyplants.de\/de\/wp-json\/wp\/v2\/pages\/31"}],"wp:attachment":[{"href":"http:\/\/www.fancyplants.de\/de\/wp-json\/wp\/v2\/media?parent=452"}],"curies":[{"name":"wp","href":"https:\/\/api.w.org\/{rel}","templated":true}]}}