{"id":421,"date":"2015-06-20T12:19:14","date_gmt":"2015-06-20T10:19:14","guid":{"rendered":"http:\/\/www.fancyplants.de\/de\/?page_id=421"},"modified":"2019-10-15T08:51:09","modified_gmt":"2019-10-15T06:51:09","slug":"sarracenia","status":"publish","type":"page","link":"http:\/\/www.fancyplants.de\/de\/carnihome\/arten\/grube\/sarracenia\/","title":{"rendered":"Schlauchpflanze (Sarracenia)"},"content":{"rendered":"<div class=\"fusion-fullwidth fullwidth-box fusion-builder-row-1 hundred-percent-fullwidth non-hundred-percent-height-scrolling\" style=\"--awb-border-radius-top-left:0px;--awb-border-radius-top-right:0px;--awb-border-radius-bottom-right:0px;--awb-border-radius-bottom-left:0px;--awb-overflow:visible;--awb-flex-wrap:wrap;\" ><div class=\"fusion-builder-row fusion-row\"><div class=\"fusion-layout-column fusion_builder_column fusion-builder-column-0 fusion_builder_column_1_1 1_1 fusion-one-full fusion-column-first fusion-column-last\" style=\"--awb-bg-size:cover;\"><div class=\"fusion-column-wrapper fusion-flex-column-wrapper-legacy\"><div class=\"fusion-title title fusion-title-1 fusion-title-text fusion-title-size-one\"><h1 class=\"fusion-title-heading title-heading-left\" style=\"margin:0;\">Schlauchpflanze (<i>Sarracenia<\/i>)<\/h1><span class=\"awb-title-spacer\"><\/span><div class=\"title-sep-container\"><div class=\"title-sep sep-single sep-solid\" style=\"border-color:#3e3e3e;\"><\/div><\/div><\/div><div class=\"fusion-title title fusion-title-2 fusion-title-text fusion-title-size-two\"><h2 class=\"fusion-title-heading title-heading-left\" style=\"margin:0;\">Im \u00dcberblick<\/h2><span class=\"awb-title-spacer\"><\/span><div class=\"title-sep-container\"><div class=\"title-sep sep-single sep-solid\" style=\"border-color:#3e3e3e;\"><\/div><\/div><\/div><div class=\"fusion-text fusion-text-1\"><div class=\"intextr\"><a class=\"lupe200\" title=\"Gelbe Schlauchpflanze (Sarracenia flava var. ornata).\" href=\"..\/..\/..\/..\/..\/images\/carnivorous\/sflavaorn.jpg\" data-gallery=\"\"><img decoding=\"async\" src=\"..\/..\/..\/..\/..\/images\/carnivorous\/sflavaorns.jpg\" alt=\"Gelbe Schlauchpflanze (Sarracenia flava var. ornata).\" width=\"200\" height=\"200\" \/><span><\/span><\/a><\/div>\n<p>Diese Gattung aus der Familie der Schlauchpflanzengew\u00e4chse besteht aus ingesamt 8 Arten (<i>Sarracenia alata<\/i>, <i>Sarracenia flava<\/i>, <i>Sarracenia leucophylla<\/i>, <i>Sarracenia minor<\/i>, <i>Sarracenia oreophila<\/i>, <i>Sarracenia psittacina<\/i>, <i>Sarracenia purpurea<\/i> und <i>Sarracenia rubra<\/i>), die alle entlang der Atlantikk\u00fcste der USA vorkommen. Einzig <i>Sarracenia purpurea<\/i> dringt bis tief nach Kanada ein. Neben den 8 Arten existieren zudem ein Reihe an Unterarten und Varianten sowie einige Naturhybriden.<\/p>\n<p>Von den insgesant 8 Arten produzieren <i>Sarracenia psittacina<\/i> und <i>Sarracenia purpurea<\/i> dem Boden anliegende Schl\u00e4uche, die restlichen 6 Arten hingegen weisen aufrechte Schl\u00e4uche auf. Deren H\u00f6he schwankt zwischen 30 cm bei <i>Sarracenia rubra<\/i> und bis zu 120 cm bei <i>Sarracenia flava<\/i>. Mit der Schlauchproduktion beginnen die Pflanzen im Fr\u00fchjahr zeitgleich mit der Bl\u00fcte, einige Arten wechseln im Herbst auf die Produktion von Phyllodien, bei denen es sich um nicht karnivore Bl\u00e4tter handelt, die ein wenig wie zusammengedr\u00fcckte Schl\u00e4uche aussehen. Andere Arten, wie etwa <i>Sarracenia psittacina<\/i> oder <i>Sarracenia purpurea<\/i>, bilden im Herbst keiner dieser Phyllodien. Stattdessen stellen sie die Schlauchproduktion einfach ein.<\/p>\n<\/div><div class=\"fusion-title title fusion-title-3 fusion-title-text fusion-title-size-two\"><h2 class=\"fusion-title-heading title-heading-left\" style=\"margin:0;\">Fallenmechanismus<\/h2><span class=\"awb-title-spacer\"><\/span><div class=\"title-sep-container\"><div class=\"title-sep sep-single sep-solid\" style=\"border-color:#3e3e3e;\"><\/div><\/div><\/div><div class=\"fusion-text fusion-text-2\"><p>Der prinzipielle Fallenmechanismus wurde bereits auf der <a class=\"link\" href=\"..\/..\/grube\">vorherigen Seite<\/a> ausf\u00fchrlich beschrieben. Bis auf <i>Sarracenia psittacina<\/i> funktionieren alle Schlauchpflanzen als reine Grubenfallen. Unter Sonneneinstrahlung verf\u00e4rben sich die Schl\u00e4uche teils intensiv, zudem wird am Schlaucheingang sowie im Bereich des Deckels Nektar produziert. Beides lockt Insekten an. Teilweise besitzen die Sarracenien ebenfalls transparente Fenster (vor allem <i>Sarracenia leucophylla<\/i>, <i>Sarracenia minor<\/i> und <i>Sarracenia psittacina<\/i>), die einen Fluchtweg vort\u00e4uschen. Im Inneren des Schlauches findet sich eine br\u00f6ckelige, glatte Wachsschicht, so dass die Insekten nach unten abst\u00fcrzen. Die sonst oft zu sehenden abw\u00e4rtsgerichteten Haare bei Grubenfallen zeigen sich zumindest bei Arten mit aufrechten Schl\u00e4uchen nicht. <i>Sarracenia psittacina<\/i> weist einen anderen Fangmechanismus auf. Sie w\u00e4chst in partiell \u00fcberfluteten Gebieten. Das Innere zeigt eine Reihe nach zentral zeigender Haare. Mit den Schl\u00e4uchen werden einerseits krabbelnde Insekten, w\u00e4hrend einer \u00dcberflutung aber auch wasserbewohnende Insekten erbeutet. Die Falle funktioniert dabei wie eine Reuse.<\/p>\n<\/div><div class=\"fusion-title title fusion-title-4 fusion-title-text fusion-title-size-two\"><h2 class=\"fusion-title-heading title-heading-left\" style=\"margin:0;\">Kultur und Vermehrung<\/h2><span class=\"awb-title-spacer\"><\/span><div class=\"title-sep-container\"><div class=\"title-sep sep-single sep-solid\" style=\"border-color:#3e3e3e;\"><\/div><\/div><\/div><div class=\"fusion-text fusion-text-3\"><p>Sarracenien sind leicht zu pflegende Outdoor-Insektivoren. Ein Standort im Haus f\u00fchrt langfristig zu unsch\u00f6nen und kr\u00e4nkelnden Exemplaren. Der ideale Standort ist vollsonnig ausgepflanzt im Freien, aber auch eine Topfkultur in Anstaubew\u00e4sserung ist m\u00f6glich. In diesem Fall, sollte die Pflanze ab dem Fr\u00fchjahr bis zu den ersten Fr\u00f6sten im Freien stehen. \u00dcberwintert wird dann in einem Gew\u00e4chshaus oder an einem hellen und k\u00fchlen Standort im Haus. Pflanzen im Topf sind stark frostgef\u00e4hrdet, da der Wurzelballen \u00fcber Wochen komplett durchfrieren kann. Eingetopfte Pflanzen zeigen daher eine wesentlich geringere Frosttoleranz als ausgepflanzte Exemplare. Im Fr\u00fchjahr sollten die alten Schl\u00e4uche und Phyllodien zur\u00fcckgeschnitten werden, ansonsten ergeben sich keine spezifischen Pflegema\u00dfnahmen.<\/p>\n<p><i>Sarracenia psittacina<\/i> und <i>Sarracenia oreophila<\/i> weichen von der obigen Regel etwas ab. <i>Sarracenia psittacina<\/i> gilt nur als eingeschr\u00e4nkt frosthart und sollte bei einem ganzj\u00e4hrigem Platz drau\u00dfen im Winter zumindest mit einer Laubschicht abgedeckt werden. Am nat\u00fcrlichen Standort von <i>Sarracenia oreophila<\/i> herrscht im Sommer eine Trockenperiode, so dass sie in dieser Zeit eine Ruhephase durchmacht.<\/p>\n<p>Die Vermehrung der Sarracenien ist leicht und gelingt sowohl generativ als auch vegetativ. Die Samen sollten <a href=\"..\/..\/..\/..\/service\/bibliothek#strati\" target=\"_blank\" rel=\"noopener noreferrer\"><i class=\"fa fa-book\"><\/i> stratifiziert<\/a> werden. Anschlie\u00dfend Aussaat als Lichtkeimer. Es dauert allerdings relativ lange, bis aus dem S\u00e4mling eine gro\u00dfe Pflanze herangewachsen ist. Wesentlich z\u00fcgiger geht die Vermehrung mittels Teilung. Hier gelten die gleichen Regeln wie bereits beim <a class=\"link\" href=\"..\/cephalotus\">Zwergkrug<\/a> dargestellt. Eine Vermehrung mittels Blattstecklinge hingegen ist nicht m\u00f6glich.<\/p>\n<\/div><div class=\"fusion-clearfix\"><\/div><\/div><\/div><\/div><\/div>","protected":false},"excerpt":{"rendered":"","protected":false},"author":1,"featured_media":0,"parent":341,"menu_order":0,"comment_status":"open","ping_status":"open","template":"","meta":{"footnotes":""},"class_list":["post-421","page","type-page","status-publish","hentry"],"yoast_head":"<!-- This site is optimized with the Yoast SEO plugin v26.9 - https:\/\/yoast.com\/product\/yoast-seo-wordpress\/ -->\n<title>Schlauchpflanze (Sarracenia) - Fancy Plants - Deutsch<\/title>\n<meta name=\"description\" content=\"Sie finden hier ein Portr\u00e4t der Schlauchpflanze (Sarracenia) inklusive Pflanzenbeschreibung, Verbreitung, Fallenmechanismus und Kulturanleitung.\" \/>\n<meta name=\"robots\" content=\"index, follow, max-snippet:-1, max-image-preview:large, max-video-preview:-1\" \/>\n<link rel=\"canonical\" href=\"http:\/\/www.fancyplants.de\/de\/carnihome\/arten\/grube\/sarracenia\/\" \/>\n<meta property=\"og:locale\" content=\"de_DE\" \/>\n<meta property=\"og:type\" content=\"article\" \/>\n<meta property=\"og:title\" content=\"Schlauchpflanze (Sarracenia) - Fancy Plants - Deutsch\" \/>\n<meta property=\"og:description\" content=\"Sie finden hier ein Portr\u00e4t der Schlauchpflanze (Sarracenia) inklusive Pflanzenbeschreibung, Verbreitung, Fallenmechanismus und Kulturanleitung.\" \/>\n<meta property=\"og:url\" content=\"http:\/\/www.fancyplants.de\/de\/carnihome\/arten\/grube\/sarracenia\/\" \/>\n<meta property=\"og:site_name\" content=\"Fancy Plants - Deutsch\" \/>\n<meta property=\"article:modified_time\" content=\"2019-10-15T06:51:09+00:00\" \/>\n<meta name=\"twitter:card\" content=\"summary_large_image\" \/>\n<meta name=\"twitter:label1\" content=\"Gesch\u00e4tzte Lesezeit\" \/>\n\t<meta name=\"twitter:data1\" content=\"4\u00a0Minuten\" \/>\n<script type=\"application\/ld+json\" class=\"yoast-schema-graph\">{\"@context\":\"https:\/\/schema.org\",\"@graph\":[{\"@type\":\"WebPage\",\"@id\":\"http:\/\/www.fancyplants.de\/de\/carnihome\/arten\/grube\/sarracenia\/\",\"url\":\"http:\/\/www.fancyplants.de\/de\/carnihome\/arten\/grube\/sarracenia\/\",\"name\":\"Schlauchpflanze (Sarracenia) - Fancy Plants - Deutsch\",\"isPartOf\":{\"@id\":\"http:\/\/www.fancyplants.de\/de\/#website\"},\"datePublished\":\"2015-06-20T10:19:14+00:00\",\"dateModified\":\"2019-10-15T06:51:09+00:00\",\"description\":\"Sie finden hier ein Portr\u00e4t der Schlauchpflanze (Sarracenia) inklusive Pflanzenbeschreibung, Verbreitung, Fallenmechanismus und Kulturanleitung.\",\"breadcrumb\":{\"@id\":\"http:\/\/www.fancyplants.de\/de\/carnihome\/arten\/grube\/sarracenia\/#breadcrumb\"},\"inLanguage\":\"de\",\"potentialAction\":[{\"@type\":\"ReadAction\",\"target\":[\"http:\/\/www.fancyplants.de\/de\/carnihome\/arten\/grube\/sarracenia\/\"]}]},{\"@type\":\"BreadcrumbList\",\"@id\":\"http:\/\/www.fancyplants.de\/de\/carnihome\/arten\/grube\/sarracenia\/#breadcrumb\",\"itemListElement\":[{\"@type\":\"ListItem\",\"position\":1,\"name\":\"Home\",\"item\":\"http:\/\/www.fancyplants.de\/de\/\"},{\"@type\":\"ListItem\",\"position\":2,\"name\":\"Insektivoren\",\"item\":\"http:\/\/www.fancyplants.de\/de\/carnihome\/\"},{\"@type\":\"ListItem\",\"position\":3,\"name\":\"Arten\",\"item\":\"http:\/\/www.fancyplants.de\/de\/carnihome\/arten\/\"},{\"@type\":\"ListItem\",\"position\":4,\"name\":\"Grubenfallen\",\"item\":\"http:\/\/www.fancyplants.de\/de\/carnihome\/arten\/grube\/\"},{\"@type\":\"ListItem\",\"position\":5,\"name\":\"Schlauchpflanze (Sarracenia)\"}]},{\"@type\":\"WebSite\",\"@id\":\"http:\/\/www.fancyplants.de\/de\/#website\",\"url\":\"http:\/\/www.fancyplants.de\/de\/\",\"name\":\"Fancy Plants - Deutsch\",\"description\":\"Eine weitere WordPress-Seite\",\"potentialAction\":[{\"@type\":\"SearchAction\",\"target\":{\"@type\":\"EntryPoint\",\"urlTemplate\":\"http:\/\/www.fancyplants.de\/de\/?s={search_term_string}\"},\"query-input\":{\"@type\":\"PropertyValueSpecification\",\"valueRequired\":true,\"valueName\":\"search_term_string\"}}],\"inLanguage\":\"de\"}]}<\/script>\n<!-- \/ Yoast SEO plugin. -->","yoast_head_json":{"title":"Schlauchpflanze (Sarracenia) - Fancy Plants - Deutsch","description":"Sie finden hier ein Portr\u00e4t der Schlauchpflanze (Sarracenia) inklusive Pflanzenbeschreibung, Verbreitung, Fallenmechanismus und Kulturanleitung.","robots":{"index":"index","follow":"follow","max-snippet":"max-snippet:-1","max-image-preview":"max-image-preview:large","max-video-preview":"max-video-preview:-1"},"canonical":"http:\/\/www.fancyplants.de\/de\/carnihome\/arten\/grube\/sarracenia\/","og_locale":"de_DE","og_type":"article","og_title":"Schlauchpflanze (Sarracenia) - Fancy Plants - Deutsch","og_description":"Sie finden hier ein Portr\u00e4t der Schlauchpflanze (Sarracenia) inklusive Pflanzenbeschreibung, Verbreitung, Fallenmechanismus und Kulturanleitung.","og_url":"http:\/\/www.fancyplants.de\/de\/carnihome\/arten\/grube\/sarracenia\/","og_site_name":"Fancy Plants - Deutsch","article_modified_time":"2019-10-15T06:51:09+00:00","twitter_card":"summary_large_image","twitter_misc":{"Gesch\u00e4tzte Lesezeit":"4\u00a0Minuten"},"schema":{"@context":"https:\/\/schema.org","@graph":[{"@type":"WebPage","@id":"http:\/\/www.fancyplants.de\/de\/carnihome\/arten\/grube\/sarracenia\/","url":"http:\/\/www.fancyplants.de\/de\/carnihome\/arten\/grube\/sarracenia\/","name":"Schlauchpflanze (Sarracenia) - Fancy Plants - Deutsch","isPartOf":{"@id":"http:\/\/www.fancyplants.de\/de\/#website"},"datePublished":"2015-06-20T10:19:14+00:00","dateModified":"2019-10-15T06:51:09+00:00","description":"Sie finden hier ein Portr\u00e4t der Schlauchpflanze (Sarracenia) inklusive Pflanzenbeschreibung, Verbreitung, Fallenmechanismus und Kulturanleitung.","breadcrumb":{"@id":"http:\/\/www.fancyplants.de\/de\/carnihome\/arten\/grube\/sarracenia\/#breadcrumb"},"inLanguage":"de","potentialAction":[{"@type":"ReadAction","target":["http:\/\/www.fancyplants.de\/de\/carnihome\/arten\/grube\/sarracenia\/"]}]},{"@type":"BreadcrumbList","@id":"http:\/\/www.fancyplants.de\/de\/carnihome\/arten\/grube\/sarracenia\/#breadcrumb","itemListElement":[{"@type":"ListItem","position":1,"name":"Home","item":"http:\/\/www.fancyplants.de\/de\/"},{"@type":"ListItem","position":2,"name":"Insektivoren","item":"http:\/\/www.fancyplants.de\/de\/carnihome\/"},{"@type":"ListItem","position":3,"name":"Arten","item":"http:\/\/www.fancyplants.de\/de\/carnihome\/arten\/"},{"@type":"ListItem","position":4,"name":"Grubenfallen","item":"http:\/\/www.fancyplants.de\/de\/carnihome\/arten\/grube\/"},{"@type":"ListItem","position":5,"name":"Schlauchpflanze (Sarracenia)"}]},{"@type":"WebSite","@id":"http:\/\/www.fancyplants.de\/de\/#website","url":"http:\/\/www.fancyplants.de\/de\/","name":"Fancy Plants - Deutsch","description":"Eine weitere WordPress-Seite","potentialAction":[{"@type":"SearchAction","target":{"@type":"EntryPoint","urlTemplate":"http:\/\/www.fancyplants.de\/de\/?s={search_term_string}"},"query-input":{"@type":"PropertyValueSpecification","valueRequired":true,"valueName":"search_term_string"}}],"inLanguage":"de"}]}},"_links":{"self":[{"href":"http:\/\/www.fancyplants.de\/de\/wp-json\/wp\/v2\/pages\/421","targetHints":{"allow":["GET"]}}],"collection":[{"href":"http:\/\/www.fancyplants.de\/de\/wp-json\/wp\/v2\/pages"}],"about":[{"href":"http:\/\/www.fancyplants.de\/de\/wp-json\/wp\/v2\/types\/page"}],"author":[{"embeddable":true,"href":"http:\/\/www.fancyplants.de\/de\/wp-json\/wp\/v2\/users\/1"}],"replies":[{"embeddable":true,"href":"http:\/\/www.fancyplants.de\/de\/wp-json\/wp\/v2\/comments?post=421"}],"version-history":[{"count":1,"href":"http:\/\/www.fancyplants.de\/de\/wp-json\/wp\/v2\/pages\/421\/revisions"}],"predecessor-version":[{"id":3062,"href":"http:\/\/www.fancyplants.de\/de\/wp-json\/wp\/v2\/pages\/421\/revisions\/3062"}],"up":[{"embeddable":true,"href":"http:\/\/www.fancyplants.de\/de\/wp-json\/wp\/v2\/pages\/341"}],"wp:attachment":[{"href":"http:\/\/www.fancyplants.de\/de\/wp-json\/wp\/v2\/media?parent=421"}],"curies":[{"name":"wp","href":"https:\/\/api.w.org\/{rel}","templated":true}]}}