{"id":419,"date":"2015-06-20T12:18:12","date_gmt":"2015-06-20T10:18:12","guid":{"rendered":"http:\/\/www.fancyplants.de\/de\/?page_id=419"},"modified":"2019-10-15T08:51:09","modified_gmt":"2019-10-15T06:51:09","slug":"cephalotus","status":"publish","type":"page","link":"http:\/\/www.fancyplants.de\/de\/carnihome\/arten\/grube\/cephalotus\/","title":{"rendered":"Zwergkrug (Cephalotus)"},"content":{"rendered":"<div class=\"fusion-fullwidth fullwidth-box fusion-builder-row-1 hundred-percent-fullwidth non-hundred-percent-height-scrolling\" style=\"--awb-border-radius-top-left:0px;--awb-border-radius-top-right:0px;--awb-border-radius-bottom-right:0px;--awb-border-radius-bottom-left:0px;--awb-overflow:visible;--awb-flex-wrap:wrap;\" ><div class=\"fusion-builder-row fusion-row\"><div class=\"fusion-layout-column fusion_builder_column fusion-builder-column-0 fusion_builder_column_1_1 1_1 fusion-one-full fusion-column-first fusion-column-last\" style=\"--awb-bg-size:cover;\"><div class=\"fusion-column-wrapper fusion-flex-column-wrapper-legacy\"><div class=\"fusion-title title fusion-title-1 fusion-title-text fusion-title-size-one\"><h1 class=\"fusion-title-heading title-heading-left\" style=\"margin:0;\">Zwergkrug (<i>Cephalotus<\/i>)<\/h1><span class=\"awb-title-spacer\"><\/span><div class=\"title-sep-container\"><div class=\"title-sep sep-single sep-solid\" style=\"border-color:#3e3e3e;\"><\/div><\/div><\/div><div class=\"fusion-title title fusion-title-2 fusion-title-text fusion-title-size-two\"><h2 class=\"fusion-title-heading title-heading-left\" style=\"margin:0;\">Im \u00dcberblick<\/h2><span class=\"awb-title-spacer\"><\/span><div class=\"title-sep-container\"><div class=\"title-sep sep-single sep-solid\" style=\"border-color:#3e3e3e;\"><\/div><\/div><\/div><div class=\"fusion-text fusion-text-1\"><div class=\"intextr\"><a class=\"lupe200\" title=\"Zwergkrug (Cephalotus follicularis).\" href=\"..\/..\/..\/..\/..\/images\/carnivorous\/cephalotus.jpg\" data-gallery=\"\"><img decoding=\"async\" src=\"..\/..\/..\/..\/..\/images\/carnivorous\/cephalotuss.jpg\" alt=\"Zwergkrug (Cephalotus follicularis).\" width=\"200\" height=\"200\" \/><span><\/span><\/a><\/div>\n<p>Der Zwergkrug ist entwicklungsbiologisch relativ isoliert. Bei dieser <a href=\"..\/..\/..\/..\/service\/bibliothek#monotyp\" target=\"_blank\" rel=\"noopener noreferrer\"><i class=\"fa fa-book\"><\/i> monotypischen<\/a> Gattung handelt es sich um den einzigen karnivoren Vertreter aus der Ordnung der Sauerkleeartigen. Er kommt isoliert in einem kleinen Areal im \u00e4u\u00dfersten S\u00fcd-S\u00fcdwesten von Australien um Albany herum auf sehr sandigem, ganzj\u00e4hrig feuchtem Torf vor.<\/p>\n<p>Die mehrj\u00e4hrige und ausdauernde Pflanze besitzt ein kriechendes Rhizom, aus dem teils aus mehreren Vegetationszentren die Bl\u00e4tter oder Kr\u00fcge entspringen. Der Zwergkrug ist nur w\u00e4hrend der warmen Jahreh\u00e4lfte karnivor. Er bildet dann zirka 2 &#8211; 3 cm lange, gestielte Kr\u00fcge, die leicht schr\u00e4g dem Boden aufliegen. \u00dcber der Krug\u00f6ffnung befindet sich ein Deckel, der einerseits den Verdauungssaft vor einer Verw\u00e4sserung durch Regenf\u00e4lle sch\u00fctzen soll. Bei sehr trockenem und hei\u00dfem Wetter senkt sich der Deckel auf die \u00d6ffnung und verhindert somit eine Verdunstung der Verdauungsfl\u00fcssigkeit. Die Fallen\u00f6ffnung ist von einem <a href=\"..\/..\/..\/..\/service\/bibliothek#Peristom\" target=\"_blank\" rel=\"noopener noreferrer\"><i class=\"fa fa-book\"><\/i> Peristom<\/a> umgeben, an der Vorderseite des Kruges f\u00fchren drei behaarte Fl\u00fcgelleisten vom Boden bis zum Peristom. Unter intensiven Sonneneinstrahlung verf\u00e4rbt sich der Krug intensiv braunrot.<\/p>\n<p>W\u00e4hrend des Winters stellt der Zwergkrug seine Karnivorie ein. Statt der Kr\u00fcge werden nun normale, verkehrteif\u00f6rmige bis spatelf\u00f6rmige Laubbl\u00e4tter produziert.<\/p>\n<\/div><div class=\"fusion-title title fusion-title-3 fusion-title-text fusion-title-size-two\"><h2 class=\"fusion-title-heading title-heading-left\" style=\"margin:0;\">Fallenmechanismus<\/h2><span class=\"awb-title-spacer\"><\/span><div class=\"title-sep-container\"><div class=\"title-sep sep-single sep-solid\" style=\"border-color:#3e3e3e;\"><\/div><\/div><\/div><div class=\"fusion-text fusion-text-2\"><p>Der prinzipielle Fallenmechanismus wurde bereits auf der <a class=\"link\" href=\"..\/..\/grube\">vorherigen Seite<\/a> ausf\u00fchrlich beschrieben. Entlang der Fl\u00fcgelleisten werden \u00fcberwiegend Ameisen, in geringem Umfang auch andere krabbelnde Insekten, in Richtung des <a href=\"..\/..\/..\/..\/service\/bibliothek#Peristom\" target=\"_blank\" rel=\"noopener noreferrer\"><i class=\"fa fa-book\"><\/i> Peristom<\/a> gef\u00fchrt, die durch Absonderungen dort angelockt werden. Unterhalb des Peristoms ist die Innenwand des Kruges sehr glatt, so dass die Beute in die Verdauungsfl\u00fcssigkeit, die mehrere verschiedene Enzyme enth\u00e4lt, f\u00e4llt. Eine innere Behaarung der Falle weist der Zwergkrug nicht auf.<\/p>\n<\/div><div class=\"fusion-title title fusion-title-4 fusion-title-text fusion-title-size-two\"><h2 class=\"fusion-title-heading title-heading-left\" style=\"margin:0;\">Kultur und Vermehrung<\/h2><span class=\"awb-title-spacer\"><\/span><div class=\"title-sep-container\"><div class=\"title-sep sep-single sep-solid\" style=\"border-color:#3e3e3e;\"><\/div><\/div><\/div><div class=\"fusion-text fusion-text-3\"><p>Die Kultur des Zwergkruges ist etwas schwieriger und daher f\u00fcr den Anf\u00e4nger nicht geeignet. Der Zwergkrug bevorzugt ein sehr sandiges Substrat, so dass eine Mischung von Wei\u00dftorf mit Quarzsand im Verh\u00e4ltnis 1:1 bis 1:2 gew\u00e4hlt wird. Ich kultiviere meinen Zwergkrug in einem gro\u00dfen Tontopf, den ich im Sommer in das Hochmoorbeet einsenke. Ansonsten ist auch eine Bew\u00e4sserung in leichter Anstaubew\u00e4sserung m\u00f6glich. Vor dem Nachgie\u00dfen sollte man warten, bis das Wasser nahezu komplett verbraucht ist. Der Zwergkrug ist nicht winterhart, so dass er vor den ersten Fr\u00f6sten ins Haus geholt werden muss. Dort bevorzugt er einen hellen und k\u00fchlen Standort. Der Zwergkrug reagiert empfindlich auf eine W\u00e4sserung von oben. Bleibt Wasser in den Vegetationszentren stehen, so kann er hier schnell faulen.<\/p>\n<p>Eine generative Vermehrung ist wenig effizient. Der Zwergkrug setzt nur sp\u00e4rlich Samen an, die auch nur kurzzeitig keimen. Wesentlich effizienter ist die vegetative Vermehrung, die auf zwei Arten geschehen kann. Gro\u00dfe Exemplare weisen mehrere Vegetationszentren auf, die geteilt werden k\u00f6nnen. Bei der Teilung sind folgende Punkte zu beachten. Verwenden Sie nur ein sehr sauberes, scharfes Messer. Eine vorherige Desinfektion zum Beispiel mit Alkohol ist wichtig. Teilen Sie das Rhizom in ausreichendem Abstand zu den n\u00e4chsten Vegetationszentren. Jedem Zentrum m\u00fcssen zudem ausreichend Wurzeln verbleiben. Scheiden Sie vorsichtig das Rhizom durch. Keinesfalls sollte dieses gequetscht oder ausgefranst werden. Verwenden Sie daher nur ein scharfes Messer, so dass Sie eine glatte Schnittfl\u00e4che zum Schluss haben. Lassen Sie die Schnittfl\u00e4chen an der Luft kurz abtrocknen, ehe Sie beide Teile erneut einpflanzen. Eine vorherige Best\u00e4ubung der Schnittfl\u00e4chen mit Aktivkohle ist nicht verkehrt. Hierdurch reduzieren Sie die Gefahr f\u00fcr eine Infektion der Schnittfl\u00e4che zum Beispiel mit Schimmelpilzen.<\/p>\n<p>Neben der Vermehrung durch Teilung steht auch die Vermehrungsmethode des Blattstecklings zur Verf\u00fcgung. Dazu k\u00f6nnen sowohl Laubbl\u00e4tter als auch Kr\u00fcge verwendet werden. Beide m\u00fcssen direkt am Rhizom abgetrennt werden. Am effiktivsten geschieht das durch ein vorsichtiges Abzupfen. Die wei\u00dfe Basis des Blattes oder des Krugstiels wird anschlie\u00dfend etwa 1 cm tief in sandigen Torf gegeben. Unter leichter Anstaubew\u00e4sserung und hoher Luftfeuchtigkeit m\u00fcssen Sie nun Geduld beweisen. Auf jeden Fall sollten Sie der Versuchung widerstehen, nach einiger Zeit nachzusehen, da Sie dadurch fast zwangsl\u00e4ufig den sich inzwischen gebildeten Ableger in der Erde abrei\u00dfen. Es kann viele Wochen dauern, ehe sich die ersten Bl\u00e4tter aus der Erde herausschieben. Der Versuch ist erst gescheitert, wenn das Blatt oder der Krug abgestorben ist. Selbst wenn sich das Blatt nach Wochen allm\u00e4hlich gelb verf\u00e4rbt, kann sich noch ein kleines Pfl\u00e4nzchen kurze Zeit sp\u00e4ter zeigen.<\/p>\n<\/div><div class=\"fusion-clearfix\"><\/div><\/div><\/div><\/div><\/div>","protected":false},"excerpt":{"rendered":"","protected":false},"author":1,"featured_media":0,"parent":341,"menu_order":0,"comment_status":"open","ping_status":"open","template":"","meta":{"footnotes":""},"class_list":["post-419","page","type-page","status-publish","hentry"],"yoast_head":"<!-- This site is optimized with the Yoast SEO plugin v26.9 - https:\/\/yoast.com\/product\/yoast-seo-wordpress\/ -->\n<title>Zwergkrug (Cephalotus) - Fancy Plants - Deutsch<\/title>\n<meta name=\"description\" content=\"Sie finden hier ein Portr\u00e4t der Zwergkrug (Cephalotus follicularis) inklusive Pflanzenbeschreibung, Verbreitung, Fallenmechanismus und Kulturanleitung.\" \/>\n<meta name=\"robots\" content=\"index, follow, max-snippet:-1, max-image-preview:large, max-video-preview:-1\" \/>\n<link rel=\"canonical\" href=\"http:\/\/www.fancyplants.de\/de\/carnihome\/arten\/grube\/cephalotus\/\" \/>\n<meta property=\"og:locale\" content=\"de_DE\" \/>\n<meta property=\"og:type\" content=\"article\" \/>\n<meta property=\"og:title\" content=\"Zwergkrug (Cephalotus) - Fancy Plants - Deutsch\" \/>\n<meta property=\"og:description\" content=\"Sie finden hier ein Portr\u00e4t der Zwergkrug (Cephalotus follicularis) inklusive Pflanzenbeschreibung, Verbreitung, Fallenmechanismus und Kulturanleitung.\" \/>\n<meta property=\"og:url\" content=\"http:\/\/www.fancyplants.de\/de\/carnihome\/arten\/grube\/cephalotus\/\" \/>\n<meta property=\"og:site_name\" content=\"Fancy Plants - Deutsch\" \/>\n<meta property=\"article:modified_time\" content=\"2019-10-15T06:51:09+00:00\" \/>\n<meta name=\"twitter:card\" content=\"summary_large_image\" \/>\n<meta name=\"twitter:label1\" content=\"Gesch\u00e4tzte Lesezeit\" \/>\n\t<meta name=\"twitter:data1\" content=\"4\u00a0Minuten\" \/>\n<script type=\"application\/ld+json\" class=\"yoast-schema-graph\">{\"@context\":\"https:\/\/schema.org\",\"@graph\":[{\"@type\":\"WebPage\",\"@id\":\"http:\/\/www.fancyplants.de\/de\/carnihome\/arten\/grube\/cephalotus\/\",\"url\":\"http:\/\/www.fancyplants.de\/de\/carnihome\/arten\/grube\/cephalotus\/\",\"name\":\"Zwergkrug (Cephalotus) - Fancy Plants - Deutsch\",\"isPartOf\":{\"@id\":\"http:\/\/www.fancyplants.de\/de\/#website\"},\"datePublished\":\"2015-06-20T10:18:12+00:00\",\"dateModified\":\"2019-10-15T06:51:09+00:00\",\"description\":\"Sie finden hier ein Portr\u00e4t der Zwergkrug (Cephalotus follicularis) inklusive Pflanzenbeschreibung, Verbreitung, Fallenmechanismus und Kulturanleitung.\",\"breadcrumb\":{\"@id\":\"http:\/\/www.fancyplants.de\/de\/carnihome\/arten\/grube\/cephalotus\/#breadcrumb\"},\"inLanguage\":\"de\",\"potentialAction\":[{\"@type\":\"ReadAction\",\"target\":[\"http:\/\/www.fancyplants.de\/de\/carnihome\/arten\/grube\/cephalotus\/\"]}]},{\"@type\":\"BreadcrumbList\",\"@id\":\"http:\/\/www.fancyplants.de\/de\/carnihome\/arten\/grube\/cephalotus\/#breadcrumb\",\"itemListElement\":[{\"@type\":\"ListItem\",\"position\":1,\"name\":\"Home\",\"item\":\"http:\/\/www.fancyplants.de\/de\/\"},{\"@type\":\"ListItem\",\"position\":2,\"name\":\"Insektivoren\",\"item\":\"http:\/\/www.fancyplants.de\/de\/carnihome\/\"},{\"@type\":\"ListItem\",\"position\":3,\"name\":\"Arten\",\"item\":\"http:\/\/www.fancyplants.de\/de\/carnihome\/arten\/\"},{\"@type\":\"ListItem\",\"position\":4,\"name\":\"Grubenfallen\",\"item\":\"http:\/\/www.fancyplants.de\/de\/carnihome\/arten\/grube\/\"},{\"@type\":\"ListItem\",\"position\":5,\"name\":\"Zwergkrug (Cephalotus)\"}]},{\"@type\":\"WebSite\",\"@id\":\"http:\/\/www.fancyplants.de\/de\/#website\",\"url\":\"http:\/\/www.fancyplants.de\/de\/\",\"name\":\"Fancy Plants - Deutsch\",\"description\":\"Eine weitere WordPress-Seite\",\"potentialAction\":[{\"@type\":\"SearchAction\",\"target\":{\"@type\":\"EntryPoint\",\"urlTemplate\":\"http:\/\/www.fancyplants.de\/de\/?s={search_term_string}\"},\"query-input\":{\"@type\":\"PropertyValueSpecification\",\"valueRequired\":true,\"valueName\":\"search_term_string\"}}],\"inLanguage\":\"de\"}]}<\/script>\n<!-- \/ Yoast SEO plugin. -->","yoast_head_json":{"title":"Zwergkrug (Cephalotus) - Fancy Plants - Deutsch","description":"Sie finden hier ein Portr\u00e4t der Zwergkrug (Cephalotus follicularis) inklusive Pflanzenbeschreibung, Verbreitung, Fallenmechanismus und Kulturanleitung.","robots":{"index":"index","follow":"follow","max-snippet":"max-snippet:-1","max-image-preview":"max-image-preview:large","max-video-preview":"max-video-preview:-1"},"canonical":"http:\/\/www.fancyplants.de\/de\/carnihome\/arten\/grube\/cephalotus\/","og_locale":"de_DE","og_type":"article","og_title":"Zwergkrug (Cephalotus) - Fancy Plants - Deutsch","og_description":"Sie finden hier ein Portr\u00e4t der Zwergkrug (Cephalotus follicularis) inklusive Pflanzenbeschreibung, Verbreitung, Fallenmechanismus und Kulturanleitung.","og_url":"http:\/\/www.fancyplants.de\/de\/carnihome\/arten\/grube\/cephalotus\/","og_site_name":"Fancy Plants - Deutsch","article_modified_time":"2019-10-15T06:51:09+00:00","twitter_card":"summary_large_image","twitter_misc":{"Gesch\u00e4tzte Lesezeit":"4\u00a0Minuten"},"schema":{"@context":"https:\/\/schema.org","@graph":[{"@type":"WebPage","@id":"http:\/\/www.fancyplants.de\/de\/carnihome\/arten\/grube\/cephalotus\/","url":"http:\/\/www.fancyplants.de\/de\/carnihome\/arten\/grube\/cephalotus\/","name":"Zwergkrug (Cephalotus) - Fancy Plants - Deutsch","isPartOf":{"@id":"http:\/\/www.fancyplants.de\/de\/#website"},"datePublished":"2015-06-20T10:18:12+00:00","dateModified":"2019-10-15T06:51:09+00:00","description":"Sie finden hier ein Portr\u00e4t der Zwergkrug (Cephalotus follicularis) inklusive Pflanzenbeschreibung, Verbreitung, Fallenmechanismus und Kulturanleitung.","breadcrumb":{"@id":"http:\/\/www.fancyplants.de\/de\/carnihome\/arten\/grube\/cephalotus\/#breadcrumb"},"inLanguage":"de","potentialAction":[{"@type":"ReadAction","target":["http:\/\/www.fancyplants.de\/de\/carnihome\/arten\/grube\/cephalotus\/"]}]},{"@type":"BreadcrumbList","@id":"http:\/\/www.fancyplants.de\/de\/carnihome\/arten\/grube\/cephalotus\/#breadcrumb","itemListElement":[{"@type":"ListItem","position":1,"name":"Home","item":"http:\/\/www.fancyplants.de\/de\/"},{"@type":"ListItem","position":2,"name":"Insektivoren","item":"http:\/\/www.fancyplants.de\/de\/carnihome\/"},{"@type":"ListItem","position":3,"name":"Arten","item":"http:\/\/www.fancyplants.de\/de\/carnihome\/arten\/"},{"@type":"ListItem","position":4,"name":"Grubenfallen","item":"http:\/\/www.fancyplants.de\/de\/carnihome\/arten\/grube\/"},{"@type":"ListItem","position":5,"name":"Zwergkrug (Cephalotus)"}]},{"@type":"WebSite","@id":"http:\/\/www.fancyplants.de\/de\/#website","url":"http:\/\/www.fancyplants.de\/de\/","name":"Fancy Plants - Deutsch","description":"Eine weitere WordPress-Seite","potentialAction":[{"@type":"SearchAction","target":{"@type":"EntryPoint","urlTemplate":"http:\/\/www.fancyplants.de\/de\/?s={search_term_string}"},"query-input":{"@type":"PropertyValueSpecification","valueRequired":true,"valueName":"search_term_string"}}],"inLanguage":"de"}]}},"_links":{"self":[{"href":"http:\/\/www.fancyplants.de\/de\/wp-json\/wp\/v2\/pages\/419","targetHints":{"allow":["GET"]}}],"collection":[{"href":"http:\/\/www.fancyplants.de\/de\/wp-json\/wp\/v2\/pages"}],"about":[{"href":"http:\/\/www.fancyplants.de\/de\/wp-json\/wp\/v2\/types\/page"}],"author":[{"embeddable":true,"href":"http:\/\/www.fancyplants.de\/de\/wp-json\/wp\/v2\/users\/1"}],"replies":[{"embeddable":true,"href":"http:\/\/www.fancyplants.de\/de\/wp-json\/wp\/v2\/comments?post=419"}],"version-history":[{"count":1,"href":"http:\/\/www.fancyplants.de\/de\/wp-json\/wp\/v2\/pages\/419\/revisions"}],"predecessor-version":[{"id":3063,"href":"http:\/\/www.fancyplants.de\/de\/wp-json\/wp\/v2\/pages\/419\/revisions\/3063"}],"up":[{"embeddable":true,"href":"http:\/\/www.fancyplants.de\/de\/wp-json\/wp\/v2\/pages\/341"}],"wp:attachment":[{"href":"http:\/\/www.fancyplants.de\/de\/wp-json\/wp\/v2\/media?parent=419"}],"curies":[{"name":"wp","href":"https:\/\/api.w.org\/{rel}","templated":true}]}}