{"id":417,"date":"2015-06-20T12:17:31","date_gmt":"2015-06-20T10:17:31","guid":{"rendered":"http:\/\/www.fancyplants.de\/de\/?page_id=417"},"modified":"2019-10-15T08:51:10","modified_gmt":"2019-10-15T06:51:10","slug":"darlingtonia","status":"publish","type":"page","link":"http:\/\/www.fancyplants.de\/de\/carnihome\/arten\/grube\/darlingtonia\/","title":{"rendered":"Kobralilie (Darlingtonia)"},"content":{"rendered":"<div class=\"fusion-fullwidth fullwidth-box fusion-builder-row-1 hundred-percent-fullwidth non-hundred-percent-height-scrolling\" style=\"--awb-border-radius-top-left:0px;--awb-border-radius-top-right:0px;--awb-border-radius-bottom-right:0px;--awb-border-radius-bottom-left:0px;--awb-overflow:visible;--awb-flex-wrap:wrap;\" ><div class=\"fusion-builder-row fusion-row\"><div class=\"fusion-layout-column fusion_builder_column fusion-builder-column-0 fusion_builder_column_1_1 1_1 fusion-one-full fusion-column-first fusion-column-last\" style=\"--awb-bg-size:cover;\"><div class=\"fusion-column-wrapper fusion-flex-column-wrapper-legacy\"><div class=\"fusion-title title fusion-title-1 fusion-title-text fusion-title-size-one\"><h1 class=\"fusion-title-heading title-heading-left\" style=\"margin:0;\">Kobralilie (<i>Darlingtonia<\/i>)<\/h1><span class=\"awb-title-spacer\"><\/span><div class=\"title-sep-container\"><div class=\"title-sep sep-single sep-solid\" style=\"border-color:#3e3e3e;\"><\/div><\/div><\/div><div class=\"fusion-title title fusion-title-2 fusion-title-text fusion-title-size-two\"><h2 class=\"fusion-title-heading title-heading-left\" style=\"margin:0;\">Im \u00dcberblick<\/h2><span class=\"awb-title-spacer\"><\/span><div class=\"title-sep-container\"><div class=\"title-sep sep-single sep-solid\" style=\"border-color:#3e3e3e;\"><\/div><\/div><\/div><div class=\"fusion-text fusion-text-1\"><div class=\"intextr\"><a class=\"lupe200\" title=\"Kobralilie (Darlingtonia californica).\" href=\"..\/..\/..\/..\/..\/images\/carnivorous\/darlingtonia.jpg\" data-gallery=\"\"><img decoding=\"async\" src=\"..\/..\/..\/..\/..\/images\/carnivorous\/darlingtonias.jpg\" alt=\"Kobralilie (Darlingtonia californica).\" width=\"200\" height=\"200\" \/><span><\/span><\/a><\/div>\n<p>Die Kobralilie ist eine <a href=\"..\/..\/..\/..\/service\/bibliothek#monotyp\" target=\"_blank\" rel=\"noopener noreferrer\"><i class=\"fa fa-book\"><\/i> monotypische<\/a> Gattung aus der Familie der Schlauchpflanzengew\u00e4chse. Wie die Schlauchpflanzen kommt die Kobralilie nur in Nordamerika vor. Pr\u00e4ziser formuliert erstreckt sich das Verbreitungsgebiet der Krobalilie nur auf die Grenzregion zwischen Kalifornien und Oregon. Dort kommt die Kobralilie in zwei verschiedenen Habitaten vor. Einerseits finden sich Vorkommen im Gebirge bis zu \u00fcber 3000 m H\u00f6he, daneben &#8211; vor allem in Oregon &#8211; werden auch k\u00fcstennahe Biotope besiedelt. Beiden Biotopstypen gemeinsam ist, dass das Substrat von k\u00fchlem Wasser durchflossen wird. Die Kobralilie ist eine ausdauernde Pflanze mit einem kriechenden Rhizom. Aus diesem entspringen zahlreiche, gr\u00fcne Schl\u00e4uche, die in ihrer Gestalt an eine Kobra erinnern. Der Schlauch erweitert sich an seinem oberen Ende zu einer Kuppel mit transparenten Fenstern. Die Kuppel weist unten vor dem Schlauch eine \u00d6ffnung auf, vor der sich ein flaches Anh\u00e4ngsel befindet, welches einer gespaltenen Schlangenzunge \u00e4hnelt. Vom Boden f\u00fchrt eine Fl\u00fcgelleiste bis zur Schlauch\u00f6ffnung nach oben. Bei kleinen Pflanzen liegen die Schl\u00e4uche der Erde auf und nur die Kuppel ist aufrecht, gr\u00f6\u00dfere Pflanzen hingegen produzieren komplett aufrechte Schl\u00e4uche, die bei alten Pflanzen eine maximale H\u00f6he von 70 cm erreichen k\u00f6nnen.<\/p>\n<\/div><div class=\"fusion-title title fusion-title-3 fusion-title-text fusion-title-size-two\"><h2 class=\"fusion-title-heading title-heading-left\" style=\"margin:0;\">Fallenmechanismus<\/h2><span class=\"awb-title-spacer\"><\/span><div class=\"title-sep-container\"><div class=\"title-sep sep-single sep-solid\" style=\"border-color:#3e3e3e;\"><\/div><\/div><\/div><div class=\"fusion-text fusion-text-2\"><p>Der prinzipielle Fallenmechanismus wurde bereits auf der <a class=\"link\" href=\"..\/..\/grube\">vorherigen Seite<\/a> ausf\u00fchrlich beschrieben. Mehrere Mechanismen dienen der Insektenanlockung. Die Schl\u00e4uche werden mit ihrer \u00d6ffnung immer nach au\u00dfen gedreht, so dass der Insektenfang erleichtert wird, die transparenten Fenster im Bereich der Kuppel t\u00e4uschen einen Fluchtweg vor. Sowohl die Fl\u00fcgelleiste als auch das Anh\u00e4ngsel produzieren Nektar. Das Anh\u00e4ngsel soll Fluginsekten anlocken und ihnen als Landeplatz dienen. Die Fl\u00fcgelleiste dient neben der mechanischen Stabilisierung des Schlauches auch als Leitschiene f\u00fcr krabbelnde Insekten, die direkt zur Schlauch\u00f6ffnung gelockt werden. An dieser befindet sich ein nach innen \u00fcberh\u00e4ngender Wulst, der \u2013 sobald er einmal \u00fcberschritten wurde \u2013 einen R\u00fcckweg versperren soll. Ab dem Wulst ist das Schlauchinnere glatt, so dass Insekten in die Tiefe abst\u00fcrzen k\u00f6nnen. Zudem erschweren nach unten gerichtete Haare das Herauskrabbeln.<\/p>\n<\/div><div class=\"fusion-title title fusion-title-4 fusion-title-text fusion-title-size-two\"><h2 class=\"fusion-title-heading title-heading-left\" style=\"margin:0;\">Kultur und Vermehrung<\/h2><span class=\"awb-title-spacer\"><\/span><div class=\"title-sep-container\"><div class=\"title-sep sep-single sep-solid\" style=\"border-color:#3e3e3e;\"><\/div><\/div><\/div><div class=\"fusion-text fusion-text-3\"><p>Die Kultur der Kobralilie ist nicht ganz trivial. Das Hauptproblem in ihrer Kultur stellt der Anspruch an ein gek\u00fchltes Wurzelsystem analog zu ihrem nat\u00fcrlichem Habitat entlang von Fl\u00fcssen, die k\u00fchles Wasser aus dem Gebirge f\u00fchren, dar. Als Substrat verwende ich haupts\u00e4chlich Hochmoortorf mit etwas Zusatz von Quarzsand und Sphagnum in einem gro\u00dfen Tontopf. Diesen gebe ich in einen etwa drei bis vier Zentimeter mehr durchmessenden wei\u00dfen \u00dcbertopf. Der Zwischenraum zwischen beiden T\u00f6pfen wird mit Sphagnum bef\u00fcllt. Gegossen wird in Anstaubew\u00e4sserung. Der wei\u00dfe \u00dcbertopf verhindert eine Aufw\u00e4rmung des Wurzelraumes, da dieser die Sonneneinstrahlung komplett reflektiert. Fatal w\u00e4re ein schwarzes Kulturgef\u00e4\u00df, welches die Sonnenstrahlen komplett absorbieren w\u00fcrde. Das Sphagnum im Zwischenraum sowie auf dem Kultursubstrat verdunstet Wasser und f\u00fchrt somit zu einer Abk\u00fchlung des Wurzelraums. Eine Wasserverdunstung bedeutet Energieentzug, was gleichbedeutend mit einer Abk\u00fchlung des Mediums ist. Verdunstung ist energetisch ein potentes Mittel. Stellen Sie sich vor, wie lange Sie einen Topf mit einem Liter Wasser auf ihrem Herd kochen lassen (und somit Energie, sprich Strom, zuf\u00fchren) m\u00fcssten, bis dieses vollst\u00e4ndig verdunstet ist. Im Winter halten Sie die Kobralilie an einem hellen und k\u00fchlen Standort. Die Wasserzufuhr kann deutlich reduziert werden.<\/p>\n<\/div><div class=\"fusion-clearfix\"><\/div><\/div><\/div><\/div><\/div>","protected":false},"excerpt":{"rendered":"","protected":false},"author":1,"featured_media":0,"parent":341,"menu_order":0,"comment_status":"open","ping_status":"open","template":"","meta":{"footnotes":""},"class_list":["post-417","page","type-page","status-publish","hentry"],"yoast_head":"<!-- This site is optimized with the Yoast SEO plugin v26.9 - https:\/\/yoast.com\/product\/yoast-seo-wordpress\/ -->\n<title>Kobralilie (Darlingtonia) - Fancy Plants - Deutsch<\/title>\n<meta name=\"description\" content=\"Sie finden hier ein Portr\u00e4t der Kobralilie (Darlingtonia californica) inklusive Pflanzenbeschreibung, Verbreitung, Fallenmechanismus und Kulturanleitung.\" \/>\n<meta name=\"robots\" content=\"index, follow, max-snippet:-1, max-image-preview:large, max-video-preview:-1\" \/>\n<link rel=\"canonical\" href=\"http:\/\/www.fancyplants.de\/de\/carnihome\/arten\/grube\/darlingtonia\/\" \/>\n<meta property=\"og:locale\" content=\"de_DE\" \/>\n<meta property=\"og:type\" content=\"article\" \/>\n<meta property=\"og:title\" content=\"Kobralilie (Darlingtonia) - Fancy Plants - Deutsch\" \/>\n<meta property=\"og:description\" content=\"Sie finden hier ein Portr\u00e4t der Kobralilie (Darlingtonia californica) inklusive Pflanzenbeschreibung, Verbreitung, Fallenmechanismus und Kulturanleitung.\" \/>\n<meta property=\"og:url\" content=\"http:\/\/www.fancyplants.de\/de\/carnihome\/arten\/grube\/darlingtonia\/\" \/>\n<meta property=\"og:site_name\" content=\"Fancy Plants - Deutsch\" \/>\n<meta property=\"article:modified_time\" content=\"2019-10-15T06:51:10+00:00\" \/>\n<meta name=\"twitter:card\" content=\"summary_large_image\" \/>\n<meta name=\"twitter:label1\" content=\"Gesch\u00e4tzte Lesezeit\" \/>\n\t<meta name=\"twitter:data1\" content=\"4\u00a0Minuten\" \/>\n<script type=\"application\/ld+json\" class=\"yoast-schema-graph\">{\"@context\":\"https:\/\/schema.org\",\"@graph\":[{\"@type\":\"WebPage\",\"@id\":\"http:\/\/www.fancyplants.de\/de\/carnihome\/arten\/grube\/darlingtonia\/\",\"url\":\"http:\/\/www.fancyplants.de\/de\/carnihome\/arten\/grube\/darlingtonia\/\",\"name\":\"Kobralilie (Darlingtonia) - Fancy Plants - Deutsch\",\"isPartOf\":{\"@id\":\"http:\/\/www.fancyplants.de\/de\/#website\"},\"datePublished\":\"2015-06-20T10:17:31+00:00\",\"dateModified\":\"2019-10-15T06:51:10+00:00\",\"description\":\"Sie finden hier ein Portr\u00e4t der Kobralilie (Darlingtonia californica) inklusive Pflanzenbeschreibung, Verbreitung, Fallenmechanismus und Kulturanleitung.\",\"breadcrumb\":{\"@id\":\"http:\/\/www.fancyplants.de\/de\/carnihome\/arten\/grube\/darlingtonia\/#breadcrumb\"},\"inLanguage\":\"de\",\"potentialAction\":[{\"@type\":\"ReadAction\",\"target\":[\"http:\/\/www.fancyplants.de\/de\/carnihome\/arten\/grube\/darlingtonia\/\"]}]},{\"@type\":\"BreadcrumbList\",\"@id\":\"http:\/\/www.fancyplants.de\/de\/carnihome\/arten\/grube\/darlingtonia\/#breadcrumb\",\"itemListElement\":[{\"@type\":\"ListItem\",\"position\":1,\"name\":\"Home\",\"item\":\"http:\/\/www.fancyplants.de\/de\/\"},{\"@type\":\"ListItem\",\"position\":2,\"name\":\"Insektivoren\",\"item\":\"http:\/\/www.fancyplants.de\/de\/carnihome\/\"},{\"@type\":\"ListItem\",\"position\":3,\"name\":\"Arten\",\"item\":\"http:\/\/www.fancyplants.de\/de\/carnihome\/arten\/\"},{\"@type\":\"ListItem\",\"position\":4,\"name\":\"Grubenfallen\",\"item\":\"http:\/\/www.fancyplants.de\/de\/carnihome\/arten\/grube\/\"},{\"@type\":\"ListItem\",\"position\":5,\"name\":\"Kobralilie (Darlingtonia)\"}]},{\"@type\":\"WebSite\",\"@id\":\"http:\/\/www.fancyplants.de\/de\/#website\",\"url\":\"http:\/\/www.fancyplants.de\/de\/\",\"name\":\"Fancy Plants - Deutsch\",\"description\":\"Eine weitere WordPress-Seite\",\"potentialAction\":[{\"@type\":\"SearchAction\",\"target\":{\"@type\":\"EntryPoint\",\"urlTemplate\":\"http:\/\/www.fancyplants.de\/de\/?s={search_term_string}\"},\"query-input\":{\"@type\":\"PropertyValueSpecification\",\"valueRequired\":true,\"valueName\":\"search_term_string\"}}],\"inLanguage\":\"de\"}]}<\/script>\n<!-- \/ Yoast SEO plugin. -->","yoast_head_json":{"title":"Kobralilie (Darlingtonia) - Fancy Plants - Deutsch","description":"Sie finden hier ein Portr\u00e4t der Kobralilie (Darlingtonia californica) inklusive Pflanzenbeschreibung, Verbreitung, Fallenmechanismus und Kulturanleitung.","robots":{"index":"index","follow":"follow","max-snippet":"max-snippet:-1","max-image-preview":"max-image-preview:large","max-video-preview":"max-video-preview:-1"},"canonical":"http:\/\/www.fancyplants.de\/de\/carnihome\/arten\/grube\/darlingtonia\/","og_locale":"de_DE","og_type":"article","og_title":"Kobralilie (Darlingtonia) - Fancy Plants - Deutsch","og_description":"Sie finden hier ein Portr\u00e4t der Kobralilie (Darlingtonia californica) inklusive Pflanzenbeschreibung, Verbreitung, Fallenmechanismus und Kulturanleitung.","og_url":"http:\/\/www.fancyplants.de\/de\/carnihome\/arten\/grube\/darlingtonia\/","og_site_name":"Fancy Plants - Deutsch","article_modified_time":"2019-10-15T06:51:10+00:00","twitter_card":"summary_large_image","twitter_misc":{"Gesch\u00e4tzte Lesezeit":"4\u00a0Minuten"},"schema":{"@context":"https:\/\/schema.org","@graph":[{"@type":"WebPage","@id":"http:\/\/www.fancyplants.de\/de\/carnihome\/arten\/grube\/darlingtonia\/","url":"http:\/\/www.fancyplants.de\/de\/carnihome\/arten\/grube\/darlingtonia\/","name":"Kobralilie (Darlingtonia) - Fancy Plants - Deutsch","isPartOf":{"@id":"http:\/\/www.fancyplants.de\/de\/#website"},"datePublished":"2015-06-20T10:17:31+00:00","dateModified":"2019-10-15T06:51:10+00:00","description":"Sie finden hier ein Portr\u00e4t der Kobralilie (Darlingtonia californica) inklusive Pflanzenbeschreibung, Verbreitung, Fallenmechanismus und Kulturanleitung.","breadcrumb":{"@id":"http:\/\/www.fancyplants.de\/de\/carnihome\/arten\/grube\/darlingtonia\/#breadcrumb"},"inLanguage":"de","potentialAction":[{"@type":"ReadAction","target":["http:\/\/www.fancyplants.de\/de\/carnihome\/arten\/grube\/darlingtonia\/"]}]},{"@type":"BreadcrumbList","@id":"http:\/\/www.fancyplants.de\/de\/carnihome\/arten\/grube\/darlingtonia\/#breadcrumb","itemListElement":[{"@type":"ListItem","position":1,"name":"Home","item":"http:\/\/www.fancyplants.de\/de\/"},{"@type":"ListItem","position":2,"name":"Insektivoren","item":"http:\/\/www.fancyplants.de\/de\/carnihome\/"},{"@type":"ListItem","position":3,"name":"Arten","item":"http:\/\/www.fancyplants.de\/de\/carnihome\/arten\/"},{"@type":"ListItem","position":4,"name":"Grubenfallen","item":"http:\/\/www.fancyplants.de\/de\/carnihome\/arten\/grube\/"},{"@type":"ListItem","position":5,"name":"Kobralilie (Darlingtonia)"}]},{"@type":"WebSite","@id":"http:\/\/www.fancyplants.de\/de\/#website","url":"http:\/\/www.fancyplants.de\/de\/","name":"Fancy Plants - Deutsch","description":"Eine weitere WordPress-Seite","potentialAction":[{"@type":"SearchAction","target":{"@type":"EntryPoint","urlTemplate":"http:\/\/www.fancyplants.de\/de\/?s={search_term_string}"},"query-input":{"@type":"PropertyValueSpecification","valueRequired":true,"valueName":"search_term_string"}}],"inLanguage":"de"}]}},"_links":{"self":[{"href":"http:\/\/www.fancyplants.de\/de\/wp-json\/wp\/v2\/pages\/417","targetHints":{"allow":["GET"]}}],"collection":[{"href":"http:\/\/www.fancyplants.de\/de\/wp-json\/wp\/v2\/pages"}],"about":[{"href":"http:\/\/www.fancyplants.de\/de\/wp-json\/wp\/v2\/types\/page"}],"author":[{"embeddable":true,"href":"http:\/\/www.fancyplants.de\/de\/wp-json\/wp\/v2\/users\/1"}],"replies":[{"embeddable":true,"href":"http:\/\/www.fancyplants.de\/de\/wp-json\/wp\/v2\/comments?post=417"}],"version-history":[{"count":1,"href":"http:\/\/www.fancyplants.de\/de\/wp-json\/wp\/v2\/pages\/417\/revisions"}],"predecessor-version":[{"id":3064,"href":"http:\/\/www.fancyplants.de\/de\/wp-json\/wp\/v2\/pages\/417\/revisions\/3064"}],"up":[{"embeddable":true,"href":"http:\/\/www.fancyplants.de\/de\/wp-json\/wp\/v2\/pages\/341"}],"wp:attachment":[{"href":"http:\/\/www.fancyplants.de\/de\/wp-json\/wp\/v2\/media?parent=417"}],"curies":[{"name":"wp","href":"https:\/\/api.w.org\/{rel}","templated":true}]}}