{"id":415,"date":"2015-06-20T12:16:46","date_gmt":"2015-06-20T10:16:46","guid":{"rendered":"http:\/\/www.fancyplants.de\/de\/?page_id=415"},"modified":"2019-10-15T08:51:10","modified_gmt":"2019-10-15T06:51:10","slug":"heliamphora","status":"publish","type":"page","link":"http:\/\/www.fancyplants.de\/de\/carnihome\/arten\/grube\/heliamphora\/","title":{"rendered":"Sumpfkrug (Heliamphora)"},"content":{"rendered":"<div class=\"fusion-fullwidth fullwidth-box fusion-builder-row-1 hundred-percent-fullwidth non-hundred-percent-height-scrolling\" style=\"--awb-border-radius-top-left:0px;--awb-border-radius-top-right:0px;--awb-border-radius-bottom-right:0px;--awb-border-radius-bottom-left:0px;--awb-overflow:visible;--awb-flex-wrap:wrap;\" ><div class=\"fusion-builder-row fusion-row\"><div class=\"fusion-layout-column fusion_builder_column fusion-builder-column-0 fusion_builder_column_1_1 1_1 fusion-one-full fusion-column-first fusion-column-last\" style=\"--awb-bg-size:cover;\"><div class=\"fusion-column-wrapper fusion-flex-column-wrapper-legacy\"><div class=\"fusion-title title fusion-title-1 fusion-title-text fusion-title-size-one\"><h1 class=\"fusion-title-heading title-heading-left\" style=\"margin:0;\">Sumpfkrug (<i>Heliamphora<\/i>)<\/h1><span class=\"awb-title-spacer\"><\/span><div class=\"title-sep-container\"><div class=\"title-sep sep-single sep-solid\" style=\"border-color:#3e3e3e;\"><\/div><\/div><\/div><div class=\"fusion-title title fusion-title-2 fusion-title-text fusion-title-size-two\"><h2 class=\"fusion-title-heading title-heading-left\" style=\"margin:0;\">Im \u00dcberblick<\/h2><span class=\"awb-title-spacer\"><\/span><div class=\"title-sep-container\"><div class=\"title-sep sep-single sep-solid\" style=\"border-color:#3e3e3e;\"><\/div><\/div><\/div><div class=\"fusion-text fusion-text-1\"><div class=\"intextl\"><a class=\"lupe200\" title=\"Sumpfkrug-Hybride (Heliamphora heterodoxa x ionasii), Bl\u00fcte im Mai 2011.\" href=\"..\/..\/..\/..\/..\/images\/carnivorous\/hhetxionfl.jpg\" data-gallery=\"\"><img decoding=\"async\" src=\"..\/..\/..\/..\/..\/images\/carnivorous\/hhetxionfls.jpg\" alt=\"Sumpfkrug-Hybride (Heliamphora heterodoxa x ionasii), Bl\u00fcte im Mai 2011.\" width=\"200\" height=\"200\" \/><span><\/span><\/a><\/div>\n<div class=\"intextr\"><a class=\"lupe200\" title=\"Sumpfkrug-Hybride (Heliamphora heterodoxa x ionasii).\" href=\"..\/..\/..\/..\/..\/images\/carnivorous\/hhetxion1.jpg\" data-gallery=\"\"><img decoding=\"async\" src=\"..\/..\/..\/..\/..\/images\/carnivorous\/hhetxion1s.jpg\" alt=\"Sumpfkrug-Hybride (Heliamphora heterodoxa x ionasii).\" width=\"200\" height=\"200\" \/><span><\/span><\/a><\/div>\n<p>Bei den Sumpfkr\u00fcgen handelt es sich um eine Gattung aus der Familie der Schlauchpflanzengew\u00e4chse mit aktuell 11 Arten (<i>Heliamphora chimantensis<\/i>, <i>Heliamphora elongata<\/i>, <i>Heliamphora folliculata<\/i>, <i>Heliamphora heterodoxa<\/i>, <i>Heliamphora hispida<\/i>, <i>Heliamphora ionasii<\/i>, <i>Heliamphora minor<\/i>, <i>Heliamphora nutans<\/i>, <i>Heliamphora pulchella<\/i>, <i>Heliamphora sarracenioides<\/i>, <i>Heliamphora tatei<\/i>) und 7 Formen und Variet\u00e4ten (<i>Heliamphora heterodoxa f. glabra<\/i>, <i>Heliamphora heterodoxa var. exappendiculata<\/i>, <i>Heliamphora heterodoxa var. exappendiculata f. glabella<\/i>, <i>Heliamphora minor f. laevis<\/i>, <i>Heliamphora tatei f. macdonaldae<\/i>, <i>Heliamphora tatei var. neblinae<\/i>, <i>Heliamphora tatei var. neblinae f. parva<\/i>), welche im Nordosten S\u00fcdamerikas vorkommen. Pr\u00e4ziser formuliert sind die Tafelberge (Tepuis) vor allem im Regenwald von Venezuela die Heimat der Sumpfkr\u00fcge. Die Tafelberge ragen inselartig und flach bis zu einer H\u00f6he von 3000 m aus dem Regenwald empor und sind absolute Extremstandorte. Gekennzeichnet sind diese Standorte durch eine hohe Luftfeuchtigkeit, sehr hohe j\u00e4hrliche Niederschlagsmengen, einer hohen Sonnen- und UV-Strahlenexposition sowie einem deutlichen Temperaturgef\u00e4lle zwischen tags\u00fcber und nachts. Tags\u00fcber herrschen dort knapp \u00fcber 20 \u00b0C, in der Nacht fallen die Temperaturen hingegen bis knapp \u00fcber den Gefrierpunkt. Aufgrund dieser Datenlage sind Sumpfkr\u00fcge in ihrer Pflege heikel. Die Gr\u00f6\u00dfe der Sumpfkr\u00fcge schwankt zwischen wenigen Zentimetern und knappen zwei bis drei Metern bei <i>Heliamphora tatei<\/i>. Bei dieser Art wachsen die bis zu 40 Zentimetern gro\u00dfen Schl\u00e4uche an einem Pseudostamm.<\/p>\n<div class=\"intextr\"><a class=\"lupe200\" title=\"Sumpfkrug-Hybride (Heliamphora heterodoxa x ionasii).\" href=\"..\/..\/..\/..\/..\/images\/carnivorous\/hhetxion.jpg\" data-gallery=\"\"><img decoding=\"async\" src=\"..\/..\/..\/..\/..\/images\/carnivorous\/hhetxions.jpg\" alt=\"Sumpfkrug-Hybride (Heliamphora heterodoxa x ionasii).\" width=\"200\" height=\"200\" \/><span><\/span><\/a><\/div>\n<p>Die Sumpfkr\u00fcge bilden lange Zeit juvenile Schl\u00e4uche. Diese sind klein, und oben geschlossen. Die kleine \u00d6ffnung zeigt nach vorne. Erst im Alter werden die attraktiven adulten Schl\u00e4uche gebildet, die etwas wie ein zusammengerolltes Laubblatt aussehen. An der Vorderkante des Schlauches, quasi der &#8218;L\u00f6tstelle&#8216;, befindet sich eine Fl\u00fcgelleiste, in deren Mitte sich eine kleine \u00d6ffnung als \u00dcberlauf befindet. Diese \u00d6ffnung sorgt daf\u00fcr, dass die Schl\u00e4uche nur zu etwa der H\u00e4lfte fl\u00fcssigkeitsgef\u00fcllt sind und die Beute bei den starken Niederf\u00e4llen nicht weggesp\u00fclt wird. Die &#8218;Schlaucht\u00fcte&#8216; ist nach oben hin offen und weist keinen Deckel auf. An der Hinterseite der Schlauch\u00f6ffnung befindet sich lediglich ein kleines, rudiment\u00e4res Anh\u00e4ngsel, welches bei guten Lichtverh\u00e4ltnissen tief rot gef\u00e4rbt ist und Nektar produziert.<\/p>\n<\/div><div class=\"fusion-title title fusion-title-3 fusion-title-text fusion-title-size-two\"><h2 class=\"fusion-title-heading title-heading-left\" style=\"margin:0;\">Fallenmechanismus<\/h2><span class=\"awb-title-spacer\"><\/span><div class=\"title-sep-container\"><div class=\"title-sep sep-single sep-solid\" style=\"border-color:#3e3e3e;\"><\/div><\/div><\/div><div class=\"fusion-text fusion-text-2\"><p>Der prinzipielle Fallenmechanismus wurde bereits auf der <a class=\"link\" href=\"..\/..\/grube\">vorherigen Seite<\/a> ausf\u00fchrlich beschrieben. Der Sumpfkrug besitzt eine einfach konstruierte Falle. Im Wesentlichen handelt es sich um ein zu einer T\u00fcte gefaltetem Blatt, welches vorne verl\u00f6tet ist. Hier befindet sich eine Fl\u00fcgelleiste, in deren vertikalen Mitte sich ein kleines Abflussl\u00f6chchen befindet, welches ein \u00dcberlaufen der Falle verhindern soll. Die \u00d6ffnung der R\u00f6hre l\u00e4uft nach hinten leicht ansteigend an. In der Mitte des hinteren Randes befindet sich ein rudiment\u00e4rer, kleiner Deckel, der sich unter Sonneneinstrahlung intensiv rot verf\u00e4rben kann. Sowohl am Deckelchen wie auch entlang der Fl\u00fcgelleiste wird Nektar sezerniert, womit vor allem krabbelnde Insekten angelockt werden. Der Innenrand der Falle ist w\u00e4chsern-glatt und mit feinen, nach unten gerichteten Haare versehen. Die Insekten k\u00f6nnen somit leicht in die Tiefe st\u00fcrzen und ertrinken in der sich dort befindlichen Fl\u00fcssigkeit. Die Zersetzung erfolgt durch Bakterien, eigene Enzyme produziert der Sumpfkrug nicht.<\/p>\n<\/div><div class=\"fusion-title title fusion-title-4 fusion-title-text fusion-title-size-two\"><h2 class=\"fusion-title-heading title-heading-left\" style=\"margin:0;\">Kultur und Vermehrung<\/h2><span class=\"awb-title-spacer\"><\/span><div class=\"title-sep-container\"><div class=\"title-sep sep-single sep-solid\" style=\"border-color:#3e3e3e;\"><\/div><\/div><\/div><div class=\"fusion-text fusion-text-3\"><div class=\"intextr\"><a class=\"lupe200\" title=\"Sumpfkrug (Heliamphora hispida).\" href=\"..\/..\/..\/..\/..\/images\/carnivorous\/hhisp.jpg\" data-gallery=\"\"><img decoding=\"async\" src=\"..\/..\/..\/..\/..\/images\/carnivorous\/hhisps.jpg\" alt=\"Sumpfkrug (Heliamphora hispida).\" width=\"200\" height=\"200\" \/><span><\/span><\/a><\/div>\n<p>Die Kultur der Sumpfkr\u00fcge ist schwierig. Der Sumpfkrug ist keine Anf\u00e4ngerpflanze. Entsprechend des nat\u00fcrlichen Vorkommens ben\u00f6tigt der Sumpfkrug einen luftfeuchten und hellen Standort mit eher niedrigen Tagtemperaturen und einer deutlichen Nachtabsenkung. Zugleich m\u00f6chte die Pflanze einen guten Luftaustausch und ist sehr empfindlich gegen Staun\u00e4sse. Es sind verschiedene Kulturmethoden beschrieben. Im Wesentlichen sind jedoch nur zwei mit einigerma\u00dfen Aufwand realisierbar und erfolgversprechend. Eine Arten wie <i>Heliamphora heterodoxa<\/i>, <i>Heliamphora minor<\/i> oder <i>Heliamphora nutans<\/i> k\u00f6nnen von Fr\u00fchjahr bis Sommer im Freien kultiviert werden. Ich habe meine Pflanzen dazu in Sphagnum in einen Tontopf gepflanzt und diesen ebenfalls in Sphagnum in mein Moorbeet eingesenkt. Einschr\u00e4nkend muss an dieser Stelle jedoch erw\u00e4hnt werden, dass ein sch\u00f6nes Wachstum nur im Fr\u00fchjahr und Herbst zu verzeichnen ist. Im Sommer stellt der Sumpfkrug sein Wachstum aufgrund der hohen Temperaturen ein. Die \u00dcberwinterung erfolgt hell in minimaler Anstaubew\u00e4sserung in einem kalten Zimmer. Von vielen anderen Insektivorenliebhabern wird die Haltung aufwendiger, jedoch professioneller betrieben. Klassischerweise erfolgt die Kultivierung unter Glas und starkem Kunstlicht in einem Kellerraum. Durch die Lampe erw\u00e4rmt sich das Terrarium oder Gew\u00e4chshaus ausreichend. Nachts fallen die Temperaturen im ungeheizten Keller in ausreichendem Ma\u00dfe ab. Zudem wird f\u00fcr eine hohe Luftfeuchtigkeit gesorgt. Unter dem Men\u00fcpunkt &#8218;Links&#8216; finden Sie zu dieser Kulturmethode, die im \u00dcbrigen auch f\u00fcr Hochland-Nepenthes sehr gut ist, einen exzellenten weiterf\u00fchrenden Link.<\/p>\n<\/div><div class=\"fusion-clearfix\"><\/div><\/div><\/div><\/div><\/div>","protected":false},"excerpt":{"rendered":"","protected":false},"author":1,"featured_media":0,"parent":341,"menu_order":0,"comment_status":"open","ping_status":"open","template":"","meta":{"footnotes":""},"class_list":["post-415","page","type-page","status-publish","hentry"],"yoast_head":"<!-- This site is optimized with the Yoast SEO plugin v26.9 - https:\/\/yoast.com\/product\/yoast-seo-wordpress\/ -->\n<title>Sumpfkrug (Heliamphora) - Fancy Plants - Deutsch<\/title>\n<meta name=\"description\" content=\"Sie finden hier ein Portr\u00e4t des Sumpfkrugs (Heliamphora) inklusive Pflanzenbeschreibung, Verbreitung, Fallenmechanismus und Kulturanleitung.\" \/>\n<meta name=\"robots\" content=\"index, follow, max-snippet:-1, max-image-preview:large, max-video-preview:-1\" \/>\n<link rel=\"canonical\" href=\"http:\/\/www.fancyplants.de\/de\/carnihome\/arten\/grube\/heliamphora\/\" \/>\n<meta property=\"og:locale\" content=\"de_DE\" \/>\n<meta property=\"og:type\" content=\"article\" \/>\n<meta property=\"og:title\" content=\"Sumpfkrug (Heliamphora) - Fancy Plants - Deutsch\" \/>\n<meta property=\"og:description\" content=\"Sie finden hier ein Portr\u00e4t des Sumpfkrugs (Heliamphora) inklusive Pflanzenbeschreibung, Verbreitung, Fallenmechanismus und Kulturanleitung.\" \/>\n<meta property=\"og:url\" content=\"http:\/\/www.fancyplants.de\/de\/carnihome\/arten\/grube\/heliamphora\/\" \/>\n<meta property=\"og:site_name\" content=\"Fancy Plants - Deutsch\" \/>\n<meta property=\"article:modified_time\" content=\"2019-10-15T06:51:10+00:00\" \/>\n<meta name=\"twitter:card\" content=\"summary_large_image\" \/>\n<meta name=\"twitter:label1\" content=\"Gesch\u00e4tzte Lesezeit\" \/>\n\t<meta name=\"twitter:data1\" content=\"4\u00a0Minuten\" \/>\n<script type=\"application\/ld+json\" class=\"yoast-schema-graph\">{\"@context\":\"https:\/\/schema.org\",\"@graph\":[{\"@type\":\"WebPage\",\"@id\":\"http:\/\/www.fancyplants.de\/de\/carnihome\/arten\/grube\/heliamphora\/\",\"url\":\"http:\/\/www.fancyplants.de\/de\/carnihome\/arten\/grube\/heliamphora\/\",\"name\":\"Sumpfkrug (Heliamphora) - Fancy Plants - Deutsch\",\"isPartOf\":{\"@id\":\"http:\/\/www.fancyplants.de\/de\/#website\"},\"datePublished\":\"2015-06-20T10:16:46+00:00\",\"dateModified\":\"2019-10-15T06:51:10+00:00\",\"description\":\"Sie finden hier ein Portr\u00e4t des Sumpfkrugs (Heliamphora) inklusive Pflanzenbeschreibung, Verbreitung, Fallenmechanismus und Kulturanleitung.\",\"breadcrumb\":{\"@id\":\"http:\/\/www.fancyplants.de\/de\/carnihome\/arten\/grube\/heliamphora\/#breadcrumb\"},\"inLanguage\":\"de\",\"potentialAction\":[{\"@type\":\"ReadAction\",\"target\":[\"http:\/\/www.fancyplants.de\/de\/carnihome\/arten\/grube\/heliamphora\/\"]}]},{\"@type\":\"BreadcrumbList\",\"@id\":\"http:\/\/www.fancyplants.de\/de\/carnihome\/arten\/grube\/heliamphora\/#breadcrumb\",\"itemListElement\":[{\"@type\":\"ListItem\",\"position\":1,\"name\":\"Home\",\"item\":\"http:\/\/www.fancyplants.de\/de\/\"},{\"@type\":\"ListItem\",\"position\":2,\"name\":\"Insektivoren\",\"item\":\"http:\/\/www.fancyplants.de\/de\/carnihome\/\"},{\"@type\":\"ListItem\",\"position\":3,\"name\":\"Arten\",\"item\":\"http:\/\/www.fancyplants.de\/de\/carnihome\/arten\/\"},{\"@type\":\"ListItem\",\"position\":4,\"name\":\"Grubenfallen\",\"item\":\"http:\/\/www.fancyplants.de\/de\/carnihome\/arten\/grube\/\"},{\"@type\":\"ListItem\",\"position\":5,\"name\":\"Sumpfkrug (Heliamphora)\"}]},{\"@type\":\"WebSite\",\"@id\":\"http:\/\/www.fancyplants.de\/de\/#website\",\"url\":\"http:\/\/www.fancyplants.de\/de\/\",\"name\":\"Fancy Plants - Deutsch\",\"description\":\"Eine weitere WordPress-Seite\",\"potentialAction\":[{\"@type\":\"SearchAction\",\"target\":{\"@type\":\"EntryPoint\",\"urlTemplate\":\"http:\/\/www.fancyplants.de\/de\/?s={search_term_string}\"},\"query-input\":{\"@type\":\"PropertyValueSpecification\",\"valueRequired\":true,\"valueName\":\"search_term_string\"}}],\"inLanguage\":\"de\"}]}<\/script>\n<!-- \/ Yoast SEO plugin. -->","yoast_head_json":{"title":"Sumpfkrug (Heliamphora) - Fancy Plants - Deutsch","description":"Sie finden hier ein Portr\u00e4t des Sumpfkrugs (Heliamphora) inklusive Pflanzenbeschreibung, Verbreitung, Fallenmechanismus und Kulturanleitung.","robots":{"index":"index","follow":"follow","max-snippet":"max-snippet:-1","max-image-preview":"max-image-preview:large","max-video-preview":"max-video-preview:-1"},"canonical":"http:\/\/www.fancyplants.de\/de\/carnihome\/arten\/grube\/heliamphora\/","og_locale":"de_DE","og_type":"article","og_title":"Sumpfkrug (Heliamphora) - Fancy Plants - Deutsch","og_description":"Sie finden hier ein Portr\u00e4t des Sumpfkrugs (Heliamphora) inklusive Pflanzenbeschreibung, Verbreitung, Fallenmechanismus und Kulturanleitung.","og_url":"http:\/\/www.fancyplants.de\/de\/carnihome\/arten\/grube\/heliamphora\/","og_site_name":"Fancy Plants - Deutsch","article_modified_time":"2019-10-15T06:51:10+00:00","twitter_card":"summary_large_image","twitter_misc":{"Gesch\u00e4tzte Lesezeit":"4\u00a0Minuten"},"schema":{"@context":"https:\/\/schema.org","@graph":[{"@type":"WebPage","@id":"http:\/\/www.fancyplants.de\/de\/carnihome\/arten\/grube\/heliamphora\/","url":"http:\/\/www.fancyplants.de\/de\/carnihome\/arten\/grube\/heliamphora\/","name":"Sumpfkrug (Heliamphora) - Fancy Plants - Deutsch","isPartOf":{"@id":"http:\/\/www.fancyplants.de\/de\/#website"},"datePublished":"2015-06-20T10:16:46+00:00","dateModified":"2019-10-15T06:51:10+00:00","description":"Sie finden hier ein Portr\u00e4t des Sumpfkrugs (Heliamphora) inklusive Pflanzenbeschreibung, Verbreitung, Fallenmechanismus und Kulturanleitung.","breadcrumb":{"@id":"http:\/\/www.fancyplants.de\/de\/carnihome\/arten\/grube\/heliamphora\/#breadcrumb"},"inLanguage":"de","potentialAction":[{"@type":"ReadAction","target":["http:\/\/www.fancyplants.de\/de\/carnihome\/arten\/grube\/heliamphora\/"]}]},{"@type":"BreadcrumbList","@id":"http:\/\/www.fancyplants.de\/de\/carnihome\/arten\/grube\/heliamphora\/#breadcrumb","itemListElement":[{"@type":"ListItem","position":1,"name":"Home","item":"http:\/\/www.fancyplants.de\/de\/"},{"@type":"ListItem","position":2,"name":"Insektivoren","item":"http:\/\/www.fancyplants.de\/de\/carnihome\/"},{"@type":"ListItem","position":3,"name":"Arten","item":"http:\/\/www.fancyplants.de\/de\/carnihome\/arten\/"},{"@type":"ListItem","position":4,"name":"Grubenfallen","item":"http:\/\/www.fancyplants.de\/de\/carnihome\/arten\/grube\/"},{"@type":"ListItem","position":5,"name":"Sumpfkrug (Heliamphora)"}]},{"@type":"WebSite","@id":"http:\/\/www.fancyplants.de\/de\/#website","url":"http:\/\/www.fancyplants.de\/de\/","name":"Fancy Plants - Deutsch","description":"Eine weitere WordPress-Seite","potentialAction":[{"@type":"SearchAction","target":{"@type":"EntryPoint","urlTemplate":"http:\/\/www.fancyplants.de\/de\/?s={search_term_string}"},"query-input":{"@type":"PropertyValueSpecification","valueRequired":true,"valueName":"search_term_string"}}],"inLanguage":"de"}]}},"_links":{"self":[{"href":"http:\/\/www.fancyplants.de\/de\/wp-json\/wp\/v2\/pages\/415","targetHints":{"allow":["GET"]}}],"collection":[{"href":"http:\/\/www.fancyplants.de\/de\/wp-json\/wp\/v2\/pages"}],"about":[{"href":"http:\/\/www.fancyplants.de\/de\/wp-json\/wp\/v2\/types\/page"}],"author":[{"embeddable":true,"href":"http:\/\/www.fancyplants.de\/de\/wp-json\/wp\/v2\/users\/1"}],"replies":[{"embeddable":true,"href":"http:\/\/www.fancyplants.de\/de\/wp-json\/wp\/v2\/comments?post=415"}],"version-history":[{"count":1,"href":"http:\/\/www.fancyplants.de\/de\/wp-json\/wp\/v2\/pages\/415\/revisions"}],"predecessor-version":[{"id":3065,"href":"http:\/\/www.fancyplants.de\/de\/wp-json\/wp\/v2\/pages\/415\/revisions\/3065"}],"up":[{"embeddable":true,"href":"http:\/\/www.fancyplants.de\/de\/wp-json\/wp\/v2\/pages\/341"}],"wp:attachment":[{"href":"http:\/\/www.fancyplants.de\/de\/wp-json\/wp\/v2\/media?parent=415"}],"curies":[{"name":"wp","href":"https:\/\/api.w.org\/{rel}","templated":true}]}}