{"id":412,"date":"2015-06-20T12:16:08","date_gmt":"2015-06-20T10:16:08","guid":{"rendered":"http:\/\/www.fancyplants.de\/de\/?page_id=412"},"modified":"2019-10-15T08:51:10","modified_gmt":"2019-10-15T06:51:10","slug":"nepenthes","status":"publish","type":"page","link":"http:\/\/www.fancyplants.de\/de\/carnihome\/arten\/grube\/nepenthes\/","title":{"rendered":"Kannenpflanze (Nepenthes)"},"content":{"rendered":"<div class=\"fusion-fullwidth fullwidth-box fusion-builder-row-1 hundred-percent-fullwidth non-hundred-percent-height-scrolling\" style=\"--awb-border-radius-top-left:0px;--awb-border-radius-top-right:0px;--awb-border-radius-bottom-right:0px;--awb-border-radius-bottom-left:0px;--awb-overflow:visible;--awb-flex-wrap:wrap;\" ><div class=\"fusion-builder-row fusion-row\"><div class=\"fusion-layout-column fusion_builder_column fusion-builder-column-0 fusion_builder_column_1_1 1_1 fusion-one-full fusion-column-first fusion-column-last\" style=\"--awb-bg-size:cover;\"><div class=\"fusion-column-wrapper fusion-flex-column-wrapper-legacy\"><div class=\"fusion-title title fusion-title-1 fusion-title-text fusion-title-size-one\"><h1 class=\"fusion-title-heading title-heading-left\" style=\"margin:0;\">Kannenpflanze (<i>Nepenthes<\/i>)<\/h1><span class=\"awb-title-spacer\"><\/span><div class=\"title-sep-container\"><div class=\"title-sep sep-single sep-solid\" style=\"border-color:#3e3e3e;\"><\/div><\/div><\/div><div class=\"fusion-title title fusion-title-2 fusion-title-text fusion-title-size-two\"><h2 class=\"fusion-title-heading title-heading-left\" style=\"margin:0;\">Im \u00dcberblick<\/h2><span class=\"awb-title-spacer\"><\/span><div class=\"title-sep-container\"><div class=\"title-sep sep-single sep-solid\" style=\"border-color:#3e3e3e;\"><\/div><\/div><\/div><div class=\"fusion-text fusion-text-1\"><div class=\"intextr\"><a class=\"lupe200\" title=\"Nepenthes-Hybride (Nepenthes spec.).\" href=\"..\/..\/..\/..\/..\/images\/carnivorous\/nep5.jpg\" data-gallery=\"\"><img decoding=\"async\" src=\"..\/..\/..\/..\/..\/images\/carnivorous\/nep5s.jpg\" alt=\"Nepenthes-Hybride (Nepenthes spec.).\" width=\"200\" height=\"200\" \/><span><\/span><\/a><\/div>\n<p>Die Gattung <i>Nepenthes<\/i> umfasst etwa 90 Arten, wovon die meisten in S\u00fcdostasien vorkommen. Zwei Arten finden sich auf Madagaskar, eine in Nordaustralien, daneben gibt es isoliertere Vorkommen in Indien und Sri Lanka. Evolutionsbiologisch handelt es sich bei den Kannepflanzen mit etwa 20 \u2013 30 Millionen Jahren alten fossilen Funden um eine relativ alte Gattung. Unter den fleischfressenden Pflanzen ist es die einzige <a href=\"..\/..\/..\/..\/service\/bibliothek#dioz\" target=\"_blank\" rel=\"noopener noreferrer\"><i class=\"fa fa-book\"><\/i> dioz\u00f6sische<\/a> Gattung.<\/p>\n<div class=\"intextl\"><a class=\"lupe200\" title=\"Nepenthes-Hybride (Nepenthes spec.).\" href=\"..\/..\/..\/..\/..\/images\/carnivorous\/nep2.jpg\" data-gallery=\"\"><img decoding=\"async\" src=\"..\/..\/..\/..\/..\/images\/carnivorous\/nep2s.jpg\" alt=\"Nepenthes-Hybride (Nepenthes spec.).\" width=\"200\" height=\"200\" \/><span><\/span><\/a><\/div>\n<p>Prinzipiell k\u00f6nnen die Kannenpflanzen in zwei gro\u00dfer Gruppen unterschieden werden, was vor allem entscheidende Bedeutung f\u00fcr deren Kultur hat. Einerseits existieren Tiefland-Nepenthes, die unter 1000 m H\u00f6he vorkommen und komplett warm und luftfeucht stehen m\u00f6chten. Andererseits existieren Hochland-Nepenthes, die jenseits 1000 m H\u00f6he wachsen. Diese Arten ben\u00f6tigen eine Nachtabsenkung der Temperaturen.<\/p>\n<p>Die \u00fcberwiegende Zahl der Kannenpflanzen w\u00e4chst terrestrisch, nur wenige <a href=\"..\/..\/..\/..\/service\/bibliothek#epiph\" target=\"_blank\" rel=\"noopener noreferrer\"><i class=\"fa fa-book\"><\/i> epiphytisch<\/a>. Zun\u00e4chst wird ein Rosette mit Bodenkannen gebildet. Im Alter bildet die Pflanze eine lianenartige Ranke aus. Dabei wird der <a href=\"..\/..\/..\/..\/service\/bibliothek#inter\" target=\"_blank\" rel=\"noopener noreferrer\"><i class=\"fa fa-book\"><\/i> Internodienabstand<\/a> gr\u00f6\u00dfer. Viele Arten bilden nun Hochkannen, die teils sich deutlich von den Bodenkannen unterscheiden. Botanisch gesehen handelt es sich bei den bedeckelten Kannen um umgewandelte Bl\u00e4tter, die vermeintlichen Bl\u00e4tter der Kannenpflanzen geh\u00f6ren zu dem eigentlichen Blattstiel. Die Kannen wachsen zun\u00e4chst geschlossen als Blase heran, sobald sich der Deckel \u00f6ffnet, ist die Kanne weitestgehend ausgewachsen und bereits mit enzymreicher Fl\u00fcssigkeit gef\u00fcllt. Der Deckel ist nach der \u00d6ffnung unbeweglich. Die Kannengr\u00f6\u00dfe liegt je nach Art zwischen 3 \u2013 50 cm.<\/p>\n<\/div><div class=\"fusion-title title fusion-title-3 fusion-title-text fusion-title-size-two\"><h2 class=\"fusion-title-heading title-heading-left\" style=\"margin:0;\">Fallenmechanismus<\/h2><span class=\"awb-title-spacer\"><\/span><div class=\"title-sep-container\"><div class=\"title-sep sep-single sep-solid\" style=\"border-color:#3e3e3e;\"><\/div><\/div><\/div><div class=\"fusion-text fusion-text-2\"><div class=\"intextr\"><a class=\"lupe200\" title=\"Nepenthes-Hybride (Nepenthes spec.).\" href=\"..\/..\/..\/..\/..\/images\/carnivorous\/nep1.jpg\" data-gallery=\"\"><img decoding=\"async\" src=\"..\/..\/..\/..\/..\/images\/carnivorous\/nep1s.jpg\" alt=\"Nepenthes-Hybride (Nepenthes spec.).\" width=\"200\" height=\"200\" \/><span><\/span><\/a><\/div>\n<p>Der prinzipielle Fallenmechanismus wurde bereits auf der <a class=\"link\" href=\"http:\/\/www.fancyplants.de\/content\/carni\/grube.htm\">vorherigen Seite<\/a> ausf\u00fchrlich beschrieben. Der Blattstiel mit der Verbreiterung im Sinne eines Blattes geht in eine Ranke \u00fcber, an deren vorderem Ende sich die Kanne entwickelt. Diese entwickelt sich zun\u00e4chst als geschlossene Blase. Kurz bevor sich der Deckel \u00f6ffnet, ist die Kanne bereits mit Fl\u00fcssigkeit und Enzymen gef\u00fcllt. Der Deckel ist nach der \u00d6ffnung unbeweglich, die Insekten werden durch eine Nektarproduktion im Bereich der Deckelunterseite und im Bereich des \n<a href=\"..\/..\/..\/..\/service\/bibliothek#Peristom\" target=\"_blank\" rel=\"noopener noreferrer\"><i class=\"fa fa-book\"><\/i> Peristoms<\/a> angelockt. Dieses ist glatt und h\u00e4ngt nach innen oft deutlich als Kragen \u00fcber. Das Falleninnere ist durch eine glatte Wachsschicht \u00fcberzogen. Die Insekten st\u00fcrzen vom glatten Peristom ab und ertrinken in der Kannenfl\u00fcssigkeit. Das Entkommen wird durch die Wachsschicht sowie dem \u00fcberh\u00e4ngenden Peristom verhindert.<\/p>\n<\/div><div class=\"fusion-title title fusion-title-4 fusion-title-text fusion-title-size-two\"><h2 class=\"fusion-title-heading title-heading-left\" style=\"margin:0;\">Kultur und Vermehrung<\/h2><span class=\"awb-title-spacer\"><\/span><div class=\"title-sep-container\"><div class=\"title-sep sep-single sep-solid\" style=\"border-color:#3e3e3e;\"><\/div><\/div><\/div><div class=\"fusion-text fusion-text-3\"><div class=\"intextl\"><a class=\"lupe200\" title=\"Nepenthes-Hybride (Nepenthes spec.).\" href=\"..\/..\/..\/..\/..\/images\/carnivorous\/nep3.jpg\" data-gallery=\"\"><img decoding=\"async\" src=\"..\/..\/..\/..\/..\/images\/carnivorous\/nep3s.jpg\" alt=\"Nepenthes-Hybride (Nepenthes spec.).\" width=\"200\" height=\"200\" \/><span><\/span><\/a><\/div>\n<p>Die Kannenpflanzen sind keine Anf\u00e4ngerpflanzen. Als Regenwaldbewohner w\u00fcnschen alle Arten eine hohe Luftfeuchtigkeit (mind. &gt; 75%) sowie viel Licht. Tiefland-Nepenthes w\u00fcnschen ganzj\u00e4hrig tags\u00fcber Temperaturen zwischen 25 &#8211; 35 \u00b0C. Nachts sollten die Temperaturen nicht unter 20 \u00b0C fallen. Die Hochland-Nepenthes w\u00fcnschen hingegen geringere Temperaturen mit einer deutlichen Nachtabsenkung. Tags\u00fcber sollten die Temperaturen nicht \u00fcber 25 \u00b0C und nachts nicht \u00fcber 16 \u00b0C liegen. Kannenpflanzen k\u00f6nnen daher eigentlich nur unter Glas auf Dauer erfolgreich kultiviert werden. Da Kannenpflanzen ein auf Staun\u00e4sse empfindliches Wurzelsystem besitzen, sollte das Substrat zwar st\u00e4ndig feucht gehalten werden, aber nie richtig nass. Eine Anstaubew\u00e4sserung ist somit ungeeignet. Das Substrat muss luft- und wasserdurchl\u00e4ssig sein. Es empfiehlt sich eine lockere Mischung, die zum Beispiel aus Wei\u00dftorf, Quarzsand, Seramis, Rindenst\u00fccke, Perlite, Styroporflocken oder Sphagnum zusammengemischt werden kann.<\/p>\n<div class=\"intextr\"><a class=\"lupe200\" title=\"Nepenthes-Hybride (Nepenthes spec.).\" href=\"..\/..\/..\/..\/..\/images\/carnivorous\/nep4.jpg\" data-gallery=\"\"><img decoding=\"async\" src=\"..\/..\/..\/..\/..\/images\/carnivorous\/nep4s.jpg\" alt=\"Nepenthes-Hybride (Nepenthes spec.).\" width=\"200\" height=\"200\" \/><span><\/span><\/a><\/div>\n<p>Die generative Vermehrung ist schwierig. Samen sind nur selten zu bekommen und nur kurz keimf\u00e4hig. Besser ist die Vermehrung mittels Kopfstecklingen. Diese bewurzeln unter hoher Luftfeuchtigkeit und bei gleichm\u00e4\u00dfig feuchtem Substrat relativ z\u00fcgig.<\/p>\n<p><u>Gr\u00fcnde f\u00fcr eine ausbleibende Kannenbildung<\/u><\/p>\n<p><b>1. Zu niedrige Luftfeuchtigkeit:<\/b> Unterste Grenze bei fast allen Arten ist eine Luftfeuchtigkeit konstant &gt; 75%. Nur einige Hybriden produzieren auch bei niedrigeren Werten regelm\u00e4\u00dfig Kannen.<\/p>\n<p><b>2. Zu wenig Licht:<\/b> Kannenpflanzen wollen einen hellen Standort ohne direkte Sonneneinstrahlung. Bei zu wenig Licht werden keine Kannen gebildet.<\/p>\n<p><b>3. Fehlender Kontaktreiz:<\/b> Manche Arten produzieren nur bei einem Kontaktreiz der Ranke Kannen. Diese Arten ben\u00f6tigen ein Kletterger\u00fcst. Nur wenn sich die Ranke irgendwo anlehnen kann, wird auch eine Kanne produziert.<\/p>\n<\/div><div class=\"fusion-clearfix\"><\/div><\/div><\/div><\/div><\/div>","protected":false},"excerpt":{"rendered":"","protected":false},"author":1,"featured_media":0,"parent":341,"menu_order":0,"comment_status":"open","ping_status":"open","template":"","meta":{"footnotes":""},"class_list":["post-412","page","type-page","status-publish","hentry"],"yoast_head":"<!-- This site is optimized with the Yoast SEO plugin v26.9 - https:\/\/yoast.com\/product\/yoast-seo-wordpress\/ -->\n<title>Kannenpflanze (Nepenthes) - Fancy Plants - Deutsch<\/title>\n<meta name=\"description\" content=\"Sie finden hier ein Portr\u00e4t der Kannenpflanze (Nepenthes) inklusive Pflanzenbeschreibung, Verbreitung, Fallenmechanismus und Kulturanleitung.\" \/>\n<meta name=\"robots\" content=\"index, follow, max-snippet:-1, max-image-preview:large, max-video-preview:-1\" \/>\n<link rel=\"canonical\" href=\"http:\/\/www.fancyplants.de\/de\/carnihome\/arten\/grube\/nepenthes\/\" \/>\n<meta property=\"og:locale\" content=\"de_DE\" \/>\n<meta property=\"og:type\" content=\"article\" \/>\n<meta property=\"og:title\" content=\"Kannenpflanze (Nepenthes) - Fancy Plants - Deutsch\" \/>\n<meta property=\"og:description\" content=\"Sie finden hier ein Portr\u00e4t der Kannenpflanze (Nepenthes) inklusive Pflanzenbeschreibung, Verbreitung, Fallenmechanismus und Kulturanleitung.\" \/>\n<meta property=\"og:url\" content=\"http:\/\/www.fancyplants.de\/de\/carnihome\/arten\/grube\/nepenthes\/\" \/>\n<meta property=\"og:site_name\" content=\"Fancy Plants - Deutsch\" \/>\n<meta property=\"article:modified_time\" content=\"2019-10-15T06:51:10+00:00\" \/>\n<meta name=\"twitter:card\" content=\"summary_large_image\" \/>\n<meta name=\"twitter:label1\" content=\"Gesch\u00e4tzte Lesezeit\" \/>\n\t<meta name=\"twitter:data1\" content=\"4\u00a0Minuten\" \/>\n<script type=\"application\/ld+json\" class=\"yoast-schema-graph\">{\"@context\":\"https:\/\/schema.org\",\"@graph\":[{\"@type\":\"WebPage\",\"@id\":\"http:\/\/www.fancyplants.de\/de\/carnihome\/arten\/grube\/nepenthes\/\",\"url\":\"http:\/\/www.fancyplants.de\/de\/carnihome\/arten\/grube\/nepenthes\/\",\"name\":\"Kannenpflanze (Nepenthes) - Fancy Plants - Deutsch\",\"isPartOf\":{\"@id\":\"http:\/\/www.fancyplants.de\/de\/#website\"},\"datePublished\":\"2015-06-20T10:16:08+00:00\",\"dateModified\":\"2019-10-15T06:51:10+00:00\",\"description\":\"Sie finden hier ein Portr\u00e4t der Kannenpflanze (Nepenthes) inklusive Pflanzenbeschreibung, Verbreitung, Fallenmechanismus und Kulturanleitung.\",\"breadcrumb\":{\"@id\":\"http:\/\/www.fancyplants.de\/de\/carnihome\/arten\/grube\/nepenthes\/#breadcrumb\"},\"inLanguage\":\"de\",\"potentialAction\":[{\"@type\":\"ReadAction\",\"target\":[\"http:\/\/www.fancyplants.de\/de\/carnihome\/arten\/grube\/nepenthes\/\"]}]},{\"@type\":\"BreadcrumbList\",\"@id\":\"http:\/\/www.fancyplants.de\/de\/carnihome\/arten\/grube\/nepenthes\/#breadcrumb\",\"itemListElement\":[{\"@type\":\"ListItem\",\"position\":1,\"name\":\"Home\",\"item\":\"http:\/\/www.fancyplants.de\/de\/\"},{\"@type\":\"ListItem\",\"position\":2,\"name\":\"Insektivoren\",\"item\":\"http:\/\/www.fancyplants.de\/de\/carnihome\/\"},{\"@type\":\"ListItem\",\"position\":3,\"name\":\"Arten\",\"item\":\"http:\/\/www.fancyplants.de\/de\/carnihome\/arten\/\"},{\"@type\":\"ListItem\",\"position\":4,\"name\":\"Grubenfallen\",\"item\":\"http:\/\/www.fancyplants.de\/de\/carnihome\/arten\/grube\/\"},{\"@type\":\"ListItem\",\"position\":5,\"name\":\"Kannenpflanze (Nepenthes)\"}]},{\"@type\":\"WebSite\",\"@id\":\"http:\/\/www.fancyplants.de\/de\/#website\",\"url\":\"http:\/\/www.fancyplants.de\/de\/\",\"name\":\"Fancy Plants - Deutsch\",\"description\":\"Eine weitere WordPress-Seite\",\"potentialAction\":[{\"@type\":\"SearchAction\",\"target\":{\"@type\":\"EntryPoint\",\"urlTemplate\":\"http:\/\/www.fancyplants.de\/de\/?s={search_term_string}\"},\"query-input\":{\"@type\":\"PropertyValueSpecification\",\"valueRequired\":true,\"valueName\":\"search_term_string\"}}],\"inLanguage\":\"de\"}]}<\/script>\n<!-- \/ Yoast SEO plugin. -->","yoast_head_json":{"title":"Kannenpflanze (Nepenthes) - Fancy Plants - Deutsch","description":"Sie finden hier ein Portr\u00e4t der Kannenpflanze (Nepenthes) inklusive Pflanzenbeschreibung, Verbreitung, Fallenmechanismus und Kulturanleitung.","robots":{"index":"index","follow":"follow","max-snippet":"max-snippet:-1","max-image-preview":"max-image-preview:large","max-video-preview":"max-video-preview:-1"},"canonical":"http:\/\/www.fancyplants.de\/de\/carnihome\/arten\/grube\/nepenthes\/","og_locale":"de_DE","og_type":"article","og_title":"Kannenpflanze (Nepenthes) - Fancy Plants - Deutsch","og_description":"Sie finden hier ein Portr\u00e4t der Kannenpflanze (Nepenthes) inklusive Pflanzenbeschreibung, Verbreitung, Fallenmechanismus und Kulturanleitung.","og_url":"http:\/\/www.fancyplants.de\/de\/carnihome\/arten\/grube\/nepenthes\/","og_site_name":"Fancy Plants - Deutsch","article_modified_time":"2019-10-15T06:51:10+00:00","twitter_card":"summary_large_image","twitter_misc":{"Gesch\u00e4tzte Lesezeit":"4\u00a0Minuten"},"schema":{"@context":"https:\/\/schema.org","@graph":[{"@type":"WebPage","@id":"http:\/\/www.fancyplants.de\/de\/carnihome\/arten\/grube\/nepenthes\/","url":"http:\/\/www.fancyplants.de\/de\/carnihome\/arten\/grube\/nepenthes\/","name":"Kannenpflanze (Nepenthes) - Fancy Plants - Deutsch","isPartOf":{"@id":"http:\/\/www.fancyplants.de\/de\/#website"},"datePublished":"2015-06-20T10:16:08+00:00","dateModified":"2019-10-15T06:51:10+00:00","description":"Sie finden hier ein Portr\u00e4t der Kannenpflanze (Nepenthes) inklusive Pflanzenbeschreibung, Verbreitung, Fallenmechanismus und Kulturanleitung.","breadcrumb":{"@id":"http:\/\/www.fancyplants.de\/de\/carnihome\/arten\/grube\/nepenthes\/#breadcrumb"},"inLanguage":"de","potentialAction":[{"@type":"ReadAction","target":["http:\/\/www.fancyplants.de\/de\/carnihome\/arten\/grube\/nepenthes\/"]}]},{"@type":"BreadcrumbList","@id":"http:\/\/www.fancyplants.de\/de\/carnihome\/arten\/grube\/nepenthes\/#breadcrumb","itemListElement":[{"@type":"ListItem","position":1,"name":"Home","item":"http:\/\/www.fancyplants.de\/de\/"},{"@type":"ListItem","position":2,"name":"Insektivoren","item":"http:\/\/www.fancyplants.de\/de\/carnihome\/"},{"@type":"ListItem","position":3,"name":"Arten","item":"http:\/\/www.fancyplants.de\/de\/carnihome\/arten\/"},{"@type":"ListItem","position":4,"name":"Grubenfallen","item":"http:\/\/www.fancyplants.de\/de\/carnihome\/arten\/grube\/"},{"@type":"ListItem","position":5,"name":"Kannenpflanze (Nepenthes)"}]},{"@type":"WebSite","@id":"http:\/\/www.fancyplants.de\/de\/#website","url":"http:\/\/www.fancyplants.de\/de\/","name":"Fancy Plants - Deutsch","description":"Eine weitere WordPress-Seite","potentialAction":[{"@type":"SearchAction","target":{"@type":"EntryPoint","urlTemplate":"http:\/\/www.fancyplants.de\/de\/?s={search_term_string}"},"query-input":{"@type":"PropertyValueSpecification","valueRequired":true,"valueName":"search_term_string"}}],"inLanguage":"de"}]}},"_links":{"self":[{"href":"http:\/\/www.fancyplants.de\/de\/wp-json\/wp\/v2\/pages\/412","targetHints":{"allow":["GET"]}}],"collection":[{"href":"http:\/\/www.fancyplants.de\/de\/wp-json\/wp\/v2\/pages"}],"about":[{"href":"http:\/\/www.fancyplants.de\/de\/wp-json\/wp\/v2\/types\/page"}],"author":[{"embeddable":true,"href":"http:\/\/www.fancyplants.de\/de\/wp-json\/wp\/v2\/users\/1"}],"replies":[{"embeddable":true,"href":"http:\/\/www.fancyplants.de\/de\/wp-json\/wp\/v2\/comments?post=412"}],"version-history":[{"count":1,"href":"http:\/\/www.fancyplants.de\/de\/wp-json\/wp\/v2\/pages\/412\/revisions"}],"predecessor-version":[{"id":3066,"href":"http:\/\/www.fancyplants.de\/de\/wp-json\/wp\/v2\/pages\/412\/revisions\/3066"}],"up":[{"embeddable":true,"href":"http:\/\/www.fancyplants.de\/de\/wp-json\/wp\/v2\/pages\/341"}],"wp:attachment":[{"href":"http:\/\/www.fancyplants.de\/de\/wp-json\/wp\/v2\/media?parent=412"}],"curies":[{"name":"wp","href":"https:\/\/api.w.org\/{rel}","templated":true}]}}