{"id":410,"date":"2015-06-20T12:15:10","date_gmt":"2015-06-20T10:15:10","guid":{"rendered":"http:\/\/www.fancyplants.de\/de\/?page_id=410"},"modified":"2019-10-15T08:51:10","modified_gmt":"2019-10-15T06:51:10","slug":"dionaea","status":"publish","type":"page","link":"http:\/\/www.fancyplants.de\/de\/carnihome\/arten\/klappe\/dionaea\/","title":{"rendered":"Venusfliegenfalle (Dionaea muscipula)"},"content":{"rendered":"<div class=\"fusion-fullwidth fullwidth-box fusion-builder-row-1 hundred-percent-fullwidth non-hundred-percent-height-scrolling\" style=\"--awb-border-radius-top-left:0px;--awb-border-radius-top-right:0px;--awb-border-radius-bottom-right:0px;--awb-border-radius-bottom-left:0px;--awb-overflow:visible;--awb-flex-wrap:wrap;\" ><div class=\"fusion-builder-row fusion-row\"><div class=\"fusion-layout-column fusion_builder_column fusion-builder-column-0 fusion_builder_column_1_1 1_1 fusion-one-full fusion-column-first fusion-column-last\" style=\"--awb-bg-size:cover;\"><div class=\"fusion-column-wrapper fusion-flex-column-wrapper-legacy\"><div class=\"fusion-title title fusion-title-1 fusion-title-text fusion-title-size-one\"><h1 class=\"fusion-title-heading title-heading-left\" style=\"margin:0;\">Venusfliegenfalle (<i>Dionaea muscipula<\/i>)<\/h1><span class=\"awb-title-spacer\"><\/span><div class=\"title-sep-container\"><div class=\"title-sep sep-single sep-solid\" style=\"border-color:#3e3e3e;\"><\/div><\/div><\/div><div class=\"fusion-title title fusion-title-2 fusion-title-text fusion-title-size-two\"><h2 class=\"fusion-title-heading title-heading-left\" style=\"margin:0;\">Im \u00dcberblick<\/h2><span class=\"awb-title-spacer\"><\/span><div class=\"title-sep-container\"><div class=\"title-sep sep-single sep-solid\" style=\"border-color:#3e3e3e;\"><\/div><\/div><\/div><div class=\"fusion-text fusion-text-1\"><div class=\"intextr\"><a class=\"lupe200\" title=\"Venusfliegenfalle (Dionaea muscipula 'red').\" href=\"..\/..\/..\/..\/..\/images\/carnivorous\/dionaeared.jpg\" data-gallery=\"\"><img decoding=\"async\" src=\"..\/..\/..\/..\/..\/images\/carnivorous\/dionaeareds.jpg\" alt=\"Venusfliegenfalle (Dionaea muscipula 'red').\" width=\"200\" height=\"200\" \/><span><\/span><\/a><\/div>\n<p>Die Gattung <i>Dionaea<\/i> ist monotypisch, d.h. sie besteht aus nur einer Art, n\u00e4mlich <i>Dionaea muscipula<\/i>. <i>Dionaea muscipula<\/i> ist neben <a class=\"link\" href=\"..\/aldrovanda\"><i>Aldrovanda vesiculosa<\/i> (Wasserfalle)<\/a> die einzige Pflanze mit Klappfallen. Das Blattende besteht aus zwei, ungef\u00e4hr je drei Zentimeter langen H\u00e4lften, die jeweils drei F\u00fchlborsten aufweisen. Wird eine F\u00fchlborste binnen 20 Sekunden zweimal gereizt, so klappen die zwei Blatth\u00e4lften unter optimalen Bedingungen innerhalb von 0,05 Sekunden zusammen und fangen somit das Beutetier. Die anschlie\u00dfende Verdauungsvorgang dauert mehrere Tage. Sie bildet im Sommer zahlreiche, ungef\u00e4hr ein Zentimeter durchmessende, wei\u00dfe Bl\u00fcten aus. Sie stammt aus dem Osten der USA (North and South Carolina) und ist bedingt winterhart.<\/p>\n<\/div><div class=\"fusion-title title fusion-title-3 fusion-title-text fusion-title-size-two\"><h2 class=\"fusion-title-heading title-heading-left\" style=\"margin:0;\">Fallenmechanismus<\/h2><span class=\"awb-title-spacer\"><\/span><div class=\"title-sep-container\"><div class=\"title-sep sep-single sep-solid\" style=\"border-color:#3e3e3e;\"><\/div><\/div><\/div><div class=\"fusion-text fusion-text-2\"><p>Der Fallenmechanismus wurde bereits auf der <a class=\"link\" href=\"..\/..\/klappe\">vorherigen Seite<\/a> ausf\u00fchrlich beschrieben.<\/p>\n<\/div><div class=\"fusion-title title fusion-title-4 fusion-title-text fusion-title-size-two\"><h2 class=\"fusion-title-heading title-heading-left\" style=\"margin:0;\">Kultur und Vermehrung<\/h2><span class=\"awb-title-spacer\"><\/span><div class=\"title-sep-container\"><div class=\"title-sep sep-single sep-solid\" style=\"border-color:#3e3e3e;\"><\/div><\/div><\/div><div class=\"fusion-text fusion-text-3\"><p>Die Kultur und Anzucht von <i>Dionaea muscipula<\/i> ist relativ einfach. Auch Anf\u00e4nger haben mit dieser Art meist keine Probleme. Als Substrat empfiehlt sich unged\u00fcngter Wei\u00dftorf, gew\u00e4ssert wird in Anstaubew\u00e4sserung (permanent ein \u2013 zwei Zentimeter Regenwasser im Untersetzer). Ein heller Standort sagt ihr zu. Eine ganzj\u00e4hrige Kultur auf dem Fensterbrett ist m\u00f6glich, im Winter sollte ihr jedoch ein k\u00fchlerer Standort geboten werden. Optimal ist eine ganzj\u00e4hrige Kultur im Freien (Moorbeet, Teichrand) mit Frostschutz im Winter (Laubabdeckung).<\/p>\n<p>Die Venusfliegenfalle l\u00e4sst sich sowohl generativ als auch vegetativ gut vermehren. Samen werden relativ leicht angesetzt. Diese als Lichtkeimer auf das Substrat auss\u00e4en und den Torf fortan gleichm\u00e4\u00dfig feucht halten. An einem hellen und warmen Standort setzt z\u00fcgig die Keimung ein. Es dauert allerdings Jahre bis aus dem S\u00e4mling eine bl\u00fchf\u00e4hige Pflanze herangewachsen ist.<\/p>\n<p>Sehr alte Pflanzen bilden aus dem unterirdischen Rhizom teils mehrere Vegetationszentren. Die Pflanzen k\u00f6nnen vorsichtig geteilt werden. Daneben l\u00e4sst sich die Venusfliegenfalle gut \u00fcber Blattstecklinge vermehren. Zupfen Sie zur Stecklingsvermehrung ein Blatt samt wei\u00dfem Stielansatz vorsichtig vom Rhizom ab. Anschlie\u00dfend geben Sie das Blatt leicht schr\u00e4g in feuchten Torf. An einem luftfeuchten, warmen und hellen aber vor direktem Sonnenlicht gesch\u00fctzten Standort erscheint nach wenigen Wochen ein kleiner Steckling.<\/p>\n<\/div><div class=\"fusion-clearfix\"><\/div><\/div><\/div><\/div><\/div>","protected":false},"excerpt":{"rendered":"","protected":false},"author":1,"featured_media":0,"parent":343,"menu_order":0,"comment_status":"open","ping_status":"open","template":"","meta":{"footnotes":""},"class_list":["post-410","page","type-page","status-publish","hentry"],"yoast_head":"<!-- This site is optimized with the Yoast SEO plugin v26.9 - https:\/\/yoast.com\/product\/yoast-seo-wordpress\/ -->\n<title>Venusfliegenfalle (Dionaea muscipula) - Fancy Plants - Deutsch<\/title>\n<meta name=\"description\" content=\"Sie finden hier ein Portr\u00e4t der Venusfliegenfalle (Dionaea muscipula) inklusive Pflanzenbeschreibung, Verbreitung, Fallenmechanismus und Kulturanleitung.\" \/>\n<meta name=\"robots\" content=\"index, follow, max-snippet:-1, max-image-preview:large, max-video-preview:-1\" \/>\n<link rel=\"canonical\" href=\"http:\/\/www.fancyplants.de\/de\/carnihome\/arten\/klappe\/dionaea\/\" \/>\n<meta property=\"og:locale\" content=\"de_DE\" \/>\n<meta property=\"og:type\" content=\"article\" \/>\n<meta property=\"og:title\" content=\"Venusfliegenfalle (Dionaea muscipula) - Fancy Plants - Deutsch\" \/>\n<meta property=\"og:description\" content=\"Sie finden hier ein Portr\u00e4t der Venusfliegenfalle (Dionaea muscipula) inklusive Pflanzenbeschreibung, Verbreitung, Fallenmechanismus und Kulturanleitung.\" \/>\n<meta property=\"og:url\" content=\"http:\/\/www.fancyplants.de\/de\/carnihome\/arten\/klappe\/dionaea\/\" \/>\n<meta property=\"og:site_name\" content=\"Fancy Plants - Deutsch\" \/>\n<meta property=\"article:modified_time\" content=\"2019-10-15T06:51:10+00:00\" \/>\n<meta name=\"twitter:card\" content=\"summary_large_image\" \/>\n<meta name=\"twitter:label1\" content=\"Gesch\u00e4tzte Lesezeit\" \/>\n\t<meta name=\"twitter:data1\" content=\"2\u00a0Minuten\" \/>\n<script type=\"application\/ld+json\" class=\"yoast-schema-graph\">{\"@context\":\"https:\/\/schema.org\",\"@graph\":[{\"@type\":\"WebPage\",\"@id\":\"http:\/\/www.fancyplants.de\/de\/carnihome\/arten\/klappe\/dionaea\/\",\"url\":\"http:\/\/www.fancyplants.de\/de\/carnihome\/arten\/klappe\/dionaea\/\",\"name\":\"Venusfliegenfalle (Dionaea muscipula) - Fancy Plants - Deutsch\",\"isPartOf\":{\"@id\":\"http:\/\/www.fancyplants.de\/de\/#website\"},\"datePublished\":\"2015-06-20T10:15:10+00:00\",\"dateModified\":\"2019-10-15T06:51:10+00:00\",\"description\":\"Sie finden hier ein Portr\u00e4t der Venusfliegenfalle (Dionaea muscipula) inklusive Pflanzenbeschreibung, Verbreitung, Fallenmechanismus und Kulturanleitung.\",\"breadcrumb\":{\"@id\":\"http:\/\/www.fancyplants.de\/de\/carnihome\/arten\/klappe\/dionaea\/#breadcrumb\"},\"inLanguage\":\"de\",\"potentialAction\":[{\"@type\":\"ReadAction\",\"target\":[\"http:\/\/www.fancyplants.de\/de\/carnihome\/arten\/klappe\/dionaea\/\"]}]},{\"@type\":\"BreadcrumbList\",\"@id\":\"http:\/\/www.fancyplants.de\/de\/carnihome\/arten\/klappe\/dionaea\/#breadcrumb\",\"itemListElement\":[{\"@type\":\"ListItem\",\"position\":1,\"name\":\"Home\",\"item\":\"http:\/\/www.fancyplants.de\/de\/\"},{\"@type\":\"ListItem\",\"position\":2,\"name\":\"Insektivoren\",\"item\":\"http:\/\/www.fancyplants.de\/de\/carnihome\/\"},{\"@type\":\"ListItem\",\"position\":3,\"name\":\"Arten\",\"item\":\"http:\/\/www.fancyplants.de\/de\/carnihome\/arten\/\"},{\"@type\":\"ListItem\",\"position\":4,\"name\":\"Klappfallen\",\"item\":\"http:\/\/www.fancyplants.de\/de\/carnihome\/arten\/klappe\/\"},{\"@type\":\"ListItem\",\"position\":5,\"name\":\"Venusfliegenfalle (Dionaea muscipula)\"}]},{\"@type\":\"WebSite\",\"@id\":\"http:\/\/www.fancyplants.de\/de\/#website\",\"url\":\"http:\/\/www.fancyplants.de\/de\/\",\"name\":\"Fancy Plants - Deutsch\",\"description\":\"Eine weitere WordPress-Seite\",\"potentialAction\":[{\"@type\":\"SearchAction\",\"target\":{\"@type\":\"EntryPoint\",\"urlTemplate\":\"http:\/\/www.fancyplants.de\/de\/?s={search_term_string}\"},\"query-input\":{\"@type\":\"PropertyValueSpecification\",\"valueRequired\":true,\"valueName\":\"search_term_string\"}}],\"inLanguage\":\"de\"}]}<\/script>\n<!-- \/ Yoast SEO plugin. -->","yoast_head_json":{"title":"Venusfliegenfalle (Dionaea muscipula) - Fancy Plants - Deutsch","description":"Sie finden hier ein Portr\u00e4t der Venusfliegenfalle (Dionaea muscipula) inklusive Pflanzenbeschreibung, Verbreitung, Fallenmechanismus und Kulturanleitung.","robots":{"index":"index","follow":"follow","max-snippet":"max-snippet:-1","max-image-preview":"max-image-preview:large","max-video-preview":"max-video-preview:-1"},"canonical":"http:\/\/www.fancyplants.de\/de\/carnihome\/arten\/klappe\/dionaea\/","og_locale":"de_DE","og_type":"article","og_title":"Venusfliegenfalle (Dionaea muscipula) - Fancy Plants - Deutsch","og_description":"Sie finden hier ein Portr\u00e4t der Venusfliegenfalle (Dionaea muscipula) inklusive Pflanzenbeschreibung, Verbreitung, Fallenmechanismus und Kulturanleitung.","og_url":"http:\/\/www.fancyplants.de\/de\/carnihome\/arten\/klappe\/dionaea\/","og_site_name":"Fancy Plants - Deutsch","article_modified_time":"2019-10-15T06:51:10+00:00","twitter_card":"summary_large_image","twitter_misc":{"Gesch\u00e4tzte Lesezeit":"2\u00a0Minuten"},"schema":{"@context":"https:\/\/schema.org","@graph":[{"@type":"WebPage","@id":"http:\/\/www.fancyplants.de\/de\/carnihome\/arten\/klappe\/dionaea\/","url":"http:\/\/www.fancyplants.de\/de\/carnihome\/arten\/klappe\/dionaea\/","name":"Venusfliegenfalle (Dionaea muscipula) - Fancy Plants - Deutsch","isPartOf":{"@id":"http:\/\/www.fancyplants.de\/de\/#website"},"datePublished":"2015-06-20T10:15:10+00:00","dateModified":"2019-10-15T06:51:10+00:00","description":"Sie finden hier ein Portr\u00e4t der Venusfliegenfalle (Dionaea muscipula) inklusive Pflanzenbeschreibung, Verbreitung, Fallenmechanismus und Kulturanleitung.","breadcrumb":{"@id":"http:\/\/www.fancyplants.de\/de\/carnihome\/arten\/klappe\/dionaea\/#breadcrumb"},"inLanguage":"de","potentialAction":[{"@type":"ReadAction","target":["http:\/\/www.fancyplants.de\/de\/carnihome\/arten\/klappe\/dionaea\/"]}]},{"@type":"BreadcrumbList","@id":"http:\/\/www.fancyplants.de\/de\/carnihome\/arten\/klappe\/dionaea\/#breadcrumb","itemListElement":[{"@type":"ListItem","position":1,"name":"Home","item":"http:\/\/www.fancyplants.de\/de\/"},{"@type":"ListItem","position":2,"name":"Insektivoren","item":"http:\/\/www.fancyplants.de\/de\/carnihome\/"},{"@type":"ListItem","position":3,"name":"Arten","item":"http:\/\/www.fancyplants.de\/de\/carnihome\/arten\/"},{"@type":"ListItem","position":4,"name":"Klappfallen","item":"http:\/\/www.fancyplants.de\/de\/carnihome\/arten\/klappe\/"},{"@type":"ListItem","position":5,"name":"Venusfliegenfalle (Dionaea muscipula)"}]},{"@type":"WebSite","@id":"http:\/\/www.fancyplants.de\/de\/#website","url":"http:\/\/www.fancyplants.de\/de\/","name":"Fancy Plants - Deutsch","description":"Eine weitere WordPress-Seite","potentialAction":[{"@type":"SearchAction","target":{"@type":"EntryPoint","urlTemplate":"http:\/\/www.fancyplants.de\/de\/?s={search_term_string}"},"query-input":{"@type":"PropertyValueSpecification","valueRequired":true,"valueName":"search_term_string"}}],"inLanguage":"de"}]}},"_links":{"self":[{"href":"http:\/\/www.fancyplants.de\/de\/wp-json\/wp\/v2\/pages\/410","targetHints":{"allow":["GET"]}}],"collection":[{"href":"http:\/\/www.fancyplants.de\/de\/wp-json\/wp\/v2\/pages"}],"about":[{"href":"http:\/\/www.fancyplants.de\/de\/wp-json\/wp\/v2\/types\/page"}],"author":[{"embeddable":true,"href":"http:\/\/www.fancyplants.de\/de\/wp-json\/wp\/v2\/users\/1"}],"replies":[{"embeddable":true,"href":"http:\/\/www.fancyplants.de\/de\/wp-json\/wp\/v2\/comments?post=410"}],"version-history":[{"count":1,"href":"http:\/\/www.fancyplants.de\/de\/wp-json\/wp\/v2\/pages\/410\/revisions"}],"predecessor-version":[{"id":3067,"href":"http:\/\/www.fancyplants.de\/de\/wp-json\/wp\/v2\/pages\/410\/revisions\/3067"}],"up":[{"embeddable":true,"href":"http:\/\/www.fancyplants.de\/de\/wp-json\/wp\/v2\/pages\/343"}],"wp:attachment":[{"href":"http:\/\/www.fancyplants.de\/de\/wp-json\/wp\/v2\/media?parent=410"}],"curies":[{"name":"wp","href":"https:\/\/api.w.org\/{rel}","templated":true}]}}