{"id":41,"date":"2015-06-15T21:47:30","date_gmt":"2015-06-15T19:47:30","guid":{"rendered":"http:\/\/www.fancyplants.de\/de\/?page_id=41"},"modified":"2019-10-24T18:35:17","modified_gmt":"2019-10-24T16:35:17","slug":"presse","status":"publish","type":"page","link":"http:\/\/www.fancyplants.de\/de\/presse\/","title":{"rendered":"Presse"},"content":{"rendered":"<div class=\"fusion-fullwidth fullwidth-box fusion-builder-row-1 hundred-percent-fullwidth non-hundred-percent-height-scrolling\" style=\"--awb-border-radius-top-left:0px;--awb-border-radius-top-right:0px;--awb-border-radius-bottom-right:0px;--awb-border-radius-bottom-left:0px;--awb-overflow:visible;--awb-flex-wrap:wrap;\" ><div class=\"fusion-builder-row fusion-row\"><div class=\"fusion-layout-column fusion_builder_column fusion-builder-column-0 fusion_builder_column_1_1 1_1 fusion-one-full fusion-column-first fusion-column-last\" style=\"--awb-bg-size:cover;\"><div class=\"fusion-column-wrapper fusion-flex-column-wrapper-legacy\"><div class=\"fusion-title title fusion-title-1 fusion-title-text fusion-title-size-one\"><h1 class=\"fusion-title-heading title-heading-left\" style=\"margin:0;\">Presse<\/h1><span class=\"awb-title-spacer\"><\/span><div class=\"title-sep-container\"><div class=\"title-sep sep-single sep-solid\" style=\"border-color:#3e3e3e;\"><\/div><\/div><\/div><div class=\"fusion-text fusion-text-1\"><p>Gelegentlich wird diese Homepage in der Presse erw\u00e4hnt. Die entsprechenden Artikel stelle ich auf dieser Seite mit der Erlaubnis der jeweiligen Rechteinhaber ein. Durch ein Mausklick auf das Bild wird der Zeitungsartikel als PDF-Datei in einem neuen Fenster ge\u00f6ffnet.<\/p>\n<p>Zur Anzeige der PDF-Datei ben\u00f6tigen Sie den <i>Adobe Acrobat Reader<\/i>, den Sie\u00a0<a href=\"http:\/\/get.adobe.com\/de\/reader\/\" target=\"_blank\" rel=\"noopener noreferrer\"><i class=\"fa fa-sign-out\"><\/i> hier<\/a> kostenlos herunterladen k\u00f6nnen.<\/p>\n<\/div><style type='text\/css'>.reading-box-container-1 .element-bottomshadow:before,.reading-box-container-1 .element-bottomshadow:after{opacity:0.70;}<\/style><div class=\"fusion-reading-box-container reading-box-container-1\" style=\"--awb-title-color:#ddbd73;--awb-margin-top:0px;--awb-margin-bottom:84px;\"><div class=\"reading-box element-bottomshadow\" style=\"background-color:#3e3e3e;border-width:1px;border-color:#3e3e3e;border-left-width:3px;border-left-color:var(--primary_color);border-style:solid;\"><h2>Sehr sch\u00f6ner Artikel \u00fcber den AHO Baden-W\u00fcrttemberg im Magazin 'Alblust', Ausgabe 2\/2019<\/h2><div class=\"reading-box-additional fusion-reading-box-additional\"><p>Im Regionalmagazin Alblust erschien in der Ausgabe 2\/2019 ein sehr sch\u00f6ner f\u00fcnfseitiger Artikel \u00fcber den Arbeitskreis Heimische Orchideen Baden-W\u00fcrttemberg und eine von dem Verein organisierte Orchideenexkursion auf der Ostalb. Der sch\u00f6n geschriebene Artikel vermittelt eine F\u00fclle an Informationen zu heimischen Orchideen. Im sehr lesenswerten Magazin Alblust finden sie erstklassig bebilderte, interessante Reportagen mit thematischem Bezug zur Schw\u00e4bischen Alb. <a href=\"https:\/\/www.alblust.de\/\" target=\"_blank\" rel=\"noopener noreferrer\"><i class=\"fa fa-sign-out\"><\/i> Hier<\/a> gelangen Sie zur Webseite von Alblust.<\/p>\r\n<div class=\"fusion-image-element in-legacy-container\" style=\"--awb-caption-title-font-family:var(--h2_typography-font-family);--awb-caption-title-font-weight:var(--h2_typography-font-weight);--awb-caption-title-font-style:var(--h2_typography-font-style);--awb-caption-title-size:var(--h2_typography-font-size);--awb-caption-title-transform:var(--h2_typography-text-transform);--awb-caption-title-line-height:var(--h2_typography-line-height);--awb-caption-title-letter-spacing:var(--h2_typography-letter-spacing);\"><span class=\" fusion-imageframe imageframe-none imageframe-1 hover-type-none\"><a class=\"fusion-no-lightbox\" href=\"..\/..\/pr\/Orchideen_Alblust.pdf\" target=\"_blank\" rel=\"noopener noreferrer\"><img decoding=\"async\" alt=\"Alblust 2\/2019\" src=\"..\/..\/pr\/\/art3.jpg\" class=\"img-responsive\"\/><\/a><\/span><\/div><\/div><div class=\"fusion-clearfix\"><\/div><\/div><\/div><style type='text\/css'>.reading-box-container-2 .element-bottomshadow:before,.reading-box-container-2 .element-bottomshadow:after{opacity:0.70;}<\/style><div class=\"fusion-reading-box-container reading-box-container-2\" style=\"--awb-title-color:#ddbd73;--awb-margin-top:0px;--awb-margin-bottom:84px;\"><div class=\"reading-box element-bottomshadow\" style=\"background-color:#3e3e3e;border-width:1px;border-color:#3e3e3e;border-left-width:3px;border-left-color:var(--primary_color);border-style:solid;\"><h2>Hauptartikel in der Zeitschrift 'die Drei', Ausgabe Februar 2012<\/h2><div class=\"reading-box-additional fusion-reading-box-additional\"><p>In der Zeitschrift f\u00fcr Anthroposophie in Wissenschaft, Kunst und sozialem Leben, <a href=\"http:\/\/diedrei.org\" target=\"_blank\" rel=\"noopener noreferrer\"><i class=\"fa fa-sign-out\"><\/i> die Drei<\/a>, erschien in der Ausgabe Februar 2012 von meinem Freund Thomas Hardtmuth ein Bericht \u00fcber unsere Borneoreise 2011 als Hauptartikel.<\/p>\r\n<div class=\"fusion-image-element in-legacy-container\" style=\"--awb-caption-title-font-family:var(--h2_typography-font-family);--awb-caption-title-font-weight:var(--h2_typography-font-weight);--awb-caption-title-font-style:var(--h2_typography-font-style);--awb-caption-title-size:var(--h2_typography-font-size);--awb-caption-title-transform:var(--h2_typography-text-transform);--awb-caption-title-line-height:var(--h2_typography-line-height);--awb-caption-title-letter-spacing:var(--h2_typography-letter-spacing);\"><span class=\" fusion-imageframe imageframe-none imageframe-2 hover-type-none\"><a class=\"fusion-no-lightbox\" href=\"..\/..\/pr\/diedrei.pdf\" target=\"_blank\" rel=\"noopener noreferrer\"><img decoding=\"async\" alt=\"diedrei\" src=\"..\/..\/pr\/art1.jpg\" class=\"img-responsive\"\/><\/a><\/span><\/div><\/div><div class=\"fusion-clearfix\"><\/div><\/div><\/div><style type='text\/css'>.reading-box-container-3 .element-bottomshadow:before,.reading-box-container-3 .element-bottomshadow:after{opacity:0.70;}<\/style><div class=\"fusion-reading-box-container reading-box-container-3\" style=\"--awb-title-color:#ddbd73;--awb-margin-top:0px;--awb-margin-bottom:84px;\"><div class=\"reading-box element-bottomshadow\" style=\"background-color:#3e3e3e;border-width:1px;border-color:#3e3e3e;border-left-width:3px;border-left-color:var(--primary_color);border-style:solid;\"><h2>Bericht Heidenheimer Sonntagszeitung, 07.08.2011<\/h2><div class=\"reading-box-additional fusion-reading-box-additional\"><p>Am 07.08.2011 berichtete die Heidenheimer Zeitung in ihrer Sonntagsausgabe, der Heidenheimer Sonntagszeitung, \u00fcber unsere Borneoreise 2011.<\/p>\r\n<div class=\"fusion-image-element in-legacy-container\" style=\"--awb-caption-title-font-family:var(--h2_typography-font-family);--awb-caption-title-font-weight:var(--h2_typography-font-weight);--awb-caption-title-font-style:var(--h2_typography-font-style);--awb-caption-title-size:var(--h2_typography-font-size);--awb-caption-title-transform:var(--h2_typography-text-transform);--awb-caption-title-line-height:var(--h2_typography-line-height);--awb-caption-title-letter-spacing:var(--h2_typography-letter-spacing);\"><span class=\" fusion-imageframe imageframe-none imageframe-3 hover-type-none\"><a class=\"fusion-no-lightbox\" href=\"..\/..\/pr\/hdh0811.pdf\" target=\"_blank\" rel=\"noopener noreferrer\"><img decoding=\"async\" alt=\"Heidenheimer Sonntagszeitung\" src=\"http:\/\/www.fancyplants.de\/pr\/art2.jpg\" class=\"img-responsive\"\/><\/a><\/span><\/div><\/div><div class=\"fusion-clearfix\"><\/div><\/div><\/div><div class=\"fusion-clearfix\"><\/div><\/div><\/div><\/div><\/div>","protected":false},"excerpt":{"rendered":"","protected":false},"author":1,"featured_media":0,"parent":0,"menu_order":0,"comment_status":"open","ping_status":"open","template":"","meta":{"footnotes":""},"class_list":["post-41","page","type-page","status-publish","hentry"],"yoast_head":"<!-- This site is optimized with the Yoast SEO plugin v26.9 - https:\/\/yoast.com\/product\/yoast-seo-wordpress\/ -->\n<title>Presse - Fancy Plants - Deutsch<\/title>\n<meta name=\"description\" content=\"Hier finden Sie Zeitungsartikel \u00fcber meine Homepage.\" \/>\n<meta name=\"robots\" content=\"index, follow, max-snippet:-1, max-image-preview:large, max-video-preview:-1\" \/>\n<link rel=\"canonical\" href=\"http:\/\/www.fancyplants.de\/de\/presse\/\" \/>\n<meta property=\"og:locale\" content=\"de_DE\" \/>\n<meta property=\"og:type\" content=\"article\" \/>\n<meta property=\"og:title\" content=\"Presse - Fancy Plants - Deutsch\" \/>\n<meta property=\"og:description\" content=\"Hier finden Sie Zeitungsartikel \u00fcber meine Homepage.\" \/>\n<meta property=\"og:url\" content=\"http:\/\/www.fancyplants.de\/de\/presse\/\" \/>\n<meta property=\"og:site_name\" content=\"Fancy Plants - Deutsch\" \/>\n<meta property=\"article:modified_time\" content=\"2019-10-24T16:35:17+00:00\" \/>\n<meta property=\"og:image\" content=\"http:\/\/www.fancyplants.de\/pr\/art2.jpg\" \/>\n<meta name=\"twitter:card\" content=\"summary_large_image\" \/>\n<meta name=\"twitter:label1\" content=\"Gesch\u00e4tzte Lesezeit\" \/>\n\t<meta name=\"twitter:data1\" content=\"3\u00a0Minuten\" \/>\n<script type=\"application\/ld+json\" class=\"yoast-schema-graph\">{\"@context\":\"https:\/\/schema.org\",\"@graph\":[{\"@type\":\"WebPage\",\"@id\":\"http:\/\/www.fancyplants.de\/de\/presse\/\",\"url\":\"http:\/\/www.fancyplants.de\/de\/presse\/\",\"name\":\"Presse - Fancy Plants - Deutsch\",\"isPartOf\":{\"@id\":\"http:\/\/www.fancyplants.de\/de\/#website\"},\"primaryImageOfPage\":{\"@id\":\"http:\/\/www.fancyplants.de\/de\/presse\/#primaryimage\"},\"image\":{\"@id\":\"http:\/\/www.fancyplants.de\/de\/presse\/#primaryimage\"},\"thumbnailUrl\":\"http:\/\/www.fancyplants.de\/pr\/art2.jpg\",\"datePublished\":\"2015-06-15T19:47:30+00:00\",\"dateModified\":\"2019-10-24T16:35:17+00:00\",\"description\":\"Hier finden Sie Zeitungsartikel \u00fcber meine Homepage.\",\"breadcrumb\":{\"@id\":\"http:\/\/www.fancyplants.de\/de\/presse\/#breadcrumb\"},\"inLanguage\":\"de\",\"potentialAction\":[{\"@type\":\"ReadAction\",\"target\":[\"http:\/\/www.fancyplants.de\/de\/presse\/\"]}]},{\"@type\":\"ImageObject\",\"inLanguage\":\"de\",\"@id\":\"http:\/\/www.fancyplants.de\/de\/presse\/#primaryimage\",\"url\":\"http:\/\/www.fancyplants.de\/pr\/art2.jpg\",\"contentUrl\":\"http:\/\/www.fancyplants.de\/pr\/art2.jpg\"},{\"@type\":\"BreadcrumbList\",\"@id\":\"http:\/\/www.fancyplants.de\/de\/presse\/#breadcrumb\",\"itemListElement\":[{\"@type\":\"ListItem\",\"position\":1,\"name\":\"Home\",\"item\":\"http:\/\/www.fancyplants.de\/de\/\"},{\"@type\":\"ListItem\",\"position\":2,\"name\":\"Presse\"}]},{\"@type\":\"WebSite\",\"@id\":\"http:\/\/www.fancyplants.de\/de\/#website\",\"url\":\"http:\/\/www.fancyplants.de\/de\/\",\"name\":\"Fancy Plants - Deutsch\",\"description\":\"Eine weitere WordPress-Seite\",\"potentialAction\":[{\"@type\":\"SearchAction\",\"target\":{\"@type\":\"EntryPoint\",\"urlTemplate\":\"http:\/\/www.fancyplants.de\/de\/?s={search_term_string}\"},\"query-input\":{\"@type\":\"PropertyValueSpecification\",\"valueRequired\":true,\"valueName\":\"search_term_string\"}}],\"inLanguage\":\"de\"}]}<\/script>\n<!-- \/ Yoast SEO plugin. -->","yoast_head_json":{"title":"Presse - Fancy Plants - Deutsch","description":"Hier finden Sie Zeitungsartikel \u00fcber meine Homepage.","robots":{"index":"index","follow":"follow","max-snippet":"max-snippet:-1","max-image-preview":"max-image-preview:large","max-video-preview":"max-video-preview:-1"},"canonical":"http:\/\/www.fancyplants.de\/de\/presse\/","og_locale":"de_DE","og_type":"article","og_title":"Presse - Fancy Plants - Deutsch","og_description":"Hier finden Sie Zeitungsartikel \u00fcber meine Homepage.","og_url":"http:\/\/www.fancyplants.de\/de\/presse\/","og_site_name":"Fancy Plants - Deutsch","article_modified_time":"2019-10-24T16:35:17+00:00","og_image":[{"url":"http:\/\/www.fancyplants.de\/pr\/art2.jpg","type":"","width":"","height":""}],"twitter_card":"summary_large_image","twitter_misc":{"Gesch\u00e4tzte Lesezeit":"3\u00a0Minuten"},"schema":{"@context":"https:\/\/schema.org","@graph":[{"@type":"WebPage","@id":"http:\/\/www.fancyplants.de\/de\/presse\/","url":"http:\/\/www.fancyplants.de\/de\/presse\/","name":"Presse - Fancy Plants - Deutsch","isPartOf":{"@id":"http:\/\/www.fancyplants.de\/de\/#website"},"primaryImageOfPage":{"@id":"http:\/\/www.fancyplants.de\/de\/presse\/#primaryimage"},"image":{"@id":"http:\/\/www.fancyplants.de\/de\/presse\/#primaryimage"},"thumbnailUrl":"http:\/\/www.fancyplants.de\/pr\/art2.jpg","datePublished":"2015-06-15T19:47:30+00:00","dateModified":"2019-10-24T16:35:17+00:00","description":"Hier finden Sie Zeitungsartikel \u00fcber meine Homepage.","breadcrumb":{"@id":"http:\/\/www.fancyplants.de\/de\/presse\/#breadcrumb"},"inLanguage":"de","potentialAction":[{"@type":"ReadAction","target":["http:\/\/www.fancyplants.de\/de\/presse\/"]}]},{"@type":"ImageObject","inLanguage":"de","@id":"http:\/\/www.fancyplants.de\/de\/presse\/#primaryimage","url":"http:\/\/www.fancyplants.de\/pr\/art2.jpg","contentUrl":"http:\/\/www.fancyplants.de\/pr\/art2.jpg"},{"@type":"BreadcrumbList","@id":"http:\/\/www.fancyplants.de\/de\/presse\/#breadcrumb","itemListElement":[{"@type":"ListItem","position":1,"name":"Home","item":"http:\/\/www.fancyplants.de\/de\/"},{"@type":"ListItem","position":2,"name":"Presse"}]},{"@type":"WebSite","@id":"http:\/\/www.fancyplants.de\/de\/#website","url":"http:\/\/www.fancyplants.de\/de\/","name":"Fancy Plants - Deutsch","description":"Eine weitere WordPress-Seite","potentialAction":[{"@type":"SearchAction","target":{"@type":"EntryPoint","urlTemplate":"http:\/\/www.fancyplants.de\/de\/?s={search_term_string}"},"query-input":{"@type":"PropertyValueSpecification","valueRequired":true,"valueName":"search_term_string"}}],"inLanguage":"de"}]}},"_links":{"self":[{"href":"http:\/\/www.fancyplants.de\/de\/wp-json\/wp\/v2\/pages\/41","targetHints":{"allow":["GET"]}}],"collection":[{"href":"http:\/\/www.fancyplants.de\/de\/wp-json\/wp\/v2\/pages"}],"about":[{"href":"http:\/\/www.fancyplants.de\/de\/wp-json\/wp\/v2\/types\/page"}],"author":[{"embeddable":true,"href":"http:\/\/www.fancyplants.de\/de\/wp-json\/wp\/v2\/users\/1"}],"replies":[{"embeddable":true,"href":"http:\/\/www.fancyplants.de\/de\/wp-json\/wp\/v2\/comments?post=41"}],"version-history":[{"count":6,"href":"http:\/\/www.fancyplants.de\/de\/wp-json\/wp\/v2\/pages\/41\/revisions"}],"predecessor-version":[{"id":3319,"href":"http:\/\/www.fancyplants.de\/de\/wp-json\/wp\/v2\/pages\/41\/revisions\/3319"}],"wp:attachment":[{"href":"http:\/\/www.fancyplants.de\/de\/wp-json\/wp\/v2\/media?parent=41"}],"curies":[{"name":"wp","href":"https:\/\/api.w.org\/{rel}","templated":true}]}}