{"id":408,"date":"2015-06-20T12:13:52","date_gmt":"2015-06-20T10:13:52","guid":{"rendered":"http:\/\/www.fancyplants.de\/de\/?page_id=408"},"modified":"2019-10-15T08:51:11","modified_gmt":"2019-10-15T06:51:11","slug":"aldrovanda","status":"publish","type":"page","link":"http:\/\/www.fancyplants.de\/de\/carnihome\/arten\/klappe\/aldrovanda\/","title":{"rendered":"Wasserfalle (Aldrovanda vesiculosa)"},"content":{"rendered":"<div class=\"fusion-fullwidth fullwidth-box fusion-builder-row-1 hundred-percent-fullwidth non-hundred-percent-height-scrolling\" style=\"--awb-border-radius-top-left:0px;--awb-border-radius-top-right:0px;--awb-border-radius-bottom-right:0px;--awb-border-radius-bottom-left:0px;--awb-overflow:visible;--awb-flex-wrap:wrap;\" ><div class=\"fusion-builder-row fusion-row\"><div class=\"fusion-layout-column fusion_builder_column fusion-builder-column-0 fusion_builder_column_1_1 1_1 fusion-one-full fusion-column-first fusion-column-last\" style=\"--awb-bg-size:cover;\"><div class=\"fusion-column-wrapper fusion-flex-column-wrapper-legacy\"><div class=\"fusion-title title fusion-title-1 fusion-title-text fusion-title-size-one\"><h1 class=\"fusion-title-heading title-heading-left\" style=\"margin:0;\">Wasserfalle (<i>Aldrovanda vesiculosa<\/i>)<\/h1><span class=\"awb-title-spacer\"><\/span><div class=\"title-sep-container\"><div class=\"title-sep sep-single sep-solid\" style=\"border-color:#3e3e3e;\"><\/div><\/div><\/div><div class=\"fusion-title title fusion-title-2 fusion-title-text fusion-title-size-two\"><h2 class=\"fusion-title-heading title-heading-left\" style=\"margin:0;\">Im \u00dcberblick<\/h2><span class=\"awb-title-spacer\"><\/span><div class=\"title-sep-container\"><div class=\"title-sep sep-single sep-solid\" style=\"border-color:#3e3e3e;\"><\/div><\/div><\/div><div class=\"fusion-text fusion-text-1\"><p>Bei der <i>Aldrovanda vesiculosa<\/i> handelt es sich um eine Wasserpflanze. Die Gattung <i>Aldrovanda<\/i> (Wasserfalle) besitzt nur eine Art, die weltweit zu finden ist. Sie ist eng mit der <a class=\"link\" href=\"..\/dionaea\">Venusfliegenfalle (<i>Dionaea muscipula<\/i>)<\/a> verwandt und verwendet wie diese ein Klappmechanismus zum Beutefang.<\/p>\n<\/div><div class=\"fusion-title title fusion-title-3 fusion-title-text fusion-title-size-two\"><h2 class=\"fusion-title-heading title-heading-left\" style=\"margin:0;\">Fallenmechanismus<\/h2><span class=\"awb-title-spacer\"><\/span><div class=\"title-sep-container\"><div class=\"title-sep sep-single sep-solid\" style=\"border-color:#3e3e3e;\"><\/div><\/div><\/div><div class=\"fusion-text fusion-text-2\"><p>Aldovandas bilden einen schwimmenden, ca. knapp 20 cm langen Trieb mit zahlreichen Blattquirlen aus. Aus den Quirlen entspringen in der Regel zwischen 5 &#8211; 10 Borsten, die ihrerseits die ca. 5 mm langen Klappfallen (morphologisch denen der Venusfliegenfalle sehr \u00e4hnlich) tragen. Mit diesen Klappfallen erbeutet die <i>Aldrovanda<\/i> kleine Wasserfl\u00f6he, Steckm\u00fcckenlarven und \u00e4hnliches.<\/p>\n<\/div><div class=\"fusion-title title fusion-title-4 fusion-title-text fusion-title-size-two\"><h2 class=\"fusion-title-heading title-heading-left\" style=\"margin:0;\">Kultur und Vermehrung<\/h2><span class=\"awb-title-spacer\"><\/span><div class=\"title-sep-container\"><div class=\"title-sep sep-single sep-solid\" style=\"border-color:#3e3e3e;\"><\/div><\/div><\/div><div class=\"fusion-text fusion-text-3\"><p>Bis vor ca. 20 Jahren galt die l\u00e4ngerfristige Kultur der <i>Aldrovanda<\/i> als nahezu unm\u00f6glich. Mittlerweile sind jedoch einige Kniffe gefunden worden, mit denen die <i>Aldrovanda<\/i> relativ problemlos und einfach \u00fcber Jahre hinweg durchzukultivieren ist. Bislang konnte ich nur Erfahrung in der Kultur des nicht frostharten Klons &#8218;Sydney&#8216; sammeln. Als Kulturgef\u00e4\u00df eignet sich eine kleine transparente Sch\u00fcssel oder ein kleines Aquarium mit ca. 3 &#8211; 10 l Volumen mit einem Wasserstand von 5 &#8211; 10 cm. Die G\u00fcte des Wassers sowie des Substrats sind von herausragender Bedeutung. Vermeiden Sie einen allzu gro\u00dfen N\u00e4hstoffeintrag, eine Veralgung der Wasserfalle ist t\u00f6dlich! Ich verwende als Substrat eine Mischung aus Hochmoortorf, kalkfreiem Quarzsand und einer geringen Menge Lehm (etwa 5%). Dem Substrat gebe ich eine kleine Menge Seggenbl\u00e4tter sowie eine kleine Tonscherbe bei. Beides ist von Wichtigkeit! Aus der Tonscherbe werden Spurenelemente wie Bor freigesetzt, die Seggenbl\u00e4tter zersetzen sich nur langsam und geben somit kontinuierlich geringe Mengen Kohlenstoffdioxid ab, welches die Wasserfalle f\u00fcr ihr Wachstum ben\u00f6tigt. Daneben &#8218;beimpfe&#8216; ich das Wasser mit einigen Wasserfl\u00f6hen und lasse das Gef\u00e4\u00df an einem leicht halbschattigen Standort f\u00fcr etwa einen Monat stehen. Hat sich nach einem Monat ein stabiles Gleichgewicht eingestellt und zeigt das Becken keinerlei Veralgung, dann gebe ich die Wasserfalle hinzu. Meistens gebe ich zus\u00e4tzlich eine Eichhornia hinzu. Eichhornien sind Wasserhyazinthen, die einem schnellen Wachstum unterliegen und somit \u00fcbersch\u00fcssige N\u00e4hrstoffe z\u00fcgig aufnehmen und in Biomasse umwandeln. Wasserhyazinthen bekommen Sie im Aquaristikhandel oder im Sommer in der Teichabteilung eines Gartencenters. Der einzige Nachteil an den Eichhornien ist das ausgepr\u00e4gte Wurzelsystem, in dem sich die Wasserfallen h\u00e4ufig verfangen. Das ger\u00e4t dann zum Problem, wenn Sie \u00fcbersch\u00fcssige Eichhornien aus dem Becken entfernen wollen. Ich trenne daher die Eichhornien von den Wasserfallen meist durch eine zus\u00e4tzliche Glasscheibe quer ab, die geringf\u00fcgig kleiner ist als das Becken, so dass ein Wasseraustausch zwischen beiden Abteilen des Beckens gew\u00e4hrleistet ist. Ein ganzj\u00e4hrige Kultur auf dem Fensterbrett ist gut m\u00f6glich.<\/p>\n<\/div><div class=\"fusion-clearfix\"><\/div><\/div><\/div><\/div><\/div>","protected":false},"excerpt":{"rendered":"","protected":false},"author":1,"featured_media":0,"parent":343,"menu_order":0,"comment_status":"open","ping_status":"open","template":"","meta":{"footnotes":""},"class_list":["post-408","page","type-page","status-publish","hentry"],"yoast_head":"<!-- This site is optimized with the Yoast SEO plugin v26.9 - https:\/\/yoast.com\/product\/yoast-seo-wordpress\/ -->\n<title>Wasserfalle (Aldrovanda vesiculosa) - Fancy Plants - Deutsch<\/title>\n<meta name=\"description\" content=\"Sie finden hier ein Portr\u00e4t der Wasserfalle (Aldrovanda vesiculosa) inklusive Pflanzenbeschreibung, Verbreitung, Fallenmechanismus und Kulturanleitung.\" \/>\n<meta name=\"robots\" content=\"index, follow, max-snippet:-1, max-image-preview:large, max-video-preview:-1\" \/>\n<link rel=\"canonical\" href=\"http:\/\/www.fancyplants.de\/de\/carnihome\/arten\/klappe\/aldrovanda\/\" \/>\n<meta property=\"og:locale\" content=\"de_DE\" \/>\n<meta property=\"og:type\" content=\"article\" \/>\n<meta property=\"og:title\" content=\"Wasserfalle (Aldrovanda vesiculosa) - Fancy Plants - Deutsch\" \/>\n<meta property=\"og:description\" content=\"Sie finden hier ein Portr\u00e4t der Wasserfalle (Aldrovanda vesiculosa) inklusive Pflanzenbeschreibung, Verbreitung, Fallenmechanismus und Kulturanleitung.\" \/>\n<meta property=\"og:url\" content=\"http:\/\/www.fancyplants.de\/de\/carnihome\/arten\/klappe\/aldrovanda\/\" \/>\n<meta property=\"og:site_name\" content=\"Fancy Plants - Deutsch\" \/>\n<meta property=\"article:modified_time\" content=\"2019-10-15T06:51:11+00:00\" \/>\n<meta name=\"twitter:card\" content=\"summary_large_image\" \/>\n<meta name=\"twitter:label1\" content=\"Gesch\u00e4tzte Lesezeit\" \/>\n\t<meta name=\"twitter:data1\" content=\"3\u00a0Minuten\" \/>\n<script type=\"application\/ld+json\" class=\"yoast-schema-graph\">{\"@context\":\"https:\/\/schema.org\",\"@graph\":[{\"@type\":\"WebPage\",\"@id\":\"http:\/\/www.fancyplants.de\/de\/carnihome\/arten\/klappe\/aldrovanda\/\",\"url\":\"http:\/\/www.fancyplants.de\/de\/carnihome\/arten\/klappe\/aldrovanda\/\",\"name\":\"Wasserfalle (Aldrovanda vesiculosa) - Fancy Plants - Deutsch\",\"isPartOf\":{\"@id\":\"http:\/\/www.fancyplants.de\/de\/#website\"},\"datePublished\":\"2015-06-20T10:13:52+00:00\",\"dateModified\":\"2019-10-15T06:51:11+00:00\",\"description\":\"Sie finden hier ein Portr\u00e4t der Wasserfalle (Aldrovanda vesiculosa) inklusive Pflanzenbeschreibung, Verbreitung, Fallenmechanismus und Kulturanleitung.\",\"breadcrumb\":{\"@id\":\"http:\/\/www.fancyplants.de\/de\/carnihome\/arten\/klappe\/aldrovanda\/#breadcrumb\"},\"inLanguage\":\"de\",\"potentialAction\":[{\"@type\":\"ReadAction\",\"target\":[\"http:\/\/www.fancyplants.de\/de\/carnihome\/arten\/klappe\/aldrovanda\/\"]}]},{\"@type\":\"BreadcrumbList\",\"@id\":\"http:\/\/www.fancyplants.de\/de\/carnihome\/arten\/klappe\/aldrovanda\/#breadcrumb\",\"itemListElement\":[{\"@type\":\"ListItem\",\"position\":1,\"name\":\"Home\",\"item\":\"http:\/\/www.fancyplants.de\/de\/\"},{\"@type\":\"ListItem\",\"position\":2,\"name\":\"Insektivoren\",\"item\":\"http:\/\/www.fancyplants.de\/de\/carnihome\/\"},{\"@type\":\"ListItem\",\"position\":3,\"name\":\"Arten\",\"item\":\"http:\/\/www.fancyplants.de\/de\/carnihome\/arten\/\"},{\"@type\":\"ListItem\",\"position\":4,\"name\":\"Klappfallen\",\"item\":\"http:\/\/www.fancyplants.de\/de\/carnihome\/arten\/klappe\/\"},{\"@type\":\"ListItem\",\"position\":5,\"name\":\"Wasserfalle (Aldrovanda vesiculosa)\"}]},{\"@type\":\"WebSite\",\"@id\":\"http:\/\/www.fancyplants.de\/de\/#website\",\"url\":\"http:\/\/www.fancyplants.de\/de\/\",\"name\":\"Fancy Plants - Deutsch\",\"description\":\"Eine weitere WordPress-Seite\",\"potentialAction\":[{\"@type\":\"SearchAction\",\"target\":{\"@type\":\"EntryPoint\",\"urlTemplate\":\"http:\/\/www.fancyplants.de\/de\/?s={search_term_string}\"},\"query-input\":{\"@type\":\"PropertyValueSpecification\",\"valueRequired\":true,\"valueName\":\"search_term_string\"}}],\"inLanguage\":\"de\"}]}<\/script>\n<!-- \/ Yoast SEO plugin. -->","yoast_head_json":{"title":"Wasserfalle (Aldrovanda vesiculosa) - Fancy Plants - Deutsch","description":"Sie finden hier ein Portr\u00e4t der Wasserfalle (Aldrovanda vesiculosa) inklusive Pflanzenbeschreibung, Verbreitung, Fallenmechanismus und Kulturanleitung.","robots":{"index":"index","follow":"follow","max-snippet":"max-snippet:-1","max-image-preview":"max-image-preview:large","max-video-preview":"max-video-preview:-1"},"canonical":"http:\/\/www.fancyplants.de\/de\/carnihome\/arten\/klappe\/aldrovanda\/","og_locale":"de_DE","og_type":"article","og_title":"Wasserfalle (Aldrovanda vesiculosa) - Fancy Plants - Deutsch","og_description":"Sie finden hier ein Portr\u00e4t der Wasserfalle (Aldrovanda vesiculosa) inklusive Pflanzenbeschreibung, Verbreitung, Fallenmechanismus und Kulturanleitung.","og_url":"http:\/\/www.fancyplants.de\/de\/carnihome\/arten\/klappe\/aldrovanda\/","og_site_name":"Fancy Plants - Deutsch","article_modified_time":"2019-10-15T06:51:11+00:00","twitter_card":"summary_large_image","twitter_misc":{"Gesch\u00e4tzte Lesezeit":"3\u00a0Minuten"},"schema":{"@context":"https:\/\/schema.org","@graph":[{"@type":"WebPage","@id":"http:\/\/www.fancyplants.de\/de\/carnihome\/arten\/klappe\/aldrovanda\/","url":"http:\/\/www.fancyplants.de\/de\/carnihome\/arten\/klappe\/aldrovanda\/","name":"Wasserfalle (Aldrovanda vesiculosa) - Fancy Plants - Deutsch","isPartOf":{"@id":"http:\/\/www.fancyplants.de\/de\/#website"},"datePublished":"2015-06-20T10:13:52+00:00","dateModified":"2019-10-15T06:51:11+00:00","description":"Sie finden hier ein Portr\u00e4t der Wasserfalle (Aldrovanda vesiculosa) inklusive Pflanzenbeschreibung, Verbreitung, Fallenmechanismus und Kulturanleitung.","breadcrumb":{"@id":"http:\/\/www.fancyplants.de\/de\/carnihome\/arten\/klappe\/aldrovanda\/#breadcrumb"},"inLanguage":"de","potentialAction":[{"@type":"ReadAction","target":["http:\/\/www.fancyplants.de\/de\/carnihome\/arten\/klappe\/aldrovanda\/"]}]},{"@type":"BreadcrumbList","@id":"http:\/\/www.fancyplants.de\/de\/carnihome\/arten\/klappe\/aldrovanda\/#breadcrumb","itemListElement":[{"@type":"ListItem","position":1,"name":"Home","item":"http:\/\/www.fancyplants.de\/de\/"},{"@type":"ListItem","position":2,"name":"Insektivoren","item":"http:\/\/www.fancyplants.de\/de\/carnihome\/"},{"@type":"ListItem","position":3,"name":"Arten","item":"http:\/\/www.fancyplants.de\/de\/carnihome\/arten\/"},{"@type":"ListItem","position":4,"name":"Klappfallen","item":"http:\/\/www.fancyplants.de\/de\/carnihome\/arten\/klappe\/"},{"@type":"ListItem","position":5,"name":"Wasserfalle (Aldrovanda vesiculosa)"}]},{"@type":"WebSite","@id":"http:\/\/www.fancyplants.de\/de\/#website","url":"http:\/\/www.fancyplants.de\/de\/","name":"Fancy Plants - Deutsch","description":"Eine weitere WordPress-Seite","potentialAction":[{"@type":"SearchAction","target":{"@type":"EntryPoint","urlTemplate":"http:\/\/www.fancyplants.de\/de\/?s={search_term_string}"},"query-input":{"@type":"PropertyValueSpecification","valueRequired":true,"valueName":"search_term_string"}}],"inLanguage":"de"}]}},"_links":{"self":[{"href":"http:\/\/www.fancyplants.de\/de\/wp-json\/wp\/v2\/pages\/408","targetHints":{"allow":["GET"]}}],"collection":[{"href":"http:\/\/www.fancyplants.de\/de\/wp-json\/wp\/v2\/pages"}],"about":[{"href":"http:\/\/www.fancyplants.de\/de\/wp-json\/wp\/v2\/types\/page"}],"author":[{"embeddable":true,"href":"http:\/\/www.fancyplants.de\/de\/wp-json\/wp\/v2\/users\/1"}],"replies":[{"embeddable":true,"href":"http:\/\/www.fancyplants.de\/de\/wp-json\/wp\/v2\/comments?post=408"}],"version-history":[{"count":1,"href":"http:\/\/www.fancyplants.de\/de\/wp-json\/wp\/v2\/pages\/408\/revisions"}],"predecessor-version":[{"id":3068,"href":"http:\/\/www.fancyplants.de\/de\/wp-json\/wp\/v2\/pages\/408\/revisions\/3068"}],"up":[{"embeddable":true,"href":"http:\/\/www.fancyplants.de\/de\/wp-json\/wp\/v2\/pages\/343"}],"wp:attachment":[{"href":"http:\/\/www.fancyplants.de\/de\/wp-json\/wp\/v2\/media?parent=408"}],"curies":[{"name":"wp","href":"https:\/\/api.w.org\/{rel}","templated":true}]}}