{"id":406,"date":"2015-06-20T12:12:40","date_gmt":"2015-06-20T10:12:40","guid":{"rendered":"http:\/\/www.fancyplants.de\/de\/?page_id=406"},"modified":"2019-10-22T10:21:05","modified_gmt":"2019-10-22T08:21:05","slug":"roridula","status":"publish","type":"page","link":"http:\/\/www.fancyplants.de\/de\/carnihome\/arten\/kleben\/roridula\/","title":{"rendered":"Taupflanze (Roridula)"},"content":{"rendered":"<div class=\"fusion-fullwidth fullwidth-box fusion-builder-row-1 hundred-percent-fullwidth non-hundred-percent-height-scrolling\" style=\"--awb-border-radius-top-left:0px;--awb-border-radius-top-right:0px;--awb-border-radius-bottom-right:0px;--awb-border-radius-bottom-left:0px;--awb-overflow:visible;--awb-flex-wrap:wrap;\" ><div class=\"fusion-builder-row fusion-row\"><div class=\"fusion-layout-column fusion_builder_column fusion-builder-column-0 fusion_builder_column_1_1 1_1 fusion-one-full fusion-column-first fusion-column-last\" style=\"--awb-bg-size:cover;\"><div class=\"fusion-column-wrapper fusion-flex-column-wrapper-legacy\"><div class=\"fusion-title title fusion-title-1 fusion-title-text fusion-title-size-one\"><h1 class=\"fusion-title-heading title-heading-left\" style=\"margin:0;\">Taupflanze (<i>Roridula<\/i>)<\/h1><span class=\"awb-title-spacer\"><\/span><div class=\"title-sep-container\"><div class=\"title-sep sep-single sep-solid\" style=\"border-color:#3e3e3e;\"><\/div><\/div><\/div><div class=\"fusion-title title fusion-title-2 fusion-title-text fusion-title-size-two\"><h2 class=\"fusion-title-heading title-heading-left\" style=\"margin:0;\">Im \u00dcberblick<\/h2><span class=\"awb-title-spacer\"><\/span><div class=\"title-sep-container\"><div class=\"title-sep sep-single sep-solid\" style=\"border-color:#3e3e3e;\"><\/div><\/div><\/div><div class=\"fusion-text fusion-text-1\"><div class=\"intextr\"><a class=\"lupe200\" title=\"Taupflanze (Roridula gorgonias).\" href=\"..\/..\/..\/..\/..\/images\/carnivorous\/roridula.jpg\" data-gallery=\"\"><img decoding=\"async\" src=\"..\/..\/..\/..\/..\/images\/carnivorous\/roridulas.jpg\" alt=\"Taupflanze (Roridula gorgonias).\" width=\"200\" height=\"200\" \/><span><\/span><\/a><\/div>\n<p>Die <a href=\"..\/..\/..\/..\/service\/bibliothek#praecarn\" target=\"_blank\" rel=\"noopener noreferrer\"><i class=\"fa fa-book\"><\/i> pr\u00e4karnivore<\/a> Gattung umfasst nur zwei Arten, n\u00e4mlich <i>Roridula dentata<\/i> und <i>Roridula gorgonias<\/i>, die endemisch im \u00e4u\u00dfersten S\u00fcdwesten von Afrika sind. Beide Arten sind ausdauernde, mehrj\u00e4hrige, \u00fcber 1 Meter hoch werdende, verzweigte B\u00fcsche. Beide Pflanzen bilden zahlreiche Bl\u00e4ttter, die mit verschiedenen gestielten Dr\u00fcsen besetzt sind. Die Bl\u00e4tter von <i>Roridula dentata<\/i> sind mehrfach verzweigt, wohingegen <i>Roridula gorgonias<\/i> unverzweigte Bl\u00e4tter besitzt.<\/p>\n<\/div><div class=\"fusion-title title fusion-title-3 fusion-title-text fusion-title-size-two\"><h2 class=\"fusion-title-heading title-heading-left\" style=\"margin:0;\">Fallenmechanismus<\/h2><span class=\"awb-title-spacer\"><\/span><div class=\"title-sep-container\"><div class=\"title-sep sep-single sep-solid\" style=\"border-color:#3e3e3e;\"><\/div><\/div><\/div><div class=\"fusion-text fusion-text-2\"><div class=\"intextl\"><a class=\"lupe200\" title=\"Eine Stubefliege an einer Taupflanze (Roridula gorgonias).\" href=\"..\/..\/..\/..\/..\/images\/carnivorous\/fliegeroridula.jpg\" data-gallery=\"\"><img decoding=\"async\" src=\"..\/..\/..\/..\/..\/images\/carnivorous\/fliegeroridulas.jpg\" alt=\"Eine Stubefliege an einer Taupflanze (Roridula gorgonias).\" width=\"200\" height=\"200\" \/><span><\/span><\/a><\/div>\n<p>Der prinzipielle Fallenmechanismus wurde bereits auf der <a class=\"link\" href=\"..\/..\/kleben\">vorherigen Seite<\/a> ausf\u00fchrlich beschrieben. Im Gegensatz zu den restlichen Klebefallen besteht der Klebetropfen der Roridulae nicht aus einem Polysaccharid (Mehrfachzucker), sondern basiert auf Kautschuk und ist damit \u00fcber Jahrzehnte visk\u00f6s. Zwar handelt es sich bei den Roridulae um hocheffektive Insektenf\u00e4nger, es werden allerdings keine eigene Enzyme zu deren Verwertung produziert. Zur Nutzbarkeitmachung der Beute greifen die Pflanzen auf eine interessante Symbiose mit zwei Wanzenarten aus der Familie der <i>Myridae<\/i> (Blindwanzen) zur\u00fcck. Dabei \u201abesitzt\u2019 jede Art ihrer eigene Wanzenart: Auf <i>Roridula dentata<\/i> lebt die <i>Pameridea marlothii<\/i> und auf <i>Roridula gorgonias<\/i> die <i>Pameridea roridulae<\/i>. Die Wanzen und die Taupflanzen verbindet eine vielschichtige Symbiose. Die Wanzen ern\u00e4hren sich von den Insekten, die von der Taupflanze gefangen wurden. Die Beute wird angestochen und ausgesaugt. Die Ausscheidungen werden sp\u00e4ter direkt auf die Bl\u00e4tter gegeben, wo sie als Blattd\u00fcnger dienen. Die Taupflanze kann aufgrund ihrer d\u00fcnnen Zellw\u00e4nde einen hohen Anteil der Ausscheidungen resorbieren. Daneben spielen die Larven der Wanzen eine wichtige Rolle in der Best\u00e4ubung der Bl\u00fcten. Die Wanzen profitieren in dreifacher Weise von den Taupflanzen. Sie werden von dieser ern\u00e4hrt, finden in den Blattachseln bei Gefahr Zuflucht und sind elementar f\u00fcr ihre Eiablage.<\/p>\n<p>Die kompletten Mechanismen, die ein Festkleben der Wanzen auf der Taupflanze verhindern, sind abschlie\u00dfend noch nicht erforscht. Es existieren zu diesem Thema eine Reihe von Theorien. Zun\u00e4chst bewegen sich die Wanzen mit ihren langen Beinen sehr bed\u00e4chtig auf der Pflanze. Sollte sie doch einmal festkleben, so befreit sich die Wanze in Ruhe. Hilfreich sollen bei diesem Man\u00f6ver feine H\u00e4rchen auf dem Wanzenpanzer sein, die leicht abbrechen und somit gewisserma\u00dfen als Teflon-Beschichtung wirken. Zudem wird postuliert, dass der Speichel der Wanzen Substanzen enth\u00e4lt, die als L\u00f6sungsmittel wirken.<\/p>\n<p>Neben den zwei symbiotischen Wanzenarten wurden in den letzten Jahren zudem drei Spinnenarten und eine weitere Wanzenart als Bewohner der Taupflanzen entdeckt. Diese Arten scheinen jedoch einen geringeren Nutzen f\u00fcr die Taupflanze zu haben. Vielmehr sind sie als <a href=\"..\/..\/..\/..\/service\/bibliothek#Kommen\" target=\"_blank\" rel=\"noopener noreferrer\"><i class=\"fa fa-book\"><\/i> Kommensalen<\/a> anzusehen.<\/p>\n<\/div><div class=\"fusion-title title fusion-title-4 fusion-title-text fusion-title-size-two\"><h2 class=\"fusion-title-heading title-heading-left\" style=\"margin:0;\">Kultur und Vermehrung<\/h2><span class=\"awb-title-spacer\"><\/span><div class=\"title-sep-container\"><div class=\"title-sep sep-single sep-solid\" style=\"border-color:#3e3e3e;\"><\/div><\/div><\/div><div class=\"fusion-text fusion-text-3\"><div class=\"intextr\"><a class=\"lupe200\" title=\"Taupflanze (Roridula gorgonias).\" href=\"..\/..\/..\/..\/..\/images\/carnivorous\/roridula1.jpg\" data-gallery=\"\"><img decoding=\"async\" src=\"..\/..\/..\/..\/..\/images\/carnivorous\/roridula1s.jpg\" alt=\"Taupflanze (Roridula gorgonias).\" width=\"200\" height=\"200\" \/><span><\/span><\/a><\/div>\n<p>Bislang habe ich diese Gattung noch nicht in Kultur gehabt, so dass ich an dieser Stelle keine eigenen Erfahrungen einstellen kann. Beide Arten \u00e4hneln sich in ihren Kulturanspr\u00fcchen ziemlich. Am nat\u00fcrlichen Standort steht <i>Roridula gorgonias<\/i> etwas feuchter als <i>Roridula dentata<\/i>. W\u00e4hrend die erstgenannte Art auf moorigen B\u00f6den vorkommt, zeigt sich <i>Roridula dentata<\/i> auf trockenenen Sandb\u00f6den, erreicht aber mit ihren tiefen Pfahlwurzeln tiefere, grundwasserf\u00fchrende Schichten. F\u00fcr beide Arten ist ein sandiges Torfsubstrat (etwa 1:1 gemischt) gut geeignet. Zur Kultur sollten gro\u00dfe und vor allem tiefe T\u00f6pfe verwendet werden. Die Roridulae w\u00fcnschen sich im Sommer einen sehr hellen, lufttrockenen Standort mit regem Luftaustausch. Ein geschlossener Standort ist somit t\u00f6dlich. Entweder erfolgt die Kultur im Freien oder in einem Gew\u00e4chshaus mit sehr guter Luftzirkulation. Gegossen wird am besten von oben, das Substrat gleichm\u00e4\u00dfig feucht gehalten. In warmen Wochen kann die Pflanze auch in leichte Anstaubew\u00e4sserung genommen werden. Die Pflanzen m\u00fcssen k\u00fchl (etwa 10 \u00b0C), hell und nur leicht feucht \u00fcberwintert werden.<\/p>\n<p>Die Vermehrung der Taupflanze ist etwas schwieriger. Einerseits besteht die M\u00f6glichkeit, diese mittels Kopfstecklingen zu vermehren. Dazu wird eine wenige Zentimeter lange Triebspitze abgeschnitten, von den Insektenleichen und den untersten Bl\u00e4tter befreit und senkrecht in das Kultursubstrat gesteckt. Der Topf wird an einigen halbschattigen Standort gegeben und gleichm\u00e4\u00dfig feucht gehalten. Die Stecklinge nicht unter Glas geben oder eine Plastikt\u00fcte zur Erh\u00f6hung der Luftfeuchtigkeit \u00fcberst\u00fclpen! Nach einigen Wochen zeigt der Steckling mit etwas Gl\u00fcck durch das Bilden neuer Bl\u00e4tter den Nachzuchterfolg an. Daneben lassen sich die Taupflanzen gut \u00fcber Samen vemehren. Am Naturstandort findet die Keimung nach Buschbr\u00e4nden statt. Der \u00fcber Jahre keimf\u00e4hige Samen ist daher entsprechend als Feuerkeimer zu <a href=\"..\/..\/..\/..\/service\/bibliothek#strati\" target=\"_blank\" rel=\"noopener noreferrer\"><i class=\"fa fa-book\"><\/i> stratifizieren<\/a>. Dabei soll <i>Roridula gorgonias<\/i> auch teils ohne Vorbehandlung gut keimen. Prinzipiell ist die Keimung bei beiden Arten unregelm\u00e4\u00dfig und kann teils Wochen oder Monate dauern. Der Samen ist Lichtkeimer, ist also auf das permanent feuchte Substrat zu legen und anzudr\u00fccken, ohne ihn jedoch zu bedecken. Die Stratifikation sollte nun folgenderma\u00dfen erfolgen: Auf die Substratoberfl\u00e4che werden einige Zentimeter getrocknetes Gras gegeben und abgebrannt. Die noch qualmenden Aschereste werden anschlie\u00dfend mit 60 \u00b0C warmen Wasser in das Substrat eingewaschen. Durch diesen thermischen und chemischen Reiz l\u00e4sst sich bei dem Gro\u00dfteil der Samen die Keimhemmung durchbrechen.<\/p>\n<\/div><div class=\"fusion-clearfix\"><\/div><\/div><\/div><\/div><\/div>","protected":false},"excerpt":{"rendered":"","protected":false},"author":1,"featured_media":0,"parent":345,"menu_order":0,"comment_status":"open","ping_status":"open","template":"","meta":{"footnotes":""},"class_list":["post-406","page","type-page","status-publish","hentry"],"yoast_head":"<!-- This site is optimized with the Yoast SEO plugin v26.9 - https:\/\/yoast.com\/product\/yoast-seo-wordpress\/ -->\n<title>Taupflanze (Roridula) - Fancy Plants - Deutsch<\/title>\n<meta name=\"description\" content=\"Sie finden hier ein Portr\u00e4t der Taupflanze (Roridula) inklusive Pflanzenbeschreibung, Verbreitung, Fallenmechanismus und Kulturanleitung. Zudem gehe ich auf die Symbiose mit zwei Blindwanzenarten ein, n\u00e4mlich Pameridea marlothii und Pameridea roridulae.\" \/>\n<meta name=\"robots\" content=\"index, follow, max-snippet:-1, max-image-preview:large, max-video-preview:-1\" \/>\n<link rel=\"canonical\" href=\"http:\/\/www.fancyplants.de\/de\/carnihome\/arten\/kleben\/roridula\/\" \/>\n<meta property=\"og:locale\" content=\"de_DE\" \/>\n<meta property=\"og:type\" content=\"article\" \/>\n<meta property=\"og:title\" content=\"Taupflanze (Roridula) - Fancy Plants - Deutsch\" \/>\n<meta property=\"og:description\" content=\"Sie finden hier ein Portr\u00e4t der Taupflanze (Roridula) inklusive Pflanzenbeschreibung, Verbreitung, Fallenmechanismus und Kulturanleitung. Zudem gehe ich auf die Symbiose mit zwei Blindwanzenarten ein, n\u00e4mlich Pameridea marlothii und Pameridea roridulae.\" \/>\n<meta property=\"og:url\" content=\"http:\/\/www.fancyplants.de\/de\/carnihome\/arten\/kleben\/roridula\/\" \/>\n<meta property=\"og:site_name\" content=\"Fancy Plants - Deutsch\" \/>\n<meta property=\"article:modified_time\" content=\"2019-10-22T08:21:05+00:00\" \/>\n<meta name=\"twitter:card\" content=\"summary_large_image\" \/>\n<meta name=\"twitter:label1\" content=\"Gesch\u00e4tzte Lesezeit\" \/>\n\t<meta name=\"twitter:data1\" content=\"5\u00a0Minuten\" \/>\n<script type=\"application\/ld+json\" class=\"yoast-schema-graph\">{\"@context\":\"https:\/\/schema.org\",\"@graph\":[{\"@type\":\"WebPage\",\"@id\":\"http:\/\/www.fancyplants.de\/de\/carnihome\/arten\/kleben\/roridula\/\",\"url\":\"http:\/\/www.fancyplants.de\/de\/carnihome\/arten\/kleben\/roridula\/\",\"name\":\"Taupflanze (Roridula) - Fancy Plants - Deutsch\",\"isPartOf\":{\"@id\":\"http:\/\/www.fancyplants.de\/de\/#website\"},\"datePublished\":\"2015-06-20T10:12:40+00:00\",\"dateModified\":\"2019-10-22T08:21:05+00:00\",\"description\":\"Sie finden hier ein Portr\u00e4t der Taupflanze (Roridula) inklusive Pflanzenbeschreibung, Verbreitung, Fallenmechanismus und Kulturanleitung. Zudem gehe ich auf die Symbiose mit zwei Blindwanzenarten ein, n\u00e4mlich Pameridea marlothii und Pameridea roridulae.\",\"breadcrumb\":{\"@id\":\"http:\/\/www.fancyplants.de\/de\/carnihome\/arten\/kleben\/roridula\/#breadcrumb\"},\"inLanguage\":\"de\",\"potentialAction\":[{\"@type\":\"ReadAction\",\"target\":[\"http:\/\/www.fancyplants.de\/de\/carnihome\/arten\/kleben\/roridula\/\"]}]},{\"@type\":\"BreadcrumbList\",\"@id\":\"http:\/\/www.fancyplants.de\/de\/carnihome\/arten\/kleben\/roridula\/#breadcrumb\",\"itemListElement\":[{\"@type\":\"ListItem\",\"position\":1,\"name\":\"Home\",\"item\":\"http:\/\/www.fancyplants.de\/de\/\"},{\"@type\":\"ListItem\",\"position\":2,\"name\":\"Insektivoren\",\"item\":\"http:\/\/www.fancyplants.de\/de\/carnihome\/\"},{\"@type\":\"ListItem\",\"position\":3,\"name\":\"Arten\",\"item\":\"http:\/\/www.fancyplants.de\/de\/carnihome\/arten\/\"},{\"@type\":\"ListItem\",\"position\":4,\"name\":\"Klebefallen\",\"item\":\"http:\/\/www.fancyplants.de\/de\/carnihome\/arten\/kleben\/\"},{\"@type\":\"ListItem\",\"position\":5,\"name\":\"Taupflanze (Roridula)\"}]},{\"@type\":\"WebSite\",\"@id\":\"http:\/\/www.fancyplants.de\/de\/#website\",\"url\":\"http:\/\/www.fancyplants.de\/de\/\",\"name\":\"Fancy Plants - Deutsch\",\"description\":\"Eine weitere WordPress-Seite\",\"potentialAction\":[{\"@type\":\"SearchAction\",\"target\":{\"@type\":\"EntryPoint\",\"urlTemplate\":\"http:\/\/www.fancyplants.de\/de\/?s={search_term_string}\"},\"query-input\":{\"@type\":\"PropertyValueSpecification\",\"valueRequired\":true,\"valueName\":\"search_term_string\"}}],\"inLanguage\":\"de\"}]}<\/script>\n<!-- \/ Yoast SEO plugin. -->","yoast_head_json":{"title":"Taupflanze (Roridula) - Fancy Plants - Deutsch","description":"Sie finden hier ein Portr\u00e4t der Taupflanze (Roridula) inklusive Pflanzenbeschreibung, Verbreitung, Fallenmechanismus und Kulturanleitung. Zudem gehe ich auf die Symbiose mit zwei Blindwanzenarten ein, n\u00e4mlich Pameridea marlothii und Pameridea roridulae.","robots":{"index":"index","follow":"follow","max-snippet":"max-snippet:-1","max-image-preview":"max-image-preview:large","max-video-preview":"max-video-preview:-1"},"canonical":"http:\/\/www.fancyplants.de\/de\/carnihome\/arten\/kleben\/roridula\/","og_locale":"de_DE","og_type":"article","og_title":"Taupflanze (Roridula) - Fancy Plants - Deutsch","og_description":"Sie finden hier ein Portr\u00e4t der Taupflanze (Roridula) inklusive Pflanzenbeschreibung, Verbreitung, Fallenmechanismus und Kulturanleitung. Zudem gehe ich auf die Symbiose mit zwei Blindwanzenarten ein, n\u00e4mlich Pameridea marlothii und Pameridea roridulae.","og_url":"http:\/\/www.fancyplants.de\/de\/carnihome\/arten\/kleben\/roridula\/","og_site_name":"Fancy Plants - Deutsch","article_modified_time":"2019-10-22T08:21:05+00:00","twitter_card":"summary_large_image","twitter_misc":{"Gesch\u00e4tzte Lesezeit":"5\u00a0Minuten"},"schema":{"@context":"https:\/\/schema.org","@graph":[{"@type":"WebPage","@id":"http:\/\/www.fancyplants.de\/de\/carnihome\/arten\/kleben\/roridula\/","url":"http:\/\/www.fancyplants.de\/de\/carnihome\/arten\/kleben\/roridula\/","name":"Taupflanze (Roridula) - Fancy Plants - Deutsch","isPartOf":{"@id":"http:\/\/www.fancyplants.de\/de\/#website"},"datePublished":"2015-06-20T10:12:40+00:00","dateModified":"2019-10-22T08:21:05+00:00","description":"Sie finden hier ein Portr\u00e4t der Taupflanze (Roridula) inklusive Pflanzenbeschreibung, Verbreitung, Fallenmechanismus und Kulturanleitung. Zudem gehe ich auf die Symbiose mit zwei Blindwanzenarten ein, n\u00e4mlich Pameridea marlothii und Pameridea roridulae.","breadcrumb":{"@id":"http:\/\/www.fancyplants.de\/de\/carnihome\/arten\/kleben\/roridula\/#breadcrumb"},"inLanguage":"de","potentialAction":[{"@type":"ReadAction","target":["http:\/\/www.fancyplants.de\/de\/carnihome\/arten\/kleben\/roridula\/"]}]},{"@type":"BreadcrumbList","@id":"http:\/\/www.fancyplants.de\/de\/carnihome\/arten\/kleben\/roridula\/#breadcrumb","itemListElement":[{"@type":"ListItem","position":1,"name":"Home","item":"http:\/\/www.fancyplants.de\/de\/"},{"@type":"ListItem","position":2,"name":"Insektivoren","item":"http:\/\/www.fancyplants.de\/de\/carnihome\/"},{"@type":"ListItem","position":3,"name":"Arten","item":"http:\/\/www.fancyplants.de\/de\/carnihome\/arten\/"},{"@type":"ListItem","position":4,"name":"Klebefallen","item":"http:\/\/www.fancyplants.de\/de\/carnihome\/arten\/kleben\/"},{"@type":"ListItem","position":5,"name":"Taupflanze (Roridula)"}]},{"@type":"WebSite","@id":"http:\/\/www.fancyplants.de\/de\/#website","url":"http:\/\/www.fancyplants.de\/de\/","name":"Fancy Plants - Deutsch","description":"Eine weitere WordPress-Seite","potentialAction":[{"@type":"SearchAction","target":{"@type":"EntryPoint","urlTemplate":"http:\/\/www.fancyplants.de\/de\/?s={search_term_string}"},"query-input":{"@type":"PropertyValueSpecification","valueRequired":true,"valueName":"search_term_string"}}],"inLanguage":"de"}]}},"_links":{"self":[{"href":"http:\/\/www.fancyplants.de\/de\/wp-json\/wp\/v2\/pages\/406","targetHints":{"allow":["GET"]}}],"collection":[{"href":"http:\/\/www.fancyplants.de\/de\/wp-json\/wp\/v2\/pages"}],"about":[{"href":"http:\/\/www.fancyplants.de\/de\/wp-json\/wp\/v2\/types\/page"}],"author":[{"embeddable":true,"href":"http:\/\/www.fancyplants.de\/de\/wp-json\/wp\/v2\/users\/1"}],"replies":[{"embeddable":true,"href":"http:\/\/www.fancyplants.de\/de\/wp-json\/wp\/v2\/comments?post=406"}],"version-history":[{"count":4,"href":"http:\/\/www.fancyplants.de\/de\/wp-json\/wp\/v2\/pages\/406\/revisions"}],"predecessor-version":[{"id":3234,"href":"http:\/\/www.fancyplants.de\/de\/wp-json\/wp\/v2\/pages\/406\/revisions\/3234"}],"up":[{"embeddable":true,"href":"http:\/\/www.fancyplants.de\/de\/wp-json\/wp\/v2\/pages\/345"}],"wp:attachment":[{"href":"http:\/\/www.fancyplants.de\/de\/wp-json\/wp\/v2\/media?parent=406"}],"curies":[{"name":"wp","href":"https:\/\/api.w.org\/{rel}","templated":true}]}}