{"id":404,"date":"2015-06-20T12:12:06","date_gmt":"2015-06-20T10:12:06","guid":{"rendered":"http:\/\/www.fancyplants.de\/de\/?page_id=404"},"modified":"2019-10-15T08:51:11","modified_gmt":"2019-10-15T06:51:11","slug":"stylidium","status":"publish","type":"page","link":"http:\/\/www.fancyplants.de\/de\/carnihome\/arten\/kleben\/stylidium\/","title":{"rendered":"Schusspflanze (Stylidium)"},"content":{"rendered":"<div class=\"fusion-fullwidth fullwidth-box fusion-builder-row-1 hundred-percent-fullwidth non-hundred-percent-height-scrolling\" style=\"--awb-border-radius-top-left:0px;--awb-border-radius-top-right:0px;--awb-border-radius-bottom-right:0px;--awb-border-radius-bottom-left:0px;--awb-overflow:visible;--awb-flex-wrap:wrap;\" ><div class=\"fusion-builder-row fusion-row\"><div class=\"fusion-layout-column fusion_builder_column fusion-builder-column-0 fusion_builder_column_1_1 1_1 fusion-one-full fusion-column-first fusion-column-last\" style=\"--awb-bg-size:cover;\"><div class=\"fusion-column-wrapper fusion-flex-column-wrapper-legacy\"><div class=\"fusion-title title fusion-title-1 fusion-title-text fusion-title-size-one\"><h1 class=\"fusion-title-heading title-heading-left\" style=\"margin:0;\">Schusspflanze (<i>Stylidium<\/i>)<\/h1><span class=\"awb-title-spacer\"><\/span><div class=\"title-sep-container\"><div class=\"title-sep sep-single sep-solid\" style=\"border-color:#3e3e3e;\"><\/div><\/div><\/div><div class=\"fusion-title title fusion-title-2 fusion-title-text fusion-title-size-two\"><h2 class=\"fusion-title-heading title-heading-left\" style=\"margin:0;\">Im \u00dcberblick<\/h2><span class=\"awb-title-spacer\"><\/span><div class=\"title-sep-container\"><div class=\"title-sep sep-single sep-solid\" style=\"border-color:#3e3e3e;\"><\/div><\/div><\/div><div class=\"fusion-text fusion-text-1\"><div class=\"intextr\"><a class=\"lupe200\" title=\"Schusspflanze (Stylidium spec.).\" href=\"..\/..\/..\/..\/..\/images\/carnivorous\/stylidium.jpg\" data-gallery=\"\"><img decoding=\"async\" src=\"..\/..\/..\/..\/..\/images\/carnivorous\/stylidiums.jpg\" alt=\"Schusspflanze (Stylidium spec.).\" width=\"200\" height=\"200\" \/><span><\/span><\/a><\/div>\n<p>Mit ungef\u00e4hr 300 Arten handelt es sich bei den Schusspflanzen um die gr\u00f6\u00dfte karnivore Gattung. Bis auf 4 Arten kommen alle ausschlie\u00dflich in Australien vor. Meistens handelt es sich um rosettenbildende, seltener um aufrecht-kletternde oder strauchartige Pflanzen. Die \u00fcberwiegende Zahl der Schusspflanzen ist mehrj\u00e4hrig. Die Habitate reichen von Bachufern, wo sie teilweise auch halbaquatisch stehen, hin bis zu teilweise trockenen Sandb\u00f6den. Der Name r\u00fchrt vom Best\u00e4ubungsmechanismus her. Schusspflanzen sind ber\u00fchrungsempfindlich. Sobald ein Insekt auf der Bl\u00fcte landet l\u00f6st dieses einen Reiz aus, welcher dazu f\u00fchrt, dass das Gynostemium (eine S\u00e4ule bestehend aus den Staubbeuteln und der Narbe) schlagartig auf das Insekt gepresst wird. Bei j\u00fcngeren Bl\u00fcten wird das Insekt mit Pollen bepudert, bei \u00e4lteren Bl\u00fcten ist die Narbe weitergewachsen und hat mittlerweile die Staubbeutel zur Seite verdr\u00e4ngt. In diesem Fall wird die Narbe auf das Insekt gepresst und nimmt potentiell vorhandene Pollen auf. Durch diesen Mechanismus verhindert die Schusspflanze eine Selbstbest\u00e4ubung.<\/p>\n<\/div><div class=\"fusion-title title fusion-title-3 fusion-title-text fusion-title-size-two\"><h2 class=\"fusion-title-heading title-heading-left\" style=\"margin:0;\">Fallenmechanismus<\/h2><span class=\"awb-title-spacer\"><\/span><div class=\"title-sep-container\"><div class=\"title-sep sep-single sep-solid\" style=\"border-color:#3e3e3e;\"><\/div><\/div><\/div><div class=\"fusion-text fusion-text-2\"><p>Der prinzipielle Fallenmechanismus wurde bereits auf der <a class=\"link\" href=\"..\/..\/kleben\">vorherigen Seite<\/a> ausf\u00fchrlich beschrieben. Teilweise besitzt die Pflanze Dr\u00fcsenhaare, mit denen Insekten gefangen werden. Vor wenigen Jahren ist die Produktion von Proteasen (Enzyme, die Eiwei\u00dfe spalten) nachgewiesen worden. Bei den Schusspflanzen handelt es sich daher um echte Karnivoren.<\/p>\n<\/div><div class=\"fusion-title title fusion-title-4 fusion-title-text fusion-title-size-two\"><h2 class=\"fusion-title-heading title-heading-left\" style=\"margin:0;\">Kultur und Vermehrung<\/h2><span class=\"awb-title-spacer\"><\/span><div class=\"title-sep-container\"><div class=\"title-sep sep-single sep-solid\" style=\"border-color:#3e3e3e;\"><\/div><\/div><\/div><div class=\"fusion-text fusion-text-3\"><p>Bislang habe ich diese Gattung noch nicht in Kultur gehabt, so dass ich an dieser Stelle keine eigenen Erfahrungen einstellen kann. Manche Arten sollen durchaus einfach zu halten und f\u00fcr eine Kultur auf dem Fensterbrett geeignet sein. Daneben existieren wohl Arten, die nur etwas f\u00fcr den Spezialisten sind.<\/p>\n<\/div><div class=\"fusion-clearfix\"><\/div><\/div><\/div><\/div><\/div>","protected":false},"excerpt":{"rendered":"","protected":false},"author":1,"featured_media":0,"parent":345,"menu_order":0,"comment_status":"open","ping_status":"open","template":"","meta":{"footnotes":""},"class_list":["post-404","page","type-page","status-publish","hentry"],"yoast_head":"<!-- This site is optimized with the Yoast SEO plugin v26.9 - https:\/\/yoast.com\/product\/yoast-seo-wordpress\/ -->\n<title>Schusspflanze (Stylidium) - Fancy Plants - Deutsch<\/title>\n<meta name=\"description\" content=\"Sie finden hier ein Portr\u00e4t der Schusspflanze (Stylidium) inklusive Pflanzenbeschreibung, Verbreitung, Fallenmechanismus und Kulturanleitung.\" \/>\n<meta name=\"robots\" content=\"index, follow, max-snippet:-1, max-image-preview:large, max-video-preview:-1\" \/>\n<link rel=\"canonical\" href=\"http:\/\/www.fancyplants.de\/de\/carnihome\/arten\/kleben\/stylidium\/\" \/>\n<meta property=\"og:locale\" content=\"de_DE\" \/>\n<meta property=\"og:type\" content=\"article\" \/>\n<meta property=\"og:title\" content=\"Schusspflanze (Stylidium) - Fancy Plants - Deutsch\" \/>\n<meta property=\"og:description\" content=\"Sie finden hier ein Portr\u00e4t der Schusspflanze (Stylidium) inklusive Pflanzenbeschreibung, Verbreitung, Fallenmechanismus und Kulturanleitung.\" \/>\n<meta property=\"og:url\" content=\"http:\/\/www.fancyplants.de\/de\/carnihome\/arten\/kleben\/stylidium\/\" \/>\n<meta property=\"og:site_name\" content=\"Fancy Plants - Deutsch\" \/>\n<meta property=\"article:modified_time\" content=\"2019-10-15T06:51:11+00:00\" \/>\n<meta name=\"twitter:card\" content=\"summary_large_image\" \/>\n<meta name=\"twitter:label1\" content=\"Gesch\u00e4tzte Lesezeit\" \/>\n\t<meta name=\"twitter:data1\" content=\"2\u00a0Minuten\" \/>\n<script type=\"application\/ld+json\" class=\"yoast-schema-graph\">{\"@context\":\"https:\/\/schema.org\",\"@graph\":[{\"@type\":\"WebPage\",\"@id\":\"http:\/\/www.fancyplants.de\/de\/carnihome\/arten\/kleben\/stylidium\/\",\"url\":\"http:\/\/www.fancyplants.de\/de\/carnihome\/arten\/kleben\/stylidium\/\",\"name\":\"Schusspflanze (Stylidium) - Fancy Plants - Deutsch\",\"isPartOf\":{\"@id\":\"http:\/\/www.fancyplants.de\/de\/#website\"},\"datePublished\":\"2015-06-20T10:12:06+00:00\",\"dateModified\":\"2019-10-15T06:51:11+00:00\",\"description\":\"Sie finden hier ein Portr\u00e4t der Schusspflanze (Stylidium) inklusive Pflanzenbeschreibung, Verbreitung, Fallenmechanismus und Kulturanleitung.\",\"breadcrumb\":{\"@id\":\"http:\/\/www.fancyplants.de\/de\/carnihome\/arten\/kleben\/stylidium\/#breadcrumb\"},\"inLanguage\":\"de\",\"potentialAction\":[{\"@type\":\"ReadAction\",\"target\":[\"http:\/\/www.fancyplants.de\/de\/carnihome\/arten\/kleben\/stylidium\/\"]}]},{\"@type\":\"BreadcrumbList\",\"@id\":\"http:\/\/www.fancyplants.de\/de\/carnihome\/arten\/kleben\/stylidium\/#breadcrumb\",\"itemListElement\":[{\"@type\":\"ListItem\",\"position\":1,\"name\":\"Home\",\"item\":\"http:\/\/www.fancyplants.de\/de\/\"},{\"@type\":\"ListItem\",\"position\":2,\"name\":\"Insektivoren\",\"item\":\"http:\/\/www.fancyplants.de\/de\/carnihome\/\"},{\"@type\":\"ListItem\",\"position\":3,\"name\":\"Arten\",\"item\":\"http:\/\/www.fancyplants.de\/de\/carnihome\/arten\/\"},{\"@type\":\"ListItem\",\"position\":4,\"name\":\"Klebefallen\",\"item\":\"http:\/\/www.fancyplants.de\/de\/carnihome\/arten\/kleben\/\"},{\"@type\":\"ListItem\",\"position\":5,\"name\":\"Schusspflanze (Stylidium)\"}]},{\"@type\":\"WebSite\",\"@id\":\"http:\/\/www.fancyplants.de\/de\/#website\",\"url\":\"http:\/\/www.fancyplants.de\/de\/\",\"name\":\"Fancy Plants - Deutsch\",\"description\":\"Eine weitere WordPress-Seite\",\"potentialAction\":[{\"@type\":\"SearchAction\",\"target\":{\"@type\":\"EntryPoint\",\"urlTemplate\":\"http:\/\/www.fancyplants.de\/de\/?s={search_term_string}\"},\"query-input\":{\"@type\":\"PropertyValueSpecification\",\"valueRequired\":true,\"valueName\":\"search_term_string\"}}],\"inLanguage\":\"de\"}]}<\/script>\n<!-- \/ Yoast SEO plugin. -->","yoast_head_json":{"title":"Schusspflanze (Stylidium) - Fancy Plants - Deutsch","description":"Sie finden hier ein Portr\u00e4t der Schusspflanze (Stylidium) inklusive Pflanzenbeschreibung, Verbreitung, Fallenmechanismus und Kulturanleitung.","robots":{"index":"index","follow":"follow","max-snippet":"max-snippet:-1","max-image-preview":"max-image-preview:large","max-video-preview":"max-video-preview:-1"},"canonical":"http:\/\/www.fancyplants.de\/de\/carnihome\/arten\/kleben\/stylidium\/","og_locale":"de_DE","og_type":"article","og_title":"Schusspflanze (Stylidium) - Fancy Plants - Deutsch","og_description":"Sie finden hier ein Portr\u00e4t der Schusspflanze (Stylidium) inklusive Pflanzenbeschreibung, Verbreitung, Fallenmechanismus und Kulturanleitung.","og_url":"http:\/\/www.fancyplants.de\/de\/carnihome\/arten\/kleben\/stylidium\/","og_site_name":"Fancy Plants - Deutsch","article_modified_time":"2019-10-15T06:51:11+00:00","twitter_card":"summary_large_image","twitter_misc":{"Gesch\u00e4tzte Lesezeit":"2\u00a0Minuten"},"schema":{"@context":"https:\/\/schema.org","@graph":[{"@type":"WebPage","@id":"http:\/\/www.fancyplants.de\/de\/carnihome\/arten\/kleben\/stylidium\/","url":"http:\/\/www.fancyplants.de\/de\/carnihome\/arten\/kleben\/stylidium\/","name":"Schusspflanze (Stylidium) - Fancy Plants - Deutsch","isPartOf":{"@id":"http:\/\/www.fancyplants.de\/de\/#website"},"datePublished":"2015-06-20T10:12:06+00:00","dateModified":"2019-10-15T06:51:11+00:00","description":"Sie finden hier ein Portr\u00e4t der Schusspflanze (Stylidium) inklusive Pflanzenbeschreibung, Verbreitung, Fallenmechanismus und Kulturanleitung.","breadcrumb":{"@id":"http:\/\/www.fancyplants.de\/de\/carnihome\/arten\/kleben\/stylidium\/#breadcrumb"},"inLanguage":"de","potentialAction":[{"@type":"ReadAction","target":["http:\/\/www.fancyplants.de\/de\/carnihome\/arten\/kleben\/stylidium\/"]}]},{"@type":"BreadcrumbList","@id":"http:\/\/www.fancyplants.de\/de\/carnihome\/arten\/kleben\/stylidium\/#breadcrumb","itemListElement":[{"@type":"ListItem","position":1,"name":"Home","item":"http:\/\/www.fancyplants.de\/de\/"},{"@type":"ListItem","position":2,"name":"Insektivoren","item":"http:\/\/www.fancyplants.de\/de\/carnihome\/"},{"@type":"ListItem","position":3,"name":"Arten","item":"http:\/\/www.fancyplants.de\/de\/carnihome\/arten\/"},{"@type":"ListItem","position":4,"name":"Klebefallen","item":"http:\/\/www.fancyplants.de\/de\/carnihome\/arten\/kleben\/"},{"@type":"ListItem","position":5,"name":"Schusspflanze (Stylidium)"}]},{"@type":"WebSite","@id":"http:\/\/www.fancyplants.de\/de\/#website","url":"http:\/\/www.fancyplants.de\/de\/","name":"Fancy Plants - Deutsch","description":"Eine weitere WordPress-Seite","potentialAction":[{"@type":"SearchAction","target":{"@type":"EntryPoint","urlTemplate":"http:\/\/www.fancyplants.de\/de\/?s={search_term_string}"},"query-input":{"@type":"PropertyValueSpecification","valueRequired":true,"valueName":"search_term_string"}}],"inLanguage":"de"}]}},"_links":{"self":[{"href":"http:\/\/www.fancyplants.de\/de\/wp-json\/wp\/v2\/pages\/404","targetHints":{"allow":["GET"]}}],"collection":[{"href":"http:\/\/www.fancyplants.de\/de\/wp-json\/wp\/v2\/pages"}],"about":[{"href":"http:\/\/www.fancyplants.de\/de\/wp-json\/wp\/v2\/types\/page"}],"author":[{"embeddable":true,"href":"http:\/\/www.fancyplants.de\/de\/wp-json\/wp\/v2\/users\/1"}],"replies":[{"embeddable":true,"href":"http:\/\/www.fancyplants.de\/de\/wp-json\/wp\/v2\/comments?post=404"}],"version-history":[{"count":1,"href":"http:\/\/www.fancyplants.de\/de\/wp-json\/wp\/v2\/pages\/404\/revisions"}],"predecessor-version":[{"id":3070,"href":"http:\/\/www.fancyplants.de\/de\/wp-json\/wp\/v2\/pages\/404\/revisions\/3070"}],"up":[{"embeddable":true,"href":"http:\/\/www.fancyplants.de\/de\/wp-json\/wp\/v2\/pages\/345"}],"wp:attachment":[{"href":"http:\/\/www.fancyplants.de\/de\/wp-json\/wp\/v2\/media?parent=404"}],"curies":[{"name":"wp","href":"https:\/\/api.w.org\/{rel}","templated":true}]}}