{"id":400,"date":"2015-06-20T12:10:49","date_gmt":"2015-06-20T10:10:49","guid":{"rendered":"http:\/\/www.fancyplants.de\/de\/?page_id=400"},"modified":"2019-10-15T08:51:11","modified_gmt":"2019-10-15T06:51:11","slug":"byblis","status":"publish","type":"page","link":"http:\/\/www.fancyplants.de\/de\/carnihome\/arten\/kleben\/byblis\/","title":{"rendered":"Regenbogenpflanze (Byblis)"},"content":{"rendered":"<div class=\"fusion-fullwidth fullwidth-box fusion-builder-row-1 hundred-percent-fullwidth non-hundred-percent-height-scrolling\" style=\"--awb-border-radius-top-left:0px;--awb-border-radius-top-right:0px;--awb-border-radius-bottom-right:0px;--awb-border-radius-bottom-left:0px;--awb-overflow:visible;--awb-flex-wrap:wrap;\" ><div class=\"fusion-builder-row fusion-row\"><div class=\"fusion-layout-column fusion_builder_column fusion-builder-column-0 fusion_builder_column_1_1 1_1 fusion-one-full fusion-column-first fusion-column-last\" style=\"--awb-bg-size:cover;\"><div class=\"fusion-column-wrapper fusion-flex-column-wrapper-legacy\"><div class=\"fusion-title title fusion-title-1 fusion-title-text fusion-title-size-one\"><h1 class=\"fusion-title-heading title-heading-left\" style=\"margin:0;\">Regenbogenpflanze (<i>Byblis<\/i>)<\/h1><span class=\"awb-title-spacer\"><\/span><div class=\"title-sep-container\"><div class=\"title-sep sep-single sep-solid\" style=\"border-color:#3e3e3e;\"><\/div><\/div><\/div><div class=\"fusion-title title fusion-title-2 fusion-title-text fusion-title-size-two\"><h2 class=\"fusion-title-heading title-heading-left\" style=\"margin:0;\">Im \u00dcberblick<\/h2><span class=\"awb-title-spacer\"><\/span><div class=\"title-sep-container\"><div class=\"title-sep sep-single sep-solid\" style=\"border-color:#3e3e3e;\"><\/div><\/div><\/div><div class=\"fusion-text fusion-text-1\"><p>Die Gattung <i>Byblis<\/i> (Regenbogenpflanze) ist mit f\u00fcnf Arten eine kleine Gattung fleischfressender Pflanzen. Mitglieder dieser Gattung finden sich im S\u00fcden von Neu-Guinea und haupts\u00e4chlich in Nordaustralien. Eine Sonderstellung nimmt <i>Byblis gigantea<\/i> ein, die in Westaustralien beheimatet ist. Es ist eine mehrj\u00e4hrige, buschartige Pflanze, die ein H\u00f6he von einem Meter erreichen kann. Ansonsten sind die Vertreter der Gattung <i>Byblis<\/i> einj\u00e4hrige, ziemlich kleine und zerbrechliche Pflanzen. Insbesondere <i>Byblis liniflora<\/i> prodzuiert viele, selbstfertile, lilane Bl\u00fcten im Sommer.<\/p>\n<\/div><div class=\"fusion-title title fusion-title-3 fusion-title-text fusion-title-size-two\"><h2 class=\"fusion-title-heading title-heading-left\" style=\"margin:0;\">Fallenmechanismus<\/h2><span class=\"awb-title-spacer\"><\/span><div class=\"title-sep-container\"><div class=\"title-sep sep-single sep-solid\" style=\"border-color:#3e3e3e;\"><\/div><\/div><\/div><div class=\"fusion-text fusion-text-2\"><p>Der prinzipielle Fallenmechanismus wurde bereits auf der <a class=\"link\" href=\"..\/..\/kleben\">vorherigen Seite<\/a> ausf\u00fchrlich beschrieben. Die Regenbogenpflanze bildet auf der kompletten Pflanze zahlreiche unbewegliche Tentakeln, die an ihrem Ende kleine Klebetropfen absondern. Mit Hilfe der Klebetropfen sind die Regenbogenpflanzen in der Lage, kleine Insekten zu fangen. Anfang des 20. Jahrhunderts wurde im Tau der Regenbogenpflanze scheinbar Verdauungsenzyme nachgewiesen. Meines Wissens wurde seither dieser experimentelle Nachweis in zahlreichen Untersuchungen nicht verifiziert, so dass die Gattung <i>Byblis<\/i> streng genommen als <a href=\"..\/..\/..\/..\/service\/bibliothek#praecarn\" target=\"_blank\" rel=\"noopener noreferrer\"><i class=\"fa fa-book\"><\/i> pr\u00e4karnivor<\/a> einzustufen ist.<\/p>\n<\/div><div class=\"fusion-title title fusion-title-4 fusion-title-text fusion-title-size-two\"><h2 class=\"fusion-title-heading title-heading-left\" style=\"margin:0;\">Kultur und Vermehrung<\/h2><span class=\"awb-title-spacer\"><\/span><div class=\"title-sep-container\"><div class=\"title-sep sep-single sep-solid\" style=\"border-color:#3e3e3e;\"><\/div><\/div><\/div><div class=\"fusion-text fusion-text-3\"><p>Bislang habe ich nur Erfahrungen in der Kultur von <i>Byblis liniflora<\/i> sammeln k\u00f6nnen. Deren Kultur und Anzucht ist einfach. Wie bereits erw\u00e4hnt ist <i>Byblis liniflora<\/i> einj\u00e4hrig, sie muss also jedes Jahr neu ausges\u00e4t werden. Den Samen legen Sie auf das Substrat, nicht bedecken, da ein Lichtkeimer. Bereits nach kurzer Zeit erscheint der Keimling. Da sp\u00e4ter sowohl die Pflanze sehr zerbrechlich ist, als auch fragile Wurzeln hat, s\u00e4e ich pro Topf nur eine Pflanze aus. Der Topf kann durchaus klein sein, da die Pflanze in einem Jahr maximal 25 Zentimeter H\u00f6he erreicht und ein relativ bescheidenes Wurzelsystem ausbildet. Als Substrat empfiehlt sich unged\u00fcngter Wei\u00dftorf gemischt mit viel Quarzsand (Verh\u00e4ltnis 2:1 bis 1:1). Eine leichte, permanente Anstaubew\u00e4sserung (Wasserstand 0,5 &#8211; 1,0 cm) wird gut toleriert. Obwohl die <i>Byblis liniflora<\/i> aus tropischen Gefilden stammt, reagiert sie auf feuchte, abgestandene Luft heikel und schimmelt z\u00fcgig am Stamm. Sie ist daher keine Pflanze f\u00fcr ein geschlossenes Terrarium. Ich s\u00e4e meine Pflanzen im zeitigen Fr\u00fchjahr auf dem Fensterbrett aus und halte die Pflanzen ab dem Mai im Freien an einem sonnigen und windgesch\u00fctzten Platz. Wenn Sie die Pflanzen rechtzeitig auss\u00e4en, sind sie bis zum Sommer gro\u00df genug, um zu bl\u00fchen. Die selbstfertilen Bl\u00fcten setzen dann Samen an, die im Herbst geerntet werden k\u00f6nnen, ehe die Pflanze abstirbt.<\/p>\n<\/div><div class=\"fusion-clearfix\"><\/div><\/div><\/div><\/div><\/div>","protected":false},"excerpt":{"rendered":"","protected":false},"author":1,"featured_media":0,"parent":345,"menu_order":0,"comment_status":"open","ping_status":"open","template":"","meta":{"footnotes":""},"class_list":["post-400","page","type-page","status-publish","hentry"],"yoast_head":"<!-- This site is optimized with the Yoast SEO plugin v26.9 - https:\/\/yoast.com\/product\/yoast-seo-wordpress\/ -->\n<title>Regenbogenpflanze (Byblis) - Fancy Plants - Deutsch<\/title>\n<meta name=\"description\" content=\"Sie finden hier ein Portr\u00e4t der Regenbogenpflanze (Byblis) inklusive Pflanzenbeschreibung, Verbreitung, Fallenmechanismus und Kulturanleitung.\" \/>\n<meta name=\"robots\" content=\"index, follow, max-snippet:-1, max-image-preview:large, max-video-preview:-1\" \/>\n<link rel=\"canonical\" href=\"http:\/\/www.fancyplants.de\/de\/carnihome\/arten\/kleben\/byblis\/\" \/>\n<meta property=\"og:locale\" content=\"de_DE\" \/>\n<meta property=\"og:type\" content=\"article\" \/>\n<meta property=\"og:title\" content=\"Regenbogenpflanze (Byblis) - Fancy Plants - Deutsch\" \/>\n<meta property=\"og:description\" content=\"Sie finden hier ein Portr\u00e4t der Regenbogenpflanze (Byblis) inklusive Pflanzenbeschreibung, Verbreitung, Fallenmechanismus und Kulturanleitung.\" \/>\n<meta property=\"og:url\" content=\"http:\/\/www.fancyplants.de\/de\/carnihome\/arten\/kleben\/byblis\/\" \/>\n<meta property=\"og:site_name\" content=\"Fancy Plants - Deutsch\" \/>\n<meta property=\"article:modified_time\" content=\"2019-10-15T06:51:11+00:00\" \/>\n<meta name=\"twitter:card\" content=\"summary_large_image\" \/>\n<meta name=\"twitter:label1\" content=\"Gesch\u00e4tzte Lesezeit\" \/>\n\t<meta name=\"twitter:data1\" content=\"3\u00a0Minuten\" \/>\n<script type=\"application\/ld+json\" class=\"yoast-schema-graph\">{\"@context\":\"https:\/\/schema.org\",\"@graph\":[{\"@type\":\"WebPage\",\"@id\":\"http:\/\/www.fancyplants.de\/de\/carnihome\/arten\/kleben\/byblis\/\",\"url\":\"http:\/\/www.fancyplants.de\/de\/carnihome\/arten\/kleben\/byblis\/\",\"name\":\"Regenbogenpflanze (Byblis) - Fancy Plants - Deutsch\",\"isPartOf\":{\"@id\":\"http:\/\/www.fancyplants.de\/de\/#website\"},\"datePublished\":\"2015-06-20T10:10:49+00:00\",\"dateModified\":\"2019-10-15T06:51:11+00:00\",\"description\":\"Sie finden hier ein Portr\u00e4t der Regenbogenpflanze (Byblis) inklusive Pflanzenbeschreibung, Verbreitung, Fallenmechanismus und Kulturanleitung.\",\"breadcrumb\":{\"@id\":\"http:\/\/www.fancyplants.de\/de\/carnihome\/arten\/kleben\/byblis\/#breadcrumb\"},\"inLanguage\":\"de\",\"potentialAction\":[{\"@type\":\"ReadAction\",\"target\":[\"http:\/\/www.fancyplants.de\/de\/carnihome\/arten\/kleben\/byblis\/\"]}]},{\"@type\":\"BreadcrumbList\",\"@id\":\"http:\/\/www.fancyplants.de\/de\/carnihome\/arten\/kleben\/byblis\/#breadcrumb\",\"itemListElement\":[{\"@type\":\"ListItem\",\"position\":1,\"name\":\"Home\",\"item\":\"http:\/\/www.fancyplants.de\/de\/\"},{\"@type\":\"ListItem\",\"position\":2,\"name\":\"Insektivoren\",\"item\":\"http:\/\/www.fancyplants.de\/de\/carnihome\/\"},{\"@type\":\"ListItem\",\"position\":3,\"name\":\"Arten\",\"item\":\"http:\/\/www.fancyplants.de\/de\/carnihome\/arten\/\"},{\"@type\":\"ListItem\",\"position\":4,\"name\":\"Klebefallen\",\"item\":\"http:\/\/www.fancyplants.de\/de\/carnihome\/arten\/kleben\/\"},{\"@type\":\"ListItem\",\"position\":5,\"name\":\"Regenbogenpflanze (Byblis)\"}]},{\"@type\":\"WebSite\",\"@id\":\"http:\/\/www.fancyplants.de\/de\/#website\",\"url\":\"http:\/\/www.fancyplants.de\/de\/\",\"name\":\"Fancy Plants - Deutsch\",\"description\":\"Eine weitere WordPress-Seite\",\"potentialAction\":[{\"@type\":\"SearchAction\",\"target\":{\"@type\":\"EntryPoint\",\"urlTemplate\":\"http:\/\/www.fancyplants.de\/de\/?s={search_term_string}\"},\"query-input\":{\"@type\":\"PropertyValueSpecification\",\"valueRequired\":true,\"valueName\":\"search_term_string\"}}],\"inLanguage\":\"de\"}]}<\/script>\n<!-- \/ Yoast SEO plugin. -->","yoast_head_json":{"title":"Regenbogenpflanze (Byblis) - Fancy Plants - Deutsch","description":"Sie finden hier ein Portr\u00e4t der Regenbogenpflanze (Byblis) inklusive Pflanzenbeschreibung, Verbreitung, Fallenmechanismus und Kulturanleitung.","robots":{"index":"index","follow":"follow","max-snippet":"max-snippet:-1","max-image-preview":"max-image-preview:large","max-video-preview":"max-video-preview:-1"},"canonical":"http:\/\/www.fancyplants.de\/de\/carnihome\/arten\/kleben\/byblis\/","og_locale":"de_DE","og_type":"article","og_title":"Regenbogenpflanze (Byblis) - Fancy Plants - Deutsch","og_description":"Sie finden hier ein Portr\u00e4t der Regenbogenpflanze (Byblis) inklusive Pflanzenbeschreibung, Verbreitung, Fallenmechanismus und Kulturanleitung.","og_url":"http:\/\/www.fancyplants.de\/de\/carnihome\/arten\/kleben\/byblis\/","og_site_name":"Fancy Plants - Deutsch","article_modified_time":"2019-10-15T06:51:11+00:00","twitter_card":"summary_large_image","twitter_misc":{"Gesch\u00e4tzte Lesezeit":"3\u00a0Minuten"},"schema":{"@context":"https:\/\/schema.org","@graph":[{"@type":"WebPage","@id":"http:\/\/www.fancyplants.de\/de\/carnihome\/arten\/kleben\/byblis\/","url":"http:\/\/www.fancyplants.de\/de\/carnihome\/arten\/kleben\/byblis\/","name":"Regenbogenpflanze (Byblis) - Fancy Plants - Deutsch","isPartOf":{"@id":"http:\/\/www.fancyplants.de\/de\/#website"},"datePublished":"2015-06-20T10:10:49+00:00","dateModified":"2019-10-15T06:51:11+00:00","description":"Sie finden hier ein Portr\u00e4t der Regenbogenpflanze (Byblis) inklusive Pflanzenbeschreibung, Verbreitung, Fallenmechanismus und Kulturanleitung.","breadcrumb":{"@id":"http:\/\/www.fancyplants.de\/de\/carnihome\/arten\/kleben\/byblis\/#breadcrumb"},"inLanguage":"de","potentialAction":[{"@type":"ReadAction","target":["http:\/\/www.fancyplants.de\/de\/carnihome\/arten\/kleben\/byblis\/"]}]},{"@type":"BreadcrumbList","@id":"http:\/\/www.fancyplants.de\/de\/carnihome\/arten\/kleben\/byblis\/#breadcrumb","itemListElement":[{"@type":"ListItem","position":1,"name":"Home","item":"http:\/\/www.fancyplants.de\/de\/"},{"@type":"ListItem","position":2,"name":"Insektivoren","item":"http:\/\/www.fancyplants.de\/de\/carnihome\/"},{"@type":"ListItem","position":3,"name":"Arten","item":"http:\/\/www.fancyplants.de\/de\/carnihome\/arten\/"},{"@type":"ListItem","position":4,"name":"Klebefallen","item":"http:\/\/www.fancyplants.de\/de\/carnihome\/arten\/kleben\/"},{"@type":"ListItem","position":5,"name":"Regenbogenpflanze (Byblis)"}]},{"@type":"WebSite","@id":"http:\/\/www.fancyplants.de\/de\/#website","url":"http:\/\/www.fancyplants.de\/de\/","name":"Fancy Plants - Deutsch","description":"Eine weitere WordPress-Seite","potentialAction":[{"@type":"SearchAction","target":{"@type":"EntryPoint","urlTemplate":"http:\/\/www.fancyplants.de\/de\/?s={search_term_string}"},"query-input":{"@type":"PropertyValueSpecification","valueRequired":true,"valueName":"search_term_string"}}],"inLanguage":"de"}]}},"_links":{"self":[{"href":"http:\/\/www.fancyplants.de\/de\/wp-json\/wp\/v2\/pages\/400","targetHints":{"allow":["GET"]}}],"collection":[{"href":"http:\/\/www.fancyplants.de\/de\/wp-json\/wp\/v2\/pages"}],"about":[{"href":"http:\/\/www.fancyplants.de\/de\/wp-json\/wp\/v2\/types\/page"}],"author":[{"embeddable":true,"href":"http:\/\/www.fancyplants.de\/de\/wp-json\/wp\/v2\/users\/1"}],"replies":[{"embeddable":true,"href":"http:\/\/www.fancyplants.de\/de\/wp-json\/wp\/v2\/comments?post=400"}],"version-history":[{"count":1,"href":"http:\/\/www.fancyplants.de\/de\/wp-json\/wp\/v2\/pages\/400\/revisions"}],"predecessor-version":[{"id":3072,"href":"http:\/\/www.fancyplants.de\/de\/wp-json\/wp\/v2\/pages\/400\/revisions\/3072"}],"up":[{"embeddable":true,"href":"http:\/\/www.fancyplants.de\/de\/wp-json\/wp\/v2\/pages\/345"}],"wp:attachment":[{"href":"http:\/\/www.fancyplants.de\/de\/wp-json\/wp\/v2\/media?parent=400"}],"curies":[{"name":"wp","href":"https:\/\/api.w.org\/{rel}","templated":true}]}}