{"id":396,"date":"2015-06-20T12:09:12","date_gmt":"2015-06-20T10:09:12","guid":{"rendered":"http:\/\/www.fancyplants.de\/de\/?page_id=396"},"modified":"2019-10-15T08:51:12","modified_gmt":"2019-10-15T06:51:12","slug":"pinguicula","status":"publish","type":"page","link":"http:\/\/www.fancyplants.de\/de\/carnihome\/arten\/kleben\/pinguicula\/","title":{"rendered":"Fettkraut (Pinguicula)"},"content":{"rendered":"<div class=\"fusion-fullwidth fullwidth-box fusion-builder-row-1 hundred-percent-fullwidth non-hundred-percent-height-scrolling\" style=\"--awb-border-radius-top-left:0px;--awb-border-radius-top-right:0px;--awb-border-radius-bottom-right:0px;--awb-border-radius-bottom-left:0px;--awb-overflow:visible;--awb-flex-wrap:wrap;\" ><div class=\"fusion-builder-row fusion-row\"><div class=\"fusion-layout-column fusion_builder_column fusion-builder-column-0 fusion_builder_column_1_1 1_1 fusion-one-full fusion-column-first fusion-column-last\" style=\"--awb-bg-size:cover;\"><div class=\"fusion-column-wrapper fusion-flex-column-wrapper-legacy\"><div class=\"fusion-title title fusion-title-1 fusion-title-text fusion-title-size-one\"><h1 class=\"fusion-title-heading title-heading-left\" style=\"margin:0;\">Fettkraut (<i>Pinguicula<\/i>)<\/h1><span class=\"awb-title-spacer\"><\/span><div class=\"title-sep-container\"><div class=\"title-sep sep-single sep-solid\" style=\"border-color:#3e3e3e;\"><\/div><\/div><\/div><div class=\"fusion-title title fusion-title-2 fusion-title-text fusion-title-size-two\"><h2 class=\"fusion-title-heading title-heading-left\" style=\"margin:0;\">Im \u00dcberblick<\/h2><span class=\"awb-title-spacer\"><\/span><div class=\"title-sep-container\"><div class=\"title-sep sep-single sep-solid\" style=\"border-color:#3e3e3e;\"><\/div><\/div><\/div><div class=\"fusion-text fusion-text-1\"><div class=\"intextr\"><a class=\"lupe200\" title=\"Gemeines Fettkraut (Pinguicula vulgaris), Bl\u00fcte im Mai 2011 am Naturstandort.\" href=\"..\/..\/..\/..\/..\/images\/carnivorous\/pvulg3.jpg\" data-gallery=\"\"><img decoding=\"async\" src=\"..\/..\/..\/..\/..\/images\/carnivorous\/pvulg3s.jpg\" alt=\"Gemeines Fettkraut (Pinguicula vulgaris), Bl\u00fcte im Mai 2011 am Naturstandort.\" width=\"200\" height=\"200\" \/><span><\/span><\/a><\/div>\n<p>Die Gattung aus der Familie der Wasserschlauchgew\u00e4chse ist mit etwa 90 Arten auf der gesamten Nordhalbkugel vertreten. Bei den Fettkr\u00e4utern handelt es sich um (von wenigen Arten abgesehen) mehrj\u00e4hrige, rosettenbildende Arten. Die Bl\u00e4tter sind zwischen wenigen bis knappen 30 Zentimetern lang und meist rundlich, seltener l\u00e4nglich bis fadenf\u00f6rmig. Es werden meist rosane bis violette veilchenartige Bl\u00fcten gebildet. Andere Bl\u00fctenfarben sind selten. Hauptverbreitungsschwerpunkt ist Mexiko, die meisten Arten dort sind heterophylle Pflanzen, bilden also sukkulente Winterbl\u00e4tter aus. Aus den tropischen und subtropischen Gebieten existieren daneben einige homophylle Fettkr\u00e4uter mit ganzj\u00e4hrig nur einer Blattform. Daneben existieren eine ganze Reihe von Arten aus den temperierten Zonen, die teils stark frostvertr\u00e4glich sind. Auch hier existieren homophylle und heterophylle Pflanzen.<\/p>\n<p><u>Hauptgruppen<\/u><\/p>\n<p><b>1. temperierte, heterophylle Pinguiculae:<\/b> Frostvertr\u00e4gliche Arten, die eine Winterknospe bilden, wie bei: <i>Pinguicula alpina<\/i>, <i>Pinguicula grandiflora<\/i> oder <i>Pinguicula vulgaris<\/i><\/p>\n<p><b>2. temperierte, homophylle Pinguiculae:<\/b> Nicht oder nur gering frostvertr\u00e4gliche Arten, die keine Winterknospe bilden, wie bei: <i>Pinguicula lusitanica<\/i> oder <i>Pinguicula lutea<\/i><\/p>\n<p><b>3. subtropische &#8211; tropische, heterophylle Pinguiculae:<\/b> Die meisten mexikanischen Arten. Nicht k\u00e4ltevertr\u00e4glich, aber im Winter wird ein kleine Ruherosette gebildet, wie bei: <i>Pinguicula gypsicola<\/i> oder <i>Pinguicula moranensis<\/i><\/p>\n<p><b>4. subtropische &#8211; tropische, homophylle Pinguiculae:<\/b> Fettkr\u00e4uter aus tropischer Herkunft mit nur einer Blattform, wie bei: <i>Pinguicula emarginata<\/i> oder <i>Pinguicula lignicola<\/i><\/p>\n<\/div><div class=\"fusion-title title fusion-title-3 fusion-title-text fusion-title-size-two\"><h2 class=\"fusion-title-heading title-heading-left\" style=\"margin:0;\">Fallenmechanismus<\/h2><span class=\"awb-title-spacer\"><\/span><div class=\"title-sep-container\"><div class=\"title-sep sep-single sep-solid\" style=\"border-color:#3e3e3e;\"><\/div><\/div><\/div><div class=\"fusion-text fusion-text-2\"><div class=\"intextr\"><a class=\"lupe200\" title=\"Gro\u00dfbl\u00fctiges Fettkraut (Pinguicula grandiflora).\" href=\"..\/..\/..\/..\/..\/images\/carnivorous\/pgrandi.jpg\" data-gallery=\"\"><img decoding=\"async\" src=\"..\/..\/..\/..\/..\/images\/carnivorous\/pgrandis.jpg\" alt=\"Gro\u00dfbl\u00fctiges Fettkraut (Pinguicula grandiflora).\" width=\"200\" height=\"200\" \/><span><\/span><\/a><\/div>\n<p>Der prinzipielle Fallenmechanismus wurde bereits auf der <a class=\"link\" href=\"..\/..\/kleben\">vorherigen Seite<\/a> ausf\u00fchrlich beschrieben. Auf der Blattoberfl\u00e4che befinden sich einerseits kurz-gestielte Tentakeln, daneben nicht-gestielte Dr\u00fcsen. Der auf einer Polysaccharid-L\u00f6sung basierende Fangschleim wird von den Tentakeln abgegeben. Fettkr\u00e4uter produzieren eine Reihe an Enzymen, womit die Beute, die vor allem aus kleinen Fliegen besteht, verdaut wird. Die Spaltprodukte werden \u00fcber die ungestielten Dr\u00fcsen resorbiert. Die Fettkr\u00e4uter z\u00e4hlen zu den aktiven Klebefallen. Zwar sind die Tentakeln unbeweglich, es besteht aber eine mehr oder minder ausgepr\u00e4gte F\u00e4higkeit zu einer Bewegung des Blattes. Manchmal ist diese F\u00e4higkeit nur marginal ausgepr\u00e4gt und es findet sich allenfalls eine leichte Eindellung des Blattes im Bereich der Beute, so dass diese in einem kleinen See an enzymreicher Verdauungsfl\u00fcssigkeit schwimmt. Daneben existieren aber auch Arten, die vor allem im Blattrandbereich eine gr\u00f6\u00dfere Beweglichkeit des Blattes aufweisen.<\/p>\n<p><u>Hauptgruppen<\/u><\/p>\n<p><b>1. temperierte, heterophylle Pinguiculae:<\/b> Frostvertr\u00e4gliche Arten, die eine Winterknospe bilden, wie bei: <i>Pinguicula alpina<\/i>, <i>Pinguicula grandiflora<\/i> oder <i>Pinguicula vulgaris<\/i><\/p>\n<p><b>2. temperierte, homophylle Pinguiculae:<\/b> Nicht oder nur gering frostvertr\u00e4gliche Arten, die keine Winterknospe bilden, wie bei: <i>Pinguicula lusitanica<\/i> oder <i>Pinguicula lutea<\/i><\/p>\n<p><b>3. subtropische &#8211; tropische, heterophylle Pinguiculae:<\/b> Die meisten mexikanischen Arten. Nicht k\u00e4ltevertr\u00e4glich, aber im Winter wird ein kleine Ruherosette gebildet, wie bei: <i>Pinguicula gypsicola<\/i> oder <i>Pinguicula moranensis<\/i><\/p>\n<p><b>4. subtropische &#8211; tropische, homophylle Pinguiculae:<\/b> Fettkr\u00e4uter aus tropischer Herkunft mit nur einer Blattform, wie bei: <i>Pinguicula emarginata<\/i> oder <i>Pinguicula lignicola<\/i><\/p>\n<\/div><div class=\"fusion-title title fusion-title-4 fusion-title-text fusion-title-size-two\"><h2 class=\"fusion-title-heading title-heading-left\" style=\"margin:0;\">Kultur und Vermehrung<\/h2><span class=\"awb-title-spacer\"><\/span><div class=\"title-sep-container\"><div class=\"title-sep sep-single sep-solid\" style=\"border-color:#3e3e3e;\"><\/div><\/div><\/div><div class=\"fusion-text fusion-text-3\"><p><u>Die Kultur und Vermehrung der Hauptgruppen<\/u><\/p>\n<p><b>1. temperierte, heterophylle Pinguiculae:<\/b> Diese Arten kommen in Gebieten mit frostigen Wintern vor. Im Sommer werden luftfeuchte, eher k\u00fchle, sonnige bis halbschattige Standorte bevorzugt. Die B\u00f6den sind eher mineralreich und neutral bis gar alkalisch. Der ideale Standort ist im Freien in einem Moorbeet. Zu beachten ist jedoch, dass diese Arten mit einem sauren Hochmoorbeet Probleme haben, zudem wollen sie nicht so nass stehen wie manche anderen Outdoor-Insektivoren. Am besten ist somit die Pflege in einem Flachmoor-Beet oder einem Moork\u00fcbel mit einer Mischung aus Torf, Sand und etwas Lehm. Auch den Winter k\u00f6nnen diese Pflanzen drau\u00dfen verbringen. Eine Abdeckung mit Laub ist nur bei empfindlichen Arten erforderlich. Im Winter werden zudem zahlreiche Brutschuppen an der Basis der Winterknospe gebildet, aus denen sich im Fr\u00fchjahr leicht neue Pflanzen heranziehen lassen. Legen Sie die Brutschuppen zur Vermehrung einfach auf feuchten Torf.<\/p>\n<p><b>2. temperierte, homophylle Pinguiculae:<\/b> Diese Gruppe stammt ebenfalls aus Regionen, die einen Sommer und einen Winter aufweisen. Im Winter herrscht jedoch kein oder nur sehr geringer Frost. Eine richtige Winterknospe wird ebenso wenig gebildet wie Brutschuppen. Diese Arten sind in der Kultur deutlich schwieriger als temperierte, heterophylle Pinguiculae. Im Sommer gelten die gleichen Haltungsbedingungen. Die Pflanzen sollten jedoch nicht ausgepflanzt werden, da sie im Winter im Haus gehalten werden m\u00fcssen. Die \u00dcberwinterung ist bei dieser Pflanzengruppe auch die eigentliche Schwierigkeit. Ben\u00f6tigt wird ein heller und k\u00fchler sowie luftfeuchter Standort. Die Pflanzen sind nur noch leicht feucht zu halten.<\/p>\n<p><b>3. subtropische &#8211; tropische, heterophylle Pinguiculae:<\/b> Diese Gruppe ist mit Abstand die am einfachsten zu haltende. Zu ihr geh\u00f6ren ein Gro\u00dfteil der mexikanischen Arten, viele k\u00f6nnen durchaus als Anf\u00e4ngerpflanzen gelten. Im Sommer k\u00f6nnen sie auf dem Fensterbrett in leichter Anstaubew\u00e4sserung in einer Mischung aus Torf und Sand gehalten werden. W\u00e4hrend des deutschen Winters herrscht am nat\u00fcrlichen Standort eine Trockenzeit, so dass nur noch sehr kleine, sukkulente Bl\u00e4tter gebildet werden. In dieser Zeit sollten die Pflanzen etwas k\u00fchler und trockener, aber immer noch hell gehalten werden. Eine Vermehrung \u00fcber Aussaat ist m\u00f6glich aber langwierig. Wesentlich effizienter ist die Vermehrung \u00fcber Blattstecklinge. Am besten eignen sich daf\u00fcr die sukkulenten Bl\u00e4tter, die vorsichtig mit etwas von dem wei\u00dfen Ansatz aus der Basis herauszubrechen sind. Die Bl\u00e4tter k\u00f6nnen nun entweder auf feuchtem Torf flach und leicht angedr\u00fcckt ausgelegt werden oder einfach in ein Gef\u00e4\u00df mit etwas Regenwasser gegeben werden. Relativ z\u00fcgig bilden sich vor allem im Bereich der Basis, aber auch teils auf dem ganzen Blatt meist mehrere kleine Jungpflanzen, die man sp\u00e4ter \u2013 sobald das Blatt sich weitestgehend aufgel\u00f6st hat &#8211; mittels einer Rasierklinge separieren kann.<\/p>\n<p><b>4. subtropische &#8211; tropische, homophylle Pinguiculae:<\/b> Diese Gruppe ist in vielem heterogen. Ihnen gemeinsam ist, dass sie ganzj\u00e4hrig die selben Kulturbedingungen ben\u00f6tigen und nur eine Blattform ausbilden. Bez\u00fcglich der Herkunft, den Kulturbedingungen und der Schwierigkeit herrschen jedoch deutliche Unterschiede. Einerseits geh\u00f6ren zu dieser Gruppe sehr einfache Arten wie <i>Pinguicula emarginata<\/i>, die auf Torf ganzj\u00e4hrig warm (teils auf dem Fensterbrett) durchkultiviert werden k\u00f6nnen. Andererseits findet sich in dieser Gruppe zum Beispiel auch eine <i>Pinguicula filifolia<\/i>, eine Art nur f\u00fcr Experten.<\/p>\n<p>Die Vermehrung kann \u00fcber Aussaat oder \u00fcber Blattstecklinge erfolgen.<\/p>\n<\/div><div class=\"fusion-clearfix\"><\/div><\/div><\/div><\/div><\/div>","protected":false},"excerpt":{"rendered":"","protected":false},"author":1,"featured_media":0,"parent":345,"menu_order":0,"comment_status":"open","ping_status":"open","template":"","meta":{"footnotes":""},"class_list":["post-396","page","type-page","status-publish","hentry"],"yoast_head":"<!-- This site is optimized with the Yoast SEO plugin v26.9 - https:\/\/yoast.com\/product\/yoast-seo-wordpress\/ -->\n<title>Fettkraut (Pinguicula) - Fancy Plants - Deutsch<\/title>\n<meta name=\"description\" content=\"Sie finden hier ein Portr\u00e4t des Fettkrauts (Pinguicula) inklusive Pflanzenbeschreibung, Verbreitung, Fallenmechanismus und Kulturanleitung.\" \/>\n<meta name=\"robots\" content=\"index, follow, max-snippet:-1, max-image-preview:large, max-video-preview:-1\" \/>\n<link rel=\"canonical\" href=\"http:\/\/www.fancyplants.de\/de\/carnihome\/arten\/kleben\/pinguicula\/\" \/>\n<meta property=\"og:locale\" content=\"de_DE\" \/>\n<meta property=\"og:type\" content=\"article\" \/>\n<meta property=\"og:title\" content=\"Fettkraut (Pinguicula) - Fancy Plants - Deutsch\" \/>\n<meta property=\"og:description\" content=\"Sie finden hier ein Portr\u00e4t des Fettkrauts (Pinguicula) inklusive Pflanzenbeschreibung, Verbreitung, Fallenmechanismus und Kulturanleitung.\" \/>\n<meta property=\"og:url\" content=\"http:\/\/www.fancyplants.de\/de\/carnihome\/arten\/kleben\/pinguicula\/\" \/>\n<meta property=\"og:site_name\" content=\"Fancy Plants - Deutsch\" \/>\n<meta property=\"article:modified_time\" content=\"2019-10-15T06:51:12+00:00\" \/>\n<meta name=\"twitter:card\" content=\"summary_large_image\" \/>\n<meta name=\"twitter:label1\" content=\"Gesch\u00e4tzte Lesezeit\" \/>\n\t<meta name=\"twitter:data1\" content=\"6\u00a0Minuten\" \/>\n<script type=\"application\/ld+json\" class=\"yoast-schema-graph\">{\"@context\":\"https:\/\/schema.org\",\"@graph\":[{\"@type\":\"WebPage\",\"@id\":\"http:\/\/www.fancyplants.de\/de\/carnihome\/arten\/kleben\/pinguicula\/\",\"url\":\"http:\/\/www.fancyplants.de\/de\/carnihome\/arten\/kleben\/pinguicula\/\",\"name\":\"Fettkraut (Pinguicula) - Fancy Plants - Deutsch\",\"isPartOf\":{\"@id\":\"http:\/\/www.fancyplants.de\/de\/#website\"},\"datePublished\":\"2015-06-20T10:09:12+00:00\",\"dateModified\":\"2019-10-15T06:51:12+00:00\",\"description\":\"Sie finden hier ein Portr\u00e4t des Fettkrauts (Pinguicula) inklusive Pflanzenbeschreibung, Verbreitung, Fallenmechanismus und Kulturanleitung.\",\"breadcrumb\":{\"@id\":\"http:\/\/www.fancyplants.de\/de\/carnihome\/arten\/kleben\/pinguicula\/#breadcrumb\"},\"inLanguage\":\"de\",\"potentialAction\":[{\"@type\":\"ReadAction\",\"target\":[\"http:\/\/www.fancyplants.de\/de\/carnihome\/arten\/kleben\/pinguicula\/\"]}]},{\"@type\":\"BreadcrumbList\",\"@id\":\"http:\/\/www.fancyplants.de\/de\/carnihome\/arten\/kleben\/pinguicula\/#breadcrumb\",\"itemListElement\":[{\"@type\":\"ListItem\",\"position\":1,\"name\":\"Home\",\"item\":\"http:\/\/www.fancyplants.de\/de\/\"},{\"@type\":\"ListItem\",\"position\":2,\"name\":\"Insektivoren\",\"item\":\"http:\/\/www.fancyplants.de\/de\/carnihome\/\"},{\"@type\":\"ListItem\",\"position\":3,\"name\":\"Arten\",\"item\":\"http:\/\/www.fancyplants.de\/de\/carnihome\/arten\/\"},{\"@type\":\"ListItem\",\"position\":4,\"name\":\"Klebefallen\",\"item\":\"http:\/\/www.fancyplants.de\/de\/carnihome\/arten\/kleben\/\"},{\"@type\":\"ListItem\",\"position\":5,\"name\":\"Fettkraut (Pinguicula)\"}]},{\"@type\":\"WebSite\",\"@id\":\"http:\/\/www.fancyplants.de\/de\/#website\",\"url\":\"http:\/\/www.fancyplants.de\/de\/\",\"name\":\"Fancy Plants - Deutsch\",\"description\":\"Eine weitere WordPress-Seite\",\"potentialAction\":[{\"@type\":\"SearchAction\",\"target\":{\"@type\":\"EntryPoint\",\"urlTemplate\":\"http:\/\/www.fancyplants.de\/de\/?s={search_term_string}\"},\"query-input\":{\"@type\":\"PropertyValueSpecification\",\"valueRequired\":true,\"valueName\":\"search_term_string\"}}],\"inLanguage\":\"de\"}]}<\/script>\n<!-- \/ Yoast SEO plugin. -->","yoast_head_json":{"title":"Fettkraut (Pinguicula) - Fancy Plants - Deutsch","description":"Sie finden hier ein Portr\u00e4t des Fettkrauts (Pinguicula) inklusive Pflanzenbeschreibung, Verbreitung, Fallenmechanismus und Kulturanleitung.","robots":{"index":"index","follow":"follow","max-snippet":"max-snippet:-1","max-image-preview":"max-image-preview:large","max-video-preview":"max-video-preview:-1"},"canonical":"http:\/\/www.fancyplants.de\/de\/carnihome\/arten\/kleben\/pinguicula\/","og_locale":"de_DE","og_type":"article","og_title":"Fettkraut (Pinguicula) - Fancy Plants - Deutsch","og_description":"Sie finden hier ein Portr\u00e4t des Fettkrauts (Pinguicula) inklusive Pflanzenbeschreibung, Verbreitung, Fallenmechanismus und Kulturanleitung.","og_url":"http:\/\/www.fancyplants.de\/de\/carnihome\/arten\/kleben\/pinguicula\/","og_site_name":"Fancy Plants - Deutsch","article_modified_time":"2019-10-15T06:51:12+00:00","twitter_card":"summary_large_image","twitter_misc":{"Gesch\u00e4tzte Lesezeit":"6\u00a0Minuten"},"schema":{"@context":"https:\/\/schema.org","@graph":[{"@type":"WebPage","@id":"http:\/\/www.fancyplants.de\/de\/carnihome\/arten\/kleben\/pinguicula\/","url":"http:\/\/www.fancyplants.de\/de\/carnihome\/arten\/kleben\/pinguicula\/","name":"Fettkraut (Pinguicula) - Fancy Plants - Deutsch","isPartOf":{"@id":"http:\/\/www.fancyplants.de\/de\/#website"},"datePublished":"2015-06-20T10:09:12+00:00","dateModified":"2019-10-15T06:51:12+00:00","description":"Sie finden hier ein Portr\u00e4t des Fettkrauts (Pinguicula) inklusive Pflanzenbeschreibung, Verbreitung, Fallenmechanismus und Kulturanleitung.","breadcrumb":{"@id":"http:\/\/www.fancyplants.de\/de\/carnihome\/arten\/kleben\/pinguicula\/#breadcrumb"},"inLanguage":"de","potentialAction":[{"@type":"ReadAction","target":["http:\/\/www.fancyplants.de\/de\/carnihome\/arten\/kleben\/pinguicula\/"]}]},{"@type":"BreadcrumbList","@id":"http:\/\/www.fancyplants.de\/de\/carnihome\/arten\/kleben\/pinguicula\/#breadcrumb","itemListElement":[{"@type":"ListItem","position":1,"name":"Home","item":"http:\/\/www.fancyplants.de\/de\/"},{"@type":"ListItem","position":2,"name":"Insektivoren","item":"http:\/\/www.fancyplants.de\/de\/carnihome\/"},{"@type":"ListItem","position":3,"name":"Arten","item":"http:\/\/www.fancyplants.de\/de\/carnihome\/arten\/"},{"@type":"ListItem","position":4,"name":"Klebefallen","item":"http:\/\/www.fancyplants.de\/de\/carnihome\/arten\/kleben\/"},{"@type":"ListItem","position":5,"name":"Fettkraut (Pinguicula)"}]},{"@type":"WebSite","@id":"http:\/\/www.fancyplants.de\/de\/#website","url":"http:\/\/www.fancyplants.de\/de\/","name":"Fancy Plants - Deutsch","description":"Eine weitere WordPress-Seite","potentialAction":[{"@type":"SearchAction","target":{"@type":"EntryPoint","urlTemplate":"http:\/\/www.fancyplants.de\/de\/?s={search_term_string}"},"query-input":{"@type":"PropertyValueSpecification","valueRequired":true,"valueName":"search_term_string"}}],"inLanguage":"de"}]}},"_links":{"self":[{"href":"http:\/\/www.fancyplants.de\/de\/wp-json\/wp\/v2\/pages\/396","targetHints":{"allow":["GET"]}}],"collection":[{"href":"http:\/\/www.fancyplants.de\/de\/wp-json\/wp\/v2\/pages"}],"about":[{"href":"http:\/\/www.fancyplants.de\/de\/wp-json\/wp\/v2\/types\/page"}],"author":[{"embeddable":true,"href":"http:\/\/www.fancyplants.de\/de\/wp-json\/wp\/v2\/users\/1"}],"replies":[{"embeddable":true,"href":"http:\/\/www.fancyplants.de\/de\/wp-json\/wp\/v2\/comments?post=396"}],"version-history":[{"count":1,"href":"http:\/\/www.fancyplants.de\/de\/wp-json\/wp\/v2\/pages\/396\/revisions"}],"predecessor-version":[{"id":3074,"href":"http:\/\/www.fancyplants.de\/de\/wp-json\/wp\/v2\/pages\/396\/revisions\/3074"}],"up":[{"embeddable":true,"href":"http:\/\/www.fancyplants.de\/de\/wp-json\/wp\/v2\/pages\/345"}],"wp:attachment":[{"href":"http:\/\/www.fancyplants.de\/de\/wp-json\/wp\/v2\/media?parent=396"}],"curies":[{"name":"wp","href":"https:\/\/api.w.org\/{rel}","templated":true}]}}