{"id":394,"date":"2015-06-20T12:08:22","date_gmt":"2015-06-20T10:08:22","guid":{"rendered":"http:\/\/www.fancyplants.de\/de\/?page_id=394"},"modified":"2019-10-15T08:51:12","modified_gmt":"2019-10-15T06:51:12","slug":"genlisea","status":"publish","type":"page","link":"http:\/\/www.fancyplants.de\/de\/carnihome\/arten\/reuse\/genlisea\/","title":{"rendered":"Reusenfalle (Genlisea)"},"content":{"rendered":"<div class=\"fusion-fullwidth fullwidth-box fusion-builder-row-1 hundred-percent-fullwidth non-hundred-percent-height-scrolling\" style=\"--awb-border-radius-top-left:0px;--awb-border-radius-top-right:0px;--awb-border-radius-bottom-right:0px;--awb-border-radius-bottom-left:0px;--awb-overflow:visible;--awb-flex-wrap:wrap;\" ><div class=\"fusion-builder-row fusion-row\"><div class=\"fusion-layout-column fusion_builder_column fusion-builder-column-0 fusion_builder_column_1_1 1_1 fusion-one-full fusion-column-first fusion-column-last\" style=\"--awb-bg-size:cover;\"><div class=\"fusion-column-wrapper fusion-flex-column-wrapper-legacy\"><div class=\"fusion-title title fusion-title-1 fusion-title-text fusion-title-size-one\"><h1 class=\"fusion-title-heading title-heading-left\" style=\"margin:0;\"><h1>Reusenfalle (<i>Genlisea<\/i>)<\/h1><\/h1><span class=\"awb-title-spacer\"><\/span><div class=\"title-sep-container\"><div class=\"title-sep sep-single sep-solid\" style=\"border-color:#3e3e3e;\"><\/div><\/div><\/div><div class=\"fusion-text fusion-text-1\"><p>Dieser Vertreter der Wasserschlauchgew\u00e4chse ist mit 21 Arten in S\u00fcdamerika und in Afrika vertreten. Interessant ist, dass keine der Arten auf beiden Kontinenten vorkommt. Insgesamt f\u00fchren die Reusenfallen bis heute in den Sammlungen ein Schattendasein. Das hat mehrere Gr\u00fcnde. Zun\u00e4chst befindet sich das hochinteressante Fallensystem unterirdisch und ist somit einer direkten Beobachtung nicht zug\u00e4nglich. Abgesehen von den Fallen ist die Pflanze ansonsten recht unspektakul\u00e4r. Sie besitzt wenige Millimeter bis maximal wenige Zentimeter gro\u00dfe gras\u00e4hnliche bis eif\u00f6rmige Bl\u00e4tter und bringt gelegentlich eher kleine Bl\u00fcten hervor. Insgesamt ist der oberirdische Aspekt der Pflanze recht langweilig. Letztlich sind eine Reihe der Reusenfallen als Tropenpflanzen nicht einfach zu halten.<\/p>\n<\/div><div class=\"fusion-title title fusion-title-2 fusion-title-text fusion-title-size-two\"><h2 class=\"fusion-title-heading title-heading-left\" style=\"margin:0;\">Fallenmechanismus<\/h2><span class=\"awb-title-spacer\"><\/span><div class=\"title-sep-container\"><div class=\"title-sep sep-single sep-solid\" style=\"border-color:#3e3e3e;\"><\/div><\/div><\/div><div class=\"fusion-text fusion-text-2\"><p>Der Fallenmechanismus wurde bereits auf der <a class=\"link\" href=\"..\/..\/reuse\">vorherigen Seite<\/a> ausf\u00fchrlich beschrieben.<\/p>\n<\/div><div class=\"fusion-title title fusion-title-3 fusion-title-text fusion-title-size-two\"><h2 class=\"fusion-title-heading title-heading-left\" style=\"margin:0;\">Kultur und Vermehrung<\/h2><span class=\"awb-title-spacer\"><\/span><div class=\"title-sep-container\"><div class=\"title-sep sep-single sep-solid\" style=\"border-color:#3e3e3e;\"><\/div><\/div><\/div><div class=\"fusion-text fusion-text-3\"><p>Die Kultur der Reusenfallen erfolgt als Tropenbewohner am besten ganzj\u00e4hrig in der Wohnung. Selbst im Hochsommer fallen bei uns w\u00e4hrend Tiefdruckzeiten die Temperaturen in der Nacht deutlich unter 15\u00b0C, was den Reusenfallen nicht gut bekommt. Der ideale Standort ist somit im Haus und aufgrund der Vorliebe f\u00fcr eine hohe Luftfeuchtigkeit in einem geschlossenen Terrarium. Das Wachstum ist unter Kunstlicht gut, bei Naturlicht ist eine direkte Sonneneinstrahlung zu vermeiden. Die Reusenfallen m\u00f6gen ein luftiges Substrat (also eine Mischung aus Wei\u00dftorf und Quarzsand 2:1 bis 1:1, ggf. mit Perlite-Zusatz). Gew\u00e4ssert wird in hoher Anstaubew\u00e4sserung, auch ein kurzfristiges \u00dcberfluten wird gut vertragen. An das Wasser werden hohe Anforderungen gestellt. Dies muss immer frisch sein und sollte regelm\u00e4\u00dfig gewechselt werden. Mit moderndem, abgestandenem Wasser bringen Sie Ihre Reusenfalle um.<\/p>\n<p>In Deutschland sind nur wenige Arten in Kultur, unter anderem auch aufgrund der hohen Kulturanforderung mancher Arten. Relativ einfache Arten sind <i>Genlisea hispidula<\/i>, <i>Genlisea margaretae<\/i> und <i>Genlisea violacea<\/i>.<\/p>\n<\/div><div class=\"fusion-title title fusion-title-4 fusion-title-text fusion-title-size-two\"><h2 class=\"fusion-title-heading title-heading-left\" style=\"margin:0;\">Arten<\/h2><span class=\"awb-title-spacer\"><\/span><div class=\"title-sep-container\"><div class=\"title-sep sep-single sep-solid\" style=\"border-color:#3e3e3e;\"><\/div><\/div><\/div><div class=\"fusion-text fusion-text-4\"><p><i>Genlisea africana<\/i>, <i>Genlisea angolensis<\/i>, <i>Genlisea aurea<\/i>, <i>Genlisea barthlottii<\/i>, <i>Genlisea filiformis<\/i>, <i>Genlisea glabra<\/i>, <i>Genlisea glandulosissima<\/i>, <i>Genlisea guianensis<\/i>, <i>Genlisea hispidula<\/i>, <i>Genlisea lobata<\/i>, <i>Genlisea margaretae<\/i>, <i>Genlisea pallida<\/i>, <i>Genlisea pygmaea<\/i>, <i>Genlisea repens<\/i>, <i>Genlisea roraimensis<\/i>, <i>Genlisea sanariapoana<\/i>, <i>Genlisea stapfii<\/i>, <i>Genlisea subglabra<\/i>, <i>Genlisea taylorii<\/i>, <i>Genlisea uncinata<\/i>, <i>Genlisea violacea.<\/i><\/p>\n<\/div><div class=\"fusion-clearfix\"><\/div><\/div><\/div><\/div><\/div>","protected":false},"excerpt":{"rendered":"","protected":false},"author":1,"featured_media":0,"parent":347,"menu_order":0,"comment_status":"open","ping_status":"open","template":"","meta":{"footnotes":""},"class_list":["post-394","page","type-page","status-publish","hentry"],"yoast_head":"<!-- This site is optimized with the Yoast SEO plugin v26.9 - https:\/\/yoast.com\/product\/yoast-seo-wordpress\/ -->\n<title>Reusenfalle (Genlisea) - Fancy Plants - Deutsch<\/title>\n<meta name=\"description\" content=\"Sie finden hier ein Portr\u00e4t der Reusenfalle (Genlisea) inklusive Pflanzenbeschreibung, Verbreitung, Fallenmechanismus und Kulturanleitung.\" \/>\n<meta name=\"robots\" content=\"index, follow, max-snippet:-1, max-image-preview:large, max-video-preview:-1\" \/>\n<link rel=\"canonical\" href=\"http:\/\/www.fancyplants.de\/de\/carnihome\/arten\/reuse\/genlisea\/\" \/>\n<meta property=\"og:locale\" content=\"de_DE\" \/>\n<meta property=\"og:type\" content=\"article\" \/>\n<meta property=\"og:title\" content=\"Reusenfalle (Genlisea) - Fancy Plants - Deutsch\" \/>\n<meta property=\"og:description\" content=\"Sie finden hier ein Portr\u00e4t der Reusenfalle (Genlisea) inklusive Pflanzenbeschreibung, Verbreitung, Fallenmechanismus und Kulturanleitung.\" \/>\n<meta property=\"og:url\" content=\"http:\/\/www.fancyplants.de\/de\/carnihome\/arten\/reuse\/genlisea\/\" \/>\n<meta property=\"og:site_name\" content=\"Fancy Plants - Deutsch\" \/>\n<meta property=\"article:modified_time\" content=\"2019-10-15T06:51:12+00:00\" \/>\n<meta name=\"twitter:card\" content=\"summary_large_image\" \/>\n<meta name=\"twitter:label1\" content=\"Gesch\u00e4tzte Lesezeit\" \/>\n\t<meta name=\"twitter:data1\" content=\"2\u00a0Minuten\" \/>\n<script type=\"application\/ld+json\" class=\"yoast-schema-graph\">{\"@context\":\"https:\/\/schema.org\",\"@graph\":[{\"@type\":\"WebPage\",\"@id\":\"http:\/\/www.fancyplants.de\/de\/carnihome\/arten\/reuse\/genlisea\/\",\"url\":\"http:\/\/www.fancyplants.de\/de\/carnihome\/arten\/reuse\/genlisea\/\",\"name\":\"Reusenfalle (Genlisea) - Fancy Plants - Deutsch\",\"isPartOf\":{\"@id\":\"http:\/\/www.fancyplants.de\/de\/#website\"},\"datePublished\":\"2015-06-20T10:08:22+00:00\",\"dateModified\":\"2019-10-15T06:51:12+00:00\",\"description\":\"Sie finden hier ein Portr\u00e4t der Reusenfalle (Genlisea) inklusive Pflanzenbeschreibung, Verbreitung, Fallenmechanismus und Kulturanleitung.\",\"breadcrumb\":{\"@id\":\"http:\/\/www.fancyplants.de\/de\/carnihome\/arten\/reuse\/genlisea\/#breadcrumb\"},\"inLanguage\":\"de\",\"potentialAction\":[{\"@type\":\"ReadAction\",\"target\":[\"http:\/\/www.fancyplants.de\/de\/carnihome\/arten\/reuse\/genlisea\/\"]}]},{\"@type\":\"BreadcrumbList\",\"@id\":\"http:\/\/www.fancyplants.de\/de\/carnihome\/arten\/reuse\/genlisea\/#breadcrumb\",\"itemListElement\":[{\"@type\":\"ListItem\",\"position\":1,\"name\":\"Home\",\"item\":\"http:\/\/www.fancyplants.de\/de\/\"},{\"@type\":\"ListItem\",\"position\":2,\"name\":\"Insektivoren\",\"item\":\"http:\/\/www.fancyplants.de\/de\/carnihome\/\"},{\"@type\":\"ListItem\",\"position\":3,\"name\":\"Arten\",\"item\":\"http:\/\/www.fancyplants.de\/de\/carnihome\/arten\/\"},{\"@type\":\"ListItem\",\"position\":4,\"name\":\"Reusenfallen\",\"item\":\"http:\/\/www.fancyplants.de\/de\/carnihome\/arten\/reuse\/\"},{\"@type\":\"ListItem\",\"position\":5,\"name\":\"Reusenfalle (Genlisea)\"}]},{\"@type\":\"WebSite\",\"@id\":\"http:\/\/www.fancyplants.de\/de\/#website\",\"url\":\"http:\/\/www.fancyplants.de\/de\/\",\"name\":\"Fancy Plants - Deutsch\",\"description\":\"Eine weitere WordPress-Seite\",\"potentialAction\":[{\"@type\":\"SearchAction\",\"target\":{\"@type\":\"EntryPoint\",\"urlTemplate\":\"http:\/\/www.fancyplants.de\/de\/?s={search_term_string}\"},\"query-input\":{\"@type\":\"PropertyValueSpecification\",\"valueRequired\":true,\"valueName\":\"search_term_string\"}}],\"inLanguage\":\"de\"}]}<\/script>\n<!-- \/ Yoast SEO plugin. -->","yoast_head_json":{"title":"Reusenfalle (Genlisea) - Fancy Plants - Deutsch","description":"Sie finden hier ein Portr\u00e4t der Reusenfalle (Genlisea) inklusive Pflanzenbeschreibung, Verbreitung, Fallenmechanismus und Kulturanleitung.","robots":{"index":"index","follow":"follow","max-snippet":"max-snippet:-1","max-image-preview":"max-image-preview:large","max-video-preview":"max-video-preview:-1"},"canonical":"http:\/\/www.fancyplants.de\/de\/carnihome\/arten\/reuse\/genlisea\/","og_locale":"de_DE","og_type":"article","og_title":"Reusenfalle (Genlisea) - Fancy Plants - Deutsch","og_description":"Sie finden hier ein Portr\u00e4t der Reusenfalle (Genlisea) inklusive Pflanzenbeschreibung, Verbreitung, Fallenmechanismus und Kulturanleitung.","og_url":"http:\/\/www.fancyplants.de\/de\/carnihome\/arten\/reuse\/genlisea\/","og_site_name":"Fancy Plants - Deutsch","article_modified_time":"2019-10-15T06:51:12+00:00","twitter_card":"summary_large_image","twitter_misc":{"Gesch\u00e4tzte Lesezeit":"2\u00a0Minuten"},"schema":{"@context":"https:\/\/schema.org","@graph":[{"@type":"WebPage","@id":"http:\/\/www.fancyplants.de\/de\/carnihome\/arten\/reuse\/genlisea\/","url":"http:\/\/www.fancyplants.de\/de\/carnihome\/arten\/reuse\/genlisea\/","name":"Reusenfalle (Genlisea) - Fancy Plants - Deutsch","isPartOf":{"@id":"http:\/\/www.fancyplants.de\/de\/#website"},"datePublished":"2015-06-20T10:08:22+00:00","dateModified":"2019-10-15T06:51:12+00:00","description":"Sie finden hier ein Portr\u00e4t der Reusenfalle (Genlisea) inklusive Pflanzenbeschreibung, Verbreitung, Fallenmechanismus und Kulturanleitung.","breadcrumb":{"@id":"http:\/\/www.fancyplants.de\/de\/carnihome\/arten\/reuse\/genlisea\/#breadcrumb"},"inLanguage":"de","potentialAction":[{"@type":"ReadAction","target":["http:\/\/www.fancyplants.de\/de\/carnihome\/arten\/reuse\/genlisea\/"]}]},{"@type":"BreadcrumbList","@id":"http:\/\/www.fancyplants.de\/de\/carnihome\/arten\/reuse\/genlisea\/#breadcrumb","itemListElement":[{"@type":"ListItem","position":1,"name":"Home","item":"http:\/\/www.fancyplants.de\/de\/"},{"@type":"ListItem","position":2,"name":"Insektivoren","item":"http:\/\/www.fancyplants.de\/de\/carnihome\/"},{"@type":"ListItem","position":3,"name":"Arten","item":"http:\/\/www.fancyplants.de\/de\/carnihome\/arten\/"},{"@type":"ListItem","position":4,"name":"Reusenfallen","item":"http:\/\/www.fancyplants.de\/de\/carnihome\/arten\/reuse\/"},{"@type":"ListItem","position":5,"name":"Reusenfalle (Genlisea)"}]},{"@type":"WebSite","@id":"http:\/\/www.fancyplants.de\/de\/#website","url":"http:\/\/www.fancyplants.de\/de\/","name":"Fancy Plants - Deutsch","description":"Eine weitere WordPress-Seite","potentialAction":[{"@type":"SearchAction","target":{"@type":"EntryPoint","urlTemplate":"http:\/\/www.fancyplants.de\/de\/?s={search_term_string}"},"query-input":{"@type":"PropertyValueSpecification","valueRequired":true,"valueName":"search_term_string"}}],"inLanguage":"de"}]}},"_links":{"self":[{"href":"http:\/\/www.fancyplants.de\/de\/wp-json\/wp\/v2\/pages\/394","targetHints":{"allow":["GET"]}}],"collection":[{"href":"http:\/\/www.fancyplants.de\/de\/wp-json\/wp\/v2\/pages"}],"about":[{"href":"http:\/\/www.fancyplants.de\/de\/wp-json\/wp\/v2\/types\/page"}],"author":[{"embeddable":true,"href":"http:\/\/www.fancyplants.de\/de\/wp-json\/wp\/v2\/users\/1"}],"replies":[{"embeddable":true,"href":"http:\/\/www.fancyplants.de\/de\/wp-json\/wp\/v2\/comments?post=394"}],"version-history":[{"count":1,"href":"http:\/\/www.fancyplants.de\/de\/wp-json\/wp\/v2\/pages\/394\/revisions"}],"predecessor-version":[{"id":3075,"href":"http:\/\/www.fancyplants.de\/de\/wp-json\/wp\/v2\/pages\/394\/revisions\/3075"}],"up":[{"embeddable":true,"href":"http:\/\/www.fancyplants.de\/de\/wp-json\/wp\/v2\/pages\/347"}],"wp:attachment":[{"href":"http:\/\/www.fancyplants.de\/de\/wp-json\/wp\/v2\/media?parent=394"}],"curies":[{"name":"wp","href":"https:\/\/api.w.org\/{rel}","templated":true}]}}