{"id":381,"date":"2015-06-18T23:22:20","date_gmt":"2015-06-18T21:22:20","guid":{"rendered":"http:\/\/www.fancyplants.de\/de\/?page_id=381"},"modified":"2019-10-15T08:51:12","modified_gmt":"2019-10-15T06:51:12","slug":"utricularia","status":"publish","type":"page","link":"http:\/\/www.fancyplants.de\/de\/carnihome\/arten\/saugen\/utricularia\/","title":{"rendered":"Wasserschlauch"},"content":{"rendered":"<div class=\"fusion-fullwidth fullwidth-box fusion-builder-row-1 hundred-percent-fullwidth non-hundred-percent-height-scrolling\" style=\"--awb-border-radius-top-left:0px;--awb-border-radius-top-right:0px;--awb-border-radius-bottom-right:0px;--awb-border-radius-bottom-left:0px;--awb-overflow:visible;--awb-flex-wrap:wrap;\" ><div class=\"fusion-builder-row fusion-row\"><div class=\"fusion-layout-column fusion_builder_column fusion-builder-column-0 fusion_builder_column_1_1 1_1 fusion-one-full fusion-column-first fusion-column-last\" style=\"--awb-bg-size:cover;\"><div class=\"fusion-column-wrapper fusion-flex-column-wrapper-legacy\"><div class=\"fusion-title title fusion-title-1 fusion-title-text fusion-title-size-one\"><h1 class=\"fusion-title-heading title-heading-left\" style=\"margin:0;\">Wasserschlauch (<i>Utricularia<\/i>)<\/h1><span class=\"awb-title-spacer\"><\/span><div class=\"title-sep-container\"><div class=\"title-sep sep-single sep-solid\" style=\"border-color:#3e3e3e;\"><\/div><\/div><\/div><div class=\"fusion-title title fusion-title-2 fusion-title-text fusion-title-size-two\"><h2 class=\"fusion-title-heading title-heading-left\" style=\"margin:0;\">Im \u00dcberblick<\/h2><span class=\"awb-title-spacer\"><\/span><div class=\"title-sep-container\"><div class=\"title-sep sep-single sep-solid\" style=\"border-color:#3e3e3e;\"><\/div><\/div><\/div><div class=\"fusion-text fusion-text-1\"><div class=\"intextr\"><a class=\"lupe200\" title=\"Epiphytischer Wasserschlauch (Utricularia reniformis), Bl\u00fcte im Mai 2011.\" href=\"..\/..\/..\/..\/..\/images\/carnivorous\/urenifl.jpg\" data-gallery=\"\"><img decoding=\"async\" src=\"..\/..\/..\/..\/..\/images\/carnivorous\/urenifls.jpg\" alt=\"Epiphytischer Wasserschlauch (Utricularia reniformis), Bl\u00fcte im Mai 2011.\" width=\"200\" height=\"200\" \/><span><\/span><\/a><\/div>\n<p>Die Gattung <i>Utricularia<\/i> stellt mit etwa 220 Arten weltweit die zweitgr\u00f6\u00dfte Gruppe der fleischfressenden Pflanzen dar. Die Anatomie der Utricularien ist kompliziert und zwischen den verschiedenen Arten zudem noch divergent. Um an dieser Stelle einen ausf\u00fchrlichen Exkurs in die Nomenklatur der Botanik zu vermeiden, reduziere ich den Aufbau eines Wasserschlauchs etwas, wenngleich dieser dann anatomisch nicht ganz korrekt ist. Utricularien besitzen keine Wurzeln, vereinfacht bestehen sie aus Sprossen, Fallen, Bl\u00e4ttern und Bl\u00fcten.<\/p>\n<p>Die riesige Gruppe der Utricularien kann man vereinfacht in drei gro\u00dfe Untergruppen gliedern, die g\u00e4nzlich divergent zu pflegen sind:<\/p>\n<p><b>1. Aquatische Utricularien:<\/b> Hierbei handelt es sich um die zweitgr\u00f6\u00dfte Gruppe. Einige Vertreter sind winterhart, sie \u00fcberdauern den Winter mittels <a href=\"..\/..\/..\/..\/service\/bibliothek#turio\" target=\"_blank\" rel=\"noopener noreferrer\"><i class=\"fa fa-book\"><\/i> Turionen<\/a>. Zu dieser Gruppe geh\u00f6ren die sieben in Deutschland heimischen Arten. Der bekannteste, nicht-winterharte, aquatische Wasserschlauch ist die leicht zu pflegende <i>Utricularia gibba<\/i>.<\/p>\n<p><b>2. Terrestrische Utricularien:<\/b> Diese Gruppe ist mit Abstand die gr\u00f6\u00dfte. Die Arten sind meist subtropisch bis tropisch und leicht zu pflegen. Gr\u00f6\u00dftes Problem ist die Sortenreinheit, sowohl bez\u00fcglich des Kaufs als auch sp\u00e4ter in der Haltung. Stehen die T\u00f6pfe zu dicht beieinander bildet sich alsbald eine bunte Utricularienmischung aus.<\/p>\n<p><b>3. Epiphytische Utricularien:<\/b> Ein- bis zweidutzend Arten wachsen <a href=\"..\/..\/..\/..\/service\/bibliothek#epiph\" target=\"_blank\" rel=\"noopener noreferrer\"><i class=\"fa fa-book\"><\/i> epiphytisch<\/a> in S\u00fcdamerika. Es handelt sich also um Aufsitzerpflanzen, die zum Beispiel in feuchten Astgabeln oder in Moospolstern wachsen. Diese Gruppe ist relativ schwierig, aber sehr lohnenswert. Es werden gro\u00dfe, farbige Bl\u00fcten gebildet, die den Orchideenbl\u00fcten kaum nachstehen. Bekannte Vertreter dieser Gruppe sind <i>Utricularia alpina<\/i>, <i>Utricularia humboldtii<\/i> oder <i>Utricularia longifolia<\/i>.<\/p>\n<\/div><div class=\"fusion-title title fusion-title-3 fusion-title-text fusion-title-size-two\"><h2 class=\"fusion-title-heading title-heading-left\" style=\"margin:0;\">Fallenmechanismus<\/h2><span class=\"awb-title-spacer\"><\/span><div class=\"title-sep-container\"><div class=\"title-sep sep-single sep-solid\" style=\"border-color:#3e3e3e;\"><\/div><\/div><\/div><div class=\"fusion-text fusion-text-2\"><p>Der Fallenmechanismus wurde bereits auf der <a class=\"link\" href=\"..\/..\/saugen\">vorherigen Seite<\/a> ausf\u00fchrlich beschrieben.<\/p>\n<\/div><div class=\"fusion-title title fusion-title-4 fusion-title-text fusion-title-size-two\"><h2 class=\"fusion-title-heading title-heading-left\" style=\"margin:0;\">Kultur und Vermehrung<\/h2><span class=\"awb-title-spacer\"><\/span><div class=\"title-sep-container\"><div class=\"title-sep sep-single sep-solid\" style=\"border-color:#3e3e3e;\"><\/div><\/div><\/div><div class=\"fusion-text fusion-text-3\"><p>Da sich die Kultur der verschiedenen Gruppen betr\u00e4chtlich unterscheidet, folgen nun getrennte Kulturanleitungen:<\/p>\n<p><b>1. Aquatische Utricularien:<\/b> Die winterharten Arten werden am besten in einem Hochmoorbeet in einer Schlenke gehalten. <i>Utricularia australis<\/i>, <i>Utricularia stygia<\/i> und <i>Utricularia vulgaris<\/i> werden ziemlich gro\u00df und bed\u00fcrfen daher entweder einer gro\u00dfen Schlenke, k\u00f6nnen aber auch, da sie weniger anspruchsvoll sind, in einem n\u00e4hrstoffarmen Gartenteich gepflegt werden. <i>Utricularia bremii<\/i>, <i>Utricularia intermedia<\/i>, <i>Utricularia minor<\/i> und <i>Utricularia ochroleuca<\/i> sind deutlich kleiner. Im Herbst bilden diese Arten winterharte Turionen (Winterknospen), die zum Boden sinken und dort den Winter \u00fcberdauern. Die wenigen nicht frostvertr\u00e4glichen Arten m\u00fcssen in einem Aquarium gehalten werden. Es reicht ein geringer Wasserspiegel sowie eine feine Schicht Torf als Substrat. Das Substrat\/Wasser sollte n\u00e4hrstoffarm sein, damit es nicht zu einer Veralgung der Pflanzen kommt. Die Vermehrung ist sehr leicht, da aquatische Arten w\u00e4hrend des Wachstums zahlreiche Seitentriebe produzieren.<\/p>\n<p><b>2. Terrestrische Utricularien:<\/b> Als Substrat gen\u00fcgt reiner Wei\u00dftorf. Die Bew\u00e4sserung erfolgt in Anstaubew\u00e4sserung. Die T\u00f6pfe k\u00f6nnen meist auch kurzzeitig \u00fcberschwemmt sein. Als Standort w\u00e4hlen sie einen hellen und warmen, aber vor direktem Sonnenlicht gesch\u00fctzten Platz. Eine Kultur auf dem Fensterbrett ist durchaus als ideal anzusehen. Dort k\u00f6nnen sie ganzj\u00e4hrig gepflegt werden. Die kriechenden Sprosse verlassen alsbald den Topf und versuchen in den n\u00e4chsten einzuwachsen. Die T\u00f6pfe sollten deshalb in ausreichendem Abstand zueinander stehen, um einem bunten Utricularien-Mix vorzubeugen. Viele Arten sind ausgesprochen bl\u00fchfreudig. Die Bl\u00fcten sind zwar klein, aber dennoch attraktiv, da sie in fast allen erdenklichen Farben vorkommen. Die Vermehrung ist \u00fcber Teilung sehr leicht, kann theoretisch aber auch durch Samen erfolgen. Gef\u00e4hrdet sind terrestrische Utricularien durch Blattl\u00e4use und Grauschimmel, der bei einem Mismatch zwischen Temperatur, Lichtverh\u00e4ltnissen und Luftfeuchtigkeit auftritt.<\/p>\n<p><b>3. Epiphytische Utricularien:<\/b> Die Gruppe der epiphytischen Utricularien stellt mit Abstand die attraktivste, zugleich aber auch schwierigste Gruppe dar. Es werden gro\u00dfe, ledrige Bl\u00e4tter sowie bunte, pr\u00e4chtig-gro\u00dfe Bl\u00fcten gebildet. Entsprechend dem nat\u00fcrlichen Standort wollen diese Arten ein lockeres und luftiges Substrat. Bew\u00e4hrt hat sich eine Mischung aus Torf, Pinienrinde und Sphagnum. Das Substrat ist gleichm\u00e4\u00dfig feucht, aber nie nass zu halten. Gew\u00fcnscht wird ein heller, luftfeuchter und m\u00e4\u00dfig warmer Standort mit deutlicher Nachtabsenkung. Die langj\u00e4hrige Kultur ist daher nur unter Glas m\u00f6glich. Relativ tolerant bez\u00fcglich ihrer Anspr\u00fcche sind noch <i>Utricularia alpina<\/i> und <i>Utricularia longifolia<\/i>.<\/p>\n<\/div><div class=\"fusion-clearfix\"><\/div><\/div><\/div><\/div><\/div>","protected":false},"excerpt":{"rendered":"","protected":false},"author":1,"featured_media":0,"parent":349,"menu_order":0,"comment_status":"open","ping_status":"open","template":"","meta":{"footnotes":""},"class_list":["post-381","page","type-page","status-publish","hentry"],"yoast_head":"<!-- This site is optimized with the Yoast SEO plugin v26.9 - https:\/\/yoast.com\/product\/yoast-seo-wordpress\/ -->\n<title>Wasserschlauch - Fancy Plants - Deutsch<\/title>\n<meta name=\"description\" content=\"Sie finden hier ein Portr\u00e4t des Wasserschlauchs (Utricularia) inklusive Pflanzenbeschreibung, Verbreitung, Fallenmechanismus und Kulturanleitung.\" \/>\n<meta name=\"robots\" content=\"index, follow, max-snippet:-1, max-image-preview:large, max-video-preview:-1\" \/>\n<link rel=\"canonical\" href=\"http:\/\/www.fancyplants.de\/de\/carnihome\/arten\/saugen\/utricularia\/\" \/>\n<meta property=\"og:locale\" content=\"de_DE\" \/>\n<meta property=\"og:type\" content=\"article\" \/>\n<meta property=\"og:title\" content=\"Wasserschlauch - Fancy Plants - Deutsch\" \/>\n<meta property=\"og:description\" content=\"Sie finden hier ein Portr\u00e4t des Wasserschlauchs (Utricularia) inklusive Pflanzenbeschreibung, Verbreitung, Fallenmechanismus und Kulturanleitung.\" \/>\n<meta property=\"og:url\" content=\"http:\/\/www.fancyplants.de\/de\/carnihome\/arten\/saugen\/utricularia\/\" \/>\n<meta property=\"og:site_name\" content=\"Fancy Plants - Deutsch\" \/>\n<meta property=\"article:modified_time\" content=\"2019-10-15T06:51:12+00:00\" \/>\n<meta name=\"twitter:card\" content=\"summary_large_image\" \/>\n<meta name=\"twitter:label1\" content=\"Gesch\u00e4tzte Lesezeit\" \/>\n\t<meta name=\"twitter:data1\" content=\"4\u00a0Minuten\" \/>\n<script type=\"application\/ld+json\" class=\"yoast-schema-graph\">{\"@context\":\"https:\/\/schema.org\",\"@graph\":[{\"@type\":\"WebPage\",\"@id\":\"http:\/\/www.fancyplants.de\/de\/carnihome\/arten\/saugen\/utricularia\/\",\"url\":\"http:\/\/www.fancyplants.de\/de\/carnihome\/arten\/saugen\/utricularia\/\",\"name\":\"Wasserschlauch - Fancy Plants - Deutsch\",\"isPartOf\":{\"@id\":\"http:\/\/www.fancyplants.de\/de\/#website\"},\"datePublished\":\"2015-06-18T21:22:20+00:00\",\"dateModified\":\"2019-10-15T06:51:12+00:00\",\"description\":\"Sie finden hier ein Portr\u00e4t des Wasserschlauchs (Utricularia) inklusive Pflanzenbeschreibung, Verbreitung, Fallenmechanismus und Kulturanleitung.\",\"breadcrumb\":{\"@id\":\"http:\/\/www.fancyplants.de\/de\/carnihome\/arten\/saugen\/utricularia\/#breadcrumb\"},\"inLanguage\":\"de\",\"potentialAction\":[{\"@type\":\"ReadAction\",\"target\":[\"http:\/\/www.fancyplants.de\/de\/carnihome\/arten\/saugen\/utricularia\/\"]}]},{\"@type\":\"BreadcrumbList\",\"@id\":\"http:\/\/www.fancyplants.de\/de\/carnihome\/arten\/saugen\/utricularia\/#breadcrumb\",\"itemListElement\":[{\"@type\":\"ListItem\",\"position\":1,\"name\":\"Home\",\"item\":\"http:\/\/www.fancyplants.de\/de\/\"},{\"@type\":\"ListItem\",\"position\":2,\"name\":\"Insektivoren\",\"item\":\"http:\/\/www.fancyplants.de\/de\/carnihome\/\"},{\"@type\":\"ListItem\",\"position\":3,\"name\":\"Arten\",\"item\":\"http:\/\/www.fancyplants.de\/de\/carnihome\/arten\/\"},{\"@type\":\"ListItem\",\"position\":4,\"name\":\"Saugfalle\",\"item\":\"http:\/\/www.fancyplants.de\/de\/carnihome\/arten\/saugen\/\"},{\"@type\":\"ListItem\",\"position\":5,\"name\":\"Wasserschlauch\"}]},{\"@type\":\"WebSite\",\"@id\":\"http:\/\/www.fancyplants.de\/de\/#website\",\"url\":\"http:\/\/www.fancyplants.de\/de\/\",\"name\":\"Fancy Plants - Deutsch\",\"description\":\"Eine weitere WordPress-Seite\",\"potentialAction\":[{\"@type\":\"SearchAction\",\"target\":{\"@type\":\"EntryPoint\",\"urlTemplate\":\"http:\/\/www.fancyplants.de\/de\/?s={search_term_string}\"},\"query-input\":{\"@type\":\"PropertyValueSpecification\",\"valueRequired\":true,\"valueName\":\"search_term_string\"}}],\"inLanguage\":\"de\"}]}<\/script>\n<!-- \/ Yoast SEO plugin. -->","yoast_head_json":{"title":"Wasserschlauch - Fancy Plants - Deutsch","description":"Sie finden hier ein Portr\u00e4t des Wasserschlauchs (Utricularia) inklusive Pflanzenbeschreibung, Verbreitung, Fallenmechanismus und Kulturanleitung.","robots":{"index":"index","follow":"follow","max-snippet":"max-snippet:-1","max-image-preview":"max-image-preview:large","max-video-preview":"max-video-preview:-1"},"canonical":"http:\/\/www.fancyplants.de\/de\/carnihome\/arten\/saugen\/utricularia\/","og_locale":"de_DE","og_type":"article","og_title":"Wasserschlauch - Fancy Plants - Deutsch","og_description":"Sie finden hier ein Portr\u00e4t des Wasserschlauchs (Utricularia) inklusive Pflanzenbeschreibung, Verbreitung, Fallenmechanismus und Kulturanleitung.","og_url":"http:\/\/www.fancyplants.de\/de\/carnihome\/arten\/saugen\/utricularia\/","og_site_name":"Fancy Plants - Deutsch","article_modified_time":"2019-10-15T06:51:12+00:00","twitter_card":"summary_large_image","twitter_misc":{"Gesch\u00e4tzte Lesezeit":"4\u00a0Minuten"},"schema":{"@context":"https:\/\/schema.org","@graph":[{"@type":"WebPage","@id":"http:\/\/www.fancyplants.de\/de\/carnihome\/arten\/saugen\/utricularia\/","url":"http:\/\/www.fancyplants.de\/de\/carnihome\/arten\/saugen\/utricularia\/","name":"Wasserschlauch - Fancy Plants - Deutsch","isPartOf":{"@id":"http:\/\/www.fancyplants.de\/de\/#website"},"datePublished":"2015-06-18T21:22:20+00:00","dateModified":"2019-10-15T06:51:12+00:00","description":"Sie finden hier ein Portr\u00e4t des Wasserschlauchs (Utricularia) inklusive Pflanzenbeschreibung, Verbreitung, Fallenmechanismus und Kulturanleitung.","breadcrumb":{"@id":"http:\/\/www.fancyplants.de\/de\/carnihome\/arten\/saugen\/utricularia\/#breadcrumb"},"inLanguage":"de","potentialAction":[{"@type":"ReadAction","target":["http:\/\/www.fancyplants.de\/de\/carnihome\/arten\/saugen\/utricularia\/"]}]},{"@type":"BreadcrumbList","@id":"http:\/\/www.fancyplants.de\/de\/carnihome\/arten\/saugen\/utricularia\/#breadcrumb","itemListElement":[{"@type":"ListItem","position":1,"name":"Home","item":"http:\/\/www.fancyplants.de\/de\/"},{"@type":"ListItem","position":2,"name":"Insektivoren","item":"http:\/\/www.fancyplants.de\/de\/carnihome\/"},{"@type":"ListItem","position":3,"name":"Arten","item":"http:\/\/www.fancyplants.de\/de\/carnihome\/arten\/"},{"@type":"ListItem","position":4,"name":"Saugfalle","item":"http:\/\/www.fancyplants.de\/de\/carnihome\/arten\/saugen\/"},{"@type":"ListItem","position":5,"name":"Wasserschlauch"}]},{"@type":"WebSite","@id":"http:\/\/www.fancyplants.de\/de\/#website","url":"http:\/\/www.fancyplants.de\/de\/","name":"Fancy Plants - Deutsch","description":"Eine weitere WordPress-Seite","potentialAction":[{"@type":"SearchAction","target":{"@type":"EntryPoint","urlTemplate":"http:\/\/www.fancyplants.de\/de\/?s={search_term_string}"},"query-input":{"@type":"PropertyValueSpecification","valueRequired":true,"valueName":"search_term_string"}}],"inLanguage":"de"}]}},"_links":{"self":[{"href":"http:\/\/www.fancyplants.de\/de\/wp-json\/wp\/v2\/pages\/381","targetHints":{"allow":["GET"]}}],"collection":[{"href":"http:\/\/www.fancyplants.de\/de\/wp-json\/wp\/v2\/pages"}],"about":[{"href":"http:\/\/www.fancyplants.de\/de\/wp-json\/wp\/v2\/types\/page"}],"author":[{"embeddable":true,"href":"http:\/\/www.fancyplants.de\/de\/wp-json\/wp\/v2\/users\/1"}],"replies":[{"embeddable":true,"href":"http:\/\/www.fancyplants.de\/de\/wp-json\/wp\/v2\/comments?post=381"}],"version-history":[{"count":1,"href":"http:\/\/www.fancyplants.de\/de\/wp-json\/wp\/v2\/pages\/381\/revisions"}],"predecessor-version":[{"id":3076,"href":"http:\/\/www.fancyplants.de\/de\/wp-json\/wp\/v2\/pages\/381\/revisions\/3076"}],"up":[{"embeddable":true,"href":"http:\/\/www.fancyplants.de\/de\/wp-json\/wp\/v2\/pages\/349"}],"wp:attachment":[{"href":"http:\/\/www.fancyplants.de\/de\/wp-json\/wp\/v2\/media?parent=381"}],"curies":[{"name":"wp","href":"https:\/\/api.w.org\/{rel}","templated":true}]}}