{"id":363,"date":"2015-06-18T23:15:32","date_gmt":"2015-06-18T21:15:32","guid":{"rendered":"http:\/\/www.fancyplants.de\/de\/?page_id=363"},"modified":"2019-10-15T08:51:13","modified_gmt":"2019-10-15T06:51:13","slug":"ndrosera","status":"publish","type":"page","link":"http:\/\/www.fancyplants.de\/de\/carnihome\/natural\/ndrosera\/","title":{"rendered":"Sonnentau"},"content":{"rendered":"<div class=\"fusion-fullwidth fullwidth-box fusion-builder-row-1 hundred-percent-fullwidth non-hundred-percent-height-scrolling\" style=\"--awb-border-radius-top-left:0px;--awb-border-radius-top-right:0px;--awb-border-radius-bottom-right:0px;--awb-border-radius-bottom-left:0px;--awb-overflow:visible;--awb-flex-wrap:wrap;\" ><div class=\"fusion-builder-row fusion-row\"><div class=\"fusion-layout-column fusion_builder_column fusion-builder-column-0 fusion_builder_column_1_1 1_1 fusion-one-full fusion-column-first fusion-column-last\" style=\"--awb-bg-size:cover;\"><div class=\"fusion-column-wrapper fusion-flex-column-wrapper-legacy\"><div class=\"fusion-title title fusion-title-1 fusion-title-text fusion-title-size-one\"><h1 class=\"fusion-title-heading title-heading-left\" style=\"margin:0;\">Sonnentaue (<i>Drosera<\/i>) am Naturstandort in Deutschland<\/h1><span class=\"awb-title-spacer\"><\/span><div class=\"title-sep-container\"><div class=\"title-sep sep-single sep-solid\" style=\"border-color:#3e3e3e;\"><\/div><\/div><\/div><div class=\"fusion-title title fusion-title-2 fusion-title-text fusion-title-size-two\"><h2 class=\"fusion-title-heading title-heading-left\" style=\"margin:0;\">Einf\u00fchrung<\/h2><span class=\"awb-title-spacer\"><\/span><div class=\"title-sep-container\"><div class=\"title-sep sep-single sep-solid\" style=\"border-color:#3e3e3e;\"><\/div><\/div><\/div><div class=\"fusion-text fusion-text-1\"><div class=\"intextl\"><a class=\"lupe200\" title=\"Gruppe von Drosera anglica.\" href=\"..\/..\/..\/..\/..\/images\/carnivorous\/dang2.jpg\" data-gallery=\"\"><img decoding=\"async\" src=\"..\/..\/..\/..\/..\/images\/carnivorous\/dang2s.jpg\" alt=\"Gruppe von Drosera anglica.\" width=\"200\" height=\"200\" \/><span><\/span><\/a><\/div>\n<div class=\"intextr\"><a class=\"lupe200\" title=\"Sch\u00f6nes Exemplar von Drosera rotundifolia.\" href=\"..\/..\/..\/..\/..\/images\/carnivorous\/drot1.jpg\" data-gallery=\"\"><img decoding=\"async\" src=\"..\/..\/..\/..\/..\/images\/carnivorous\/drot1s.jpg\" alt=\"Sch\u00f6nes Exemplar von Drosera rotundifolia.\" width=\"200\" height=\"200\" \/><span><\/span><\/a><\/div>\n<p>Bei der Gattung Drosera, einem Vertreter aus der Familie der Sonnentaugew\u00e4chse, handelt es sich um die drittgr\u00f6\u00dfte karnivore Gattung mit insgesamt etwa 160 Arten.<\/p>\n<p>Die Gattung ist weltweit verbreitet. Verbreitungsschwerpunkte sind besonders Australien, daneben auch S\u00fcdafrika.<\/p>\n<p>Bis auf eine Ausnahme werden feuchte, saure bis stark saure Habitate besiedelt. Droserae kommen in temperierten Zonen mit einem frostigen Winter ebenso vor wie in den Tropen. Die meisten Arten sind rosettenbildend, oft flach der Erde aufliegend. Daneben existieren auch kletternde oder aufrecht wachsende Arten. Der Durchmesser reicht von 1 \u2013 2 cm bis hin zu 100 cm bei Drosera regia.<\/p>\n<div class=\"intextl\"><a class=\"lupe200\" title=\"\u00dcberflutet stehendes Exemplar von Drosera intermedia.\" href=\"..\/..\/..\/..\/..\/images\/carnivorous\/dint3.jpg\" data-gallery=\"\"><img decoding=\"async\" src=\"..\/..\/..\/..\/..\/images\/carnivorous\/dint3s.jpg\" alt=\"\u00dcberflutet stehendes Exemplar von Drosera intermedia.\" width=\"200\" height=\"200\" \/><span><\/span><\/a><\/div>\n<div class=\"intextr\"><a class=\"lupe200\" title=\"Massenbestand von Drosera intermedia.\" href=\"..\/..\/..\/..\/..\/images\/carnivorous\/dint1.jpg\" data-gallery=\"\"><img decoding=\"async\" src=\"..\/..\/..\/..\/..\/images\/carnivorous\/dint1s.jpg\" alt=\"Massenbestand von Drosera intermedia.\" width=\"200\" height=\"200\" \/><span><\/span><\/a><\/div>\n<p>Der Sonnentau geh\u00f6rt zu den aktiven Klebefallen. Gestielte Dr\u00fcsen (Tentakeln) produzieren einen Fangschleim, der auf einer Polysaccharid-L\u00f6sung basiert. \u00dcberwiegend durch das Glitzern der Tautropfen in der Sonne werden kleine Insekten angelockt und festgeklebt. Eine olfaktorische (\u00fcber den Geruch) Anlockung besteht hingegen nicht. Die Tentakeln, manchmal sogar das ganze Blatt sind oft ausgesprochen beweglich. Die Bewegungsfreudigkeit variiert jedoch deutlich. Nahezu keine Bewegung zeigt etwa Drosera filiformis, andere Arten wie Drosera burmannii hingegen k\u00f6nnen ihrer Tentakeln innerhalb von 1 \u2013 2 Minuten um 180 \u00b0 umklappen. Eine ganze Reihe an Arten, wie zum Beispiel Drosera capensis, umh\u00fcllen schlie\u00dflich die Beute sandwich-like mit ihrem Blatt. Zahlreiche Enzyme spalten die Inhaltsstoffe auf und f\u00fchren sie damit einer Verwertung durch die Pflanze zu.<\/p>\n<p>In den deutschen Hochmooren finden sich drei Arten, n\u00e4mlich <i>Drosera anglica<\/i>, <i>Drosera intermedia<\/i> und <i>Drosera rotundifolia<\/i>.<\/p>\n<\/div><div class=\"fusion-title title fusion-title-3 fusion-title-text fusion-title-size-two\"><h2 class=\"fusion-title-heading title-heading-left\" style=\"margin:0;\">Langbl\u00e4ttriger Sonnentau (<i>Drosera anglica<\/i>)<\/h2><span class=\"awb-title-spacer\"><\/span><div class=\"title-sep-container\"><div class=\"title-sep sep-single sep-solid\" style=\"border-color:#3e3e3e;\"><\/div><\/div><\/div><div class=\"fusion-text fusion-text-2\"><div class=\"intextl\"><a class=\"lupe200\" title=\"Bisweilen steht auch Drosera anglica relativ nass, ...\" href=\"..\/..\/..\/..\/..\/images\/carnivorous\/dang1.jpg\" data-gallery=\"\"><img decoding=\"async\" src=\"..\/..\/..\/..\/..\/images\/carnivorous\/dang1s.jpg\" alt=\"Bisweilen steht auch Drosera anglica relativ nass, ...\" width=\"200\" height=\"200\" \/><span><\/span><\/a><\/div>\n<div class=\"intextr\"><a class=\"lupe200\" title=\"... h\u00e4ufiger steht Drosera anglica jedoch trockener.\" href=\"..\/..\/..\/..\/..\/images\/carnivorous\/dang4.jpg\" data-gallery=\"\"><img decoding=\"async\" src=\"..\/..\/..\/..\/..\/images\/carnivorous\/dang4s.jpg\" alt=\"... h\u00e4ufiger steht Drosera anglica jedoch trockener.\" width=\"200\" height=\"200\" \/><span><\/span><\/a><\/div>\n<p>Der Langbl\u00e4ttrige Sonnentau wird auch Englischer Sonnentau genannt. Er ist einer von nur drei winterharten, mehrj\u00e4hrigen Arten, die in Mitteleuropa heimisch sind. Von diesen ist <i>Drosera anglica<\/i> die seltenste Art und in Deutschland stark gef\u00e4hrdet. Er kommt auf der gesamten Nordhalbkugel vor, hier ist er vor allem in Norddeutschland, aber auch in S\u00fcdbayern zu finden.<\/p>\n<p>Wie seine Verwandten findet man <i>Drosera anglica<\/i> in vollsonnigen Lagen in Hochmooren und Zwischenmooren. Die Art w\u00e4chst in der Regel zwischen Torfmoosen auf staunassen B\u00f6den, jedoch meist an trockeneren Stellen als <i>Drosera intermedia<\/i>. Im Vergleich zu seinen zwei deutschen Verwandten ist diese Art deutlich kalktoleranter, m\u00f6glicherweise aufgrund eines Einflusses von <i>Drosera linearis<\/i>.<\/p>\n<div class=\"intextr\"><a class=\"lupe200\" title=\"Bl\u00fcte von Drosera anglica.\" href=\"..\/..\/..\/..\/..\/images\/carnivorous\/dang3.jpg\" data-gallery=\"\"><img decoding=\"async\" src=\"..\/..\/..\/..\/..\/images\/carnivorous\/dang3s.jpg\" alt=\"Bl\u00fcte von Drosera anglica.\" width=\"200\" height=\"200\" \/><span><\/span><\/a><\/div>\n<p>Es wird vermutet, dass <i>Drosera anglica<\/i> hybridogenen Ursprungs ist, n\u00e4mlich sich aus einer Naturhybride zwischen <i>Drosera rotundifolia<\/i> und <i>Drosera linearis<\/i> entwickelt hat. Hierf\u00fcr sprechen neue genetische Untersuchungen und die Tatsache, dass <i>Drosera anglica<\/i> die Chromosomenzahl von 2n=40 hat, wohingegen die restlichen nordamerikanischen Arten die Chromosomenzahl von 2n=20 aufweisen.<\/p>\n<p>Die Bl\u00e4tter sind zwischen 35 und 95 Millimeter lang. Dabei entfallen auf die l\u00e4nglich-spatelig Blattspreite nur 15 bis 35 Millimeter. Auch bei intensiver Sonneneinstrahlung f\u00e4rbt sich <i>Drosera anglica<\/i> nicht derart tiefrot wie <i>Drosera intermedia<\/i> und <i>Drosera rotundifolia<\/i>. Ebenso wie diese bildet die Art im Hochsommer kleine, wei\u00dfe Bl\u00fcten.<\/p>\n<\/div><div class=\"fusion-title title fusion-title-4 fusion-title-text fusion-title-size-two\"><h2 class=\"fusion-title-heading title-heading-left\" style=\"margin:0;\">Mittlerer Sonnentau (<i>Drosera intermedia<\/i>)<\/h2><span class=\"awb-title-spacer\"><\/span><div class=\"title-sep-container\"><div class=\"title-sep sep-single sep-solid\" style=\"border-color:#3e3e3e;\"><\/div><\/div><\/div><div class=\"fusion-text fusion-text-3\"><div class=\"intextl\"><a class=\"lupe200\" title=\"Sehr sch\u00f6n ausgef\u00e4rbte Drosera intermedia.\" href=\"..\/..\/..\/..\/..\/images\/carnivorous\/dint6.jpg\" data-gallery=\"\"><img decoding=\"async\" src=\"..\/..\/..\/..\/..\/images\/carnivorous\/dint6s.jpg\" alt=\"Sehr sch\u00f6n ausgef\u00e4rbte Drosera intermedia.\" width=\"200\" height=\"200\" \/><span><\/span><\/a><\/div>\n<div class=\"intextr\"><a class=\"lupe200\" title=\"Drosera intermedia zusammen mit Utricularia minor (die zwei gelben Bl\u00fcten im Hintergrund).\" href=\"..\/..\/..\/..\/..\/images\/carnivorous\/dint2.jpg\" data-gallery=\"\"><img decoding=\"async\" src=\"..\/..\/..\/..\/..\/images\/carnivorous\/dint2s.jpg\" alt=\"Drosera intermedia zusammen mit Utricularia minor (die zwei gelben Bl\u00fcten im Hintergrund).\" width=\"200\" height=\"200\" \/><span><\/span><\/a><\/div>\n<p>Der Mittlere Sonnentau ist ebenfalls eine mehrj\u00e4hrige, winterharte Hochmoorpflanze. Diese Art \u00e4hnelt dem Langbl\u00e4ttrigen Sonnentau, ist jedoch kleiner. Vor allem anhand der Blattspreite lassen sich die Arten unterscheiden.<\/p>\n<p><i>Drosera anglica<\/i> weist eine l\u00e4nglich-spatelige Blattspreite auf. Diese ist also deutlich l\u00e4nger als breit.<\/p>\n<p>Hingegen zeigt <i>Drosera intermedia<\/i> eine deutlich k\u00fcrzere Blattspreite, die spatelig bis verkehrt-eif\u00f6rmig ist. Die Blattspreite ist nur geringf\u00fcgig l\u00e4nger als breit. Unter intensiver Sonneneinstrahlung kann sich die Art intensiv rot verf\u00e4rben.<\/p>\n<div class=\"intextl\"><a class=\"lupe200\" title=\"Makroaufnahme der Tentakeln von Drosera intermedia.\" href=\"..\/..\/..\/..\/..\/images\/carnivorous\/dint5.jpg\" data-gallery=\"\"><img decoding=\"async\" src=\"..\/..\/..\/..\/..\/images\/carnivorous\/dint5s.jpg\" alt=\"Makroaufnahme der Tentakeln von Drosera intermedia.\" width=\"200\" height=\"200\" \/><span><\/span><\/a><\/div>\n<div class=\"intextr\"><a class=\"lupe200\" title=\"Verlandungsmoor im Allg\u00e4u, Biotop aller drei Sonnentauarten.\" href=\"..\/..\/..\/..\/..\/images\/carnivorous\/dint4.jpg\" data-gallery=\"\"><img decoding=\"async\" src=\"..\/..\/..\/..\/..\/images\/carnivorous\/dint4s.jpg\" alt=\"Verlandungsmoor im Allg\u00e4u, Biotop aller drei Sonnentauarten.\" width=\"200\" height=\"200\" \/><span><\/span><\/a><\/div>\n<p>Im Hochsommer werden kleine, wei\u00dfe Bl\u00fcten gebildet.<\/p>\n<p>Die Art kommt einerseits in Europa vor, daneben aber auch im Osten von Nord- und S\u00fcdamerika.<\/p>\n<p>Interessanterweise sind die Pflanzen aus S\u00fcdamerika, die vor allem auf den Tafelbergen zu finden sind, nicht frosthart und unterscheiden sich geringf\u00fcgig von ihren europ\u00e4ischen Verwandten, so dass diese als <i>Drosera intermedia \u201aRoraimae\u2019<\/i> beschrieben wurden.<\/p>\n<p>In Deutschland bevorzugt diese Art sehr nasse Standorte. Nicht selten findet man gro\u00dfteils \u00fcberflutete Exemplare. Insgesamt ist die Art h\u00e4ufiger als <i>Drosera anglica<\/i>.<\/p>\n<\/div><div class=\"fusion-title title fusion-title-5 fusion-title-text fusion-title-size-two\"><h2 class=\"fusion-title-heading title-heading-left\" style=\"margin:0;\">Rundbl\u00e4ttriger Sonnentau (<i>Drosera rotundifolia<\/i>)<\/h2><span class=\"awb-title-spacer\"><\/span><div class=\"title-sep-container\"><div class=\"title-sep sep-single sep-solid\" style=\"border-color:#3e3e3e;\"><\/div><\/div><\/div><div class=\"fusion-clearfix\"><\/div><\/div><\/div><div class=\"fusion-layout-column fusion_builder_column fusion-builder-column-1 fusion_builder_column_1_1 1_1 fusion-one-full fusion-column-first fusion-column-last fusion-column-no-min-height\" style=\"--awb-bg-size:cover;--awb-margin-bottom:0px;\"><div class=\"fusion-column-wrapper fusion-flex-column-wrapper-legacy\"><div class=\"fusion-text fusion-text-4\"><div class=\"intextl\"><a class=\"lupe200\" title=\"Drosera rotundifolia zusammen mit der Gew\u00f6hnlichen Moosbeere (Vaccinium oxycoccos).\" href=\"..\/..\/..\/..\/..\/images\/carnivorous\/drot2.jpg\" data-gallery=\"\"><img decoding=\"async\" src=\"..\/..\/..\/..\/..\/images\/carnivorous\/drot2s.jpg\" alt=\"Drosera rotundifolia zusammen mit der Gew\u00f6hnlichen Moosbeere (Vaccinium oxycoccos).\" width=\"200\" height=\"200\" \/><span><\/span><\/a><\/div>\n<p>Der Rundbl\u00e4ttrige Sonnentau ist ebenfalls eine mehrj\u00e4hrige, winterharte Art, die nahezu auf der gesamten Nordhalbkugel verbreitet ist. In Deutschland ist <i>Drosera rotundifolia<\/i> die h\u00e4ufigste Art, findet sich aber auch vor allem in Hochmooren, wo sie in aller Regel in Torfmoospolstern w\u00e4chst.<\/p>\n<div class=\"intextr\"><a class=\"lupe200\" title=\"Manchmal ist Drosera rotundifolia im roten Sphagnum nur schwer zu entdecken.\" href=\"..\/..\/..\/..\/..\/images\/carnivorous\/drot3.jpg\" data-gallery=\"\"><img decoding=\"async\" src=\"..\/..\/..\/..\/..\/images\/carnivorous\/drot3s.jpg\" alt=\"Manchmal ist Drosera rotundifolia im roten Sphagnum nur schwer zu entdecken.\" width=\"200\" height=\"200\" \/><span><\/span><\/a><\/div>\n<p><i>Drosera rotundifolia<\/i> \u00fcberdauert wie auch <i>Drosera anglica<\/i> und <i>Drosera intermedia<\/i> die kalte Jahreszeit mittels einer Winterknospe, dem sogenannten Hibernakel.<\/p>\n<p>Mit <i>Drosera anglica<\/i> kann diese Art die Naturhybride <i>Drosera x obovata<\/i> bilden.<\/p>\n<p>Die Art ist sehr einfach zu bestimmen und nicht zu verwechseln. Die Bl\u00e4tter liegen flach dem Boden auf oder stehen nur flach ab. Die Blattspreite ist rundlich bis queroval \u2013 oft breiter als lang. Unter intensiver Sonneneinstrahlung kann sich die Blattspreite intensiv rot verf\u00e4rben.<\/p>\n<div class=\"intextl\"><a class=\"lupe200\" title=\"Drosera rotundifolia.\" href=\"..\/..\/..\/..\/..\/images\/carnivorous\/dang4.jpg\" data-gallery=\"\"><img decoding=\"async\" src=\"..\/..\/..\/..\/..\/images\/carnivorous\/dang4s.jpg\" alt=\"Drosera rotundifolia.\" width=\"200\" height=\"200\" \/><span><\/span><\/a><\/div>\n<p>Auch diese Art bildet kleine, wei\u00dfe Bl\u00fcten.<\/p>\n<p>Alle Fotos auf dieser Seite wurden Anfang August 2012 in einem Verlandungsmoor an einem Voralpensee im Allg\u00e4u aufgenommen. Interessante Begleitpflanzen waren der Kleine Wasserschlauch (<i>Utricularia minor<\/i>) und die Sumpf-Weichwurz (<i>Hammarbya paludosa<\/i>), eine extrem seltene Moororchidee.<\/p>\n<\/div><div class=\"fusion-clearfix\"><\/div><\/div><\/div><\/div><\/div>","protected":false},"excerpt":{"rendered":"","protected":false},"author":1,"featured_media":0,"parent":357,"menu_order":0,"comment_status":"open","ping_status":"open","template":"","meta":{"footnotes":""},"class_list":["post-363","page","type-page","status-publish","hentry"],"yoast_head":"<!-- This site is optimized with the Yoast SEO plugin v26.9 - https:\/\/yoast.com\/product\/yoast-seo-wordpress\/ -->\n<title>Sonnentau - Fancy Plants - Deutsch<\/title>\n<meta name=\"description\" content=\"Darstellung des heimischen Sonnentaus (Drosera anglica, Drosera intermedia und Drosera rotundifolia) am Naturstandort.\" \/>\n<meta name=\"robots\" content=\"index, follow, max-snippet:-1, max-image-preview:large, max-video-preview:-1\" \/>\n<link rel=\"canonical\" href=\"http:\/\/www.fancyplants.de\/de\/carnihome\/natural\/ndrosera\/\" \/>\n<meta property=\"og:locale\" content=\"de_DE\" \/>\n<meta property=\"og:type\" content=\"article\" \/>\n<meta property=\"og:title\" content=\"Sonnentau - Fancy Plants - Deutsch\" \/>\n<meta property=\"og:description\" content=\"Darstellung des heimischen Sonnentaus (Drosera anglica, Drosera intermedia und Drosera rotundifolia) am Naturstandort.\" \/>\n<meta property=\"og:url\" content=\"http:\/\/www.fancyplants.de\/de\/carnihome\/natural\/ndrosera\/\" \/>\n<meta property=\"og:site_name\" content=\"Fancy Plants - Deutsch\" \/>\n<meta property=\"article:modified_time\" content=\"2019-10-15T06:51:13+00:00\" \/>\n<meta name=\"twitter:card\" content=\"summary_large_image\" \/>\n<meta name=\"twitter:label1\" content=\"Gesch\u00e4tzte Lesezeit\" \/>\n\t<meta name=\"twitter:data1\" content=\"5\u00a0Minuten\" \/>\n<script type=\"application\/ld+json\" class=\"yoast-schema-graph\">{\"@context\":\"https:\/\/schema.org\",\"@graph\":[{\"@type\":\"WebPage\",\"@id\":\"http:\/\/www.fancyplants.de\/de\/carnihome\/natural\/ndrosera\/\",\"url\":\"http:\/\/www.fancyplants.de\/de\/carnihome\/natural\/ndrosera\/\",\"name\":\"Sonnentau - Fancy Plants - Deutsch\",\"isPartOf\":{\"@id\":\"http:\/\/www.fancyplants.de\/de\/#website\"},\"datePublished\":\"2015-06-18T21:15:32+00:00\",\"dateModified\":\"2019-10-15T06:51:13+00:00\",\"description\":\"Darstellung des heimischen Sonnentaus (Drosera anglica, Drosera intermedia und Drosera rotundifolia) am Naturstandort.\",\"breadcrumb\":{\"@id\":\"http:\/\/www.fancyplants.de\/de\/carnihome\/natural\/ndrosera\/#breadcrumb\"},\"inLanguage\":\"de\",\"potentialAction\":[{\"@type\":\"ReadAction\",\"target\":[\"http:\/\/www.fancyplants.de\/de\/carnihome\/natural\/ndrosera\/\"]}]},{\"@type\":\"BreadcrumbList\",\"@id\":\"http:\/\/www.fancyplants.de\/de\/carnihome\/natural\/ndrosera\/#breadcrumb\",\"itemListElement\":[{\"@type\":\"ListItem\",\"position\":1,\"name\":\"Home\",\"item\":\"http:\/\/www.fancyplants.de\/de\/\"},{\"@type\":\"ListItem\",\"position\":2,\"name\":\"Insektivoren\",\"item\":\"http:\/\/www.fancyplants.de\/de\/carnihome\/\"},{\"@type\":\"ListItem\",\"position\":3,\"name\":\"Insektivoren am Naturstandort\",\"item\":\"http:\/\/www.fancyplants.de\/de\/carnihome\/natural\/\"},{\"@type\":\"ListItem\",\"position\":4,\"name\":\"Sonnentau\"}]},{\"@type\":\"WebSite\",\"@id\":\"http:\/\/www.fancyplants.de\/de\/#website\",\"url\":\"http:\/\/www.fancyplants.de\/de\/\",\"name\":\"Fancy Plants - Deutsch\",\"description\":\"Eine weitere WordPress-Seite\",\"potentialAction\":[{\"@type\":\"SearchAction\",\"target\":{\"@type\":\"EntryPoint\",\"urlTemplate\":\"http:\/\/www.fancyplants.de\/de\/?s={search_term_string}\"},\"query-input\":{\"@type\":\"PropertyValueSpecification\",\"valueRequired\":true,\"valueName\":\"search_term_string\"}}],\"inLanguage\":\"de\"}]}<\/script>\n<!-- \/ Yoast SEO plugin. -->","yoast_head_json":{"title":"Sonnentau - Fancy Plants - Deutsch","description":"Darstellung des heimischen Sonnentaus (Drosera anglica, Drosera intermedia und Drosera rotundifolia) am Naturstandort.","robots":{"index":"index","follow":"follow","max-snippet":"max-snippet:-1","max-image-preview":"max-image-preview:large","max-video-preview":"max-video-preview:-1"},"canonical":"http:\/\/www.fancyplants.de\/de\/carnihome\/natural\/ndrosera\/","og_locale":"de_DE","og_type":"article","og_title":"Sonnentau - Fancy Plants - Deutsch","og_description":"Darstellung des heimischen Sonnentaus (Drosera anglica, Drosera intermedia und Drosera rotundifolia) am Naturstandort.","og_url":"http:\/\/www.fancyplants.de\/de\/carnihome\/natural\/ndrosera\/","og_site_name":"Fancy Plants - Deutsch","article_modified_time":"2019-10-15T06:51:13+00:00","twitter_card":"summary_large_image","twitter_misc":{"Gesch\u00e4tzte Lesezeit":"5\u00a0Minuten"},"schema":{"@context":"https:\/\/schema.org","@graph":[{"@type":"WebPage","@id":"http:\/\/www.fancyplants.de\/de\/carnihome\/natural\/ndrosera\/","url":"http:\/\/www.fancyplants.de\/de\/carnihome\/natural\/ndrosera\/","name":"Sonnentau - Fancy Plants - Deutsch","isPartOf":{"@id":"http:\/\/www.fancyplants.de\/de\/#website"},"datePublished":"2015-06-18T21:15:32+00:00","dateModified":"2019-10-15T06:51:13+00:00","description":"Darstellung des heimischen Sonnentaus (Drosera anglica, Drosera intermedia und Drosera rotundifolia) am Naturstandort.","breadcrumb":{"@id":"http:\/\/www.fancyplants.de\/de\/carnihome\/natural\/ndrosera\/#breadcrumb"},"inLanguage":"de","potentialAction":[{"@type":"ReadAction","target":["http:\/\/www.fancyplants.de\/de\/carnihome\/natural\/ndrosera\/"]}]},{"@type":"BreadcrumbList","@id":"http:\/\/www.fancyplants.de\/de\/carnihome\/natural\/ndrosera\/#breadcrumb","itemListElement":[{"@type":"ListItem","position":1,"name":"Home","item":"http:\/\/www.fancyplants.de\/de\/"},{"@type":"ListItem","position":2,"name":"Insektivoren","item":"http:\/\/www.fancyplants.de\/de\/carnihome\/"},{"@type":"ListItem","position":3,"name":"Insektivoren am Naturstandort","item":"http:\/\/www.fancyplants.de\/de\/carnihome\/natural\/"},{"@type":"ListItem","position":4,"name":"Sonnentau"}]},{"@type":"WebSite","@id":"http:\/\/www.fancyplants.de\/de\/#website","url":"http:\/\/www.fancyplants.de\/de\/","name":"Fancy Plants - Deutsch","description":"Eine weitere WordPress-Seite","potentialAction":[{"@type":"SearchAction","target":{"@type":"EntryPoint","urlTemplate":"http:\/\/www.fancyplants.de\/de\/?s={search_term_string}"},"query-input":{"@type":"PropertyValueSpecification","valueRequired":true,"valueName":"search_term_string"}}],"inLanguage":"de"}]}},"_links":{"self":[{"href":"http:\/\/www.fancyplants.de\/de\/wp-json\/wp\/v2\/pages\/363","targetHints":{"allow":["GET"]}}],"collection":[{"href":"http:\/\/www.fancyplants.de\/de\/wp-json\/wp\/v2\/pages"}],"about":[{"href":"http:\/\/www.fancyplants.de\/de\/wp-json\/wp\/v2\/types\/page"}],"author":[{"embeddable":true,"href":"http:\/\/www.fancyplants.de\/de\/wp-json\/wp\/v2\/users\/1"}],"replies":[{"embeddable":true,"href":"http:\/\/www.fancyplants.de\/de\/wp-json\/wp\/v2\/comments?post=363"}],"version-history":[{"count":1,"href":"http:\/\/www.fancyplants.de\/de\/wp-json\/wp\/v2\/pages\/363\/revisions"}],"predecessor-version":[{"id":3078,"href":"http:\/\/www.fancyplants.de\/de\/wp-json\/wp\/v2\/pages\/363\/revisions\/3078"}],"up":[{"embeddable":true,"href":"http:\/\/www.fancyplants.de\/de\/wp-json\/wp\/v2\/pages\/357"}],"wp:attachment":[{"href":"http:\/\/www.fancyplants.de\/de\/wp-json\/wp\/v2\/media?parent=363"}],"curies":[{"name":"wp","href":"https:\/\/api.w.org\/{rel}","templated":true}]}}