{"id":361,"date":"2015-06-18T23:14:28","date_gmt":"2015-06-18T21:14:28","guid":{"rendered":"http:\/\/www.fancyplants.de\/de\/?page_id=361"},"modified":"2019-10-24T14:53:13","modified_gmt":"2019-10-24T12:53:13","slug":"nutricularia","status":"publish","type":"page","link":"http:\/\/www.fancyplants.de\/de\/carnihome\/natural\/nutricularia\/","title":{"rendered":"Wasserschlauch"},"content":{"rendered":"<div class=\"fusion-fullwidth fullwidth-box fusion-builder-row-1 hundred-percent-fullwidth non-hundred-percent-height-scrolling\" style=\"--awb-border-radius-top-left:0px;--awb-border-radius-top-right:0px;--awb-border-radius-bottom-right:0px;--awb-border-radius-bottom-left:0px;--awb-overflow:visible;--awb-flex-wrap:wrap;\" ><div class=\"fusion-builder-row fusion-row\"><div class=\"fusion-layout-column fusion_builder_column fusion-builder-column-0 fusion_builder_column_1_1 1_1 fusion-one-full fusion-column-first fusion-column-last\" style=\"--awb-bg-size:cover;\"><div class=\"fusion-column-wrapper fusion-flex-column-wrapper-legacy\"><div class=\"fusion-title title fusion-title-1 fusion-title-text fusion-title-size-one\"><h1 class=\"fusion-title-heading title-heading-left\" style=\"margin:0;\">Wasserschlauch (<i>Utricularia<\/i>) am Naturstandort<\/h1><span class=\"awb-title-spacer\"><\/span><div class=\"title-sep-container\"><div class=\"title-sep sep-single sep-solid\" style=\"border-color:#3e3e3e;\"><\/div><\/div><\/div><div class=\"fusion-title title fusion-title-2 fusion-title-text fusion-title-size-two\"><h2 class=\"fusion-title-heading title-heading-left\" style=\"margin:0;\">Einf\u00fchrung<\/h2><span class=\"awb-title-spacer\"><\/span><div class=\"title-sep-container\"><div class=\"title-sep sep-single sep-solid\" style=\"border-color:#3e3e3e;\"><\/div><\/div><\/div><div class=\"fusion-text fusion-text-1\"><div class=\"intextr\"><a class=\"lupe200\" title=\"Bl\u00fcte von Utricularia australis.\" href=\"..\/..\/..\/..\/..\/images\/carnivorous\/uaus1.jpg\" data-gallery=\"\"><img decoding=\"async\" src=\"..\/..\/..\/..\/..\/images\/carnivorous\/uaus1s.jpg\" alt=\"Bl\u00fcte von Utricularia australis.\" width=\"200\" height=\"200\" \/><span><\/span><\/a><\/div>\n<p>Die Gattung <i>Utricularia<\/i> stellt mit etwa 220 Arten weltweit die zweitgr\u00f6\u00dfte Gruppe der fleischfressenden Pflanzen dar. Die Anatomie der Utricularien ist kompliziert und zwischen den verschiedenen Arten zudem noch divergent. Um an dieser Stelle einen ausf\u00fchrlichen Exkurs in die Nomenklatur der Botanik zu vermeiden, reduziere ich den Aufbau eines Wasserschlauchs etwas, wenngleich dieser dann anatomisch nicht ganz korrekt ist. Utricularien besitzen keine Wurzeln, vereinfacht bestehen sie aus Sprossen, Fallen, Bl\u00e4ttern und Bl\u00fcten.<\/p>\n<div class=\"intextl\"><a class=\"lupe200\" title=\"Seitenansicht der Bl\u00fcte von Utricularia australis.\" href=\"..\/..\/..\/..\/..\/images\/carnivorous\/uaus4.jpg\" data-gallery=\"\"><img decoding=\"async\" src=\"..\/..\/..\/..\/..\/images\/carnivorous\/uaus4s.jpg\" alt=\"Seitenansicht der Bl\u00fcte von Utricularia australis.\" width=\"200\" height=\"200\" \/><span><\/span><\/a><\/div>\n<p>Die fleischfressenden Wasserschl\u00e4uche haben als einzige Pflanzengattung Saugfallen entwickelt. Bei der Saugfalle handelt es sich um ein hochraffiniertes und komplexes Fallensystem. Der Wasserschlauch bildet als Fangorgan kleine Blasen aus, deren Gr\u00f6\u00dfe zwischen den verschiedenen Arten betr\u00e4chtlich schwankt. Der Durchmesser variiert von etwa 1 &#8211; 10 mm. In der Wand der Fangblase sind kleine Pumpen eingebaut, die Wasser von innen nach au\u00dfen pumpen, wodurch ein Unterdruck erzeugt und die Blase nach innen eingedellt wird. Die Blase weist daneben eine kleine \u00d6ffnung auf, die durch eine Klappe verschlossen ist. An der Klappe befinden sich mehrere Borsten, die bei Ber\u00fchrung die Falle ausl\u00f6sen. Gelangt ein Futtertier (\u00fcberwiegend R\u00e4dertierchen, Wasserfl\u00f6he und Fadenw\u00fcrmer; bei gr\u00f6\u00dferen Blasen auch Stechm\u00fcckenlarven) an eine Borste, wirkt diese als ein Hebel, mit dem das Tierchen die Klappe aus seiner Verankerung l\u00f6st. Durch den Unterdruck wird die Klappe nun nach innen gesogen und damit auch etwas Wasser sowie das Tierchen, welches sich vor der Klappe befand.<\/p>\n<div class=\"intextl\"><a class=\"lupe200\" title=\"Massenbestand von Utricularia minor.\" href=\"..\/..\/..\/..\/..\/images\/carnivorous\/umin5.jpg\" data-gallery=\"\"><img decoding=\"async\" src=\"..\/..\/..\/..\/..\/images\/carnivorous\/umin5s.jpg\" alt=\"Massenbestand von Utricularia minor.\" width=\"200\" height=\"200\" \/><span><\/span><\/a><\/div>\n<div class=\"intextr\"><a class=\"lupe200\" title=\"Bl\u00fcte von Utricularia minor.\" href=\"..\/..\/..\/..\/..\/images\/carnivorous\/umin3.jpg\" data-gallery=\"\"><img decoding=\"async\" src=\"..\/..\/..\/..\/..\/images\/carnivorous\/umin3s.jpg\" alt=\"Bl\u00fcte von Utricularia minor.\" width=\"200\" height=\"200\" \/><span><\/span><\/a><\/div>\n<p>Nachdem es zu einem vollst\u00e4ndigen Druckausgleich gekommen ist, schlie\u00dft sich die Klappe wieder. Der gesamte Vorgang dauert nur 0,02 Sekunden und ist somit die zweitschnellste Bewegung im Pflanzenreich. Schneller ist nur noch der Kanadische Hartriegel (<i>Cornus canadensis<\/i>), der seine Pollen bei Kontakt innerhalb von 0,3 ms nach oben katapultiert. Anschlie\u00dfend beginnen die Pumpen wieder, das Wasser herauszusaugen und damit den Unterdruck erneut aufzubauen. Parallel sezernieren andere Pumpen Verdauungsenzyme, mit denen das Beutetierchen verwertet wird.<\/p>\n<p>In Deutschland kommen sieben Arten vor, n\u00e4mlich <i>Utricularia australis<\/i>, <i>Utricularia bremii<\/i>, <i>Utricularia intermedia<\/i>, <i>Utricularia minor<\/i>, <i>Utricularia ochroleuca<\/i>, <i>Utricularia stygia<\/i> und <i>Utricularia vulgaris<\/i>. Alle deutschen Arten wachsen aquatisch, d.h. im Wasser freischwimmend untergetaucht. Die h\u00e4ufigsten Arten sind der Gew\u00f6hnliche Wasserschlauch (<i>Utricularia vulgaris<\/i>) und der S\u00fcdliche Wasserschlauch (<i>Utricularia australis<\/i>), die bis zu 2 m lange Triebe bilden k\u00f6nnen. Beide Arten findet man nicht selten in Flachmooren, aber auch in anderen nicht zu n\u00e4hrstoffhaltigen Gew\u00e4ssern. Die restlichen f\u00fcnf Arten bleiben deutlich kleiner und sind fast ausschlie\u00dflich in Hochmoorschlenken zu finden.<\/p>\n<\/div><div class=\"fusion-title title fusion-title-3 fusion-title-text fusion-title-size-two\"><h2 class=\"fusion-title-heading title-heading-left\" style=\"margin:0;\">Kleiner Wasserschlauch (<i>Utricularia minor<\/i>)<\/h2><span class=\"awb-title-spacer\"><\/span><div class=\"title-sep-container\"><div class=\"title-sep sep-single sep-solid\" style=\"border-color:#3e3e3e;\"><\/div><\/div><\/div><div class=\"fusion-text fusion-text-2\"><div class=\"intextl\"><a class=\"lupe200\" title=\"Bl\u00fcte von Utricularia minor.\" href=\"..\/..\/..\/..\/..\/images\/carnivorous\/umin1.jpg\" data-gallery=\"\"><img decoding=\"async\" src=\"..\/..\/..\/..\/..\/images\/carnivorous\/umin1s.jpg\" alt=\"Bl\u00fcte von Utricularia minor.\" width=\"200\" height=\"200\" \/><span><\/span><\/a><\/div>\n<div class=\"intextr\"><a class=\"lupe200\" title=\"Bl\u00fcte von Utricularia minor.\" href=\"..\/..\/..\/..\/..\/images\/carnivorous\/umin2.jpg\" data-gallery=\"\"><img decoding=\"async\" src=\"..\/..\/..\/..\/..\/images\/carnivorous\/umin2s.jpg\" alt=\"Bl\u00fcte von Utricularia minor.\" width=\"200\" height=\"200\" \/><span><\/span><\/a><\/div>\n<p>Der Kleine Wasserschlauch (<i>Utricularia minor<\/i>) ist in Deutschland selten zu finden und stark gef\u00e4hrdet. Die Art findet sich einerseits noch geh\u00e4uft in Nord- und Ostdeutschland. Ein weiterer Verbreitungsschwerpunkt ist S\u00fcdbayern. Im restlichen Deutschland ist die Art hingegen sehr selten.<\/p>\n<p><i>Utricularia minor<\/i> besiedelt n\u00e4hrstoffarme und saure Gew\u00e4sser. Er ist daher in Schlenken und T\u00fcmpeln in Verlandungs- und Hochmooren zu finden. Dort wird er h\u00e4ufig von den drei heimischen Sonnentauarten begleitet. Insbesondere findet sich in unmittelbarer Nachbarschaft der Mittlere Sonnentau (<i>Drosera intermedia<\/i>), der nicht selten halbaquatisch w\u00e4chst.<\/p>\n<p>Der Kleine Wasserschlauch ist eine wurzellose, submerse Wasserpflanze, deren Triebe sehr kurz bleiben und selten eine L\u00e4nge von mehr als 20 cm erreichen.<\/p>\n<div class=\"intextl\"><a class=\"lupe200\" title=\"Utricularia minor zusammen mit Drosera intermedia.\" href=\"..\/..\/..\/..\/..\/images\/carnivorous\/umin4.jpg\" data-gallery=\"\"><img decoding=\"async\" src=\"..\/..\/..\/..\/..\/images\/carnivorous\/umin4s.jpg\" alt=\"Utricularia minor zusammen mit Drosera intermedia.\" width=\"200\" height=\"200\" \/><span><\/span><\/a><\/div>\n<div class=\"intextr\"><a class=\"lupe200\" title=\"Trieb von Utricularia minor.\" href=\"..\/..\/..\/..\/..\/images\/carnivorous\/umin6.jpg\" data-gallery=\"\"><img decoding=\"async\" src=\"..\/..\/..\/..\/..\/images\/carnivorous\/umin6s.jpg\" alt=\"Trieb von Utricularia minor.\" width=\"200\" height=\"200\" \/><span><\/span><\/a><\/div>\n<p>Im Gegensatz zu den gro\u00dfen heimischen Wasserschlaucharten sind die Triebe eher sp\u00e4rlich mit Fangorganen ausgestattet, wenngleich diese ihren gro\u00dfen Verwandten hinsichtlich der Effektivit\u00e4t nicht nachstehen.<\/p>\n<p>Im Juli und August erscheinen die eher hell- bis schwefelgelben Bl\u00fcten. Diese sind sehr klein. Ober- und Unterlippe bilden einen spitzen Winkel, die Unterlippe ist seitlich nach unten geschlagen, so dass diese von oben ziemlich schmal erscheint. Teilweise besitzt die Unterlippe eine dezente, r\u00f6tliche Zeichnung.<\/p>\n<p>Anfang August 2012 habe ich die Art in einem Verlandungsmoor im Allg\u00e4u gefunden. Beeindruckend war das Massenvorkommen. Die Art wurde in ihrem Biotop von <i>Drosera anglica<\/i>, <i>Drosera intermedia<\/i>, <i>Drosera rotundifolia<\/i> und <i>Hammarbya paludosa<\/i>, einer \u00e4u\u00dferst seltenen Moororchidee, begleitet.<\/p>\n<\/div><div class=\"fusion-title title fusion-title-4 fusion-title-text fusion-title-size-two\"><h2 class=\"fusion-title-heading title-heading-left\" style=\"margin:0;\">S\u00fcdlicher Wasserschlauch (<i>Utricularia australis<\/i>)<\/h2><span class=\"awb-title-spacer\"><\/span><div class=\"title-sep-container\"><div class=\"title-sep sep-single sep-solid\" style=\"border-color:#3e3e3e;\"><\/div><\/div><\/div><div class=\"fusion-text fusion-text-3\"><div class=\"intextl\"><a class=\"lupe200\" title=\"Die Unterlippe von Utricularia australis ist flach ausgebreitet, bei Utricularia vulgaris sind die Seitenlappen hingegen nach unten geschlagen.\" href=\"..\/..\/..\/..\/..\/images\/carnivorous\/uaus2.jpg\" data-gallery=\"\"><img decoding=\"async\" src=\"..\/..\/..\/..\/..\/images\/carnivorous\/uaus2s.jpg\" alt=\"Die Unterlippe von Utricularia australis ist flach ausgebreitet, bei Utricularia vulgaris sind die Seitenlappen hingegen nach unten geschlagen.\" width=\"200\" height=\"200\" \/><span><\/span><\/a><\/div>\n<p>Die h\u00e4ufigste Art ist wahrscheinlich der Gew\u00f6hnliche Wasserschlauch (<i>Utricularia vulgaris<\/i>). Der S\u00fcdliche Wasserschlauch (<i>Utricularia australis<\/i>) ist in Deutschland aber nicht wesentlich seltener.<\/p>\n<div class=\"intextr\"><a class=\"lupe200\" title=\"Vorderansicht einer Bl\u00fcte von Utricularia australis.\" href=\"..\/..\/..\/..\/..\/images\/carnivorous\/uaus3.jpg\" data-gallery=\"\"><img decoding=\"async\" src=\"..\/..\/..\/..\/..\/images\/carnivorous\/uaus3s.jpg\" alt=\"Vorderansicht einer Bl\u00fcte von Utricularia australis.\" width=\"200\" height=\"200\" \/><span><\/span><\/a><\/div>\n<p>Die Art wurde 1810 von Robert Brown beschrieben und wird heute in die Sektion <i>Utricularia<\/i> der gleichnamigen Untergattung eingruppiert. Der S\u00fcdliche Wasserschlauch ist hybridogenen Ursprungs \u2013 er ging aus einer japanischen Naturhybride zwischen <i>Utricularia tenuicaulis<\/i> und <i>Utricularia macrorhiza<\/i> hervor. Von Japan verbreitete sich die Art westw\u00e4rts \u00fcber Asien bis nach Europa, richtung S\u00fcden erreichte er Afrika und Australien. In Deutschland findet sich die Art in oligotrophen bis eutrophen Gew\u00e4ssern wie in T\u00fcmpeln, Flachmoorgew\u00e4ssern und Torfstichen. Es werden sowohl saure, als auch basische Gew\u00e4sser besiedelt.<\/p>\n<div class=\"intextl\"><a class=\"lupe200\" title=\"Triebe von Utricularia australis. Die Fallen sind hocheffektiv. In nahezu allen Fallen sieht man Beutetiere, die Fallen sind daher nicht transparent, sondern schwarz.\" href=\"..\/..\/..\/..\/..\/images\/carnivorous\/uaus5.jpg\" data-gallery=\"\"><img decoding=\"async\" src=\"..\/..\/..\/..\/..\/images\/carnivorous\/uaus5s.jpg\" alt=\"Triebe von Utricularia australis. Die Fallen sind hocheffektiv. In nahezu allen Fallen sieht man Beutetiere, die Fallen sind daher nicht transparent, sondern schwarz.\" width=\"200\" height=\"200\" \/><span><\/span><\/a><\/div>\n<p>Bei dem S\u00fcdlichen Wasserschlauch handelt es sich um eine wurzellose submerse Wasserpflanze, deren Triebe bis zu 2 m L\u00e4nge erreichen k\u00f6nnen. Die Triebe sind reichlich mit Fangblasen besetzt. Die Fallen sind hocheffektiv. Im Sommer sind nahezu alle Fangblasen aufgrund der gefangenen Beute schwarz gef\u00e4rbt.<\/p>\n<div class=\"intextr\"><a class=\"lupe200\" title=\"Standort von Utricularia australis. Es ist eine kleine Wasserrinne in einem Flachmoor in S\u00fcddeutschland.\" href=\"..\/..\/..\/..\/..\/images\/carnivorous\/uaus6.jpg\" data-gallery=\"\"><img decoding=\"async\" src=\"..\/..\/..\/..\/..\/images\/carnivorous\/uaus6s.jpg\" alt=\"Standort von Utricularia australis. Es ist eine kleine Wasserrinne in einem Flachmoor in S\u00fcddeutschland.\" width=\"200\" height=\"200\" \/><span><\/span><\/a><\/div>\n<p>Im Juli und August erscheinen die sehr h\u00fcbschen Bl\u00fcten. Diese sind verh\u00e4ltnism\u00e4\u00dfig gro\u00df, von einer kr\u00e4ftigen gelben Grundfarbe. Die Unterlippe weist in aller Regel eine feine, r\u00f6tliche Streifenzeichnung auf.<\/p>\n<p><i>Utricularia australis<\/i> ist von <i>Utricularia vulgaris<\/i> nur Anhand der Bl\u00fcte zu unterscheiden. <i>Utricularia vulgaris<\/i> ist fertil, bildet also Samen aus, wohingegen <i>Utricularia australis<\/i> steril ist. Die Unterlippe ist bei <i>Utricularia australis<\/i> flach ausgebreitet und bildet mit der Oberlippe einen rechten bis stumpfen Winkel. Im Gegensatz dazu ist die Unterlippe bei <i>Utricularia vulgaris<\/i> seitlich nach unten umgeschlagen, die Unterlippe bildet mit der Oberlippe einen spitzen Winkel.<\/p>\n<p>Ich habe diese Art bislang in mehreren Flachmooren in S\u00fcddeutschland gefunden, wo sie nicht selten in kleinen T\u00fcmpeln massig w\u00e4chst.<\/p>\n<\/div><div class=\"fusion-title title fusion-title-5 fusion-title-text fusion-title-size-two\"><h2 class=\"fusion-title-heading title-heading-left\" style=\"margin:0;\"><i>Utricularia arenaria<\/i> auf Madagaskar<\/h2><span class=\"awb-title-spacer\"><\/span><div class=\"title-sep-container\"><div class=\"title-sep sep-single sep-solid\" style=\"border-color:#3e3e3e;\"><\/div><\/div><\/div><div class=\"fusion-text fusion-text-4\"><div class=\"intextl\"><a class=\"lupe200\" title=\"Utricularia arenaria, Bl\u00fcte von frontal.\" href=\"..\/..\/..\/..\/..\/images\/carnivorous\/Utriculariaarenaria1.jpg\" data-gallery=\"\"><img decoding=\"async\" src=\"..\/..\/..\/..\/..\/images\/carnivorous\/Utriculariaarenaria1s.jpg\" alt=\"Utricularia arenaria, Bl\u00fcte von frontal.\" width=\"200\" height=\"200\" \/><span><\/span><\/a><\/div>\n<div class=\"intextr\"><a class=\"lupe200\" title=\"Utricularia arenaria, Bl\u00fcte von seitlich.\" href=\"..\/..\/..\/..\/..\/images\/carnivorous\/Utriculariaarenaria2.jpg\" data-gallery=\"\"><img decoding=\"async\" src=\"..\/..\/..\/..\/..\/images\/carnivorous\/Utriculariaarenaria2s.jpg\" alt=\"Utricularia arenaria, Bl\u00fcte von seitlich.\" width=\"200\" height=\"200\" \/><span><\/span><\/a><\/div>\n<p>Auf Madagaskar fanden wir im April 2018 an einem Seeufer in feuchtem Sand im Schutze einer Steilwand ein kleines Cluster von <i>Utricularia arenaria<\/i> in Bl\u00fcte. Der Standort befindet sich nur wenige hundert Meter von einem Wuchsort von <i>Nepenthes madagascariensis<\/i> entfernt. Der Wuchsort befindet sich im tropischen Regenwald an der Ostk\u00fcste von Madgaskar.<\/p>\n<p>Die Art wurde 1844 von Alphonse Pyrame de Candolle beschrieben und wird heute in die Sektion\u00a0<i>Calpidisca<\/i> der Untergattung <i>Bivalvaria<\/i> eingruppiert.<\/p>\n<p>Diese einj\u00e4hrige Art w\u00e4chst terrestrisch in feuchtem Sand oder auf Torfb\u00f6den und ist \u00fcber weite Teile des tropischen und s\u00fcdlichen Afrikas verbreitet. Die sehr kleinen Bl\u00fcten sind lila gef\u00e4rbt, mit einer wei\u00dfen Streifung und einem gelben Schlundfleck. Die Unterlippe ist trapezf\u00f6rmig ausgebreitet.<\/p>\n<div class=\"intextl\"><a class=\"lupe200\" title=\"Utricularia arenaria, Bl\u00fcte von frontal.\" href=\"..\/..\/..\/..\/..\/images\/carnivorous\/Utriculariaarenaria3.jpg\" data-gallery=\"\"><img decoding=\"async\" src=\"..\/..\/..\/..\/..\/images\/carnivorous\/Utriculariaarenaria3s.jpg\" alt=\"Utricularia arenaria, Bl\u00fcte von frontal.\" width=\"200\" height=\"200\" \/><span><\/span><\/a><\/div>\n<div class=\"intextl\"><a class=\"lupe200\" title=\"Utricularia arenaria, Bl\u00fcte von seitlich.\" href=\"..\/..\/..\/..\/..\/images\/carnivorous\/Utriculariaarenaria4.jpg\" data-gallery=\"\"><img decoding=\"async\" src=\"..\/..\/..\/..\/..\/images\/carnivorous\/Utriculariaarenaria4s.jpg\" alt=\"Utricularia arenaria, Bl\u00fcte von seitlich.\" width=\"200\" height=\"200\" \/><span><\/span><\/a><\/div>\n<div class=\"intextl\"><a class=\"lupe200\" title=\"Utricularia arenaria, Habitus.\" href=\"..\/..\/..\/..\/..\/images\/carnivorous\/Utriculariaarenaria5.jpg\" data-gallery=\"\"><img decoding=\"async\" src=\"..\/..\/..\/..\/..\/images\/carnivorous\/Utriculariaarenaria5s.jpg\" alt=\"Utricularia arenaria, Habitus.\" width=\"200\" height=\"200\" \/><span><\/span><\/a><\/div>\n<div class=\"intextl\"><a class=\"lupe200\" title=\"Utricularia arenaria, Bl\u00e4tter.\" href=\"..\/..\/..\/..\/..\/images\/carnivorous\/Utriculariaarenaria6.jpg\" data-gallery=\"\"><img decoding=\"async\" src=\"..\/..\/..\/..\/..\/images\/carnivorous\/Utriculariaarenaria6s.jpg\" alt=\"Utricularia arenaria, Bl\u00e4tter.\" width=\"200\" height=\"200\" \/><span><\/span><\/a><\/div>\n<div class=\"intextl\"><a class=\"lupe200\" title=\"Standort von Utricularia arenaria im feuchten Sand am Seeufer.\" href=\"..\/..\/..\/..\/..\/images\/carnivorous\/Utriculariaarenaria7.jpg\" data-gallery=\"\"><img decoding=\"async\" src=\"..\/..\/..\/..\/..\/images\/carnivorous\/Utriculariaarenaria7s.jpg\" alt=\"Standort von Utricularia arenaria im feuchten Sand am Seeufer.\" width=\"200\" height=\"200\" \/><span><\/span><\/a><\/div>\n<\/div><div class=\"fusion-clearfix\"><\/div><\/div><\/div><\/div><\/div>","protected":false},"excerpt":{"rendered":"","protected":false},"author":1,"featured_media":0,"parent":357,"menu_order":0,"comment_status":"open","ping_status":"open","template":"","meta":{"footnotes":""},"class_list":["post-361","page","type-page","status-publish","hentry"],"yoast_head":"<!-- This site is optimized with the Yoast SEO plugin v26.9 - https:\/\/yoast.com\/product\/yoast-seo-wordpress\/ -->\n<title>Wasserschlauch - Fancy Plants - Deutsch<\/title>\n<meta name=\"description\" content=\"Darstellung des heimischen Wasserschlauchs (Utricularia) am Naturstandort.\" \/>\n<meta name=\"robots\" content=\"index, follow, max-snippet:-1, max-image-preview:large, max-video-preview:-1\" \/>\n<link rel=\"canonical\" href=\"http:\/\/www.fancyplants.de\/de\/carnihome\/natural\/nutricularia\/\" \/>\n<meta property=\"og:locale\" content=\"de_DE\" \/>\n<meta property=\"og:type\" content=\"article\" \/>\n<meta property=\"og:title\" content=\"Wasserschlauch - Fancy Plants - Deutsch\" \/>\n<meta property=\"og:description\" content=\"Darstellung des heimischen Wasserschlauchs (Utricularia) am Naturstandort.\" \/>\n<meta property=\"og:url\" content=\"http:\/\/www.fancyplants.de\/de\/carnihome\/natural\/nutricularia\/\" \/>\n<meta property=\"og:site_name\" content=\"Fancy Plants - Deutsch\" \/>\n<meta property=\"article:modified_time\" content=\"2019-10-24T12:53:13+00:00\" \/>\n<meta name=\"twitter:card\" content=\"summary_large_image\" \/>\n<meta name=\"twitter:label1\" content=\"Gesch\u00e4tzte Lesezeit\" \/>\n\t<meta name=\"twitter:data1\" content=\"7\u00a0Minuten\" \/>\n<script type=\"application\/ld+json\" class=\"yoast-schema-graph\">{\"@context\":\"https:\/\/schema.org\",\"@graph\":[{\"@type\":\"WebPage\",\"@id\":\"http:\/\/www.fancyplants.de\/de\/carnihome\/natural\/nutricularia\/\",\"url\":\"http:\/\/www.fancyplants.de\/de\/carnihome\/natural\/nutricularia\/\",\"name\":\"Wasserschlauch - Fancy Plants - Deutsch\",\"isPartOf\":{\"@id\":\"http:\/\/www.fancyplants.de\/de\/#website\"},\"datePublished\":\"2015-06-18T21:14:28+00:00\",\"dateModified\":\"2019-10-24T12:53:13+00:00\",\"description\":\"Darstellung des heimischen Wasserschlauchs (Utricularia) am Naturstandort.\",\"breadcrumb\":{\"@id\":\"http:\/\/www.fancyplants.de\/de\/carnihome\/natural\/nutricularia\/#breadcrumb\"},\"inLanguage\":\"de\",\"potentialAction\":[{\"@type\":\"ReadAction\",\"target\":[\"http:\/\/www.fancyplants.de\/de\/carnihome\/natural\/nutricularia\/\"]}]},{\"@type\":\"BreadcrumbList\",\"@id\":\"http:\/\/www.fancyplants.de\/de\/carnihome\/natural\/nutricularia\/#breadcrumb\",\"itemListElement\":[{\"@type\":\"ListItem\",\"position\":1,\"name\":\"Home\",\"item\":\"http:\/\/www.fancyplants.de\/de\/\"},{\"@type\":\"ListItem\",\"position\":2,\"name\":\"Insektivoren\",\"item\":\"http:\/\/www.fancyplants.de\/de\/carnihome\/\"},{\"@type\":\"ListItem\",\"position\":3,\"name\":\"Insektivoren am Naturstandort\",\"item\":\"http:\/\/www.fancyplants.de\/de\/carnihome\/natural\/\"},{\"@type\":\"ListItem\",\"position\":4,\"name\":\"Wasserschlauch\"}]},{\"@type\":\"WebSite\",\"@id\":\"http:\/\/www.fancyplants.de\/de\/#website\",\"url\":\"http:\/\/www.fancyplants.de\/de\/\",\"name\":\"Fancy Plants - Deutsch\",\"description\":\"Eine weitere WordPress-Seite\",\"potentialAction\":[{\"@type\":\"SearchAction\",\"target\":{\"@type\":\"EntryPoint\",\"urlTemplate\":\"http:\/\/www.fancyplants.de\/de\/?s={search_term_string}\"},\"query-input\":{\"@type\":\"PropertyValueSpecification\",\"valueRequired\":true,\"valueName\":\"search_term_string\"}}],\"inLanguage\":\"de\"}]}<\/script>\n<!-- \/ Yoast SEO plugin. -->","yoast_head_json":{"title":"Wasserschlauch - Fancy Plants - Deutsch","description":"Darstellung des heimischen Wasserschlauchs (Utricularia) am Naturstandort.","robots":{"index":"index","follow":"follow","max-snippet":"max-snippet:-1","max-image-preview":"max-image-preview:large","max-video-preview":"max-video-preview:-1"},"canonical":"http:\/\/www.fancyplants.de\/de\/carnihome\/natural\/nutricularia\/","og_locale":"de_DE","og_type":"article","og_title":"Wasserschlauch - Fancy Plants - Deutsch","og_description":"Darstellung des heimischen Wasserschlauchs (Utricularia) am Naturstandort.","og_url":"http:\/\/www.fancyplants.de\/de\/carnihome\/natural\/nutricularia\/","og_site_name":"Fancy Plants - Deutsch","article_modified_time":"2019-10-24T12:53:13+00:00","twitter_card":"summary_large_image","twitter_misc":{"Gesch\u00e4tzte Lesezeit":"7\u00a0Minuten"},"schema":{"@context":"https:\/\/schema.org","@graph":[{"@type":"WebPage","@id":"http:\/\/www.fancyplants.de\/de\/carnihome\/natural\/nutricularia\/","url":"http:\/\/www.fancyplants.de\/de\/carnihome\/natural\/nutricularia\/","name":"Wasserschlauch - Fancy Plants - Deutsch","isPartOf":{"@id":"http:\/\/www.fancyplants.de\/de\/#website"},"datePublished":"2015-06-18T21:14:28+00:00","dateModified":"2019-10-24T12:53:13+00:00","description":"Darstellung des heimischen Wasserschlauchs (Utricularia) am Naturstandort.","breadcrumb":{"@id":"http:\/\/www.fancyplants.de\/de\/carnihome\/natural\/nutricularia\/#breadcrumb"},"inLanguage":"de","potentialAction":[{"@type":"ReadAction","target":["http:\/\/www.fancyplants.de\/de\/carnihome\/natural\/nutricularia\/"]}]},{"@type":"BreadcrumbList","@id":"http:\/\/www.fancyplants.de\/de\/carnihome\/natural\/nutricularia\/#breadcrumb","itemListElement":[{"@type":"ListItem","position":1,"name":"Home","item":"http:\/\/www.fancyplants.de\/de\/"},{"@type":"ListItem","position":2,"name":"Insektivoren","item":"http:\/\/www.fancyplants.de\/de\/carnihome\/"},{"@type":"ListItem","position":3,"name":"Insektivoren am Naturstandort","item":"http:\/\/www.fancyplants.de\/de\/carnihome\/natural\/"},{"@type":"ListItem","position":4,"name":"Wasserschlauch"}]},{"@type":"WebSite","@id":"http:\/\/www.fancyplants.de\/de\/#website","url":"http:\/\/www.fancyplants.de\/de\/","name":"Fancy Plants - Deutsch","description":"Eine weitere WordPress-Seite","potentialAction":[{"@type":"SearchAction","target":{"@type":"EntryPoint","urlTemplate":"http:\/\/www.fancyplants.de\/de\/?s={search_term_string}"},"query-input":{"@type":"PropertyValueSpecification","valueRequired":true,"valueName":"search_term_string"}}],"inLanguage":"de"}]}},"_links":{"self":[{"href":"http:\/\/www.fancyplants.de\/de\/wp-json\/wp\/v2\/pages\/361","targetHints":{"allow":["GET"]}}],"collection":[{"href":"http:\/\/www.fancyplants.de\/de\/wp-json\/wp\/v2\/pages"}],"about":[{"href":"http:\/\/www.fancyplants.de\/de\/wp-json\/wp\/v2\/types\/page"}],"author":[{"embeddable":true,"href":"http:\/\/www.fancyplants.de\/de\/wp-json\/wp\/v2\/users\/1"}],"replies":[{"embeddable":true,"href":"http:\/\/www.fancyplants.de\/de\/wp-json\/wp\/v2\/comments?post=361"}],"version-history":[{"count":4,"href":"http:\/\/www.fancyplants.de\/de\/wp-json\/wp\/v2\/pages\/361\/revisions"}],"predecessor-version":[{"id":3304,"href":"http:\/\/www.fancyplants.de\/de\/wp-json\/wp\/v2\/pages\/361\/revisions\/3304"}],"up":[{"embeddable":true,"href":"http:\/\/www.fancyplants.de\/de\/wp-json\/wp\/v2\/pages\/357"}],"wp:attachment":[{"href":"http:\/\/www.fancyplants.de\/de\/wp-json\/wp\/v2\/media?parent=361"}],"curies":[{"name":"wp","href":"https:\/\/api.w.org\/{rel}","templated":true}]}}