{"id":359,"date":"2015-06-18T23:13:45","date_gmt":"2015-06-18T21:13:45","guid":{"rendered":"http:\/\/www.fancyplants.de\/de\/?page_id=359"},"modified":"2019-10-24T10:06:14","modified_gmt":"2019-10-24T08:06:14","slug":"npinguicula","status":"publish","type":"page","link":"http:\/\/www.fancyplants.de\/de\/carnihome\/natural\/npinguicula\/","title":{"rendered":"Fettkraut"},"content":{"rendered":"<div class=\"fusion-fullwidth fullwidth-box fusion-builder-row-1 hundred-percent-fullwidth non-hundred-percent-height-scrolling\" style=\"--awb-border-radius-top-left:0px;--awb-border-radius-top-right:0px;--awb-border-radius-bottom-right:0px;--awb-border-radius-bottom-left:0px;--awb-overflow:visible;--awb-flex-wrap:wrap;\" ><div class=\"fusion-builder-row fusion-row\"><div class=\"fusion-layout-column fusion_builder_column fusion-builder-column-0 fusion_builder_column_1_1 1_1 fusion-one-full fusion-column-first fusion-column-last\" style=\"--awb-bg-size:cover;\"><div class=\"fusion-column-wrapper fusion-flex-column-wrapper-legacy\"><div class=\"fusion-title title fusion-title-1 fusion-title-text fusion-title-size-one\"><h1 class=\"fusion-title-heading title-heading-left\" style=\"margin:0;\">Fettkr\u00e4uter (<i>Pinguicula<\/i>) am Naturstandort in Deutschland<\/h1><span class=\"awb-title-spacer\"><\/span><div class=\"title-sep-container\"><div class=\"title-sep sep-single sep-solid\" style=\"border-color:#3e3e3e;\"><\/div><\/div><\/div><div class=\"fusion-title title fusion-title-2 fusion-title-text fusion-title-size-two\"><h2 class=\"fusion-title-heading title-heading-left\" style=\"margin:0;\">Einf\u00fchrung<\/h2><span class=\"awb-title-spacer\"><\/span><div class=\"title-sep-container\"><div class=\"title-sep sep-single sep-solid\" style=\"border-color:#3e3e3e;\"><\/div><\/div><\/div><div class=\"fusion-text fusion-text-1\"><div class=\"intextl\"><a class=\"lupe200\" title=\"Bl\u00fchende Pinguicula vulgaris.\" href=\"..\/..\/..\/..\/..\/images\/carnivorous\/pvulg2.jpg\" data-gallery=\"\"><img decoding=\"async\" src=\"..\/..\/..\/..\/..\/images\/carnivorous\/pvulg2s.jpg\" alt=\"Bl\u00fchende Pinguicula vulgaris.\" width=\"200\" height=\"200\" \/><span><\/span><\/a><\/div>\n<div class=\"intextr\"><a class=\"lupe200\" title=\"Makroaufnahme der Tentakeln einer Pinguicula vulgaris.\" href=\"..\/..\/..\/..\/..\/images\/carnivorous\/pvulg4.jpg\" data-gallery=\"\"><img decoding=\"async\" src=\"..\/..\/..\/..\/..\/images\/carnivorous\/pvulg4s.jpg\" alt=\"Makroaufnahme der Tentakeln einer Pinguicula vulgaris.\" width=\"200\" height=\"200\" \/><span><\/span><\/a><\/div>\n<p>Die Gattung aus der Familie der Wasserschlauchgew\u00e4chse ist mit etwa 90 Arten auf der gesamten Nordhalbkugel vertreten. Bei den Fettkr\u00e4utern handelt es sich um (von wenigen Arten abgesehen) mehrj\u00e4hrige, rosettenbildende Arten. Die Bl\u00e4tter sind zwischen wenigen bis knappen 30 Zentimetern lang und meist rundlich, seltener l\u00e4nglich bis fadenf\u00f6rmig. Es werden meist rosane bis violette veilchenartige Bl\u00fcten gebildet. Andere Bl\u00fctenfarben sind selten. Hauptverbreitungsschwerpunkt ist Mexiko, die meisten Arten dort sind heterophylle Pflanzen, bilden also sukkulente Winterbl\u00e4tter aus. Aus den tropischen und subtropischen Gebieten existieren daneben einige homophylle Fettkr\u00e4uter mit ganzj\u00e4hrig nur einer Blattform. Daneben existieren eine ganze Reihe von Arten aus den temperierten Zonen, die teils stark frostvertr\u00e4glich sind. Auch hier existieren homophylle und heterophylle Pflanzen. Allerdings kommen in Deutschland nur zwei Arten vor, n\u00e4mlich <i>Pinguicula alpina<\/i> und <i>Pinguicula vulgaris<\/i>.<\/p>\n<div class=\"intextl\"><a class=\"lupe200\" title=\"Samenkapsel einer Pinguicula vulgaris.\" href=\"..\/..\/..\/..\/..\/images\/carnivorous\/pvulg7.jpg\" data-gallery=\"\"><img decoding=\"async\" src=\"..\/..\/..\/..\/..\/images\/carnivorous\/pvulg7s.jpg\" alt=\"Samenkapsel einer Pinguicula vulgaris.\" width=\"200\" height=\"200\" \/><span><\/span><\/a><\/div>\n<div class=\"intextr\"><a class=\"lupe200\" title=\"Rosette von Pinguicula alpina.\" href=\"..\/..\/..\/..\/..\/images\/carnivorous\/palp3.jpg\" data-gallery=\"\"><img decoding=\"async\" src=\"..\/..\/..\/..\/..\/images\/carnivorous\/palp3s.jpg\" alt=\"Rosette von Pinguicula alpina.\" width=\"200\" height=\"200\" \/><span><\/span><\/a><\/div>\n<p>Auf der Blattoberfl\u00e4che befinden sich einerseits kurz-gestielte Tentakeln, daneben nicht-gestielte Dr\u00fcsen. Der auf einer Polysaccharid-L\u00f6sung basierende Fangschleim wird von den Tentakeln abgegeben. Fettkr\u00e4uter produzieren eine Reihe an Enzymen, womit die Beute, die vor allem aus kleinen Fliegen besteht, verdaut wird. Die Spaltprodukte werden \u00fcber die ungestielten Dr\u00fcsen resorbiert.<\/p>\n<p>Die Fettkr\u00e4uter z\u00e4hlen zu den aktiven Klebefallen. Zwar sind die Tentakeln unbeweglich, es besteht aber eine mehr oder minder ausgepr\u00e4gte F\u00e4higkeit zu einer Bewegung des Blattes. Manchmal ist diese F\u00e4higkeit nur marginal ausgepr\u00e4gt und es findet sich allenfalls eine leichte Eindellung des Blattes im Bereich der Beute, so dass diese in einem kleinen See an enzymreicher Verdauungsfl\u00fcssigkeit schwimmt. Daneben existieren aber auch Arten, die vor allem im Blattrandbereich eine gr\u00f6\u00dfere Beweglichkeit des Blattes aufweisen.<\/p>\n<\/div><div class=\"fusion-title title fusion-title-3 fusion-title-text fusion-title-size-two\"><h2 class=\"fusion-title-heading title-heading-left\" style=\"margin:0;\">Alpenfettkraut (<i>Pinguicula alpina<\/i>)<\/h2><span class=\"awb-title-spacer\"><\/span><div class=\"title-sep-container\"><div class=\"title-sep sep-single sep-solid\" style=\"border-color:#3e3e3e;\"><\/div><\/div><\/div><div class=\"fusion-text fusion-text-2\"><div class=\"intextl\"><a class=\"lupe200\" title=\"Pinguicula alpina.\" href=\"..\/..\/..\/..\/..\/images\/carnivorous\/palp1.jpg\" data-gallery=\"\"><img decoding=\"async\" src=\"..\/..\/..\/..\/..\/images\/carnivorous\/palp1s.jpg\" alt=\"Pinguicula alpina.\" width=\"200\" height=\"200\" \/><span><\/span><\/a><\/div>\n<div class=\"intextr\"><a class=\"lupe200\" title=\"Bl\u00fcte von Pinguicula alpina mit einer erbeuteten Trauerm\u00fccke.\" href=\"..\/..\/..\/..\/..\/images\/carnivorous\/palp5.jpg\" data-gallery=\"\"><img decoding=\"async\" src=\"..\/..\/..\/..\/..\/images\/carnivorous\/palp5s.jpg\" alt=\"Bl\u00fcte von Pinguicula alpina mit einer erbeuteten Trauerm\u00fccke.\" width=\"200\" height=\"200\" \/><span><\/span><\/a><\/div>\n<p>Diese sehr interessante Art wurde bereits 1753 von Carl von Linn\u00e9 beschrieben. Heute wird sie zusammen mit einigen asiatischen Arten in die Sektion <i>Micranthus<\/i> der Untergattung <i>Temnoceras<\/i> eingruppiert. <i>Pinguicula alpina<\/i> ist nach dem Bundesartenschutzgesetz gesch\u00fctzt.<\/p>\n<p>Das Verbreitungsgebiet umfasst in Europa Skandinavien, die Alpen, die Pyren\u00e4en sowie die Karpaten, erstreckt sich ostw\u00e4rts aber bis in das Himalayagebirge. Besiedelt werden haupts\u00e4chlich kalkhaltige, teils lehmige B\u00f6den mit niedriger Vegetation. Mitunter findet man die Art in Begleitung anderer Fettkrautarten, wie <i>Pinguicula vulgaris<\/i>, <i>Pinguicula leptoceras<\/i> oder <i>Pinguicula grandiflora<\/i>.<\/p>\n<p>Die mehrj\u00e4hrige Pflanze bildet im Jahresverlauf zwei verschiedene Blatttypen. Im Sp\u00e4therbst werden die nicht karnivoren, etwa 1 cm lange Winterbl\u00e4tter gebildet, die dicht zusammenstehen und somit die Winterknospe (Hibernakel) bilden.<\/p>\n<div class=\"intextl\"><a class=\"lupe200\" title=\"Biotop von Pinguicula alpina bei Oberstdorf. Der Standort ist durch die Borstensegge gepr\u00e4gt.\" href=\"..\/..\/..\/..\/..\/images\/carnivorous\/palp2.jpg\" data-gallery=\"\"><img decoding=\"async\" src=\"..\/..\/..\/..\/..\/images\/carnivorous\/palp2s.jpg\" alt=\"Biotop von Pinguicula alpina bei Oberstdorf. Der Standort ist durch die Borstensegge gepr\u00e4gt.\" width=\"200\" height=\"200\" \/><span><\/span><\/a><\/div>\n<p>Aus der Winterknospe entwickeln sich dann im Fr\u00fchjahr die karnivoren Sommerbl\u00e4tter. Selten erreichen diese eine L\u00e4nge von \u00fcber 3 cm. Die Bl\u00e4tter weisen mehrere bestimmungsrelevante Merkmale auf. Die Blattr\u00e4nder sind oft stark umgebogen, bei einem sonnigen Standort sind vor allem die Blattr\u00e4nder r\u00f6tlich \u00fcberlaufen. Wichtigstes Bestimmungsmerkmal ist jedoch das Fehlen von Verdauungsdr\u00fcsen und Tentakeln entlang der Mittelrippe. Wie bereits eingangs geschildert, geh\u00f6rt diese Art zu den aktiven Klebefallen.<\/p>\n<div class=\"intextr\"><a class=\"lupe200\" title=\"Biotop von Pinguicula alpina bei Bad Mitterndorf (\u00d6sterreich).\" href=\"..\/..\/..\/..\/..\/images\/carnivorous\/palp4.jpg\" data-gallery=\"\"><img decoding=\"async\" src=\"..\/..\/..\/..\/..\/images\/carnivorous\/palp4s.jpg\" alt=\"Biotop von Pinguicula alpina bei Bad Mitterndorf (\u00d6sterreich).\" width=\"200\" height=\"200\" \/><span><\/span><\/a><\/div>\n<p>Im Fr\u00fchjahr erscheinen die zirka 1,5 cm durchmessende, wei\u00dfen Bl\u00fcten. Charakteristisch ist ein gelber Schlundfleck.<\/p>\n<p>Im Juli 2012 habe ich diese Art in der N\u00e4he von Oberstdorf gefunden. Der Standort befand sich etwa 2.200 m \u00fcber NN an einem feuchten Gebirgshang. Neben mehreren Orchideenarten zeigte sich in unmittelbarer N\u00e4he die Silberwurz als Begleitpflanze.<\/p>\n<p>In \u00d6sterreich fand ich die Art im Juli 2013 in der N\u00e4he von Bad Mitterndorf auf 1.700 m \u00fcber NN. Auch bei diesem Biotop handelte es sich um einen \u00fcberrieselten Hang.<\/p>\n<\/div><div class=\"fusion-title title fusion-title-4 fusion-title-text fusion-title-size-two\"><h2 class=\"fusion-title-heading title-heading-left\" style=\"margin:0;\">Gew\u00f6hnliches Fettkraut (<i>Pinguicula vulgaris<\/i>)<\/h2><span class=\"awb-title-spacer\"><\/span><div class=\"title-sep-container\"><div class=\"title-sep sep-single sep-solid\" style=\"border-color:#3e3e3e;\"><\/div><\/div><\/div><div class=\"fusion-text fusion-text-3\"><div class=\"intextl\"><a class=\"lupe200\" title=\"Bl\u00fcte einer Pinguicula vulgaris.\" href=\"..\/..\/..\/..\/..\/images\/carnivorous\/pvulg3.jpg\" data-gallery=\"\"><img decoding=\"async\" src=\"..\/..\/..\/..\/..\/images\/carnivorous\/pvulg3s.jpg\" alt=\"Bl\u00fcte einer Pinguicula vulgaris.\" width=\"200\" height=\"200\" \/><span><\/span><\/a><\/div>\n<p>Auch diese Art wurde bereits 1753 von Carl von Linn\u00e9 beschrieben. Heute wird sie in die Sektion <i>Pinguicula<\/i> der Untergattung <i>Pinguicula<\/i> eingruppiert. <i>Pinguicula vulgaris<\/i> ist nach dem Bundesartenschutzgesetz gesch\u00fctzt.<\/p>\n<div class=\"intextr\"><a class=\"lupe200\" title=\"Bl\u00fchende Pinguicula vulgaris.\" href=\"..\/..\/..\/..\/..\/images\/carnivorous\/pvulg1.jpg\" data-gallery=\"\"><img decoding=\"async\" src=\"..\/..\/..\/..\/..\/images\/carnivorous\/pvulg1s.jpg\" alt=\"Bl\u00fchende Pinguicula vulgaris.\" width=\"200\" height=\"200\" \/><span><\/span><\/a><\/div>\n<p>Das Verbreitungsgebiet von <i>Pinguicula vulgaris<\/i> ist ausgesprochen gro\u00df. Die Art findet sich in weiten Teilen Europas und den n\u00f6rdlichen Anteilen Amerikas sowie Asiens. In Deutschland findet sie sich vor allem im S\u00fcden und ist im Allg\u00e4u und in den Alpen doch noch recht h\u00e4ufig zu finden.<\/p>\n<p>Die dauerfeuchten Standorte sind durch eine niedrige Vegetation gekennzeichnet. Bez\u00fcglich des pH-Wertes hat die Art eine relativ gro\u00dfe Amplitude \u2013 bewachsen werden m\u00e4\u00dfig saure Standorte ebenso wie neutrale oder basische. Der Boden kann somit ebenso aus Wei\u00df- oder Schwarztorf, aber auch aus Lehm oder Kalkgestein mit geringer Humusauflage bestehen.<\/p>\n<div class=\"intextl\"><a class=\"lupe200\" title=\"Eine Pinguicula vulgaris mit Beute.\" href=\"..\/..\/..\/..\/..\/images\/carnivorous\/pvulg8.jpg\" data-gallery=\"\"><img decoding=\"async\" src=\"..\/..\/..\/..\/..\/images\/carnivorous\/pvulg8s.jpg\" alt=\"Eine Pinguicula vulgaris mit Beute.\" width=\"200\" height=\"200\" \/><span><\/span><\/a><\/div>\n<p>Die mehrj\u00e4hrige Pflanze bildet im Jahresverlauf \u2013 ebenso wie <i>Pinguicula alpina<\/i> &#8211; zwei verschiedene Blatttypen. Im Sp\u00e4therbst werden die nicht karnivoren, etwa 1 cm langen Winterbl\u00e4tter gebildet, die dicht zusammenstehen und somit die Winterknospe (Hibernakel) bilden.<\/p>\n<div class=\"intextr\"><a class=\"lupe200\" title=\"Ungew\u00f6hnlich gro\u00dfbl\u00e4ttrige Pinguicula vulgaris, gefunden im Landkreis Bad T\u00f6lz.\" href=\"..\/..\/..\/..\/..\/images\/carnivorous\/pvulg6.jpg\" data-gallery=\"\"><img decoding=\"async\" src=\"..\/..\/..\/..\/..\/images\/carnivorous\/pvulg6s.jpg\" alt=\"Ungew\u00f6hnlich gro\u00dfbl\u00e4ttrige Pinguicula vulgaris, gefunden im Landkreis Bad T\u00f6lz.\" width=\"200\" height=\"200\" \/><span><\/span><\/a><\/div>\n<p>Aus der Winterknospe entwickeln sich dann im Fr\u00fchjahr die karnivoren Sommerbl\u00e4tter. Diese erreichen eine L\u00e4nge von etwa 5 cm, manchmal jedoch auch deutlich mehr. Die Bl\u00e4tter sind hellgr\u00fcn, nur selten bei guter Sonneneinstrahlung leicht r\u00f6tlich \u00fcberlaufen. Die Blattr\u00e4nder sind nur leicht nach oben umgeschlagen. Im Gegensatz zu <i>Pinguicula alpina<\/i> ist auch die Mittelrippe mit Verdauungsdr\u00fcsen und Tentakeln besetzt.<\/p>\n<p>Nach neueren Untersuchungen ern\u00e4hrt sich <i>Pinguicula vulgaris<\/i> von Trauerm\u00fccken und vor allem von Bl\u00fctenpollen. Diese sollen im Fr\u00fchjahr etwa zu 70% der Stickstofflieferant sein.<\/p>\n<div class=\"intextl\"><a class=\"lupe200\" title=\"Fettkr\u00e4uter, wie hier Pinguicula vulgaris, findet man fast immer in kleinen Gruppen.\" href=\"..\/..\/..\/..\/..\/images\/carnivorous\/pvulg5.jpg\" data-gallery=\"\"><img decoding=\"async\" src=\"..\/..\/..\/..\/..\/images\/carnivorous\/pvulg5s.jpg\" alt=\"Fettkr\u00e4uter, wie hier Pinguicula vulgaris, findet man fast immer in kleinen Gruppen.\" width=\"200\" height=\"200\" \/><span><\/span><\/a><\/div>\n<p>Die violetten Bl\u00fcten erscheinen zwischen Ende April bis Anfang Juni. Sie haben etwa eine L\u00e4nge von 2 cm, wovon die H\u00e4lfte auf den Sporn entf\u00e4llt. Im Gegensatz zu den meisten anderen Fettkrautarten sind die Kronbl\u00e4tter nicht ausgebreitet, sie neigen zusammen, so dass die Bl\u00fcte einen r\u00f6hrenf\u00f6rmigen Aspekt hat.<\/p>\n<div class=\"intextr\"><a class=\"lupe200\" title=\"Ungew\u00f6hnlich gro\u00dfbl\u00fctige und hellbl\u00fchende Pinguicula vulgaris.\" href=\"..\/..\/..\/..\/..\/images\/carnivorous\/pvulg9.jpg\" data-gallery=\"\"><img decoding=\"async\" src=\"..\/..\/..\/..\/..\/images\/carnivorous\/pvulg9s.jpg\" alt=\"Ungew\u00f6hnlich gro\u00dfbl\u00fctige und hellbl\u00fchende Pinguicula vulgaris.\" width=\"200\" height=\"200\" \/><span><\/span><\/a><\/div>\n<p>Ich habe diese Art bereits an vielen Standorten in S\u00fcddeutschland angetroffen. \u00dcberwiegend handelt es sich um Flachmoore. Daneben fand ich die Art aber auch schon an feuchten Wegr\u00e4ndern oder am Ufer von kleinen Teichen. Interessant ist die Amplitude der Blattl\u00e4nge. Zumeist sind diese selten l\u00e4nger als 5 cm, im Landkreis Bad T\u00f6lz habe ich aber auch schon Pflanzen mit einer Blattl\u00e4nge von etwa 12 cm gesehen.<\/p>\n<\/div><div class=\"fusion-clearfix\"><\/div><\/div><\/div><\/div><\/div>","protected":false},"excerpt":{"rendered":"","protected":false},"author":1,"featured_media":0,"parent":357,"menu_order":0,"comment_status":"open","ping_status":"open","template":"","meta":{"footnotes":""},"class_list":["post-359","page","type-page","status-publish","hentry"],"yoast_head":"<!-- This site is optimized with the Yoast SEO plugin v26.9 - https:\/\/yoast.com\/product\/yoast-seo-wordpress\/ -->\n<title>Fettkraut - Fancy Plants - Deutsch<\/title>\n<meta name=\"description\" content=\"Darstellung des heimischen Fettkrauts (Pinguicula vulgaris und Pinguicula alpina) am Naturstandort-\" \/>\n<meta name=\"robots\" content=\"index, follow, max-snippet:-1, max-image-preview:large, max-video-preview:-1\" \/>\n<link rel=\"canonical\" href=\"http:\/\/www.fancyplants.de\/de\/carnihome\/natural\/npinguicula\/\" \/>\n<meta property=\"og:locale\" content=\"de_DE\" \/>\n<meta property=\"og:type\" content=\"article\" \/>\n<meta property=\"og:title\" content=\"Fettkraut - Fancy Plants - Deutsch\" \/>\n<meta property=\"og:description\" content=\"Darstellung des heimischen Fettkrauts (Pinguicula vulgaris und Pinguicula alpina) am Naturstandort-\" \/>\n<meta property=\"og:url\" content=\"http:\/\/www.fancyplants.de\/de\/carnihome\/natural\/npinguicula\/\" \/>\n<meta property=\"og:site_name\" content=\"Fancy Plants - Deutsch\" \/>\n<meta property=\"article:modified_time\" content=\"2019-10-24T08:06:14+00:00\" \/>\n<meta name=\"twitter:card\" content=\"summary_large_image\" \/>\n<meta name=\"twitter:label1\" content=\"Gesch\u00e4tzte Lesezeit\" \/>\n\t<meta name=\"twitter:data1\" content=\"6\u00a0Minuten\" \/>\n<script type=\"application\/ld+json\" class=\"yoast-schema-graph\">{\"@context\":\"https:\/\/schema.org\",\"@graph\":[{\"@type\":\"WebPage\",\"@id\":\"http:\/\/www.fancyplants.de\/de\/carnihome\/natural\/npinguicula\/\",\"url\":\"http:\/\/www.fancyplants.de\/de\/carnihome\/natural\/npinguicula\/\",\"name\":\"Fettkraut - Fancy Plants - Deutsch\",\"isPartOf\":{\"@id\":\"http:\/\/www.fancyplants.de\/de\/#website\"},\"datePublished\":\"2015-06-18T21:13:45+00:00\",\"dateModified\":\"2019-10-24T08:06:14+00:00\",\"description\":\"Darstellung des heimischen Fettkrauts (Pinguicula vulgaris und Pinguicula alpina) am Naturstandort-\",\"breadcrumb\":{\"@id\":\"http:\/\/www.fancyplants.de\/de\/carnihome\/natural\/npinguicula\/#breadcrumb\"},\"inLanguage\":\"de\",\"potentialAction\":[{\"@type\":\"ReadAction\",\"target\":[\"http:\/\/www.fancyplants.de\/de\/carnihome\/natural\/npinguicula\/\"]}]},{\"@type\":\"BreadcrumbList\",\"@id\":\"http:\/\/www.fancyplants.de\/de\/carnihome\/natural\/npinguicula\/#breadcrumb\",\"itemListElement\":[{\"@type\":\"ListItem\",\"position\":1,\"name\":\"Home\",\"item\":\"http:\/\/www.fancyplants.de\/de\/\"},{\"@type\":\"ListItem\",\"position\":2,\"name\":\"Insektivoren\",\"item\":\"http:\/\/www.fancyplants.de\/de\/carnihome\/\"},{\"@type\":\"ListItem\",\"position\":3,\"name\":\"Insektivoren am Naturstandort\",\"item\":\"http:\/\/www.fancyplants.de\/de\/carnihome\/natural\/\"},{\"@type\":\"ListItem\",\"position\":4,\"name\":\"Fettkraut\"}]},{\"@type\":\"WebSite\",\"@id\":\"http:\/\/www.fancyplants.de\/de\/#website\",\"url\":\"http:\/\/www.fancyplants.de\/de\/\",\"name\":\"Fancy Plants - Deutsch\",\"description\":\"Eine weitere WordPress-Seite\",\"potentialAction\":[{\"@type\":\"SearchAction\",\"target\":{\"@type\":\"EntryPoint\",\"urlTemplate\":\"http:\/\/www.fancyplants.de\/de\/?s={search_term_string}\"},\"query-input\":{\"@type\":\"PropertyValueSpecification\",\"valueRequired\":true,\"valueName\":\"search_term_string\"}}],\"inLanguage\":\"de\"}]}<\/script>\n<!-- \/ Yoast SEO plugin. -->","yoast_head_json":{"title":"Fettkraut - Fancy Plants - Deutsch","description":"Darstellung des heimischen Fettkrauts (Pinguicula vulgaris und Pinguicula alpina) am Naturstandort-","robots":{"index":"index","follow":"follow","max-snippet":"max-snippet:-1","max-image-preview":"max-image-preview:large","max-video-preview":"max-video-preview:-1"},"canonical":"http:\/\/www.fancyplants.de\/de\/carnihome\/natural\/npinguicula\/","og_locale":"de_DE","og_type":"article","og_title":"Fettkraut - Fancy Plants - Deutsch","og_description":"Darstellung des heimischen Fettkrauts (Pinguicula vulgaris und Pinguicula alpina) am Naturstandort-","og_url":"http:\/\/www.fancyplants.de\/de\/carnihome\/natural\/npinguicula\/","og_site_name":"Fancy Plants - Deutsch","article_modified_time":"2019-10-24T08:06:14+00:00","twitter_card":"summary_large_image","twitter_misc":{"Gesch\u00e4tzte Lesezeit":"6\u00a0Minuten"},"schema":{"@context":"https:\/\/schema.org","@graph":[{"@type":"WebPage","@id":"http:\/\/www.fancyplants.de\/de\/carnihome\/natural\/npinguicula\/","url":"http:\/\/www.fancyplants.de\/de\/carnihome\/natural\/npinguicula\/","name":"Fettkraut - Fancy Plants - Deutsch","isPartOf":{"@id":"http:\/\/www.fancyplants.de\/de\/#website"},"datePublished":"2015-06-18T21:13:45+00:00","dateModified":"2019-10-24T08:06:14+00:00","description":"Darstellung des heimischen Fettkrauts (Pinguicula vulgaris und Pinguicula alpina) am Naturstandort-","breadcrumb":{"@id":"http:\/\/www.fancyplants.de\/de\/carnihome\/natural\/npinguicula\/#breadcrumb"},"inLanguage":"de","potentialAction":[{"@type":"ReadAction","target":["http:\/\/www.fancyplants.de\/de\/carnihome\/natural\/npinguicula\/"]}]},{"@type":"BreadcrumbList","@id":"http:\/\/www.fancyplants.de\/de\/carnihome\/natural\/npinguicula\/#breadcrumb","itemListElement":[{"@type":"ListItem","position":1,"name":"Home","item":"http:\/\/www.fancyplants.de\/de\/"},{"@type":"ListItem","position":2,"name":"Insektivoren","item":"http:\/\/www.fancyplants.de\/de\/carnihome\/"},{"@type":"ListItem","position":3,"name":"Insektivoren am Naturstandort","item":"http:\/\/www.fancyplants.de\/de\/carnihome\/natural\/"},{"@type":"ListItem","position":4,"name":"Fettkraut"}]},{"@type":"WebSite","@id":"http:\/\/www.fancyplants.de\/de\/#website","url":"http:\/\/www.fancyplants.de\/de\/","name":"Fancy Plants - Deutsch","description":"Eine weitere WordPress-Seite","potentialAction":[{"@type":"SearchAction","target":{"@type":"EntryPoint","urlTemplate":"http:\/\/www.fancyplants.de\/de\/?s={search_term_string}"},"query-input":{"@type":"PropertyValueSpecification","valueRequired":true,"valueName":"search_term_string"}}],"inLanguage":"de"}]}},"_links":{"self":[{"href":"http:\/\/www.fancyplants.de\/de\/wp-json\/wp\/v2\/pages\/359","targetHints":{"allow":["GET"]}}],"collection":[{"href":"http:\/\/www.fancyplants.de\/de\/wp-json\/wp\/v2\/pages"}],"about":[{"href":"http:\/\/www.fancyplants.de\/de\/wp-json\/wp\/v2\/types\/page"}],"author":[{"embeddable":true,"href":"http:\/\/www.fancyplants.de\/de\/wp-json\/wp\/v2\/users\/1"}],"replies":[{"embeddable":true,"href":"http:\/\/www.fancyplants.de\/de\/wp-json\/wp\/v2\/comments?post=359"}],"version-history":[{"count":3,"href":"http:\/\/www.fancyplants.de\/de\/wp-json\/wp\/v2\/pages\/359\/revisions"}],"predecessor-version":[{"id":3299,"href":"http:\/\/www.fancyplants.de\/de\/wp-json\/wp\/v2\/pages\/359\/revisions\/3299"}],"up":[{"embeddable":true,"href":"http:\/\/www.fancyplants.de\/de\/wp-json\/wp\/v2\/pages\/357"}],"wp:attachment":[{"href":"http:\/\/www.fancyplants.de\/de\/wp-json\/wp\/v2\/media?parent=359"}],"curies":[{"name":"wp","href":"https:\/\/api.w.org\/{rel}","templated":true}]}}