{"id":355,"date":"2015-06-18T23:10:03","date_gmt":"2015-06-18T21:10:03","guid":{"rendered":"http:\/\/www.fancyplants.de\/de\/?page_id=355"},"modified":"2019-10-27T19:04:18","modified_gmt":"2019-10-27T18:04:18","slug":"greenhouse","status":"publish","type":"page","link":"http:\/\/www.fancyplants.de\/de\/carnihome\/culture\/greenhouse\/","title":{"rendered":"Im Gew\u00e4chshaus"},"content":{"rendered":"<p><div class=\"fusion-fullwidth fullwidth-box fusion-builder-row-1 hundred-percent-fullwidth non-hundred-percent-height-scrolling\" style=\"--awb-border-radius-top-left:0px;--awb-border-radius-top-right:0px;--awb-border-radius-bottom-right:0px;--awb-border-radius-bottom-left:0px;--awb-overflow:visible;--awb-flex-wrap:wrap;\" ><div class=\"fusion-builder-row fusion-row\"><div class=\"fusion-layout-column fusion_builder_column fusion-builder-column-0 fusion_builder_column_1_1 1_1 fusion-one-full fusion-column-first fusion-column-last\" style=\"--awb-bg-size:cover;\"><div class=\"fusion-column-wrapper fusion-flex-column-wrapper-legacy\"><div class=\"fusion-title title fusion-title-1 fusion-title-text fusion-title-size-one\"><h1 class=\"fusion-title-heading title-heading-left\" style=\"margin:0;\">Im Gew\u00e4chshaus<\/h1><span class=\"awb-title-spacer\"><\/span><div class=\"title-sep-container\"><div class=\"title-sep sep-single sep-solid\" style=\"border-color:#3e3e3e;\"><\/div><\/div><\/div><div class=\"fusion-title title fusion-title-2 fusion-title-text fusion-title-size-two\"><h2 class=\"fusion-title-heading title-heading-left\" style=\"margin:0;\">Im \u00dcberblick<\/h2><span class=\"awb-title-spacer\"><\/span><div class=\"title-sep-container\"><div class=\"title-sep sep-single sep-solid\" style=\"border-color:#3e3e3e;\"><\/div><\/div><\/div><div class=\"fusion-text fusion-text-1\"><p>Die Verwendung eines Gew\u00e4chshauses f\u00fcr die Kultur von Insektivoren ist vielseitig. Folgende M\u00f6glichkeiten bestehen:<\/p>\n<ul>\n<li>Verwendung als Sommerquartier<\/li>\n<li>Verwendung als beheiztes Winterquartier<\/li>\n<li>Ganzj\u00e4hrige Verwendung f\u00fcr temperierte Arten (im Winter beheizt)<\/li>\n<li>Verwendung als tropisches Tieflandgew\u00e4chshaus (beheizt)<\/li>\n<li>Verwendung als Hochlandgew\u00e4chshaus (im Keller oder im Freien mit K\u00fchlung im Sommer und moderater Beheizung im Winter)<\/li>\n<\/ul>\n<\/div><div class=\"fusion-title title fusion-title-3 fusion-title-text fusion-title-size-two\"><h2 class=\"fusion-title-heading title-heading-left\" style=\"margin:0;\">Das erwartet Sie hier<\/h2><span class=\"awb-title-spacer\"><\/span><div class=\"title-sep-container\"><div class=\"title-sep sep-single sep-solid\" style=\"border-color:#3e3e3e;\"><\/div><\/div><\/div><div class=\"fusion-clearfix\"><\/div><\/div><\/div><\/div><\/div><div class=\"fusion-fullwidth fullwidth-box fusion-builder-row-2 nonhundred-percent-fullwidth non-hundred-percent-height-scrolling\" style=\"--awb-border-radius-top-left:0px;--awb-border-radius-top-right:0px;--awb-border-radius-bottom-right:0px;--awb-border-radius-bottom-left:0px;--awb-flex-wrap:wrap;\" ><div class=\"fusion-builder-row fusion-row\"><div class=\"fusion-layout-column fusion_builder_column fusion-builder-column-1 fusion_builder_column_1_3 1_3 fusion-one-third fusion-column-first\" style=\"--awb-bg-size:cover;width:30.6666%; margin-right: 4%;\"><div class=\"fusion-column-wrapper fusion-flex-column-wrapper-legacy\">\t\t\t\t\t<div class=\"fusion-slider-container fusion-slider-sc-tsm83 fusion-slider-90\" style=\"height:568; max-width:368;\" data-id=\"90\" data-full_height=\"\">\n\t\t\t\t\t\t<style type=\"text\/css\">.fusion-slider-90 .flex-direction-nav a {width:2;height:2;line-height:2;font-size:25px;}<\/style>\t\t\t\t\t\t<div class=\"fusion-slider-loading\">Laden...<\/div>\n\t\t\t\t\t\t<div class=\"tfs-slider flexslider main-flex\" data-slider_width=\"368\" data-slider_height=\"568\" data-full_screen=\"1\" data-parallax=\"1\" data-nav_arrows=\"1\" data-nav_box_width=\"2\" data-nav_box_height=\"2\" data-autoplay=\"1\" data-loop=\"1\" data-orderby=\"date\" data-order=\"DESC\" data-animation=\"fade\" data-slideshow_speed=\"2\" data-animation_speed=\"2\" data-typo_sensitivity=\"2\" data-typo_factor=\"2\" data-nav_arrow_size=\"25px\" style=\"max-width:368;\">\n\t\t\t\t\t\t\t<ul class=\"slides\">\n\t\t\t\t\t\t\t\t\t\t\t\t\t\t\t\t\t<li data-mute=\"yes\" data-loop=\"yes\" data-autoplay=\"yes\">\n\t\t\t\t\t\t\t\t\t\t<div class=\"slide-content-container slide-content-center\" style=\"display: none;\">\n\t\t\t\t\t\t\t\t\t\t\t<div class=\"slide-content\" style=\"\">\n\t\t\t\t\t\t\t\t\t\t\t\t\t\t\t\t\t\t\t\t\t\t\t\t\t<div class=\"heading with-bg\">\n\t\t\t\t\t\t\t\t\t\t\t\t\t\t<div class=\"fusion-title-sc-wrapper\" style=\"background-color: rgba(0,0,0, 0.4);\">\n\t\t\t\t\t\t\t\t\t\t\t\t\t\t\t<div class=\"fusion-title title fusion-title-4 fusion-sep-none fusion-title-center fusion-title-text fusion-title-size-two\" style=\"--awb-margin-bottom:0px;--awb-font-size:36px;\"><h2 class=\"fusion-title-heading title-heading-center\" style=\"margin:0;font-size:1em;line-height:43.2px;\">Hochland-\r\ngew\u00e4chshaus<\/h2><\/div>\t\t\t\t\t\t\t\t\t\t\t\t\t\t<\/div>\n\t\t\t\t\t\t\t\t\t\t\t\t\t<\/div>\n\t\t\t\t\t\t\t\t\t\t\t\t\t\t\t\t\t\t\t\t\t\t\t\t\t\t\t\t\t\t\t\t\t\t\t\t\t<div class=\"caption with-bg\">\n\t\t\t\t\t\t\t\t\t\t\t\t\t\t<div class=\"fusion-title-sc-wrapper\" style=\"background-color: rgba(0, 0, 0, 0.4);\">\n\t\t\t\t\t\t\t\t\t\t\t\t\t\t\t<div class=\"fusion-title title fusion-title-5 fusion-sep-none fusion-title-center fusion-title-text fusion-title-size-three\" style=\"--awb-margin-bottom:0px;--awb-font-size:20px;\"><h3 class=\"fusion-title-heading title-heading-center\" style=\"margin:0;font-size:1em;line-height:24px;\">Hier stelle ich mein Hochlandgew\u00e4chshaus, in dem ich k\u00e4lteliebende Insektivoren und Orchideen kultiviere, vor. Neben vielen Fotos finden Sie Informationen zu den kultivierten Arten, den Bau und meinen Erfahrungen.<\/h3><\/div>\t\t\t\t\t\t\t\t\t\t\t\t\t\t<\/div>\n\t\t\t\t\t\t\t\t\t\t\t\t\t<\/div>\n\t\t\t\t\t\t\t\t\t\t\t\t\t\t\t\t\t\t\t\t\t\t\t\t\t\t\t\t\t\t\t\t\t\t\t\t\t<div class=\"buttons\" >\n\t\t\t\t\t\t\t\t\t\t\t\t\t\t\t\t\t\t\t\t\t\t\t\t\t\t\t\t\t<div class=\"tfs-button-1\"><div class=\"fusion-button-wrapper\"><a class=\"fusion-button button-flat fusion-button-default-size button-default fusion-button-default button-1 fusion-button-default-span fusion-button-default-type\" target=\"_self\" href=\".\/hochlandgewaechshaus\"><span class=\"fusion-button-text\">Erfahren Sie mehr.<\/span><\/a><\/div><\/div>\n\t\t\t\t\t\t\t\t\t\t\t\t\t\t\t\t\t\t\t\t\t\t\t\t\t\t\t\t\t\t\t\t\t\t\t\t\t\t\t\t\t<\/div>\n\t\t\t\t\t\t\t\t\t\t\t\t\t\t\t\t\t\t\t\t\t\t\t<\/div>\n\t\t\t\t\t\t\t\t\t\t<\/div>\n\t\t\t\t\t\t\t\t\t\t\t\t\t\t\t\t\t\t\t\t\t\t\t\t\t\t\t\t\t\t\t\t\t\t\t\t\t\t\t\t<div class=\"background background-image\" style=\"background-image: url(http:\/\/www.fancyplants.de\/de\/wp-content\/uploads\/2019\/10\/nepenthesmira.jpg);max-width:368;height:568;filter: progid:DXImageTransform.Microsoft.AlphaImageLoader(src='http:\/\/www.fancyplants.de\/de\/wp-content\/uploads\/2019\/10\/nepenthesmira.jpg', sizingMethod='scale');\" data-imgwidth=\"368\">\n\t\t\t\t\t\t\t\t\t\t\t\t\t\t\t\t\t\t\t\t\t\t\t\t\t\t\t\t\t\t\t\t\t\t\t\t\t\t\t\t\t\t\t\t\t\t\t\t\t\t\t\t\t\t\t\t\t\t\t\t\t\t\t\t\t\t<\/div>\n\t\t\t\t\t\t\t\t\t<\/li>\n\t\t\t\t\t\t\t\t\t\t\t\t\t\t\t\t\t\t\t\t\t\t\t<\/ul>\n\t\t\t\t\t\t<\/div>\n\t\t\t\t\t<\/div>\n\t\t\t\t\t\t\t\t<div class=\"fusion-clearfix\"><\/div><\/div><\/div><\/div><\/div><\/p>","protected":false},"excerpt":{"rendered":"","protected":false},"author":1,"featured_media":0,"parent":22,"menu_order":0,"comment_status":"open","ping_status":"open","template":"","meta":{"footnotes":""},"class_list":["post-355","page","type-page","status-publish","hentry"],"yoast_head":"<!-- This site is optimized with the Yoast SEO plugin v26.9 - https:\/\/yoast.com\/product\/yoast-seo-wordpress\/ -->\n<title>Im Gew\u00e4chshaus - Fancy Plants - Deutsch<\/title>\n<meta name=\"description\" content=\"Beschreibung der Kultur von fleischfressenden Pflanzen im Gew\u00e4chshaus.\" \/>\n<meta name=\"robots\" content=\"index, follow, max-snippet:-1, max-image-preview:large, max-video-preview:-1\" \/>\n<link rel=\"canonical\" href=\"http:\/\/www.fancyplants.de\/de\/carnihome\/culture\/greenhouse\/\" \/>\n<meta property=\"og:locale\" content=\"de_DE\" \/>\n<meta property=\"og:type\" content=\"article\" \/>\n<meta property=\"og:title\" content=\"Im Gew\u00e4chshaus - Fancy Plants - Deutsch\" \/>\n<meta property=\"og:description\" content=\"Beschreibung der Kultur von fleischfressenden Pflanzen im Gew\u00e4chshaus.\" \/>\n<meta property=\"og:url\" content=\"http:\/\/www.fancyplants.de\/de\/carnihome\/culture\/greenhouse\/\" \/>\n<meta property=\"og:site_name\" content=\"Fancy Plants - Deutsch\" \/>\n<meta property=\"article:modified_time\" content=\"2019-10-27T18:04:18+00:00\" \/>\n<meta name=\"twitter:card\" content=\"summary_large_image\" \/>\n<meta name=\"twitter:label1\" content=\"Gesch\u00e4tzte Lesezeit\" \/>\n\t<meta name=\"twitter:data1\" content=\"2\u00a0Minuten\" \/>\n<script type=\"application\/ld+json\" class=\"yoast-schema-graph\">{\"@context\":\"https:\/\/schema.org\",\"@graph\":[{\"@type\":\"WebPage\",\"@id\":\"http:\/\/www.fancyplants.de\/de\/carnihome\/culture\/greenhouse\/\",\"url\":\"http:\/\/www.fancyplants.de\/de\/carnihome\/culture\/greenhouse\/\",\"name\":\"Im Gew\u00e4chshaus - Fancy Plants - Deutsch\",\"isPartOf\":{\"@id\":\"http:\/\/www.fancyplants.de\/de\/#website\"},\"datePublished\":\"2015-06-18T21:10:03+00:00\",\"dateModified\":\"2019-10-27T18:04:18+00:00\",\"description\":\"Beschreibung der Kultur von fleischfressenden Pflanzen im Gew\u00e4chshaus.\",\"breadcrumb\":{\"@id\":\"http:\/\/www.fancyplants.de\/de\/carnihome\/culture\/greenhouse\/#breadcrumb\"},\"inLanguage\":\"de\",\"potentialAction\":[{\"@type\":\"ReadAction\",\"target\":[\"http:\/\/www.fancyplants.de\/de\/carnihome\/culture\/greenhouse\/\"]}]},{\"@type\":\"BreadcrumbList\",\"@id\":\"http:\/\/www.fancyplants.de\/de\/carnihome\/culture\/greenhouse\/#breadcrumb\",\"itemListElement\":[{\"@type\":\"ListItem\",\"position\":1,\"name\":\"Home\",\"item\":\"http:\/\/www.fancyplants.de\/de\/\"},{\"@type\":\"ListItem\",\"position\":2,\"name\":\"Insektivoren\",\"item\":\"http:\/\/www.fancyplants.de\/de\/carnihome\/\"},{\"@type\":\"ListItem\",\"position\":3,\"name\":\"Kulturmethoden\",\"item\":\"http:\/\/www.fancyplants.de\/de\/carnihome\/culture\/\"},{\"@type\":\"ListItem\",\"position\":4,\"name\":\"Im Gew\u00e4chshaus\"}]},{\"@type\":\"WebSite\",\"@id\":\"http:\/\/www.fancyplants.de\/de\/#website\",\"url\":\"http:\/\/www.fancyplants.de\/de\/\",\"name\":\"Fancy Plants - Deutsch\",\"description\":\"Eine weitere WordPress-Seite\",\"potentialAction\":[{\"@type\":\"SearchAction\",\"target\":{\"@type\":\"EntryPoint\",\"urlTemplate\":\"http:\/\/www.fancyplants.de\/de\/?s={search_term_string}\"},\"query-input\":{\"@type\":\"PropertyValueSpecification\",\"valueRequired\":true,\"valueName\":\"search_term_string\"}}],\"inLanguage\":\"de\"}]}<\/script>\n<!-- \/ Yoast SEO plugin. -->","yoast_head_json":{"title":"Im Gew\u00e4chshaus - Fancy Plants - Deutsch","description":"Beschreibung der Kultur von fleischfressenden Pflanzen im Gew\u00e4chshaus.","robots":{"index":"index","follow":"follow","max-snippet":"max-snippet:-1","max-image-preview":"max-image-preview:large","max-video-preview":"max-video-preview:-1"},"canonical":"http:\/\/www.fancyplants.de\/de\/carnihome\/culture\/greenhouse\/","og_locale":"de_DE","og_type":"article","og_title":"Im Gew\u00e4chshaus - Fancy Plants - Deutsch","og_description":"Beschreibung der Kultur von fleischfressenden Pflanzen im Gew\u00e4chshaus.","og_url":"http:\/\/www.fancyplants.de\/de\/carnihome\/culture\/greenhouse\/","og_site_name":"Fancy Plants - Deutsch","article_modified_time":"2019-10-27T18:04:18+00:00","twitter_card":"summary_large_image","twitter_misc":{"Gesch\u00e4tzte Lesezeit":"2\u00a0Minuten"},"schema":{"@context":"https:\/\/schema.org","@graph":[{"@type":"WebPage","@id":"http:\/\/www.fancyplants.de\/de\/carnihome\/culture\/greenhouse\/","url":"http:\/\/www.fancyplants.de\/de\/carnihome\/culture\/greenhouse\/","name":"Im Gew\u00e4chshaus - Fancy Plants - Deutsch","isPartOf":{"@id":"http:\/\/www.fancyplants.de\/de\/#website"},"datePublished":"2015-06-18T21:10:03+00:00","dateModified":"2019-10-27T18:04:18+00:00","description":"Beschreibung der Kultur von fleischfressenden Pflanzen im Gew\u00e4chshaus.","breadcrumb":{"@id":"http:\/\/www.fancyplants.de\/de\/carnihome\/culture\/greenhouse\/#breadcrumb"},"inLanguage":"de","potentialAction":[{"@type":"ReadAction","target":["http:\/\/www.fancyplants.de\/de\/carnihome\/culture\/greenhouse\/"]}]},{"@type":"BreadcrumbList","@id":"http:\/\/www.fancyplants.de\/de\/carnihome\/culture\/greenhouse\/#breadcrumb","itemListElement":[{"@type":"ListItem","position":1,"name":"Home","item":"http:\/\/www.fancyplants.de\/de\/"},{"@type":"ListItem","position":2,"name":"Insektivoren","item":"http:\/\/www.fancyplants.de\/de\/carnihome\/"},{"@type":"ListItem","position":3,"name":"Kulturmethoden","item":"http:\/\/www.fancyplants.de\/de\/carnihome\/culture\/"},{"@type":"ListItem","position":4,"name":"Im Gew\u00e4chshaus"}]},{"@type":"WebSite","@id":"http:\/\/www.fancyplants.de\/de\/#website","url":"http:\/\/www.fancyplants.de\/de\/","name":"Fancy Plants - Deutsch","description":"Eine weitere WordPress-Seite","potentialAction":[{"@type":"SearchAction","target":{"@type":"EntryPoint","urlTemplate":"http:\/\/www.fancyplants.de\/de\/?s={search_term_string}"},"query-input":{"@type":"PropertyValueSpecification","valueRequired":true,"valueName":"search_term_string"}}],"inLanguage":"de"}]}},"_links":{"self":[{"href":"http:\/\/www.fancyplants.de\/de\/wp-json\/wp\/v2\/pages\/355","targetHints":{"allow":["GET"]}}],"collection":[{"href":"http:\/\/www.fancyplants.de\/de\/wp-json\/wp\/v2\/pages"}],"about":[{"href":"http:\/\/www.fancyplants.de\/de\/wp-json\/wp\/v2\/types\/page"}],"author":[{"embeddable":true,"href":"http:\/\/www.fancyplants.de\/de\/wp-json\/wp\/v2\/users\/1"}],"replies":[{"embeddable":true,"href":"http:\/\/www.fancyplants.de\/de\/wp-json\/wp\/v2\/comments?post=355"}],"version-history":[{"count":7,"href":"http:\/\/www.fancyplants.de\/de\/wp-json\/wp\/v2\/pages\/355\/revisions"}],"predecessor-version":[{"id":3387,"href":"http:\/\/www.fancyplants.de\/de\/wp-json\/wp\/v2\/pages\/355\/revisions\/3387"}],"up":[{"embeddable":true,"href":"http:\/\/www.fancyplants.de\/de\/wp-json\/wp\/v2\/pages\/22"}],"wp:attachment":[{"href":"http:\/\/www.fancyplants.de\/de\/wp-json\/wp\/v2\/media?parent=355"}],"curies":[{"name":"wp","href":"https:\/\/api.w.org\/{rel}","templated":true}]}}