{"id":351,"date":"2015-06-18T23:06:21","date_gmt":"2015-06-18T21:06:21","guid":{"rendered":"http:\/\/www.fancyplants.de\/de\/?page_id=351"},"modified":"2019-10-15T08:51:14","modified_gmt":"2019-10-15T06:51:14","slug":"praecarn","status":"publish","type":"page","link":"http:\/\/www.fancyplants.de\/de\/carnihome\/arten\/praecarn\/","title":{"rendered":"Pr\u00e4karnivoren"},"content":{"rendered":"<div class=\"fusion-fullwidth fullwidth-box fusion-builder-row-1 hundred-percent-fullwidth non-hundred-percent-height-scrolling\" style=\"--awb-border-radius-top-left:0px;--awb-border-radius-top-right:0px;--awb-border-radius-bottom-right:0px;--awb-border-radius-bottom-left:0px;--awb-overflow:visible;--awb-flex-wrap:wrap;\" ><div class=\"fusion-builder-row fusion-row\"><div class=\"fusion-layout-column fusion_builder_column fusion-builder-column-0 fusion_builder_column_1_1 1_1 fusion-one-full fusion-column-first fusion-column-last\" style=\"--awb-bg-size:cover;\"><div class=\"fusion-column-wrapper fusion-flex-column-wrapper-legacy\"><div class=\"fusion-title title fusion-title-1 fusion-title-text fusion-title-size-one\"><h1 class=\"fusion-title-heading title-heading-left\" style=\"margin:0;\">Pr\u00e4karnivoren<\/h1><span class=\"awb-title-spacer\"><\/span><div class=\"title-sep-container\"><div class=\"title-sep sep-single sep-solid\" style=\"border-color:#3e3e3e;\"><\/div><\/div><\/div><div class=\"fusion-title title fusion-title-2 fusion-title-text fusion-title-size-two\"><h2 class=\"fusion-title-heading title-heading-left\" style=\"margin:0;\"><i>Brocchinea reducta<\/i> (Bromelien-Art)<\/h2><span class=\"awb-title-spacer\"><\/span><div class=\"title-sep-container\"><div class=\"title-sep sep-single sep-solid\" style=\"border-color:#3e3e3e;\"><\/div><\/div><\/div><div class=\"fusion-text fusion-text-1\"><p>Die Gattung Brocchinea, ein Vertreter der Bromeliengew\u00e4chse, umfasst insgesamt 21 Arten. Die Arten wachsen terrestrisch im S\u00fcden Venezuelas sowie in Guayana und kommen teilweise auch auf den Tepuis vor. Von den 21 Arten interessieren sich Insektivorenliebhaber nur f\u00fcr die Art Brocchinea reducta, die eine Trichterbromelie von einer maximalen H\u00f6he von knappen 50 Zentimetern ist. Der Trichter ist fl\u00fcssigkeitsgef\u00fcllt, die Bl\u00e4tter mit einer Wachsschicht \u00fcberzogen. Im unteren Bereich der Bl\u00e4tter befinden sich zudem kleine, nach unten gerichtete Haare. Auf der Wachsschicht gleiten Insekten in den Trichter ab, ein Entkommen wird einerseits durch die Haare, andererseits durch ein Verkleben der Beine durch das Wachs erschwert. Der Status von Brocchinea reducta ist umstritten. Sie galt lange Zeit als pr\u00e4karnivore Pflanze, nach neueren Erkenntnissen soll sie jedoch selbst Enzyme produzieren k\u00f6nnen.<\/p>\n<p>Die Haltung dieser Art ist nicht einfach. Sie braucht einen sehr hellen und luftfeuchten Standort. Als Substrat ist eine lockere Mischung aus Torf, Sand und Perliten empfohlen. Im Sommer sollten die Temperaturen nicht \u00fcber 25 \u00b0C tags\u00fcber liegen, eine deutliche Nachtabsenkung ist erw\u00fcnscht. Im Winter sollten die Temperaturen etwa tags\u00fcber bei 15 \u00b0C liegen.<\/p>\n<\/div><div class=\"fusion-title title fusion-title-3 fusion-title-text fusion-title-size-two\"><h2 class=\"fusion-title-heading title-heading-left\" style=\"margin:0;\"><i>Catopsis berteroniana<\/i> (Bromelien-Art)<\/h2><span class=\"awb-title-spacer\"><\/span><div class=\"title-sep-container\"><div class=\"title-sep sep-single sep-solid\" style=\"border-color:#3e3e3e;\"><\/div><\/div><\/div><div class=\"fusion-text fusion-text-2\"><p>Auch Gattung Catopsis, ebenfalls ein Vertreter der Bromeliengew\u00e4chse, umfasst insgesamt 21 Arten. Insektivorenliebhaber interessieren sich ebenfalls nur f\u00fcr eine Art, n\u00e4mlich Catopsis berteroniana, die eine\u00a0<a href=\"..\/..\/..\/service\/bibliothek#epiph\" target=\"_blank\" rel=\"noopener noreferrer\"><i class=\"fa fa-book\"><\/i> epiphytische<\/a> Trichterbromelie von einer maximalen H\u00f6he von knappen 100 Zentimetern ist. Der Trichter ist fl\u00fcssigkeitsgef\u00fcllt, die Bl\u00e4tter mit einer dicken Wachsschicht \u00fcberzogen, welche der Pflanze einen silbernen Anschein verleiht. In diesen Trichter fallen neben Pollen und Staub auch Insekten, die mittels Bakterien zersetzt werden. Die Spaltprodukte sollen durch die Art aufgenommen werden k\u00f6nnen, da die Pflanze jedoch keine eigenen Enzyme produziert, gilt sie als pr\u00e4karnivore Pflanze. Das Verbreitungsgebiet erstreckt sich von Florida \u00fcber Mittelamerika bis nach Ostbrasilien.<\/p>\n<p>Die Haltung der Pflanze ist deutlich einfacher als von Brocchinea reducta. \u00dcber eine erfolgreiche Kultur auf dem Fensterbrett wurde schon berichtet, ansonsten gleichen die Bedingungen etwa denen von Tieflandnepenthes. Bevorzugt wird ein heller, ganzj\u00e4hrig warmer und luftfeuchter Standort. Eine leichte Nachtabsenkung ist f\u00f6rderlich aber nicht zwingend. Das Substrat, welches sehr locker sein sollte (z.B. eine Mischung aus Torf, Quarzsand, Sphagnum und Pinienrinde), sollte gleichm\u00e4\u00dfig feucht gehalten werden, jedoch nie nass, da eine Staun\u00e4sse zum Tode der Pflanze f\u00fchrt. Eine Vermehrung ist \u00fcber Samen und Kindeln m\u00f6glich.<\/p>\n<\/div><div class=\"fusion-title title fusion-title-4 fusion-title-text fusion-title-size-two\"><h2 class=\"fusion-title-heading title-heading-left\" style=\"margin:0;\"><i>Ibicella lutea<\/i> und <i>Proboscidea lousianica<\/i> (Teufelskrallen)<\/h2><span class=\"awb-title-spacer\"><\/span><div class=\"title-sep-container\"><div class=\"title-sep sep-single sep-solid\" style=\"border-color:#3e3e3e;\"><\/div><\/div><\/div><div class=\"fusion-text fusion-text-3\"><p>Der Vollst\u00e4ndigkeit halber f\u00fchre ich auf dieser Seite diese beiden Arten auf, wenngleich ich selber diese weder f\u00fcr karnivor noch pr\u00e4karnivor halte. Botanisch gesehen ist es schon umstritten, ob der Gattungsrang von Proboscidea gerechtfertigt ist oder die Art lousianica nicht in die Gattung Ibicella umgruppiert werden m\u00fcsste, da sich beide Gattungen nur sehr geringf\u00fcgig unterscheiden. Ibicella lutea stammt urspr\u00fcnglich aus S\u00fcdamerika und ist inzwischen im S\u00fcden der USA sowie in Teilen Mittelamerikas als <a href=\"..\/..\/..\/service\/bibliothek#Neophyt\" target=\"_blank\" rel=\"noopener noreferrer\"><i class=\"fa fa-book\"><\/i> Neophyt<\/a> eingeb\u00fcrgert. Proboscidea lousianica kommt ebenfalls in Mexiko und den S\u00fcdstaaten der USA vor. Bei beiden handelt es sich um einj\u00e4hrige, krautige, geranienartige Pflanzen mit einem unangenehmen Aasgeruch. Die Pflanze ist komplett mit Dr\u00fcsenhaaren besetzt, die eine Polysaccharidl\u00f6sung sezernieren. Die Dr\u00fcsen finden sich sowohl auf der Blattober- wie Blattunterseite, am Stamm sowie den Kelchbl\u00e4ttern. Lediglich die Kronbl\u00e4tter sind unbesetzt. Mit den Dr\u00fcsen werden kleine Fliegen gefangen. Eine Nutzbarmachung ist weder durch Enyzme noch durch eine Zersetzung durch Bakterien oder Pilzen nachgewiesen. Insgesamt sind diese beiden Arten so gar nicht karnivor. Sie kommen nat\u00fcrlicherweise auf eher trockenen, n\u00e4hrstoffreichen B\u00f6den vor und vor allem Ibicella lutea kann in einem halben Jahr zu einer einen Meter hohen Pflanze heranwachsen. Auf eine D\u00fcngung reagieren sie positiv. Evolutionsbiologisch macht f\u00fcr mich eine postulierte Karnivorie dieser Arten gar keinen Sinn. Die Pflanzen sind eher als Stickstoffzeiger zu werten, die per se n\u00e4hrstoffreiche B\u00f6den bevorzugen. Welchen Benefit haben die Pflanzen durch ein marginal h\u00f6heres Stickstoffangebot, das sie durch den Insektenfang erzielen sollten? G\u00e4nzlich anders verh\u00e4lt es sich bei den restlichen pr\u00e4karnivoren und karnivoren Gattungen, die allesamt auf n\u00e4hrstoffarmen B\u00f6den vorkommen und auf eine D\u00fcngergabe oft ausgesprochen negativ reagieren. F\u00fcr mich pers\u00f6nlich handelt es sich bei den Dr\u00fcsen eher um einen biologischen Insektenschutz, der die Pflanze vor Sch\u00e4dlingen bewahren soll. Hierf\u00fcr spricht meines Erachtens auch die Verteilung der Dr\u00fcsen, die bis auf die Kronbl\u00e4tter gleichm\u00e4\u00dfig auf der gesamten Pflanze zu finden sind.<\/p>\n<\/div><div class=\"fusion-title title fusion-title-5 fusion-title-text fusion-title-size-two\"><h2 class=\"fusion-title-heading title-heading-left\" style=\"margin:0;\"><i><\/i><i>Triphyophyllum peltatum<\/i> (Hakenblatt)<\/h2><span class=\"awb-title-spacer\"><\/span><div class=\"title-sep-container\"><div class=\"title-sep sep-single sep-solid\" style=\"border-color:#3e3e3e;\"><\/div><\/div><\/div><div class=\"fusion-text fusion-text-4\"><p>Das Hakenblatt, oder auch Dreifaltigblatt genannt, ist zwar eine echte karnivore Pflanze, jedoch nur in einer von drei Lebensphasen. Das akut vom Aussterben bedrohte Hakenblatt befindet sich derzeit nur in botanischen G\u00e4rten in Kultur und stammt aus dem Regenwald der Westk\u00fcste Afrikas. Initial handelt es sich um eine bodenst\u00e4ndige Rosette, ehe das H\u00f6henwachstum einsetzt. In diesem Stadium entwickelt das Hakenblatt bis zu 25 cm lange, fadenf\u00f6rmige Bl\u00e4tter, die als passive Klebefallen funktionieren und selbst aktiv Enzyme zur Insektenverwertung produzieren. In diesem zweiten Stadium ben\u00f6tigt die Pflanze offensichtlich zus\u00e4tzliche N\u00e4hrstoffe, um in das dritte Stadium \u00fcberzutreten. In diesem Stadium w\u00e4chst das Hakenblatt dann als Liane weiter und kann bis zu 50 m lang werden.<\/p>\n<\/div><div class=\"fusion-clearfix\"><\/div><\/div><\/div><\/div><\/div>","protected":false},"excerpt":{"rendered":"","protected":false},"author":1,"featured_media":0,"parent":15,"menu_order":0,"comment_status":"open","ping_status":"open","template":"","meta":{"footnotes":""},"class_list":["post-351","page","type-page","status-publish","hentry"],"yoast_head":"<!-- This site is optimized with the Yoast SEO plugin v26.9 - https:\/\/yoast.com\/product\/yoast-seo-wordpress\/ -->\n<title>Pr\u00e4karnivoren - Fancy Plants - Deutsch<\/title>\n<meta name=\"description\" content=\"Sie finden hier ein Portr\u00e4t der pr\u00e4karnivoren Arten inklusive Pflanzenbeschreibung, Verbreitung, Fallenmechanismus und Kulturanleitung. Ich beschreibe Brocchinea reducta (Bromelien-Art), Catopsis berteroniana (Bromelien-Art), Ibicella lutea (Teufelskralle) und Proboscidea lousianica (Teufelskralle), Triphyophyllum peltatum (Hakenblatt).\" \/>\n<meta name=\"robots\" content=\"index, follow, max-snippet:-1, max-image-preview:large, max-video-preview:-1\" \/>\n<link rel=\"canonical\" href=\"http:\/\/www.fancyplants.de\/de\/carnihome\/arten\/praecarn\/\" \/>\n<meta property=\"og:locale\" content=\"de_DE\" \/>\n<meta property=\"og:type\" content=\"article\" \/>\n<meta property=\"og:title\" content=\"Pr\u00e4karnivoren - Fancy Plants - Deutsch\" \/>\n<meta property=\"og:description\" content=\"Sie finden hier ein Portr\u00e4t der pr\u00e4karnivoren Arten inklusive Pflanzenbeschreibung, Verbreitung, Fallenmechanismus und Kulturanleitung. Ich beschreibe Brocchinea reducta (Bromelien-Art), Catopsis berteroniana (Bromelien-Art), Ibicella lutea (Teufelskralle) und Proboscidea lousianica (Teufelskralle), Triphyophyllum peltatum (Hakenblatt).\" \/>\n<meta property=\"og:url\" content=\"http:\/\/www.fancyplants.de\/de\/carnihome\/arten\/praecarn\/\" \/>\n<meta property=\"og:site_name\" content=\"Fancy Plants - Deutsch\" \/>\n<meta property=\"article:modified_time\" content=\"2019-10-15T06:51:14+00:00\" \/>\n<meta name=\"twitter:card\" content=\"summary_large_image\" \/>\n<meta name=\"twitter:label1\" content=\"Gesch\u00e4tzte Lesezeit\" \/>\n\t<meta name=\"twitter:data1\" content=\"5\u00a0Minuten\" \/>\n<script type=\"application\/ld+json\" class=\"yoast-schema-graph\">{\"@context\":\"https:\/\/schema.org\",\"@graph\":[{\"@type\":\"WebPage\",\"@id\":\"http:\/\/www.fancyplants.de\/de\/carnihome\/arten\/praecarn\/\",\"url\":\"http:\/\/www.fancyplants.de\/de\/carnihome\/arten\/praecarn\/\",\"name\":\"Pr\u00e4karnivoren - Fancy Plants - Deutsch\",\"isPartOf\":{\"@id\":\"http:\/\/www.fancyplants.de\/de\/#website\"},\"datePublished\":\"2015-06-18T21:06:21+00:00\",\"dateModified\":\"2019-10-15T06:51:14+00:00\",\"description\":\"Sie finden hier ein Portr\u00e4t der pr\u00e4karnivoren Arten inklusive Pflanzenbeschreibung, Verbreitung, Fallenmechanismus und Kulturanleitung. Ich beschreibe Brocchinea reducta (Bromelien-Art), Catopsis berteroniana (Bromelien-Art), Ibicella lutea (Teufelskralle) und Proboscidea lousianica (Teufelskralle), Triphyophyllum peltatum (Hakenblatt).\",\"breadcrumb\":{\"@id\":\"http:\/\/www.fancyplants.de\/de\/carnihome\/arten\/praecarn\/#breadcrumb\"},\"inLanguage\":\"de\",\"potentialAction\":[{\"@type\":\"ReadAction\",\"target\":[\"http:\/\/www.fancyplants.de\/de\/carnihome\/arten\/praecarn\/\"]}]},{\"@type\":\"BreadcrumbList\",\"@id\":\"http:\/\/www.fancyplants.de\/de\/carnihome\/arten\/praecarn\/#breadcrumb\",\"itemListElement\":[{\"@type\":\"ListItem\",\"position\":1,\"name\":\"Home\",\"item\":\"http:\/\/www.fancyplants.de\/de\/\"},{\"@type\":\"ListItem\",\"position\":2,\"name\":\"Insektivoren\",\"item\":\"http:\/\/www.fancyplants.de\/de\/carnihome\/\"},{\"@type\":\"ListItem\",\"position\":3,\"name\":\"Arten\",\"item\":\"http:\/\/www.fancyplants.de\/de\/carnihome\/arten\/\"},{\"@type\":\"ListItem\",\"position\":4,\"name\":\"Pr\u00e4karnivoren\"}]},{\"@type\":\"WebSite\",\"@id\":\"http:\/\/www.fancyplants.de\/de\/#website\",\"url\":\"http:\/\/www.fancyplants.de\/de\/\",\"name\":\"Fancy Plants - Deutsch\",\"description\":\"Eine weitere WordPress-Seite\",\"potentialAction\":[{\"@type\":\"SearchAction\",\"target\":{\"@type\":\"EntryPoint\",\"urlTemplate\":\"http:\/\/www.fancyplants.de\/de\/?s={search_term_string}\"},\"query-input\":{\"@type\":\"PropertyValueSpecification\",\"valueRequired\":true,\"valueName\":\"search_term_string\"}}],\"inLanguage\":\"de\"}]}<\/script>\n<!-- \/ Yoast SEO plugin. -->","yoast_head_json":{"title":"Pr\u00e4karnivoren - Fancy Plants - Deutsch","description":"Sie finden hier ein Portr\u00e4t der pr\u00e4karnivoren Arten inklusive Pflanzenbeschreibung, Verbreitung, Fallenmechanismus und Kulturanleitung. Ich beschreibe Brocchinea reducta (Bromelien-Art), Catopsis berteroniana (Bromelien-Art), Ibicella lutea (Teufelskralle) und Proboscidea lousianica (Teufelskralle), Triphyophyllum peltatum (Hakenblatt).","robots":{"index":"index","follow":"follow","max-snippet":"max-snippet:-1","max-image-preview":"max-image-preview:large","max-video-preview":"max-video-preview:-1"},"canonical":"http:\/\/www.fancyplants.de\/de\/carnihome\/arten\/praecarn\/","og_locale":"de_DE","og_type":"article","og_title":"Pr\u00e4karnivoren - Fancy Plants - Deutsch","og_description":"Sie finden hier ein Portr\u00e4t der pr\u00e4karnivoren Arten inklusive Pflanzenbeschreibung, Verbreitung, Fallenmechanismus und Kulturanleitung. Ich beschreibe Brocchinea reducta (Bromelien-Art), Catopsis berteroniana (Bromelien-Art), Ibicella lutea (Teufelskralle) und Proboscidea lousianica (Teufelskralle), Triphyophyllum peltatum (Hakenblatt).","og_url":"http:\/\/www.fancyplants.de\/de\/carnihome\/arten\/praecarn\/","og_site_name":"Fancy Plants - Deutsch","article_modified_time":"2019-10-15T06:51:14+00:00","twitter_card":"summary_large_image","twitter_misc":{"Gesch\u00e4tzte Lesezeit":"5\u00a0Minuten"},"schema":{"@context":"https:\/\/schema.org","@graph":[{"@type":"WebPage","@id":"http:\/\/www.fancyplants.de\/de\/carnihome\/arten\/praecarn\/","url":"http:\/\/www.fancyplants.de\/de\/carnihome\/arten\/praecarn\/","name":"Pr\u00e4karnivoren - Fancy Plants - Deutsch","isPartOf":{"@id":"http:\/\/www.fancyplants.de\/de\/#website"},"datePublished":"2015-06-18T21:06:21+00:00","dateModified":"2019-10-15T06:51:14+00:00","description":"Sie finden hier ein Portr\u00e4t der pr\u00e4karnivoren Arten inklusive Pflanzenbeschreibung, Verbreitung, Fallenmechanismus und Kulturanleitung. Ich beschreibe Brocchinea reducta (Bromelien-Art), Catopsis berteroniana (Bromelien-Art), Ibicella lutea (Teufelskralle) und Proboscidea lousianica (Teufelskralle), Triphyophyllum peltatum (Hakenblatt).","breadcrumb":{"@id":"http:\/\/www.fancyplants.de\/de\/carnihome\/arten\/praecarn\/#breadcrumb"},"inLanguage":"de","potentialAction":[{"@type":"ReadAction","target":["http:\/\/www.fancyplants.de\/de\/carnihome\/arten\/praecarn\/"]}]},{"@type":"BreadcrumbList","@id":"http:\/\/www.fancyplants.de\/de\/carnihome\/arten\/praecarn\/#breadcrumb","itemListElement":[{"@type":"ListItem","position":1,"name":"Home","item":"http:\/\/www.fancyplants.de\/de\/"},{"@type":"ListItem","position":2,"name":"Insektivoren","item":"http:\/\/www.fancyplants.de\/de\/carnihome\/"},{"@type":"ListItem","position":3,"name":"Arten","item":"http:\/\/www.fancyplants.de\/de\/carnihome\/arten\/"},{"@type":"ListItem","position":4,"name":"Pr\u00e4karnivoren"}]},{"@type":"WebSite","@id":"http:\/\/www.fancyplants.de\/de\/#website","url":"http:\/\/www.fancyplants.de\/de\/","name":"Fancy Plants - Deutsch","description":"Eine weitere WordPress-Seite","potentialAction":[{"@type":"SearchAction","target":{"@type":"EntryPoint","urlTemplate":"http:\/\/www.fancyplants.de\/de\/?s={search_term_string}"},"query-input":{"@type":"PropertyValueSpecification","valueRequired":true,"valueName":"search_term_string"}}],"inLanguage":"de"}]}},"_links":{"self":[{"href":"http:\/\/www.fancyplants.de\/de\/wp-json\/wp\/v2\/pages\/351","targetHints":{"allow":["GET"]}}],"collection":[{"href":"http:\/\/www.fancyplants.de\/de\/wp-json\/wp\/v2\/pages"}],"about":[{"href":"http:\/\/www.fancyplants.de\/de\/wp-json\/wp\/v2\/types\/page"}],"author":[{"embeddable":true,"href":"http:\/\/www.fancyplants.de\/de\/wp-json\/wp\/v2\/users\/1"}],"replies":[{"embeddable":true,"href":"http:\/\/www.fancyplants.de\/de\/wp-json\/wp\/v2\/comments?post=351"}],"version-history":[{"count":1,"href":"http:\/\/www.fancyplants.de\/de\/wp-json\/wp\/v2\/pages\/351\/revisions"}],"predecessor-version":[{"id":3084,"href":"http:\/\/www.fancyplants.de\/de\/wp-json\/wp\/v2\/pages\/351\/revisions\/3084"}],"up":[{"embeddable":true,"href":"http:\/\/www.fancyplants.de\/de\/wp-json\/wp\/v2\/pages\/15"}],"wp:attachment":[{"href":"http:\/\/www.fancyplants.de\/de\/wp-json\/wp\/v2\/media?parent=351"}],"curies":[{"name":"wp","href":"https:\/\/api.w.org\/{rel}","templated":true}]}}