{"id":3508,"date":"2020-06-29T11:32:14","date_gmt":"2020-06-29T09:32:14","guid":{"rendered":"http:\/\/www.fancyplants.de\/de\/?page_id=3508"},"modified":"2020-06-29T20:56:21","modified_gmt":"2020-06-29T18:56:21","slug":"shop","status":"publish","type":"page","link":"http:\/\/www.fancyplants.de\/de\/shop\/","title":{"rendered":"Angebote"},"content":{"rendered":"<div class=\"fusion-fullwidth fullwidth-box fusion-builder-row-1 hundred-percent-fullwidth non-hundred-percent-height-scrolling\" style=\"--awb-border-radius-top-left:0px;--awb-border-radius-top-right:0px;--awb-border-radius-bottom-right:0px;--awb-border-radius-bottom-left:0px;--awb-overflow:visible;--awb-flex-wrap:wrap;\" ><div class=\"fusion-builder-row fusion-row\"><div class=\"fusion-layout-column fusion_builder_column fusion-builder-column-0 fusion_builder_column_1_1 1_1 fusion-one-full fusion-column-first fusion-column-last\" style=\"--awb-bg-size:cover;\"><div class=\"fusion-column-wrapper fusion-flex-column-wrapper-legacy\"><div class=\"fusion-title title fusion-title-1 fusion-title-text fusion-title-size-one\"><h1 class=\"fusion-title-heading title-heading-left\" style=\"margin:0;\">Abzugebende Pflanzen und Samen<\/h1><span class=\"awb-title-spacer\"><\/span><div class=\"title-sep-container\"><div class=\"title-sep sep-single sep-solid\" style=\"border-color:#3e3e3e;\"><\/div><\/div><\/div><div class=\"fusion-text fusion-text-1\"><p>Auf dieser Seite biete ich \u00fcbersch\u00fcssige Pflanzen (vor allem felischfressende Pflanzen) aus Backup-Kulturen und Aussaaten zum Verkauf oder Tausch an. Alle Pflanzen sind von mir selbst k\u00fcnstlich vermehrt (vegetativ oder generativ). Da es sich teils um nur Einzelexemplare handelt, bitte ich um Verst\u00e4ndnis, dass nicht jede Art immer verf\u00fcgbar ist.<\/p>\n<p>Zum Versand kommen ausschlie\u00dflich gut etablierte, getopfte Pflanzen. Entsprechend besteht ein gewisser Aufwand f\u00fcr den Versand. Die Kosten f\u00fcr Verpackung und Versand sind abh\u00e4ngig von der Gr\u00f6\u00dfe und der Anzahl der gew\u00fcnschten Pflanzen und betragen zwischen 5,00 und 10,00 Euro. Auch bei gr\u00f6\u00dfter M\u00fche bei der Verpackung k\u00f6nnte es vorkommen, dass die versendete Pflanze nicht Ihren Erwartungen entspricht. In diesem Fall kontaktieren Sie mich bitte per Email. Sicherlich finden wir eine gute L\u00f6sung.<\/p>\n<p>Sollten Sie Interesse haben, so richten Sie Ihre Bestellung an die folgende Emailadresse:\u00a0\u00a0\u00a0 <i class=\"fb-icon-element-1 fb-icon-element fontawesome-icon fa fa-envelope-o circle-no fusion-text-flow\" style=\"--awb-font-size:18px;--awb-margin-right:9px;\"><\/i>fancyplants@web.de<\/p>\n<p>Sollten Sie tauschen wollen, so bitte ich Sie, mir sogleich Ihr Angebot Ihrer Tauschpflanzen zu unterbreiten (bitte keine \u201eAllerwelts-Pflanzen\u201c).<\/p>\n<\/div><div class=\"fusion-title title fusion-title-2 fusion-title-text fusion-title-size-two\"><h2 class=\"fusion-title-heading title-heading-left\" style=\"margin:0;\">Winterharte Karnivoren und Begleitpflanzen<\/h2><span class=\"awb-title-spacer\"><\/span><div class=\"title-sep-container\"><div class=\"title-sep sep-single sep-solid\" style=\"border-color:#3e3e3e;\"><\/div><\/div><\/div><div class=\"fusion-clearfix\"><\/div><\/div><\/div><div class=\"fusion-layout-column fusion_builder_column fusion-builder-column-1 fusion_builder_column_1_1 1_1 fusion-one-full fusion-column-first fusion-column-last\" style=\"--awb-bg-size:cover;--awb-margin-bottom:0px;\"><div class=\"fusion-column-wrapper fusion-flex-column-wrapper-legacy\"><div class=\"fusion-text fusion-text-2\"><div>\n<table class=\"table1\" style=\"width: 100%;\" width=\"100%\">\n<thead>\n<tr>\n<th style=\"width: 8.83391%;\" align=\"left\">Gattung<\/th>\n<th style=\"width: 17.2261%;\" align=\"left\">Art<\/th>\n<th style=\"width: 64.8411%;\" align=\"left\">Bemerkung<\/th>\n<th style=\"width: 46.0247%; text-align: right;\" align=\"right\">Preis<\/th>\n<\/tr>\n<\/thead>\n<tbody>\n<tr>\n<td style=\"width: 8.83391%;\">Anagallis<\/td>\n<td style=\"width: 17.2261%;\">tenella<\/td>\n<td style=\"width: 64.8411%;\">Zarter Gaucheil, rosane Bl\u00fcten, nicht invasiv, durchwurzelter 5 cm -Topf<\/td>\n<td style=\"width: 46.0247%; text-align: right;\" align=\"\">3,00<\/td>\n<\/tr>\n<tr>\n<td style=\"width: 8.83391%;\">Aster<\/td>\n<td style=\"width: 17.2261%;\">nemoralis<\/td>\n<td style=\"width: 64.8411%;\">Mooraster, Bl\u00fcten im Herbst, verbreitet sich durch Ausl\u00e4ufer, aber nicht verdr\u00e4ngend, 2 Triebe<\/td>\n<td style=\"width: 46.0247%; text-align: right;\" align=\"\">5,00<\/td>\n<\/tr>\n<tr>\n<td style=\"width: 8.83391%;\">Calopogon<\/td>\n<td style=\"width: 17.2261%;\">tuberosus<\/td>\n<td style=\"width: 64.8411%;\">Grasr\u00f6te, wundersch\u00f6ne Orchidee mit pinkenen Bl\u00fcten, nicht bl\u00fchf\u00e4hige Jungpflanze<\/td>\n<td style=\"width: 46.0247%; text-align: right;\" align=\"\">12,00<\/td>\n<\/tr>\n<tr>\n<td style=\"width: 8.83391%;\">Dionaea<\/td>\n<td style=\"width: 17.2261%;\">muscipula<\/td>\n<td style=\"width: 64.8411%;\">&#8222;Sawtooth&#8220;, in 1-2 Jahren bl\u00fchf\u00e4hig, 5 cm-Topf<\/td>\n<td style=\"width: 46.0247%; text-align: right;\" align=\"\">5,00<\/td>\n<\/tr>\n<tr>\n<td style=\"width: 8.83391%;\">Dionaea<\/td>\n<td style=\"width: 17.2261%;\">muscipula<\/td>\n<td style=\"width: 64.8411%;\">&#8222;UK Sawtooth II&#8220;, very good grower, big traps, bl\u00fchf\u00e4hig<\/td>\n<td style=\"width: 46.0247%; text-align: right;\" align=\"\">7,00<\/td>\n<\/tr>\n<tr>\n<td style=\"width: 8.83391%;\">Drosera<\/td>\n<td style=\"width: 17.2261%;\">&#8218;Anfil&#8216;\u00a0<\/td>\n<td style=\"width: 64.8411%;\">Drosera anglica x filiformis, einfach zu kultivieren<\/td>\n<td style=\"width: 46.0247%; text-align: right;\" align=\"\">5,00<\/td>\n<\/tr>\n<tr>\n<td style=\"width: 8.83391%;\">Drosera<\/td>\n<td style=\"width: 17.2261%;\">binata<\/td>\n<td style=\"width: 64.8411%;\" align=\"\">in Sphagnum gepflanz gut winterhart<\/td>\n<td style=\"width: 46.0247%; text-align: right;\">5,00<\/td>\n<\/tr>\n<tr>\n<td style=\"width: 8.83391%;\">Drosera<\/td>\n<td style=\"width: 17.2261%;\">intermedia<\/td>\n<td style=\"width: 64.8411%;\">sehr vermehrungfreudig, einfach, 5 cm &#8211; Topf<\/td>\n<td style=\"width: 46.0247%; text-align: right;\">3,50<\/td>\n<\/tr>\n<tr>\n<td style=\"width: 8.83391%;\">Drosera<\/td>\n<td style=\"width: 17.2261%;\">rotundifolia<\/td>\n<td style=\"width: 64.8411%;\">einfach, 5 cm &#8211; Topf<\/td>\n<td style=\"width: 46.0247%; text-align: right;\">5,00<\/td>\n<\/tr>\n<tr>\n<td style=\"width: 8.83391%;\">Drosera\u00a0<\/td>\n<td style=\"width: 17.2261%;\">x hybrida<\/td>\n<td style=\"width: 64.8411%;\">Drosera filiformis x intermedia, einfach, 5 cm &#8211; Topf<\/td>\n<td style=\"width: 46.0247%; text-align: right;\">3,50<\/td>\n<\/tr>\n<tr>\n<td style=\"width: 8.83391%;\">Helonias<\/td>\n<td style=\"width: 17.2261%;\">bullata<\/td>\n<td style=\"width: 64.8411%;\">Moornelke, stattlicher Bl\u00fctenstand im Fr\u00fchjahr, Jungpflanze, 5 cm &#8211; Topf<\/td>\n<td style=\"width: 46.0247%; text-align: right;\">4,00<\/td>\n<\/tr>\n<tr>\n<td style=\"width: 8.83391%;\">Kalmia<\/td>\n<td style=\"width: 17.2261%;\">angustifolia<\/td>\n<td style=\"width: 64.8411%;\">Schmallbl\u00e4ttrige Lorbeerrose, Steckling<\/td>\n<td style=\"width: 46.0247%; text-align: right;\">4,00<\/td>\n<\/tr>\n<tr>\n<td style=\"width: 8.83391%;\">Narthecium<\/td>\n<td style=\"width: 17.2261%;\">ossifragum<\/td>\n<td style=\"width: 64.8411%;\">Moorlilie, 5 cm &#8211; Topf<\/td>\n<td style=\"width: 46.0247%; text-align: right;\">5,00<\/td>\n<\/tr>\n<tr>\n<td style=\"width: 8.83391%;\">Pinguicula<\/td>\n<td style=\"width: 17.2261%;\">grandiflora<\/td>\n<td style=\"width: 64.8411%;\">Gro\u00dfe blaue Bl\u00fcten, einfach, adulte Pflanze im 5 cm &#8211; Topf<\/td>\n<td style=\"width: 46.0247%; text-align: right;\">5,00<\/td>\n<\/tr>\n<tr>\n<td style=\"width: 8.83391%;\">Pinguicula<\/td>\n<td style=\"width: 17.2261%;\">spec. &#8218;Rio Ara&#8216;<\/td>\n<td style=\"width: 64.8411%;\">Bl\u00e4tter rot \u00fcberlaufen, einfach, adulte Pflanze im 5 cm &#8211; Topf<\/td>\n<td style=\"width: 46.0247%; text-align: right;\">6,00<\/td>\n<\/tr>\n<tr>\n<td style=\"width: 8.83391%;\">Pogonia<\/td>\n<td style=\"width: 17.2261%;\">ophioglossoides<\/td>\n<td style=\"width: 64.8411%;\">Moororchidee, einfach, sehr sch\u00f6ne Bl\u00fcten, durchzieht das Moorbeet mit Ausl\u00e4ufern, 2 Triebe<\/td>\n<td style=\"width: 46.0247%; text-align: right;\">8,00<\/td>\n<\/tr>\n<tr>\n<td style=\"width: 8.83391%;\">Sarracenia<\/td>\n<td style=\"width: 17.2261%;\">flava<\/td>\n<td style=\"width: 64.8411%;\">Gelbe Schlauchpflanze, sehr frosthart, gro\u00dfe, bl\u00fchf\u00e4hige Pflanze, im 8 cm &#8211; Topf<\/td>\n<td style=\"width: 46.0247%; text-align: right;\">9,00<\/td>\n<\/tr>\n<tr>\n<td style=\"width: 8.83391%;\">Sarracenia<\/td>\n<td style=\"width: 17.2261%;\">flava var. cuprea<\/td>\n<td style=\"width: 64.8411%;\">North Carolina MK F 10, im 8 cm &#8211; Topf<\/td>\n<td style=\"width: 46.0247%; text-align: right;\">10,00<\/td>\n<\/tr>\n<tr>\n<td style=\"width: 8.83391%;\">Sarracenia<\/td>\n<td style=\"width: 17.2261%;\">flava var. ornata<\/td>\n<td style=\"width: 64.8411%;\">&#8222;Superornata&#8220;, Gelbe Schlauchpflanze mit intensiver roter Zeichnung, sehr frosthart, gro\u00dfe, bl\u00fchf\u00e4hige Pflanze, im 8 cm &#8211; Topf<\/td>\n<td style=\"width: 46.0247%; text-align: right;\">10,00<\/td>\n<\/tr>\n<tr>\n<td style=\"width: 8.83391%;\">Sarracenia<\/td>\n<td style=\"width: 17.2261%;\">flava var. ornata<\/td>\n<td style=\"width: 64.8411%;\">Gelbe Schlauchpflanze mit roter Zeichnung, sehr frosthart, gro\u00dfe, bl\u00fchf\u00e4hige Pflanze, im 8 cm &#8211; Topf<\/td>\n<td style=\"width: 46.0247%; text-align: right;\">12,00<\/td>\n<\/tr>\n<tr>\n<td style=\"width: 8.83391%;\">Sarracenia<\/td>\n<td style=\"width: 17.2261%;\">oreophila<\/td>\n<td style=\"width: 64.8411%;\">giant form, purple throat, bl\u00fchf\u00e4hige Pflanze, im 8 cm &#8211; Topf<\/td>\n<td style=\"width: 46.0247%; text-align: right;\">10,00<\/td>\n<\/tr>\n<tr>\n<td style=\"width: 8.83391%;\">Sarracenia<\/td>\n<td style=\"width: 17.2261%;\">oreophila<\/td>\n<td style=\"width: 64.8411%;\">vigorous clone, bl\u00fchf\u00e4hige Pflanze, im 8 cm &#8211; Topf<\/td>\n<td style=\"width: 46.0247%; text-align: right;\">10,00<\/td>\n<\/tr>\n<tr>\n<td style=\"width: 8.83391%;\">Sarracenia<\/td>\n<td style=\"width: 17.2261%;\">oreophila<\/td>\n<td style=\"width: 64.8411%;\">Bl\u00fchf\u00e4hige Pflanze, im 8 cm &#8211; Topf<\/td>\n<td style=\"width: 46.0247%; text-align: right;\">11,00<\/td>\n<\/tr>\n<tr>\n<td style=\"width: 8.83391%;\">Sarracenia<\/td>\n<td style=\"width: 17.2261%;\">psittacina<\/td>\n<td style=\"width: 64.8411%;\">adulte Pflanze, im 8 cm &#8211; Topf<\/td>\n<td style=\"width: 46.0247%; text-align: right;\">9,00<\/td>\n<\/tr>\n<tr>\n<td style=\"width: 8.83391%;\">Sarracenia<\/td>\n<td style=\"width: 17.2261%;\">purpurea subsp. venosa<\/td>\n<td style=\"width: 64.8411%;\">var. montana, adulte Pflanze, im 8 cm &#8211; Topf<\/td>\n<td style=\"width: 46.0247%; text-align: right;\">10,00<\/td>\n<\/tr>\n<tr>\n<td style=\"width: 8.83391%;\">Sarracenia<\/td>\n<td style=\"width: 17.2261%;\">rubra subsp. alabamensis\u00a0<\/td>\n<td style=\"width: 64.8411%;\">Chilton Alabama, im 5 cm &#8211; Topf<\/td>\n<td style=\"width: 46.0247%; text-align: right;\">8,00<\/td>\n<\/tr>\n<tr>\n<td style=\"width: 8.83391%;\">Sarracenia<\/td>\n<td style=\"width: 17.2261%;\">rubra subsp. gulfensis\u00a0<\/td>\n<td style=\"width: 64.8411%;\">Dark Tall pitchers, ex J. Welham, im 5 cm &#8211; Topf<\/td>\n<td style=\"width: 46.0247%; text-align: right;\">8,00<\/td>\n<\/tr>\n<tr>\n<td style=\"width: 8.83391%;\">Sarracenia<\/td>\n<td style=\"width: 17.2261%;\">rubra subsp. rubra<\/td>\n<td style=\"width: 64.8411%;\">im 5 cm &#8211; Topf<\/td>\n<td style=\"width: 46.0247%; text-align: right;\">6,50<\/td>\n<\/tr>\n<tr>\n<td style=\"width: 8.83391%;\">Sarracenia<\/td>\n<td style=\"width: 17.2261%;\">rubra subsp. wherryi<\/td>\n<td style=\"width: 64.8411%;\">im 5 cm &#8211; Topf<\/td>\n<td style=\"width: 46.0247%; text-align: right;\">6,50<\/td>\n<\/tr>\n<tr>\n<td style=\"width: 8.83391%;\">Sarracenia<\/td>\n<td style=\"width: 17.2261%;\">rubra susp. ionesii<\/td>\n<td style=\"width: 64.8411%;\">typical form, im 5 cm &#8211; Topf<\/td>\n<td style=\"width: 46.0247%; text-align: right;\">8,00<\/td>\n<\/tr>\n<tr>\n<td style=\"width: 8.83391%;\">Spiranthes<\/td>\n<td style=\"width: 17.2261%;\">cernua var. odorata<\/td>\n<td style=\"width: 64.8411%;\">&#8222;Chadds Ford&#8220;, Jungpflanze, im 5 cm &#8211; Topf<\/td>\n<td style=\"width: 46.0247%; text-align: right;\">7,00<\/td>\n<\/tr>\n<tr>\n<td style=\"width: 8.83391%;\">Trichophorum<\/td>\n<td style=\"width: 17.2261%;\">alpinum<\/td>\n<td style=\"width: 64.8411%;\">im 5 cm &#8211; Topf<\/td>\n<td style=\"width: 46.0247%; text-align: right;\">4,00<\/td>\n<\/tr>\n<tr>\n<td style=\"width: 8.83391%;\">Utricularia<\/td>\n<td style=\"width: 17.2261%;\">cornuta<\/td>\n<td style=\"width: 64.8411%;\">gut frosthart, gelbbl\u00fchend, 5 cm &#8211; Topf<\/td>\n<td style=\"width: 46.0247%; text-align: right;\">6,00<\/td>\n<\/tr>\n<tr>\n<td style=\"width: 8.83391%;\">Utricularia<\/td>\n<td style=\"width: 17.2261%;\">dichotoma<\/td>\n<td style=\"width: 64.8411%;\">blaue Bl\u00fcten, im 5 cm &#8211; Topf<\/td>\n<td style=\"width: 46.0247%; text-align: right;\">5,00<\/td>\n<\/tr>\n<tr>\n<td style=\"width: 8.83391%;\">Utricularia<\/td>\n<td style=\"width: 17.2261%;\">inflata<\/td>\n<td style=\"width: 64.8411%;\">aquatisch, 2 Triebe<\/td>\n<td style=\"width: 46.0247%; text-align: right;\">7,00<\/td>\n<\/tr>\n<tr>\n<td style=\"width: 8.83391%;\">Utricularia<\/td>\n<td style=\"width: 17.2261%;\">striata<\/td>\n<td style=\"width: 64.8411%;\">aquatisch, 2 Triebe<\/td>\n<td style=\"width: 46.0247%; text-align: right;\">7,00<\/td>\n<\/tr>\n<tr>\n<td style=\"width: 8.83391%;\">Utricularia<\/td>\n<td style=\"width: 17.2261%;\">subulata<\/td>\n<td style=\"width: 64.8411%;\">auf der Wasserlinie gepflanzt \u00fcberlebt diese kleinblt\u00fcige, gelbbl\u00fchende Art sehr gut die Winter, 5 cm &#8211; Topf<\/td>\n<td style=\"width: 46.0247%; text-align: right;\">4,50<\/td>\n<\/tr>\n<tr>\n<td style=\"width: 8.83391%;\">Vaccinium<\/td>\n<td style=\"width: 17.2261%;\">macrocarpon<\/td>\n<td style=\"width: 64.8411%;\">Cranberry, 8 cm &#8211; Topf<\/td>\n<td style=\"width: 46.0247%; text-align: right;\">5,00<\/td>\n<\/tr>\n<\/tbody>\n<\/table>\n<p>&nbsp;<\/p>\n<\/div>\n<\/div><div class=\"fusion-clearfix\"><\/div><\/div><\/div><div class=\"fusion-layout-column fusion_builder_column fusion-builder-column-2 fusion_builder_column_1_1 1_1 fusion-one-full fusion-column-first fusion-column-last\" style=\"--awb-bg-size:cover;\"><div class=\"fusion-column-wrapper fusion-flex-column-wrapper-legacy\"><div class=\"fusion-clearfix\"><\/div><\/div><\/div><div class=\"fusion-layout-column fusion_builder_column fusion-builder-column-3 fusion_builder_column_1_1 1_1 fusion-one-full fusion-column-first fusion-column-last\" style=\"--awb-bg-size:cover;\"><div class=\"fusion-column-wrapper fusion-flex-column-wrapper-legacy\"><div class=\"fusion-title title fusion-title-3 fusion-title-text fusion-title-size-two\"><h2 class=\"fusion-title-heading title-heading-left\" style=\"margin:0;\">Nicht winterharte Karnivoren<\/h2><span class=\"awb-title-spacer\"><\/span><div class=\"title-sep-container\"><div class=\"title-sep sep-single sep-solid\" style=\"border-color:#3e3e3e;\"><\/div><\/div><\/div><div class=\"fusion-text fusion-text-3\"><div>\n<table class=\"table1\" style=\"width: 100%;\" width=\"100%\">\n<thead>\n<tr>\n<th style=\"width: 17.1378%;\" align=\"left\">Gattung<\/th>\n<th style=\"width: 21.2014%;\" align=\"left\">Art<\/th>\n<th style=\"width: 55.5654%;\" align=\"left\">Bemerkung<\/th>\n<th style=\"width: 43.0212%; text-align: right;\" align=\"left\">Preis<\/th>\n<\/tr>\n<\/thead>\n<tbody>\n<tr>\n<td style=\"width: 17.1378%;\" width=\"104\">Drosera<\/td>\n<td style=\"width: 21.2014%;\" width=\"185\">capensis<\/td>\n<td style=\"width: 55.5654%;\" width=\"304\">im 5 cm &#8211; Topf<\/td>\n<td style=\"width: 43.0212%; text-align: right;\" width=\"80\">4,00<\/td>\n<\/tr>\n<tr>\n<td style=\"width: 17.1378%;\">Drosera<\/td>\n<td style=\"width: 21.2014%;\">venusta<\/td>\n<td style=\"width: 55.5654%;\">im 5 cm &#8211; Topf<\/td>\n<td style=\"width: 43.0212%; text-align: right;\">4,00<\/td>\n<\/tr>\n<tr>\n<td style=\"width: 17.1378%;\">Utricularia<\/td>\n<td style=\"width: 21.2014%;\">bisquamata<\/td>\n<td style=\"width: 55.5654%;\">im 5 cm &#8211; Topf<\/td>\n<td style=\"width: 43.0212%; text-align: right;\">4,00<\/td>\n<\/tr>\n<\/tbody>\n<\/table>\n<p>&nbsp;<\/p>\n<\/div>\n<\/div><div class=\"fusion-title title fusion-title-4 fusion-title-text fusion-title-size-two\"><h2 class=\"fusion-title-heading title-heading-left\" style=\"margin:0;\">Exotisches Obst<\/h2><span class=\"awb-title-spacer\"><\/span><div class=\"title-sep-container\"><div class=\"title-sep sep-single sep-solid\" style=\"border-color:#3e3e3e;\"><\/div><\/div><\/div><div class=\"fusion-text fusion-text-4\"><div>\n<table class=\"table1\" style=\"width: 100%;\" width=\"100%\">\n<thead>\n<tr>\n<th style=\"width: 17.1378%;\" align=\"left\">Gattung<\/th>\n<th style=\"width: 21.2014%;\" align=\"left\">Art<\/th>\n<th style=\"width: 55.5654%;\" align=\"left\">Bemerkung<\/th>\n<th style=\"width: 43.0212%; text-align: right;\" align=\"left\">Preis<\/th>\n<\/tr>\n<\/thead>\n<tbody>\n<tr>\n<td style=\"width: 17.1378%;\" width=\"104\">Annona<\/td>\n<td style=\"width: 21.2014%;\" width=\"185\">cherimola<\/td>\n<td style=\"width: 55.5654%;\" width=\"304\">Cherimoya, S\u00e4mling, ca. 10 cm hoch, im 8 cm &#8211; Topf<\/td>\n<td style=\"width: 43.0212%;\" width=\"80\">4,00<\/td>\n<\/tr>\n<tr>\n<td style=\"width: 17.1378%;\" width=\"104\">Carica<\/td>\n<td style=\"width: 21.2014%;\" width=\"185\">papaya<\/td>\n<td style=\"width: 55.5654%;\" width=\"304\">Papaya, S\u00e4mling, ca. 10 cm hoch, im 5 cm &#8211; Topf<\/td>\n<td style=\"width: 43.0212%;\" width=\"80\">5,00<\/td>\n<\/tr>\n<tr>\n<td style=\"width: 17.1378%;\">Coffea<\/td>\n<td style=\"width: 21.2014%;\">arabica<\/td>\n<td style=\"width: 98.5866%;\">Kaffeestrauch, S\u00e4mling, ca. 10 cm hoch, im 8 cm &#8211; Topf<\/td>\n<td style=\"width: 3.22019%;\">3,00<\/td>\n<\/tr>\n<tr>\n<td style=\"width: 17.1378%;\">Hylocereus<\/td>\n<td style=\"width: 21.2014%;\">undatus<\/td>\n<td style=\"width: 98.5866%;\">Pitahaya\/Drachenfrucht\/ S\u00e4mling, ca. 7 cm hoch, im 5 cm &#8211; Topf<\/td>\n<td style=\"width: 3.22019%;\">2,50<\/td>\n<\/tr>\n<tr>\n<td style=\"width: 17.1378%;\">Passiflora<\/td>\n<td style=\"width: 21.2014%;\">edulis<\/td>\n<td style=\"width: 55.5654%;\">Maracuja, S\u00e4mling, ca. 6 cm hoch, im 5 cm &#8211; Topf<\/td>\n<td style=\"width: 43.0212%;\">3,00<\/td>\n<\/tr>\n<\/tbody>\n<\/table>\n<p>&nbsp;<\/p>\n<\/div>\n<\/div><div class=\"fusion-clearfix\"><\/div><\/div><\/div><\/div><\/div>","protected":false},"excerpt":{"rendered":"","protected":false},"author":1,"featured_media":0,"parent":0,"menu_order":0,"comment_status":"closed","ping_status":"closed","template":"","meta":{"footnotes":""},"class_list":["post-3508","page","type-page","status-publish","hentry"],"yoast_head":"<!-- This site is optimized with the Yoast SEO plugin v26.9 - https:\/\/yoast.com\/product\/yoast-seo-wordpress\/ -->\n<title>Angebote - Fancy Plants - Deutsch<\/title>\n<meta name=\"description\" content=\"\u00dcberz\u00e4hlige Pflanzen (Karnivoren, winterharte Orchideen, tropische Nutzpflanzen) zum Verkauf oder Tausch.\" \/>\n<meta name=\"robots\" content=\"index, follow, max-snippet:-1, max-image-preview:large, max-video-preview:-1\" \/>\n<link rel=\"canonical\" href=\"http:\/\/www.fancyplants.de\/de\/shop\/\" \/>\n<meta property=\"og:locale\" content=\"de_DE\" \/>\n<meta property=\"og:type\" content=\"article\" \/>\n<meta property=\"og:title\" content=\"Angebote - Fancy Plants - Deutsch\" \/>\n<meta property=\"og:description\" content=\"\u00dcberz\u00e4hlige Pflanzen (Karnivoren, winterharte Orchideen, tropische Nutzpflanzen) zum Verkauf oder Tausch.\" \/>\n<meta property=\"og:url\" content=\"http:\/\/www.fancyplants.de\/de\/shop\/\" \/>\n<meta property=\"og:site_name\" content=\"Fancy Plants - Deutsch\" \/>\n<meta property=\"article:modified_time\" content=\"2020-06-29T18:56:21+00:00\" \/>\n<meta name=\"twitter:card\" content=\"summary_large_image\" \/>\n<meta name=\"twitter:label1\" content=\"Gesch\u00e4tzte Lesezeit\" \/>\n\t<meta name=\"twitter:data1\" content=\"8\u00a0Minuten\" \/>\n<script type=\"application\/ld+json\" class=\"yoast-schema-graph\">{\"@context\":\"https:\/\/schema.org\",\"@graph\":[{\"@type\":\"WebPage\",\"@id\":\"http:\/\/www.fancyplants.de\/de\/shop\/\",\"url\":\"http:\/\/www.fancyplants.de\/de\/shop\/\",\"name\":\"Angebote - Fancy Plants - Deutsch\",\"isPartOf\":{\"@id\":\"http:\/\/www.fancyplants.de\/de\/#website\"},\"datePublished\":\"2020-06-29T09:32:14+00:00\",\"dateModified\":\"2020-06-29T18:56:21+00:00\",\"description\":\"\u00dcberz\u00e4hlige Pflanzen (Karnivoren, winterharte Orchideen, tropische Nutzpflanzen) zum Verkauf oder Tausch.\",\"breadcrumb\":{\"@id\":\"http:\/\/www.fancyplants.de\/de\/shop\/#breadcrumb\"},\"inLanguage\":\"de\",\"potentialAction\":[{\"@type\":\"ReadAction\",\"target\":[\"http:\/\/www.fancyplants.de\/de\/shop\/\"]}]},{\"@type\":\"BreadcrumbList\",\"@id\":\"http:\/\/www.fancyplants.de\/de\/shop\/#breadcrumb\",\"itemListElement\":[{\"@type\":\"ListItem\",\"position\":1,\"name\":\"Home\",\"item\":\"http:\/\/www.fancyplants.de\/de\/\"},{\"@type\":\"ListItem\",\"position\":2,\"name\":\"Angebote\"}]},{\"@type\":\"WebSite\",\"@id\":\"http:\/\/www.fancyplants.de\/de\/#website\",\"url\":\"http:\/\/www.fancyplants.de\/de\/\",\"name\":\"Fancy Plants - Deutsch\",\"description\":\"Eine weitere WordPress-Seite\",\"potentialAction\":[{\"@type\":\"SearchAction\",\"target\":{\"@type\":\"EntryPoint\",\"urlTemplate\":\"http:\/\/www.fancyplants.de\/de\/?s={search_term_string}\"},\"query-input\":{\"@type\":\"PropertyValueSpecification\",\"valueRequired\":true,\"valueName\":\"search_term_string\"}}],\"inLanguage\":\"de\"}]}<\/script>\n<!-- \/ Yoast SEO plugin. -->","yoast_head_json":{"title":"Angebote - Fancy Plants - Deutsch","description":"\u00dcberz\u00e4hlige Pflanzen (Karnivoren, winterharte Orchideen, tropische Nutzpflanzen) zum Verkauf oder Tausch.","robots":{"index":"index","follow":"follow","max-snippet":"max-snippet:-1","max-image-preview":"max-image-preview:large","max-video-preview":"max-video-preview:-1"},"canonical":"http:\/\/www.fancyplants.de\/de\/shop\/","og_locale":"de_DE","og_type":"article","og_title":"Angebote - Fancy Plants - Deutsch","og_description":"\u00dcberz\u00e4hlige Pflanzen (Karnivoren, winterharte Orchideen, tropische Nutzpflanzen) zum Verkauf oder Tausch.","og_url":"http:\/\/www.fancyplants.de\/de\/shop\/","og_site_name":"Fancy Plants - Deutsch","article_modified_time":"2020-06-29T18:56:21+00:00","twitter_card":"summary_large_image","twitter_misc":{"Gesch\u00e4tzte Lesezeit":"8\u00a0Minuten"},"schema":{"@context":"https:\/\/schema.org","@graph":[{"@type":"WebPage","@id":"http:\/\/www.fancyplants.de\/de\/shop\/","url":"http:\/\/www.fancyplants.de\/de\/shop\/","name":"Angebote - Fancy Plants - Deutsch","isPartOf":{"@id":"http:\/\/www.fancyplants.de\/de\/#website"},"datePublished":"2020-06-29T09:32:14+00:00","dateModified":"2020-06-29T18:56:21+00:00","description":"\u00dcberz\u00e4hlige Pflanzen (Karnivoren, winterharte Orchideen, tropische Nutzpflanzen) zum Verkauf oder Tausch.","breadcrumb":{"@id":"http:\/\/www.fancyplants.de\/de\/shop\/#breadcrumb"},"inLanguage":"de","potentialAction":[{"@type":"ReadAction","target":["http:\/\/www.fancyplants.de\/de\/shop\/"]}]},{"@type":"BreadcrumbList","@id":"http:\/\/www.fancyplants.de\/de\/shop\/#breadcrumb","itemListElement":[{"@type":"ListItem","position":1,"name":"Home","item":"http:\/\/www.fancyplants.de\/de\/"},{"@type":"ListItem","position":2,"name":"Angebote"}]},{"@type":"WebSite","@id":"http:\/\/www.fancyplants.de\/de\/#website","url":"http:\/\/www.fancyplants.de\/de\/","name":"Fancy Plants - Deutsch","description":"Eine weitere WordPress-Seite","potentialAction":[{"@type":"SearchAction","target":{"@type":"EntryPoint","urlTemplate":"http:\/\/www.fancyplants.de\/de\/?s={search_term_string}"},"query-input":{"@type":"PropertyValueSpecification","valueRequired":true,"valueName":"search_term_string"}}],"inLanguage":"de"}]}},"_links":{"self":[{"href":"http:\/\/www.fancyplants.de\/de\/wp-json\/wp\/v2\/pages\/3508","targetHints":{"allow":["GET"]}}],"collection":[{"href":"http:\/\/www.fancyplants.de\/de\/wp-json\/wp\/v2\/pages"}],"about":[{"href":"http:\/\/www.fancyplants.de\/de\/wp-json\/wp\/v2\/types\/page"}],"author":[{"embeddable":true,"href":"http:\/\/www.fancyplants.de\/de\/wp-json\/wp\/v2\/users\/1"}],"replies":[{"embeddable":true,"href":"http:\/\/www.fancyplants.de\/de\/wp-json\/wp\/v2\/comments?post=3508"}],"version-history":[{"count":26,"href":"http:\/\/www.fancyplants.de\/de\/wp-json\/wp\/v2\/pages\/3508\/revisions"}],"predecessor-version":[{"id":3536,"href":"http:\/\/www.fancyplants.de\/de\/wp-json\/wp\/v2\/pages\/3508\/revisions\/3536"}],"wp:attachment":[{"href":"http:\/\/www.fancyplants.de\/de\/wp-json\/wp\/v2\/media?parent=3508"}],"curies":[{"name":"wp","href":"https:\/\/api.w.org\/{rel}","templated":true}]}}