{"id":343,"date":"2015-06-18T23:03:06","date_gmt":"2015-06-18T21:03:06","guid":{"rendered":"http:\/\/www.fancyplants.de\/de\/?page_id=343"},"modified":"2019-10-15T08:51:15","modified_gmt":"2019-10-15T06:51:15","slug":"klappe","status":"publish","type":"page","link":"http:\/\/www.fancyplants.de\/de\/carnihome\/arten\/klappe\/","title":{"rendered":"Klappfallen"},"content":{"rendered":"<div class=\"fusion-fullwidth fullwidth-box fusion-builder-row-1 hundred-percent-fullwidth non-hundred-percent-height-scrolling\" style=\"--awb-border-radius-top-left:0px;--awb-border-radius-top-right:0px;--awb-border-radius-bottom-right:0px;--awb-border-radius-bottom-left:0px;--awb-overflow:visible;--awb-flex-wrap:wrap;\" ><div class=\"fusion-builder-row fusion-row\"><div class=\"fusion-layout-column fusion_builder_column fusion-builder-column-0 fusion_builder_column_1_1 1_1 fusion-one-full fusion-column-first fusion-column-last\" style=\"--awb-bg-size:cover;\"><div class=\"fusion-column-wrapper fusion-flex-column-wrapper-legacy\"><div class=\"fusion-title title fusion-title-1 fusion-title-text fusion-title-size-one\"><h1 class=\"fusion-title-heading title-heading-left\" style=\"margin:0;\">Klappfallen<\/h1><span class=\"awb-title-spacer\"><\/span><div class=\"title-sep-container\"><div class=\"title-sep sep-single sep-solid\" style=\"border-color:#3e3e3e;\"><\/div><\/div><\/div><div class=\"fusion-title title fusion-title-2 fusion-title-text fusion-title-size-two\"><h2 class=\"fusion-title-heading title-heading-left\" style=\"margin:0;\">Im \u00dcberblick<\/h2><span class=\"awb-title-spacer\"><\/span><div class=\"title-sep-container\"><div class=\"title-sep sep-single sep-solid\" style=\"border-color:#3e3e3e;\"><\/div><\/div><\/div><div class=\"fusion-text fusion-text-1\"><p>Das Prinzip der Klappfalle wird nur von zwei monotypischen Gattungen angewendet, n\u00e4mlich von der Venusfliegenfalle (<i>Dionaea muscipula<\/i>) und der aquatischen Wasserfalle (<i>Aldrovanda vesiculosa<\/i>). Mit einer Dauer von etwa 0,1 Sekunden geh\u00f6rt das Schlie\u00dfen einer Klappfalle mit zu den schnellsten Bewegungen im Pflanzenreich. Obgleich dieser Genialit\u00e4t handelt es sich bei Klappfallen nicht um eine moderne Erfindung der Evolution. In Tschechien wurden Fossilienfunde einer Vorstufe der heutigen Wasserfalle, der 65 Millionen Jahre alten <i>Palaeoaldrovanda splendens<\/i>, gemacht.<\/p>\n<p>Lassen Sie mich am Beispiel der Venusfliegenfalle den Fallenmechanismus erkl\u00e4ren. Bei der Wasserfalle funktioniert der Mechanismus nahezu identisch. Das Blatt einer Venusfliegenfalle besteht aus zwei Komponenten. Da w\u00e4re zum einen der verbreiterte Blattstiel und andererseits die eigentliche Blattspreite, welche die Falle darstellt und aus zwei miteinander verbundenen H\u00e4lften besteht. Jede H\u00e4lfte der Blattspreite weist zweierlei Borstentypen auf. Die steifen Randborsten und meist drei auf der Blattspreite liegende F\u00fchlborsten. Mittels Nektarproduktion und einer intensiv-roten F\u00e4rbung sowie einer UV-Signatur werden Insekten angelockt, die sich auf der Blattspreite niederlassen. Die F\u00fchlborsten sind mittels eines Gelenks auf der Blattspreite befestigt, hierdurch kann die F\u00fchlborste umklappen. Eine Bewegung der F\u00fchlborste wird mittels eines Sensors registriert. Wenn das Insekt eine F\u00fchlborste oder zwei verschiedene innerhalb von 20 Sekunden zweimal ber\u00fchrt, dann entsteht in der Blattspreite ein winziges elektrisches Signal, welches sich mit 10 cm\/Sekunde innerhalb der Blattspreite ausbreitet und zu einem Schluss der Falle f\u00fchrt. Das Zuklappen ist im Wesentlichen ein passiver Mechanismus. Es wird die Energie freigesetzt, die zuvor die Pflanze in das Ausbreiten der Falle investiert hat. Dabei ist es analog zu den Saugfallen des Wasserschlauchs. Die beiden Blattspreiten sind leicht konkav (nach innen gew\u00f6lbt), was durch ein um 10%-iges Zusammenziehen der Au\u00dfenseite im Vergleich zur Innenseite zustande kommt. Die genauen biochemischen und physiologischen Mechanismen, die ein Umschlagen der konkaven in eine konvexe Blattspreite bewirken, sind trotz intensiver Forschung immer noch nicht genau gekl\u00e4rt.<\/p>\n<p>Nach Ausl\u00f6sung der Falle befindet sich diese zun\u00e4chst einmal in einem intensiven Pr\u00fcfmodus, ehe sie in die Verwertungsphase \u00fcbertritt. Die Pflanze pr\u00fcft zun\u00e4chst zwei Dinge. Erstens: Wurde gerade \u00fcberhaupt ein Insekt gefangen oder handelt es sich um einen Fehlalarm. Zum Beispiel k\u00f6nnte nur ein herabfallendes Blatt die Falle ausgel\u00f6st haben oder das Insekt beim Zuschnappen doch noch entkommen sein. Es wird anhand chemischer und taktiler Sensoren die G\u00fcte des Opfers gepr\u00fcft. Nur wenn das Insekt in der n\u00e4chsten Zeit wiederholt die F\u00fchlborsten ber\u00fchrt, tritt die Falle in die zweite Phase ein. Zweitens: Es findet eine G\u00fcterabw\u00e4gung zwischen Aufwand und Nutzen statt. Der Verdauungsprozess kostet Energie, zudem ist die Falle f\u00fcr einige Tage belegt. Der Aufwand lohnt sich nur, wenn das Insekt eine gewisse Mindestgr\u00f6\u00dfe hat. Jetzt kommen die anf\u00e4nglich erw\u00e4hnten Randborsten wieder ins Spiel. Zun\u00e4chst ist der Fallenschluss nur soweit, dass die Randborsten ineinandergreifen, sich die Blattspreiten jedoch noch nicht ber\u00fchren. Eine kleine Ameise kann noch entkommen, eine fette Fliege nicht mehr.<\/p>\n<p>Beim Eintritt in die Verwertungsphase kommt es zu einem etwa 10%igen Wachstum der Falle, wodurch die zwei Blattspreiten fest aneinandergepresst werden und die Falle fl\u00fcssigkeitsdicht abgeschlossen wird. Es werden anschlie\u00dfend Verdauungsenzyme sezerniert, das Insekt verwertet und die Falle nach etwa einer Woche wieder ge\u00f6ffnet. Der verbliebene Chitinpanzer wird durch Regen oder Wind aus der Falle entfernt und die Falle ist f\u00fcr ihren n\u00e4chsten Einsatz ger\u00fcstet.<\/p>\n<\/div><div class=\"fusion-title title fusion-title-3 fusion-title-text fusion-title-size-two\"><h2 class=\"fusion-title-heading title-heading-left\" style=\"margin:0;\">Das erwartet Sie hier<\/h2><span class=\"awb-title-spacer\"><\/span><div class=\"title-sep-container\"><div class=\"title-sep sep-single sep-solid\" style=\"border-color:#3e3e3e;\"><\/div><\/div><\/div><div class=\"fusion-clearfix\"><\/div><\/div><\/div><div class=\"fusion-layout-column fusion_builder_column fusion-builder-column-1 fusion_builder_column_1_3 1_3 fusion-one-third fusion-column-first\" style=\"--awb-bg-size:cover;width:30.6666%; margin-right: 4%;\"><div class=\"fusion-column-wrapper fusion-flex-column-wrapper-legacy\">\t\t\t\t\t<div class=\"fusion-slider-container fusion-slider-sc-tsm55 fusion-slider-57 full-width-slider\" style=\"height:300px; max-width:100%;\" data-id=\"57\" data-full_height=\"\">\n\t\t\t\t\t\t<style type=\"text\/css\">.fusion-slider-57 .flex-direction-nav a {width:63px;height:63px;line-height:63px;font-size:25px;}<\/style>\t\t\t\t\t\t<div class=\"fusion-slider-loading\">Laden...<\/div>\n\t\t\t\t\t\t<div class=\"tfs-slider flexslider main-flex full-width-slider\" data-slider_width=\"100%\" data-slider_height=\"300px\" data-full_screen=\"\" data-nav_box_width=\"63px\" data-nav_box_height=\"63px\" data-nav_arrow_size=\"25px\" style=\"max-width:100%;\">\n\t\t\t\t\t\t\t<ul class=\"slides\">\n\t\t\t\t\t\t\t\t\t\t\t\t\t\t\t\t\t<li data-mute=\"yes\" data-loop=\"yes\" data-autoplay=\"yes\">\n\t\t\t\t\t\t\t\t\t\t<div class=\"slide-content-container slide-content-center\" style=\"display: none;\">\n\t\t\t\t\t\t\t\t\t\t\t<div class=\"slide-content\" style=\"\">\n\t\t\t\t\t\t\t\t\t\t\t\t\t\t\t\t\t\t\t\t\t\t\t\t\t<div class=\"heading with-bg\">\n\t\t\t\t\t\t\t\t\t\t\t\t\t\t<div class=\"fusion-title-sc-wrapper\" style=\"background-color: rgba(0,0,0, 0.4);\">\n\t\t\t\t\t\t\t\t\t\t\t\t\t\t\t<div class=\"fusion-title title fusion-title-4 fusion-sep-none fusion-title-center fusion-title-text fusion-title-size-two\" style=\"--awb-margin-bottom:0px;--awb-font-size:36px;\"><h2 class=\"fusion-title-heading title-heading-center\" style=\"margin:0;font-size:1em;line-height:43.2px;\">Venusfliegenfalle  (<i>Dionaea muscipula<\/i>).<\/h2><\/div>\t\t\t\t\t\t\t\t\t\t\t\t\t\t<\/div>\n\t\t\t\t\t\t\t\t\t\t\t\t\t<\/div>\n\t\t\t\t\t\t\t\t\t\t\t\t\t\t\t\t\t\t\t\t\t\t\t\t\t\t\t\t\t\t\t\t\t\t\t\t\t<div class=\"caption with-bg\">\n\t\t\t\t\t\t\t\t\t\t\t\t\t\t<div class=\"fusion-title-sc-wrapper\" style=\"background-color: rgba(0, 0, 0, 0.4);\">\n\t\t\t\t\t\t\t\t\t\t\t\t\t\t\t<div class=\"fusion-title title fusion-title-5 fusion-sep-none fusion-title-center fusion-title-text fusion-title-size-three\" style=\"--awb-margin-bottom:0px;--awb-font-size:20px;\"><h3 class=\"fusion-title-heading title-heading-center\" style=\"margin:0;font-size:1em;line-height:24px;\">Die fleischfressende Pflanze schlechthin. Faszinierende Pflanze von der amerikanischen Ostk\u00fcste mit einer der schnellsten Bewegungen im Pflanzenreich.<br><br><br><br><br><br><\/h3><\/div>\t\t\t\t\t\t\t\t\t\t\t\t\t\t<\/div>\n\t\t\t\t\t\t\t\t\t\t\t\t\t<\/div>\n\t\t\t\t\t\t\t\t\t\t\t\t\t\t\t\t\t\t\t\t\t\t\t\t\t\t\t\t\t\t\t\t\t\t\t\t\t<div class=\"buttons\" >\n\t\t\t\t\t\t\t\t\t\t\t\t\t\t\t\t\t\t\t\t\t\t\t\t\t\t\t\t\t<div class=\"tfs-button-1\"><div class=\"fusion-button-wrapper\"><a class=\"fusion-button button-flat fusion-button-default-size button-default fusion-button-default button-1 fusion-button-default-span fusion-button-default-type\" target=\"_self\" href=\".\/dionaea\"><span class=\"fusion-button-text\">Erfahren Sie mehr.<\/span><\/a><\/div><\/div>\n\t\t\t\t\t\t\t\t\t\t\t\t\t\t\t\t\t\t\t\t\t\t\t\t\t\t\t\t\t\t\t\t\t\t\t\t\t\t\t\t\t<\/div>\n\t\t\t\t\t\t\t\t\t\t\t\t\t\t\t\t\t\t\t\t\t\t\t<\/div>\n\t\t\t\t\t\t\t\t\t\t<\/div>\n\t\t\t\t\t\t\t\t\t\t\t\t\t\t\t\t\t\t\t\t\t\t\t\t\t\t\t\t\t\t\t\t\t\t\t\t\t\t\t\t<div class=\"background background-image\" style=\"background-image: url(http:\/\/www.fancyplants.de\/de\/wp-content\/uploads\/2015\/10\/dionaea1.jpg);max-width:100%;height:300px;filter: progid:DXImageTransform.Microsoft.AlphaImageLoader(src='http:\/\/www.fancyplants.de\/de\/wp-content\/uploads\/2015\/10\/dionaea1.jpg', sizingMethod='scale');\" data-imgwidth=\"368\">\n\t\t\t\t\t\t\t\t\t\t\t\t\t\t\t\t\t\t\t\t\t\t\t\t\t\t\t\t\t\t\t\t\t\t\t\t\t\t\t\t\t\t\t\t\t\t\t\t\t\t\t\t\t\t\t\t\t\t\t\t\t\t\t\t\t\t<\/div>\n\t\t\t\t\t\t\t\t\t<\/li>\n\t\t\t\t\t\t\t\t\t\t\t\t\t\t\t\t\t\t\t\t\t\t\t<\/ul>\n\t\t\t\t\t\t<\/div>\n\t\t\t\t\t<\/div>\n\t\t\t\t\t\t\t\t<div class=\"fusion-clearfix\"><\/div><\/div><\/div><div class=\"fusion-layout-column fusion_builder_column fusion-builder-column-2 fusion_builder_column_1_3 1_3 fusion-one-third\" style=\"--awb-bg-size:cover;width:30.6666%; margin-right: 4%;\"><div class=\"fusion-column-wrapper fusion-flex-column-wrapper-legacy\">\t\t\t\t\t<div class=\"fusion-slider-container fusion-slider-sc-tsm54 fusion-slider-56 full-width-slider\" style=\"height:300px; max-width:100%;\" data-id=\"56\" data-full_height=\"\">\n\t\t\t\t\t\t<style type=\"text\/css\">.fusion-slider-56 .flex-direction-nav a {width:63px;height:63px;line-height:63px;font-size:25px;}<\/style>\t\t\t\t\t\t<div class=\"fusion-slider-loading\">Laden...<\/div>\n\t\t\t\t\t\t<div class=\"tfs-slider flexslider main-flex full-width-slider\" data-slider_width=\"100%\" data-slider_height=\"300px\" data-full_screen=\"\" data-nav_box_width=\"63px\" data-nav_box_height=\"63px\" data-nav_arrow_size=\"25px\" style=\"max-width:100%;\">\n\t\t\t\t\t\t\t<ul class=\"slides\">\n\t\t\t\t\t\t\t\t\t\t\t\t\t\t\t\t\t<li data-mute=\"yes\" data-loop=\"yes\" data-autoplay=\"yes\">\n\t\t\t\t\t\t\t\t\t\t<div class=\"slide-content-container slide-content-center\" style=\"display: none;\">\n\t\t\t\t\t\t\t\t\t\t\t<div class=\"slide-content\" style=\"\">\n\t\t\t\t\t\t\t\t\t\t\t\t\t\t\t\t\t\t\t\t\t\t\t\t\t<div class=\"heading with-bg\">\n\t\t\t\t\t\t\t\t\t\t\t\t\t\t<div class=\"fusion-title-sc-wrapper\" style=\"background-color: rgba(0,0,0, 0.4);\">\n\t\t\t\t\t\t\t\t\t\t\t\t\t\t\t<div class=\"fusion-title title fusion-title-6 fusion-sep-none fusion-title-center fusion-title-text fusion-title-size-two\" style=\"--awb-margin-bottom:0px;--awb-font-size:36px;\"><h2 class=\"fusion-title-heading title-heading-center\" style=\"margin:0;font-size:1em;line-height:43.2px;\">Wasserfalle (<i>Aldrovanda vesiculosa<\/i>).<\/h2><\/div>\t\t\t\t\t\t\t\t\t\t\t\t\t\t<\/div>\n\t\t\t\t\t\t\t\t\t\t\t\t\t<\/div>\n\t\t\t\t\t\t\t\t\t\t\t\t\t\t\t\t\t\t\t\t\t\t\t\t\t\t\t\t\t\t\t\t\t\t\t\t\t<div class=\"caption with-bg\">\n\t\t\t\t\t\t\t\t\t\t\t\t\t\t<div class=\"fusion-title-sc-wrapper\" style=\"background-color: rgba(0, 0, 0, 0.4);\">\n\t\t\t\t\t\t\t\t\t\t\t\t\t\t\t<div class=\"fusion-title title fusion-title-7 fusion-sep-none fusion-title-center fusion-title-text fusion-title-size-three\" style=\"--awb-margin-bottom:0px;--awb-font-size:20px;\"><h3 class=\"fusion-title-heading title-heading-center\" style=\"margin:0;font-size:1em;line-height:24px;\">Eine Wasserpflanze mit winzigen Klappfallen. Ehemals kam sie auch in Deutschland vor, ist hier aber seit ein paar Jahren ausgestorben.<br><br><br><br><br><br><br><\/h3><\/div>\t\t\t\t\t\t\t\t\t\t\t\t\t\t<\/div>\n\t\t\t\t\t\t\t\t\t\t\t\t\t<\/div>\n\t\t\t\t\t\t\t\t\t\t\t\t\t\t\t\t\t\t\t\t\t\t\t\t\t\t\t\t\t\t\t\t\t\t\t\t\t<div class=\"buttons\" >\n\t\t\t\t\t\t\t\t\t\t\t\t\t\t\t\t\t\t\t\t\t\t\t\t\t\t\t\t\t<div class=\"tfs-button-1\"><div class=\"fusion-button-wrapper\"><a class=\"fusion-button button-flat fusion-button-default-size button-default fusion-button-default button-2 fusion-button-default-span fusion-button-default-type\" target=\"_self\" href=\".\/aldrovanda\"><span class=\"fusion-button-text\">Erfahren Sie mehr.<\/span><\/a><\/div><\/div>\n\t\t\t\t\t\t\t\t\t\t\t\t\t\t\t\t\t\t\t\t\t\t\t\t\t\t\t\t\t\t\t\t\t\t\t\t\t\t\t\t\t<\/div>\n\t\t\t\t\t\t\t\t\t\t\t\t\t\t\t\t\t\t\t\t\t\t\t<\/div>\n\t\t\t\t\t\t\t\t\t\t<\/div>\n\t\t\t\t\t\t\t\t\t\t\t\t\t\t\t\t\t\t\t\t\t\t\t\t\t\t\t\t\t\t\t\t\t\t\t\t\t\t\t\t<div class=\"background background-image\" style=\"background-image: url(http:\/\/www.fancyplants.de\/de\/wp-content\/uploads\/2015\/10\/alrdovanda1.jpg);max-width:100%;height:300px;filter: progid:DXImageTransform.Microsoft.AlphaImageLoader(src='http:\/\/www.fancyplants.de\/de\/wp-content\/uploads\/2015\/10\/alrdovanda1.jpg', sizingMethod='scale');\" data-imgwidth=\"368\">\n\t\t\t\t\t\t\t\t\t\t\t\t\t\t\t\t\t\t\t\t\t\t\t\t\t\t\t\t\t\t\t\t\t\t\t\t\t\t\t\t\t\t\t\t\t\t\t\t\t\t\t\t\t\t\t\t\t\t\t\t\t\t\t\t\t\t<\/div>\n\t\t\t\t\t\t\t\t\t<\/li>\n\t\t\t\t\t\t\t\t\t\t\t\t\t\t\t\t\t\t\t\t\t\t\t<\/ul>\n\t\t\t\t\t\t<\/div>\n\t\t\t\t\t<\/div>\n\t\t\t\t\t\t\t\t<div class=\"fusion-clearfix\"><\/div><\/div><\/div><\/div><\/div>","protected":false},"excerpt":{"rendered":"","protected":false},"author":1,"featured_media":0,"parent":15,"menu_order":0,"comment_status":"open","ping_status":"open","template":"","meta":{"footnotes":""},"class_list":["post-343","page","type-page","status-publish","hentry"],"yoast_head":"<!-- This site is optimized with the Yoast SEO plugin v26.9 - https:\/\/yoast.com\/product\/yoast-seo-wordpress\/ -->\n<title>Klappfallen - Fancy Plants - Deutsch<\/title>\n<meta name=\"description\" content=\"Detailierte Beschreibung des Mechanismus von Klappfallen bei fleischfressenden Pflanzen.\" \/>\n<meta name=\"robots\" content=\"index, follow, max-snippet:-1, max-image-preview:large, max-video-preview:-1\" \/>\n<link rel=\"canonical\" href=\"http:\/\/www.fancyplants.de\/de\/carnihome\/arten\/klappe\/\" \/>\n<meta property=\"og:locale\" content=\"de_DE\" \/>\n<meta property=\"og:type\" content=\"article\" \/>\n<meta property=\"og:title\" content=\"Klappfallen - Fancy Plants - Deutsch\" \/>\n<meta property=\"og:description\" content=\"Detailierte Beschreibung des Mechanismus von Klappfallen bei fleischfressenden Pflanzen.\" \/>\n<meta property=\"og:url\" content=\"http:\/\/www.fancyplants.de\/de\/carnihome\/arten\/klappe\/\" \/>\n<meta property=\"og:site_name\" content=\"Fancy Plants - Deutsch\" \/>\n<meta property=\"article:modified_time\" content=\"2019-10-15T06:51:15+00:00\" \/>\n<meta name=\"twitter:card\" content=\"summary_large_image\" \/>\n<meta name=\"twitter:label1\" content=\"Gesch\u00e4tzte Lesezeit\" \/>\n\t<meta name=\"twitter:data1\" content=\"4\u00a0Minuten\" \/>\n<script type=\"application\/ld+json\" class=\"yoast-schema-graph\">{\"@context\":\"https:\/\/schema.org\",\"@graph\":[{\"@type\":\"WebPage\",\"@id\":\"http:\/\/www.fancyplants.de\/de\/carnihome\/arten\/klappe\/\",\"url\":\"http:\/\/www.fancyplants.de\/de\/carnihome\/arten\/klappe\/\",\"name\":\"Klappfallen - Fancy Plants - Deutsch\",\"isPartOf\":{\"@id\":\"http:\/\/www.fancyplants.de\/de\/#website\"},\"datePublished\":\"2015-06-18T21:03:06+00:00\",\"dateModified\":\"2019-10-15T06:51:15+00:00\",\"description\":\"Detailierte Beschreibung des Mechanismus von Klappfallen bei fleischfressenden Pflanzen.\",\"breadcrumb\":{\"@id\":\"http:\/\/www.fancyplants.de\/de\/carnihome\/arten\/klappe\/#breadcrumb\"},\"inLanguage\":\"de\",\"potentialAction\":[{\"@type\":\"ReadAction\",\"target\":[\"http:\/\/www.fancyplants.de\/de\/carnihome\/arten\/klappe\/\"]}]},{\"@type\":\"BreadcrumbList\",\"@id\":\"http:\/\/www.fancyplants.de\/de\/carnihome\/arten\/klappe\/#breadcrumb\",\"itemListElement\":[{\"@type\":\"ListItem\",\"position\":1,\"name\":\"Home\",\"item\":\"http:\/\/www.fancyplants.de\/de\/\"},{\"@type\":\"ListItem\",\"position\":2,\"name\":\"Insektivoren\",\"item\":\"http:\/\/www.fancyplants.de\/de\/carnihome\/\"},{\"@type\":\"ListItem\",\"position\":3,\"name\":\"Arten\",\"item\":\"http:\/\/www.fancyplants.de\/de\/carnihome\/arten\/\"},{\"@type\":\"ListItem\",\"position\":4,\"name\":\"Klappfallen\"}]},{\"@type\":\"WebSite\",\"@id\":\"http:\/\/www.fancyplants.de\/de\/#website\",\"url\":\"http:\/\/www.fancyplants.de\/de\/\",\"name\":\"Fancy Plants - Deutsch\",\"description\":\"Eine weitere WordPress-Seite\",\"potentialAction\":[{\"@type\":\"SearchAction\",\"target\":{\"@type\":\"EntryPoint\",\"urlTemplate\":\"http:\/\/www.fancyplants.de\/de\/?s={search_term_string}\"},\"query-input\":{\"@type\":\"PropertyValueSpecification\",\"valueRequired\":true,\"valueName\":\"search_term_string\"}}],\"inLanguage\":\"de\"}]}<\/script>\n<!-- \/ Yoast SEO plugin. -->","yoast_head_json":{"title":"Klappfallen - Fancy Plants - Deutsch","description":"Detailierte Beschreibung des Mechanismus von Klappfallen bei fleischfressenden Pflanzen.","robots":{"index":"index","follow":"follow","max-snippet":"max-snippet:-1","max-image-preview":"max-image-preview:large","max-video-preview":"max-video-preview:-1"},"canonical":"http:\/\/www.fancyplants.de\/de\/carnihome\/arten\/klappe\/","og_locale":"de_DE","og_type":"article","og_title":"Klappfallen - Fancy Plants - Deutsch","og_description":"Detailierte Beschreibung des Mechanismus von Klappfallen bei fleischfressenden Pflanzen.","og_url":"http:\/\/www.fancyplants.de\/de\/carnihome\/arten\/klappe\/","og_site_name":"Fancy Plants - Deutsch","article_modified_time":"2019-10-15T06:51:15+00:00","twitter_card":"summary_large_image","twitter_misc":{"Gesch\u00e4tzte Lesezeit":"4\u00a0Minuten"},"schema":{"@context":"https:\/\/schema.org","@graph":[{"@type":"WebPage","@id":"http:\/\/www.fancyplants.de\/de\/carnihome\/arten\/klappe\/","url":"http:\/\/www.fancyplants.de\/de\/carnihome\/arten\/klappe\/","name":"Klappfallen - Fancy Plants - Deutsch","isPartOf":{"@id":"http:\/\/www.fancyplants.de\/de\/#website"},"datePublished":"2015-06-18T21:03:06+00:00","dateModified":"2019-10-15T06:51:15+00:00","description":"Detailierte Beschreibung des Mechanismus von Klappfallen bei fleischfressenden Pflanzen.","breadcrumb":{"@id":"http:\/\/www.fancyplants.de\/de\/carnihome\/arten\/klappe\/#breadcrumb"},"inLanguage":"de","potentialAction":[{"@type":"ReadAction","target":["http:\/\/www.fancyplants.de\/de\/carnihome\/arten\/klappe\/"]}]},{"@type":"BreadcrumbList","@id":"http:\/\/www.fancyplants.de\/de\/carnihome\/arten\/klappe\/#breadcrumb","itemListElement":[{"@type":"ListItem","position":1,"name":"Home","item":"http:\/\/www.fancyplants.de\/de\/"},{"@type":"ListItem","position":2,"name":"Insektivoren","item":"http:\/\/www.fancyplants.de\/de\/carnihome\/"},{"@type":"ListItem","position":3,"name":"Arten","item":"http:\/\/www.fancyplants.de\/de\/carnihome\/arten\/"},{"@type":"ListItem","position":4,"name":"Klappfallen"}]},{"@type":"WebSite","@id":"http:\/\/www.fancyplants.de\/de\/#website","url":"http:\/\/www.fancyplants.de\/de\/","name":"Fancy Plants - Deutsch","description":"Eine weitere WordPress-Seite","potentialAction":[{"@type":"SearchAction","target":{"@type":"EntryPoint","urlTemplate":"http:\/\/www.fancyplants.de\/de\/?s={search_term_string}"},"query-input":{"@type":"PropertyValueSpecification","valueRequired":true,"valueName":"search_term_string"}}],"inLanguage":"de"}]}},"_links":{"self":[{"href":"http:\/\/www.fancyplants.de\/de\/wp-json\/wp\/v2\/pages\/343","targetHints":{"allow":["GET"]}}],"collection":[{"href":"http:\/\/www.fancyplants.de\/de\/wp-json\/wp\/v2\/pages"}],"about":[{"href":"http:\/\/www.fancyplants.de\/de\/wp-json\/wp\/v2\/types\/page"}],"author":[{"embeddable":true,"href":"http:\/\/www.fancyplants.de\/de\/wp-json\/wp\/v2\/users\/1"}],"replies":[{"embeddable":true,"href":"http:\/\/www.fancyplants.de\/de\/wp-json\/wp\/v2\/comments?post=343"}],"version-history":[{"count":1,"href":"http:\/\/www.fancyplants.de\/de\/wp-json\/wp\/v2\/pages\/343\/revisions"}],"predecessor-version":[{"id":3088,"href":"http:\/\/www.fancyplants.de\/de\/wp-json\/wp\/v2\/pages\/343\/revisions\/3088"}],"up":[{"embeddable":true,"href":"http:\/\/www.fancyplants.de\/de\/wp-json\/wp\/v2\/pages\/15"}],"wp:attachment":[{"href":"http:\/\/www.fancyplants.de\/de\/wp-json\/wp\/v2\/media?parent=343"}],"curies":[{"name":"wp","href":"https:\/\/api.w.org\/{rel}","templated":true}]}}