{"id":29,"date":"2015-06-15T21:38:07","date_gmt":"2015-06-15T19:38:07","guid":{"rendered":"http:\/\/www.fancyplants.de\/de\/?page_id=29"},"modified":"2019-10-15T08:51:30","modified_gmt":"2019-10-15T06:51:30","slug":"exotichome","status":"publish","type":"page","link":"http:\/\/www.fancyplants.de\/de\/exotichome\/","title":{"rendered":"Exotische Nutzpflanzen"},"content":{"rendered":"<div class=\"fusion-fullwidth fullwidth-box fusion-builder-row-1 hundred-percent-fullwidth non-hundred-percent-height-scrolling\" style=\"--awb-border-radius-top-left:0px;--awb-border-radius-top-right:0px;--awb-border-radius-bottom-right:0px;--awb-border-radius-bottom-left:0px;--awb-overflow:visible;--awb-flex-wrap:wrap;\" ><div class=\"fusion-builder-row fusion-row\"><div class=\"fusion-layout-column fusion_builder_column fusion-builder-column-0 fusion_builder_column_1_1 1_1 fusion-one-full fusion-column-first fusion-column-last\" style=\"--awb-bg-size:cover;\"><div class=\"fusion-column-wrapper fusion-flex-column-wrapper-legacy\"><div class=\"fusion-title title fusion-title-1 fusion-title-text fusion-title-size-one\"><h1 class=\"fusion-title-heading title-heading-left\" style=\"margin:0;\">Exotische Nutzpflanzen<\/h1><span class=\"awb-title-spacer\"><\/span><div class=\"title-sep-container\"><div class=\"title-sep sep-single sep-solid\" style=\"border-color:#3e3e3e;\"><\/div><\/div><\/div><div class=\"fusion-title title fusion-title-2 fusion-title-text fusion-title-size-two\"><h2 class=\"fusion-title-heading title-heading-left\" style=\"margin:0;\">Im \u00dcberblick<\/h2><span class=\"awb-title-spacer\"><\/span><div class=\"title-sep-container\"><div class=\"title-sep sep-single sep-solid\" style=\"border-color:#3e3e3e;\"><\/div><\/div><\/div><div class=\"fusion-text fusion-text-1\"><p>Haben Sie schon einmal eine in Deutschland gereifte Maracuja gegessen? Nicht? Dabei ist es nicht schwer aus einer Maracuja aus der Obstabteilung eine Pflanze zu ziehen, die nach zwei bis drei Jahren in einem warmen Sommer auch hier einige Fr\u00fcchte ansetzt. Die Anzucht exotischer Pflanzen aus Fr\u00fcchten ist wirklich nicht schwer und gelingt bei nahezu allen Arten. Einmal damit angefangen verh\u00e4lt es sich mit der Zeit wie eine kleine Sucht oder eine Sammelleidenschaft. Man nimmt immer wieder neue Herausforderungen an.<\/p>\n<p>Pflanzen aus exotischen Fr\u00fcchten selber zu ziehen ist bei den meisten Arten wirklich nicht schwer, nur wenige Arten verhalten sich wie kleine Diven. Neben dieser generativen Vermehrungsmethode lassen sich einige Pflanzen auch vegetativ vermehren, d.h. diese lassen sich aus Pflanzenteilen vermehren. Als Beispiel sei die S\u00fc\u00dfkartoffel bzw. Batate oder der Ingwer genannt, aus deren Speicherorganen ebenso zuverl\u00e4ssig eine neue Pflanze heranw\u00e4chst wie aus einer Kartoffel, wenn sie eingepflanzt werden. Aber auch aus dem Schopf einer Ananas l\u00e4sst sich ziemlich leicht eine neue Pflanze heranziehen.<\/p>\n<p>Bei der generativen Vermehrung, also einer Vermehrung aus Samen, beschr\u00e4nkt sich die Palette nicht nur auf die \u00fcblicherweise in der Obstabteilung eines Discounters angebotenen Fr\u00fcchte. Gro\u00dfe Kaufh\u00e4user oder spezielle Obsth\u00e4ndler bieten saisonal neben den &#8222;Standardexoten&#8220; oft eine ganze Reihe weiterer Fr\u00fcchte an. Diese sind meist im Winter anzutreffen, da sich einerseits die Fr\u00fcchte im Sommer zur Konkurrenz einheimischer Obstsorten befinden und somit schlechter verkaufen, andererseits entstammen diese Arten meist der S\u00fcdhalbkugel, so dass sie vor allem dann reifen, wenn in Deutschland Winter ist.<\/p>\n<p>Wer nicht die Geduld f\u00fcr eine langj\u00e4hrige Anzucht aufbringt, kann nahezu von allen Arten gr\u00f6\u00dfere Pflanze k\u00e4uflich erwerben. Inzwischen existieren einige Spezialg\u00e4rtnereien, die sich auf diese Pflanzengruppe fokussiert haben.<\/p>\n<p>Ebenso einfach wie die Anzucht exotischer Nutzpflanzen gestaltet sich meist deren weitere Kultivierung. Innerhalb von zwei bis vier Jahren wachsen viele S\u00e4mlinge schon zu recht stattlichen Pflanzen heran, die dann das erste Mal bl\u00fchen und mit etwas Gl\u00fcck auch einige Fr\u00fcchte ansetzen. Nur bei wenigen Arten bedarf es f\u00fcr eine langj\u00e4hrige Kultur des Einsatzes von High-Tech oder eines Tropenhauses. Die meisten Arten lassen sich im Sommer problemlos im Freien halten und im Winter unbeschadet im Haus \u00fcberwintern.<\/p>\n<p>Seit Jahren besch\u00e4ftige ich mich mit der Kultivierung aus Fr\u00fcchten selbst gezogener Pflanzen. Auf den folgenden Seiten will ich Ihnen meine Erfahrungen dazu n\u00e4herbringen.<\/p>\n<p>Das gr\u00f6\u00dfte Problem in der l\u00e4ngeren Kultivierung stellt die \u00dcberwinterung dar. Die Pflanzen sind daher in winterharte und nicht winterharte Arten unterteilt.<\/p>\n<\/div><div class=\"fusion-title title fusion-title-3 fusion-title-text fusion-title-size-two\"><h2 class=\"fusion-title-heading title-heading-left\" style=\"margin:0;\">Das erwartet Sie hier<\/h2><span class=\"awb-title-spacer\"><\/span><div class=\"title-sep-container\"><div class=\"title-sep sep-single sep-solid\" style=\"border-color:#3e3e3e;\"><\/div><\/div><\/div><div class=\"fusion-clearfix\"><\/div><\/div><\/div><div class=\"fusion-layout-column fusion_builder_column fusion-builder-column-1 fusion_builder_column_1_3 1_3 fusion-one-third fusion-column-first\" style=\"--awb-bg-size:cover;width:30.6666%; margin-right: 4%;\"><div class=\"fusion-column-wrapper fusion-flex-column-wrapper-legacy\">\t\t\t\t\t<div class=\"fusion-slider-container fusion-slider-sc-tsm16 fusion-slider-14 full-width-slider\" style=\"height:300px; max-width:100%;\" data-id=\"14\" data-full_height=\"\">\n\t\t\t\t\t\t<style type=\"text\/css\">.fusion-slider-14 .flex-direction-nav a {width:63px;height:63px;line-height:63px;font-size:25px;}<\/style>\t\t\t\t\t\t<div class=\"fusion-slider-loading\">Laden...<\/div>\n\t\t\t\t\t\t<div class=\"tfs-slider flexslider main-flex full-width-slider\" data-slider_width=\"100%\" data-slider_height=\"300px\" data-full_screen=\"\" data-nav_box_width=\"63px\" data-nav_box_height=\"63px\" data-nav_arrow_size=\"25px\" style=\"max-width:100%;\">\n\t\t\t\t\t\t\t<ul class=\"slides\">\n\t\t\t\t\t\t\t\t\t\t\t\t\t\t\t\t\t<li data-mute=\"yes\" data-loop=\"yes\" data-autoplay=\"yes\">\n\t\t\t\t\t\t\t\t\t\t<div class=\"slide-content-container slide-content-center\" style=\"display: none;\">\n\t\t\t\t\t\t\t\t\t\t\t<div class=\"slide-content\" style=\"\">\n\t\t\t\t\t\t\t\t\t\t\t\t\t\t\t\t\t\t\t\t\t\t\t\t\t<div class=\"heading with-bg\">\n\t\t\t\t\t\t\t\t\t\t\t\t\t\t<div class=\"fusion-title-sc-wrapper\" style=\"background-color: rgba(0,0,0, 0.4);\">\n\t\t\t\t\t\t\t\t\t\t\t\t\t\t\t<div class=\"fusion-title title fusion-title-4 fusion-sep-none fusion-title-center fusion-title-text fusion-title-size-two\" style=\"--awb-margin-bottom:0px;--awb-font-size:36px;\"><h2 class=\"fusion-title-heading title-heading-center\" style=\"margin:0;font-size:1em;line-height:43.2px;\">Nicht-winterharte Arten.<\/h2><\/div>\t\t\t\t\t\t\t\t\t\t\t\t\t\t<\/div>\n\t\t\t\t\t\t\t\t\t\t\t\t\t<\/div>\n\t\t\t\t\t\t\t\t\t\t\t\t\t\t\t\t\t\t\t\t\t\t\t\t\t\t\t\t\t\t\t\t\t\t\t\t\t<div class=\"caption with-bg\">\n\t\t\t\t\t\t\t\t\t\t\t\t\t\t<div class=\"fusion-title-sc-wrapper\" style=\"background-color: rgba(0, 0, 0, 0.4);\">\n\t\t\t\t\t\t\t\t\t\t\t\t\t\t\t<div class=\"fusion-title title fusion-title-5 fusion-sep-none fusion-title-center fusion-title-text fusion-title-size-three\" style=\"--awb-margin-bottom:0px;--awb-font-size:20px;\"><h3 class=\"fusion-title-heading title-heading-center\" style=\"margin:0;font-size:1em;line-height:24px;\">Viele exotische Pflanzen lassen sich aus Samen selber anziehen. Mitunter belohnen die so gezogenen Pflanzen die M\u00fche nach einiger Zeit mit reicher Ernte.<br><br><br><br><br><br><\/h3><\/div>\t\t\t\t\t\t\t\t\t\t\t\t\t\t<\/div>\n\t\t\t\t\t\t\t\t\t\t\t\t\t<\/div>\n\t\t\t\t\t\t\t\t\t\t\t\t\t\t\t\t\t\t\t\t\t\t\t\t\t\t\t\t\t\t\t\t\t\t\t\t\t<div class=\"buttons\" >\n\t\t\t\t\t\t\t\t\t\t\t\t\t\t\t\t\t\t\t\t\t\t\t\t\t\t\t\t\t<div class=\"tfs-button-1\"><div class=\"fusion-button-wrapper\"><a class=\"fusion-button button-flat fusion-button-default-size button-default fusion-button-default button-1 fusion-button-default-span fusion-button-default-type\" target=\"_self\" href=\".\/nwhspec\"><span class=\"fusion-button-text\">Erfahren Sie mehr.<\/span><\/a><\/div><\/div>\n\t\t\t\t\t\t\t\t\t\t\t\t\t\t\t\t\t\t\t\t\t\t\t\t\t\t\t\t\t\t\t\t\t\t\t\t\t\t\t\t\t<\/div>\n\t\t\t\t\t\t\t\t\t\t\t\t\t\t\t\t\t\t\t\t\t\t\t<\/div>\n\t\t\t\t\t\t\t\t\t\t<\/div>\n\t\t\t\t\t\t\t\t\t\t\t\t\t\t\t\t\t\t\t\t\t\t\t\t\t\t\t\t\t\t\t\t\t\t\t\t\t\t\t\t<div class=\"background background-image\" style=\"background-image: url(http:\/\/www.fancyplants.de\/de\/wp-content\/uploads\/2015\/07\/maracuja1.jpg);max-width:100%;height:300px;filter: progid:DXImageTransform.Microsoft.AlphaImageLoader(src='http:\/\/www.fancyplants.de\/de\/wp-content\/uploads\/2015\/07\/maracuja1.jpg', sizingMethod='scale');\" data-imgwidth=\"368\">\n\t\t\t\t\t\t\t\t\t\t\t\t\t\t\t\t\t\t\t\t\t\t\t\t\t\t\t\t\t\t\t\t\t\t\t\t\t\t\t\t\t\t\t\t\t\t\t\t\t\t\t\t\t\t\t\t\t\t\t\t\t\t\t\t\t\t<\/div>\n\t\t\t\t\t\t\t\t\t<\/li>\n\t\t\t\t\t\t\t\t\t\t\t\t\t\t\t\t\t\t\t\t\t\t\t<\/ul>\n\t\t\t\t\t\t<\/div>\n\t\t\t\t\t<\/div>\n\t\t\t\t\t\t\t\t<div class=\"fusion-clearfix\"><\/div><\/div><\/div><div class=\"fusion-layout-column fusion_builder_column fusion-builder-column-2 fusion_builder_column_1_3 1_3 fusion-one-third\" style=\"--awb-bg-size:cover;width:30.6666%; margin-right: 4%;\"><div class=\"fusion-column-wrapper fusion-flex-column-wrapper-legacy\">\t\t\t\t\t<div class=\"fusion-slider-container fusion-slider-sc-tsm17 fusion-slider-15 full-width-slider\" style=\"height:300px; max-width:100%;\" data-id=\"15\" data-full_height=\"\">\n\t\t\t\t\t\t<style type=\"text\/css\">.fusion-slider-15 .flex-direction-nav a {width:63px;height:63px;line-height:63px;font-size:25px;}<\/style>\t\t\t\t\t\t<div class=\"fusion-slider-loading\">Laden...<\/div>\n\t\t\t\t\t\t<div class=\"tfs-slider flexslider main-flex full-width-slider\" data-slider_width=\"100%\" data-slider_height=\"300px\" data-full_screen=\"\" data-nav_box_width=\"63px\" data-nav_box_height=\"63px\" data-nav_arrow_size=\"25px\" style=\"max-width:100%;\">\n\t\t\t\t\t\t\t<ul class=\"slides\">\n\t\t\t\t\t\t\t\t\t\t\t\t\t\t\t\t\t<li data-mute=\"yes\" data-loop=\"yes\" data-autoplay=\"yes\">\n\t\t\t\t\t\t\t\t\t\t<div class=\"slide-content-container slide-content-center\" style=\"display: none;\">\n\t\t\t\t\t\t\t\t\t\t\t<div class=\"slide-content\" style=\"\">\n\t\t\t\t\t\t\t\t\t\t\t\t\t\t\t\t\t\t\t\t\t\t\t\t\t<div class=\"heading with-bg\">\n\t\t\t\t\t\t\t\t\t\t\t\t\t\t<div class=\"fusion-title-sc-wrapper\" style=\"background-color: rgba(0,0,0, 0.4);\">\n\t\t\t\t\t\t\t\t\t\t\t\t\t\t\t<div class=\"fusion-title title fusion-title-6 fusion-sep-none fusion-title-center fusion-title-text fusion-title-size-two\" style=\"--awb-margin-bottom:0px;--awb-font-size:36px;\"><h2 class=\"fusion-title-heading title-heading-center\" style=\"margin:0;font-size:1em;line-height:43.2px;\">Winterharte Arten.\r\n<br><br><\/h2><\/div>\t\t\t\t\t\t\t\t\t\t\t\t\t\t<\/div>\n\t\t\t\t\t\t\t\t\t\t\t\t\t<\/div>\n\t\t\t\t\t\t\t\t\t\t\t\t\t\t\t\t\t\t\t\t\t\t\t\t\t\t\t\t\t\t\t\t\t\t\t\t\t<div class=\"caption with-bg\">\n\t\t\t\t\t\t\t\t\t\t\t\t\t\t<div class=\"fusion-title-sc-wrapper\" style=\"background-color: rgba(0, 0, 0, 0.4);\">\n\t\t\t\t\t\t\t\t\t\t\t\t\t\t\t<div class=\"fusion-title title fusion-title-7 fusion-sep-none fusion-title-center fusion-title-text fusion-title-size-three\" style=\"--awb-margin-bottom:0px;--awb-font-size:20px;\"><h3 class=\"fusion-title-heading title-heading-center\" style=\"margin:0;font-size:1em;line-height:24px;\">Ich stelle Ihnen einige Nutzpflanzen vor, die ich seit Jahren erfolgreich in meinem Garten kultiviere. Darunter sind einerseits Vertreter aus dem Mittelmeerraum, die eine erstaunliche Frosttoleranz aufweisen, daneben aber auch weitestgehend vergessene einheimische Arten.<\/h3><\/div>\t\t\t\t\t\t\t\t\t\t\t\t\t\t<\/div>\n\t\t\t\t\t\t\t\t\t\t\t\t\t<\/div>\n\t\t\t\t\t\t\t\t\t\t\t\t\t\t\t\t\t\t\t\t\t\t\t\t\t\t\t\t\t\t\t\t\t\t\t\t\t<div class=\"buttons\" >\n\t\t\t\t\t\t\t\t\t\t\t\t\t\t\t\t\t\t\t\t\t\t\t\t\t\t\t\t\t<div class=\"tfs-button-1\"><div class=\"fusion-button-wrapper\"><a class=\"fusion-button button-flat fusion-button-default-size button-default fusion-button-default button-2 fusion-button-default-span fusion-button-default-type\" target=\"_self\" href=\".\/whspec\"><span class=\"fusion-button-text\">Erfahren Sie mehr.<\/span><\/a><\/div><\/div>\n\t\t\t\t\t\t\t\t\t\t\t\t\t\t\t\t\t\t\t\t\t\t\t\t\t\t\t\t\t\t\t\t\t\t\t\t\t\t\t\t\t<\/div>\n\t\t\t\t\t\t\t\t\t\t\t\t\t\t\t\t\t\t\t\t\t\t\t<\/div>\n\t\t\t\t\t\t\t\t\t\t<\/div>\n\t\t\t\t\t\t\t\t\t\t\t\t\t\t\t\t\t\t\t\t\t\t\t\t\t\t\t\t\t\t\t\t\t\t\t\t\t\t\t\t<div class=\"background background-image\" style=\"background-image: url(http:\/\/www.fancyplants.de\/de\/wp-content\/uploads\/2015\/07\/mispel1.jpg);max-width:100%;height:300px;filter: progid:DXImageTransform.Microsoft.AlphaImageLoader(src='http:\/\/www.fancyplants.de\/de\/wp-content\/uploads\/2015\/07\/mispel1.jpg', sizingMethod='scale');\" data-imgwidth=\"368\">\n\t\t\t\t\t\t\t\t\t\t\t\t\t\t\t\t\t\t\t\t\t\t\t\t\t\t\t\t\t\t\t\t\t\t\t\t\t\t\t\t\t\t\t\t\t\t\t\t\t\t\t\t\t\t\t\t\t\t\t\t\t\t\t\t\t\t<\/div>\n\t\t\t\t\t\t\t\t\t<\/li>\n\t\t\t\t\t\t\t\t\t\t\t\t\t\t\t\t\t\t\t\t\t\t\t<\/ul>\n\t\t\t\t\t\t<\/div>\n\t\t\t\t\t<\/div>\n\t\t\t\t\t\t\t\t<div class=\"fusion-clearfix\"><\/div><\/div><\/div><\/div><\/div>","protected":false},"excerpt":{"rendered":"","protected":false},"author":1,"featured_media":0,"parent":0,"menu_order":0,"comment_status":"open","ping_status":"open","template":"","meta":{"footnotes":""},"class_list":["post-29","page","type-page","status-publish","hentry"],"yoast_head":"<!-- This site is optimized with the Yoast SEO plugin v26.9 - https:\/\/yoast.com\/product\/yoast-seo-wordpress\/ -->\n<title>Exotische Nutzpflanzen - Fancy Plants - Deutsch<\/title>\n<meta name=\"description\" content=\"Pflanzen aus exotischen und tropischen Fr\u00fcchten selber zu ziehen ist nicht schwer. Auf den n\u00e4chsten Seiten zeige ich ihnen, wie sie tropische Pflanzen aus exotischen Fr\u00fcchte selber ziehen k\u00f6nnen und exotische Fr\u00fcchte selber ernten k\u00f6nnen. Sie finden neben Angaben zur Anzucht und Erfahrungsberichte auch Informationen zur Haltung und Vermehrung dieser Pflanzen. Manche exotische Nutzpflanzen sind winterhart und k\u00f6nnen in den Garten ausgepflanzt werden.\" \/>\n<meta name=\"robots\" content=\"index, follow, max-snippet:-1, max-image-preview:large, max-video-preview:-1\" \/>\n<link rel=\"canonical\" href=\"http:\/\/www.fancyplants.de\/de\/exotichome\/\" \/>\n<meta property=\"og:locale\" content=\"de_DE\" \/>\n<meta property=\"og:type\" content=\"article\" \/>\n<meta property=\"og:title\" content=\"Exotische Nutzpflanzen - Fancy Plants - Deutsch\" \/>\n<meta property=\"og:description\" content=\"Pflanzen aus exotischen und tropischen Fr\u00fcchten selber zu ziehen ist nicht schwer. Auf den n\u00e4chsten Seiten zeige ich ihnen, wie sie tropische Pflanzen aus exotischen Fr\u00fcchte selber ziehen k\u00f6nnen und exotische Fr\u00fcchte selber ernten k\u00f6nnen. Sie finden neben Angaben zur Anzucht und Erfahrungsberichte auch Informationen zur Haltung und Vermehrung dieser Pflanzen. Manche exotische Nutzpflanzen sind winterhart und k\u00f6nnen in den Garten ausgepflanzt werden.\" \/>\n<meta property=\"og:url\" content=\"http:\/\/www.fancyplants.de\/de\/exotichome\/\" \/>\n<meta property=\"og:site_name\" content=\"Fancy Plants - Deutsch\" \/>\n<meta property=\"article:modified_time\" content=\"2019-10-15T06:51:30+00:00\" \/>\n<meta name=\"twitter:card\" content=\"summary_large_image\" \/>\n<meta name=\"twitter:label1\" content=\"Gesch\u00e4tzte Lesezeit\" \/>\n\t<meta name=\"twitter:data1\" content=\"3\u00a0Minuten\" \/>\n<script type=\"application\/ld+json\" class=\"yoast-schema-graph\">{\"@context\":\"https:\/\/schema.org\",\"@graph\":[{\"@type\":\"WebPage\",\"@id\":\"http:\/\/www.fancyplants.de\/de\/exotichome\/\",\"url\":\"http:\/\/www.fancyplants.de\/de\/exotichome\/\",\"name\":\"Exotische Nutzpflanzen - Fancy Plants - Deutsch\",\"isPartOf\":{\"@id\":\"http:\/\/www.fancyplants.de\/de\/#website\"},\"datePublished\":\"2015-06-15T19:38:07+00:00\",\"dateModified\":\"2019-10-15T06:51:30+00:00\",\"description\":\"Pflanzen aus exotischen und tropischen Fr\u00fcchten selber zu ziehen ist nicht schwer. Auf den n\u00e4chsten Seiten zeige ich ihnen, wie sie tropische Pflanzen aus exotischen Fr\u00fcchte selber ziehen k\u00f6nnen und exotische Fr\u00fcchte selber ernten k\u00f6nnen. Sie finden neben Angaben zur Anzucht und Erfahrungsberichte auch Informationen zur Haltung und Vermehrung dieser Pflanzen. Manche exotische Nutzpflanzen sind winterhart und k\u00f6nnen in den Garten ausgepflanzt werden.\",\"breadcrumb\":{\"@id\":\"http:\/\/www.fancyplants.de\/de\/exotichome\/#breadcrumb\"},\"inLanguage\":\"de\",\"potentialAction\":[{\"@type\":\"ReadAction\",\"target\":[\"http:\/\/www.fancyplants.de\/de\/exotichome\/\"]}]},{\"@type\":\"BreadcrumbList\",\"@id\":\"http:\/\/www.fancyplants.de\/de\/exotichome\/#breadcrumb\",\"itemListElement\":[{\"@type\":\"ListItem\",\"position\":1,\"name\":\"Home\",\"item\":\"http:\/\/www.fancyplants.de\/de\/\"},{\"@type\":\"ListItem\",\"position\":2,\"name\":\"Exotische Nutzpflanzen\"}]},{\"@type\":\"WebSite\",\"@id\":\"http:\/\/www.fancyplants.de\/de\/#website\",\"url\":\"http:\/\/www.fancyplants.de\/de\/\",\"name\":\"Fancy Plants - Deutsch\",\"description\":\"Eine weitere WordPress-Seite\",\"potentialAction\":[{\"@type\":\"SearchAction\",\"target\":{\"@type\":\"EntryPoint\",\"urlTemplate\":\"http:\/\/www.fancyplants.de\/de\/?s={search_term_string}\"},\"query-input\":{\"@type\":\"PropertyValueSpecification\",\"valueRequired\":true,\"valueName\":\"search_term_string\"}}],\"inLanguage\":\"de\"}]}<\/script>\n<!-- \/ Yoast SEO plugin. -->","yoast_head_json":{"title":"Exotische Nutzpflanzen - Fancy Plants - Deutsch","description":"Pflanzen aus exotischen und tropischen Fr\u00fcchten selber zu ziehen ist nicht schwer. Auf den n\u00e4chsten Seiten zeige ich ihnen, wie sie tropische Pflanzen aus exotischen Fr\u00fcchte selber ziehen k\u00f6nnen und exotische Fr\u00fcchte selber ernten k\u00f6nnen. Sie finden neben Angaben zur Anzucht und Erfahrungsberichte auch Informationen zur Haltung und Vermehrung dieser Pflanzen. Manche exotische Nutzpflanzen sind winterhart und k\u00f6nnen in den Garten ausgepflanzt werden.","robots":{"index":"index","follow":"follow","max-snippet":"max-snippet:-1","max-image-preview":"max-image-preview:large","max-video-preview":"max-video-preview:-1"},"canonical":"http:\/\/www.fancyplants.de\/de\/exotichome\/","og_locale":"de_DE","og_type":"article","og_title":"Exotische Nutzpflanzen - Fancy Plants - Deutsch","og_description":"Pflanzen aus exotischen und tropischen Fr\u00fcchten selber zu ziehen ist nicht schwer. Auf den n\u00e4chsten Seiten zeige ich ihnen, wie sie tropische Pflanzen aus exotischen Fr\u00fcchte selber ziehen k\u00f6nnen und exotische Fr\u00fcchte selber ernten k\u00f6nnen. Sie finden neben Angaben zur Anzucht und Erfahrungsberichte auch Informationen zur Haltung und Vermehrung dieser Pflanzen. Manche exotische Nutzpflanzen sind winterhart und k\u00f6nnen in den Garten ausgepflanzt werden.","og_url":"http:\/\/www.fancyplants.de\/de\/exotichome\/","og_site_name":"Fancy Plants - Deutsch","article_modified_time":"2019-10-15T06:51:30+00:00","twitter_card":"summary_large_image","twitter_misc":{"Gesch\u00e4tzte Lesezeit":"3\u00a0Minuten"},"schema":{"@context":"https:\/\/schema.org","@graph":[{"@type":"WebPage","@id":"http:\/\/www.fancyplants.de\/de\/exotichome\/","url":"http:\/\/www.fancyplants.de\/de\/exotichome\/","name":"Exotische Nutzpflanzen - Fancy Plants - Deutsch","isPartOf":{"@id":"http:\/\/www.fancyplants.de\/de\/#website"},"datePublished":"2015-06-15T19:38:07+00:00","dateModified":"2019-10-15T06:51:30+00:00","description":"Pflanzen aus exotischen und tropischen Fr\u00fcchten selber zu ziehen ist nicht schwer. Auf den n\u00e4chsten Seiten zeige ich ihnen, wie sie tropische Pflanzen aus exotischen Fr\u00fcchte selber ziehen k\u00f6nnen und exotische Fr\u00fcchte selber ernten k\u00f6nnen. Sie finden neben Angaben zur Anzucht und Erfahrungsberichte auch Informationen zur Haltung und Vermehrung dieser Pflanzen. Manche exotische Nutzpflanzen sind winterhart und k\u00f6nnen in den Garten ausgepflanzt werden.","breadcrumb":{"@id":"http:\/\/www.fancyplants.de\/de\/exotichome\/#breadcrumb"},"inLanguage":"de","potentialAction":[{"@type":"ReadAction","target":["http:\/\/www.fancyplants.de\/de\/exotichome\/"]}]},{"@type":"BreadcrumbList","@id":"http:\/\/www.fancyplants.de\/de\/exotichome\/#breadcrumb","itemListElement":[{"@type":"ListItem","position":1,"name":"Home","item":"http:\/\/www.fancyplants.de\/de\/"},{"@type":"ListItem","position":2,"name":"Exotische Nutzpflanzen"}]},{"@type":"WebSite","@id":"http:\/\/www.fancyplants.de\/de\/#website","url":"http:\/\/www.fancyplants.de\/de\/","name":"Fancy Plants - Deutsch","description":"Eine weitere WordPress-Seite","potentialAction":[{"@type":"SearchAction","target":{"@type":"EntryPoint","urlTemplate":"http:\/\/www.fancyplants.de\/de\/?s={search_term_string}"},"query-input":{"@type":"PropertyValueSpecification","valueRequired":true,"valueName":"search_term_string"}}],"inLanguage":"de"}]}},"_links":{"self":[{"href":"http:\/\/www.fancyplants.de\/de\/wp-json\/wp\/v2\/pages\/29","targetHints":{"allow":["GET"]}}],"collection":[{"href":"http:\/\/www.fancyplants.de\/de\/wp-json\/wp\/v2\/pages"}],"about":[{"href":"http:\/\/www.fancyplants.de\/de\/wp-json\/wp\/v2\/types\/page"}],"author":[{"embeddable":true,"href":"http:\/\/www.fancyplants.de\/de\/wp-json\/wp\/v2\/users\/1"}],"replies":[{"embeddable":true,"href":"http:\/\/www.fancyplants.de\/de\/wp-json\/wp\/v2\/comments?post=29"}],"version-history":[{"count":1,"href":"http:\/\/www.fancyplants.de\/de\/wp-json\/wp\/v2\/pages\/29\/revisions"}],"predecessor-version":[{"id":3116,"href":"http:\/\/www.fancyplants.de\/de\/wp-json\/wp\/v2\/pages\/29\/revisions\/3116"}],"wp:attachment":[{"href":"http:\/\/www.fancyplants.de\/de\/wp-json\/wp\/v2\/media?parent=29"}],"curies":[{"name":"wp","href":"https:\/\/api.w.org\/{rel}","templated":true}]}}