{"id":24,"date":"2015-06-15T21:35:19","date_gmt":"2015-06-15T19:35:19","guid":{"rendered":"http:\/\/www.fancyplants.de\/de\/?page_id=24"},"modified":"2019-10-15T08:51:30","modified_gmt":"2019-10-15T06:51:30","slug":"window","status":"publish","type":"page","link":"http:\/\/www.fancyplants.de\/de\/carnihome\/culture\/window\/","title":{"rendered":"Auf dem Fensterbrett"},"content":{"rendered":"<div class=\"fusion-fullwidth fullwidth-box fusion-builder-row-1 hundred-percent-fullwidth non-hundred-percent-height-scrolling\" style=\"--awb-border-radius-top-left:0px;--awb-border-radius-top-right:0px;--awb-border-radius-bottom-right:0px;--awb-border-radius-bottom-left:0px;--awb-overflow:visible;--awb-flex-wrap:wrap;\" ><div class=\"fusion-builder-row fusion-row\"><div class=\"fusion-layout-column fusion_builder_column fusion-builder-column-0 fusion_builder_column_1_1 1_1 fusion-one-full fusion-column-first fusion-column-last\" style=\"--awb-bg-size:cover;\"><div class=\"fusion-column-wrapper fusion-flex-column-wrapper-legacy\"><div class=\"fusion-title title fusion-title-1 fusion-title-text fusion-title-size-one\"><h1 class=\"fusion-title-heading title-heading-left\" style=\"margin:0;\">Auf dem Fensterbrett<\/h1><span class=\"awb-title-spacer\"><\/span><div class=\"title-sep-container\"><div class=\"title-sep sep-single sep-solid\" style=\"border-color:#3e3e3e;\"><\/div><\/div><\/div><div class=\"fusion-text fusion-text-1\"><p>Eine Vielzahl von Insektivoren l\u00e4sst sich \u00fcber Jahre hinweg erfolgreich auf dem Fensterbrett halten. Wichtig ist die Artauswahl anhand der unten aufgef\u00fchrten Kriterien. Sofern keines dieser Kriterien gegen die Kultur auf dem Fensterbrett spricht, l\u00e4sst sich die Pflanze ohne viel Aufwand nach einem einfachen Pflegekonzept halten:<\/p>\n<p><b>1. Licht:<\/b> Soviel wie m\u00f6glich, w\u00e4hlen Sie einen hellen Standort aus. Eine Zusatzbeleuchtung im Winter ist n\u00fctzlich, aber nicht zwingend. F\u00fcr ein Nordfenster sind allenfalls unkomplizierte Fettkrautarten geeignet.<\/p>\n<p><b>2. Luftfeuchtigkeit:<\/b> Zweitrangig. Arten mit einer gew\u00fcnschten Luftfeuchtigkeit auf Dauer von &gt;90% sind ohnehin nicht f\u00fcr die Kultur auf dem Fensterbrett geeignet. Hier ist der Einsatz eines Terrariums zwingend. Die unkomplizierteren Arten akzeptieren meist eine Luftfeuchtigkeit &gt; 60%. Kritisch kann wieder der Winter werden, falls durch die Heizung die Luftfeuchtigkeit allzu sehr sinkt. Dann kann es oft schon ausreichen, die Pflanzen in gr\u00f6\u00dfere Untersetzer zu stellen, um lokal die Luftfeuchtigkeit durch Verdunstung zu erh\u00f6hen.<\/p>\n<p><b>3. Bew\u00e4sserung:<\/b>Anstaubew\u00e4sserung mit kalkfreiem Wasser! Die T\u00f6pfe sollten permanent in ein bis zwei Zentimetern Wasser stehen. Als Wasser eignet sich Osmosewasser, destilliertes Wasser, auf dem Lande auch Regenwasser. Mit Leitungswasser bringen Sie mittelfristig aufgrund des Salzgehaltes jede Insektivore um. Einzige Ausnahme sind hier die mexikanischen Fettkrautarten.<\/p>\n<p><b>4. Substrat:<\/b> Unged\u00fcngter Hochmoortorf. Hiermit kommen fast alle Arten klar. Nur wenige Arten brauchen zwingend eine andere Mischung, sind aber ohnehin nicht f\u00fcr eine Kultur auf dem Fensterbrett geeignet. Die Zugabe von etwas Quarzsand (kalkfrei!) ist nicht verkehrt, da dadurch das Substrat etwas lockerer wird, aber nicht obligat. Zum Substrat von mexikanischen Fettkr\u00e4utern kann man etwa 10% Lehm zumischen, f\u00f6rdert allerdings das Wachstum auch nicht \u00fcberm\u00e4\u00dfig.<\/p>\n<p><b>5. D\u00fcngung:<\/b> Obsolet! In Studien l\u00e4sst sich ein positiver Effekt durch eine marginale Blattd\u00fcngung zeigen. Sie brauchen hierf\u00fcr jedoch sehr viel Erfahrung und ein absolutes Fingerspitzengef\u00fchl, da die Pflanzen auf die geringste \u00dcberd\u00fcngung durch ein Absterben reagieren. Zugleich ist der Benefit durch eine marginale D\u00fcngung gering. In der G\u00fcterabw\u00e4gung: Lassen Sie es sein! Ebenso verh\u00e4lt es sich mit einer Zusatzf\u00fctterung mit Insekten. Die Pflanzen sind hierauf nicht angewiesen, da sie sich in ihrem eigenen Topf nicht gegen konkurrierende Pflanzen behaupten m\u00fcssen. In der Wohnung schimmeln nicht verwertete Insekten vor allem im Winter leicht und gef\u00e4hrden damit die Pflanze.<\/p>\n<p><u>Um geeignete Arten auszuw\u00e4hlen, sollte man folgende Kriterien \u00fcberpr\u00fcfen:<\/u><\/p>\n<p><b>1. Temperatur:<\/b> In ihrer Wohnung herrschen etwa 18\u00b0 &#8211; 25\u00b0C, ganzj\u00e4hrig. Nachts etwas weniger als tags\u00fcber. Somit nicht geeignet sind vor allem Arten, die eine deutliche Nacht-Absenkung ben\u00f6tigen, um auf Dauer zu wachsen.<\/p>\n<p><b>Nicht geeignet sind: Heliamphora-Arten (au\u00dfer Hybriden), Hochland-Nepenthes, Darlingtonia<\/b><\/p>\n<p><b>2. Luftfeuchtigkeit:<\/b> Selbst falls Sie t\u00e4glich Ihr Fensterbrett benebeln, werden Sie langfristig nicht die Luftfeuchtigkeit konstant auf Werte &gt; 90% halten k\u00f6nnen. Zudem besteht die Gefahr der Schimmelbildung. Nicht geeignet sind somit Arten aus den Tropen.<\/p>\n<p><b>Nicht geeignet sind: Tiefland-Nepenthes, Genlisea, Queensland-Droseras, epiphytische Utricularien<\/b><\/p>\n<p><b>3. Luftzirkulation:<\/b> Auf ihrem Fensterbrett bleibt die Luft stehen, es findet nicht der Luftaustausch wie im Freien statt. Falls die Sonne scheint, heizt sich ihr Fensterbrett auf, manchmal steigt die Luftfeuchtigkeit, manchmal sinkt diese. Den meisten Arten macht diese mangelnde Luftzirkulation nichts aus, aber es gibt Ausnahmen!<\/p>\n<p><b>Nicht geeignet sind: Byblis, Drosophyllum<\/b><\/p>\n<p><b>4. Sommerruhe:<\/b> Sehr wenige Arten stellen im Fr\u00fchjahr ihr Wachstum ein und sterben oberirdisch ab. Diese Arten stammen aus Regionen, die im Sommer austrocknen. Die Trockenzeit wird mittels Speicherknollen \u00fcberstanden, aus denen die Pflanzen im Herbst bei einsetzendem Regen neu austreiben. Zwischenzeitlich m\u00fcssen die Knollen k\u00fchl und trocken gelagert werden.<\/p>\n<p><b>Nur bedingt geeignet sind: Knollendroseras<\/b><\/p>\n<p><b>5. Winterruhe:<\/b> Prinzipiell k\u00f6nnen alle Arten, die eine Winterruhe einlegen, warm durchkultiviert werden. Langfristig entkr\u00e4ftet das die Pflanze jedoch, sie wird kr\u00e4nklich und bl\u00fchfaul.<\/p>\n<p><b>Nur bedingt geeignet sind: Dionaea, Darlingtonia, Sarracenia, winterharte Droseras, Pinguiculas und Utricularias<\/b><\/p>\n<p><u>Welche Arten sind dann geeignet?<\/u><\/p>\n<p><b>alle Droseras (ausgenommen die oben erw\u00e4hnten Gruppen): also vor allem s\u00fcdafrikanische Arten und Zwergdroseras; alle Pinguiculas (ausgenommen die oben erw\u00e4hnten Gruppen): also vor allem mexikanische Arten, alle Utricularias (ausgenommen die oben erw\u00e4hnten Gruppen): also knappe 200 Arten, Roridula, Nepenthes-Hybriden, Heliamphora-Hybriden<\/b><\/p>\n<\/div><div class=\"fusion-clearfix\"><\/div><\/div><\/div><\/div><\/div>","protected":false},"excerpt":{"rendered":"","protected":false},"author":1,"featured_media":0,"parent":22,"menu_order":0,"comment_status":"open","ping_status":"open","template":"","meta":{"footnotes":""},"class_list":["post-24","page","type-page","status-publish","hentry"],"yoast_head":"<!-- This site is optimized with the Yoast SEO plugin v26.9 - https:\/\/yoast.com\/product\/yoast-seo-wordpress\/ -->\n<title>Auf dem Fensterbrett - Fancy Plants - Deutsch<\/title>\n<meta name=\"description\" content=\"Beschreibung der Kultur von fleischfressenden Pflanzen auf dem Fensterbrett.\" \/>\n<meta name=\"robots\" content=\"index, follow, max-snippet:-1, max-image-preview:large, max-video-preview:-1\" \/>\n<link rel=\"canonical\" href=\"http:\/\/www.fancyplants.de\/de\/carnihome\/culture\/window\/\" \/>\n<meta property=\"og:locale\" content=\"de_DE\" \/>\n<meta property=\"og:type\" content=\"article\" \/>\n<meta property=\"og:title\" content=\"Auf dem Fensterbrett - Fancy Plants - Deutsch\" \/>\n<meta property=\"og:description\" content=\"Beschreibung der Kultur von fleischfressenden Pflanzen auf dem Fensterbrett.\" \/>\n<meta property=\"og:url\" content=\"http:\/\/www.fancyplants.de\/de\/carnihome\/culture\/window\/\" \/>\n<meta property=\"og:site_name\" content=\"Fancy Plants - Deutsch\" \/>\n<meta property=\"article:modified_time\" content=\"2019-10-15T06:51:30+00:00\" \/>\n<meta name=\"twitter:card\" content=\"summary_large_image\" \/>\n<meta name=\"twitter:label1\" content=\"Gesch\u00e4tzte Lesezeit\" \/>\n\t<meta name=\"twitter:data1\" content=\"4\u00a0Minuten\" \/>\n<script type=\"application\/ld+json\" class=\"yoast-schema-graph\">{\"@context\":\"https:\/\/schema.org\",\"@graph\":[{\"@type\":\"WebPage\",\"@id\":\"http:\/\/www.fancyplants.de\/de\/carnihome\/culture\/window\/\",\"url\":\"http:\/\/www.fancyplants.de\/de\/carnihome\/culture\/window\/\",\"name\":\"Auf dem Fensterbrett - Fancy Plants - Deutsch\",\"isPartOf\":{\"@id\":\"http:\/\/www.fancyplants.de\/de\/#website\"},\"datePublished\":\"2015-06-15T19:35:19+00:00\",\"dateModified\":\"2019-10-15T06:51:30+00:00\",\"description\":\"Beschreibung der Kultur von fleischfressenden Pflanzen auf dem Fensterbrett.\",\"breadcrumb\":{\"@id\":\"http:\/\/www.fancyplants.de\/de\/carnihome\/culture\/window\/#breadcrumb\"},\"inLanguage\":\"de\",\"potentialAction\":[{\"@type\":\"ReadAction\",\"target\":[\"http:\/\/www.fancyplants.de\/de\/carnihome\/culture\/window\/\"]}]},{\"@type\":\"BreadcrumbList\",\"@id\":\"http:\/\/www.fancyplants.de\/de\/carnihome\/culture\/window\/#breadcrumb\",\"itemListElement\":[{\"@type\":\"ListItem\",\"position\":1,\"name\":\"Home\",\"item\":\"http:\/\/www.fancyplants.de\/de\/\"},{\"@type\":\"ListItem\",\"position\":2,\"name\":\"Insektivoren\",\"item\":\"http:\/\/www.fancyplants.de\/de\/carnihome\/\"},{\"@type\":\"ListItem\",\"position\":3,\"name\":\"Kulturmethoden\",\"item\":\"http:\/\/www.fancyplants.de\/de\/carnihome\/culture\/\"},{\"@type\":\"ListItem\",\"position\":4,\"name\":\"Auf dem Fensterbrett\"}]},{\"@type\":\"WebSite\",\"@id\":\"http:\/\/www.fancyplants.de\/de\/#website\",\"url\":\"http:\/\/www.fancyplants.de\/de\/\",\"name\":\"Fancy Plants - Deutsch\",\"description\":\"Eine weitere WordPress-Seite\",\"potentialAction\":[{\"@type\":\"SearchAction\",\"target\":{\"@type\":\"EntryPoint\",\"urlTemplate\":\"http:\/\/www.fancyplants.de\/de\/?s={search_term_string}\"},\"query-input\":{\"@type\":\"PropertyValueSpecification\",\"valueRequired\":true,\"valueName\":\"search_term_string\"}}],\"inLanguage\":\"de\"}]}<\/script>\n<!-- \/ Yoast SEO plugin. -->","yoast_head_json":{"title":"Auf dem Fensterbrett - Fancy Plants - Deutsch","description":"Beschreibung der Kultur von fleischfressenden Pflanzen auf dem Fensterbrett.","robots":{"index":"index","follow":"follow","max-snippet":"max-snippet:-1","max-image-preview":"max-image-preview:large","max-video-preview":"max-video-preview:-1"},"canonical":"http:\/\/www.fancyplants.de\/de\/carnihome\/culture\/window\/","og_locale":"de_DE","og_type":"article","og_title":"Auf dem Fensterbrett - Fancy Plants - Deutsch","og_description":"Beschreibung der Kultur von fleischfressenden Pflanzen auf dem Fensterbrett.","og_url":"http:\/\/www.fancyplants.de\/de\/carnihome\/culture\/window\/","og_site_name":"Fancy Plants - Deutsch","article_modified_time":"2019-10-15T06:51:30+00:00","twitter_card":"summary_large_image","twitter_misc":{"Gesch\u00e4tzte Lesezeit":"4\u00a0Minuten"},"schema":{"@context":"https:\/\/schema.org","@graph":[{"@type":"WebPage","@id":"http:\/\/www.fancyplants.de\/de\/carnihome\/culture\/window\/","url":"http:\/\/www.fancyplants.de\/de\/carnihome\/culture\/window\/","name":"Auf dem Fensterbrett - Fancy Plants - Deutsch","isPartOf":{"@id":"http:\/\/www.fancyplants.de\/de\/#website"},"datePublished":"2015-06-15T19:35:19+00:00","dateModified":"2019-10-15T06:51:30+00:00","description":"Beschreibung der Kultur von fleischfressenden Pflanzen auf dem Fensterbrett.","breadcrumb":{"@id":"http:\/\/www.fancyplants.de\/de\/carnihome\/culture\/window\/#breadcrumb"},"inLanguage":"de","potentialAction":[{"@type":"ReadAction","target":["http:\/\/www.fancyplants.de\/de\/carnihome\/culture\/window\/"]}]},{"@type":"BreadcrumbList","@id":"http:\/\/www.fancyplants.de\/de\/carnihome\/culture\/window\/#breadcrumb","itemListElement":[{"@type":"ListItem","position":1,"name":"Home","item":"http:\/\/www.fancyplants.de\/de\/"},{"@type":"ListItem","position":2,"name":"Insektivoren","item":"http:\/\/www.fancyplants.de\/de\/carnihome\/"},{"@type":"ListItem","position":3,"name":"Kulturmethoden","item":"http:\/\/www.fancyplants.de\/de\/carnihome\/culture\/"},{"@type":"ListItem","position":4,"name":"Auf dem Fensterbrett"}]},{"@type":"WebSite","@id":"http:\/\/www.fancyplants.de\/de\/#website","url":"http:\/\/www.fancyplants.de\/de\/","name":"Fancy Plants - Deutsch","description":"Eine weitere WordPress-Seite","potentialAction":[{"@type":"SearchAction","target":{"@type":"EntryPoint","urlTemplate":"http:\/\/www.fancyplants.de\/de\/?s={search_term_string}"},"query-input":{"@type":"PropertyValueSpecification","valueRequired":true,"valueName":"search_term_string"}}],"inLanguage":"de"}]}},"_links":{"self":[{"href":"http:\/\/www.fancyplants.de\/de\/wp-json\/wp\/v2\/pages\/24","targetHints":{"allow":["GET"]}}],"collection":[{"href":"http:\/\/www.fancyplants.de\/de\/wp-json\/wp\/v2\/pages"}],"about":[{"href":"http:\/\/www.fancyplants.de\/de\/wp-json\/wp\/v2\/types\/page"}],"author":[{"embeddable":true,"href":"http:\/\/www.fancyplants.de\/de\/wp-json\/wp\/v2\/users\/1"}],"replies":[{"embeddable":true,"href":"http:\/\/www.fancyplants.de\/de\/wp-json\/wp\/v2\/comments?post=24"}],"version-history":[{"count":2,"href":"http:\/\/www.fancyplants.de\/de\/wp-json\/wp\/v2\/pages\/24\/revisions"}],"predecessor-version":[{"id":3117,"href":"http:\/\/www.fancyplants.de\/de\/wp-json\/wp\/v2\/pages\/24\/revisions\/3117"}],"up":[{"embeddable":true,"href":"http:\/\/www.fancyplants.de\/de\/wp-json\/wp\/v2\/pages\/22"}],"wp:attachment":[{"href":"http:\/\/www.fancyplants.de\/de\/wp-json\/wp\/v2\/media?parent=24"}],"curies":[{"name":"wp","href":"https:\/\/api.w.org\/{rel}","templated":true}]}}